{"id":22916,"date":"2015-11-25T09:55:57","date_gmt":"2015-11-25T08:55:57","guid":{"rendered":"http:\/\/centcols.org\/backup\/?post_type=product&#038;p=22916"},"modified":"2021-07-13T16:58:17","modified_gmt":"2021-07-13T14:58:17","slug":"catalogue-de","status":"publish","type":"product","link":"https:\/\/centcols.org\/backup\/produit\/catalogue-de\/","title":{"rendered":"Catalogue des cols d&#8217;Allemagne"},"content":{"rendered":"<p>Ce catalogue compte pr\u00e8s de 900 cols. C\u2019est gr\u00e2ce au travail d\u2019un groupe franco-allemand que le catalogue des cols d\u2019Allemagne \u00e0 vu le jour. Comme pour son homologue fran\u00e7ais, il a \u00e9t\u00e9 r\u00e9dig\u00e9 en appliquant strictement la <a href=\"https:\/\/centcols.org\/backup\/regle-du-jeu\/\">r\u00e8gle du jeu<\/a> du Club des Cent Cols. Tous les cols ont \u00e9t\u00e9 r\u00e9pertori\u00e9s d\u2019apr\u00e8s les cartes officielles \u00e9dit\u00e9e par les offices r\u00e9gionaux de topographie ainsi sur les cartes Mair (Die General Karte \u2013 Pocket).<\/p>\n<p>Ce catalogue est en t\u00e9l\u00e9chargement gratuit pour les membres du club depuis la <a href=\"\/membres\/outils\/telecat.php\">page de t\u00e9l\u00e9chargement<\/a>.<\/p>\n<h3>Documents annexes au catalogue<\/h3>\n<ul>\n<li><a href=\"\/catalogues\/notice.php?cat=de\" target=\"_blank\" rel=\"noopener noreferrer\">Notice du catalogue des cols d&#8217;Allemagne \/ Handbuch zum Verzeichnis der P\u00e4sse von Deutschland<\/a><\/li>\n<li><a href=\"https:\/\/centcols.org\/backup\/documents\/catalogues\/de\/cat-DE-exemple.xls\" rel=\"noopener\">Extrait du catalogue comme \u00e9chantillon<\/a><\/li>\n<\/ul>\n","protected":false},"excerpt":{"rendered":"<p>Ce catalogue compte pr\u00e8s de 900 cols. C\u2019est gr\u00e2ce au travail d\u2019un groupe franco-allemand que le catalogue des cols d\u2019Allemagne \u00e0 vu le jour. Comme pour son homologue fran\u00e7ais, il a \u00e9t\u00e9 r\u00e9dig\u00e9 en appliquant strictement la r\u00e8gle du jeu du Club des Cent Cols. Tous les cols ont \u00e9t\u00e9 r\u00e9pertori\u00e9s d\u2019apr\u00e8s les cartes officielles [&hellip;]<\/p>\n","protected":false},"featured_media":46176,"comment_status":"closed","ping_status":"closed","template":"","meta":{"_acf_changed":false,"ub_ctt_via":"","_monsterinsights_skip_tracking":false,"_monsterinsights_sitenote_active":false,"_monsterinsights_sitenote_note":"","_monsterinsights_sitenote_category":0},"product_cat":[75,481],"product_tag":[],"acf":[],"featured_image_urls":{"full":["https:\/\/centcols.org\/backup\/wp-content\/uploads\/2015\/11\/Vignette-Allemagne.jpg",600,600,false],"thumbnail":["https:\/\/centcols.org\/backup\/wp-content\/uploads\/2015\/11\/Vignette-Allemagne-300x300.jpg",300,300,true],"medium":["https:\/\/centcols.org\/backup\/wp-content\/uploads\/2015\/11\/Vignette-Allemagne-500x500.jpg",500,500,true],"medium_large":["https:\/\/centcols.org\/backup\/wp-content\/uploads\/2015\/11\/Vignette-Allemagne.jpg",600,600,false],"large":["https:\/\/centcols.org\/backup\/wp-content\/uploads\/2015\/11\/Vignette-Allemagne.jpg",600,600,false],"1536x1536":["https:\/\/centcols.org\/backup\/wp-content\/uploads\/2015\/11\/Vignette-Allemagne.jpg",600,600,false],"2048x2048":["https:\/\/centcols.org\/backup\/wp-content\/uploads\/2015\/11\/Vignette-Allemagne.jpg",600,600,false],"woocommerce_thumbnail":["https:\/\/centcols.org\/backup\/wp-content\/uploads\/2015\/11\/Vignette-Allemagne-300x300.jpg",300,300,true],"woocommerce_single":["https:\/\/centcols.org\/backup\/wp-content\/uploads\/2015\/11\/Vignette-Allemagne.jpg",600,600,false],"woocommerce_gallery_thumbnail":["https:\/\/centcols.org\/backup\/wp-content\/uploads\/2015\/11\/Vignette-Allemagne-100x100.jpg",100,100,true]},"post_excerpt_stackable":"<p>Ce catalogue compte pr\u00e8s de 900 cols. C\u2019est gr\u00e2ce au travail d\u2019un groupe franco-allemand que le catalogue des cols d\u2019Allemagne \u00e0 vu le jour. Comme pour son homologue fran\u00e7ais, il a \u00e9t\u00e9 r\u00e9dig\u00e9 en appliquant strictement la r\u00e8gle du jeu du Club des Cent Cols. Tous les cols ont \u00e9t\u00e9 r\u00e9pertori\u00e9s d\u2019apr\u00e8s les cartes officielles \u00e9dit\u00e9e par les offices r\u00e9gionaux de topographie ainsi sur les cartes Mair (Die General Karte \u2013 Pocket). Ce catalogue est en t\u00e9l\u00e9chargement gratuit pour les membres du club depuis la page de t\u00e9l\u00e9chargement. Documents annexes au catalogue Notice du catalogue des cols d&#8217;Allemagne \/ Handbuch\u2026<\/p>\n","category_list":"","author_info":{"name":"","url":""},"comments_num":"0 commentaire","featured_image_urls_v2":{"full":["https:\/\/centcols.org\/backup\/wp-content\/uploads\/2015\/11\/Vignette-Allemagne.jpg",600,600,false],"thumbnail":["https:\/\/centcols.org\/backup\/wp-content\/uploads\/2015\/11\/Vignette-Allemagne-300x300.jpg",300,300,true],"medium":["https:\/\/centcols.org\/backup\/wp-content\/uploads\/2015\/11\/Vignette-Allemagne-500x500.jpg",500,500,true],"medium_large":["https:\/\/centcols.org\/backup\/wp-content\/uploads\/2015\/11\/Vignette-Allemagne.jpg",600,600,false],"large":["https:\/\/centcols.org\/backup\/wp-content\/uploads\/2015\/11\/Vignette-Allemagne.jpg",600,600,false],"1536x1536":["https:\/\/centcols.org\/backup\/wp-content\/uploads\/2015\/11\/Vignette-Allemagne.jpg",600,600,false],"2048x2048":["https:\/\/centcols.org\/backup\/wp-content\/uploads\/2015\/11\/Vignette-Allemagne.jpg",600,600,false],"woocommerce_thumbnail":["https:\/\/centcols.org\/backup\/wp-content\/uploads\/2015\/11\/Vignette-Allemagne-300x300.jpg",300,300,true],"woocommerce_single":["https:\/\/centcols.org\/backup\/wp-content\/uploads\/2015\/11\/Vignette-Allemagne.jpg",600,600,false],"woocommerce_gallery_thumbnail":["https:\/\/centcols.org\/backup\/wp-content\/uploads\/2015\/11\/Vignette-Allemagne-100x100.jpg",100,100,true]},"post_excerpt_stackable_v2":"<p>Ce catalogue compte pr\u00e8s de 900 cols. C\u2019est gr\u00e2ce au travail d\u2019un groupe franco-allemand que le catalogue des cols d\u2019Allemagne \u00e0 vu le jour. Comme pour son homologue fran\u00e7ais, il a \u00e9t\u00e9 r\u00e9dig\u00e9 en appliquant strictement la r\u00e8gle du jeu du Club des Cent Cols. Tous les cols ont \u00e9t\u00e9 r\u00e9pertori\u00e9s d\u2019apr\u00e8s les cartes officielles \u00e9dit\u00e9e par les offices r\u00e9gionaux de topographie ainsi sur les cartes Mair (Die General Karte \u2013 Pocket). Ce catalogue est en t\u00e9l\u00e9chargement gratuit pour les membres du club depuis la page de t\u00e9l\u00e9chargement. Documents annexes au catalogue Notice du catalogue des cols d&#8217;Allemagne \/ Handbuch\u2026<\/p>\n","category_list_v2":"","author_info_v2":{"name":"","url":""},"comments_num_v2":"0 commentaire","_links":{"self":[{"href":"https:\/\/centcols.org\/backup\/wp-json\/wp\/v2\/product\/22916"}],"collection":[{"href":"https:\/\/centcols.org\/backup\/wp-json\/wp\/v2\/product"}],"about":[{"href":"https:\/\/centcols.org\/backup\/wp-json\/wp\/v2\/types\/product"}],"replies":[{"embeddable":true,"href":"https:\/\/centcols.org\/backup\/wp-json\/wp\/v2\/comments?post=22916"}],"wp:featuredmedia":[{"embeddable":true,"href":"https:\/\/centcols.org\/backup\/wp-json\/wp\/v2\/media\/46176"}],"wp:attachment":[{"href":"https:\/\/centcols.org\/backup\/wp-json\/wp\/v2\/media?parent=22916"}],"wp:term":[{"taxonomy":"product_cat","embeddable":true,"href":"https:\/\/centcols.org\/backup\/wp-json\/wp\/v2\/product_cat?post=22916"},{"taxonomy":"product_tag","embeddable":true,"href":"https:\/\/centcols.org\/backup\/wp-json\/wp\/v2\/product_tag?post=22916"}],"curies":[{"name":"wp","href":"https:\/\/api.w.org\/{rel}","templated":true}]}}