{"id":22955,"date":"2015-11-25T10:25:00","date_gmt":"2015-11-25T09:25:00","guid":{"rendered":"http:\/\/centcols.org\/backup\/?post_type=product&#038;p=22955"},"modified":"2021-07-13T16:58:25","modified_gmt":"2021-07-13T14:58:25","slug":"catalogue-ro","status":"publish","type":"product","link":"https:\/\/centcols.org\/backup\/produit\/catalogue-ro\/","title":{"rendered":"Catalogue des cols de Roumanie"},"content":{"rendered":"<p>Le catalogue des cols de Roumanie est le fruit du travail de Bernard Giraudeau et de Graham Cutting. Publi\u00e9 pour la premi\u00e8re fois en 2006, il comporte des coordonn\u00e9es g\u00e9ographiques pr\u00e9cises depuis sa version de 2019. C\u2019est une liste d&#8217;environ 300 cols qui vous est propos\u00e9e. Tous r\u00e9pondent parfaitement \u00e0 la <a href=\"https:\/\/centcols.org\/backup\/regle-du-jeu\/\">r\u00e8gle du jeu<\/a> du Club des Cent Cols.<\/p>\n<p>Ce catalogue est la r\u00e9f\u00e9rence des cols de Roumanie. Les listes annuelles des cols que vous avez grimp\u00e9s dans ce pays doivent donc se r\u00e9f\u00e9rer \u00e0 ce document.<\/p>\n<p>Ce catalogue est en t\u00e9l\u00e9chargement gratuit pour les membres du club depuis la <a href=\"\/membres\/outils\/telecat.php\">page de t\u00e9l\u00e9chargement<\/a>.<\/p>\n<h3>Documents annexes au catalogue<\/h3>\n<ul>\n<li><a href=\"\/catalogues\/notice.php?cat=ro\" target=\"_blank\" rel=\"noopener noreferrer\">Notice du catalogue des cols de Roumanie<\/a><\/li>\n<li><a href=\"https:\/\/centcols.org\/backup\/cols-non-reconnus\/\" target=\"_blank\" rel=\"noopener noreferrer\">Liste des cols non reconnus<\/a><\/li>\n<\/ul>\n","protected":false},"excerpt":{"rendered":"<p>Le catalogue des cols de Roumanie est le fruit du travail de Bernard Giraudeau et de Graham Cutting. Publi\u00e9 pour la premi\u00e8re fois en 2006, il comporte des coordonn\u00e9es g\u00e9ographiques pr\u00e9cises depuis sa version de 2019. C\u2019est une liste d&#8217;environ 300 cols qui vous est propos\u00e9e. Tous r\u00e9pondent parfaitement \u00e0 la r\u00e8gle du jeu du [&hellip;]<\/p>\n","protected":false},"featured_media":46281,"comment_status":"closed","ping_status":"closed","template":"","meta":{"_acf_changed":false,"ub_ctt_via":"","_monsterinsights_skip_tracking":false,"_monsterinsights_sitenote_active":false,"_monsterinsights_sitenote_note":"","_monsterinsights_sitenote_category":0},"product_cat":[75,481],"product_tag":[],"acf":[],"featured_image_urls":{"full":["https:\/\/centcols.org\/backup\/wp-content\/uploads\/2015\/11\/Vignette-Roumanie.jpg",600,600,false],"thumbnail":["https:\/\/centcols.org\/backup\/wp-content\/uploads\/2015\/11\/Vignette-Roumanie-300x300.jpg",300,300,true],"medium":["https:\/\/centcols.org\/backup\/wp-content\/uploads\/2015\/11\/Vignette-Roumanie-500x500.jpg",500,500,true],"medium_large":["https:\/\/centcols.org\/backup\/wp-content\/uploads\/2015\/11\/Vignette-Roumanie.jpg",600,600,false],"large":["https:\/\/centcols.org\/backup\/wp-content\/uploads\/2015\/11\/Vignette-Roumanie.jpg",600,600,false],"1536x1536":["https:\/\/centcols.org\/backup\/wp-content\/uploads\/2015\/11\/Vignette-Roumanie.jpg",600,600,false],"2048x2048":["https:\/\/centcols.org\/backup\/wp-content\/uploads\/2015\/11\/Vignette-Roumanie.jpg",600,600,false],"woocommerce_thumbnail":["https:\/\/centcols.org\/backup\/wp-content\/uploads\/2015\/11\/Vignette-Roumanie-300x300.jpg",300,300,true],"woocommerce_single":["https:\/\/centcols.org\/backup\/wp-content\/uploads\/2015\/11\/Vignette-Roumanie.jpg",600,600,false],"woocommerce_gallery_thumbnail":["https:\/\/centcols.org\/backup\/wp-content\/uploads\/2015\/11\/Vignette-Roumanie-100x100.jpg",100,100,true]},"post_excerpt_stackable":"<p>Le catalogue des cols de Roumanie est le fruit du travail de Bernard Giraudeau et de Graham Cutting. Publi\u00e9 pour la premi\u00e8re fois en 2006, il comporte des coordonn\u00e9es g\u00e9ographiques pr\u00e9cises depuis sa version de 2019. C\u2019est une liste d&#8217;environ 300 cols qui vous est propos\u00e9e. Tous r\u00e9pondent parfaitement \u00e0 la r\u00e8gle du jeu du Club des Cent Cols. Ce catalogue est la r\u00e9f\u00e9rence des cols de Roumanie. Les listes annuelles des cols que vous avez grimp\u00e9s dans ce pays doivent donc se r\u00e9f\u00e9rer \u00e0 ce document. Ce catalogue est en t\u00e9l\u00e9chargement gratuit pour les membres du club depuis la\u2026<\/p>\n","category_list":"","author_info":{"name":"","url":""},"comments_num":"0 commentaire","featured_image_urls_v2":{"full":["https:\/\/centcols.org\/backup\/wp-content\/uploads\/2015\/11\/Vignette-Roumanie.jpg",600,600,false],"thumbnail":["https:\/\/centcols.org\/backup\/wp-content\/uploads\/2015\/11\/Vignette-Roumanie-300x300.jpg",300,300,true],"medium":["https:\/\/centcols.org\/backup\/wp-content\/uploads\/2015\/11\/Vignette-Roumanie-500x500.jpg",500,500,true],"medium_large":["https:\/\/centcols.org\/backup\/wp-content\/uploads\/2015\/11\/Vignette-Roumanie.jpg",600,600,false],"large":["https:\/\/centcols.org\/backup\/wp-content\/uploads\/2015\/11\/Vignette-Roumanie.jpg",600,600,false],"1536x1536":["https:\/\/centcols.org\/backup\/wp-content\/uploads\/2015\/11\/Vignette-Roumanie.jpg",600,600,false],"2048x2048":["https:\/\/centcols.org\/backup\/wp-content\/uploads\/2015\/11\/Vignette-Roumanie.jpg",600,600,false],"woocommerce_thumbnail":["https:\/\/centcols.org\/backup\/wp-content\/uploads\/2015\/11\/Vignette-Roumanie-300x300.jpg",300,300,true],"woocommerce_single":["https:\/\/centcols.org\/backup\/wp-content\/uploads\/2015\/11\/Vignette-Roumanie.jpg",600,600,false],"woocommerce_gallery_thumbnail":["https:\/\/centcols.org\/backup\/wp-content\/uploads\/2015\/11\/Vignette-Roumanie-100x100.jpg",100,100,true]},"post_excerpt_stackable_v2":"<p>Le catalogue des cols de Roumanie est le fruit du travail de Bernard Giraudeau et de Graham Cutting. Publi\u00e9 pour la premi\u00e8re fois en 2006, il comporte des coordonn\u00e9es g\u00e9ographiques pr\u00e9cises depuis sa version de 2019. C\u2019est une liste d&#8217;environ 300 cols qui vous est propos\u00e9e. Tous r\u00e9pondent parfaitement \u00e0 la r\u00e8gle du jeu du Club des Cent Cols. Ce catalogue est la r\u00e9f\u00e9rence des cols de Roumanie. Les listes annuelles des cols que vous avez grimp\u00e9s dans ce pays doivent donc se r\u00e9f\u00e9rer \u00e0 ce document. Ce catalogue est en t\u00e9l\u00e9chargement gratuit pour les membres du club depuis la\u2026<\/p>\n","category_list_v2":"","author_info_v2":{"name":"","url":""},"comments_num_v2":"0 commentaire","_links":{"self":[{"href":"https:\/\/centcols.org\/backup\/wp-json\/wp\/v2\/product\/22955"}],"collection":[{"href":"https:\/\/centcols.org\/backup\/wp-json\/wp\/v2\/product"}],"about":[{"href":"https:\/\/centcols.org\/backup\/wp-json\/wp\/v2\/types\/product"}],"replies":[{"embeddable":true,"href":"https:\/\/centcols.org\/backup\/wp-json\/wp\/v2\/comments?post=22955"}],"wp:featuredmedia":[{"embeddable":true,"href":"https:\/\/centcols.org\/backup\/wp-json\/wp\/v2\/media\/46281"}],"wp:attachment":[{"href":"https:\/\/centcols.org\/backup\/wp-json\/wp\/v2\/media?parent=22955"}],"wp:term":[{"taxonomy":"product_cat","embeddable":true,"href":"https:\/\/centcols.org\/backup\/wp-json\/wp\/v2\/product_cat?post=22955"},{"taxonomy":"product_tag","embeddable":true,"href":"https:\/\/centcols.org\/backup\/wp-json\/wp\/v2\/product_tag?post=22955"}],"curies":[{"name":"wp","href":"https:\/\/api.w.org\/{rel}","templated":true}]}}