{"id":22960,"date":"2015-11-25T10:27:47","date_gmt":"2015-11-25T09:27:47","guid":{"rendered":"http:\/\/centcols.org\/backup\/?post_type=product&#038;p=22960"},"modified":"2021-11-09T21:13:59","modified_gmt":"2021-11-09T20:13:59","slug":"catalogue-pl","status":"publish","type":"product","link":"https:\/\/centcols.org\/backup\/produit\/catalogue-pl\/","title":{"rendered":"Catalogue des cols de Pologne"},"content":{"rendered":"<p>Le catalogue des cols de Pologne est paru pour la premi\u00e8re fois en 2007, fruit du travail de Michel Raineri. Il a ensuite \u00e9t\u00e9 r\u00e9vis\u00e9 par Ludger Vorberg et Mario Labelle en 2011 et 2014. C\u2019est une liste de plus de 600 cols qui vous est propos\u00e9e. Tous r\u00e9pondent \u00e0 la <a href=\"https:\/\/centcols.org\/backup\/regle-du-jeu\/\">r\u00e8gle du jeu<\/a> du Club des Cent Cols et le \u00ab catalogue des cols de Pologne \u00bb sert de r\u00e9f\u00e9rence pour l\u2019\u00e9tablissement des listes annuelles r\u00e9dig\u00e9es par les membres du Club.<\/p>\n<p>Ce catalogue est en t\u00e9l\u00e9chargement gratuit pour les membres du club depuis la <a href=\"\/membres\/outils\/telecat.php\">page de t\u00e9l\u00e9chargement<\/a>.<\/p>\n<h3>Documents annexes au catalogue<\/h3>\n<ul>\n<li><a href=\"\/catalogues\/notice.php?cat=pl\" target=\"_blank\" rel=\"noopener noreferrer\">Pr\u00e9sentation du catalogue des cols de Pologne<\/a><\/li>\n<li><a href=\"https:\/\/centcols.org\/backup\/documents\/catalogues\/pl\/Exemple-PL.xls\" rel=\"noopener\">Fichier avec exemples<\/a><\/li>\n<\/ul>\n<p>&nbsp;<\/p>\n","protected":false},"excerpt":{"rendered":"<p>Le catalogue des cols de Pologne est paru pour la premi\u00e8re fois en 2007, fruit du travail de Michel Raineri. Il a ensuite \u00e9t\u00e9 r\u00e9vis\u00e9 par Ludger Vorberg et Mario Labelle en 2011 et 2014. C\u2019est une liste de plus de 600 cols qui vous est propos\u00e9e. Tous r\u00e9pondent \u00e0 la r\u00e8gle du jeu du [&hellip;]<\/p>\n","protected":false},"featured_media":46271,"comment_status":"closed","ping_status":"closed","template":"","meta":{"_acf_changed":false,"ub_ctt_via":"","_monsterinsights_skip_tracking":false,"_monsterinsights_sitenote_active":false,"_monsterinsights_sitenote_note":"","_monsterinsights_sitenote_category":0},"product_cat":[75,481],"product_tag":[],"acf":[],"featured_image_urls":{"full":["https:\/\/centcols.org\/backup\/wp-content\/uploads\/2015\/11\/Vignette-Pologne.jpg",600,600,false],"thumbnail":["https:\/\/centcols.org\/backup\/wp-content\/uploads\/2015\/11\/Vignette-Pologne-300x300.jpg",300,300,true],"medium":["https:\/\/centcols.org\/backup\/wp-content\/uploads\/2015\/11\/Vignette-Pologne-500x500.jpg",500,500,true],"medium_large":["https:\/\/centcols.org\/backup\/wp-content\/uploads\/2015\/11\/Vignette-Pologne.jpg",600,600,false],"large":["https:\/\/centcols.org\/backup\/wp-content\/uploads\/2015\/11\/Vignette-Pologne.jpg",600,600,false],"1536x1536":["https:\/\/centcols.org\/backup\/wp-content\/uploads\/2015\/11\/Vignette-Pologne.jpg",600,600,false],"2048x2048":["https:\/\/centcols.org\/backup\/wp-content\/uploads\/2015\/11\/Vignette-Pologne.jpg",600,600,false],"woocommerce_thumbnail":["https:\/\/centcols.org\/backup\/wp-content\/uploads\/2015\/11\/Vignette-Pologne-300x300.jpg",300,300,true],"woocommerce_single":["https:\/\/centcols.org\/backup\/wp-content\/uploads\/2015\/11\/Vignette-Pologne.jpg",600,600,false],"woocommerce_gallery_thumbnail":["https:\/\/centcols.org\/backup\/wp-content\/uploads\/2015\/11\/Vignette-Pologne-100x100.jpg",100,100,true]},"post_excerpt_stackable":"<p>Le catalogue des cols de Pologne est paru pour la premi\u00e8re fois en 2007, fruit du travail de Michel Raineri. Il a ensuite \u00e9t\u00e9 r\u00e9vis\u00e9 par Ludger Vorberg et Mario Labelle en 2011 et 2014. C\u2019est une liste de plus de 600 cols qui vous est propos\u00e9e. Tous r\u00e9pondent \u00e0 la r\u00e8gle du jeu du Club des Cent Cols et le \u00ab catalogue des cols de Pologne \u00bb sert de r\u00e9f\u00e9rence pour l\u2019\u00e9tablissement des listes annuelles r\u00e9dig\u00e9es par les membres du Club. Ce catalogue est en t\u00e9l\u00e9chargement gratuit pour les membres du club depuis la page de t\u00e9l\u00e9chargement. Documents annexes\u2026<\/p>\n","category_list":"","author_info":{"name":"","url":""},"comments_num":"0 commentaire","featured_image_urls_v2":{"full":["https:\/\/centcols.org\/backup\/wp-content\/uploads\/2015\/11\/Vignette-Pologne.jpg",600,600,false],"thumbnail":["https:\/\/centcols.org\/backup\/wp-content\/uploads\/2015\/11\/Vignette-Pologne-300x300.jpg",300,300,true],"medium":["https:\/\/centcols.org\/backup\/wp-content\/uploads\/2015\/11\/Vignette-Pologne-500x500.jpg",500,500,true],"medium_large":["https:\/\/centcols.org\/backup\/wp-content\/uploads\/2015\/11\/Vignette-Pologne.jpg",600,600,false],"large":["https:\/\/centcols.org\/backup\/wp-content\/uploads\/2015\/11\/Vignette-Pologne.jpg",600,600,false],"1536x1536":["https:\/\/centcols.org\/backup\/wp-content\/uploads\/2015\/11\/Vignette-Pologne.jpg",600,600,false],"2048x2048":["https:\/\/centcols.org\/backup\/wp-content\/uploads\/2015\/11\/Vignette-Pologne.jpg",600,600,false],"woocommerce_thumbnail":["https:\/\/centcols.org\/backup\/wp-content\/uploads\/2015\/11\/Vignette-Pologne-300x300.jpg",300,300,true],"woocommerce_single":["https:\/\/centcols.org\/backup\/wp-content\/uploads\/2015\/11\/Vignette-Pologne.jpg",600,600,false],"woocommerce_gallery_thumbnail":["https:\/\/centcols.org\/backup\/wp-content\/uploads\/2015\/11\/Vignette-Pologne-100x100.jpg",100,100,true]},"post_excerpt_stackable_v2":"<p>Le catalogue des cols de Pologne est paru pour la premi\u00e8re fois en 2007, fruit du travail de Michel Raineri. Il a ensuite \u00e9t\u00e9 r\u00e9vis\u00e9 par Ludger Vorberg et Mario Labelle en 2011 et 2014. C\u2019est une liste de plus de 600 cols qui vous est propos\u00e9e. Tous r\u00e9pondent \u00e0 la r\u00e8gle du jeu du Club des Cent Cols et le \u00ab catalogue des cols de Pologne \u00bb sert de r\u00e9f\u00e9rence pour l\u2019\u00e9tablissement des listes annuelles r\u00e9dig\u00e9es par les membres du Club. Ce catalogue est en t\u00e9l\u00e9chargement gratuit pour les membres du club depuis la page de t\u00e9l\u00e9chargement. Documents annexes\u2026<\/p>\n","category_list_v2":"","author_info_v2":{"name":"","url":""},"comments_num_v2":"0 commentaire","_links":{"self":[{"href":"https:\/\/centcols.org\/backup\/wp-json\/wp\/v2\/product\/22960"}],"collection":[{"href":"https:\/\/centcols.org\/backup\/wp-json\/wp\/v2\/product"}],"about":[{"href":"https:\/\/centcols.org\/backup\/wp-json\/wp\/v2\/types\/product"}],"replies":[{"embeddable":true,"href":"https:\/\/centcols.org\/backup\/wp-json\/wp\/v2\/comments?post=22960"}],"wp:featuredmedia":[{"embeddable":true,"href":"https:\/\/centcols.org\/backup\/wp-json\/wp\/v2\/media\/46271"}],"wp:attachment":[{"href":"https:\/\/centcols.org\/backup\/wp-json\/wp\/v2\/media?parent=22960"}],"wp:term":[{"taxonomy":"product_cat","embeddable":true,"href":"https:\/\/centcols.org\/backup\/wp-json\/wp\/v2\/product_cat?post=22960"},{"taxonomy":"product_tag","embeddable":true,"href":"https:\/\/centcols.org\/backup\/wp-json\/wp\/v2\/product_tag?post=22960"}],"curies":[{"name":"wp","href":"https:\/\/api.w.org\/{rel}","templated":true}]}}