{"id":23452,"date":"2016-02-03T23:34:49","date_gmt":"2016-02-03T22:34:49","guid":{"rendered":"http:\/\/centcols.org\/backup\/?post_type=product&#038;p=23452"},"modified":"2021-07-13T16:58:10","modified_gmt":"2021-07-13T14:58:10","slug":"catalogue-it","status":"publish","type":"product","link":"https:\/\/centcols.org\/backup\/produit\/catalogue-it\/","title":{"rendered":"Catalogue des cols d&#8217;Italie"},"content":{"rendered":"<p>Ce catalogue est la r\u00e9f\u00e9rence des cols d\u2019Italie, rempla\u00e7ant les anciens catalogues r\u00e9gionaux. Les listes annuelles des cols que vous avez grimp\u00e9s en Italie doivent se r\u00e9f\u00e9rer aux codes du catalogue national et non plus aux anciens catalogues r\u00e9gionaux.<\/p>\n<p>Ce catalogue est en t\u00e9l\u00e9chargement gratuit pour les membres du club depuis la <a href=\"\/membres\/outils\/telecat.php\">page de t\u00e9l\u00e9chargement<\/a>.<\/p>\n<h3>Documents annexes au catalogue<\/h3>\n<p>Vous pouvez lire la pr\u00e9sentation du catalogue dans l&#8217;une des langues suivantes :<\/p>\n<ul>\n<li><a href=\"\/catalogues\/notice.php?cat=it&amp;lang=fr\" target=\"_blank\" rel=\"noopener noreferrer\">Pr\u00e9sentation du catalogue des cols d&#8217;Italie en fran\u00e7ais<\/a><\/li>\n<li><a href=\"\/catalogues\/notice.php?cat=it&amp;lang=it\" target=\"_blank\" rel=\"noopener noreferrer\">Pr\u00e9sentation du catalogue des cols d&#8217;Italie en italien<\/a><\/li>\n<li><a href=\"\/catalogues\/notice.php?cat=it&amp;lang=en\" target=\"_blank\" rel=\"noopener noreferrer\">Pr\u00e9sentation du catalogue des cols d&#8217;Italie en anglais<\/a><\/li>\n<\/ul>\n","protected":false},"excerpt":{"rendered":"<p>Ce catalogue est la r\u00e9f\u00e9rence des cols d\u2019Italie, rempla\u00e7ant les anciens catalogues r\u00e9gionaux. Les listes annuelles des cols que vous avez grimp\u00e9s en Italie doivent se r\u00e9f\u00e9rer aux codes du catalogue national et non plus aux anciens catalogues r\u00e9gionaux. Ce catalogue est en t\u00e9l\u00e9chargement gratuit pour les membres du club depuis la page de t\u00e9l\u00e9chargement. [&hellip;]<\/p>\n","protected":false},"featured_media":46231,"comment_status":"closed","ping_status":"closed","template":"","meta":{"_acf_changed":false,"ub_ctt_via":"","_monsterinsights_skip_tracking":false,"_monsterinsights_sitenote_active":false,"_monsterinsights_sitenote_note":"","_monsterinsights_sitenote_category":0},"product_cat":[75,481],"product_tag":[],"acf":[],"featured_image_urls":{"full":["https:\/\/centcols.org\/backup\/wp-content\/uploads\/2015\/11\/Vignette-Italie-FR.jpg",600,600,false],"thumbnail":["https:\/\/centcols.org\/backup\/wp-content\/uploads\/2015\/11\/Vignette-Italie-FR-300x300.jpg",300,300,true],"medium":["https:\/\/centcols.org\/backup\/wp-content\/uploads\/2015\/11\/Vignette-Italie-FR-500x500.jpg",500,500,true],"medium_large":["https:\/\/centcols.org\/backup\/wp-content\/uploads\/2015\/11\/Vignette-Italie-FR.jpg",600,600,false],"large":["https:\/\/centcols.org\/backup\/wp-content\/uploads\/2015\/11\/Vignette-Italie-FR.jpg",600,600,false],"1536x1536":["https:\/\/centcols.org\/backup\/wp-content\/uploads\/2015\/11\/Vignette-Italie-FR.jpg",600,600,false],"2048x2048":["https:\/\/centcols.org\/backup\/wp-content\/uploads\/2015\/11\/Vignette-Italie-FR.jpg",600,600,false],"woocommerce_thumbnail":["https:\/\/centcols.org\/backup\/wp-content\/uploads\/2015\/11\/Vignette-Italie-FR-300x300.jpg",300,300,true],"woocommerce_single":["https:\/\/centcols.org\/backup\/wp-content\/uploads\/2015\/11\/Vignette-Italie-FR.jpg",600,600,false],"woocommerce_gallery_thumbnail":["https:\/\/centcols.org\/backup\/wp-content\/uploads\/2015\/11\/Vignette-Italie-FR-100x100.jpg",100,100,true]},"post_excerpt_stackable":"<p>Ce catalogue est la r\u00e9f\u00e9rence des cols d\u2019Italie, rempla\u00e7ant les anciens catalogues r\u00e9gionaux. Les listes annuelles des cols que vous avez grimp\u00e9s en Italie doivent se r\u00e9f\u00e9rer aux codes du catalogue national et non plus aux anciens catalogues r\u00e9gionaux. Ce catalogue est en t\u00e9l\u00e9chargement gratuit pour les membres du club depuis la page de t\u00e9l\u00e9chargement. Documents annexes au catalogue Vous pouvez lire la pr\u00e9sentation du catalogue dans l&#8217;une des langues suivantes : Pr\u00e9sentation du catalogue des cols d&#8217;Italie en fran\u00e7ais Pr\u00e9sentation du catalogue des cols d&#8217;Italie en italien Pr\u00e9sentation du catalogue des cols d&#8217;Italie en anglais<\/p>\n","category_list":"","author_info":{"name":"","url":""},"comments_num":"0 commentaire","featured_image_urls_v2":{"full":["https:\/\/centcols.org\/backup\/wp-content\/uploads\/2015\/11\/Vignette-Italie-FR.jpg",600,600,false],"thumbnail":["https:\/\/centcols.org\/backup\/wp-content\/uploads\/2015\/11\/Vignette-Italie-FR-300x300.jpg",300,300,true],"medium":["https:\/\/centcols.org\/backup\/wp-content\/uploads\/2015\/11\/Vignette-Italie-FR-500x500.jpg",500,500,true],"medium_large":["https:\/\/centcols.org\/backup\/wp-content\/uploads\/2015\/11\/Vignette-Italie-FR.jpg",600,600,false],"large":["https:\/\/centcols.org\/backup\/wp-content\/uploads\/2015\/11\/Vignette-Italie-FR.jpg",600,600,false],"1536x1536":["https:\/\/centcols.org\/backup\/wp-content\/uploads\/2015\/11\/Vignette-Italie-FR.jpg",600,600,false],"2048x2048":["https:\/\/centcols.org\/backup\/wp-content\/uploads\/2015\/11\/Vignette-Italie-FR.jpg",600,600,false],"woocommerce_thumbnail":["https:\/\/centcols.org\/backup\/wp-content\/uploads\/2015\/11\/Vignette-Italie-FR-300x300.jpg",300,300,true],"woocommerce_single":["https:\/\/centcols.org\/backup\/wp-content\/uploads\/2015\/11\/Vignette-Italie-FR.jpg",600,600,false],"woocommerce_gallery_thumbnail":["https:\/\/centcols.org\/backup\/wp-content\/uploads\/2015\/11\/Vignette-Italie-FR-100x100.jpg",100,100,true]},"post_excerpt_stackable_v2":"<p>Ce catalogue est la r\u00e9f\u00e9rence des cols d\u2019Italie, rempla\u00e7ant les anciens catalogues r\u00e9gionaux. Les listes annuelles des cols que vous avez grimp\u00e9s en Italie doivent se r\u00e9f\u00e9rer aux codes du catalogue national et non plus aux anciens catalogues r\u00e9gionaux. Ce catalogue est en t\u00e9l\u00e9chargement gratuit pour les membres du club depuis la page de t\u00e9l\u00e9chargement. Documents annexes au catalogue Vous pouvez lire la pr\u00e9sentation du catalogue dans l&#8217;une des langues suivantes : Pr\u00e9sentation du catalogue des cols d&#8217;Italie en fran\u00e7ais Pr\u00e9sentation du catalogue des cols d&#8217;Italie en italien Pr\u00e9sentation du catalogue des cols d&#8217;Italie en anglais<\/p>\n","category_list_v2":"","author_info_v2":{"name":"","url":""},"comments_num_v2":"0 commentaire","_links":{"self":[{"href":"https:\/\/centcols.org\/backup\/wp-json\/wp\/v2\/product\/23452"}],"collection":[{"href":"https:\/\/centcols.org\/backup\/wp-json\/wp\/v2\/product"}],"about":[{"href":"https:\/\/centcols.org\/backup\/wp-json\/wp\/v2\/types\/product"}],"replies":[{"embeddable":true,"href":"https:\/\/centcols.org\/backup\/wp-json\/wp\/v2\/comments?post=23452"}],"wp:featuredmedia":[{"embeddable":true,"href":"https:\/\/centcols.org\/backup\/wp-json\/wp\/v2\/media\/46231"}],"wp:attachment":[{"href":"https:\/\/centcols.org\/backup\/wp-json\/wp\/v2\/media?parent=23452"}],"wp:term":[{"taxonomy":"product_cat","embeddable":true,"href":"https:\/\/centcols.org\/backup\/wp-json\/wp\/v2\/product_cat?post=23452"},{"taxonomy":"product_tag","embeddable":true,"href":"https:\/\/centcols.org\/backup\/wp-json\/wp\/v2\/product_tag?post=23452"}],"curies":[{"name":"wp","href":"https:\/\/api.w.org\/{rel}","templated":true}]}}