{"id":23601,"date":"2016-02-01T20:27:55","date_gmt":"2016-02-01T19:27:55","guid":{"rendered":"http:\/\/centcols.org\/backup\/produit\/catalogue-nz\/"},"modified":"2021-07-14T09:28:39","modified_gmt":"2021-07-14T07:28:39","slug":"catalogue-nz","status":"publish","type":"product","link":"https:\/\/centcols.org\/backup\/produit\/catalogue-nz\/","title":{"rendered":"Catalogue des cols de Nouvelle-Z\u00e9lande"},"content":{"rendered":"<p>Le catalogue des cols de Nouvelle-Z\u00e9lande a \u00e9t\u00e9 pr\u00e9par\u00e9 par Graham Cutting et Robert de Rudder, ainsi que Hubert Becker pour la notice explicative. Publi\u00e9 pour la premi\u00e8re fois en 2016, il compte pr\u00e8s de 700 cols r\u00e9pondant \u00e0 la <a href=\"https:\/\/centcols.org\/backup\/regle-du-jeu\/\">r\u00e8gle du jeu<\/a> du club.<\/p>\n<p>Ce catalogue est la r\u00e9f\u00e9rence des cols de Nouvelle-Z\u00e9lande. Les listes annuelles des cols que vous avez grimp\u00e9s dans ce pays doivent donc se r\u00e9f\u00e9rer \u00e0 ce document.<\/p>\n<p>Ce catalogue est en t\u00e9l\u00e9chargement gratuit pour les membres du club depuis la <a href=\"\/membres\/outils\/telecat.php\">page de t\u00e9l\u00e9chargement<\/a>.<\/p>\n<h3>Documents annexes au catalogue<\/h3>\n<p>Vous pouvez lire la pr\u00e9sentation du catalogue dans l&#8217;une des langues suivantes :<\/p>\n<ul>\n<li><a href=\"\/catalogues\/notice.php?cat=nz&amp;lang=fr\" target=\"_blank\" rel=\"noopener noreferrer\">Notice du catalogue des cols de Nouvelle-Z\u00e9lande en fran\u00e7ais<\/a><\/li>\n<li><a href=\"\/catalogues\/notice.php?cat=nz&amp;lang=en\" target=\"_blank\" rel=\"noopener noreferrer\">Notice du catalogue des cols de Nouvelle-Z\u00e9lande en anglais<\/a><\/li>\n<\/ul>\n","protected":false},"excerpt":{"rendered":"<p>Le catalogue des cols de Nouvelle-Z\u00e9lande a \u00e9t\u00e9 pr\u00e9par\u00e9 par Graham Cutting et Robert de Rudder, ainsi que Hubert Becker pour la notice explicative. Publi\u00e9 pour la premi\u00e8re fois en 2016, il compte pr\u00e8s de 700 cols r\u00e9pondant \u00e0 la r\u00e8gle du jeu du club. Ce catalogue est la r\u00e9f\u00e9rence des cols de Nouvelle-Z\u00e9lande. Les [&hellip;]<\/p>\n","protected":false},"featured_media":46256,"comment_status":"closed","ping_status":"closed","template":"","meta":{"_acf_changed":false,"ub_ctt_via":"","_monsterinsights_skip_tracking":false,"_monsterinsights_sitenote_active":false,"_monsterinsights_sitenote_note":"","_monsterinsights_sitenote_category":0},"product_cat":[75,482],"product_tag":[],"acf":[],"featured_image_urls":{"full":["https:\/\/centcols.org\/backup\/wp-content\/uploads\/2015\/11\/Vignette-Nouvelle-Zelande.jpg",600,600,false],"thumbnail":["https:\/\/centcols.org\/backup\/wp-content\/uploads\/2015\/11\/Vignette-Nouvelle-Zelande-300x300.jpg",300,300,true],"medium":["https:\/\/centcols.org\/backup\/wp-content\/uploads\/2015\/11\/Vignette-Nouvelle-Zelande-500x500.jpg",500,500,true],"medium_large":["https:\/\/centcols.org\/backup\/wp-content\/uploads\/2015\/11\/Vignette-Nouvelle-Zelande.jpg",600,600,false],"large":["https:\/\/centcols.org\/backup\/wp-content\/uploads\/2015\/11\/Vignette-Nouvelle-Zelande.jpg",600,600,false],"1536x1536":["https:\/\/centcols.org\/backup\/wp-content\/uploads\/2015\/11\/Vignette-Nouvelle-Zelande.jpg",600,600,false],"2048x2048":["https:\/\/centcols.org\/backup\/wp-content\/uploads\/2015\/11\/Vignette-Nouvelle-Zelande.jpg",600,600,false],"woocommerce_thumbnail":["https:\/\/centcols.org\/backup\/wp-content\/uploads\/2015\/11\/Vignette-Nouvelle-Zelande-300x300.jpg",300,300,true],"woocommerce_single":["https:\/\/centcols.org\/backup\/wp-content\/uploads\/2015\/11\/Vignette-Nouvelle-Zelande.jpg",600,600,false],"woocommerce_gallery_thumbnail":["https:\/\/centcols.org\/backup\/wp-content\/uploads\/2015\/11\/Vignette-Nouvelle-Zelande-100x100.jpg",100,100,true]},"post_excerpt_stackable":"<p>Le catalogue des cols de Nouvelle-Z\u00e9lande a \u00e9t\u00e9 pr\u00e9par\u00e9 par Graham Cutting et Robert de Rudder, ainsi que Hubert Becker pour la notice explicative. Publi\u00e9 pour la premi\u00e8re fois en 2016, il compte pr\u00e8s de 700 cols r\u00e9pondant \u00e0 la r\u00e8gle du jeu du club. Ce catalogue est la r\u00e9f\u00e9rence des cols de Nouvelle-Z\u00e9lande. Les listes annuelles des cols que vous avez grimp\u00e9s dans ce pays doivent donc se r\u00e9f\u00e9rer \u00e0 ce document. Ce catalogue est en t\u00e9l\u00e9chargement gratuit pour les membres du club depuis la page de t\u00e9l\u00e9chargement. Documents annexes au catalogue Vous pouvez lire la pr\u00e9sentation du catalogue\u2026<\/p>\n","category_list":"","author_info":{"name":"","url":""},"comments_num":"0 commentaire","featured_image_urls_v2":{"full":["https:\/\/centcols.org\/backup\/wp-content\/uploads\/2015\/11\/Vignette-Nouvelle-Zelande.jpg",600,600,false],"thumbnail":["https:\/\/centcols.org\/backup\/wp-content\/uploads\/2015\/11\/Vignette-Nouvelle-Zelande-300x300.jpg",300,300,true],"medium":["https:\/\/centcols.org\/backup\/wp-content\/uploads\/2015\/11\/Vignette-Nouvelle-Zelande-500x500.jpg",500,500,true],"medium_large":["https:\/\/centcols.org\/backup\/wp-content\/uploads\/2015\/11\/Vignette-Nouvelle-Zelande.jpg",600,600,false],"large":["https:\/\/centcols.org\/backup\/wp-content\/uploads\/2015\/11\/Vignette-Nouvelle-Zelande.jpg",600,600,false],"1536x1536":["https:\/\/centcols.org\/backup\/wp-content\/uploads\/2015\/11\/Vignette-Nouvelle-Zelande.jpg",600,600,false],"2048x2048":["https:\/\/centcols.org\/backup\/wp-content\/uploads\/2015\/11\/Vignette-Nouvelle-Zelande.jpg",600,600,false],"woocommerce_thumbnail":["https:\/\/centcols.org\/backup\/wp-content\/uploads\/2015\/11\/Vignette-Nouvelle-Zelande-300x300.jpg",300,300,true],"woocommerce_single":["https:\/\/centcols.org\/backup\/wp-content\/uploads\/2015\/11\/Vignette-Nouvelle-Zelande.jpg",600,600,false],"woocommerce_gallery_thumbnail":["https:\/\/centcols.org\/backup\/wp-content\/uploads\/2015\/11\/Vignette-Nouvelle-Zelande-100x100.jpg",100,100,true]},"post_excerpt_stackable_v2":"<p>Le catalogue des cols de Nouvelle-Z\u00e9lande a \u00e9t\u00e9 pr\u00e9par\u00e9 par Graham Cutting et Robert de Rudder, ainsi que Hubert Becker pour la notice explicative. Publi\u00e9 pour la premi\u00e8re fois en 2016, il compte pr\u00e8s de 700 cols r\u00e9pondant \u00e0 la r\u00e8gle du jeu du club. Ce catalogue est la r\u00e9f\u00e9rence des cols de Nouvelle-Z\u00e9lande. Les listes annuelles des cols que vous avez grimp\u00e9s dans ce pays doivent donc se r\u00e9f\u00e9rer \u00e0 ce document. Ce catalogue est en t\u00e9l\u00e9chargement gratuit pour les membres du club depuis la page de t\u00e9l\u00e9chargement. Documents annexes au catalogue Vous pouvez lire la pr\u00e9sentation du catalogue\u2026<\/p>\n","category_list_v2":"","author_info_v2":{"name":"","url":""},"comments_num_v2":"0 commentaire","_links":{"self":[{"href":"https:\/\/centcols.org\/backup\/wp-json\/wp\/v2\/product\/23601"}],"collection":[{"href":"https:\/\/centcols.org\/backup\/wp-json\/wp\/v2\/product"}],"about":[{"href":"https:\/\/centcols.org\/backup\/wp-json\/wp\/v2\/types\/product"}],"replies":[{"embeddable":true,"href":"https:\/\/centcols.org\/backup\/wp-json\/wp\/v2\/comments?post=23601"}],"wp:featuredmedia":[{"embeddable":true,"href":"https:\/\/centcols.org\/backup\/wp-json\/wp\/v2\/media\/46256"}],"wp:attachment":[{"href":"https:\/\/centcols.org\/backup\/wp-json\/wp\/v2\/media?parent=23601"}],"wp:term":[{"taxonomy":"product_cat","embeddable":true,"href":"https:\/\/centcols.org\/backup\/wp-json\/wp\/v2\/product_cat?post=23601"},{"taxonomy":"product_tag","embeddable":true,"href":"https:\/\/centcols.org\/backup\/wp-json\/wp\/v2\/product_tag?post=23601"}],"curies":[{"name":"wp","href":"https:\/\/api.w.org\/{rel}","templated":true}]}}