{"id":24738,"date":"2017-01-01T23:09:45","date_gmt":"2017-01-01T22:09:45","guid":{"rendered":"http:\/\/centcols.org\/backup\/produit\/catalogue-at\/"},"modified":"2021-07-13T16:58:19","modified_gmt":"2021-07-13T14:58:19","slug":"catalogue-at","status":"publish","type":"product","link":"https:\/\/centcols.org\/backup\/produit\/catalogue-at\/","title":{"rendered":"Catalogue des cols d&#8217;Autriche"},"content":{"rendered":"<p>Ce catalogue compte plus de 2500 cols, tous conformes \u00e0 la <a href=\"https:\/\/centcols.org\/backup\/regle-du-jeu\/\">r\u00e8gle du jeu<\/a> du Club des Cent Cols. Les cols ont depuis 2013 un code conforme \u00e0 la subdivision administrative du pays. Les anciens codes sont quand m\u00eame encore donn\u00e9s pour faciliter l&#8217;utilisation.<\/p>\n<p>Ce catalogue est en t\u00e9l\u00e9chargement gratuit pour les membres du club depuis la <a href=\"\/membres\/outils\/telecat.php\">page de t\u00e9l\u00e9chargement<\/a>.<\/p>\n<h3>Documents annexes au catalogue<\/h3>\n<ul>\n<li><a href=\"\/catalogues\/notice.php?cat=at&amp;lang=fr\" target=\"_blank\" rel=\"noopener noreferrer\">Notice du catalogue des cols d&#8217;Autriche<\/a><\/li>\n<li><a href=\"\/catalogues\/notice.php?cat=at&amp;lang=de\" target=\"_blank\" rel=\"noopener noreferrer\">Handbuch zum Verzeichnis der P\u00e4sse von \u00d6sterreich<\/a><\/li>\n<li><a href=\"https:\/\/centcols.org\/backup\/documents\/catalogues\/at\/cat-AT-exemple.xls\" rel=\"noopener\">Extrait du catalogue comme \u00e9chantillon<\/a><\/li>\n<\/ul>\n<div id=\"finestramailtomailModalToPopup\" style=\"z-index: 1102;\"><\/div>\n","protected":false},"excerpt":{"rendered":"<p>Ce catalogue compte plus de 2500 cols, tous conformes \u00e0 la r\u00e8gle du jeu du Club des Cent Cols. Les cols ont depuis 2013 un code conforme \u00e0 la subdivision administrative du pays. Les anciens codes sont quand m\u00eame encore donn\u00e9s pour faciliter l&#8217;utilisation. Ce catalogue est en t\u00e9l\u00e9chargement gratuit pour les membres du club [&hellip;]<\/p>\n","protected":false},"featured_media":46191,"comment_status":"closed","ping_status":"closed","template":"","meta":{"_acf_changed":false,"ub_ctt_via":"","_monsterinsights_skip_tracking":false,"_monsterinsights_sitenote_active":false,"_monsterinsights_sitenote_note":"","_monsterinsights_sitenote_category":0},"product_cat":[75,481],"product_tag":[],"acf":[],"featured_image_urls":{"full":["https:\/\/centcols.org\/backup\/wp-content\/uploads\/2015\/11\/Vignette-Autriche.jpg",600,600,false],"thumbnail":["https:\/\/centcols.org\/backup\/wp-content\/uploads\/2015\/11\/Vignette-Autriche-300x300.jpg",300,300,true],"medium":["https:\/\/centcols.org\/backup\/wp-content\/uploads\/2015\/11\/Vignette-Autriche-500x500.jpg",500,500,true],"medium_large":["https:\/\/centcols.org\/backup\/wp-content\/uploads\/2015\/11\/Vignette-Autriche.jpg",600,600,false],"large":["https:\/\/centcols.org\/backup\/wp-content\/uploads\/2015\/11\/Vignette-Autriche.jpg",600,600,false],"1536x1536":["https:\/\/centcols.org\/backup\/wp-content\/uploads\/2015\/11\/Vignette-Autriche.jpg",600,600,false],"2048x2048":["https:\/\/centcols.org\/backup\/wp-content\/uploads\/2015\/11\/Vignette-Autriche.jpg",600,600,false],"woocommerce_thumbnail":["https:\/\/centcols.org\/backup\/wp-content\/uploads\/2015\/11\/Vignette-Autriche-300x300.jpg",300,300,true],"woocommerce_single":["https:\/\/centcols.org\/backup\/wp-content\/uploads\/2015\/11\/Vignette-Autriche.jpg",600,600,false],"woocommerce_gallery_thumbnail":["https:\/\/centcols.org\/backup\/wp-content\/uploads\/2015\/11\/Vignette-Autriche-100x100.jpg",100,100,true]},"post_excerpt_stackable":"<p>Ce catalogue compte plus de 2500 cols, tous conformes \u00e0 la r\u00e8gle du jeu du Club des Cent Cols. Les cols ont depuis 2013 un code conforme \u00e0 la subdivision administrative du pays. Les anciens codes sont quand m\u00eame encore donn\u00e9s pour faciliter l&#8217;utilisation. Ce catalogue est en t\u00e9l\u00e9chargement gratuit pour les membres du club depuis la page de t\u00e9l\u00e9chargement. Documents annexes au catalogue Notice du catalogue des cols d&#8217;Autriche Handbuch zum Verzeichnis der P\u00e4sse von \u00d6sterreich Extrait du catalogue comme \u00e9chantillon<\/p>\n","category_list":"","author_info":{"name":"","url":""},"comments_num":"0 commentaire","featured_image_urls_v2":{"full":["https:\/\/centcols.org\/backup\/wp-content\/uploads\/2015\/11\/Vignette-Autriche.jpg",600,600,false],"thumbnail":["https:\/\/centcols.org\/backup\/wp-content\/uploads\/2015\/11\/Vignette-Autriche-300x300.jpg",300,300,true],"medium":["https:\/\/centcols.org\/backup\/wp-content\/uploads\/2015\/11\/Vignette-Autriche-500x500.jpg",500,500,true],"medium_large":["https:\/\/centcols.org\/backup\/wp-content\/uploads\/2015\/11\/Vignette-Autriche.jpg",600,600,false],"large":["https:\/\/centcols.org\/backup\/wp-content\/uploads\/2015\/11\/Vignette-Autriche.jpg",600,600,false],"1536x1536":["https:\/\/centcols.org\/backup\/wp-content\/uploads\/2015\/11\/Vignette-Autriche.jpg",600,600,false],"2048x2048":["https:\/\/centcols.org\/backup\/wp-content\/uploads\/2015\/11\/Vignette-Autriche.jpg",600,600,false],"woocommerce_thumbnail":["https:\/\/centcols.org\/backup\/wp-content\/uploads\/2015\/11\/Vignette-Autriche-300x300.jpg",300,300,true],"woocommerce_single":["https:\/\/centcols.org\/backup\/wp-content\/uploads\/2015\/11\/Vignette-Autriche.jpg",600,600,false],"woocommerce_gallery_thumbnail":["https:\/\/centcols.org\/backup\/wp-content\/uploads\/2015\/11\/Vignette-Autriche-100x100.jpg",100,100,true]},"post_excerpt_stackable_v2":"<p>Ce catalogue compte plus de 2500 cols, tous conformes \u00e0 la r\u00e8gle du jeu du Club des Cent Cols. Les cols ont depuis 2013 un code conforme \u00e0 la subdivision administrative du pays. Les anciens codes sont quand m\u00eame encore donn\u00e9s pour faciliter l&#8217;utilisation. Ce catalogue est en t\u00e9l\u00e9chargement gratuit pour les membres du club depuis la page de t\u00e9l\u00e9chargement. Documents annexes au catalogue Notice du catalogue des cols d&#8217;Autriche Handbuch zum Verzeichnis der P\u00e4sse von \u00d6sterreich Extrait du catalogue comme \u00e9chantillon<\/p>\n","category_list_v2":"","author_info_v2":{"name":"","url":""},"comments_num_v2":"0 commentaire","_links":{"self":[{"href":"https:\/\/centcols.org\/backup\/wp-json\/wp\/v2\/product\/24738"}],"collection":[{"href":"https:\/\/centcols.org\/backup\/wp-json\/wp\/v2\/product"}],"about":[{"href":"https:\/\/centcols.org\/backup\/wp-json\/wp\/v2\/types\/product"}],"replies":[{"embeddable":true,"href":"https:\/\/centcols.org\/backup\/wp-json\/wp\/v2\/comments?post=24738"}],"wp:featuredmedia":[{"embeddable":true,"href":"https:\/\/centcols.org\/backup\/wp-json\/wp\/v2\/media\/46191"}],"wp:attachment":[{"href":"https:\/\/centcols.org\/backup\/wp-json\/wp\/v2\/media?parent=24738"}],"wp:term":[{"taxonomy":"product_cat","embeddable":true,"href":"https:\/\/centcols.org\/backup\/wp-json\/wp\/v2\/product_cat?post=24738"},{"taxonomy":"product_tag","embeddable":true,"href":"https:\/\/centcols.org\/backup\/wp-json\/wp\/v2\/product_tag?post=24738"}],"curies":[{"name":"wp","href":"https:\/\/api.w.org\/{rel}","templated":true}]}}