{"id":24752,"date":"2017-01-02T19:45:01","date_gmt":"2017-01-02T18:45:01","guid":{"rendered":"http:\/\/centcols.org\/backup\/produit\/catalogue-jm\/"},"modified":"2021-07-14T09:25:07","modified_gmt":"2021-07-14T07:25:07","slug":"catalogue-jm","status":"publish","type":"product","link":"https:\/\/centcols.org\/backup\/produit\/catalogue-jm\/","title":{"rendered":"Catalogue des cols de Jama\u00efque"},"content":{"rendered":"<p>Le catalogue des cols de Jama\u00efque est le fruit du travail de Graham Cutting.<\/p>\n<p>C\u2019est une liste d&#8217;une trentaine de cols qui vous est propos\u00e9e. Tous r\u00e9pondent parfaitement \u00e0 la <a href=\"https:\/\/centcols.org\/backup\/regle-du-jeu\/\">r\u00e8gle du jeu<\/a> du Club des Cent Cols et le \u00ab\u00a0catalogue des cols de Jama\u00eeque \u00bb sert de r\u00e9f\u00e9rence pour l\u2019\u00e9tablissement des listes annuelles r\u00e9dig\u00e9es par les membres du Club.<\/p>\n<p>Ce catalogue est en t\u00e9l\u00e9chargement gratuit pour les membres du club depuis la <a href=\"\/membres\/outils\/telecat.php\">page de t\u00e9l\u00e9chargement<\/a>.<\/p>\n<h3>Documents annexes au catalogue<\/h3>\n<ul>\n<li><a href=\"\/catalogues\/notice.php?cat=jm\" target=\"_blank\" rel=\"noopener noreferrer\">Pr\u00e9sentation du catalogue des cols de Jama\u00eeque<\/a><\/li>\n<\/ul>\n","protected":false},"excerpt":{"rendered":"<p>Le catalogue des cols de Jama\u00efque est le fruit du travail de Graham Cutting. C\u2019est une liste d&#8217;une trentaine de cols qui vous est propos\u00e9e. Tous r\u00e9pondent parfaitement \u00e0 la r\u00e8gle du jeu du Club des Cent Cols et le \u00ab\u00a0catalogue des cols de Jama\u00eeque \u00bb sert de r\u00e9f\u00e9rence pour l\u2019\u00e9tablissement des listes annuelles r\u00e9dig\u00e9es [&hellip;]<\/p>\n","protected":false},"featured_media":46241,"comment_status":"closed","ping_status":"closed","template":"","meta":{"_acf_changed":false,"ub_ctt_via":"","_monsterinsights_skip_tracking":false,"_monsterinsights_sitenote_active":false,"_monsterinsights_sitenote_note":"","_monsterinsights_sitenote_category":0},"product_cat":[75,483],"product_tag":[],"acf":[],"featured_image_urls":{"full":["https:\/\/centcols.org\/backup\/wp-content\/uploads\/2015\/11\/Vignette-Jamaique.jpg",600,600,false],"thumbnail":["https:\/\/centcols.org\/backup\/wp-content\/uploads\/2015\/11\/Vignette-Jamaique-300x300.jpg",300,300,true],"medium":["https:\/\/centcols.org\/backup\/wp-content\/uploads\/2015\/11\/Vignette-Jamaique-500x500.jpg",500,500,true],"medium_large":["https:\/\/centcols.org\/backup\/wp-content\/uploads\/2015\/11\/Vignette-Jamaique.jpg",600,600,false],"large":["https:\/\/centcols.org\/backup\/wp-content\/uploads\/2015\/11\/Vignette-Jamaique.jpg",600,600,false],"1536x1536":["https:\/\/centcols.org\/backup\/wp-content\/uploads\/2015\/11\/Vignette-Jamaique.jpg",600,600,false],"2048x2048":["https:\/\/centcols.org\/backup\/wp-content\/uploads\/2015\/11\/Vignette-Jamaique.jpg",600,600,false],"woocommerce_thumbnail":["https:\/\/centcols.org\/backup\/wp-content\/uploads\/2015\/11\/Vignette-Jamaique-300x300.jpg",300,300,true],"woocommerce_single":["https:\/\/centcols.org\/backup\/wp-content\/uploads\/2015\/11\/Vignette-Jamaique.jpg",600,600,false],"woocommerce_gallery_thumbnail":["https:\/\/centcols.org\/backup\/wp-content\/uploads\/2015\/11\/Vignette-Jamaique-100x100.jpg",100,100,true]},"post_excerpt_stackable":"<p>Le catalogue des cols de Jama\u00efque est le fruit du travail de Graham Cutting. C\u2019est une liste d&#8217;une trentaine de cols qui vous est propos\u00e9e. Tous r\u00e9pondent parfaitement \u00e0 la r\u00e8gle du jeu du Club des Cent Cols et le \u00ab\u00a0catalogue des cols de Jama\u00eeque \u00bb sert de r\u00e9f\u00e9rence pour l\u2019\u00e9tablissement des listes annuelles r\u00e9dig\u00e9es par les membres du Club. Ce catalogue est en t\u00e9l\u00e9chargement gratuit pour les membres du club depuis la page de t\u00e9l\u00e9chargement. Documents annexes au catalogue Pr\u00e9sentation du catalogue des cols de Jama\u00eeque<\/p>\n","category_list":"","author_info":{"name":"","url":""},"comments_num":"0 commentaire","featured_image_urls_v2":{"full":["https:\/\/centcols.org\/backup\/wp-content\/uploads\/2015\/11\/Vignette-Jamaique.jpg",600,600,false],"thumbnail":["https:\/\/centcols.org\/backup\/wp-content\/uploads\/2015\/11\/Vignette-Jamaique-300x300.jpg",300,300,true],"medium":["https:\/\/centcols.org\/backup\/wp-content\/uploads\/2015\/11\/Vignette-Jamaique-500x500.jpg",500,500,true],"medium_large":["https:\/\/centcols.org\/backup\/wp-content\/uploads\/2015\/11\/Vignette-Jamaique.jpg",600,600,false],"large":["https:\/\/centcols.org\/backup\/wp-content\/uploads\/2015\/11\/Vignette-Jamaique.jpg",600,600,false],"1536x1536":["https:\/\/centcols.org\/backup\/wp-content\/uploads\/2015\/11\/Vignette-Jamaique.jpg",600,600,false],"2048x2048":["https:\/\/centcols.org\/backup\/wp-content\/uploads\/2015\/11\/Vignette-Jamaique.jpg",600,600,false],"woocommerce_thumbnail":["https:\/\/centcols.org\/backup\/wp-content\/uploads\/2015\/11\/Vignette-Jamaique-300x300.jpg",300,300,true],"woocommerce_single":["https:\/\/centcols.org\/backup\/wp-content\/uploads\/2015\/11\/Vignette-Jamaique.jpg",600,600,false],"woocommerce_gallery_thumbnail":["https:\/\/centcols.org\/backup\/wp-content\/uploads\/2015\/11\/Vignette-Jamaique-100x100.jpg",100,100,true]},"post_excerpt_stackable_v2":"<p>Le catalogue des cols de Jama\u00efque est le fruit du travail de Graham Cutting. C\u2019est une liste d&#8217;une trentaine de cols qui vous est propos\u00e9e. Tous r\u00e9pondent parfaitement \u00e0 la r\u00e8gle du jeu du Club des Cent Cols et le \u00ab\u00a0catalogue des cols de Jama\u00eeque \u00bb sert de r\u00e9f\u00e9rence pour l\u2019\u00e9tablissement des listes annuelles r\u00e9dig\u00e9es par les membres du Club. Ce catalogue est en t\u00e9l\u00e9chargement gratuit pour les membres du club depuis la page de t\u00e9l\u00e9chargement. Documents annexes au catalogue Pr\u00e9sentation du catalogue des cols de Jama\u00eeque<\/p>\n","category_list_v2":"","author_info_v2":{"name":"","url":""},"comments_num_v2":"0 commentaire","_links":{"self":[{"href":"https:\/\/centcols.org\/backup\/wp-json\/wp\/v2\/product\/24752"}],"collection":[{"href":"https:\/\/centcols.org\/backup\/wp-json\/wp\/v2\/product"}],"about":[{"href":"https:\/\/centcols.org\/backup\/wp-json\/wp\/v2\/types\/product"}],"replies":[{"embeddable":true,"href":"https:\/\/centcols.org\/backup\/wp-json\/wp\/v2\/comments?post=24752"}],"wp:featuredmedia":[{"embeddable":true,"href":"https:\/\/centcols.org\/backup\/wp-json\/wp\/v2\/media\/46241"}],"wp:attachment":[{"href":"https:\/\/centcols.org\/backup\/wp-json\/wp\/v2\/media?parent=24752"}],"wp:term":[{"taxonomy":"product_cat","embeddable":true,"href":"https:\/\/centcols.org\/backup\/wp-json\/wp\/v2\/product_cat?post=24752"},{"taxonomy":"product_tag","embeddable":true,"href":"https:\/\/centcols.org\/backup\/wp-json\/wp\/v2\/product_tag?post=24752"}],"curies":[{"name":"wp","href":"https:\/\/api.w.org\/{rel}","templated":true}]}}