{"id":33482,"date":"2018-05-01T15:51:02","date_gmt":"2018-05-01T13:51:02","guid":{"rendered":"http:\/\/centcols.org\/backup\/?post_type=product&#038;p=33482"},"modified":"2021-07-13T16:58:14","modified_gmt":"2021-07-13T14:58:14","slug":"catalogue-bx","status":"publish","type":"product","link":"https:\/\/centcols.org\/backup\/produit\/catalogue-bx\/","title":{"rendered":"Catalogue des cols du Benelux"},"content":{"rendered":"<p>Trois pays pour un catalogue&#8230; l\u00e9ger.<\/p>\n<p>Ce catalogue est en t\u00e9l\u00e9chargement gratuit pour les membres du club depuis la <a href=\"\/membres\/outils\/telecat.php\">page de t\u00e9l\u00e9chargement<\/a>.<\/p>\n<h3>Documents annexes au catalogue<\/h3>\n<ul>\n<li><a href=\"\/catalogues\/notice.php?cat=bx\" target=\"_blank\" rel=\"noopener noreferrer\">Pr\u00e9sentation du catalogue des cols du Benelux<\/a><\/li>\n<\/ul>\n","protected":false},"excerpt":{"rendered":"<p>Trois pays pour un catalogue&#8230; l\u00e9ger. Ce catalogue est en t\u00e9l\u00e9chargement gratuit pour les membres du club depuis la page de t\u00e9l\u00e9chargement. Documents annexes au catalogue Pr\u00e9sentation du catalogue des cols du Benelux<\/p>\n","protected":false},"featured_media":46575,"comment_status":"closed","ping_status":"closed","template":"","meta":{"_acf_changed":false,"ub_ctt_via":"","_monsterinsights_skip_tracking":false,"_monsterinsights_sitenote_active":false,"_monsterinsights_sitenote_note":"","_monsterinsights_sitenote_category":0},"product_cat":[75,481],"product_tag":[],"acf":[],"featured_image_urls":{"full":["https:\/\/centcols.org\/backup\/wp-content\/uploads\/2018\/05\/Vignette-Benelux.jpg",600,600,false],"thumbnail":["https:\/\/centcols.org\/backup\/wp-content\/uploads\/2018\/05\/Vignette-Benelux-300x300.jpg",300,300,true],"medium":["https:\/\/centcols.org\/backup\/wp-content\/uploads\/2018\/05\/Vignette-Benelux-500x500.jpg",500,500,true],"medium_large":["https:\/\/centcols.org\/backup\/wp-content\/uploads\/2018\/05\/Vignette-Benelux.jpg",600,600,false],"large":["https:\/\/centcols.org\/backup\/wp-content\/uploads\/2018\/05\/Vignette-Benelux.jpg",600,600,false],"1536x1536":["https:\/\/centcols.org\/backup\/wp-content\/uploads\/2018\/05\/Vignette-Benelux.jpg",600,600,false],"2048x2048":["https:\/\/centcols.org\/backup\/wp-content\/uploads\/2018\/05\/Vignette-Benelux.jpg",600,600,false],"woocommerce_thumbnail":["https:\/\/centcols.org\/backup\/wp-content\/uploads\/2018\/05\/Vignette-Benelux-300x300.jpg",300,300,true],"woocommerce_single":["https:\/\/centcols.org\/backup\/wp-content\/uploads\/2018\/05\/Vignette-Benelux.jpg",600,600,false],"woocommerce_gallery_thumbnail":["https:\/\/centcols.org\/backup\/wp-content\/uploads\/2018\/05\/Vignette-Benelux-100x100.jpg",100,100,true]},"post_excerpt_stackable":"<p>Trois pays pour un catalogue&#8230; l\u00e9ger. Ce catalogue est en t\u00e9l\u00e9chargement gratuit pour les membres du club depuis la page de t\u00e9l\u00e9chargement. Documents annexes au catalogue Pr\u00e9sentation du catalogue des cols du Benelux<\/p>\n","category_list":"","author_info":{"name":"","url":""},"comments_num":"0 commentaire","featured_image_urls_v2":{"full":["https:\/\/centcols.org\/backup\/wp-content\/uploads\/2018\/05\/Vignette-Benelux.jpg",600,600,false],"thumbnail":["https:\/\/centcols.org\/backup\/wp-content\/uploads\/2018\/05\/Vignette-Benelux-300x300.jpg",300,300,true],"medium":["https:\/\/centcols.org\/backup\/wp-content\/uploads\/2018\/05\/Vignette-Benelux-500x500.jpg",500,500,true],"medium_large":["https:\/\/centcols.org\/backup\/wp-content\/uploads\/2018\/05\/Vignette-Benelux.jpg",600,600,false],"large":["https:\/\/centcols.org\/backup\/wp-content\/uploads\/2018\/05\/Vignette-Benelux.jpg",600,600,false],"1536x1536":["https:\/\/centcols.org\/backup\/wp-content\/uploads\/2018\/05\/Vignette-Benelux.jpg",600,600,false],"2048x2048":["https:\/\/centcols.org\/backup\/wp-content\/uploads\/2018\/05\/Vignette-Benelux.jpg",600,600,false],"woocommerce_thumbnail":["https:\/\/centcols.org\/backup\/wp-content\/uploads\/2018\/05\/Vignette-Benelux-300x300.jpg",300,300,true],"woocommerce_single":["https:\/\/centcols.org\/backup\/wp-content\/uploads\/2018\/05\/Vignette-Benelux.jpg",600,600,false],"woocommerce_gallery_thumbnail":["https:\/\/centcols.org\/backup\/wp-content\/uploads\/2018\/05\/Vignette-Benelux-100x100.jpg",100,100,true]},"post_excerpt_stackable_v2":"<p>Trois pays pour un catalogue&#8230; l\u00e9ger. Ce catalogue est en t\u00e9l\u00e9chargement gratuit pour les membres du club depuis la page de t\u00e9l\u00e9chargement. Documents annexes au catalogue Pr\u00e9sentation du catalogue des cols du Benelux<\/p>\n","category_list_v2":"","author_info_v2":{"name":"","url":""},"comments_num_v2":"0 commentaire","_links":{"self":[{"href":"https:\/\/centcols.org\/backup\/wp-json\/wp\/v2\/product\/33482"}],"collection":[{"href":"https:\/\/centcols.org\/backup\/wp-json\/wp\/v2\/product"}],"about":[{"href":"https:\/\/centcols.org\/backup\/wp-json\/wp\/v2\/types\/product"}],"replies":[{"embeddable":true,"href":"https:\/\/centcols.org\/backup\/wp-json\/wp\/v2\/comments?post=33482"}],"wp:featuredmedia":[{"embeddable":true,"href":"https:\/\/centcols.org\/backup\/wp-json\/wp\/v2\/media\/46575"}],"wp:attachment":[{"href":"https:\/\/centcols.org\/backup\/wp-json\/wp\/v2\/media?parent=33482"}],"wp:term":[{"taxonomy":"product_cat","embeddable":true,"href":"https:\/\/centcols.org\/backup\/wp-json\/wp\/v2\/product_cat?post=33482"},{"taxonomy":"product_tag","embeddable":true,"href":"https:\/\/centcols.org\/backup\/wp-json\/wp\/v2\/product_tag?post=33482"}],"curies":[{"name":"wp","href":"https:\/\/api.w.org\/{rel}","templated":true}]}}