{"id":34206,"date":"2018-11-16T19:33:04","date_gmt":"2018-11-16T18:33:04","guid":{"rendered":"http:\/\/centcols.org\/backup\/?post_type=product&#038;p=34206"},"modified":"2024-03-14T18:33:00","modified_gmt":"2024-03-14T17:33:00","slug":"maillot-a-manches-longues","status":"publish","type":"product","link":"https:\/\/centcols.org\/backup\/produit\/maillot-a-manches-longues\/","title":{"rendered":"Maillot \u00e0 manches longues"},"content":{"rendered":"<blockquote><p>R\u00e9f\u00e9rez-vous au tableau des tailles ci-dessous (cm).<\/p>\n<table border=\"0\" cellspacing=\"0\">\n<colgroup span=\"8\" width=\"85\"><\/colgroup>\n<tbody>\n<tr style=\"border-color: #cccccc;\">\n<td align=\"right\" height=\"18\"><\/td>\n<td align=\"right\">S<\/td>\n<td align=\"right\">M<\/td>\n<td align=\"right\">L<\/td>\n<td align=\"right\">XL<\/td>\n<td align=\"right\">XXL<\/td>\n<td align=\"right\">3XL<\/td>\n<td align=\"right\">4XL<\/td>\n<\/tr>\n<tr>\n<td align=\"right\" height=\"18\">A &#8211; poitrine<\/td>\n<td align=\"right\">90-93<\/td>\n<td align=\"right\">94-97<\/td>\n<td align=\"right\">98-101<\/td>\n<td align=\"right\">102-105<\/td>\n<td align=\"right\">106-109<\/td>\n<td align=\"right\">110-113<\/td>\n<td align=\"right\">114-117<\/td>\n<\/tr>\n<tr>\n<td align=\"right\" height=\"18\">C &#8211; hanche<\/td>\n<td align=\"right\">93-96<\/td>\n<td align=\"right\">97-100<\/td>\n<td align=\"right\">101-104<\/td>\n<td align=\"right\">105-108<\/td>\n<td align=\"right\">109-112<\/td>\n<td align=\"right\">113-116<\/td>\n<td align=\"right\">117-120<\/td>\n<\/tr>\n<\/tbody>\n<\/table>\n<p><img loading=\"lazy\" decoding=\"async\" class=\"alignnone size-full wp-image-34201\" src=\"https:\/\/centcols.org\/backup\/wp-content\/uploads\/2018\/11\/TaillesM.png\" alt=\"\" width=\"120\" height=\"300\" \/><\/p><\/blockquote>\n","protected":false},"excerpt":{"rendered":"<p>Maillot de m\u00eame \u00e9paisseur que le maillot \u00e0 manches courtes. Pour femme ou homme.<\/p>\n<blockquote><p>Pour les nouveaux membres disposant d&#8217;un bon d&#8217;achat, l&#8217;envoyer au tr\u00e9sorier avec le ch\u00e8que.\u00a0 Pour autres moyens de paiements le saisir dans la zone &#8220;code promo&#8221; .<\/p><\/blockquote>\n","protected":false},"featured_media":34216,"comment_status":"closed","ping_status":"closed","template":"","meta":{"_acf_changed":false,"ub_ctt_via":"","_monsterinsights_skip_tracking":false,"_monsterinsights_sitenote_active":false,"_monsterinsights_sitenote_note":"","_monsterinsights_sitenote_category":0},"product_cat":[77],"product_tag":[],"acf":[],"featured_image_urls":{"full":["https:\/\/centcols.org\/backup\/wp-content\/uploads\/2018\/11\/maillot-long.jpg",536,536,false],"thumbnail":["https:\/\/centcols.org\/backup\/wp-content\/uploads\/2018\/11\/maillot-long-300x300.jpg",300,300,true],"medium":["https:\/\/centcols.org\/backup\/wp-content\/uploads\/2018\/11\/maillot-long-500x500.jpg",500,500,true],"medium_large":["https:\/\/centcols.org\/backup\/wp-content\/uploads\/2018\/11\/maillot-long.jpg",536,536,false],"large":["https:\/\/centcols.org\/backup\/wp-content\/uploads\/2018\/11\/maillot-long.jpg",536,536,false],"1536x1536":["https:\/\/centcols.org\/backup\/wp-content\/uploads\/2018\/11\/maillot-long.jpg",536,536,false],"2048x2048":["https:\/\/centcols.org\/backup\/wp-content\/uploads\/2018\/11\/maillot-long.jpg",536,536,false],"woocommerce_thumbnail":["https:\/\/centcols.org\/backup\/wp-content\/uploads\/2018\/11\/maillot-long-300x300.jpg",300,300,true],"woocommerce_single":["https:\/\/centcols.org\/backup\/wp-content\/uploads\/2018\/11\/maillot-long.jpg",536,536,false],"woocommerce_gallery_thumbnail":["https:\/\/centcols.org\/backup\/wp-content\/uploads\/2018\/11\/maillot-long-100x100.jpg",100,100,true]},"post_excerpt_stackable":"<p>Maillot de m\u00eame \u00e9paisseur que le maillot \u00e0 manches courtes. Pour femme ou homme.<\/p>\n<blockquote><p>Pour les nouveaux membres disposant d&#8217;un bon d&#8217;achat, l&#8217;envoyer au tr\u00e9sorier avec le ch\u00e8que.\u00a0 Pour autres moyens de paiements le saisir dans la zone &#8220;code promo&#8221; .<\/p><\/blockquote>\n","category_list":"","author_info":{"name":"","url":""},"comments_num":"0 commentaire","featured_image_urls_v2":{"full":["https:\/\/centcols.org\/backup\/wp-content\/uploads\/2018\/11\/maillot-long.jpg",536,536,false],"thumbnail":["https:\/\/centcols.org\/backup\/wp-content\/uploads\/2018\/11\/maillot-long-300x300.jpg",300,300,true],"medium":["https:\/\/centcols.org\/backup\/wp-content\/uploads\/2018\/11\/maillot-long-500x500.jpg",500,500,true],"medium_large":["https:\/\/centcols.org\/backup\/wp-content\/uploads\/2018\/11\/maillot-long.jpg",536,536,false],"large":["https:\/\/centcols.org\/backup\/wp-content\/uploads\/2018\/11\/maillot-long.jpg",536,536,false],"1536x1536":["https:\/\/centcols.org\/backup\/wp-content\/uploads\/2018\/11\/maillot-long.jpg",536,536,false],"2048x2048":["https:\/\/centcols.org\/backup\/wp-content\/uploads\/2018\/11\/maillot-long.jpg",536,536,false],"woocommerce_thumbnail":["https:\/\/centcols.org\/backup\/wp-content\/uploads\/2018\/11\/maillot-long-300x300.jpg",300,300,true],"woocommerce_single":["https:\/\/centcols.org\/backup\/wp-content\/uploads\/2018\/11\/maillot-long.jpg",536,536,false],"woocommerce_gallery_thumbnail":["https:\/\/centcols.org\/backup\/wp-content\/uploads\/2018\/11\/maillot-long-100x100.jpg",100,100,true]},"post_excerpt_stackable_v2":"<p>Maillot de m\u00eame \u00e9paisseur que le maillot \u00e0 manches courtes. Pour femme ou homme.<\/p>\n<blockquote><p>Pour les nouveaux membres disposant d&#8217;un bon d&#8217;achat, l&#8217;envoyer au tr\u00e9sorier avec le ch\u00e8que.\u00a0 Pour autres moyens de paiements le saisir dans la zone &#8220;code promo&#8221; .<\/p><\/blockquote>\n","category_list_v2":"","author_info_v2":{"name":"","url":""},"comments_num_v2":"0 commentaire","_links":{"self":[{"href":"https:\/\/centcols.org\/backup\/wp-json\/wp\/v2\/product\/34206"}],"collection":[{"href":"https:\/\/centcols.org\/backup\/wp-json\/wp\/v2\/product"}],"about":[{"href":"https:\/\/centcols.org\/backup\/wp-json\/wp\/v2\/types\/product"}],"replies":[{"embeddable":true,"href":"https:\/\/centcols.org\/backup\/wp-json\/wp\/v2\/comments?post=34206"}],"wp:featuredmedia":[{"embeddable":true,"href":"https:\/\/centcols.org\/backup\/wp-json\/wp\/v2\/media\/34216"}],"wp:attachment":[{"href":"https:\/\/centcols.org\/backup\/wp-json\/wp\/v2\/media?parent=34206"}],"wp:term":[{"taxonomy":"product_cat","embeddable":true,"href":"https:\/\/centcols.org\/backup\/wp-json\/wp\/v2\/product_cat?post=34206"},{"taxonomy":"product_tag","embeddable":true,"href":"https:\/\/centcols.org\/backup\/wp-json\/wp\/v2\/product_tag?post=34206"}],"curies":[{"name":"wp","href":"https:\/\/api.w.org\/{rel}","templated":true}]}}