{"id":35427,"date":"2019-05-04T14:41:41","date_gmt":"2019-05-04T12:41:41","guid":{"rendered":"http:\/\/centcols.org\/backup\/?post_type=product&#038;p=35427"},"modified":"2021-07-13T16:58:13","modified_gmt":"2021-07-13T14:58:13","slug":"catalogue-no","status":"publish","type":"product","link":"https:\/\/centcols.org\/backup\/produit\/catalogue-no\/","title":{"rendered":"Catalogue des cols des Pays Nordiques"},"content":{"rendered":"<p>Le catalogue de cols des pays nordiques a \u00e9t\u00e9 publi\u00e9 en 2019. Il compte plus de 3000 cols r\u00e9pondant \u00e0 la <a href=\"https:\/\/centcols.org\/backup\/regle-du-jeu\/\">r\u00e8gle du jeu<\/a> du club. Ils sont principalement situ\u00e9s en Norv\u00e8ge (y compris Svalbard et Jan Mayen) mais aussi en Islande et sur les \u00celes F\u00e9ro\u00e9, ainsi que quelques uns en Su\u00e8de, en Finlande et au Gr\u0153nland.<\/p>\n<p>Ce catalogue est la r\u00e9f\u00e9rence des cols des pays nordiques. Les listes annuelles des cols que vous avez grimp\u00e9s dans ce pays doivent donc se r\u00e9f\u00e9rer \u00e0 ce document.<\/p>\n<p>Ce catalogue est en t\u00e9l\u00e9chargement gratuit pour les membres du club depuis la <a href=\"\/membres\/outils\/telecat.php\">page de t\u00e9l\u00e9chargement<\/a>.<\/p>\n<h3>Documents annexes au catalogue<\/h3>\n<ul>\n<li><a href=\"\/catalogues\/notice.php?cat=no\" target=\"_blank\" rel=\"noopener noreferrer\">Notice du catalogue des cols des pays nordiques<\/a><\/li>\n<\/ul>\n","protected":false},"excerpt":{"rendered":"<p>Le catalogue de cols des pays nordiques a \u00e9t\u00e9 publi\u00e9 en 2019. Il compte plus de 3000 cols r\u00e9pondant \u00e0 la r\u00e8gle du jeu du club. Ils sont principalement situ\u00e9s en Norv\u00e8ge (y compris Svalbard et Jan Mayen) mais aussi en Islande et sur les \u00celes F\u00e9ro\u00e9, ainsi que quelques uns en Su\u00e8de, en Finlande [&hellip;]<\/p>\n","protected":false},"featured_media":46261,"comment_status":"closed","ping_status":"closed","template":"","meta":{"_acf_changed":false,"ub_ctt_via":"","_monsterinsights_skip_tracking":false,"_monsterinsights_sitenote_active":false,"_monsterinsights_sitenote_note":"","_monsterinsights_sitenote_category":0},"product_cat":[75,481],"product_tag":[],"acf":[],"featured_image_urls":{"full":["https:\/\/centcols.org\/backup\/wp-content\/uploads\/2015\/11\/Vignette-Pays-Nordiques.jpg",600,600,false],"thumbnail":["https:\/\/centcols.org\/backup\/wp-content\/uploads\/2015\/11\/Vignette-Pays-Nordiques-300x300.jpg",300,300,true],"medium":["https:\/\/centcols.org\/backup\/wp-content\/uploads\/2015\/11\/Vignette-Pays-Nordiques-500x500.jpg",500,500,true],"medium_large":["https:\/\/centcols.org\/backup\/wp-content\/uploads\/2015\/11\/Vignette-Pays-Nordiques.jpg",600,600,false],"large":["https:\/\/centcols.org\/backup\/wp-content\/uploads\/2015\/11\/Vignette-Pays-Nordiques.jpg",600,600,false],"1536x1536":["https:\/\/centcols.org\/backup\/wp-content\/uploads\/2015\/11\/Vignette-Pays-Nordiques.jpg",600,600,false],"2048x2048":["https:\/\/centcols.org\/backup\/wp-content\/uploads\/2015\/11\/Vignette-Pays-Nordiques.jpg",600,600,false],"woocommerce_thumbnail":["https:\/\/centcols.org\/backup\/wp-content\/uploads\/2015\/11\/Vignette-Pays-Nordiques-300x300.jpg",300,300,true],"woocommerce_single":["https:\/\/centcols.org\/backup\/wp-content\/uploads\/2015\/11\/Vignette-Pays-Nordiques.jpg",600,600,false],"woocommerce_gallery_thumbnail":["https:\/\/centcols.org\/backup\/wp-content\/uploads\/2015\/11\/Vignette-Pays-Nordiques-100x100.jpg",100,100,true]},"post_excerpt_stackable":"<p>Le catalogue de cols des pays nordiques a \u00e9t\u00e9 publi\u00e9 en 2019. Il compte plus de 3000 cols r\u00e9pondant \u00e0 la r\u00e8gle du jeu du club. Ils sont principalement situ\u00e9s en Norv\u00e8ge (y compris Svalbard et Jan Mayen) mais aussi en Islande et sur les \u00celes F\u00e9ro\u00e9, ainsi que quelques uns en Su\u00e8de, en Finlande et au Gr\u0153nland. Ce catalogue est la r\u00e9f\u00e9rence des cols des pays nordiques. Les listes annuelles des cols que vous avez grimp\u00e9s dans ce pays doivent donc se r\u00e9f\u00e9rer \u00e0 ce document. Ce catalogue est en t\u00e9l\u00e9chargement gratuit pour les membres du club depuis la\u2026<\/p>\n","category_list":"","author_info":{"name":"","url":""},"comments_num":"0 commentaire","featured_image_urls_v2":{"full":["https:\/\/centcols.org\/backup\/wp-content\/uploads\/2015\/11\/Vignette-Pays-Nordiques.jpg",600,600,false],"thumbnail":["https:\/\/centcols.org\/backup\/wp-content\/uploads\/2015\/11\/Vignette-Pays-Nordiques-300x300.jpg",300,300,true],"medium":["https:\/\/centcols.org\/backup\/wp-content\/uploads\/2015\/11\/Vignette-Pays-Nordiques-500x500.jpg",500,500,true],"medium_large":["https:\/\/centcols.org\/backup\/wp-content\/uploads\/2015\/11\/Vignette-Pays-Nordiques.jpg",600,600,false],"large":["https:\/\/centcols.org\/backup\/wp-content\/uploads\/2015\/11\/Vignette-Pays-Nordiques.jpg",600,600,false],"1536x1536":["https:\/\/centcols.org\/backup\/wp-content\/uploads\/2015\/11\/Vignette-Pays-Nordiques.jpg",600,600,false],"2048x2048":["https:\/\/centcols.org\/backup\/wp-content\/uploads\/2015\/11\/Vignette-Pays-Nordiques.jpg",600,600,false],"woocommerce_thumbnail":["https:\/\/centcols.org\/backup\/wp-content\/uploads\/2015\/11\/Vignette-Pays-Nordiques-300x300.jpg",300,300,true],"woocommerce_single":["https:\/\/centcols.org\/backup\/wp-content\/uploads\/2015\/11\/Vignette-Pays-Nordiques.jpg",600,600,false],"woocommerce_gallery_thumbnail":["https:\/\/centcols.org\/backup\/wp-content\/uploads\/2015\/11\/Vignette-Pays-Nordiques-100x100.jpg",100,100,true]},"post_excerpt_stackable_v2":"<p>Le catalogue de cols des pays nordiques a \u00e9t\u00e9 publi\u00e9 en 2019. Il compte plus de 3000 cols r\u00e9pondant \u00e0 la r\u00e8gle du jeu du club. Ils sont principalement situ\u00e9s en Norv\u00e8ge (y compris Svalbard et Jan Mayen) mais aussi en Islande et sur les \u00celes F\u00e9ro\u00e9, ainsi que quelques uns en Su\u00e8de, en Finlande et au Gr\u0153nland. Ce catalogue est la r\u00e9f\u00e9rence des cols des pays nordiques. Les listes annuelles des cols que vous avez grimp\u00e9s dans ce pays doivent donc se r\u00e9f\u00e9rer \u00e0 ce document. Ce catalogue est en t\u00e9l\u00e9chargement gratuit pour les membres du club depuis la\u2026<\/p>\n","category_list_v2":"","author_info_v2":{"name":"","url":""},"comments_num_v2":"0 commentaire","_links":{"self":[{"href":"https:\/\/centcols.org\/backup\/wp-json\/wp\/v2\/product\/35427"}],"collection":[{"href":"https:\/\/centcols.org\/backup\/wp-json\/wp\/v2\/product"}],"about":[{"href":"https:\/\/centcols.org\/backup\/wp-json\/wp\/v2\/types\/product"}],"replies":[{"embeddable":true,"href":"https:\/\/centcols.org\/backup\/wp-json\/wp\/v2\/comments?post=35427"}],"wp:featuredmedia":[{"embeddable":true,"href":"https:\/\/centcols.org\/backup\/wp-json\/wp\/v2\/media\/46261"}],"wp:attachment":[{"href":"https:\/\/centcols.org\/backup\/wp-json\/wp\/v2\/media?parent=35427"}],"wp:term":[{"taxonomy":"product_cat","embeddable":true,"href":"https:\/\/centcols.org\/backup\/wp-json\/wp\/v2\/product_cat?post=35427"},{"taxonomy":"product_tag","embeddable":true,"href":"https:\/\/centcols.org\/backup\/wp-json\/wp\/v2\/product_tag?post=35427"}],"curies":[{"name":"wp","href":"https:\/\/api.w.org\/{rel}","templated":true}]}}