{"id":52980,"date":"2020-11-01T18:55:33","date_gmt":"2020-11-01T17:55:33","guid":{"rendered":"https:\/\/centcols.org\/backup\/?post_type=product&#038;p=52980"},"modified":"2021-07-14T09:26:45","modified_gmt":"2021-07-14T07:26:45","slug":"catalogue-jp","status":"publish","type":"product","link":"https:\/\/centcols.org\/backup\/produit\/catalogue-jp\/","title":{"rendered":"Catalogue des cols du Japon"},"content":{"rendered":"<p>Le catalogue des cols du Japon est le fruit du travail de Graham Cutting avec les conseils de plusieurs membres connaisseurs de ce pays.<br \/>\nC\u2019est une liste de plus de 3000 cols qui vous est propos\u00e9e. Tous r\u00e9pondent parfaitement \u00e0 la <a href=\"https:\/\/centcols.org\/backup\/regle-du-jeu\/\">r\u00e8gle du jeu<\/a> du Club des Cent Cols et le \u00abcatalogue des cols du Japon\u00bb sert de r\u00e9f\u00e9rence pour l\u2019\u00e9tablissement des listes annuelles r\u00e9dig\u00e9es par les membres du Club.<br \/>\nLa notice vous propose une introduction aux syst\u00e8mes d\u2019\u00e9criture que l\u2019on peut rencontrer dans ce pays.<br \/>\nCe catalogue est en t\u00e9l\u00e9chargement gratuit pour les membres du club depuis la <a href=\"\/membres\/outils\/telecat.php\">page de t\u00e9l\u00e9chargement<\/a>.<\/p>\n<h3>Document annexe au catalogue<\/h3>\n<ul>\n<li><a href=\"\/catalogues\/notice.php?cat=jp\" target=\"_blank\" rel=\"noopener noreferrer\">Notice du catalogue des cols du Japon en fran\u00e7ais<\/a><\/li>\n<\/ul>\n","protected":false},"excerpt":{"rendered":"<p>Le catalogue des cols du Japon est le fruit du travail de Graham Cutting avec les conseils de plusieurs membres connaisseurs de ce pays. C\u2019est une liste de plus de 3000 cols qui vous est propos\u00e9e. Tous r\u00e9pondent parfaitement \u00e0 la r\u00e8gle du jeu du Club des Cent Cols et le \u00abcatalogue des cols du [&hellip;]<\/p>\n","protected":false},"featured_media":53003,"comment_status":"closed","ping_status":"closed","template":"","meta":{"_acf_changed":false,"ub_ctt_via":"","_monsterinsights_skip_tracking":false,"_monsterinsights_sitenote_active":false,"_monsterinsights_sitenote_note":"","_monsterinsights_sitenote_category":0},"product_cat":[75,484],"product_tag":[],"acf":[],"featured_image_urls":{"full":["https:\/\/centcols.org\/backup\/wp-content\/uploads\/2020\/11\/vignette-jp.jpg",600,600,false],"thumbnail":["https:\/\/centcols.org\/backup\/wp-content\/uploads\/2020\/11\/vignette-jp-300x300.jpg",300,300,true],"medium":["https:\/\/centcols.org\/backup\/wp-content\/uploads\/2020\/11\/vignette-jp-500x500.jpg",500,500,true],"medium_large":["https:\/\/centcols.org\/backup\/wp-content\/uploads\/2020\/11\/vignette-jp.jpg",600,600,false],"large":["https:\/\/centcols.org\/backup\/wp-content\/uploads\/2020\/11\/vignette-jp.jpg",600,600,false],"1536x1536":["https:\/\/centcols.org\/backup\/wp-content\/uploads\/2020\/11\/vignette-jp.jpg",600,600,false],"2048x2048":["https:\/\/centcols.org\/backup\/wp-content\/uploads\/2020\/11\/vignette-jp.jpg",600,600,false],"woocommerce_thumbnail":["https:\/\/centcols.org\/backup\/wp-content\/uploads\/2020\/11\/vignette-jp-300x300.jpg",300,300,true],"woocommerce_single":["https:\/\/centcols.org\/backup\/wp-content\/uploads\/2020\/11\/vignette-jp.jpg",600,600,false],"woocommerce_gallery_thumbnail":["https:\/\/centcols.org\/backup\/wp-content\/uploads\/2020\/11\/vignette-jp-100x100.jpg",100,100,true]},"post_excerpt_stackable":"<p>Le catalogue des cols du Japon est le fruit du travail de Graham Cutting avec les conseils de plusieurs membres connaisseurs de ce pays. C\u2019est une liste de plus de 3000 cols qui vous est propos\u00e9e. Tous r\u00e9pondent parfaitement \u00e0 la r\u00e8gle du jeu du Club des Cent Cols et le \u00abcatalogue des cols du Japon\u00bb sert de r\u00e9f\u00e9rence pour l\u2019\u00e9tablissement des listes annuelles r\u00e9dig\u00e9es par les membres du Club. La notice vous propose une introduction aux syst\u00e8mes d\u2019\u00e9criture que l\u2019on peut rencontrer dans ce pays. Ce catalogue est en t\u00e9l\u00e9chargement gratuit pour les membres du club depuis la page\u2026<\/p>\n","category_list":"","author_info":{"name":"","url":""},"comments_num":"0 commentaire","featured_image_urls_v2":{"full":["https:\/\/centcols.org\/backup\/wp-content\/uploads\/2020\/11\/vignette-jp.jpg",600,600,false],"thumbnail":["https:\/\/centcols.org\/backup\/wp-content\/uploads\/2020\/11\/vignette-jp-300x300.jpg",300,300,true],"medium":["https:\/\/centcols.org\/backup\/wp-content\/uploads\/2020\/11\/vignette-jp-500x500.jpg",500,500,true],"medium_large":["https:\/\/centcols.org\/backup\/wp-content\/uploads\/2020\/11\/vignette-jp.jpg",600,600,false],"large":["https:\/\/centcols.org\/backup\/wp-content\/uploads\/2020\/11\/vignette-jp.jpg",600,600,false],"1536x1536":["https:\/\/centcols.org\/backup\/wp-content\/uploads\/2020\/11\/vignette-jp.jpg",600,600,false],"2048x2048":["https:\/\/centcols.org\/backup\/wp-content\/uploads\/2020\/11\/vignette-jp.jpg",600,600,false],"woocommerce_thumbnail":["https:\/\/centcols.org\/backup\/wp-content\/uploads\/2020\/11\/vignette-jp-300x300.jpg",300,300,true],"woocommerce_single":["https:\/\/centcols.org\/backup\/wp-content\/uploads\/2020\/11\/vignette-jp.jpg",600,600,false],"woocommerce_gallery_thumbnail":["https:\/\/centcols.org\/backup\/wp-content\/uploads\/2020\/11\/vignette-jp-100x100.jpg",100,100,true]},"post_excerpt_stackable_v2":"<p>Le catalogue des cols du Japon est le fruit du travail de Graham Cutting avec les conseils de plusieurs membres connaisseurs de ce pays. C\u2019est une liste de plus de 3000 cols qui vous est propos\u00e9e. Tous r\u00e9pondent parfaitement \u00e0 la r\u00e8gle du jeu du Club des Cent Cols et le \u00abcatalogue des cols du Japon\u00bb sert de r\u00e9f\u00e9rence pour l\u2019\u00e9tablissement des listes annuelles r\u00e9dig\u00e9es par les membres du Club. La notice vous propose une introduction aux syst\u00e8mes d\u2019\u00e9criture que l\u2019on peut rencontrer dans ce pays. Ce catalogue est en t\u00e9l\u00e9chargement gratuit pour les membres du club depuis la page\u2026<\/p>\n","category_list_v2":"","author_info_v2":{"name":"","url":""},"comments_num_v2":"0 commentaire","_links":{"self":[{"href":"https:\/\/centcols.org\/backup\/wp-json\/wp\/v2\/product\/52980"}],"collection":[{"href":"https:\/\/centcols.org\/backup\/wp-json\/wp\/v2\/product"}],"about":[{"href":"https:\/\/centcols.org\/backup\/wp-json\/wp\/v2\/types\/product"}],"replies":[{"embeddable":true,"href":"https:\/\/centcols.org\/backup\/wp-json\/wp\/v2\/comments?post=52980"}],"wp:featuredmedia":[{"embeddable":true,"href":"https:\/\/centcols.org\/backup\/wp-json\/wp\/v2\/media\/53003"}],"wp:attachment":[{"href":"https:\/\/centcols.org\/backup\/wp-json\/wp\/v2\/media?parent=52980"}],"wp:term":[{"taxonomy":"product_cat","embeddable":true,"href":"https:\/\/centcols.org\/backup\/wp-json\/wp\/v2\/product_cat?post=52980"},{"taxonomy":"product_tag","embeddable":true,"href":"https:\/\/centcols.org\/backup\/wp-json\/wp\/v2\/product_tag?post=52980"}],"curies":[{"name":"wp","href":"https:\/\/api.w.org\/{rel}","templated":true}]}}