{"id":53047,"date":"2020-11-01T19:19:51","date_gmt":"2020-11-01T18:19:51","guid":{"rendered":"https:\/\/centcols.org\/backup\/?post_type=product&#038;p=53047"},"modified":"2021-07-13T16:58:21","modified_gmt":"2021-07-13T14:58:21","slug":"catalogue-yu","status":"publish","type":"product","link":"https:\/\/centcols.org\/backup\/produit\/catalogue-yu\/","title":{"rendered":"Catalogue des cols de l&#8217;ex-Yougoslavie"},"content":{"rendered":"<p>Le catalogue des cols de l\u2019ex-Yougoslavie est maintenant compl\u00e9t\u00e9 pour les pays qui ne disposaient pas de catalogues publi\u00e9s jusqu\u2019ici (la Bosnie, la Croatie, le Kosovo, le Mont\u00e9n\u00e9gro, la Serbie). Ce compl\u00e9ment de catalogue est le fruit du travail de Graham Cutting et Ludger Vorberg.<br \/>\nCes pays s\u2019ajoutent aux catalogues d\u00e9j\u00e0 publi\u00e9s\u00a0: la Mac\u00e9doine du Nord (\u00e9labor\u00e9 par Graham Cutting et Jean-Paul Zuanon) et la Slov\u00e9nie (\u00e9labor\u00e9 par Bernard \u00ab\u00a0Biki\u00a0\u00bb Pommel, Graham Cutting et Ludger Vorberg)<br \/>\nL\u2019ensemble des sept pays est r\u00e9uni dans un seul catalogue et dans une seule notice.<br \/>\nC\u2019est une liste d\u2019environ 700 cols qui vous est propos\u00e9e. Tous r\u00e9pondent parfaitement \u00e0 la <a href=\"https:\/\/centcols.org\/backup\/regle-du-jeu\/\">r\u00e8gle du jeu<\/a> du Club des Cent Cols et le \u00abcatalogue des cols de l\u2019ex-Yougoslavie\u00bb sert de r\u00e9f\u00e9rence pour l\u2019\u00e9tablissement des listes annuelles r\u00e9dig\u00e9es par les membres du Club.<br \/>\nCe catalogue est en t\u00e9l\u00e9chargement gratuit pour les membres du club depuis la <a href=\"\/membres\/outils\/telecat.php\">page de t\u00e9l\u00e9chargement<\/a>.<\/p>\n<h3>Document annexe au catalogue<\/h3>\n<ul>\n<li><a href=\"\/catalogues\/notice.php?cat=yu\" target=\"_blank\" rel=\"noopener noreferrer\">Notice du catalogue des cols de l&#8217;ex-Yougoslavie en fran\u00e7ais<\/a><\/li>\n<\/ul>\n","protected":false},"excerpt":{"rendered":"<p>Le catalogue des cols de l\u2019ex-Yougoslavie est maintenant compl\u00e9t\u00e9 pour les pays qui ne disposaient pas de catalogues publi\u00e9s jusqu\u2019ici (la Bosnie, la Croatie, le Kosovo, le Mont\u00e9n\u00e9gro, la Serbie). Ce compl\u00e9ment de catalogue est le fruit du travail de Graham Cutting et Ludger Vorberg. Ces pays s\u2019ajoutent aux catalogues d\u00e9j\u00e0 publi\u00e9s\u00a0: la Mac\u00e9doine du [&hellip;]<\/p>\n","protected":false},"featured_media":53053,"comment_status":"closed","ping_status":"closed","template":"","meta":{"_acf_changed":false,"ub_ctt_via":"","_monsterinsights_skip_tracking":false,"_monsterinsights_sitenote_active":false,"_monsterinsights_sitenote_note":"","_monsterinsights_sitenote_category":0},"product_cat":[75,481],"product_tag":[],"acf":[],"featured_image_urls":{"full":["https:\/\/centcols.org\/backup\/wp-content\/uploads\/2020\/11\/vignette-yu.jpg",600,600,false],"thumbnail":["https:\/\/centcols.org\/backup\/wp-content\/uploads\/2020\/11\/vignette-yu-300x300.jpg",300,300,true],"medium":["https:\/\/centcols.org\/backup\/wp-content\/uploads\/2020\/11\/vignette-yu-500x500.jpg",500,500,true],"medium_large":["https:\/\/centcols.org\/backup\/wp-content\/uploads\/2020\/11\/vignette-yu.jpg",600,600,false],"large":["https:\/\/centcols.org\/backup\/wp-content\/uploads\/2020\/11\/vignette-yu.jpg",600,600,false],"1536x1536":["https:\/\/centcols.org\/backup\/wp-content\/uploads\/2020\/11\/vignette-yu.jpg",600,600,false],"2048x2048":["https:\/\/centcols.org\/backup\/wp-content\/uploads\/2020\/11\/vignette-yu.jpg",600,600,false],"woocommerce_thumbnail":["https:\/\/centcols.org\/backup\/wp-content\/uploads\/2020\/11\/vignette-yu-300x300.jpg",300,300,true],"woocommerce_single":["https:\/\/centcols.org\/backup\/wp-content\/uploads\/2020\/11\/vignette-yu.jpg",600,600,false],"woocommerce_gallery_thumbnail":["https:\/\/centcols.org\/backup\/wp-content\/uploads\/2020\/11\/vignette-yu-100x100.jpg",100,100,true]},"post_excerpt_stackable":"<p>Le catalogue des cols de l\u2019ex-Yougoslavie est maintenant compl\u00e9t\u00e9 pour les pays qui ne disposaient pas de catalogues publi\u00e9s jusqu\u2019ici (la Bosnie, la Croatie, le Kosovo, le Mont\u00e9n\u00e9gro, la Serbie). Ce compl\u00e9ment de catalogue est le fruit du travail de Graham Cutting et Ludger Vorberg. Ces pays s\u2019ajoutent aux catalogues d\u00e9j\u00e0 publi\u00e9s\u00a0: la Mac\u00e9doine du Nord (\u00e9labor\u00e9 par Graham Cutting et Jean-Paul Zuanon) et la Slov\u00e9nie (\u00e9labor\u00e9 par Bernard \u00ab\u00a0Biki\u00a0\u00bb Pommel, Graham Cutting et Ludger Vorberg) L\u2019ensemble des sept pays est r\u00e9uni dans un seul catalogue et dans une seule notice. C\u2019est une liste d\u2019environ 700 cols qui vous est\u2026<\/p>\n","category_list":"","author_info":{"name":"","url":""},"comments_num":"0 commentaire","featured_image_urls_v2":{"full":["https:\/\/centcols.org\/backup\/wp-content\/uploads\/2020\/11\/vignette-yu.jpg",600,600,false],"thumbnail":["https:\/\/centcols.org\/backup\/wp-content\/uploads\/2020\/11\/vignette-yu-300x300.jpg",300,300,true],"medium":["https:\/\/centcols.org\/backup\/wp-content\/uploads\/2020\/11\/vignette-yu-500x500.jpg",500,500,true],"medium_large":["https:\/\/centcols.org\/backup\/wp-content\/uploads\/2020\/11\/vignette-yu.jpg",600,600,false],"large":["https:\/\/centcols.org\/backup\/wp-content\/uploads\/2020\/11\/vignette-yu.jpg",600,600,false],"1536x1536":["https:\/\/centcols.org\/backup\/wp-content\/uploads\/2020\/11\/vignette-yu.jpg",600,600,false],"2048x2048":["https:\/\/centcols.org\/backup\/wp-content\/uploads\/2020\/11\/vignette-yu.jpg",600,600,false],"woocommerce_thumbnail":["https:\/\/centcols.org\/backup\/wp-content\/uploads\/2020\/11\/vignette-yu-300x300.jpg",300,300,true],"woocommerce_single":["https:\/\/centcols.org\/backup\/wp-content\/uploads\/2020\/11\/vignette-yu.jpg",600,600,false],"woocommerce_gallery_thumbnail":["https:\/\/centcols.org\/backup\/wp-content\/uploads\/2020\/11\/vignette-yu-100x100.jpg",100,100,true]},"post_excerpt_stackable_v2":"<p>Le catalogue des cols de l\u2019ex-Yougoslavie est maintenant compl\u00e9t\u00e9 pour les pays qui ne disposaient pas de catalogues publi\u00e9s jusqu\u2019ici (la Bosnie, la Croatie, le Kosovo, le Mont\u00e9n\u00e9gro, la Serbie). Ce compl\u00e9ment de catalogue est le fruit du travail de Graham Cutting et Ludger Vorberg. Ces pays s\u2019ajoutent aux catalogues d\u00e9j\u00e0 publi\u00e9s\u00a0: la Mac\u00e9doine du Nord (\u00e9labor\u00e9 par Graham Cutting et Jean-Paul Zuanon) et la Slov\u00e9nie (\u00e9labor\u00e9 par Bernard \u00ab\u00a0Biki\u00a0\u00bb Pommel, Graham Cutting et Ludger Vorberg) L\u2019ensemble des sept pays est r\u00e9uni dans un seul catalogue et dans une seule notice. C\u2019est une liste d\u2019environ 700 cols qui vous est\u2026<\/p>\n","category_list_v2":"","author_info_v2":{"name":"","url":""},"comments_num_v2":"0 commentaire","_links":{"self":[{"href":"https:\/\/centcols.org\/backup\/wp-json\/wp\/v2\/product\/53047"}],"collection":[{"href":"https:\/\/centcols.org\/backup\/wp-json\/wp\/v2\/product"}],"about":[{"href":"https:\/\/centcols.org\/backup\/wp-json\/wp\/v2\/types\/product"}],"replies":[{"embeddable":true,"href":"https:\/\/centcols.org\/backup\/wp-json\/wp\/v2\/comments?post=53047"}],"wp:featuredmedia":[{"embeddable":true,"href":"https:\/\/centcols.org\/backup\/wp-json\/wp\/v2\/media\/53053"}],"wp:attachment":[{"href":"https:\/\/centcols.org\/backup\/wp-json\/wp\/v2\/media?parent=53047"}],"wp:term":[{"taxonomy":"product_cat","embeddable":true,"href":"https:\/\/centcols.org\/backup\/wp-json\/wp\/v2\/product_cat?post=53047"},{"taxonomy":"product_tag","embeddable":true,"href":"https:\/\/centcols.org\/backup\/wp-json\/wp\/v2\/product_tag?post=53047"}],"curies":[{"name":"wp","href":"https:\/\/api.w.org\/{rel}","templated":true}]}}