{"id":58317,"date":"2021-07-04T14:13:51","date_gmt":"2021-07-04T12:13:51","guid":{"rendered":"https:\/\/centcols.org\/backup\/?post_type=product&#038;p=58317"},"modified":"2021-07-14T09:25:14","modified_gmt":"2021-07-14T07:25:14","slug":"catalogue-cr","status":"publish","type":"product","link":"https:\/\/centcols.org\/backup\/produit\/catalogue-cr\/","title":{"rendered":"Catalogue des cols du Costa Rica"},"content":{"rendered":"<p>Le catalogue des cols du Costa Rica a \u00e9t\u00e9 pr\u00e9par\u00e9 par notre Groupe de Travail &#8220;Reste-du-Monde&#8221; Graham Cutting et Ludger Vorberg. Publi\u00e9 pour la premi\u00e8re fois en 2021, il compte seulement 2 cols r\u00e9pondant \u00e0 la <a href=\"https:\/\/centcols.org\/backup\/regle-du-jeu\/\">r\u00e8gle du jeu<\/a> du club.<\/p>\n<p>Ce catalogue est la r\u00e9f\u00e9rence des cols du Costa Rica. Les listes annuelles des cols que vous avez grimp\u00e9s dans ce pays doivent donc se r\u00e9f\u00e9rer \u00e0 ce document.<\/p>\n<p>Ce catalogue est en t\u00e9l\u00e9chargement gratuit pour les membres du club depuis la <a href=\"\/membres\/outils\/telecat.php\">page de t\u00e9l\u00e9chargement<\/a>.<\/p>\n<h3>Documents annexes au catalogue<\/h3>\n<ul>\n<li><a href=\"\/catalogues\/notice.php?cat=cr\" target=\"_blank\" rel=\"noopener noreferrer\">Notice du catalogue des cols du Costa Rica<\/a><\/li>\n<\/ul>\n","protected":false},"excerpt":{"rendered":"<p>Le catalogue des cols du Costa Rica a \u00e9t\u00e9 pr\u00e9par\u00e9 par notre Groupe de Travail &#8220;Reste-du-Monde&#8221; Graham Cutting et Ludger Vorberg. Publi\u00e9 pour la premi\u00e8re fois en 2021, il compte seulement 2 cols r\u00e9pondant \u00e0 la r\u00e8gle du jeu du club. Ce catalogue est la r\u00e9f\u00e9rence des cols du Costa Rica. Les listes annuelles des [&hellip;]<\/p>\n","protected":false},"featured_media":58338,"comment_status":"closed","ping_status":"closed","template":"","meta":{"_acf_changed":false,"ub_ctt_via":"","_monsterinsights_skip_tracking":false,"_monsterinsights_sitenote_active":false,"_monsterinsights_sitenote_note":"","_monsterinsights_sitenote_category":0},"product_cat":[75,483],"product_tag":[],"acf":[],"featured_image_urls":{"full":["https:\/\/centcols.org\/backup\/wp-content\/uploads\/2021\/07\/vignette-cr.jpg",600,600,false],"thumbnail":["https:\/\/centcols.org\/backup\/wp-content\/uploads\/2021\/07\/vignette-cr-300x300.jpg",300,300,true],"medium":["https:\/\/centcols.org\/backup\/wp-content\/uploads\/2021\/07\/vignette-cr-500x500.jpg",500,500,true],"medium_large":["https:\/\/centcols.org\/backup\/wp-content\/uploads\/2021\/07\/vignette-cr.jpg",600,600,false],"large":["https:\/\/centcols.org\/backup\/wp-content\/uploads\/2021\/07\/vignette-cr.jpg",600,600,false],"1536x1536":["https:\/\/centcols.org\/backup\/wp-content\/uploads\/2021\/07\/vignette-cr.jpg",600,600,false],"2048x2048":["https:\/\/centcols.org\/backup\/wp-content\/uploads\/2021\/07\/vignette-cr.jpg",600,600,false],"woocommerce_thumbnail":["https:\/\/centcols.org\/backup\/wp-content\/uploads\/2021\/07\/vignette-cr-300x300.jpg",300,300,true],"woocommerce_single":["https:\/\/centcols.org\/backup\/wp-content\/uploads\/2021\/07\/vignette-cr.jpg",600,600,false],"woocommerce_gallery_thumbnail":["https:\/\/centcols.org\/backup\/wp-content\/uploads\/2021\/07\/vignette-cr-100x100.jpg",100,100,true]},"post_excerpt_stackable":"<p>Le catalogue des cols du Costa Rica a \u00e9t\u00e9 pr\u00e9par\u00e9 par notre Groupe de Travail &#8220;Reste-du-Monde&#8221; Graham Cutting et Ludger Vorberg. Publi\u00e9 pour la premi\u00e8re fois en 2021, il compte seulement 2 cols r\u00e9pondant \u00e0 la r\u00e8gle du jeu du club. Ce catalogue est la r\u00e9f\u00e9rence des cols du Costa Rica. Les listes annuelles des cols que vous avez grimp\u00e9s dans ce pays doivent donc se r\u00e9f\u00e9rer \u00e0 ce document. Ce catalogue est en t\u00e9l\u00e9chargement gratuit pour les membres du club depuis la page de t\u00e9l\u00e9chargement. Documents annexes au catalogue Notice du catalogue des cols du Costa Rica<\/p>\n","category_list":"","author_info":{"name":"","url":""},"comments_num":"0 commentaire","featured_image_urls_v2":{"full":["https:\/\/centcols.org\/backup\/wp-content\/uploads\/2021\/07\/vignette-cr.jpg",600,600,false],"thumbnail":["https:\/\/centcols.org\/backup\/wp-content\/uploads\/2021\/07\/vignette-cr-300x300.jpg",300,300,true],"medium":["https:\/\/centcols.org\/backup\/wp-content\/uploads\/2021\/07\/vignette-cr-500x500.jpg",500,500,true],"medium_large":["https:\/\/centcols.org\/backup\/wp-content\/uploads\/2021\/07\/vignette-cr.jpg",600,600,false],"large":["https:\/\/centcols.org\/backup\/wp-content\/uploads\/2021\/07\/vignette-cr.jpg",600,600,false],"1536x1536":["https:\/\/centcols.org\/backup\/wp-content\/uploads\/2021\/07\/vignette-cr.jpg",600,600,false],"2048x2048":["https:\/\/centcols.org\/backup\/wp-content\/uploads\/2021\/07\/vignette-cr.jpg",600,600,false],"woocommerce_thumbnail":["https:\/\/centcols.org\/backup\/wp-content\/uploads\/2021\/07\/vignette-cr-300x300.jpg",300,300,true],"woocommerce_single":["https:\/\/centcols.org\/backup\/wp-content\/uploads\/2021\/07\/vignette-cr.jpg",600,600,false],"woocommerce_gallery_thumbnail":["https:\/\/centcols.org\/backup\/wp-content\/uploads\/2021\/07\/vignette-cr-100x100.jpg",100,100,true]},"post_excerpt_stackable_v2":"<p>Le catalogue des cols du Costa Rica a \u00e9t\u00e9 pr\u00e9par\u00e9 par notre Groupe de Travail &#8220;Reste-du-Monde&#8221; Graham Cutting et Ludger Vorberg. Publi\u00e9 pour la premi\u00e8re fois en 2021, il compte seulement 2 cols r\u00e9pondant \u00e0 la r\u00e8gle du jeu du club. Ce catalogue est la r\u00e9f\u00e9rence des cols du Costa Rica. Les listes annuelles des cols que vous avez grimp\u00e9s dans ce pays doivent donc se r\u00e9f\u00e9rer \u00e0 ce document. Ce catalogue est en t\u00e9l\u00e9chargement gratuit pour les membres du club depuis la page de t\u00e9l\u00e9chargement. Documents annexes au catalogue Notice du catalogue des cols du Costa Rica<\/p>\n","category_list_v2":"","author_info_v2":{"name":"","url":""},"comments_num_v2":"0 commentaire","_links":{"self":[{"href":"https:\/\/centcols.org\/backup\/wp-json\/wp\/v2\/product\/58317"}],"collection":[{"href":"https:\/\/centcols.org\/backup\/wp-json\/wp\/v2\/product"}],"about":[{"href":"https:\/\/centcols.org\/backup\/wp-json\/wp\/v2\/types\/product"}],"replies":[{"embeddable":true,"href":"https:\/\/centcols.org\/backup\/wp-json\/wp\/v2\/comments?post=58317"}],"wp:featuredmedia":[{"embeddable":true,"href":"https:\/\/centcols.org\/backup\/wp-json\/wp\/v2\/media\/58338"}],"wp:attachment":[{"href":"https:\/\/centcols.org\/backup\/wp-json\/wp\/v2\/media?parent=58317"}],"wp:term":[{"taxonomy":"product_cat","embeddable":true,"href":"https:\/\/centcols.org\/backup\/wp-json\/wp\/v2\/product_cat?post=58317"},{"taxonomy":"product_tag","embeddable":true,"href":"https:\/\/centcols.org\/backup\/wp-json\/wp\/v2\/product_tag?post=58317"}],"curies":[{"name":"wp","href":"https:\/\/api.w.org\/{rel}","templated":true}]}}