{"id":63239,"date":"2022-04-11T17:00:23","date_gmt":"2022-04-11T15:00:23","guid":{"rendered":"https:\/\/centcols.org\/backup\/?post_type=product&#038;p=63239"},"modified":"2022-04-11T17:06:38","modified_gmt":"2022-04-11T15:06:38","slug":"catalogue-mm","status":"publish","type":"product","link":"https:\/\/centcols.org\/backup\/produit\/catalogue-mm\/","title":{"rendered":"Catalogue des cols du Myanmar"},"content":{"rendered":"<p>Le catalogue des cols du Myanmar est le fruit du travail de Graham Cutting et Ludger Vorberg.<br \/>\nC\u2019est une liste d\u2019une centaine de cols qui vous est propos\u00e9e. Tous r\u00e9pondent parfaitement \u00e0 la <a href=\"https:\/\/centcols.org\/backup\/regle-du-jeu\/\">r\u00e8gle du jeu<\/a> du Club des Cent Cols et le \u00abcatalogue des cols du Myanmar\u00bb sert de r\u00e9f\u00e9rence pour l\u2019\u00e9tablissement des listes annuelles r\u00e9dig\u00e9es par les membres du Club.<br \/>\nCe catalogue est en t\u00e9l\u00e9chargement gratuit pour les membres du club depuis la <a href=\"\/membres\/outils\/telecat.php\">page de t\u00e9l\u00e9chargement<\/a>.<\/p>\n<h3>Document annexe au catalogue<\/h3>\n<ul>\n<li><a href=\"\/catalogues\/notice.php?cat=mm\" target=\"_blank\" rel=\"noopener noreferrer\">Notice du catalogue des cols du Myanmar en fran\u00e7ais<\/a><\/li>\n<\/ul>\n","protected":false},"excerpt":{"rendered":"<p>Le catalogue des cols du Myanmar est le fruit du travail de Graham Cutting et Ludger Vorberg. C\u2019est une liste d\u2019une centaine de cols qui vous est propos\u00e9e. Tous r\u00e9pondent parfaitement \u00e0 la r\u00e8gle du jeu du Club des Cent Cols et le \u00abcatalogue des cols du Myanmar\u00bb sert de r\u00e9f\u00e9rence pour l\u2019\u00e9tablissement des listes [&hellip;]<\/p>\n","protected":false},"featured_media":62897,"comment_status":"closed","ping_status":"closed","template":"","meta":{"_acf_changed":false,"ub_ctt_via":"","_monsterinsights_skip_tracking":false,"_monsterinsights_sitenote_active":false,"_monsterinsights_sitenote_note":"","_monsterinsights_sitenote_category":0},"product_cat":[75,484],"product_tag":[],"acf":[],"featured_image_urls":{"full":["https:\/\/centcols.org\/backup\/wp-content\/uploads\/2022\/04\/vignette-MM.jpg",600,600,false],"thumbnail":["https:\/\/centcols.org\/backup\/wp-content\/uploads\/2022\/04\/vignette-MM-300x300.jpg",300,300,true],"medium":["https:\/\/centcols.org\/backup\/wp-content\/uploads\/2022\/04\/vignette-MM-500x500.jpg",500,500,true],"medium_large":["https:\/\/centcols.org\/backup\/wp-content\/uploads\/2022\/04\/vignette-MM.jpg",600,600,false],"large":["https:\/\/centcols.org\/backup\/wp-content\/uploads\/2022\/04\/vignette-MM.jpg",600,600,false],"1536x1536":["https:\/\/centcols.org\/backup\/wp-content\/uploads\/2022\/04\/vignette-MM.jpg",600,600,false],"2048x2048":["https:\/\/centcols.org\/backup\/wp-content\/uploads\/2022\/04\/vignette-MM.jpg",600,600,false],"woocommerce_thumbnail":["https:\/\/centcols.org\/backup\/wp-content\/uploads\/2022\/04\/vignette-MM-300x300.jpg",300,300,true],"woocommerce_single":["https:\/\/centcols.org\/backup\/wp-content\/uploads\/2022\/04\/vignette-MM.jpg",600,600,false],"woocommerce_gallery_thumbnail":["https:\/\/centcols.org\/backup\/wp-content\/uploads\/2022\/04\/vignette-MM-100x100.jpg",100,100,true]},"post_excerpt_stackable":"<p>Le catalogue des cols du Myanmar est le fruit du travail de Graham Cutting et Ludger Vorberg. C\u2019est une liste d\u2019une centaine de cols qui vous est propos\u00e9e. Tous r\u00e9pondent parfaitement \u00e0 la r\u00e8gle du jeu du Club des Cent Cols et le \u00abcatalogue des cols du Myanmar\u00bb sert de r\u00e9f\u00e9rence pour l\u2019\u00e9tablissement des listes annuelles r\u00e9dig\u00e9es par les membres du Club. Ce catalogue est en t\u00e9l\u00e9chargement gratuit pour les membres du club depuis la page de t\u00e9l\u00e9chargement. Document annexe au catalogue Notice du catalogue des cols du Myanmar en fran\u00e7ais<\/p>\n","category_list":"","author_info":{"name":"","url":""},"comments_num":"0 commentaire","featured_image_urls_v2":{"full":["https:\/\/centcols.org\/backup\/wp-content\/uploads\/2022\/04\/vignette-MM.jpg",600,600,false],"thumbnail":["https:\/\/centcols.org\/backup\/wp-content\/uploads\/2022\/04\/vignette-MM-300x300.jpg",300,300,true],"medium":["https:\/\/centcols.org\/backup\/wp-content\/uploads\/2022\/04\/vignette-MM-500x500.jpg",500,500,true],"medium_large":["https:\/\/centcols.org\/backup\/wp-content\/uploads\/2022\/04\/vignette-MM.jpg",600,600,false],"large":["https:\/\/centcols.org\/backup\/wp-content\/uploads\/2022\/04\/vignette-MM.jpg",600,600,false],"1536x1536":["https:\/\/centcols.org\/backup\/wp-content\/uploads\/2022\/04\/vignette-MM.jpg",600,600,false],"2048x2048":["https:\/\/centcols.org\/backup\/wp-content\/uploads\/2022\/04\/vignette-MM.jpg",600,600,false],"woocommerce_thumbnail":["https:\/\/centcols.org\/backup\/wp-content\/uploads\/2022\/04\/vignette-MM-300x300.jpg",300,300,true],"woocommerce_single":["https:\/\/centcols.org\/backup\/wp-content\/uploads\/2022\/04\/vignette-MM.jpg",600,600,false],"woocommerce_gallery_thumbnail":["https:\/\/centcols.org\/backup\/wp-content\/uploads\/2022\/04\/vignette-MM-100x100.jpg",100,100,true]},"post_excerpt_stackable_v2":"<p>Le catalogue des cols du Myanmar est le fruit du travail de Graham Cutting et Ludger Vorberg. C\u2019est une liste d\u2019une centaine de cols qui vous est propos\u00e9e. Tous r\u00e9pondent parfaitement \u00e0 la r\u00e8gle du jeu du Club des Cent Cols et le \u00abcatalogue des cols du Myanmar\u00bb sert de r\u00e9f\u00e9rence pour l\u2019\u00e9tablissement des listes annuelles r\u00e9dig\u00e9es par les membres du Club. Ce catalogue est en t\u00e9l\u00e9chargement gratuit pour les membres du club depuis la page de t\u00e9l\u00e9chargement. Document annexe au catalogue Notice du catalogue des cols du Myanmar en fran\u00e7ais<\/p>\n","category_list_v2":"","author_info_v2":{"name":"","url":""},"comments_num_v2":"0 commentaire","_links":{"self":[{"href":"https:\/\/centcols.org\/backup\/wp-json\/wp\/v2\/product\/63239"}],"collection":[{"href":"https:\/\/centcols.org\/backup\/wp-json\/wp\/v2\/product"}],"about":[{"href":"https:\/\/centcols.org\/backup\/wp-json\/wp\/v2\/types\/product"}],"replies":[{"embeddable":true,"href":"https:\/\/centcols.org\/backup\/wp-json\/wp\/v2\/comments?post=63239"}],"wp:featuredmedia":[{"embeddable":true,"href":"https:\/\/centcols.org\/backup\/wp-json\/wp\/v2\/media\/62897"}],"wp:attachment":[{"href":"https:\/\/centcols.org\/backup\/wp-json\/wp\/v2\/media?parent=63239"}],"wp:term":[{"taxonomy":"product_cat","embeddable":true,"href":"https:\/\/centcols.org\/backup\/wp-json\/wp\/v2\/product_cat?post=63239"},{"taxonomy":"product_tag","embeddable":true,"href":"https:\/\/centcols.org\/backup\/wp-json\/wp\/v2\/product_tag?post=63239"}],"curies":[{"name":"wp","href":"https:\/\/api.w.org\/{rel}","templated":true}]}}