{"id":64828,"date":"2022-09-25T10:33:27","date_gmt":"2022-09-25T08:33:27","guid":{"rendered":"https:\/\/centcols.org\/backup\/?post_type=product&#038;p=64828"},"modified":"2022-09-29T17:10:29","modified_gmt":"2022-09-29T15:10:29","slug":"catalogue-ye","status":"publish","type":"product","link":"https:\/\/centcols.org\/backup\/produit\/catalogue-ye\/","title":{"rendered":"Catalogue des cols du Y\u00e9men"},"content":{"rendered":"<p>Le catalogue des cols du Y\u00e9men a \u00e9t\u00e9 pr\u00e9par\u00e9 par notre Groupe de Travail &#8220;Reste-du-Monde&#8221; Graham Cutting et Ludger Vorberg. Publi\u00e9 pour la premi\u00e8re fois en 2022, il compte plus de 130 cols r\u00e9pondant \u00e0 la <a href=\"\/regle-du-jeu\/\">r\u00e8gle du jeu<\/a> du club.<\/p>\n<p>Ce catalogue est la r\u00e9f\u00e9rence des cols du Y\u00e9men. Les listes annuelles des cols que vous avez grimp\u00e9s dans ce pays doivent donc se r\u00e9f\u00e9rer \u00e0 ce document.<\/p>\n<p>Ce catalogue est en t\u00e9l\u00e9chargement gratuit pour les membres du club depuis la <a href=\"\/membres\/outils\/telecat.php\">page de t\u00e9l\u00e9chargement<\/a>.<\/p>\n<h3>Document annexe au catalogue<\/h3>\n<ul>\n<li><a href=\"\/catalogues\/notice.php?cat=ye\" target=\"_blank\" rel=\"noopener noreferrer\">Notice du catalogue des cols du Y\u00e9men<\/a><\/li>\n<\/ul>\n","protected":false},"excerpt":{"rendered":"<p>Le catalogue des cols du Y\u00e9men a \u00e9t\u00e9 pr\u00e9par\u00e9 par notre Groupe de Travail &#8220;Reste-du-Monde&#8221; Graham Cutting et Ludger Vorberg. Publi\u00e9 pour la premi\u00e8re fois en 2022, il compte plus de 130 cols r\u00e9pondant \u00e0 la r\u00e8gle du jeu du club. Ce catalogue est la r\u00e9f\u00e9rence des cols du Y\u00e9men. Les listes annuelles des cols [&hellip;]<\/p>\n","protected":false},"featured_media":64394,"comment_status":"closed","ping_status":"closed","template":"","meta":{"_acf_changed":false,"ub_ctt_via":"","_monsterinsights_skip_tracking":false,"_monsterinsights_sitenote_active":false,"_monsterinsights_sitenote_note":"","_monsterinsights_sitenote_category":0},"product_cat":[75,484],"product_tag":[],"acf":[],"featured_image_urls":{"full":["https:\/\/centcols.org\/backup\/wp-content\/uploads\/2022\/09\/vignette-ye.jpg",600,600,false],"thumbnail":["https:\/\/centcols.org\/backup\/wp-content\/uploads\/2022\/09\/vignette-ye-300x300.jpg",300,300,true],"medium":["https:\/\/centcols.org\/backup\/wp-content\/uploads\/2022\/09\/vignette-ye-500x500.jpg",500,500,true],"medium_large":["https:\/\/centcols.org\/backup\/wp-content\/uploads\/2022\/09\/vignette-ye.jpg",600,600,false],"large":["https:\/\/centcols.org\/backup\/wp-content\/uploads\/2022\/09\/vignette-ye.jpg",600,600,false],"1536x1536":["https:\/\/centcols.org\/backup\/wp-content\/uploads\/2022\/09\/vignette-ye.jpg",600,600,false],"2048x2048":["https:\/\/centcols.org\/backup\/wp-content\/uploads\/2022\/09\/vignette-ye.jpg",600,600,false],"woocommerce_thumbnail":["https:\/\/centcols.org\/backup\/wp-content\/uploads\/2022\/09\/vignette-ye-300x300.jpg",300,300,true],"woocommerce_single":["https:\/\/centcols.org\/backup\/wp-content\/uploads\/2022\/09\/vignette-ye.jpg",600,600,false],"woocommerce_gallery_thumbnail":["https:\/\/centcols.org\/backup\/wp-content\/uploads\/2022\/09\/vignette-ye-100x100.jpg",100,100,true]},"post_excerpt_stackable":"<p>Le catalogue des cols du Y\u00e9men a \u00e9t\u00e9 pr\u00e9par\u00e9 par notre Groupe de Travail &#8220;Reste-du-Monde&#8221; Graham Cutting et Ludger Vorberg. Publi\u00e9 pour la premi\u00e8re fois en 2022, il compte plus de 130 cols r\u00e9pondant \u00e0 la r\u00e8gle du jeu du club. Ce catalogue est la r\u00e9f\u00e9rence des cols du Y\u00e9men. Les listes annuelles des cols que vous avez grimp\u00e9s dans ce pays doivent donc se r\u00e9f\u00e9rer \u00e0 ce document. Ce catalogue est en t\u00e9l\u00e9chargement gratuit pour les membres du club depuis la page de t\u00e9l\u00e9chargement. Document annexe au catalogue Notice du catalogue des cols du Y\u00e9men<\/p>\n","category_list":"","author_info":{"name":"","url":""},"comments_num":"0 commentaire","featured_image_urls_v2":{"full":["https:\/\/centcols.org\/backup\/wp-content\/uploads\/2022\/09\/vignette-ye.jpg",600,600,false],"thumbnail":["https:\/\/centcols.org\/backup\/wp-content\/uploads\/2022\/09\/vignette-ye-300x300.jpg",300,300,true],"medium":["https:\/\/centcols.org\/backup\/wp-content\/uploads\/2022\/09\/vignette-ye-500x500.jpg",500,500,true],"medium_large":["https:\/\/centcols.org\/backup\/wp-content\/uploads\/2022\/09\/vignette-ye.jpg",600,600,false],"large":["https:\/\/centcols.org\/backup\/wp-content\/uploads\/2022\/09\/vignette-ye.jpg",600,600,false],"1536x1536":["https:\/\/centcols.org\/backup\/wp-content\/uploads\/2022\/09\/vignette-ye.jpg",600,600,false],"2048x2048":["https:\/\/centcols.org\/backup\/wp-content\/uploads\/2022\/09\/vignette-ye.jpg",600,600,false],"woocommerce_thumbnail":["https:\/\/centcols.org\/backup\/wp-content\/uploads\/2022\/09\/vignette-ye-300x300.jpg",300,300,true],"woocommerce_single":["https:\/\/centcols.org\/backup\/wp-content\/uploads\/2022\/09\/vignette-ye.jpg",600,600,false],"woocommerce_gallery_thumbnail":["https:\/\/centcols.org\/backup\/wp-content\/uploads\/2022\/09\/vignette-ye-100x100.jpg",100,100,true]},"post_excerpt_stackable_v2":"<p>Le catalogue des cols du Y\u00e9men a \u00e9t\u00e9 pr\u00e9par\u00e9 par notre Groupe de Travail &#8220;Reste-du-Monde&#8221; Graham Cutting et Ludger Vorberg. Publi\u00e9 pour la premi\u00e8re fois en 2022, il compte plus de 130 cols r\u00e9pondant \u00e0 la r\u00e8gle du jeu du club. Ce catalogue est la r\u00e9f\u00e9rence des cols du Y\u00e9men. Les listes annuelles des cols que vous avez grimp\u00e9s dans ce pays doivent donc se r\u00e9f\u00e9rer \u00e0 ce document. Ce catalogue est en t\u00e9l\u00e9chargement gratuit pour les membres du club depuis la page de t\u00e9l\u00e9chargement. Document annexe au catalogue Notice du catalogue des cols du Y\u00e9men<\/p>\n","category_list_v2":"","author_info_v2":{"name":"","url":""},"comments_num_v2":"0 commentaire","_links":{"self":[{"href":"https:\/\/centcols.org\/backup\/wp-json\/wp\/v2\/product\/64828"}],"collection":[{"href":"https:\/\/centcols.org\/backup\/wp-json\/wp\/v2\/product"}],"about":[{"href":"https:\/\/centcols.org\/backup\/wp-json\/wp\/v2\/types\/product"}],"replies":[{"embeddable":true,"href":"https:\/\/centcols.org\/backup\/wp-json\/wp\/v2\/comments?post=64828"}],"wp:featuredmedia":[{"embeddable":true,"href":"https:\/\/centcols.org\/backup\/wp-json\/wp\/v2\/media\/64394"}],"wp:attachment":[{"href":"https:\/\/centcols.org\/backup\/wp-json\/wp\/v2\/media?parent=64828"}],"wp:term":[{"taxonomy":"product_cat","embeddable":true,"href":"https:\/\/centcols.org\/backup\/wp-json\/wp\/v2\/product_cat?post=64828"},{"taxonomy":"product_tag","embeddable":true,"href":"https:\/\/centcols.org\/backup\/wp-json\/wp\/v2\/product_tag?post=64828"}],"curies":[{"name":"wp","href":"https:\/\/api.w.org\/{rel}","templated":true}]}}