{"id":24,"date":"2021-07-01T17:07:44","date_gmt":"2021-07-01T15:07:44","guid":{"rendered":"https:\/\/centcols.org\/boutique\/?page_id=24"},"modified":"2026-01-21T13:59:14","modified_gmt":"2026-01-21T11:59:14","slug":"informacion-legal","status":"publish","type":"page","link":"https:\/\/centcols.org\/boutique\/es\/mentions-legales\/","title":{"rendered":"Informaci\u00f3n jur\u00eddica"},"content":{"rendered":"<p>Lea atentamente estas condiciones de uso antes de utilizar este sitio. Al conectarse a este sitio, acepta sin reservas estas condiciones.<\/p>\n<h2>Creador y editor de sitios web<\/h2>\n<p>Dise\u00f1o web en Chamb\u00e9ry por la agencia de comunicaci\u00f3n Nouvel Oeil<br \/>\n1, rue Claude Martin - 73000 Chamb\u00e9ry<br \/>\nTel: 04 79 68 94 48 - www.nouvel-oeil.com<\/p>\n<h2>Condiciones de uso<\/h2>\n<p>El sitio se gestiona de conformidad con la legislaci\u00f3n francesa. El uso de este sitio se rige por las presentes condiciones. Al utilizar el sitio, reconoce haber le\u00eddo y aceptado estas condiciones. El editor del sitio web podr\u00e1 modificarlas en cualquier momento y sin previo aviso.<br \/>\nEl propietario del sitio no se hace responsable en modo alguno del uso indebido del servicio.<\/p>\n<h2>Limitaci\u00f3n de responsabilidad<\/h2>\n<p>La informaci\u00f3n contenida en este sitio es lo m\u00e1s exacta posible y se actualiza peri\u00f3dicamente, pero puede contener inexactitudes, omisiones o lagunas. Si observa una laguna, un error o lo que parece ser un mal funcionamiento, le rogamos que nos lo comunique por correo electr\u00f3nico, describiendo el problema con la mayor precisi\u00f3n posible (p\u00e1gina causante del problema, acci\u00f3n desencadenante, tipo de ordenador y navegador utilizados, etc.).<\/p>\n<p>Cualquier contenido descargado se hace por cuenta y riesgo del usuario y bajo su exclusiva responsabilidad. En consecuencia, el propietario del sitio web no se hace responsable de los da\u00f1os que pueda sufrir el ordenador del usuario ni de las p\u00e9rdidas de datos que puedan derivarse de la descarga.<\/p>\n<p>Las fotos no son contractuales.<\/p>\n<p>Los enlaces de hipertexto establecidos en el marco de este sitio web que conduzcan a otros recursos de la red Internet no comprometer\u00e1n la responsabilidad del propietario del sitio web.<\/p>\n<h2>Litigios<\/h2>\n<p>Las presentes condiciones generales se rigen por la legislaci\u00f3n francesa y cualquier litigio o controversia derivados de la interpretaci\u00f3n o ejecuci\u00f3n de las presentes condiciones generales ser\u00e1n competencia exclusiva de los tribunales competentes del domicilio social del propietario del sitio web. La lengua de referencia para la resoluci\u00f3n de cualquier litigio ser\u00e1 el franc\u00e9s.<\/p>\n<h2>Derecho de acceso<\/h2>\n<p>En aplicaci\u00f3n de esta ley, los internautas disponen de un derecho de acceso, rectificaci\u00f3n, modificaci\u00f3n y supresi\u00f3n de los datos que les conciernen personalmente. Este derecho puede ejercerse poni\u00e9ndose en contacto con el administrador del sitio web: Contactar con el administrador.<br \/>\nLos datos personales recogidos no se transmitir\u00e1n en ning\u00fan caso a terceros, salvo para la ejecuci\u00f3n del servicio solicitado por el internauta.<\/p>\n<h2>Confidencialidad<\/h2>\n<p>Sus datos personales son confidenciales y en ning\u00fan caso ser\u00e1n cedidos a terceros, salvo para la prestaci\u00f3n del servicio.<\/p>\n<h2>Propiedad intelectual<\/h2>\n<p>Para cualquier solicitud de autorizaci\u00f3n o informaci\u00f3n, p\u00f3ngase en contacto con nosotros: contacto. Se aplican condiciones espec\u00edficas a la prensa.<\/p>\n<p>Algunas de las ilustraciones se adquirieron en <a href=\"http:\/\/www.unsplash.fr\/\" target=\"_blank\" rel=\"noopener\">www.unsplash.fr<\/a> y\/o <a href=\"http:\/\/www.freepik.fr\/\" target=\"_blank\" rel=\"noopener\">www.freepik.fr<\/a><\/p>\n<h2>Enlaces de hipertexto<\/h2>\n<p>El sitio web puede proporcionar enlaces a otros sitios web u otros recursos disponibles en Internet.<\/p>\n<p>El propietario del sitio web no tiene ning\u00fan medio de controlar los sitios vinculados a sus sitios web. El propietario del sitio web no es responsable de la disponibilidad de dichos sitios y fuentes externos, ni los garantiza. No se hace responsable de los da\u00f1os de cualquier naturaleza derivados del contenido de estos sitios o fuentes externas y, en particular, de la informaci\u00f3n, productos o servicios que ofrecen, ni del uso que pueda hacerse de estos elementos. Los riesgos asociados a esta utilizaci\u00f3n incumben plenamente al internauta, que debe respetar sus condiciones de uso.<\/p>\n<h2>Cookies<\/h2>\n<p>Este sitio utiliza cookies, peque\u00f1os archivos de texto que se almacenan en su ordenador para ayudar a mejorar la experiencia del usuario. En general, las cookies se utilizan para hacer un seguimiento de las preferencias del usuario, almacenar informaci\u00f3n para cosas como carritos de la compra y proporcionar datos de seguimiento an\u00f3nimos a aplicaciones de terceros como Google Analytics. Por regla general, las cookies mejorar\u00e1n su experiencia de navegaci\u00f3n. Sin embargo, puede que prefiera desactivar las cookies en este y otros sitios. La forma m\u00e1s eficaz es desactivar las cookies en su navegador. Le sugerimos que consulte la secci\u00f3n de Ayuda de su navegador o visite el sitio web About Cookies, que ofrece consejos para todos los navegadores modernos.<\/p>","protected":false},"excerpt":{"rendered":"<p>Merci de lire attentivement les pr\u00e9sentes modalit\u00e9s d\u2019utilisation du pr\u00e9sent site avant de le parcourir. En vous connectant sur ce site, vous acceptez sans r\u00e9serve les pr\u00e9sentes modalit\u00e9s. Cr\u00e9ateur et \u00e9diteur du site internet Cr\u00e9ation du site internet \u00e0 Chamb\u00e9ry par l\u2019Agence de communication Nouvel Oeil 1, rue Claude Martin \u2013 73000 Chamb\u00e9ry T\u00e9l : [&hellip;]<\/p>\n","protected":false},"author":2,"featured_media":0,"parent":0,"menu_order":0,"comment_status":"closed","ping_status":"closed","template":"","meta":{"_acf_changed":false,"footnotes":""},"class_list":["post-24","page","type-page","status-publish","hentry"],"acf":[],"yoast_head":"<!-- This site is optimized with the Yoast SEO plugin v27.4 - https:\/\/yoast.com\/product\/yoast-seo-wordpress\/ -->\n<title>Mentions l\u00e9gales - Club des Cent Cols<\/title>\n<meta name=\"robots\" content=\"index, follow, max-snippet:-1, max-image-preview:large, max-video-preview:-1\" \/>\n<link rel=\"canonical\" href=\"https:\/\/centcols.org\/boutique\/es\/informacion-legal\/\" \/>\n<meta property=\"og:locale\" content=\"es_ES\" \/>\n<meta property=\"og:type\" content=\"article\" \/>\n<meta property=\"og:title\" content=\"Mentions l\u00e9gales - Club des Cent Cols\" \/>\n<meta property=\"og:description\" content=\"Merci de lire attentivement les pr\u00e9sentes modalit\u00e9s d\u2019utilisation du pr\u00e9sent site avant de le parcourir. En vous connectant sur ce site, vous acceptez sans r\u00e9serve les pr\u00e9sentes modalit\u00e9s. Cr\u00e9ateur et \u00e9diteur du site internet Cr\u00e9ation du site internet \u00e0 Chamb\u00e9ry par l\u2019Agence de communication Nouvel Oeil 1, rue Claude Martin \u2013 73000 Chamb\u00e9ry T\u00e9l : [&hellip;]\" \/>\n<meta property=\"og:url\" content=\"https:\/\/centcols.org\/boutique\/es\/informacion-legal\/\" \/>\n<meta property=\"og:site_name\" content=\"Club des Cent Cols\" \/>\n<meta property=\"article:modified_time\" content=\"2026-01-21T11:59:14+00:00\" \/>\n<meta name=\"twitter:card\" content=\"summary_large_image\" \/>\n<meta name=\"twitter:label1\" content=\"Tiempo de lectura\" \/>\n\t<meta name=\"twitter:data1\" content=\"4 minutos\" \/>\n<script type=\"application\/ld+json\" class=\"yoast-schema-graph\">{\"@context\":\"https:\\\/\\\/schema.org\",\"@graph\":[{\"@type\":\"WebPage\",\"@id\":\"https:\\\/\\\/centcols.org\\\/boutique\\\/mentions-legales\\\/\",\"url\":\"https:\\\/\\\/centcols.org\\\/boutique\\\/mentions-legales\\\/\",\"name\":\"Mentions l\u00e9gales - Club des Cent Cols\",\"isPartOf\":{\"@id\":\"https:\\\/\\\/centcols.org\\\/boutique\\\/#website\"},\"datePublished\":\"2021-07-01T15:07:44+00:00\",\"dateModified\":\"2026-01-21T11:59:14+00:00\",\"breadcrumb\":{\"@id\":\"https:\\\/\\\/centcols.org\\\/boutique\\\/mentions-legales\\\/#breadcrumb\"},\"inLanguage\":\"es\",\"potentialAction\":[{\"@type\":\"ReadAction\",\"target\":[\"https:\\\/\\\/centcols.org\\\/boutique\\\/mentions-legales\\\/\"]}]},{\"@type\":\"BreadcrumbList\",\"@id\":\"https:\\\/\\\/centcols.org\\\/boutique\\\/mentions-legales\\\/#breadcrumb\",\"itemListElement\":[{\"@type\":\"ListItem\",\"position\":1,\"name\":\"Accueil\",\"item\":\"https:\\\/\\\/centcols.org\\\/boutique\\\/\"},{\"@type\":\"ListItem\",\"position\":2,\"name\":\"Mentions l\u00e9gales\"}]},{\"@type\":\"WebSite\",\"@id\":\"https:\\\/\\\/centcols.org\\\/boutique\\\/#website\",\"url\":\"https:\\\/\\\/centcols.org\\\/boutique\\\/\",\"name\":\"Club des Cent Cols\",\"description\":\"\",\"potentialAction\":[{\"@type\":\"SearchAction\",\"target\":{\"@type\":\"EntryPoint\",\"urlTemplate\":\"https:\\\/\\\/centcols.org\\\/boutique\\\/?s={search_term_string}\"},\"query-input\":{\"@type\":\"PropertyValueSpecification\",\"valueRequired\":true,\"valueName\":\"search_term_string\"}}],\"inLanguage\":\"es\"}]}<\/script>\n<!-- \/ Yoast SEO plugin. -->","yoast_head_json":{"title":"Informaci\u00f3n legal - Club des Cent Cols","robots":{"index":"index","follow":"follow","max-snippet":"max-snippet:-1","max-image-preview":"max-image-preview:large","max-video-preview":"max-video-preview:-1"},"canonical":"https:\/\/centcols.org\/boutique\/es\/informacion-legal\/","og_locale":"es_ES","og_type":"article","og_title":"Mentions l\u00e9gales - Club des Cent Cols","og_description":"Merci de lire attentivement les pr\u00e9sentes modalit\u00e9s d\u2019utilisation du pr\u00e9sent site avant de le parcourir. En vous connectant sur ce site, vous acceptez sans r\u00e9serve les pr\u00e9sentes modalit\u00e9s. Cr\u00e9ateur et \u00e9diteur du site internet Cr\u00e9ation du site internet \u00e0 Chamb\u00e9ry par l\u2019Agence de communication Nouvel Oeil 1, rue Claude Martin \u2013 73000 Chamb\u00e9ry T\u00e9l : [&hellip;]","og_url":"https:\/\/centcols.org\/boutique\/es\/informacion-legal\/","og_site_name":"Club des Cent Cols","article_modified_time":"2026-01-21T11:59:14+00:00","twitter_card":"summary_large_image","twitter_misc":{"Tiempo de lectura":"4 minutos"},"schema":{"@context":"https:\/\/schema.org","@graph":[{"@type":"WebPage","@id":"https:\/\/centcols.org\/boutique\/mentions-legales\/","url":"https:\/\/centcols.org\/boutique\/mentions-legales\/","name":"Informaci\u00f3n legal - Club des Cent Cols","isPartOf":{"@id":"https:\/\/centcols.org\/boutique\/#website"},"datePublished":"2021-07-01T15:07:44+00:00","dateModified":"2026-01-21T11:59:14+00:00","breadcrumb":{"@id":"https:\/\/centcols.org\/boutique\/mentions-legales\/#breadcrumb"},"inLanguage":"es","potentialAction":[{"@type":"ReadAction","target":["https:\/\/centcols.org\/boutique\/mentions-legales\/"]}]},{"@type":"BreadcrumbList","@id":"https:\/\/centcols.org\/boutique\/mentions-legales\/#breadcrumb","itemListElement":[{"@type":"ListItem","position":1,"name":"Accueil","item":"https:\/\/centcols.org\/boutique\/"},{"@type":"ListItem","position":2,"name":"Mentions l\u00e9gales"}]},{"@type":"WebSite","@id":"https:\/\/centcols.org\/boutique\/#website","url":"https:\/\/centcols.org\/boutique\/","name":"Club des Cent Cols","description":"","potentialAction":[{"@type":"SearchAction","target":{"@type":"EntryPoint","urlTemplate":"https:\/\/centcols.org\/boutique\/?s={search_term_string}"},"query-input":{"@type":"PropertyValueSpecification","valueRequired":true,"valueName":"search_term_string"}}],"inLanguage":"es"}]}},"_links":{"self":[{"href":"https:\/\/centcols.org\/boutique\/es\/wp-json\/wp\/v2\/pages\/24","targetHints":{"allow":["GET"]}}],"collection":[{"href":"https:\/\/centcols.org\/boutique\/es\/wp-json\/wp\/v2\/pages"}],"about":[{"href":"https:\/\/centcols.org\/boutique\/es\/wp-json\/wp\/v2\/types\/page"}],"author":[{"embeddable":true,"href":"https:\/\/centcols.org\/boutique\/es\/wp-json\/wp\/v2\/users\/2"}],"replies":[{"embeddable":true,"href":"https:\/\/centcols.org\/boutique\/es\/wp-json\/wp\/v2\/comments?post=24"}],"version-history":[{"count":0,"href":"https:\/\/centcols.org\/boutique\/es\/wp-json\/wp\/v2\/pages\/24\/revisions"}],"wp:attachment":[{"href":"https:\/\/centcols.org\/boutique\/es\/wp-json\/wp\/v2\/media?parent=24"}],"curies":[{"name":"wp","href":"https:\/\/api.w.org\/{rel}","templated":true}]}}