{"id":26,"date":"2021-07-01T17:07:59","date_gmt":"2021-07-01T15:07:59","guid":{"rendered":"https:\/\/centcols.org\/boutique\/?page_id=26"},"modified":"2023-07-03T16:25:09","modified_gmt":"2023-07-03T14:25:09","slug":"condiciones-generales-de-utilizacion","status":"publish","type":"page","link":"https:\/\/centcols.org\/boutique\/es\/conditions-generales-utilisations\/","title":{"rendered":"Condiciones de uso"},"content":{"rendered":"<p>Las presentes \u00abcondiciones generales de uso\u00bb tienen por objeto establecer el marco jur\u00eddico de las condiciones de puesta a disposici\u00f3n y utilizaci\u00f3n de los servicios del sitio web por parte del \u00abUsuario\u00bb. Las condiciones generales de uso deben ser aceptadas por todo Usuario que desee acceder al sitio. Constituyen el contrato entre el sitio y el Usuario. El acceso al sitio por parte del Usuario implica la aceptaci\u00f3n de las presentes condiciones generales de uso. Nos reservamos el derecho a modificar unilateralmente y en cualquier momento el contenido de las presentes CGU.<\/p>\n<h2>Definiciones<\/h2>\n<p>El objetivo de esta cl\u00e1usula es definir los distintos t\u00e9rminos esenciales del contrato:<\/p>\n<ul>\n<li>Usuario: este t\u00e9rmino se refiere a cualquier persona que utilice el sitio o uno de los servicios ofrecidos por el sitio.<\/li>\n<li>Contenido del usuario: son los datos transmitidos por el usuario en el sitio.<\/li>\n<li>Miembro: Los usuarios se convierten en miembros cuando se identifican en el sitio.<\/li>\n<li>Correo electr\u00f3nico y contrase\u00f1a: es toda la informaci\u00f3n necesaria para identificar a un Usuario en el sitio. La direcci\u00f3n de correo electr\u00f3nico y la contrase\u00f1a permiten al Usuario acceder a los servicios reservados a los miembros del sitio. La contrase\u00f1a es confidencial.<\/li>\n<\/ul>\n<h2>Acceso a los servicios<\/h2>\n<p>El sitio es accesible gratuitamente desde cualquier lugar a cualquier Usuario con acceso a Internet. Todos los gastos en que incurra el Usuario para acceder al servicio (hardware, software, conexi\u00f3n a Internet, etc.) correr\u00e1n a su cargo. Seg\u00fan los casos : Los Usuarios no miembros no tienen acceso a los servicios reservados a los miembros. Para ello, deben identificarse utilizando su direcci\u00f3n de correo electr\u00f3nico y su contrase\u00f1a. El sitio se esfuerza por garantizar un acceso de calidad a sus servicios. Al tratarse de una obligaci\u00f3n de medios, el sitio no se compromete a alcanzar este resultado. El propietario del sitio no podr\u00e1 ser considerado responsable en caso de fuerza mayor que provoque un mal funcionamiento de la red o del servidor. El acceso a los servicios del sitio podr\u00e1 ser interrumpido, suspendido o modificado en cualquier momento y sin previo aviso por razones de mantenimiento o por cualquier otro motivo. El Usuario se compromete a no reclamar ninguna indemnizaci\u00f3n tras la interrupci\u00f3n, suspensi\u00f3n o modificaci\u00f3n del presente contrato. El Usuario puede ponerse en contacto con el administrador del sitio aqu\u00ed: Contacto<\/p>\n<h2>Propiedad intelectual<\/h2>\n<p>Las marcas, logotipos, signos y cualquier otro contenido del sitio est\u00e1n protegidos por el C\u00f3digo franc\u00e9s de la Propiedad Intelectual y, m\u00e1s concretamente, por los derechos de autor. El Usuario solicita autorizaci\u00f3n previa al sitio para cualquier reproducci\u00f3n, publicaci\u00f3n o copia de los distintos contenidos. El Usuario se compromete a utilizar el contenido del sitio en un contexto estrictamente privado. Queda terminantemente prohibida cualquier utilizaci\u00f3n de los contenidos con fines comerciales. Cualquier contenido puesto en l\u00ednea por el Usuario es de su exclusiva responsabilidad. El Usuario se compromete a no poner en l\u00ednea contenidos que puedan perjudicar los intereses de terceros. Cualquier acci\u00f3n legal emprendida por un tercero contra el sitio correr\u00e1 a cargo del Usuario. El contenido del Usuario podr\u00e1 ser suprimido o modificado por el sitio en cualquier momento y por cualquier motivo. El Usuario no recibir\u00e1 ninguna justificaci\u00f3n o notificaci\u00f3n previa a la supresi\u00f3n o modificaci\u00f3n del contenido del Usuario.<\/p>\n<h2>Responsabilidad y fuerza mayor<\/h2>\n<p>Las fuentes de la informaci\u00f3n publicada en el sitio web se consideran fiables. No obstante, el sitio se reserva el derecho de no garantizar la fiabilidad de las fuentes. La informaci\u00f3n proporcionada en el sitio tiene car\u00e1cter meramente informativo. Por lo tanto, el usuario asume la responsabilidad exclusiva del uso de la informaci\u00f3n y el contenido de este sitio. El usuario es responsable de mantener en secreto su contrase\u00f1a. Queda prohibida cualquier divulgaci\u00f3n de la contrase\u00f1a, sea cual sea su forma. El Usuario asume todos los riesgos asociados al uso de su direcci\u00f3n de correo electr\u00f3nico y contrase\u00f1a. El sitio declina toda responsabilidad. Cualquier uso del servicio por parte del Usuario que resulte directa o indirectamente en da\u00f1os deber\u00e1 ser indemnizado por el sitio. El sitio no puede garantizar la seguridad y confidencialidad de los datos transmitidos. No obstante, el sitio se compromete a utilizar todos los medios necesarios para garantizar la seguridad y confidencialidad de los datos en la medida de sus posibilidades. El sitio no podr\u00e1 ser considerado responsable en caso de fuerza mayor o de acto imprevisible e insuperable de un tercero.<\/p>\n<h2>Enlaces de hipertexto<\/h2>\n<p>En el sitio hay numerosos enlaces de hipertexto salientes, pero las p\u00e1ginas web a las que conducen estos enlaces no comprometen en modo alguno la responsabilidad del propietario del sitio web, que no ejerce ning\u00fan control sobre estos enlaces. Por lo tanto, el Usuario se abstiene de responsabilizar al sitio por el contenido y los recursos relacionados con estos enlaces de hipertexto salientes.<\/p>\n<h2>Evoluci\u00f3n del contrato<\/h2>\n<p>Nos reservamos el derecho a modificar en cualquier momento las cl\u00e1usulas estipuladas en el presente contrato. La duraci\u00f3n del presente contrato es indefinida. El contrato surte efecto con respecto al Usuario desde el momento de la utilizaci\u00f3n del servicio.<\/p>\n<h2>Legislaci\u00f3n y jurisdicci\u00f3n aplicables<\/h2>\n<p>El presente contrato se rige por la legislaci\u00f3n francesa. En caso de que un litigio entre las partes no pueda resolverse de forma amistosa, los tribunales ser\u00e1n los \u00fanicos competentes.<\/p>","protected":false},"excerpt":{"rendered":"<p>Les pr\u00e9sentes \u00ab conditions g\u00e9n\u00e9rales d\u2019utilisation \u00bb ont pour objet l\u2019encadrement juridique des modalit\u00e9s de mise \u00e0 disposition des services du site internet et leur utilisation par \u00ab l\u2019Utilisateur \u00bb. Les conditions g\u00e9n\u00e9rales d\u2019utilisation doivent \u00eatre accept\u00e9es par tout Utilisateur souhaitant acc\u00e9der au site. Elles constituent le contrat entre le site et l\u2019Utilisateur. L\u2019acc\u00e8s au [&hellip;]<\/p>\n","protected":false},"author":2,"featured_media":0,"parent":0,"menu_order":0,"comment_status":"closed","ping_status":"closed","template":"","meta":{"_acf_changed":false,"footnotes":""},"class_list":["post-26","page","type-page","status-publish","hentry"],"acf":[],"yoast_head":"<!-- This site is optimized with the Yoast SEO plugin v27.4 - https:\/\/yoast.com\/product\/yoast-seo-wordpress\/ -->\n<title>Conditions g\u00e9n\u00e9rales d&#039;utilisation - Club des Cent Cols<\/title>\n<meta name=\"robots\" content=\"index, follow, max-snippet:-1, max-image-preview:large, max-video-preview:-1\" \/>\n<link rel=\"canonical\" href=\"https:\/\/centcols.org\/boutique\/es\/condiciones-generales-de-utilizacion\/\" \/>\n<meta property=\"og:locale\" content=\"es_ES\" \/>\n<meta property=\"og:type\" content=\"article\" \/>\n<meta property=\"og:title\" content=\"Conditions g\u00e9n\u00e9rales d&#039;utilisation - Club des Cent Cols\" \/>\n<meta property=\"og:description\" content=\"Les pr\u00e9sentes \u00ab conditions g\u00e9n\u00e9rales d\u2019utilisation \u00bb ont pour objet l\u2019encadrement juridique des modalit\u00e9s de mise \u00e0 disposition des services du site internet et leur utilisation par \u00ab l\u2019Utilisateur \u00bb. Les conditions g\u00e9n\u00e9rales d\u2019utilisation doivent \u00eatre accept\u00e9es par tout Utilisateur souhaitant acc\u00e9der au site. Elles constituent le contrat entre le site et l\u2019Utilisateur. L\u2019acc\u00e8s au [&hellip;]\" \/>\n<meta property=\"og:url\" content=\"https:\/\/centcols.org\/boutique\/es\/condiciones-generales-de-utilizacion\/\" \/>\n<meta property=\"og:site_name\" content=\"Club des Cent Cols\" \/>\n<meta property=\"article:modified_time\" content=\"2023-07-03T14:25:09+00:00\" \/>\n<meta name=\"twitter:card\" content=\"summary_large_image\" \/>\n<meta name=\"twitter:label1\" content=\"Tiempo de lectura\" \/>\n\t<meta name=\"twitter:data1\" content=\"4 minutos\" \/>\n<script type=\"application\/ld+json\" class=\"yoast-schema-graph\">{\"@context\":\"https:\\\/\\\/schema.org\",\"@graph\":[{\"@type\":\"WebPage\",\"@id\":\"https:\\\/\\\/centcols.org\\\/boutique\\\/conditions-generales-utilisations\\\/\",\"url\":\"https:\\\/\\\/centcols.org\\\/boutique\\\/conditions-generales-utilisations\\\/\",\"name\":\"Conditions g\u00e9n\u00e9rales d'utilisation - Club des Cent Cols\",\"isPartOf\":{\"@id\":\"https:\\\/\\\/centcols.org\\\/boutique\\\/#website\"},\"datePublished\":\"2021-07-01T15:07:59+00:00\",\"dateModified\":\"2023-07-03T14:25:09+00:00\",\"breadcrumb\":{\"@id\":\"https:\\\/\\\/centcols.org\\\/boutique\\\/conditions-generales-utilisations\\\/#breadcrumb\"},\"inLanguage\":\"es\",\"potentialAction\":[{\"@type\":\"ReadAction\",\"target\":[\"https:\\\/\\\/centcols.org\\\/boutique\\\/conditions-generales-utilisations\\\/\"]}]},{\"@type\":\"BreadcrumbList\",\"@id\":\"https:\\\/\\\/centcols.org\\\/boutique\\\/conditions-generales-utilisations\\\/#breadcrumb\",\"itemListElement\":[{\"@type\":\"ListItem\",\"position\":1,\"name\":\"Accueil\",\"item\":\"https:\\\/\\\/centcols.org\\\/boutique\\\/\"},{\"@type\":\"ListItem\",\"position\":2,\"name\":\"Conditions g\u00e9n\u00e9rales d&rsquo;utilisation\"}]},{\"@type\":\"WebSite\",\"@id\":\"https:\\\/\\\/centcols.org\\\/boutique\\\/#website\",\"url\":\"https:\\\/\\\/centcols.org\\\/boutique\\\/\",\"name\":\"Club des Cent Cols\",\"description\":\"\",\"potentialAction\":[{\"@type\":\"SearchAction\",\"target\":{\"@type\":\"EntryPoint\",\"urlTemplate\":\"https:\\\/\\\/centcols.org\\\/boutique\\\/?s={search_term_string}\"},\"query-input\":{\"@type\":\"PropertyValueSpecification\",\"valueRequired\":true,\"valueName\":\"search_term_string\"}}],\"inLanguage\":\"es\"}]}<\/script>\n<!-- \/ Yoast SEO plugin. -->","yoast_head_json":{"title":"Condiciones de uso - Club des Cent Cols","robots":{"index":"index","follow":"follow","max-snippet":"max-snippet:-1","max-image-preview":"max-image-preview:large","max-video-preview":"max-video-preview:-1"},"canonical":"https:\/\/centcols.org\/boutique\/es\/condiciones-generales-de-utilizacion\/","og_locale":"es_ES","og_type":"article","og_title":"Conditions g\u00e9n\u00e9rales d'utilisation - Club des Cent Cols","og_description":"Les pr\u00e9sentes \u00ab conditions g\u00e9n\u00e9rales d\u2019utilisation \u00bb ont pour objet l\u2019encadrement juridique des modalit\u00e9s de mise \u00e0 disposition des services du site internet et leur utilisation par \u00ab l\u2019Utilisateur \u00bb. Les conditions g\u00e9n\u00e9rales d\u2019utilisation doivent \u00eatre accept\u00e9es par tout Utilisateur souhaitant acc\u00e9der au site. Elles constituent le contrat entre le site et l\u2019Utilisateur. L\u2019acc\u00e8s au [&hellip;]","og_url":"https:\/\/centcols.org\/boutique\/es\/condiciones-generales-de-utilizacion\/","og_site_name":"Club des Cent Cols","article_modified_time":"2023-07-03T14:25:09+00:00","twitter_card":"summary_large_image","twitter_misc":{"Tiempo de lectura":"4 minutos"},"schema":{"@context":"https:\/\/schema.org","@graph":[{"@type":"WebPage","@id":"https:\/\/centcols.org\/boutique\/conditions-generales-utilisations\/","url":"https:\/\/centcols.org\/boutique\/conditions-generales-utilisations\/","name":"Condiciones de uso - Club des Cent Cols","isPartOf":{"@id":"https:\/\/centcols.org\/boutique\/#website"},"datePublished":"2021-07-01T15:07:59+00:00","dateModified":"2023-07-03T14:25:09+00:00","breadcrumb":{"@id":"https:\/\/centcols.org\/boutique\/conditions-generales-utilisations\/#breadcrumb"},"inLanguage":"es","potentialAction":[{"@type":"ReadAction","target":["https:\/\/centcols.org\/boutique\/conditions-generales-utilisations\/"]}]},{"@type":"BreadcrumbList","@id":"https:\/\/centcols.org\/boutique\/conditions-generales-utilisations\/#breadcrumb","itemListElement":[{"@type":"ListItem","position":1,"name":"Accueil","item":"https:\/\/centcols.org\/boutique\/"},{"@type":"ListItem","position":2,"name":"Conditions g\u00e9n\u00e9rales d&rsquo;utilisation"}]},{"@type":"WebSite","@id":"https:\/\/centcols.org\/boutique\/#website","url":"https:\/\/centcols.org\/boutique\/","name":"Club des Cent Cols","description":"","potentialAction":[{"@type":"SearchAction","target":{"@type":"EntryPoint","urlTemplate":"https:\/\/centcols.org\/boutique\/?s={search_term_string}"},"query-input":{"@type":"PropertyValueSpecification","valueRequired":true,"valueName":"search_term_string"}}],"inLanguage":"es"}]}},"_links":{"self":[{"href":"https:\/\/centcols.org\/boutique\/es\/wp-json\/wp\/v2\/pages\/26","targetHints":{"allow":["GET"]}}],"collection":[{"href":"https:\/\/centcols.org\/boutique\/es\/wp-json\/wp\/v2\/pages"}],"about":[{"href":"https:\/\/centcols.org\/boutique\/es\/wp-json\/wp\/v2\/types\/page"}],"author":[{"embeddable":true,"href":"https:\/\/centcols.org\/boutique\/es\/wp-json\/wp\/v2\/users\/2"}],"replies":[{"embeddable":true,"href":"https:\/\/centcols.org\/boutique\/es\/wp-json\/wp\/v2\/comments?post=26"}],"version-history":[{"count":0,"href":"https:\/\/centcols.org\/boutique\/es\/wp-json\/wp\/v2\/pages\/26\/revisions"}],"wp:attachment":[{"href":"https:\/\/centcols.org\/boutique\/es\/wp-json\/wp\/v2\/media?parent=26"}],"curies":[{"name":"wp","href":"https:\/\/api.w.org\/{rel}","templated":true}]}}