{"id":555,"date":"2025-04-22T09:12:29","date_gmt":"2025-04-22T07:12:29","guid":{"rendered":"https:\/\/centcols.org\/boutique\/?post_type=product&#038;p=555"},"modified":"2025-10-24T16:37:52","modified_gmt":"2025-10-24T14:37:52","slug":"collant-long-avec-bretelles-ancien","status":"publish","type":"product","link":"https:\/\/centcols.org\/boutique\/produit\/collant-long-avec-bretelles-ancien\/","title":{"rendered":"Collant long avec bretelles (ancien)"},"content":{"rendered":"","protected":false},"excerpt":{"rendered":"<p>La mati\u00e8re SUPER ROUBAIX garde la chaleur tout en \u00e9tant respirante et souple. Bretelles tr\u00e8s souples pour le confort, plus facile pour ajuster suivant la stature, zip tr\u00e8s pratique \u00e0 l&rsquo;avant et pattes sous pieds.<\/p>\n","protected":false},"featured_media":591,"comment_status":"closed","ping_status":"closed","template":"","meta":{"_acf_changed":false},"product_brand":[],"product_cat":[33],"product_tag":[],"class_list":{"0":"post-555","1":"product","2":"type-product","3":"status-publish","4":"has-post-thumbnail","6":"product_cat-vetements","7":"product_shipping_class-port-8","10":"first","11":"instock","12":"shipping-taxable","13":"purchasable","14":"product-type-variable"},"acf":[],"yoast_head":"<!-- This site is optimized with the Yoast SEO plugin v27.4 - https:\/\/yoast.com\/product\/yoast-seo-wordpress\/ -->\n<title>Collant long avec bretelles (ancien) - Club des Cent Cols<\/title>\n<meta name=\"robots\" content=\"index, follow, max-snippet:-1, max-image-preview:large, max-video-preview:-1\" \/>\n<link rel=\"canonical\" href=\"https:\/\/centcols.org\/boutique\/produit\/collant-long-avec-bretelles-ancien\/\" \/>\n<meta property=\"og:locale\" content=\"fr_FR\" \/>\n<meta property=\"og:type\" content=\"article\" \/>\n<meta property=\"og:title\" content=\"Collant long avec bretelles (ancien) - Club des Cent Cols\" \/>\n<meta property=\"og:description\" content=\"La mati\u00e8re SUPER ROUBAIX garde la chaleur tout en \u00e9tant respirante et souple. Bretelles tr\u00e8s souples pour le confort, plus facile pour ajuster suivant la stature, zip tr\u00e8s pratique \u00e0 l&#039;avant et pattes sous pieds.\" \/>\n<meta property=\"og:url\" content=\"https:\/\/centcols.org\/boutique\/produit\/collant-long-avec-bretelles-ancien\/\" \/>\n<meta property=\"og:site_name\" content=\"Club des Cent Cols\" \/>\n<meta property=\"article:modified_time\" content=\"2025-10-24T14:37:52+00:00\" \/>\n<meta property=\"og:image\" content=\"https:\/\/centcols.org\/boutique\/wp-content\/uploads\/2025\/04\/image-12.jpg\" \/>\n\t<meta property=\"og:image:width\" content=\"800\" \/>\n\t<meta property=\"og:image:height\" content=\"800\" \/>\n\t<meta property=\"og:image:type\" content=\"image\/jpeg\" \/>\n<meta name=\"twitter:card\" content=\"summary_large_image\" \/>\n<script type=\"application\/ld+json\" class=\"yoast-schema-graph\">{\"@context\":\"https:\\\/\\\/schema.org\",\"@graph\":[{\"@type\":\"WebPage\",\"@id\":\"https:\\\/\\\/centcols.org\\\/boutique\\\/produit\\\/collant-long-avec-bretelles-ancien\\\/\",\"url\":\"https:\\\/\\\/centcols.org\\\/boutique\\\/produit\\\/collant-long-avec-bretelles-ancien\\\/\",\"name\":\"Collant long avec bretelles (ancien) - Club des Cent Cols\",\"isPartOf\":{\"@id\":\"https:\\\/\\\/centcols.org\\\/boutique\\\/#website\"},\"primaryImageOfPage\":{\"@id\":\"https:\\\/\\\/centcols.org\\\/boutique\\\/produit\\\/collant-long-avec-bretelles-ancien\\\/#primaryimage\"},\"image\":{\"@id\":\"https:\\\/\\\/centcols.org\\\/boutique\\\/produit\\\/collant-long-avec-bretelles-ancien\\\/#primaryimage\"},\"thumbnailUrl\":\"https:\\\/\\\/centcols.org\\\/boutique\\\/wp-content\\\/uploads\\\/2025\\\/04\\\/image-12.jpg\",\"datePublished\":\"2025-04-22T07:12:29+00:00\",\"dateModified\":\"2025-10-24T14:37:52+00:00\",\"breadcrumb\":{\"@id\":\"https:\\\/\\\/centcols.org\\\/boutique\\\/produit\\\/collant-long-avec-bretelles-ancien\\\/#breadcrumb\"},\"inLanguage\":\"fr-FR\",\"potentialAction\":[{\"@type\":\"ReadAction\",\"target\":[\"https:\\\/\\\/centcols.org\\\/boutique\\\/produit\\\/collant-long-avec-bretelles-ancien\\\/\"]}]},{\"@type\":\"ImageObject\",\"inLanguage\":\"fr-FR\",\"@id\":\"https:\\\/\\\/centcols.org\\\/boutique\\\/produit\\\/collant-long-avec-bretelles-ancien\\\/#primaryimage\",\"url\":\"https:\\\/\\\/centcols.org\\\/boutique\\\/wp-content\\\/uploads\\\/2025\\\/04\\\/image-12.jpg\",\"contentUrl\":\"https:\\\/\\\/centcols.org\\\/boutique\\\/wp-content\\\/uploads\\\/2025\\\/04\\\/image-12.jpg\",\"width\":800,\"height\":800},{\"@type\":\"BreadcrumbList\",\"@id\":\"https:\\\/\\\/centcols.org\\\/boutique\\\/produit\\\/collant-long-avec-bretelles-ancien\\\/#breadcrumb\",\"itemListElement\":[{\"@type\":\"ListItem\",\"position\":1,\"name\":\"Accueil\",\"item\":\"https:\\\/\\\/centcols.org\\\/boutique\\\/\"},{\"@type\":\"ListItem\",\"position\":2,\"name\":\"V\u00eatements\",\"item\":\"https:\\\/\\\/centcols.org\\\/boutique\\\/categorie-produit\\\/vetements\\\/\"},{\"@type\":\"ListItem\",\"position\":3,\"name\":\"Collant long avec bretelles (ancien)\"}]},{\"@type\":\"WebSite\",\"@id\":\"https:\\\/\\\/centcols.org\\\/boutique\\\/#website\",\"url\":\"https:\\\/\\\/centcols.org\\\/boutique\\\/\",\"name\":\"Club des Cent Cols\",\"description\":\"\",\"potentialAction\":[{\"@type\":\"SearchAction\",\"target\":{\"@type\":\"EntryPoint\",\"urlTemplate\":\"https:\\\/\\\/centcols.org\\\/boutique\\\/?s={search_term_string}\"},\"query-input\":{\"@type\":\"PropertyValueSpecification\",\"valueRequired\":true,\"valueName\":\"search_term_string\"}}],\"inLanguage\":\"fr-FR\"}]}<\/script>\n<!-- \/ Yoast SEO plugin. -->","yoast_head_json":{"title":"Collant long avec bretelles (ancien) - Club des Cent Cols","robots":{"index":"index","follow":"follow","max-snippet":"max-snippet:-1","max-image-preview":"max-image-preview:large","max-video-preview":"max-video-preview:-1"},"canonical":"https:\/\/centcols.org\/boutique\/produit\/collant-long-avec-bretelles-ancien\/","og_locale":"fr_FR","og_type":"article","og_title":"Collant long avec bretelles (ancien) - Club des Cent Cols","og_description":"La mati\u00e8re SUPER ROUBAIX garde la chaleur tout en \u00e9tant respirante et souple. Bretelles tr\u00e8s souples pour le confort, plus facile pour ajuster suivant la stature, zip tr\u00e8s pratique \u00e0 l'avant et pattes sous pieds.","og_url":"https:\/\/centcols.org\/boutique\/produit\/collant-long-avec-bretelles-ancien\/","og_site_name":"Club des Cent Cols","article_modified_time":"2025-10-24T14:37:52+00:00","og_image":[{"width":800,"height":800,"url":"https:\/\/centcols.org\/boutique\/wp-content\/uploads\/2025\/04\/image-12.jpg","type":"image\/jpeg"}],"twitter_card":"summary_large_image","schema":{"@context":"https:\/\/schema.org","@graph":[{"@type":"WebPage","@id":"https:\/\/centcols.org\/boutique\/produit\/collant-long-avec-bretelles-ancien\/","url":"https:\/\/centcols.org\/boutique\/produit\/collant-long-avec-bretelles-ancien\/","name":"Collant long avec bretelles (ancien) - Club des Cent Cols","isPartOf":{"@id":"https:\/\/centcols.org\/boutique\/#website"},"primaryImageOfPage":{"@id":"https:\/\/centcols.org\/boutique\/produit\/collant-long-avec-bretelles-ancien\/#primaryimage"},"image":{"@id":"https:\/\/centcols.org\/boutique\/produit\/collant-long-avec-bretelles-ancien\/#primaryimage"},"thumbnailUrl":"https:\/\/centcols.org\/boutique\/wp-content\/uploads\/2025\/04\/image-12.jpg","datePublished":"2025-04-22T07:12:29+00:00","dateModified":"2025-10-24T14:37:52+00:00","breadcrumb":{"@id":"https:\/\/centcols.org\/boutique\/produit\/collant-long-avec-bretelles-ancien\/#breadcrumb"},"inLanguage":"fr-FR","potentialAction":[{"@type":"ReadAction","target":["https:\/\/centcols.org\/boutique\/produit\/collant-long-avec-bretelles-ancien\/"]}]},{"@type":"ImageObject","inLanguage":"fr-FR","@id":"https:\/\/centcols.org\/boutique\/produit\/collant-long-avec-bretelles-ancien\/#primaryimage","url":"https:\/\/centcols.org\/boutique\/wp-content\/uploads\/2025\/04\/image-12.jpg","contentUrl":"https:\/\/centcols.org\/boutique\/wp-content\/uploads\/2025\/04\/image-12.jpg","width":800,"height":800},{"@type":"BreadcrumbList","@id":"https:\/\/centcols.org\/boutique\/produit\/collant-long-avec-bretelles-ancien\/#breadcrumb","itemListElement":[{"@type":"ListItem","position":1,"name":"Accueil","item":"https:\/\/centcols.org\/boutique\/"},{"@type":"ListItem","position":2,"name":"V\u00eatements","item":"https:\/\/centcols.org\/boutique\/categorie-produit\/vetements\/"},{"@type":"ListItem","position":3,"name":"Collant long avec bretelles (ancien)"}]},{"@type":"WebSite","@id":"https:\/\/centcols.org\/boutique\/#website","url":"https:\/\/centcols.org\/boutique\/","name":"Club des Cent Cols","description":"","potentialAction":[{"@type":"SearchAction","target":{"@type":"EntryPoint","urlTemplate":"https:\/\/centcols.org\/boutique\/?s={search_term_string}"},"query-input":{"@type":"PropertyValueSpecification","valueRequired":true,"valueName":"search_term_string"}}],"inLanguage":"fr-FR"}]}},"_links":{"self":[{"href":"https:\/\/centcols.org\/boutique\/wp-json\/wp\/v2\/product\/555","targetHints":{"allow":["GET"]}}],"collection":[{"href":"https:\/\/centcols.org\/boutique\/wp-json\/wp\/v2\/product"}],"about":[{"href":"https:\/\/centcols.org\/boutique\/wp-json\/wp\/v2\/types\/product"}],"replies":[{"embeddable":true,"href":"https:\/\/centcols.org\/boutique\/wp-json\/wp\/v2\/comments?post=555"}],"wp:featuredmedia":[{"embeddable":true,"href":"https:\/\/centcols.org\/boutique\/wp-json\/wp\/v2\/media\/591"}],"wp:attachment":[{"href":"https:\/\/centcols.org\/boutique\/wp-json\/wp\/v2\/media?parent=555"}],"wp:term":[{"taxonomy":"product_brand","embeddable":true,"href":"https:\/\/centcols.org\/boutique\/wp-json\/wp\/v2\/product_brand?post=555"},{"taxonomy":"product_cat","embeddable":true,"href":"https:\/\/centcols.org\/boutique\/wp-json\/wp\/v2\/product_cat?post=555"},{"taxonomy":"product_tag","embeddable":true,"href":"https:\/\/centcols.org\/boutique\/wp-json\/wp\/v2\/product_tag?post=555"}],"curies":[{"name":"wp","href":"https:\/\/api.w.org\/{rel}","templated":true}]}}