{"id":581,"date":"2025-04-22T09:12:50","date_gmt":"2025-04-22T07:12:50","guid":{"rendered":"https:\/\/centcols.org\/boutique\/?post_type=product&#038;p=581"},"modified":"2025-10-16T19:11:58","modified_gmt":"2025-10-16T17:11:58","slug":"catalogue-es","status":"publish","type":"product","link":"https:\/\/centcols.org\/boutique\/produit\/catalogue-es\/","title":{"rendered":"Catalogue des cols d&rsquo;Espagne"},"content":{"rendered":"<p>La derni\u00e8re \u00e9dition de ce catalogue r\u00e9pertorie plus de 18 000 cols correspondant \u00e0 la  <a href=\"\/regle-du-jeu\/\">r\u00e8gle du jeu<\/a> du Club des Cent Cols.<\/p>\n<p>Ce catalogue est la r\u00e9f\u00e9rence des cols d\u2019Espagne. Les listes annuelles des cols que vous avez grimp\u00e9s en Espagne doivent se r\u00e9f\u00e9rer aux codes de ce catalogue et non plus aux anciens catalogues partiels.<\/p>\n<p>Ce catalogue est en t\u00e9l\u00e9chargement gratuit pour les membres du club depuis la <a href=\"\/membres\/outils\/telecat.php\">page de t\u00e9l\u00e9chargement<\/a>.<\/p>\n<h3 style=\"text-align: justify;\">Vous pouvez lire la pr\u00e9sentation du catalogue dans une des langues suivantes :<\/h3>\n<ul>\n<li style=\"text-align: justify;\"><a href=\"\/documents\/catalogues\/es\/Notice-ES-2019-es.pdf\" target=\"_blank\" rel=\"noopener noreferrer\">ES\u00a0\u00a0\u00a0 Presentaci\u00f3n del Cat\u00e1logo de los Puertos de Espa\u00f1a en espa\u00f1ol<\/a><\/li>\n<li style=\"text-align: justify;\"><a href=\"\/catalogues\/notice.php?cat=es&amp;lang=ca\" target=\"_blank\" rel=\"noopener noreferrer\">CA\u00a0\u00a0\u00a0 Presentaci\u00f3 del Cat\u00e0leg de colls d\u2019Espanya en catal\u00e0<\/a><\/li>\n<li style=\"text-align: justify;\"><a href=\"\/catalogues\/notice.php?cat=es&amp;lang=fr\" target=\"_blank\" rel=\"noopener noreferrer\">FR\u00a0\u00a0\u00a0 Pr\u00e9sentation du catalogue des cols d\u2019Espagne en fran\u00e7ais<\/a><\/li>\n<li style=\"text-align: justify;\"><a href=\"\/catalogues\/notice.php?cat=es&amp;lang=en\" target=\"_blank\" rel=\"noopener noreferrer\">EN\u00a0\u00a0\u00a0 Presentation of the Catalogue of Spanish passes in English<\/a><\/li>\n<\/ul>\n","protected":false},"excerpt":{"rendered":"<p style=\"text-align: justify;\">Ces cols sont situ\u00e9s \u00e0 travers l\u2019Espagne p\u00e9ninsulaire, les Bal\u00e9ares et les Canaries. Il est l\u2019aboutissement de plusieurs ann\u00e9es et de milliers d\u2019heures de travail par quatre membres du club : Graham Cutting, Alain Gillodes, Bernard Pommel et Ludger Vorberg. Ont \u00e9galement particip\u00e9 Ren\u00e9 Poty comme v\u00e9rificateur, ainsi que Mario Labelle et Philippe Carrez pour le c\u00f4t\u00e9 technique.<\/p>\n<p>T\u00e9l\u00e9chargez un <a href=\"https:\/\/www.centcols.org\/wp-content\/uploads\/2015\/03\/ES-off-2014_exemple.xls\" target=\"_blank\" rel=\"noopener noreferrer\">\u00e9chantillon de 50 cols<\/a> tir\u00e9s du catalogue informatique pour vous en faire une id\u00e9e avant de l\u2019acheter.<\/p>\n","protected":false},"featured_media":598,"comment_status":"closed","ping_status":"closed","template":"","meta":{"_acf_changed":false},"product_brand":[],"product_cat":[29,30],"product_tag":[],"class_list":{"0":"post-581","1":"product","2":"type-product","3":"status-publish","4":"has-post-thumbnail","6":"product_cat-catalogues-de-cols","7":"product_cat-catalogues-de-cols-europe","11":"first","12":"instock","13":"shipping-taxable","14":"purchasable","15":"product-type-variable","16":"has-default-attributes"},"acf":[],"yoast_head":"<!-- This site is optimized with the Yoast SEO plugin v27.4 - https:\/\/yoast.com\/product\/yoast-seo-wordpress\/ -->\n<title>Catalogue des cols d&#039;Espagne - Club des Cent Cols<\/title>\n<meta name=\"robots\" content=\"index, follow, max-snippet:-1, max-image-preview:large, max-video-preview:-1\" \/>\n<link rel=\"canonical\" href=\"https:\/\/centcols.org\/boutique\/produit\/catalogue-es\/\" \/>\n<meta property=\"og:locale\" content=\"fr_FR\" \/>\n<meta property=\"og:type\" content=\"article\" \/>\n<meta property=\"og:title\" content=\"Catalogue des cols d&#039;Espagne - Club des Cent Cols\" \/>\n<meta property=\"og:description\" content=\"Ces cols sont situ\u00e9s \u00e0 travers l\u2019Espagne p\u00e9ninsulaire, les Bal\u00e9ares et les Canaries. Il est l\u2019aboutissement de plusieurs ann\u00e9es et de milliers d\u2019heures de travail par quatre membres du club : Graham Cutting, Alain Gillodes, Bernard Pommel et Ludger Vorberg. Ont \u00e9galement particip\u00e9 Ren\u00e9 Poty comme v\u00e9rificateur, ainsi que Mario Labelle et Philippe Carrez pour le c\u00f4t\u00e9 technique.  T\u00e9l\u00e9chargez un \u00e9chantillon de 50 cols tir\u00e9s du catalogue informatique pour vous en faire une id\u00e9e avant de l\u2019acheter.\" \/>\n<meta property=\"og:url\" content=\"https:\/\/centcols.org\/boutique\/produit\/catalogue-es\/\" \/>\n<meta property=\"og:site_name\" content=\"Club des Cent Cols\" \/>\n<meta property=\"article:modified_time\" content=\"2025-10-16T17:11:58+00:00\" \/>\n<meta property=\"og:image\" content=\"https:\/\/centcols.org\/boutique\/wp-content\/uploads\/2025\/04\/Vignette-Espagne.jpg\" \/>\n\t<meta property=\"og:image:width\" content=\"600\" \/>\n\t<meta property=\"og:image:height\" content=\"600\" \/>\n\t<meta property=\"og:image:type\" content=\"image\/jpeg\" \/>\n<meta name=\"twitter:card\" content=\"summary_large_image\" \/>\n<meta name=\"twitter:label1\" content=\"Dur\u00e9e de lecture estim\u00e9e\" \/>\n\t<meta name=\"twitter:data1\" content=\"1 minute\" \/>\n<script type=\"application\/ld+json\" class=\"yoast-schema-graph\">{\"@context\":\"https:\\\/\\\/schema.org\",\"@graph\":[{\"@type\":\"WebPage\",\"@id\":\"https:\\\/\\\/centcols.org\\\/boutique\\\/produit\\\/catalogue-es\\\/\",\"url\":\"https:\\\/\\\/centcols.org\\\/boutique\\\/produit\\\/catalogue-es\\\/\",\"name\":\"Catalogue des cols d'Espagne - Club des Cent Cols\",\"isPartOf\":{\"@id\":\"https:\\\/\\\/centcols.org\\\/boutique\\\/#website\"},\"primaryImageOfPage\":{\"@id\":\"https:\\\/\\\/centcols.org\\\/boutique\\\/produit\\\/catalogue-es\\\/#primaryimage\"},\"image\":{\"@id\":\"https:\\\/\\\/centcols.org\\\/boutique\\\/produit\\\/catalogue-es\\\/#primaryimage\"},\"thumbnailUrl\":\"https:\\\/\\\/centcols.org\\\/boutique\\\/wp-content\\\/uploads\\\/2025\\\/04\\\/Vignette-Espagne.jpg\",\"datePublished\":\"2025-04-22T07:12:50+00:00\",\"dateModified\":\"2025-10-16T17:11:58+00:00\",\"breadcrumb\":{\"@id\":\"https:\\\/\\\/centcols.org\\\/boutique\\\/produit\\\/catalogue-es\\\/#breadcrumb\"},\"inLanguage\":\"fr-FR\",\"potentialAction\":[{\"@type\":\"ReadAction\",\"target\":[\"https:\\\/\\\/centcols.org\\\/boutique\\\/produit\\\/catalogue-es\\\/\"]}]},{\"@type\":\"ImageObject\",\"inLanguage\":\"fr-FR\",\"@id\":\"https:\\\/\\\/centcols.org\\\/boutique\\\/produit\\\/catalogue-es\\\/#primaryimage\",\"url\":\"https:\\\/\\\/centcols.org\\\/boutique\\\/wp-content\\\/uploads\\\/2025\\\/04\\\/Vignette-Espagne.jpg\",\"contentUrl\":\"https:\\\/\\\/centcols.org\\\/boutique\\\/wp-content\\\/uploads\\\/2025\\\/04\\\/Vignette-Espagne.jpg\",\"width\":600,\"height\":600},{\"@type\":\"BreadcrumbList\",\"@id\":\"https:\\\/\\\/centcols.org\\\/boutique\\\/produit\\\/catalogue-es\\\/#breadcrumb\",\"itemListElement\":[{\"@type\":\"ListItem\",\"position\":1,\"name\":\"Accueil\",\"item\":\"https:\\\/\\\/centcols.org\\\/boutique\\\/\"},{\"@type\":\"ListItem\",\"position\":2,\"name\":\"Catalogues de cols\",\"item\":\"https:\\\/\\\/centcols.org\\\/boutique\\\/categorie-produit\\\/catalogues-de-cols\\\/\"},{\"@type\":\"ListItem\",\"position\":3,\"name\":\"Catalogues de cols: Europe\",\"item\":\"https:\\\/\\\/centcols.org\\\/boutique\\\/categorie-produit\\\/catalogues-de-cols\\\/catalogues-de-cols-europe\\\/\"},{\"@type\":\"ListItem\",\"position\":4,\"name\":\"Catalogue des cols d&rsquo;Espagne\"}]},{\"@type\":\"WebSite\",\"@id\":\"https:\\\/\\\/centcols.org\\\/boutique\\\/#website\",\"url\":\"https:\\\/\\\/centcols.org\\\/boutique\\\/\",\"name\":\"Club des Cent Cols\",\"description\":\"\",\"potentialAction\":[{\"@type\":\"SearchAction\",\"target\":{\"@type\":\"EntryPoint\",\"urlTemplate\":\"https:\\\/\\\/centcols.org\\\/boutique\\\/?s={search_term_string}\"},\"query-input\":{\"@type\":\"PropertyValueSpecification\",\"valueRequired\":true,\"valueName\":\"search_term_string\"}}],\"inLanguage\":\"fr-FR\"}]}<\/script>\n<!-- \/ Yoast SEO plugin. -->","yoast_head_json":{"title":"Catalogue des cols d'Espagne - Club des Cent Cols","robots":{"index":"index","follow":"follow","max-snippet":"max-snippet:-1","max-image-preview":"max-image-preview:large","max-video-preview":"max-video-preview:-1"},"canonical":"https:\/\/centcols.org\/boutique\/produit\/catalogue-es\/","og_locale":"fr_FR","og_type":"article","og_title":"Catalogue des cols d'Espagne - Club des Cent Cols","og_description":"Ces cols sont situ\u00e9s \u00e0 travers l\u2019Espagne p\u00e9ninsulaire, les Bal\u00e9ares et les Canaries. Il est l\u2019aboutissement de plusieurs ann\u00e9es et de milliers d\u2019heures de travail par quatre membres du club : Graham Cutting, Alain Gillodes, Bernard Pommel et Ludger Vorberg. Ont \u00e9galement particip\u00e9 Ren\u00e9 Poty comme v\u00e9rificateur, ainsi que Mario Labelle et Philippe Carrez pour le c\u00f4t\u00e9 technique.  T\u00e9l\u00e9chargez un \u00e9chantillon de 50 cols tir\u00e9s du catalogue informatique pour vous en faire une id\u00e9e avant de l\u2019acheter.","og_url":"https:\/\/centcols.org\/boutique\/produit\/catalogue-es\/","og_site_name":"Club des Cent Cols","article_modified_time":"2025-10-16T17:11:58+00:00","og_image":[{"width":600,"height":600,"url":"https:\/\/centcols.org\/boutique\/wp-content\/uploads\/2025\/04\/Vignette-Espagne.jpg","type":"image\/jpeg"}],"twitter_card":"summary_large_image","twitter_misc":{"Dur\u00e9e de lecture estim\u00e9e":"1 minute"},"schema":{"@context":"https:\/\/schema.org","@graph":[{"@type":"WebPage","@id":"https:\/\/centcols.org\/boutique\/produit\/catalogue-es\/","url":"https:\/\/centcols.org\/boutique\/produit\/catalogue-es\/","name":"Catalogue des cols d'Espagne - Club des Cent Cols","isPartOf":{"@id":"https:\/\/centcols.org\/boutique\/#website"},"primaryImageOfPage":{"@id":"https:\/\/centcols.org\/boutique\/produit\/catalogue-es\/#primaryimage"},"image":{"@id":"https:\/\/centcols.org\/boutique\/produit\/catalogue-es\/#primaryimage"},"thumbnailUrl":"https:\/\/centcols.org\/boutique\/wp-content\/uploads\/2025\/04\/Vignette-Espagne.jpg","datePublished":"2025-04-22T07:12:50+00:00","dateModified":"2025-10-16T17:11:58+00:00","breadcrumb":{"@id":"https:\/\/centcols.org\/boutique\/produit\/catalogue-es\/#breadcrumb"},"inLanguage":"fr-FR","potentialAction":[{"@type":"ReadAction","target":["https:\/\/centcols.org\/boutique\/produit\/catalogue-es\/"]}]},{"@type":"ImageObject","inLanguage":"fr-FR","@id":"https:\/\/centcols.org\/boutique\/produit\/catalogue-es\/#primaryimage","url":"https:\/\/centcols.org\/boutique\/wp-content\/uploads\/2025\/04\/Vignette-Espagne.jpg","contentUrl":"https:\/\/centcols.org\/boutique\/wp-content\/uploads\/2025\/04\/Vignette-Espagne.jpg","width":600,"height":600},{"@type":"BreadcrumbList","@id":"https:\/\/centcols.org\/boutique\/produit\/catalogue-es\/#breadcrumb","itemListElement":[{"@type":"ListItem","position":1,"name":"Accueil","item":"https:\/\/centcols.org\/boutique\/"},{"@type":"ListItem","position":2,"name":"Catalogues de cols","item":"https:\/\/centcols.org\/boutique\/categorie-produit\/catalogues-de-cols\/"},{"@type":"ListItem","position":3,"name":"Catalogues de cols: Europe","item":"https:\/\/centcols.org\/boutique\/categorie-produit\/catalogues-de-cols\/catalogues-de-cols-europe\/"},{"@type":"ListItem","position":4,"name":"Catalogue des cols d&rsquo;Espagne"}]},{"@type":"WebSite","@id":"https:\/\/centcols.org\/boutique\/#website","url":"https:\/\/centcols.org\/boutique\/","name":"Club des Cent Cols","description":"","potentialAction":[{"@type":"SearchAction","target":{"@type":"EntryPoint","urlTemplate":"https:\/\/centcols.org\/boutique\/?s={search_term_string}"},"query-input":{"@type":"PropertyValueSpecification","valueRequired":true,"valueName":"search_term_string"}}],"inLanguage":"fr-FR"}]}},"_links":{"self":[{"href":"https:\/\/centcols.org\/boutique\/wp-json\/wp\/v2\/product\/581","targetHints":{"allow":["GET"]}}],"collection":[{"href":"https:\/\/centcols.org\/boutique\/wp-json\/wp\/v2\/product"}],"about":[{"href":"https:\/\/centcols.org\/boutique\/wp-json\/wp\/v2\/types\/product"}],"replies":[{"embeddable":true,"href":"https:\/\/centcols.org\/boutique\/wp-json\/wp\/v2\/comments?post=581"}],"wp:featuredmedia":[{"embeddable":true,"href":"https:\/\/centcols.org\/boutique\/wp-json\/wp\/v2\/media\/598"}],"wp:attachment":[{"href":"https:\/\/centcols.org\/boutique\/wp-json\/wp\/v2\/media?parent=581"}],"wp:term":[{"taxonomy":"product_brand","embeddable":true,"href":"https:\/\/centcols.org\/boutique\/wp-json\/wp\/v2\/product_brand?post=581"},{"taxonomy":"product_cat","embeddable":true,"href":"https:\/\/centcols.org\/boutique\/wp-json\/wp\/v2\/product_cat?post=581"},{"taxonomy":"product_tag","embeddable":true,"href":"https:\/\/centcols.org\/boutique\/wp-json\/wp\/v2\/product_tag?post=581"}],"curies":[{"name":"wp","href":"https:\/\/api.w.org\/{rel}","templated":true}]}}