{"id":659,"date":"2025-04-22T09:13:37","date_gmt":"2025-04-22T07:13:37","guid":{"rendered":"https:\/\/centcols.org\/boutique\/?post_type=product&#038;p=659"},"modified":"2026-04-20T22:09:14","modified_gmt":"2026-04-20T20:09:14","slug":"maillot-a-manches-courtes-pour-homme","status":"publish","type":"product","link":"https:\/\/centcols.org\/boutique\/produit\/maillot-a-manches-courtes-pour-homme\/","title":{"rendered":"Maillot \u00e0 manches courtes pour homme"},"content":{"rendered":"<blockquote><p>R\u00e9f\u00e9rez-vous au tableau des tailles ci-dessous (cm).<\/p>\n<table border=\"0\" cellspacing=\"0\">\n<colgroup span=\"8\" width=\"85\"><\/colgroup>\n<tbody>\n<tr style=\"border-color: #cccccc;\">\n<td align=\"right\" height=\"18\">\n<\/td>\n<td align=\"right\">\n<p>S<\/td>\n<td align=\"right\">\n<p>M<\/td>\n<td align=\"right\">\n<p>L<\/td>\n<td align=\"right\">\n<p>XL<\/td>\n<td align=\"right\">\n<p>XXL<\/td>\n<td align=\"right\">\n<p>3XL<\/td>\n<td align=\"right\">\n<p>4XL<\/td>\n<\/tr>\n<tr>\n<td align=\"right\" height=\"18\">\n<p>A &#8211; poitrine<\/td>\n<td align=\"right\">\n<p>90-93<\/td>\n<td align=\"right\">\n<p>94-97<\/td>\n<td align=\"right\">\n<p>98-101<\/td>\n<td align=\"right\">\n<p>102-105<\/td>\n<td align=\"right\">\n<p>106-109<\/td>\n<td align=\"right\">\n<p>110-113<\/td>\n<td align=\"right\">\n<p>114-117<\/td>\n<\/tr>\n<tr>\n<td align=\"right\" height=\"18\">\n<p>C &#8211; hanche<\/td>\n<td align=\"right\">\n<p>93-96<\/td>\n<td align=\"right\">\n<p>97-100<\/td>\n<td align=\"right\">\n<p>101-104<\/td>\n<td align=\"right\">\n<p>105-108<\/td>\n<td align=\"right\">\n<p>109-112<\/td>\n<td align=\"right\">\n<p>113-116<\/td>\n<td align=\"right\">\n<p>117-120<\/td>\n<\/tr>\n<\/tbody>\n<\/table>\n<p><img loading=\"lazy\" decoding=\"async\" class=\"alignnone size-full wp-image-34201\" src=\"https:\/\/www.centcols.org\/wp-content\/uploads\/2018\/11\/TaillesM.png\" alt=\"\" width=\"120\" height=\"300\" \/><\/p><\/blockquote>\n","protected":false},"excerpt":{"rendered":"<p>Maillot avec 3 poches \u00e0 l&rsquo;arri\u00e8re.<\/p>\n<blockquote><p>Pour les nouveaux membres disposant d&rsquo;un bon d&rsquo;achat, l&rsquo;envoyer au tr\u00e9sorier avec le ch\u00e8que.\u00a0 Pour autres moyens de paiements le saisir dans la zone \u00ab\u00a0code promo\u00a0\u00bb .<\/p><\/blockquote>\n","protected":false},"featured_media":679,"comment_status":"closed","ping_status":"closed","template":"","meta":{"_acf_changed":false},"product_brand":[],"product_cat":[33],"product_tag":[],"class_list":{"0":"post-659","1":"product","2":"type-product","3":"status-publish","4":"has-post-thumbnail","6":"product_cat-vetements","7":"product_shipping_class-port-8","10":"first","11":"instock","12":"shipping-taxable","13":"purchasable","14":"product-type-variable"},"acf":[],"yoast_head":"<!-- This site is optimized with the Yoast SEO plugin v27.4 - https:\/\/yoast.com\/product\/yoast-seo-wordpress\/ -->\n<title>Maillot \u00e0 manches courtes pour homme - Club des Cent Cols<\/title>\n<meta name=\"robots\" content=\"index, follow, max-snippet:-1, max-image-preview:large, max-video-preview:-1\" \/>\n<link rel=\"canonical\" href=\"https:\/\/centcols.org\/boutique\/produit\/maillot-a-manches-courtes-pour-homme\/\" \/>\n<meta property=\"og:locale\" content=\"fr_FR\" \/>\n<meta property=\"og:type\" content=\"article\" \/>\n<meta property=\"og:title\" content=\"Maillot \u00e0 manches courtes pour homme - Club des Cent Cols\" \/>\n<meta property=\"og:description\" content=\"Maillot avec 3 poches \u00e0 l&#039;arri\u00e8re. Pour les nouveaux membres disposant d&#039;un bon d&#039;achat, l&#039;envoyer au tr\u00e9sorier avec le ch\u00e8que.\u00a0 Pour autres moyens de paiements le saisir dans la zone &quot;code promo&quot; .\" \/>\n<meta property=\"og:url\" content=\"https:\/\/centcols.org\/boutique\/produit\/maillot-a-manches-courtes-pour-homme\/\" \/>\n<meta property=\"og:site_name\" content=\"Club des Cent Cols\" \/>\n<meta property=\"article:modified_time\" content=\"2026-04-20T20:09:14+00:00\" \/>\n<meta property=\"og:image\" content=\"https:\/\/centcols.org\/boutique\/wp-content\/uploads\/2025\/04\/maillot-court.jpg\" \/>\n\t<meta property=\"og:image:width\" content=\"600\" \/>\n\t<meta property=\"og:image:height\" content=\"600\" \/>\n\t<meta property=\"og:image:type\" content=\"image\/jpeg\" \/>\n<meta name=\"twitter:card\" content=\"summary_large_image\" \/>\n<script type=\"application\/ld+json\" class=\"yoast-schema-graph\">{\"@context\":\"https:\\\/\\\/schema.org\",\"@graph\":[{\"@type\":\"WebPage\",\"@id\":\"https:\\\/\\\/centcols.org\\\/boutique\\\/produit\\\/maillot-a-manches-courtes-pour-homme\\\/\",\"url\":\"https:\\\/\\\/centcols.org\\\/boutique\\\/produit\\\/maillot-a-manches-courtes-pour-homme\\\/\",\"name\":\"Maillot \u00e0 manches courtes pour homme - Club des Cent Cols\",\"isPartOf\":{\"@id\":\"https:\\\/\\\/centcols.org\\\/boutique\\\/#website\"},\"primaryImageOfPage\":{\"@id\":\"https:\\\/\\\/centcols.org\\\/boutique\\\/produit\\\/maillot-a-manches-courtes-pour-homme\\\/#primaryimage\"},\"image\":{\"@id\":\"https:\\\/\\\/centcols.org\\\/boutique\\\/produit\\\/maillot-a-manches-courtes-pour-homme\\\/#primaryimage\"},\"thumbnailUrl\":\"https:\\\/\\\/centcols.org\\\/boutique\\\/wp-content\\\/uploads\\\/2025\\\/04\\\/maillot-court.jpg\",\"datePublished\":\"2025-04-22T07:13:37+00:00\",\"dateModified\":\"2026-04-20T20:09:14+00:00\",\"breadcrumb\":{\"@id\":\"https:\\\/\\\/centcols.org\\\/boutique\\\/produit\\\/maillot-a-manches-courtes-pour-homme\\\/#breadcrumb\"},\"inLanguage\":\"fr-FR\",\"potentialAction\":[{\"@type\":\"ReadAction\",\"target\":[\"https:\\\/\\\/centcols.org\\\/boutique\\\/produit\\\/maillot-a-manches-courtes-pour-homme\\\/\"]}]},{\"@type\":\"ImageObject\",\"inLanguage\":\"fr-FR\",\"@id\":\"https:\\\/\\\/centcols.org\\\/boutique\\\/produit\\\/maillot-a-manches-courtes-pour-homme\\\/#primaryimage\",\"url\":\"https:\\\/\\\/centcols.org\\\/boutique\\\/wp-content\\\/uploads\\\/2025\\\/04\\\/maillot-court.jpg\",\"contentUrl\":\"https:\\\/\\\/centcols.org\\\/boutique\\\/wp-content\\\/uploads\\\/2025\\\/04\\\/maillot-court.jpg\",\"width\":600,\"height\":600},{\"@type\":\"BreadcrumbList\",\"@id\":\"https:\\\/\\\/centcols.org\\\/boutique\\\/produit\\\/maillot-a-manches-courtes-pour-homme\\\/#breadcrumb\",\"itemListElement\":[{\"@type\":\"ListItem\",\"position\":1,\"name\":\"Accueil\",\"item\":\"https:\\\/\\\/centcols.org\\\/boutique\\\/\"},{\"@type\":\"ListItem\",\"position\":2,\"name\":\"V\u00eatements\",\"item\":\"https:\\\/\\\/centcols.org\\\/boutique\\\/categorie-produit\\\/vetements\\\/\"},{\"@type\":\"ListItem\",\"position\":3,\"name\":\"Maillot \u00e0 manches courtes pour homme\"}]},{\"@type\":\"WebSite\",\"@id\":\"https:\\\/\\\/centcols.org\\\/boutique\\\/#website\",\"url\":\"https:\\\/\\\/centcols.org\\\/boutique\\\/\",\"name\":\"Club des Cent Cols\",\"description\":\"\",\"potentialAction\":[{\"@type\":\"SearchAction\",\"target\":{\"@type\":\"EntryPoint\",\"urlTemplate\":\"https:\\\/\\\/centcols.org\\\/boutique\\\/?s={search_term_string}\"},\"query-input\":{\"@type\":\"PropertyValueSpecification\",\"valueRequired\":true,\"valueName\":\"search_term_string\"}}],\"inLanguage\":\"fr-FR\"}]}<\/script>\n<!-- \/ Yoast SEO plugin. -->","yoast_head_json":{"title":"Maillot \u00e0 manches courtes pour homme - Club des Cent Cols","robots":{"index":"index","follow":"follow","max-snippet":"max-snippet:-1","max-image-preview":"max-image-preview:large","max-video-preview":"max-video-preview:-1"},"canonical":"https:\/\/centcols.org\/boutique\/produit\/maillot-a-manches-courtes-pour-homme\/","og_locale":"fr_FR","og_type":"article","og_title":"Maillot \u00e0 manches courtes pour homme - Club des Cent Cols","og_description":"Maillot avec 3 poches \u00e0 l'arri\u00e8re. Pour les nouveaux membres disposant d'un bon d'achat, l'envoyer au tr\u00e9sorier avec le ch\u00e8que.\u00a0 Pour autres moyens de paiements le saisir dans la zone \"code promo\" .","og_url":"https:\/\/centcols.org\/boutique\/produit\/maillot-a-manches-courtes-pour-homme\/","og_site_name":"Club des Cent Cols","article_modified_time":"2026-04-20T20:09:14+00:00","og_image":[{"width":600,"height":600,"url":"https:\/\/centcols.org\/boutique\/wp-content\/uploads\/2025\/04\/maillot-court.jpg","type":"image\/jpeg"}],"twitter_card":"summary_large_image","schema":{"@context":"https:\/\/schema.org","@graph":[{"@type":"WebPage","@id":"https:\/\/centcols.org\/boutique\/produit\/maillot-a-manches-courtes-pour-homme\/","url":"https:\/\/centcols.org\/boutique\/produit\/maillot-a-manches-courtes-pour-homme\/","name":"Maillot \u00e0 manches courtes pour homme - Club des Cent Cols","isPartOf":{"@id":"https:\/\/centcols.org\/boutique\/#website"},"primaryImageOfPage":{"@id":"https:\/\/centcols.org\/boutique\/produit\/maillot-a-manches-courtes-pour-homme\/#primaryimage"},"image":{"@id":"https:\/\/centcols.org\/boutique\/produit\/maillot-a-manches-courtes-pour-homme\/#primaryimage"},"thumbnailUrl":"https:\/\/centcols.org\/boutique\/wp-content\/uploads\/2025\/04\/maillot-court.jpg","datePublished":"2025-04-22T07:13:37+00:00","dateModified":"2026-04-20T20:09:14+00:00","breadcrumb":{"@id":"https:\/\/centcols.org\/boutique\/produit\/maillot-a-manches-courtes-pour-homme\/#breadcrumb"},"inLanguage":"fr-FR","potentialAction":[{"@type":"ReadAction","target":["https:\/\/centcols.org\/boutique\/produit\/maillot-a-manches-courtes-pour-homme\/"]}]},{"@type":"ImageObject","inLanguage":"fr-FR","@id":"https:\/\/centcols.org\/boutique\/produit\/maillot-a-manches-courtes-pour-homme\/#primaryimage","url":"https:\/\/centcols.org\/boutique\/wp-content\/uploads\/2025\/04\/maillot-court.jpg","contentUrl":"https:\/\/centcols.org\/boutique\/wp-content\/uploads\/2025\/04\/maillot-court.jpg","width":600,"height":600},{"@type":"BreadcrumbList","@id":"https:\/\/centcols.org\/boutique\/produit\/maillot-a-manches-courtes-pour-homme\/#breadcrumb","itemListElement":[{"@type":"ListItem","position":1,"name":"Accueil","item":"https:\/\/centcols.org\/boutique\/"},{"@type":"ListItem","position":2,"name":"V\u00eatements","item":"https:\/\/centcols.org\/boutique\/categorie-produit\/vetements\/"},{"@type":"ListItem","position":3,"name":"Maillot \u00e0 manches courtes pour homme"}]},{"@type":"WebSite","@id":"https:\/\/centcols.org\/boutique\/#website","url":"https:\/\/centcols.org\/boutique\/","name":"Club des Cent Cols","description":"","potentialAction":[{"@type":"SearchAction","target":{"@type":"EntryPoint","urlTemplate":"https:\/\/centcols.org\/boutique\/?s={search_term_string}"},"query-input":{"@type":"PropertyValueSpecification","valueRequired":true,"valueName":"search_term_string"}}],"inLanguage":"fr-FR"}]}},"_links":{"self":[{"href":"https:\/\/centcols.org\/boutique\/wp-json\/wp\/v2\/product\/659","targetHints":{"allow":["GET"]}}],"collection":[{"href":"https:\/\/centcols.org\/boutique\/wp-json\/wp\/v2\/product"}],"about":[{"href":"https:\/\/centcols.org\/boutique\/wp-json\/wp\/v2\/types\/product"}],"replies":[{"embeddable":true,"href":"https:\/\/centcols.org\/boutique\/wp-json\/wp\/v2\/comments?post=659"}],"wp:featuredmedia":[{"embeddable":true,"href":"https:\/\/centcols.org\/boutique\/wp-json\/wp\/v2\/media\/679"}],"wp:attachment":[{"href":"https:\/\/centcols.org\/boutique\/wp-json\/wp\/v2\/media?parent=659"}],"wp:term":[{"taxonomy":"product_brand","embeddable":true,"href":"https:\/\/centcols.org\/boutique\/wp-json\/wp\/v2\/product_brand?post=659"},{"taxonomy":"product_cat","embeddable":true,"href":"https:\/\/centcols.org\/boutique\/wp-json\/wp\/v2\/product_cat?post=659"},{"taxonomy":"product_tag","embeddable":true,"href":"https:\/\/centcols.org\/boutique\/wp-json\/wp\/v2\/product_tag?post=659"}],"curies":[{"name":"wp","href":"https:\/\/api.w.org\/{rel}","templated":true}]}}