{"id":684,"date":"2025-04-22T09:13:58","date_gmt":"2025-04-22T07:13:58","guid":{"rendered":"https:\/\/centcols.org\/boutique\/?post_type=product&#038;p=684"},"modified":"2026-02-27T16:22:59","modified_gmt":"2026-02-27T14:22:59","slug":"collant-long-avec-bretelles-pour-femme","status":"publish","type":"product","link":"https:\/\/centcols.org\/boutique\/produit\/collant-long-avec-bretelles-pour-femme\/","title":{"rendered":"Collant long avec bretelles pour femme"},"content":{"rendered":"<blockquote><p>Attention, les tailles sont plus petites que celles de m\u00eame d\u00e9nomination mais pour hommes. R\u00e9f\u00e9rez-vous au tableau des tailles ci-dessous (cm).<\/p>\n<table border=\"0\" cellspacing=\"0\">\n<colgroup span=\"7\" width=\"85\"><\/colgroup>\n<tbody>\n<tr>\n<td align=\"right\" height=\"18\">\n<\/td>\n<td align=\"right\">\n<p>XS<\/td>\n<td align=\"right\">\n<p>S<\/td>\n<td align=\"right\">\n<p>M<\/td>\n<td align=\"right\">\n<p>L<\/td>\n<td align=\"right\">\n<p>XL<\/td>\n<td align=\"right\">\n<p>XXL<\/td>\n<\/tr>\n<tr>\n<td align=\"right\" height=\"18\">\n<p>poitrine<\/td>\n<td align=\"right\">\n<p>78-81<\/td>\n<td align=\"right\">\n<p>82-85<\/td>\n<td align=\"right\">\n<p>86-89<\/td>\n<td align=\"right\">\n<p>90-93<\/td>\n<td align=\"right\">\n<p>94-97<\/td>\n<td align=\"right\">\n<p>98-101<\/td>\n<\/tr>\n<tr>\n<td align=\"right\" height=\"18\">\n<p>taille<\/td>\n<td align=\"right\">\n<p>61-64<\/td>\n<td align=\"right\">\n<p>65-68<\/td>\n<td align=\"right\">\n<p>69-72<\/td>\n<td align=\"right\">\n<p>73-76<\/td>\n<td align=\"right\">\n<p>77-80<\/td>\n<td align=\"right\">\n<p>81-84<\/td>\n<\/tr>\n<tr>\n<td align=\"right\" height=\"18\">\n<p>hanche<\/td>\n<td align=\"right\">\n<p>88-91<\/td>\n<td align=\"right\">\n<p>92-95<\/td>\n<td align=\"right\">\n<p>96-99<\/td>\n<td align=\"right\">\n<p>100-103<\/td>\n<td align=\"right\">\n<p>104-107<\/td>\n<td align=\"right\">\n<p>108-111<\/td>\n<\/tr>\n<tr>\n<td align=\"right\" height=\"18\">\n<p>jambe<\/td>\n<td align=\"right\">\n<p>74<\/td>\n<td align=\"right\">\n<p>76<\/td>\n<td align=\"right\">\n<p>77<\/td>\n<td align=\"right\">\n<p>78<\/td>\n<td align=\"right\">\n<p>79<\/td>\n<td align=\"right\">\n<p>80<\/td>\n<\/tr>\n<\/tbody>\n<\/table>\n<p><img loading=\"lazy\" decoding=\"async\" class=\"alignnone wp-image-34196 size-full\" src=\"https:\/\/www.centcols.org\/wp-content\/uploads\/2018\/11\/TaillesF.png\" alt=\"\" width=\"120\" height=\"300\" \/><\/p><\/blockquote>\n","protected":false},"excerpt":{"rendered":"<p>Collant avec bretelles et peau.<\/p>\n","protected":false},"featured_media":709,"comment_status":"closed","ping_status":"closed","template":"","meta":{"_acf_changed":false},"product_brand":[],"product_cat":[33],"product_tag":[],"class_list":{"0":"post-684","1":"product","2":"type-product","3":"status-publish","4":"has-post-thumbnail","6":"product_cat-vetements","7":"product_shipping_class-port-8","10":"first","11":"instock","12":"shipping-taxable","13":"purchasable","14":"product-type-variable","15":"has-default-attributes"},"acf":[],"yoast_head":"<!-- This site is optimized with the Yoast SEO plugin v27.4 - https:\/\/yoast.com\/product\/yoast-seo-wordpress\/ -->\n<title>Collant long avec bretelles pour femme - Club des Cent Cols<\/title>\n<meta name=\"robots\" content=\"index, follow, max-snippet:-1, max-image-preview:large, max-video-preview:-1\" \/>\n<link rel=\"canonical\" href=\"https:\/\/centcols.org\/boutique\/produit\/collant-long-avec-bretelles-pour-femme\/\" \/>\n<meta property=\"og:locale\" content=\"fr_FR\" \/>\n<meta property=\"og:type\" content=\"article\" \/>\n<meta property=\"og:title\" content=\"Collant long avec bretelles pour femme - Club des Cent Cols\" \/>\n<meta property=\"og:description\" content=\"Collant avec bretelles et peau.\" \/>\n<meta property=\"og:url\" content=\"https:\/\/centcols.org\/boutique\/produit\/collant-long-avec-bretelles-pour-femme\/\" \/>\n<meta property=\"og:site_name\" content=\"Club des Cent Cols\" \/>\n<meta property=\"article:modified_time\" content=\"2026-02-27T14:22:59+00:00\" \/>\n<meta property=\"og:image\" content=\"https:\/\/centcols.org\/boutique\/wp-content\/uploads\/2025\/04\/collant-long.jpg\" \/>\n\t<meta property=\"og:image:width\" content=\"600\" \/>\n\t<meta property=\"og:image:height\" content=\"600\" \/>\n\t<meta property=\"og:image:type\" content=\"image\/jpeg\" \/>\n<meta name=\"twitter:card\" content=\"summary_large_image\" \/>\n<script type=\"application\/ld+json\" class=\"yoast-schema-graph\">{\"@context\":\"https:\\\/\\\/schema.org\",\"@graph\":[{\"@type\":\"WebPage\",\"@id\":\"https:\\\/\\\/centcols.org\\\/boutique\\\/produit\\\/collant-long-avec-bretelles-pour-femme\\\/\",\"url\":\"https:\\\/\\\/centcols.org\\\/boutique\\\/produit\\\/collant-long-avec-bretelles-pour-femme\\\/\",\"name\":\"Collant long avec bretelles pour femme - Club des Cent Cols\",\"isPartOf\":{\"@id\":\"https:\\\/\\\/centcols.org\\\/boutique\\\/#website\"},\"primaryImageOfPage\":{\"@id\":\"https:\\\/\\\/centcols.org\\\/boutique\\\/produit\\\/collant-long-avec-bretelles-pour-femme\\\/#primaryimage\"},\"image\":{\"@id\":\"https:\\\/\\\/centcols.org\\\/boutique\\\/produit\\\/collant-long-avec-bretelles-pour-femme\\\/#primaryimage\"},\"thumbnailUrl\":\"https:\\\/\\\/centcols.org\\\/boutique\\\/wp-content\\\/uploads\\\/2025\\\/04\\\/collant-long.jpg\",\"datePublished\":\"2025-04-22T07:13:58+00:00\",\"dateModified\":\"2026-02-27T14:22:59+00:00\",\"breadcrumb\":{\"@id\":\"https:\\\/\\\/centcols.org\\\/boutique\\\/produit\\\/collant-long-avec-bretelles-pour-femme\\\/#breadcrumb\"},\"inLanguage\":\"fr-FR\",\"potentialAction\":[{\"@type\":\"ReadAction\",\"target\":[\"https:\\\/\\\/centcols.org\\\/boutique\\\/produit\\\/collant-long-avec-bretelles-pour-femme\\\/\"]}]},{\"@type\":\"ImageObject\",\"inLanguage\":\"fr-FR\",\"@id\":\"https:\\\/\\\/centcols.org\\\/boutique\\\/produit\\\/collant-long-avec-bretelles-pour-femme\\\/#primaryimage\",\"url\":\"https:\\\/\\\/centcols.org\\\/boutique\\\/wp-content\\\/uploads\\\/2025\\\/04\\\/collant-long.jpg\",\"contentUrl\":\"https:\\\/\\\/centcols.org\\\/boutique\\\/wp-content\\\/uploads\\\/2025\\\/04\\\/collant-long.jpg\",\"width\":600,\"height\":600},{\"@type\":\"BreadcrumbList\",\"@id\":\"https:\\\/\\\/centcols.org\\\/boutique\\\/produit\\\/collant-long-avec-bretelles-pour-femme\\\/#breadcrumb\",\"itemListElement\":[{\"@type\":\"ListItem\",\"position\":1,\"name\":\"Accueil\",\"item\":\"https:\\\/\\\/centcols.org\\\/boutique\\\/\"},{\"@type\":\"ListItem\",\"position\":2,\"name\":\"V\u00eatements\",\"item\":\"https:\\\/\\\/centcols.org\\\/boutique\\\/categorie-produit\\\/vetements\\\/\"},{\"@type\":\"ListItem\",\"position\":3,\"name\":\"Collant long avec bretelles pour femme\"}]},{\"@type\":\"WebSite\",\"@id\":\"https:\\\/\\\/centcols.org\\\/boutique\\\/#website\",\"url\":\"https:\\\/\\\/centcols.org\\\/boutique\\\/\",\"name\":\"Club des Cent Cols\",\"description\":\"\",\"potentialAction\":[{\"@type\":\"SearchAction\",\"target\":{\"@type\":\"EntryPoint\",\"urlTemplate\":\"https:\\\/\\\/centcols.org\\\/boutique\\\/?s={search_term_string}\"},\"query-input\":{\"@type\":\"PropertyValueSpecification\",\"valueRequired\":true,\"valueName\":\"search_term_string\"}}],\"inLanguage\":\"fr-FR\"}]}<\/script>\n<!-- \/ Yoast SEO plugin. -->","yoast_head_json":{"title":"Collant long avec bretelles pour femme - Club des Cent Cols","robots":{"index":"index","follow":"follow","max-snippet":"max-snippet:-1","max-image-preview":"max-image-preview:large","max-video-preview":"max-video-preview:-1"},"canonical":"https:\/\/centcols.org\/boutique\/produit\/collant-long-avec-bretelles-pour-femme\/","og_locale":"fr_FR","og_type":"article","og_title":"Collant long avec bretelles pour femme - Club des Cent Cols","og_description":"Collant avec bretelles et peau.","og_url":"https:\/\/centcols.org\/boutique\/produit\/collant-long-avec-bretelles-pour-femme\/","og_site_name":"Club des Cent Cols","article_modified_time":"2026-02-27T14:22:59+00:00","og_image":[{"width":600,"height":600,"url":"https:\/\/centcols.org\/boutique\/wp-content\/uploads\/2025\/04\/collant-long.jpg","type":"image\/jpeg"}],"twitter_card":"summary_large_image","schema":{"@context":"https:\/\/schema.org","@graph":[{"@type":"WebPage","@id":"https:\/\/centcols.org\/boutique\/produit\/collant-long-avec-bretelles-pour-femme\/","url":"https:\/\/centcols.org\/boutique\/produit\/collant-long-avec-bretelles-pour-femme\/","name":"Collant long avec bretelles pour femme - Club des Cent Cols","isPartOf":{"@id":"https:\/\/centcols.org\/boutique\/#website"},"primaryImageOfPage":{"@id":"https:\/\/centcols.org\/boutique\/produit\/collant-long-avec-bretelles-pour-femme\/#primaryimage"},"image":{"@id":"https:\/\/centcols.org\/boutique\/produit\/collant-long-avec-bretelles-pour-femme\/#primaryimage"},"thumbnailUrl":"https:\/\/centcols.org\/boutique\/wp-content\/uploads\/2025\/04\/collant-long.jpg","datePublished":"2025-04-22T07:13:58+00:00","dateModified":"2026-02-27T14:22:59+00:00","breadcrumb":{"@id":"https:\/\/centcols.org\/boutique\/produit\/collant-long-avec-bretelles-pour-femme\/#breadcrumb"},"inLanguage":"fr-FR","potentialAction":[{"@type":"ReadAction","target":["https:\/\/centcols.org\/boutique\/produit\/collant-long-avec-bretelles-pour-femme\/"]}]},{"@type":"ImageObject","inLanguage":"fr-FR","@id":"https:\/\/centcols.org\/boutique\/produit\/collant-long-avec-bretelles-pour-femme\/#primaryimage","url":"https:\/\/centcols.org\/boutique\/wp-content\/uploads\/2025\/04\/collant-long.jpg","contentUrl":"https:\/\/centcols.org\/boutique\/wp-content\/uploads\/2025\/04\/collant-long.jpg","width":600,"height":600},{"@type":"BreadcrumbList","@id":"https:\/\/centcols.org\/boutique\/produit\/collant-long-avec-bretelles-pour-femme\/#breadcrumb","itemListElement":[{"@type":"ListItem","position":1,"name":"Accueil","item":"https:\/\/centcols.org\/boutique\/"},{"@type":"ListItem","position":2,"name":"V\u00eatements","item":"https:\/\/centcols.org\/boutique\/categorie-produit\/vetements\/"},{"@type":"ListItem","position":3,"name":"Collant long avec bretelles pour femme"}]},{"@type":"WebSite","@id":"https:\/\/centcols.org\/boutique\/#website","url":"https:\/\/centcols.org\/boutique\/","name":"Club des Cent Cols","description":"","potentialAction":[{"@type":"SearchAction","target":{"@type":"EntryPoint","urlTemplate":"https:\/\/centcols.org\/boutique\/?s={search_term_string}"},"query-input":{"@type":"PropertyValueSpecification","valueRequired":true,"valueName":"search_term_string"}}],"inLanguage":"fr-FR"}]}},"_links":{"self":[{"href":"https:\/\/centcols.org\/boutique\/wp-json\/wp\/v2\/product\/684","targetHints":{"allow":["GET"]}}],"collection":[{"href":"https:\/\/centcols.org\/boutique\/wp-json\/wp\/v2\/product"}],"about":[{"href":"https:\/\/centcols.org\/boutique\/wp-json\/wp\/v2\/types\/product"}],"replies":[{"embeddable":true,"href":"https:\/\/centcols.org\/boutique\/wp-json\/wp\/v2\/comments?post=684"}],"wp:featuredmedia":[{"embeddable":true,"href":"https:\/\/centcols.org\/boutique\/wp-json\/wp\/v2\/media\/709"}],"wp:attachment":[{"href":"https:\/\/centcols.org\/boutique\/wp-json\/wp\/v2\/media?parent=684"}],"wp:term":[{"taxonomy":"product_brand","embeddable":true,"href":"https:\/\/centcols.org\/boutique\/wp-json\/wp\/v2\/product_brand?post=684"},{"taxonomy":"product_cat","embeddable":true,"href":"https:\/\/centcols.org\/boutique\/wp-json\/wp\/v2\/product_cat?post=684"},{"taxonomy":"product_tag","embeddable":true,"href":"https:\/\/centcols.org\/boutique\/wp-json\/wp\/v2\/product_tag?post=684"}],"curies":[{"name":"wp","href":"https:\/\/api.w.org\/{rel}","templated":true}]}}