{"id":777,"date":"2025-04-22T09:14:47","date_gmt":"2025-04-22T07:14:47","guid":{"rendered":"https:\/\/centcols.org\/boutique\/?post_type=product&#038;p=777"},"modified":"2025-10-16T18:58:21","modified_gmt":"2025-10-16T16:58:21","slug":"catalogue-do","status":"publish","type":"product","link":"https:\/\/centcols.org\/boutique\/produit\/catalogue-do\/","title":{"rendered":"Catalogue des cols de la R\u00e9publique Dominicaine"},"content":{"rendered":"<p>Le catalogue des cols de la R\u00e9publique Dominicaine a \u00e9t\u00e9 pr\u00e9par\u00e9 par notre Groupe de Travail \u00ab\u00a0Reste-du-Monde\u00a0\u00bb Graham Cutting et Ludger Vorberg. Publi\u00e9 pour la premi\u00e8re fois en 2021, il compte seulement 2 cols r\u00e9pondant \u00e0 la <a href=\"\/regle-du-jeu\/\">r\u00e8gle du jeu<\/a> du club.<\/p>\n<p>Ce catalogue est la r\u00e9f\u00e9rence des cols de la R\u00e9publique Dominicaine. Les listes annuelles des cols que vous avez grimp\u00e9s dans ce pays doivent donc se r\u00e9f\u00e9rer \u00e0 ce document.<\/p>\n<p>Ce catalogue est en t\u00e9l\u00e9chargement gratuit pour les membres du club depuis la <a href=\"\/membres\/outils\/telecat.php\">page de t\u00e9l\u00e9chargement<\/a>.<\/p>\n<h3>Documents annexes au catalogue<\/h3>\n<ul>\n<li><a href=\"\/catalogues\/notice.php?cat=do\" target=\"_blank\" rel=\"noopener noreferrer\">Notice du catalogue des cols de la R\u00e9publique Dominicaine<\/a><\/li>\n<\/ul>\n","protected":false},"excerpt":{"rendered":"<p>Le catalogue des cols de la R\u00e9publique Dominicaine a \u00e9t\u00e9 pr\u00e9par\u00e9 par notre Groupe de Travail \u00ab\u00a0Reste-du-Monde\u00a0\u00bb Graham Cutting et Ludger Vorberg. Publi\u00e9 pour la premi\u00e8re fois en 2021, il compte seulement 2 cols r\u00e9pondant \u00e0 la r\u00e8gle du jeu du club. Ce catalogue est la r\u00e9f\u00e9rence des cols de la R\u00e9publique Dominicaine. Les listes [&hellip;]<\/p>\n","protected":false},"featured_media":795,"comment_status":"closed","ping_status":"closed","template":"","meta":{"_acf_changed":false},"product_brand":[],"product_cat":[29,55],"product_tag":[],"class_list":{"0":"post-777","1":"product","2":"type-product","3":"status-publish","4":"has-post-thumbnail","6":"product_cat-catalogues-de-cols","7":"product_cat-catalogues-de-cols-amerique","11":"first","12":"instock","13":"shipping-taxable","14":"purchasable","15":"product-type-variable","16":"has-default-attributes"},"acf":[],"yoast_head":"<!-- This site is optimized with the Yoast SEO plugin v27.4 - https:\/\/yoast.com\/product\/yoast-seo-wordpress\/ -->\n<title>Catalogue des cols de la R\u00e9publique Dominicaine - Club des Cent Cols<\/title>\n<meta name=\"robots\" content=\"index, follow, max-snippet:-1, max-image-preview:large, max-video-preview:-1\" \/>\n<link rel=\"canonical\" href=\"https:\/\/centcols.org\/boutique\/produit\/catalogue-do\/\" \/>\n<meta property=\"og:locale\" content=\"fr_FR\" \/>\n<meta property=\"og:type\" content=\"article\" \/>\n<meta property=\"og:title\" content=\"Catalogue des cols de la R\u00e9publique Dominicaine - Club des Cent Cols\" \/>\n<meta property=\"og:description\" content=\"Le catalogue des cols de la R\u00e9publique Dominicaine a \u00e9t\u00e9 pr\u00e9par\u00e9 par notre Groupe de Travail \u00ab\u00a0Reste-du-Monde\u00a0\u00bb Graham Cutting et Ludger Vorberg. Publi\u00e9 pour la premi\u00e8re fois en 2021, il compte seulement 2 cols r\u00e9pondant \u00e0 la r\u00e8gle du jeu du club. Ce catalogue est la r\u00e9f\u00e9rence des cols de la R\u00e9publique Dominicaine. Les listes [&hellip;]\" \/>\n<meta property=\"og:url\" content=\"https:\/\/centcols.org\/boutique\/produit\/catalogue-do\/\" \/>\n<meta property=\"og:site_name\" content=\"Club des Cent Cols\" \/>\n<meta property=\"article:modified_time\" content=\"2025-10-16T16:58:21+00:00\" \/>\n<meta property=\"og:image\" content=\"https:\/\/centcols.org\/boutique\/wp-content\/uploads\/2025\/04\/vignette-do.jpg\" \/>\n\t<meta property=\"og:image:width\" content=\"600\" \/>\n\t<meta property=\"og:image:height\" content=\"600\" \/>\n\t<meta property=\"og:image:type\" content=\"image\/jpeg\" \/>\n<meta name=\"twitter:card\" content=\"summary_large_image\" \/>\n<meta name=\"twitter:label1\" content=\"Dur\u00e9e de lecture estim\u00e9e\" \/>\n\t<meta name=\"twitter:data1\" content=\"1 minute\" \/>\n<script type=\"application\/ld+json\" class=\"yoast-schema-graph\">{\"@context\":\"https:\\\/\\\/schema.org\",\"@graph\":[{\"@type\":\"WebPage\",\"@id\":\"https:\\\/\\\/centcols.org\\\/boutique\\\/produit\\\/catalogue-do\\\/\",\"url\":\"https:\\\/\\\/centcols.org\\\/boutique\\\/produit\\\/catalogue-do\\\/\",\"name\":\"Catalogue des cols de la R\u00e9publique Dominicaine - Club des Cent Cols\",\"isPartOf\":{\"@id\":\"https:\\\/\\\/centcols.org\\\/boutique\\\/#website\"},\"primaryImageOfPage\":{\"@id\":\"https:\\\/\\\/centcols.org\\\/boutique\\\/produit\\\/catalogue-do\\\/#primaryimage\"},\"image\":{\"@id\":\"https:\\\/\\\/centcols.org\\\/boutique\\\/produit\\\/catalogue-do\\\/#primaryimage\"},\"thumbnailUrl\":\"https:\\\/\\\/centcols.org\\\/boutique\\\/wp-content\\\/uploads\\\/2025\\\/04\\\/vignette-do.jpg\",\"datePublished\":\"2025-04-22T07:14:47+00:00\",\"dateModified\":\"2025-10-16T16:58:21+00:00\",\"breadcrumb\":{\"@id\":\"https:\\\/\\\/centcols.org\\\/boutique\\\/produit\\\/catalogue-do\\\/#breadcrumb\"},\"inLanguage\":\"fr-FR\",\"potentialAction\":[{\"@type\":\"ReadAction\",\"target\":[\"https:\\\/\\\/centcols.org\\\/boutique\\\/produit\\\/catalogue-do\\\/\"]}]},{\"@type\":\"ImageObject\",\"inLanguage\":\"fr-FR\",\"@id\":\"https:\\\/\\\/centcols.org\\\/boutique\\\/produit\\\/catalogue-do\\\/#primaryimage\",\"url\":\"https:\\\/\\\/centcols.org\\\/boutique\\\/wp-content\\\/uploads\\\/2025\\\/04\\\/vignette-do.jpg\",\"contentUrl\":\"https:\\\/\\\/centcols.org\\\/boutique\\\/wp-content\\\/uploads\\\/2025\\\/04\\\/vignette-do.jpg\",\"width\":600,\"height\":600},{\"@type\":\"BreadcrumbList\",\"@id\":\"https:\\\/\\\/centcols.org\\\/boutique\\\/produit\\\/catalogue-do\\\/#breadcrumb\",\"itemListElement\":[{\"@type\":\"ListItem\",\"position\":1,\"name\":\"Accueil\",\"item\":\"https:\\\/\\\/centcols.org\\\/boutique\\\/\"},{\"@type\":\"ListItem\",\"position\":2,\"name\":\"Catalogues de cols\",\"item\":\"https:\\\/\\\/centcols.org\\\/boutique\\\/categorie-produit\\\/catalogues-de-cols\\\/\"},{\"@type\":\"ListItem\",\"position\":3,\"name\":\"Catalogues de cols: Am\u00e9rique\",\"item\":\"https:\\\/\\\/centcols.org\\\/boutique\\\/categorie-produit\\\/catalogues-de-cols\\\/catalogues-de-cols-amerique\\\/\"},{\"@type\":\"ListItem\",\"position\":4,\"name\":\"Catalogue des cols de la R\u00e9publique Dominicaine\"}]},{\"@type\":\"WebSite\",\"@id\":\"https:\\\/\\\/centcols.org\\\/boutique\\\/#website\",\"url\":\"https:\\\/\\\/centcols.org\\\/boutique\\\/\",\"name\":\"Club des Cent Cols\",\"description\":\"\",\"potentialAction\":[{\"@type\":\"SearchAction\",\"target\":{\"@type\":\"EntryPoint\",\"urlTemplate\":\"https:\\\/\\\/centcols.org\\\/boutique\\\/?s={search_term_string}\"},\"query-input\":{\"@type\":\"PropertyValueSpecification\",\"valueRequired\":true,\"valueName\":\"search_term_string\"}}],\"inLanguage\":\"fr-FR\"}]}<\/script>\n<!-- \/ Yoast SEO plugin. -->","yoast_head_json":{"title":"Catalogue des cols de la R\u00e9publique Dominicaine - Club des Cent Cols","robots":{"index":"index","follow":"follow","max-snippet":"max-snippet:-1","max-image-preview":"max-image-preview:large","max-video-preview":"max-video-preview:-1"},"canonical":"https:\/\/centcols.org\/boutique\/produit\/catalogue-do\/","og_locale":"fr_FR","og_type":"article","og_title":"Catalogue des cols de la R\u00e9publique Dominicaine - Club des Cent Cols","og_description":"Le catalogue des cols de la R\u00e9publique Dominicaine a \u00e9t\u00e9 pr\u00e9par\u00e9 par notre Groupe de Travail \u00ab\u00a0Reste-du-Monde\u00a0\u00bb Graham Cutting et Ludger Vorberg. Publi\u00e9 pour la premi\u00e8re fois en 2021, il compte seulement 2 cols r\u00e9pondant \u00e0 la r\u00e8gle du jeu du club. Ce catalogue est la r\u00e9f\u00e9rence des cols de la R\u00e9publique Dominicaine. Les listes [&hellip;]","og_url":"https:\/\/centcols.org\/boutique\/produit\/catalogue-do\/","og_site_name":"Club des Cent Cols","article_modified_time":"2025-10-16T16:58:21+00:00","og_image":[{"width":600,"height":600,"url":"https:\/\/centcols.org\/boutique\/wp-content\/uploads\/2025\/04\/vignette-do.jpg","type":"image\/jpeg"}],"twitter_card":"summary_large_image","twitter_misc":{"Dur\u00e9e de lecture estim\u00e9e":"1 minute"},"schema":{"@context":"https:\/\/schema.org","@graph":[{"@type":"WebPage","@id":"https:\/\/centcols.org\/boutique\/produit\/catalogue-do\/","url":"https:\/\/centcols.org\/boutique\/produit\/catalogue-do\/","name":"Catalogue des cols de la R\u00e9publique Dominicaine - Club des Cent Cols","isPartOf":{"@id":"https:\/\/centcols.org\/boutique\/#website"},"primaryImageOfPage":{"@id":"https:\/\/centcols.org\/boutique\/produit\/catalogue-do\/#primaryimage"},"image":{"@id":"https:\/\/centcols.org\/boutique\/produit\/catalogue-do\/#primaryimage"},"thumbnailUrl":"https:\/\/centcols.org\/boutique\/wp-content\/uploads\/2025\/04\/vignette-do.jpg","datePublished":"2025-04-22T07:14:47+00:00","dateModified":"2025-10-16T16:58:21+00:00","breadcrumb":{"@id":"https:\/\/centcols.org\/boutique\/produit\/catalogue-do\/#breadcrumb"},"inLanguage":"fr-FR","potentialAction":[{"@type":"ReadAction","target":["https:\/\/centcols.org\/boutique\/produit\/catalogue-do\/"]}]},{"@type":"ImageObject","inLanguage":"fr-FR","@id":"https:\/\/centcols.org\/boutique\/produit\/catalogue-do\/#primaryimage","url":"https:\/\/centcols.org\/boutique\/wp-content\/uploads\/2025\/04\/vignette-do.jpg","contentUrl":"https:\/\/centcols.org\/boutique\/wp-content\/uploads\/2025\/04\/vignette-do.jpg","width":600,"height":600},{"@type":"BreadcrumbList","@id":"https:\/\/centcols.org\/boutique\/produit\/catalogue-do\/#breadcrumb","itemListElement":[{"@type":"ListItem","position":1,"name":"Accueil","item":"https:\/\/centcols.org\/boutique\/"},{"@type":"ListItem","position":2,"name":"Catalogues de cols","item":"https:\/\/centcols.org\/boutique\/categorie-produit\/catalogues-de-cols\/"},{"@type":"ListItem","position":3,"name":"Catalogues de cols: Am\u00e9rique","item":"https:\/\/centcols.org\/boutique\/categorie-produit\/catalogues-de-cols\/catalogues-de-cols-amerique\/"},{"@type":"ListItem","position":4,"name":"Catalogue des cols de la R\u00e9publique Dominicaine"}]},{"@type":"WebSite","@id":"https:\/\/centcols.org\/boutique\/#website","url":"https:\/\/centcols.org\/boutique\/","name":"Club des Cent Cols","description":"","potentialAction":[{"@type":"SearchAction","target":{"@type":"EntryPoint","urlTemplate":"https:\/\/centcols.org\/boutique\/?s={search_term_string}"},"query-input":{"@type":"PropertyValueSpecification","valueRequired":true,"valueName":"search_term_string"}}],"inLanguage":"fr-FR"}]}},"_links":{"self":[{"href":"https:\/\/centcols.org\/boutique\/wp-json\/wp\/v2\/product\/777","targetHints":{"allow":["GET"]}}],"collection":[{"href":"https:\/\/centcols.org\/boutique\/wp-json\/wp\/v2\/product"}],"about":[{"href":"https:\/\/centcols.org\/boutique\/wp-json\/wp\/v2\/types\/product"}],"replies":[{"embeddable":true,"href":"https:\/\/centcols.org\/boutique\/wp-json\/wp\/v2\/comments?post=777"}],"wp:featuredmedia":[{"embeddable":true,"href":"https:\/\/centcols.org\/boutique\/wp-json\/wp\/v2\/media\/795"}],"wp:attachment":[{"href":"https:\/\/centcols.org\/boutique\/wp-json\/wp\/v2\/media?parent=777"}],"wp:term":[{"taxonomy":"product_brand","embeddable":true,"href":"https:\/\/centcols.org\/boutique\/wp-json\/wp\/v2\/product_brand?post=777"},{"taxonomy":"product_cat","embeddable":true,"href":"https:\/\/centcols.org\/boutique\/wp-json\/wp\/v2\/product_cat?post=777"},{"taxonomy":"product_tag","embeddable":true,"href":"https:\/\/centcols.org\/boutique\/wp-json\/wp\/v2\/product_tag?post=777"}],"curies":[{"name":"wp","href":"https:\/\/api.w.org\/{rel}","templated":true}]}}