{"id":24,"date":"2021-07-01T17:07:44","date_gmt":"2021-07-01T15:07:44","guid":{"rendered":"https:\/\/centcols.org\/?page_id=24"},"modified":"2022-02-10T17:26:18","modified_gmt":"2022-02-10T15:26:18","slug":"rechtliche-hinweise","status":"publish","type":"page","link":"https:\/\/centcols.org\/de\/mentions-legales\/","title":{"rendered":"Rechtliche Hinweise"},"content":{"rendered":"<p>Bitte lesen Sie die vorliegenden Nutzungsbedingungen sorgf\u00e4ltig durch, bevor Sie diese Website besuchen. Wenn Sie sich auf dieser Website einloggen, stimmen Sie diesen Nutzungsbedingungen vorbehaltlos zu.<\/p>\n<h2>Ersteller und Herausgeber der Website<\/h2>\n<p>Erstellung der Website in Chamb\u00e9ry durch die Kommunikationsagentur Nouvel Oeil<br \/>\n1, rue Claude Martin - 73000 Chamb\u00e9ry<br \/>\nTel.: 04 79 68 94 48 - www.nouvel-oeil.com<\/p>\n<h2>Bedingungen f\u00fcr die Nutzung<\/h2>\n<p>Die Website wird unter Einhaltung der franz\u00f6sischen Gesetzgebung betrieben. Die Nutzung dieser Website unterliegt den vorliegenden Bedingungen. Durch die Nutzung der Website best\u00e4tigen Sie, dass Sie diese Bedingungen zur Kenntnis genommen und akzeptiert haben. Diese k\u00f6nnen jederzeit und ohne Vorank\u00fcndigung vom Herausgeber der Website ge\u00e4ndert werden.<br \/>\nDer Eigent\u00fcmer der Seite haftet in keiner Weise f\u00fcr eine missbr\u00e4uchliche Nutzung des Dienstes.<\/p>\n<h2>Beschr\u00e4nkung der Haftung<\/h2>\n<p>Die Informationen auf dieser Website sind so genau wie m\u00f6glich und die Website wird in regelm\u00e4\u00dfigen Abst\u00e4nden aktualisiert, kann aber dennoch Ungenauigkeiten, Auslassungen oder L\u00fccken enthalten. Wenn Sie eine L\u00fccke, einen Fehler oder eine scheinbare Fehlfunktion feststellen, melden Sie dies bitte per E-Mail und beschreiben Sie das Problem so genau wie m\u00f6glich (problematische Seite, ausl\u00f6sende Aktion, Art des verwendeten Computers und Browsers, ...).<\/p>\n<p>Alle heruntergeladenen Inhalte werden auf Risiko des Nutzers und unter seiner alleinigen Verantwortung heruntergeladen. Folglich kann der Eigent\u00fcmer der Website nicht f\u00fcr Sch\u00e4den am Computer des Nutzers oder f\u00fcr Datenverluste infolge des Downloads haftbar gemacht werden.<\/p>\n<p>Die Fotos sind nicht vertraglich bindend.<\/p>\n<p>F\u00fcr Hypertext-Links, die im Rahmen dieser Website zu anderen Ressourcen im Internet eingerichtet werden, kann der Eigent\u00fcmer der Website nicht haftbar gemacht werden.<\/p>\n<h2>Streitigkeiten<\/h2>\n<p>Die vorliegenden Bedingungen unterliegen den franz\u00f6sischen Gesetzen. F\u00fcr alle Streitigkeiten, die sich aus der Auslegung oder Ausf\u00fchrung dieser Bedingungen ergeben k\u00f6nnten, sind ausschlie\u00dflich die Gerichte zust\u00e4ndig, in deren Bezirk der Eigent\u00fcmer der Website seinen Sitz hat. Die Referenzsprache f\u00fcr die Beilegung eventueller Streitigkeiten ist Franz\u00f6sisch.<\/p>\n<h2>Recht auf Zugang<\/h2>\n<p>In Anwendung dieses Gesetzes haben Internetnutzer ein Recht auf Zugang, Berichtigung, \u00c4nderung und L\u00f6schung von Daten, die sie pers\u00f6nlich betreffen. Dieses Recht kann ausge\u00fcbt werden, indem man sich an den Betreiber der Website wendet: Kontakt zum Betreiber.<br \/>\nDie gesammelten pers\u00f6nlichen Informationen werden unter keinen Umst\u00e4nden Dritten anvertraut, au\u00dfer f\u00fcr die eventuelle ordnungsgem\u00e4\u00dfe Ausf\u00fchrung der vom Internetnutzer bestellten Leistung.<\/p>\n<h2>Datenschutz<\/h2>\n<p>Ihre pers\u00f6nlichen Daten sind vertraulich und werden unter keinen Umst\u00e4nden an Dritte weitergegeben, au\u00dfer zur ordnungsgem\u00e4\u00dfen Durchf\u00fchrung der Dienstleistung.<\/p>\n<h2>Geistiges Eigentum<\/h2>\n<p>F\u00fcr Genehmigungen oder Informationen wenden Sie sich bitte an uns: Kontakt. F\u00fcr die Presse gelten besondere Bedingungen.<\/p>\n<p>Einige Illustrationen wurden erworben auf <a href=\"http:\/\/www.unsplash.fr\/\" target=\"_blank\" rel=\"noopener\">www.unsplash.fr<\/a> und\/oder <a href=\"http:\/\/www.freepik.fr\/\" target=\"_blank\" rel=\"noopener\">www.freepik.fr<\/a><\/p>\n<h2>Hyperlinks<\/h2>\n<p>Die Website kann Links zu anderen Websites oder anderen im Internet verf\u00fcgbaren Ressourcen anbieten.<\/p>\n<p>Der Eigent\u00fcmer der Website verf\u00fcgt \u00fcber keinerlei Mittel, um die mit seinen Websites verbundenen Websites zu kontrollieren. Der Eigent\u00fcmer der Website haftet nicht f\u00fcr die Verf\u00fcgbarkeit solcher Websites und externen Quellen und garantiert diese auch nicht. Er kann nicht f\u00fcr Sch\u00e4den jeglicher Art haftbar gemacht werden, die sich aus dem Inhalt dieser Websites oder externen Quellen ergeben, insbesondere nicht f\u00fcr Informationen, Produkte oder Dienstleistungen, die dort angeboten werden, oder f\u00fcr jegliche Nutzung, die von diesen Elementen ausgehen kann. Die mit dieser Nutzung verbundenen Risiken liegen vollst\u00e4ndig beim Internetnutzer, der sich an deren Nutzungsbedingungen halten muss.<\/p>\n<h2>Cookies<\/h2>\n<p>Diese Seite verwendet Cookies - kleine Textdateien, die auf Ihrem Rechner platziert werden, um der Seite zu helfen, eine bessere Benutzererfahrung zu bieten. Im Allgemeinen werden Cookies verwendet, um Benutzereinstellungen zu speichern, Informationen f\u00fcr Dinge wie Warenk\u00f6rbe zu speichern und anonymisierte Trackingdaten an Anwendungen von Drittanbietern wie Google Analytics zu liefern. Im Allgemeinen werden Cookies Ihr Surferlebnis verbessern. Es kann jedoch sein, dass Sie es vorziehen, Cookies auf dieser und anderen Websites zu deaktivieren. Der effektivste Weg ist die Deaktivierung von Cookies in Ihrem Browser. Wir empfehlen Ihnen, den Hilfebereich Ihres Browsers zu konsultieren oder die Website \u00dcber Cookies (in englischer Sprache) zu besuchen, die Tipps f\u00fcr alle modernen Browser bietet.<\/p>","protected":false},"excerpt":{"rendered":"<p>Merci de lire attentivement les pr\u00e9sentes modalit\u00e9s d\u2019utilisation du pr\u00e9sent site avant de le parcourir. En vous connectant sur ce site, vous acceptez sans r\u00e9serve les pr\u00e9sentes modalit\u00e9s. Cr\u00e9ateur et \u00e9diteur du site internet Cr\u00e9ation du site internet \u00e0 Chamb\u00e9ry par l\u2019Agence de communication Nouvel Oeil 1, rue Claude Martin \u2013 73000 Chamb\u00e9ry T\u00e9l : [&hellip;]<\/p>\n","protected":false},"author":2,"featured_media":0,"parent":0,"menu_order":0,"comment_status":"closed","ping_status":"closed","template":"","meta":{"_acf_changed":false,"footnotes":""},"class_list":["post-24","page","type-page","status-publish","hentry"],"acf":[],"yoast_head":"<!-- This site is optimized with the Yoast SEO plugin v27.2 - https:\/\/yoast.com\/product\/yoast-seo-wordpress\/ -->\n<title>Mentions l\u00e9gales - Club des Cent Cols<\/title>\n<meta name=\"robots\" content=\"index, follow, max-snippet:-1, max-image-preview:large, max-video-preview:-1\" \/>\n<link rel=\"canonical\" href=\"https:\/\/centcols.org\/de\/rechtliche-hinweise\/\" \/>\n<meta property=\"og:locale\" content=\"de_DE\" \/>\n<meta property=\"og:type\" content=\"article\" \/>\n<meta property=\"og:title\" content=\"Mentions l\u00e9gales - Club des Cent Cols\" \/>\n<meta property=\"og:description\" content=\"Merci de lire attentivement les pr\u00e9sentes modalit\u00e9s d\u2019utilisation du pr\u00e9sent site avant de le parcourir. En vous connectant sur ce site, vous acceptez sans r\u00e9serve les pr\u00e9sentes modalit\u00e9s. Cr\u00e9ateur et \u00e9diteur du site internet Cr\u00e9ation du site internet \u00e0 Chamb\u00e9ry par l\u2019Agence de communication Nouvel Oeil 1, rue Claude Martin \u2013 73000 Chamb\u00e9ry T\u00e9l : [&hellip;]\" \/>\n<meta property=\"og:url\" content=\"https:\/\/centcols.org\/de\/rechtliche-hinweise\/\" \/>\n<meta property=\"og:site_name\" content=\"Club des Cent Cols\" \/>\n<meta property=\"article:publisher\" content=\"https:\/\/www.facebook.com\/groups\/5261880558\/?locale=fr_FR\" \/>\n<meta property=\"article:modified_time\" content=\"2022-02-10T15:26:18+00:00\" \/>\n<meta name=\"twitter:card\" content=\"summary_large_image\" \/>\n<meta name=\"twitter:label1\" content=\"Gesch\u00e4tzte Lesezeit\" \/>\n\t<meta name=\"twitter:data1\" content=\"4\u00a0Minuten\" \/>\n<script type=\"application\/ld+json\" class=\"yoast-schema-graph\">{\"@context\":\"https:\/\/schema.org\",\"@graph\":[{\"@type\":\"WebPage\",\"@id\":\"https:\/\/centcols.org\/mentions-legales\/\",\"url\":\"https:\/\/centcols.org\/mentions-legales\/\",\"name\":\"Mentions l\u00e9gales - Club des Cent Cols\",\"isPartOf\":{\"@id\":\"https:\/\/centcols.org\/#website\"},\"datePublished\":\"2021-07-01T15:07:44+00:00\",\"dateModified\":\"2022-02-10T15:26:18+00:00\",\"breadcrumb\":{\"@id\":\"https:\/\/centcols.org\/mentions-legales\/#breadcrumb\"},\"inLanguage\":\"de\",\"potentialAction\":[{\"@type\":\"ReadAction\",\"target\":[\"https:\/\/centcols.org\/mentions-legales\/\"]}]},{\"@type\":\"BreadcrumbList\",\"@id\":\"https:\/\/centcols.org\/mentions-legales\/#breadcrumb\",\"itemListElement\":[{\"@type\":\"ListItem\",\"position\":1,\"name\":\"Accueil\",\"item\":\"https:\/\/centcols.org\/\"},{\"@type\":\"ListItem\",\"position\":2,\"name\":\"Mentions l\u00e9gales\"}]},{\"@type\":\"WebSite\",\"@id\":\"https:\/\/centcols.org\/#website\",\"url\":\"https:\/\/centcols.org\/\",\"name\":\"Club des Cent Cols\",\"description\":\"\",\"publisher\":{\"@id\":\"https:\/\/centcols.org\/#organization\"},\"potentialAction\":[{\"@type\":\"SearchAction\",\"target\":{\"@type\":\"EntryPoint\",\"urlTemplate\":\"https:\/\/centcols.org\/?s={search_term_string}\"},\"query-input\":{\"@type\":\"PropertyValueSpecification\",\"valueRequired\":true,\"valueName\":\"search_term_string\"}}],\"inLanguage\":\"de\"},{\"@type\":\"Organization\",\"@id\":\"https:\/\/centcols.org\/#organization\",\"name\":\"Club des Cent Cols\",\"url\":\"https:\/\/centcols.org\/\",\"logo\":{\"@type\":\"ImageObject\",\"inLanguage\":\"de\",\"@id\":\"https:\/\/centcols.org\/#\/schema\/logo\/image\/\",\"url\":\"https:\/\/centcols.org\/wp-content\/uploads\/2025\/01\/carte-icone.png\",\"contentUrl\":\"https:\/\/centcols.org\/wp-content\/uploads\/2025\/01\/carte-icone.png\",\"width\":250,\"height\":250,\"caption\":\"Club des Cent Cols\"},\"image\":{\"@id\":\"https:\/\/centcols.org\/#\/schema\/logo\/image\/\"},\"sameAs\":[\"https:\/\/www.facebook.com\/groups\/5261880558\/?locale=fr_FR\"]}]}<\/script>\n<!-- \/ Yoast SEO plugin. -->","yoast_head_json":{"title":"Rechtliche Hinweise - Club des Cent Cols","robots":{"index":"index","follow":"follow","max-snippet":"max-snippet:-1","max-image-preview":"max-image-preview:large","max-video-preview":"max-video-preview:-1"},"canonical":"https:\/\/centcols.org\/de\/rechtliche-hinweise\/","og_locale":"de_DE","og_type":"article","og_title":"Mentions l\u00e9gales - Club des Cent Cols","og_description":"Merci de lire attentivement les pr\u00e9sentes modalit\u00e9s d\u2019utilisation du pr\u00e9sent site avant de le parcourir. En vous connectant sur ce site, vous acceptez sans r\u00e9serve les pr\u00e9sentes modalit\u00e9s. Cr\u00e9ateur et \u00e9diteur du site internet Cr\u00e9ation du site internet \u00e0 Chamb\u00e9ry par l\u2019Agence de communication Nouvel Oeil 1, rue Claude Martin \u2013 73000 Chamb\u00e9ry T\u00e9l : [&hellip;]","og_url":"https:\/\/centcols.org\/de\/rechtliche-hinweise\/","og_site_name":"Club des Cent Cols","article_publisher":"https:\/\/www.facebook.com\/groups\/5261880558\/?locale=fr_FR","article_modified_time":"2022-02-10T15:26:18+00:00","twitter_card":"summary_large_image","twitter_misc":{"Gesch\u00e4tzte Lesezeit":"4\u00a0Minuten"},"schema":{"@context":"https:\/\/schema.org","@graph":[{"@type":"WebPage","@id":"https:\/\/centcols.org\/mentions-legales\/","url":"https:\/\/centcols.org\/mentions-legales\/","name":"Rechtliche Hinweise - Club des Cent Cols","isPartOf":{"@id":"https:\/\/centcols.org\/#website"},"datePublished":"2021-07-01T15:07:44+00:00","dateModified":"2022-02-10T15:26:18+00:00","breadcrumb":{"@id":"https:\/\/centcols.org\/mentions-legales\/#breadcrumb"},"inLanguage":"de","potentialAction":[{"@type":"ReadAction","target":["https:\/\/centcols.org\/mentions-legales\/"]}]},{"@type":"BreadcrumbList","@id":"https:\/\/centcols.org\/mentions-legales\/#breadcrumb","itemListElement":[{"@type":"ListItem","position":1,"name":"Accueil","item":"https:\/\/centcols.org\/"},{"@type":"ListItem","position":2,"name":"Mentions l\u00e9gales"}]},{"@type":"WebSite","@id":"https:\/\/centcols.org\/#website","url":"https:\/\/centcols.org\/","name":"Club des Cent Cols","description":"","publisher":{"@id":"https:\/\/centcols.org\/#organization"},"potentialAction":[{"@type":"SearchAction","target":{"@type":"EntryPoint","urlTemplate":"https:\/\/centcols.org\/?s={search_term_string}"},"query-input":{"@type":"PropertyValueSpecification","valueRequired":true,"valueName":"search_term_string"}}],"inLanguage":"de"},{"@type":"Organization","@id":"https:\/\/centcols.org\/#organization","name":"Club des Cent Cols","url":"https:\/\/centcols.org\/","logo":{"@type":"ImageObject","inLanguage":"de","@id":"https:\/\/centcols.org\/#\/schema\/logo\/image\/","url":"https:\/\/centcols.org\/wp-content\/uploads\/2025\/01\/carte-icone.png","contentUrl":"https:\/\/centcols.org\/wp-content\/uploads\/2025\/01\/carte-icone.png","width":250,"height":250,"caption":"Club des Cent Cols"},"image":{"@id":"https:\/\/centcols.org\/#\/schema\/logo\/image\/"},"sameAs":["https:\/\/www.facebook.com\/groups\/5261880558\/?locale=fr_FR"]}]}},"_links":{"self":[{"href":"https:\/\/centcols.org\/de\/wp-json\/wp\/v2\/pages\/24","targetHints":{"allow":["GET"]}}],"collection":[{"href":"https:\/\/centcols.org\/de\/wp-json\/wp\/v2\/pages"}],"about":[{"href":"https:\/\/centcols.org\/de\/wp-json\/wp\/v2\/types\/page"}],"author":[{"embeddable":true,"href":"https:\/\/centcols.org\/de\/wp-json\/wp\/v2\/users\/2"}],"replies":[{"embeddable":true,"href":"https:\/\/centcols.org\/de\/wp-json\/wp\/v2\/comments?post=24"}],"version-history":[{"count":0,"href":"https:\/\/centcols.org\/de\/wp-json\/wp\/v2\/pages\/24\/revisions"}],"wp:attachment":[{"href":"https:\/\/centcols.org\/de\/wp-json\/wp\/v2\/media?parent=24"}],"curies":[{"name":"wp","href":"https:\/\/api.w.org\/{rel}","templated":true}]}}