{"id":79323,"date":"2025-02-05T10:00:16","date_gmt":"2025-02-05T08:00:16","guid":{"rendered":"https:\/\/centcols.org\/boite-a-outils\/"},"modified":"2025-09-12T06:44:07","modified_gmt":"2025-09-12T04:44:07","slug":"tauschtipps","status":"publish","type":"page","link":"https:\/\/centcols.org\/de\/trucs-trocs\/","title":{"rendered":"Tips &amp; Anzeigen"},"content":{"rendered":"<div style=\"height:69px\" aria-hidden=\"true\" class=\"wp-block-spacer\"><\/div>\n\n\n\n<div class=\"wp-block-columns is-layout-flex wp-container-core-columns-is-layout-9d6595d7 wp-block-columns-is-layout-flex\">\n<div class=\"wp-block-column is-layout-flow wp-block-column-is-layout-flow\">\n<h2 class=\"wp-block-heading has-x-large-font-size\">\"Wie mach ich's ?\"<\/h2>\n\n\n\n<h3 class=\"wp-block-heading\">Fotos<\/h3>\n\n\n\n<ul class=\"wp-block-list\">\n<li><a href=\"\/de\/photos-de-membres\/\">Anleitung zum Einsenden von Mitgliederfotos<\/a><\/li>\n\n\n\n<li><a href=\"https:\/\/centcols.org\/de\/passfotos\/\" rel=\"noopener\">Anleitung zum Einsenden von Passfotos<\/a><\/li>\n<\/ul>\n\n\n\n<h3 class=\"wp-block-heading\">Computergebrauchsanleitungen<\/h3>\n\n\n\n<ul class=\"wp-block-list\">\n<li><a href=\"\/de\/passwort-mitgliederbereich\/\">Ein Passwort f\u00fcr den Zugang zum Mitgliederbereich erhalten<\/a><\/li>\n\n\n\n<li><a href=\"\/de\/ccway-benutzungsanleitung\/\">Benutzerhandbuch f\u00fcr ccWay<\/a><\/li>\n\n\n\n<li><a href=\"\/Videos\/ballens2021.mp4\">P\u00e4ssedatenbank, Online-Meldung und Patente (Video)<\/a><\/li>\n\n\n\n<li>F\u00fcr die Online-Erkl\u00e4rung von P\u00e4ssen: ein <a href=\"\/de\/tuto-declaration-cols\/\">kurzes Tutorial<\/a> und <a href=\"\/de\/declaration-en-ligne\/\">detaillierte Anweisungen<\/a><\/li>\n\n\n\n<li>Und auch: <a href=\"\/de\/die-doppelte-deklaration-der-passe\/\">wie man die \u00abdoppelte Meldung\u00bb von P\u00e4ssen vermeiden oder korrigieren kann<\/a><\/li>\n\n\n\n<li>Leitf\u00e4den zur Verwendung von Dateien <a href=\"\/de\/guide-dutilisation-des-fichiers-gpx\/\">GPX<\/a>, <a href=\"\/de\/guide-dutilisation-des-fichiers-kml-et-kmz\/\">KMZ<\/a> und <a href=\"\/de\/guide-dutilisation-des-fichiers-carto-exploreur\/\">Carto Explorer<\/a><\/li>\n\n\n\n<li><a href=\"\/de\/export-von-erklommenen-passen-in-ein-openrunner-konto\/\">Exportieren von erklommenen P\u00e4ssen in ein OpenRunner-Konto<\/a><\/li>\n\n\n\n<li><a href=\"\/de\/orange-messaging-stop-messages-cent-cols-daller-en-indesirables\/\">Orange Messaging: Verhindern, dass Hundert-Pass-Nachrichten in den Junk-Ordner wandern<\/a><\/li>\n<\/ul>\n\n\n\n<h3 class=\"wp-block-heading\">Passkataloge und Aktualisierungen<\/h3>\n\n\n\n<ul class=\"wp-block-list\">\n<li><a href=\"\/de\/filtermoglichkeiten-fur-passkataloge\/\">Filterm\u00f6glichkeiten f\u00fcr Passkataloge<\/a><\/li>\n\n\n\n<li><a href=\"\/de\/werkzeug-zur-aktualisierung-von-katalogen\/\">Tool zum Aktualisieren von benutzerdefinierten Katalogen<\/a> (Christophe Aug\u00e9)<\/li>\n\n\n\n<li><a href=\"\/de\/losung-von-linkproblemen-unter-office\/\">Behebung von Problemen mit Links unter Office<\/a><\/li>\n<\/ul>\n\n\n\n<h3 class=\"wp-block-heading\">Karten und GPS<\/h3>\n\n\n\n<ul class=\"wp-block-list\">\n<li><a href=\"https:\/\/centcols.org\/de\/layers-fur-ihre-gps-marcel-goll\/\">Layer\u00ab f\u00fcr Ihre GPS-Ger\u00e4te<\/a> (Marcell Goll)<\/li>\n\n\n\n<li><a href=\"https:\/\/centcols.org\/de\/gestion-des-points-dinteret\/\">Verwaltung von benutzerdefinierten Points of Interest (POIs) auf Garmin GPS-Ger\u00e4ten<\/a> (Bernard Lepin und Marcel Goll)<\/li>\n\n\n\n<li><a href=\"\/de\/eine-strecke-mit-der-software-garmin-connect-erstellen\/\">Erstellen einer Strecke mit der Software Garmin Connect<\/a> (Olivier Letoublon)<\/li>\n\n\n\n<li><a href=\"\/de\/utm-koordinaten\/\">Leitfaden f\u00fcr UTM-Koordinaten<\/a> (Patrick Schleppi)<\/li>\n<\/ul>\n\n\n\n<h3 class=\"wp-block-heading\">Lexika<\/h3>\n\n\n\n<ul class=\"wp-block-list\">\n<li><a href=\"https:\/\/centcols.org\/libre_service\/dialecte_alsacien.htm\">Els\u00e4ssischer Dialekt<\/a> (Michel De Br\u00e9bisson)<\/li>\n\n\n\n<li><a href=\"http:\/\/www.sheldonbrown.com\/fren-eng.html\">Das franz\u00f6sisch\/englische W\u00f6rterbuch der Fahrradbegriffe<\/a> (englisch)<\/li>\n<\/ul>\n\n\n\n<h3 class=\"wp-block-heading\">Verschiedene<\/h3>\n\n\n\n<ul class=\"wp-block-list\">\n<li><a href=\"https:\/\/centcols.org\/wp-content\/uploads\/2025\/02\/dossier-grimpees-france-1.pdf\" target=\"_blank\" rel=\"noreferrer noopener\">Dossier Klettern - Frankreich<\/a> (PDF von 2,5 MB) (Guy Bodoin)<\/li>\n<\/ul>\n<\/div>\n\n\n\n<div class=\"wp-block-column is-layout-flow wp-block-column-is-layout-flow\">\n<h2 class=\"wp-block-heading has-x-large-font-size\">N\u00fctzliche Links<\/h2>\n\n\n\n<h3 class=\"wp-block-heading\">Vorschriften :<\/h3>\n\n\n\n<ul class=\"wp-block-list\">\n<li><a href=\"https:\/\/www.mercantour-parcnational.fr\/fr\/raa\/2020-05-pratique-du-velo-tout-terrain-dans-le-coeur-du-parc-national\" target=\"_blank\" rel=\"noreferrer noopener\">Mountainbike-Vorschriften im Mercantour-Nationalpark<\/a><\/li>\n\n\n\n<li><a href=\"https:\/\/www.vanoise-parcnational.fr\/sites\/vanoise-parcnational.fr\/files\/available_docs\/reglementation_cycles_en_coeur_-_2022.pdf\" target=\"_blank\" rel=\"noreferrer noopener\">Vorschriften zum Fahrradverkehr im \"Vanoise\"-Nationalpark<\/a><\/li>\n\n\n\n<li><a href=\"https:\/\/cevennes-parcnational.fr\/sites\/cevennes-parcnational.fr\/files\/2023-08\/2023-06-30_DEL-20230099_Reglementation-portions-interdites-d%C3%A9conseill%C3%A9es-VTT-VAE.pdf\" target=\"_blank\" rel=\"noreferrer noopener\">Mountainbike und eBike-Vorschriften im Cevennen-Nationalpark<\/a><\/li>\n<\/ul>\n\n\n\n<h3 class=\"wp-block-heading\">Tracking von Strecken f\u00fcr gps :<\/h3>\n\n\n\n<ul class=\"wp-block-list\">\n<li><a href=\"https:\/\/www.openrunner.com\" target=\"_blank\" rel=\"noreferrer noopener\">Openrunner<\/a> : unser Klub unterh\u00e4lt eine Partnerschaft mit OpenRunner ! Beim Tourenplanen mit OpenRunner k\u00f6nnen Sie alle existierenden P\u00e4sse im Hintergrund anzeigen lassen und nach dem \u00dcberqueren als \"gemacht\" abhaken. Ein f\u00fcr unseren Klub reservierter Bereich (\u00abCent Cols\u00bb) erm\u00f6glicht es Ihnen, \u00abelektronische Strecken\u00bb mit dem Stempel \"Cent Cols\" zu hinterlegen oder herunterzuladen.\u00bb<\/li>\n<\/ul>\n\n\n\n<h3 class=\"wp-block-heading\">&nbsp;Online-Kartenansicht<\/h3>\n\n\n\n<ul class=\"wp-block-list\">\n<li><a href=\"http:\/\/www.geoportail.gouv.fr\/accueil\" target=\"_blank\" rel=\"noreferrer noopener\">Geoportal<\/a> : die Website des IGN . Visualisierung von Karten in verschiedenen Ma\u00dfst\u00e4ben, Kataster...Luftbilder<\/li>\n\n\n\n<li><a href=\"http:\/\/map.geo.admin.ch\/?\" target=\"_blank\" rel=\"noreferrer noopener\">SWISSGEO<\/a> : Visualisierung von Schweizer Karten in verschiedenen Ma\u00dfst\u00e4ben (Deutsch, Franz\u00f6sisch, Italienisch, Englisch)<\/li>\n\n\n\n<li><a href=\"http:\/\/www.austrianmap.at\/amap\/index.php?SKN=1&amp;XPX=637&amp;YPX=492\" target=\"_blank\" rel=\"noreferrer noopener\">Visualisierung von Karten <\/a><a href=\"https:\/\/maps.bev.gv.at\" target=\"_blank\" rel=\"noreferrer noopener\">\u00f6sterreichische <\/a><a href=\"http:\/\/www.austrianmap.at\/amap\/index.php?SKN=1&amp;XPX=637&amp;YPX=492\" target=\"_blank\" rel=\"noreferrer noopener\">online<\/a> (deutsch)<\/li>\n\n\n\n<li><a href=\"http:\/\/geoportal.bayern.de\/bayernatlas\/?X=5421649.25&amp;Y=4459462.00&amp;zoom=5&amp;lang=de&amp;topic=ba&amp;bgLayer=atkis&amp;catalogNodes=122\" target=\"_blank\" rel=\"noreferrer noopener\">Bayerns Karten online ansehen<\/a> (deutsch)<\/li>\n\n\n\n<li><a href=\"http:\/\/www.bing.com\/maps\/?FORM=MMREDR\" target=\"_blank\" rel=\"noreferrer noopener\">Englische Karten online ansehen<\/a> (der Ma\u00dfstab 1\/25000<sup>sten<\/sup> schl\u00e4gt die Ordnance Survey Landranger vor)<\/li>\n\n\n\n<li><a href=\"http:\/\/srv.icgc.cat\/vissir3\/\" target=\"_blank\" rel=\"noreferrer noopener\">Katalonienkarten online ansehen<\/a><\/li>\n\n\n\n<li><a href=\"http:\/\/www.topozone.com\/\" target=\"_blank\" rel=\"noreferrer noopener\">Topozone<\/a> erm\u00f6glicht es Ihnen, die topografischen Karten des USGS in verschiedenen Ma\u00dfst\u00e4ben zu betrachten; es k\u00f6nnen mehrere Suchkriterien verwendet werden (in diesem Beispiel wird der Lewis &amp; Clark Pass angezeigt).<\/li>\n<\/ul>\n\n\n\n<h3 class=\"wp-block-heading\">Werdegang, Reisen<\/h3>\n\n\n\n<ul class=\"wp-block-list\">\n<li><a href=\"https:\/\/fr.warmshowers.org\/\" target=\"_blank\" rel=\"noreferrer noopener\">Warmshowers<\/a> : die Gemeinschaft <strong>Warm Showers<\/strong> ist ein System zum kostenlosen Austausch von Unterk\u00fcnften zwischen Radwanderern auf der ganzen Welt.<\/li>\n<\/ul>\n\n\n\n<h4 class=\"wp-block-heading\">Spanien<\/h4>\n\n\n\n<ul class=\"wp-block-list\">\n<li><a href=\"http:\/\/www.nevasport.com\/sierranevada\/bici\/\" target=\"_blank\" rel=\"noreferrer noopener\">Die Sierra Nevada<\/a> : Mountainbike-Routen, Bergh\u00fctten... (Spanisch)<\/li>\n\n\n\n<li><a href=\"https:\/\/centcols.org\/libre_service\/divers\/TENERIFE.HTM\" target=\"_blank\" rel=\"noreferrer noopener\">Teneriffa<\/a> (Christian Febvay)<\/li>\n<\/ul>\n\n\n\n<h4 class=\"wp-block-heading\">Italien<\/h4>\n\n\n\n<ul class=\"wp-block-list\">\n<li><a href=\"http:\/\/peverada.it\/mtb\/percorsi\/index.html\" target=\"_blank\" rel=\"noreferrer noopener\">Mountain Bike in Piemonte<\/a> sehr gut gemacht, enth\u00e4lt unz\u00e4hlige Routen mit Beschreibung, Profilen, Fotos (italienisch)<\/li>\n<\/ul>\n\n\n\n<h4 class=\"wp-block-heading\">Schweiz<\/h4>\n\n\n\n<ul class=\"wp-block-list\">\n<li><a href=\"http:\/\/www.myswitzerland.com\/fr-fr\/accueil.html\" target=\"_blank\" rel=\"noreferrer noopener\">MySwitzerland.com<\/a>, Die allgemeine Website bietet viele interessante Routen mit Wegbeschreibung, H\u00f6henunterschied und Schwierigkeitsgrad, sogar \u00abWegpunkte\u00bb.\u00bb<\/li>\n<\/ul>\n\n\n\n<h4 class=\"wp-block-heading\">&nbsp;Vereinigte Staaten<\/h4>\n\n\n\n<ul class=\"wp-block-list\">\n<li><a href=\"https:\/\/centcols.org\/libre_service\/divers\/montee_des_usa.htm\" target=\"_blank\" rel=\"noreferrer noopener\">Liste der sch\u00f6nsten Anstiege in den USA<\/a> (Francis Cooke)<\/li>\n<\/ul>\n\n\n\n<h3 class=\"wp-block-heading\">Buchhandlung<\/h3>\n\n\n\n<ul class=\"wp-block-list\">\n<li><a href=\"https:\/\/centcols.org\/libre_service\/divers\/ou_acheter_cartes_internet.htm\">Wo man Karten im Internet kaufen kann<\/a> (Bernard Pommel)<\/li>\n\n\n\n<li><a href=\"https:\/\/centcols.org\/libre_service\/divers\/librairies_specialisees.htm\">Spezialisierte Buchhandlungen<\/a> (Bernard Pommel)<\/li>\n\n\n\n<li><a href=\"http:\/\/www.prames.com\/homepage.asp\" target=\"_blank\" rel=\"noreferrer noopener\">Aragonien: PRAMES<\/a> (Proyectos y Realizaciones Aragonesas de Montana, Escalada y Senderismo), ein Ableger des Aragonischen Bergsteigerverbands, gibt Wanderkarten heraus, haupts\u00e4chlich \u00fcber den gebirgigen Teil Aragoniens (Spanisch)<\/li>\n<\/ul>\n<\/div>\n<\/div>","protected":false},"excerpt":{"rendered":"<p>Werkzeugk\u00e4sten Fotos Computeranleitungen P\u00e4ssekataloge und Updates Karten und GPS Lexika Verschiedenes N\u00fctzliche Links Vorschriften: Plotten von Touren f\u00fcr gps: Karten online ansehen Strecken, Reisen Spanien Italien Schweiz USA Buchhandlung<\/p>","protected":false},"author":2,"featured_media":0,"parent":0,"menu_order":0,"comment_status":"open","ping_status":"closed","template":"","meta":{"_acf_changed":false,"footnotes":""},"class_list":["post-79323","page","type-page","status-publish","hentry"],"acf":[],"yoast_head":"<!-- This site is optimized with the Yoast SEO plugin v27.2 - https:\/\/yoast.com\/product\/yoast-seo-wordpress\/ -->\n<title>Trucs &amp; Trocs - Club des Cent Cols<\/title>\n<meta name=\"robots\" content=\"index, follow, max-snippet:-1, max-image-preview:large, max-video-preview:-1\" \/>\n<link rel=\"canonical\" href=\"https:\/\/centcols.org\/de\/tauschtipps\/\" \/>\n<meta property=\"og:locale\" content=\"de_DE\" \/>\n<meta property=\"og:type\" content=\"article\" \/>\n<meta property=\"og:title\" content=\"Trucs &amp; Trocs - Club des Cent Cols\" \/>\n<meta property=\"og:description\" content=\"Bo\u00eetes \u00e0 outils Photos Modes d&#8217;emploi informatiques Catalogues de cols et mises \u00e0 jour Cartes et GPS Lexiques Divers Liens utiles R\u00e8glementation : Tra\u00e7age de circuits pour gps : &nbsp;Visualisation de cartes en ligne Parcours, voyages Espagne Italie Suisse &nbsp;Etats-Unis Librairie\" \/>\n<meta property=\"og:url\" content=\"https:\/\/centcols.org\/de\/tauschtipps\/\" \/>\n<meta property=\"og:site_name\" content=\"Club des Cent Cols\" \/>\n<meta property=\"article:publisher\" content=\"https:\/\/www.facebook.com\/groups\/5261880558\/?locale=fr_FR\" \/>\n<meta property=\"article:modified_time\" content=\"2025-09-12T04:44:07+00:00\" \/>\n<meta name=\"twitter:card\" content=\"summary_large_image\" \/>\n<meta name=\"twitter:label1\" content=\"Gesch\u00e4tzte Lesezeit\" \/>\n\t<meta name=\"twitter:data1\" content=\"3\u00a0Minuten\" \/>\n<script type=\"application\/ld+json\" class=\"yoast-schema-graph\">{\"@context\":\"https:\/\/schema.org\",\"@graph\":[{\"@type\":\"WebPage\",\"@id\":\"https:\/\/centcols.org\/trucs-trocs\/\",\"url\":\"https:\/\/centcols.org\/trucs-trocs\/\",\"name\":\"Trucs &amp; Trocs - Club des Cent Cols\",\"isPartOf\":{\"@id\":\"https:\/\/centcols.org\/#website\"},\"datePublished\":\"2025-02-05T08:00:16+00:00\",\"dateModified\":\"2025-09-12T04:44:07+00:00\",\"breadcrumb\":{\"@id\":\"https:\/\/centcols.org\/trucs-trocs\/#breadcrumb\"},\"inLanguage\":\"de\",\"potentialAction\":[{\"@type\":\"ReadAction\",\"target\":[\"https:\/\/centcols.org\/trucs-trocs\/\"]}]},{\"@type\":\"BreadcrumbList\",\"@id\":\"https:\/\/centcols.org\/trucs-trocs\/#breadcrumb\",\"itemListElement\":[{\"@type\":\"ListItem\",\"position\":1,\"name\":\"Accueil\",\"item\":\"https:\/\/centcols.org\/\"},{\"@type\":\"ListItem\",\"position\":2,\"name\":\"Trucs &amp; Trocs\"}]},{\"@type\":\"WebSite\",\"@id\":\"https:\/\/centcols.org\/#website\",\"url\":\"https:\/\/centcols.org\/\",\"name\":\"Club des Cent Cols\",\"description\":\"\",\"publisher\":{\"@id\":\"https:\/\/centcols.org\/#organization\"},\"potentialAction\":[{\"@type\":\"SearchAction\",\"target\":{\"@type\":\"EntryPoint\",\"urlTemplate\":\"https:\/\/centcols.org\/?s={search_term_string}\"},\"query-input\":{\"@type\":\"PropertyValueSpecification\",\"valueRequired\":true,\"valueName\":\"search_term_string\"}}],\"inLanguage\":\"de\"},{\"@type\":\"Organization\",\"@id\":\"https:\/\/centcols.org\/#organization\",\"name\":\"Club des Cent Cols\",\"url\":\"https:\/\/centcols.org\/\",\"logo\":{\"@type\":\"ImageObject\",\"inLanguage\":\"de\",\"@id\":\"https:\/\/centcols.org\/#\/schema\/logo\/image\/\",\"url\":\"https:\/\/centcols.org\/wp-content\/uploads\/2025\/01\/carte-icone.png\",\"contentUrl\":\"https:\/\/centcols.org\/wp-content\/uploads\/2025\/01\/carte-icone.png\",\"width\":250,\"height\":250,\"caption\":\"Club des Cent Cols\"},\"image\":{\"@id\":\"https:\/\/centcols.org\/#\/schema\/logo\/image\/\"},\"sameAs\":[\"https:\/\/www.facebook.com\/groups\/5261880558\/?locale=fr_FR\"]}]}<\/script>\n<!-- \/ Yoast SEO plugin. -->","yoast_head_json":{"title":"Tausch &amp; Tr\u00f6del - Club des Cent Cols","robots":{"index":"index","follow":"follow","max-snippet":"max-snippet:-1","max-image-preview":"max-image-preview:large","max-video-preview":"max-video-preview:-1"},"canonical":"https:\/\/centcols.org\/de\/tauschtipps\/","og_locale":"de_DE","og_type":"article","og_title":"Trucs &amp; Trocs - Club des Cent Cols","og_description":"Bo\u00eetes \u00e0 outils Photos Modes d&#8217;emploi informatiques Catalogues de cols et mises \u00e0 jour Cartes et GPS Lexiques Divers Liens utiles R\u00e8glementation : Tra\u00e7age de circuits pour gps : &nbsp;Visualisation de cartes en ligne Parcours, voyages Espagne Italie Suisse &nbsp;Etats-Unis Librairie","og_url":"https:\/\/centcols.org\/de\/tauschtipps\/","og_site_name":"Club des Cent Cols","article_publisher":"https:\/\/www.facebook.com\/groups\/5261880558\/?locale=fr_FR","article_modified_time":"2025-09-12T04:44:07+00:00","twitter_card":"summary_large_image","twitter_misc":{"Gesch\u00e4tzte Lesezeit":"3\u00a0Minuten"},"schema":{"@context":"https:\/\/schema.org","@graph":[{"@type":"WebPage","@id":"https:\/\/centcols.org\/trucs-trocs\/","url":"https:\/\/centcols.org\/trucs-trocs\/","name":"Tausch &amp; Tr\u00f6del - Club des Cent Cols","isPartOf":{"@id":"https:\/\/centcols.org\/#website"},"datePublished":"2025-02-05T08:00:16+00:00","dateModified":"2025-09-12T04:44:07+00:00","breadcrumb":{"@id":"https:\/\/centcols.org\/trucs-trocs\/#breadcrumb"},"inLanguage":"de","potentialAction":[{"@type":"ReadAction","target":["https:\/\/centcols.org\/trucs-trocs\/"]}]},{"@type":"BreadcrumbList","@id":"https:\/\/centcols.org\/trucs-trocs\/#breadcrumb","itemListElement":[{"@type":"ListItem","position":1,"name":"Accueil","item":"https:\/\/centcols.org\/"},{"@type":"ListItem","position":2,"name":"Trucs &amp; Trocs"}]},{"@type":"WebSite","@id":"https:\/\/centcols.org\/#website","url":"https:\/\/centcols.org\/","name":"Club des Cent Cols","description":"","publisher":{"@id":"https:\/\/centcols.org\/#organization"},"potentialAction":[{"@type":"SearchAction","target":{"@type":"EntryPoint","urlTemplate":"https:\/\/centcols.org\/?s={search_term_string}"},"query-input":{"@type":"PropertyValueSpecification","valueRequired":true,"valueName":"search_term_string"}}],"inLanguage":"de"},{"@type":"Organization","@id":"https:\/\/centcols.org\/#organization","name":"Club des Cent Cols","url":"https:\/\/centcols.org\/","logo":{"@type":"ImageObject","inLanguage":"de","@id":"https:\/\/centcols.org\/#\/schema\/logo\/image\/","url":"https:\/\/centcols.org\/wp-content\/uploads\/2025\/01\/carte-icone.png","contentUrl":"https:\/\/centcols.org\/wp-content\/uploads\/2025\/01\/carte-icone.png","width":250,"height":250,"caption":"Club des Cent Cols"},"image":{"@id":"https:\/\/centcols.org\/#\/schema\/logo\/image\/"},"sameAs":["https:\/\/www.facebook.com\/groups\/5261880558\/?locale=fr_FR"]}]}},"_links":{"self":[{"href":"https:\/\/centcols.org\/de\/wp-json\/wp\/v2\/pages\/79323","targetHints":{"allow":["GET"]}}],"collection":[{"href":"https:\/\/centcols.org\/de\/wp-json\/wp\/v2\/pages"}],"about":[{"href":"https:\/\/centcols.org\/de\/wp-json\/wp\/v2\/types\/page"}],"author":[{"embeddable":true,"href":"https:\/\/centcols.org\/de\/wp-json\/wp\/v2\/users\/2"}],"replies":[{"embeddable":true,"href":"https:\/\/centcols.org\/de\/wp-json\/wp\/v2\/comments?post=79323"}],"version-history":[{"count":0,"href":"https:\/\/centcols.org\/de\/wp-json\/wp\/v2\/pages\/79323\/revisions"}],"wp:attachment":[{"href":"https:\/\/centcols.org\/de\/wp-json\/wp\/v2\/media?parent=79323"}],"curies":[{"name":"wp","href":"https:\/\/api.w.org\/{rel}","templated":true}]}}