{"id":79344,"date":"2025-02-05T10:00:16","date_gmt":"2025-02-05T08:00:16","guid":{"rendered":"https:\/\/centcols.org\/flux-rss\/"},"modified":"2025-02-05T10:00:16","modified_gmt":"2025-02-05T08:00:16","slug":"rss-feed","status":"publish","type":"page","link":"https:\/\/centcols.org\/de\/flux-rss\/","title":{"rendered":"RSS-Feeds"},"content":{"rendered":"<p>Eine <em>RSS-Feed<\/em> (RSS steht f\u00fcr Really Simple Syndication) ist ein Feed, der es seinen Abonnenten erm\u00f6glicht, automatisch einen Teil (Titel oder Auszug) oder die Gesamtheit eines neu erstellten Artikels abzurufen. Die <em>RSS-Feed <\/em>erm\u00f6glichen es Ihnen, die Neuigkeiten einer Website zu verfolgen, ohne dass Sie sie besuchen m\u00fcssen. Die RSS-Datei hat die F\u00e4higkeit, von den meisten neueren Webbrowsern, von speziellen Webanwendungen oder auch von auf Ihrem Computer installierten E-Mail-Programmen gelesen zu werden.<\/p>\n<p>RSS-Feeds k\u00f6nnen auch verwendet werden, um automatische Links zwischen Websites herzustellen.<\/p>\n<p><strong>Wenn Sie sich anmelden, werden Sie automatisch und in Echtzeit \u00fcber die neuesten Aktualisierungen der Website informiert.<\/strong><\/p>\n<h2>Abonnieren in einem E-Mail-Programm<\/h2>\n<p>Kopieren Sie die untenstehende Url, um den RSS-Feed in Ihrem Mailprogramm (E-Mail) zu abonnieren:<\/p>\n<p>https:\/\/centcols.org\/feed\/<\/p>\n<p><a href=\"https:\/\/centcols.org\/de\/configurer-messagerie-pour-flux-rss\/\" target=\"_blank\" rel=\"noopener noreferrer\">hier klicken, um die ausf\u00fchrliche Dokumentation zu sehen<\/a><\/p>\n<h2>Abonnieren in einem Browser<\/h2>\n<p>In den meisten Browsern wird die RSS-Funktion nicht mehr standardm\u00e4\u00dfig angeboten. Sie m\u00fcssen daher zun\u00e4chst eine Erweiterung installieren. \u00d6ffnen Sie \u00abErweiterungen\u00bb oder \u00abAdd-ons\u00bb oder eine andere entsprechende Formulierung im Men\u00fc Ihres Browsers und suchen Sie nach \u00abrss\u00bb. Welche Erweiterungen es gibt, h\u00e4ngt vom Browser ab (Firefox, Chrome, Edge, Safari, Opera...) und \u00e4ndert sich im Laufe der Zeit. Aus diesem Grund k\u00f6nnen wir Ihnen hier keine gezieltere Beratung anbieten. Machen Sie also Ihre eigene Suche unter den aktuellen Erweiterungen f\u00fcr Ihren bevorzugten Browser. Nach dieser Installation klicken Sie auf den untenstehenden Link, um sich anzumelden:<\/p>\n<p><a href=\"https:\/\/centcols.org\/de\/feed\/\" target=\"_blank\" rel=\"noopener noreferrer\">https:\/\/centcols.org\/feed\/<\/a><\/p>\n<h2>Abonnieren mit einer bestimmten Software<\/h2>\n<p>Wenn Ihre E-Mail-Software nicht die M\u00f6glichkeit bietet, einen RSS-Feed zu abonnieren, versuchen Sie es mit einer Software, die speziell f\u00fcr diese Funktion vorgesehen ist. Wir empfehlen eine Internetsuche nach \u00abrss reader for ... (oder \u00abrss reader for ...\u00bb), wobei Sie die Auslassungspunkte durch Ihr Betriebssystem (\u00ablinux\u00bb, \u00abwindows\u00bb, \u00abmac os\u00bb, \u00abandroid\u00bb...) ersetzen sollten.<\/p>\n<p>&nbsp;<\/p>","protected":false},"excerpt":{"rendered":"<p>Un flux RSS (RSS est le sigle pour Really Simple Syndication) est un flux\u00a0 permettant \u00e0 ses abonn\u00e9s de r\u00e9cup\u00e9rer automatiquement une partie (titre ou extrait) ou la totalit\u00e9 d\u2019un article nouvellement cr\u00e9\u00e9. Les flux RSS permettent de suivre l&rsquo;actualit\u00e9 d&rsquo;un site sans \u00eatre oblig\u00e9 de le visiter. Le fichier RSS a la possibilit\u00e9 d&rsquo;\u00eatre [&hellip;]<\/p>\n","protected":false},"author":2,"featured_media":0,"parent":0,"menu_order":0,"comment_status":"open","ping_status":"open","template":"","meta":{"_acf_changed":false,"footnotes":""},"class_list":["post-79344","page","type-page","status-publish","hentry"],"acf":[],"yoast_head":"<!-- This site is optimized with the Yoast SEO plugin v27.2 - https:\/\/yoast.com\/product\/yoast-seo-wordpress\/ -->\n<title>Flux RSS - Club des Cent Cols<\/title>\n<meta name=\"robots\" content=\"index, follow, max-snippet:-1, max-image-preview:large, max-video-preview:-1\" \/>\n<link rel=\"canonical\" href=\"https:\/\/centcols.org\/de\/rss-feed\/\" \/>\n<meta property=\"og:locale\" content=\"de_DE\" \/>\n<meta property=\"og:type\" content=\"article\" \/>\n<meta property=\"og:title\" content=\"Flux RSS - Club des Cent Cols\" \/>\n<meta property=\"og:description\" content=\"Un flux RSS (RSS est le sigle pour Really Simple Syndication) est un flux\u00a0 permettant \u00e0 ses abonn\u00e9s de r\u00e9cup\u00e9rer automatiquement une partie (titre ou extrait) ou la totalit\u00e9 d\u2019un article nouvellement cr\u00e9\u00e9. Les flux RSS permettent de suivre l&rsquo;actualit\u00e9 d&rsquo;un site sans \u00eatre oblig\u00e9 de le visiter. Le fichier RSS a la possibilit\u00e9 d&rsquo;\u00eatre [&hellip;]\" \/>\n<meta property=\"og:url\" content=\"https:\/\/centcols.org\/de\/rss-feed\/\" \/>\n<meta property=\"og:site_name\" content=\"Club des Cent Cols\" \/>\n<meta property=\"article:publisher\" content=\"https:\/\/www.facebook.com\/groups\/5261880558\/?locale=fr_FR\" \/>\n<meta name=\"twitter:card\" content=\"summary_large_image\" \/>\n<meta name=\"twitter:label1\" content=\"Gesch\u00e4tzte Lesezeit\" \/>\n\t<meta name=\"twitter:data1\" content=\"2\u00a0Minuten\" \/>\n<script type=\"application\/ld+json\" class=\"yoast-schema-graph\">{\"@context\":\"https:\/\/schema.org\",\"@graph\":[{\"@type\":\"WebPage\",\"@id\":\"https:\/\/centcols.org\/flux-rss\/\",\"url\":\"https:\/\/centcols.org\/flux-rss\/\",\"name\":\"Flux RSS - Club des Cent Cols\",\"isPartOf\":{\"@id\":\"https:\/\/centcols.org\/#website\"},\"datePublished\":\"2025-02-05T08:00:16+00:00\",\"breadcrumb\":{\"@id\":\"https:\/\/centcols.org\/flux-rss\/#breadcrumb\"},\"inLanguage\":\"de\",\"potentialAction\":[{\"@type\":\"ReadAction\",\"target\":[\"https:\/\/centcols.org\/flux-rss\/\"]}]},{\"@type\":\"BreadcrumbList\",\"@id\":\"https:\/\/centcols.org\/flux-rss\/#breadcrumb\",\"itemListElement\":[{\"@type\":\"ListItem\",\"position\":1,\"name\":\"Accueil\",\"item\":\"https:\/\/centcols.org\/\"},{\"@type\":\"ListItem\",\"position\":2,\"name\":\"Flux RSS\"}]},{\"@type\":\"WebSite\",\"@id\":\"https:\/\/centcols.org\/#website\",\"url\":\"https:\/\/centcols.org\/\",\"name\":\"Club des Cent Cols\",\"description\":\"\",\"publisher\":{\"@id\":\"https:\/\/centcols.org\/#organization\"},\"potentialAction\":[{\"@type\":\"SearchAction\",\"target\":{\"@type\":\"EntryPoint\",\"urlTemplate\":\"https:\/\/centcols.org\/?s={search_term_string}\"},\"query-input\":{\"@type\":\"PropertyValueSpecification\",\"valueRequired\":true,\"valueName\":\"search_term_string\"}}],\"inLanguage\":\"de\"},{\"@type\":\"Organization\",\"@id\":\"https:\/\/centcols.org\/#organization\",\"name\":\"Club des Cent Cols\",\"url\":\"https:\/\/centcols.org\/\",\"logo\":{\"@type\":\"ImageObject\",\"inLanguage\":\"de\",\"@id\":\"https:\/\/centcols.org\/#\/schema\/logo\/image\/\",\"url\":\"https:\/\/centcols.org\/wp-content\/uploads\/2025\/01\/carte-icone.png\",\"contentUrl\":\"https:\/\/centcols.org\/wp-content\/uploads\/2025\/01\/carte-icone.png\",\"width\":250,\"height\":250,\"caption\":\"Club des Cent Cols\"},\"image\":{\"@id\":\"https:\/\/centcols.org\/#\/schema\/logo\/image\/\"},\"sameAs\":[\"https:\/\/www.facebook.com\/groups\/5261880558\/?locale=fr_FR\"]}]}<\/script>\n<!-- \/ Yoast SEO plugin. -->","yoast_head_json":{"title":"RSS-Feed - Club des Cent Cols","robots":{"index":"index","follow":"follow","max-snippet":"max-snippet:-1","max-image-preview":"max-image-preview:large","max-video-preview":"max-video-preview:-1"},"canonical":"https:\/\/centcols.org\/de\/rss-feed\/","og_locale":"de_DE","og_type":"article","og_title":"Flux RSS - Club des Cent Cols","og_description":"Un flux RSS (RSS est le sigle pour Really Simple Syndication) est un flux\u00a0 permettant \u00e0 ses abonn\u00e9s de r\u00e9cup\u00e9rer automatiquement une partie (titre ou extrait) ou la totalit\u00e9 d\u2019un article nouvellement cr\u00e9\u00e9. Les flux RSS permettent de suivre l&rsquo;actualit\u00e9 d&rsquo;un site sans \u00eatre oblig\u00e9 de le visiter. Le fichier RSS a la possibilit\u00e9 d&rsquo;\u00eatre [&hellip;]","og_url":"https:\/\/centcols.org\/de\/rss-feed\/","og_site_name":"Club des Cent Cols","article_publisher":"https:\/\/www.facebook.com\/groups\/5261880558\/?locale=fr_FR","twitter_card":"summary_large_image","twitter_misc":{"Gesch\u00e4tzte Lesezeit":"2\u00a0Minuten"},"schema":{"@context":"https:\/\/schema.org","@graph":[{"@type":"WebPage","@id":"https:\/\/centcols.org\/flux-rss\/","url":"https:\/\/centcols.org\/flux-rss\/","name":"RSS-Feed - Club des Cent Cols","isPartOf":{"@id":"https:\/\/centcols.org\/#website"},"datePublished":"2025-02-05T08:00:16+00:00","breadcrumb":{"@id":"https:\/\/centcols.org\/flux-rss\/#breadcrumb"},"inLanguage":"de","potentialAction":[{"@type":"ReadAction","target":["https:\/\/centcols.org\/flux-rss\/"]}]},{"@type":"BreadcrumbList","@id":"https:\/\/centcols.org\/flux-rss\/#breadcrumb","itemListElement":[{"@type":"ListItem","position":1,"name":"Accueil","item":"https:\/\/centcols.org\/"},{"@type":"ListItem","position":2,"name":"Flux RSS"}]},{"@type":"WebSite","@id":"https:\/\/centcols.org\/#website","url":"https:\/\/centcols.org\/","name":"Club des Cent Cols","description":"","publisher":{"@id":"https:\/\/centcols.org\/#organization"},"potentialAction":[{"@type":"SearchAction","target":{"@type":"EntryPoint","urlTemplate":"https:\/\/centcols.org\/?s={search_term_string}"},"query-input":{"@type":"PropertyValueSpecification","valueRequired":true,"valueName":"search_term_string"}}],"inLanguage":"de"},{"@type":"Organization","@id":"https:\/\/centcols.org\/#organization","name":"Club des Cent Cols","url":"https:\/\/centcols.org\/","logo":{"@type":"ImageObject","inLanguage":"de","@id":"https:\/\/centcols.org\/#\/schema\/logo\/image\/","url":"https:\/\/centcols.org\/wp-content\/uploads\/2025\/01\/carte-icone.png","contentUrl":"https:\/\/centcols.org\/wp-content\/uploads\/2025\/01\/carte-icone.png","width":250,"height":250,"caption":"Club des Cent Cols"},"image":{"@id":"https:\/\/centcols.org\/#\/schema\/logo\/image\/"},"sameAs":["https:\/\/www.facebook.com\/groups\/5261880558\/?locale=fr_FR"]}]}},"_links":{"self":[{"href":"https:\/\/centcols.org\/de\/wp-json\/wp\/v2\/pages\/79344","targetHints":{"allow":["GET"]}}],"collection":[{"href":"https:\/\/centcols.org\/de\/wp-json\/wp\/v2\/pages"}],"about":[{"href":"https:\/\/centcols.org\/de\/wp-json\/wp\/v2\/types\/page"}],"author":[{"embeddable":true,"href":"https:\/\/centcols.org\/de\/wp-json\/wp\/v2\/users\/2"}],"replies":[{"embeddable":true,"href":"https:\/\/centcols.org\/de\/wp-json\/wp\/v2\/comments?post=79344"}],"version-history":[{"count":0,"href":"https:\/\/centcols.org\/de\/wp-json\/wp\/v2\/pages\/79344\/revisions"}],"wp:attachment":[{"href":"https:\/\/centcols.org\/de\/wp-json\/wp\/v2\/media?parent=79344"}],"curies":[{"name":"wp","href":"https:\/\/api.w.org\/{rel}","templated":true}]}}