{"id":79345,"date":"2025-02-05T10:00:16","date_gmt":"2025-02-05T08:00:16","guid":{"rendered":"https:\/\/centcols.org\/liste-de-discussion\/"},"modified":"2026-02-18T13:45:27","modified_gmt":"2026-02-18T11:45:27","slug":"diskussionsliste","status":"publish","type":"page","link":"https:\/\/centcols.org\/de\/liste-de-discussion\/","title":{"rendered":"Diskussionsliste"},"content":{"rendered":"<p>Die Diskussionsliste dient im Wesentlichen der Informationsvermittlung zwischen ihren Mitgliedern, den Mitgliedern des Club des Cent Cols, zu Themen, die mit unserer Praxis des Fahrradtourismus zusammenh\u00e4ngen.<\/p>\n\n\n\n<h2 class=\"wp-block-heading\">Anmeldung<\/h2>\n\n\n\n<p>Sie sind Mitglied im Club des Cent Cols, Sie k\u00f6nnen der Diskussionsliste beitreten, indem Sie einfach eine leere E-Mail senden.<\/p>\n\n\n\n<p>an die folgende Adresse: <a class=\"moz-txt-link-abbreviated mailto-link\" href=\"\/de\/m&\/#97;&#x69;&#x6c;t&#111;&#58;&#x63;&#x65;n&#116;&#x2d;&#x63;o&#108;&#115;&#x2b;&#x73;u&#98;&#x73;&#x63;r&#105;&#98;&#x65;&#x40;g&#114;&#x6f;&#x75;p&#115;&#46;&#x69;&#x6f;\" target=\"_blank\" rel=\"noopener\">hundertschools+subscribe@groups.io<\/a><\/p>\n\n\n\n<p>Ihre erste Nachricht kann eine Gelegenheit sein, Sie kurz vorzustellen (Name, Vorname, Wohnregion, Fahrradfahren, andere Interessen, eventuell pers\u00f6nliche Website, alles, was uns hilft, Sie besser kennen zu lernen).<\/p>\n\n\n\n<p>Die Verwalter der Liste sind derzeit :<br>Philippe Carrez (ehemaliges Vorstandsmitglied des Clubs, <a href=\"\/de\/&\/#x6d;&#x61;&#105;l&#x74;&#x6f;&#58;ca&#x72;&#x72;&#101;z&#x2e;&#x70;&#104;&#105;l&#x69;&#x70;&#112;e&#x40;&#x66;&#114;&#101;e&#x2e;&#x66;&#114;\">carrez.philippe@free.fr<\/a>)<br>Enrico Alberini (ehemaliger Clubpr\u00e4sident, <a href=\"\/de\/&\/#x6d;&#x61;&#x69;&#x6c;&#x74;&#x6f;&#x3a;&#97;&#108;&#98;&#101;&#114;ini&#46;&#x65;&#x6e;&#x72;&#x69;&#x63;&#x6f;&#x40;&#x76;&#105;&#114;&#103;&#105;&#108;io&#46;i&#x74;\">alberini.enrico@virgilio.it<\/a>)<\/p>\n\n\n\n<p>Um sich abzumelden, <a href=\"\/de\/&\/#x6d;&#x61;&#x69;&#x6c;&#116;&#111;:ce&#x6e;&#x74;&#x2d;&#x63;&#111;&#108;s+u&#x6e;&#x73;&#x75;&#x62;&#115;&#99;&#114;ib&#x65;&#x40;&#x67;&#x72;&#111;&#117;&#112;s&#46;&#x69;&#x6f;\" target=\"_blank\" rel=\"noopener\">klicken Sie hier<\/a><\/p>\n\n\n\n<p>Wenn Sie Ihre Adresse \u00e4ndern, l\u00f6schen Sie bitte Ihre alte Adresse und stellen Sie einen neuen Antrag f\u00fcr die neue Adresse. Die auf dem Mitgliederformular eingetragene Adresse ist unabh\u00e4ngig von der f\u00fcr diese Liste verwendeten Adresse. Bei einer \u00c4nderung muss daher in der Regel weder die eine noch die andere ge\u00e4ndert werden.<\/p>\n\n\n\n<p>Siehe Mitgliederkarte : <a href=\"https:\/\/centcols.org\/membres\/th\/profilM.php\">https:\/\/centcols.org\/membres\/th\/profilM.php<\/a><\/p>\n\n\n\n<div class=\"wp-block-columns is-layout-flex wp-container-core-columns-is-layout-9d6595d7 wp-block-columns-is-layout-flex\">\n<div class=\"wp-block-column is-layout-flow wp-block-column-is-layout-flow\" style=\"flex-basis:66.66%\">\n<h2 class=\"wp-block-heading\">Charta der Diskussionsliste des Club des Cent Cols<\/h2>\n\n\n\n<p>Diese Charta beschreibt die Nutzungsbedingungen der Diskussionsliste des Club des Cent Cols.<\/p>\n\n\n\n<h3 class=\"wp-block-heading\"><strong>Themen<\/strong><\/h3>\n\n\n\n<p>Alle Themen, die die Aktivit\u00e4ten unseres Vereins betreffen oder mit der Praxis des Radtourismus im Allgemeinen und dem Radtourismus in den Bergen im Besonderen zusammenh\u00e4ngen, k\u00f6nnen auf dieser Diskussionsliste angesprochen werden. Dagegen sind alle Themen, die insbesondere politischer oder religi\u00f6ser Natur sind oder generell zu Polemik f\u00fchren k\u00f6nnten, strengstens untersagt.<\/p>\n\n\n\n<p>Es ist durchaus m\u00f6glich, gelegentlich und sparsam von diesem sportlichen Thema abzuweichen, indem man beispielsweise Themen aus dem Bereich der Allgemeinbildung vorschl\u00e4gt. Gute Laune und Humor sind nicht nur erlaubt, sondern auch erw\u00fcnscht, wobei eine Ethik eingehalten werden muss, die auf dem allgemein anerkannten guten Geschmack beruht.<\/p>\n\n\n\n<h3 class=\"wp-block-heading\"><strong>Soziales Verhalten<\/strong><\/h3>\n\n\n\n<p>Damit diese Liste f\u00fcr alle Abonnenten attraktiv, freundlich und interessant bleibt, ist es wichtig, dass Sie sich an einige grundlegende und selbstverst\u00e4ndliche Regeln halten. H\u00f6flichkeit in allen Situationen ist obligatorisch (z. B. \u00abGuten Tag\u00bb am Anfang einer E-Mail schreiben). Die Verwendung eines h\u00f6flichen Tons ist angenehm und daher ratsam. Ein unfreundlicher, aggressiver oder beleidigender Ton ist hingegen zu vermeiden.<\/p>\n\n\n\n<p>Wir sollten uns nicht scheuen, jedes Thema unserer Wahl im zul\u00e4ssigen Rahmen anzusprechen, auch wenn es wahrscheinlich schon fr\u00fcher angesprochen wurde. Die Antwort wird immer geduldig und freundlich sein. Toleranz in jeder Hinsicht ist sehr erw\u00fcnscht.<\/p>\n<\/div>\n\n\n\n<div class=\"wp-block-column has-background is-layout-flow wp-block-column-is-layout-flow\" style=\"background-color:#ececec;flex-basis:33.33%\">\n<h3 class=\"wp-block-heading has-text-align-center\">Hinweis<\/h3>\n\n\n<div class=\"wp-block-image\">\n<figure class=\"aligncenter size-full\"><img loading=\"lazy\" decoding=\"async\" width=\"100\" height=\"100\" src=\"https:\/\/centcols.org\/wp-content\/uploads\/2025\/08\/icons8-note-100.png\" alt=\"\" class=\"wp-image-88085\" srcset=\"https:\/\/centcols.org\/wp-content\/uploads\/2025\/08\/icons8-note-100.png 100w, https:\/\/centcols.org\/wp-content\/uploads\/2025\/08\/icons8-note-100-12x12.png 12w\" sizes=\"auto, (max-width: 100px) 100vw, 100px\" \/><\/figure>\n<\/div>\n\n\n<p class=\"has-text-align-center\">Um zu verhindern, dass Ihre Nachrichten von \u00abVorname Nachname\u00bb gesendet werden, m\u00fcssen Sie Ihr Profil bearbeiten :<\/p>\n\n\n\n<ul class=\"wp-block-list\">\n<li>gehen Sie auf die Website https:\/\/groups.io ;<\/li>\n\n\n\n<li>klicken Sie oben rechts auf \u00abLog in\u00bb ;<\/li>\n\n\n\n<li>seine E-Mail-Adresse in Email Address eingeben und auf \u00abForgot your password, or don't have one yet?\u00bb klicken;<\/li>\n\n\n\n<li>wird ein Link in Ihre Mailbox geschickt. Klicken Sie auf diesen Link: Sie befinden sich auf der Startseite Ihres Profils ;<\/li>\n\n\n\n<li>klicken Sie links auf \u00abIdentity\u00bb ;<\/li>\n\n\n\n<li>Sie k\u00f6nnen Ihr allgemeines Profil (oberer Rahmen) und Ihr Profil \u00abHundert P\u00e4sse\u00bb bearbeiten, indem Sie auf die entsprechende Schaltfl\u00e4che \"Edit\" klicken ;<\/li>\n\n\n\n<li>Das Profil Hundert P\u00e4sse interessiert uns: Hier k\u00f6nnen Sie Ihren \u00abDisplay Name\u00bb \u00e4ndern. Dieser Name wird als Absender angezeigt, wenn Sie eine Nachricht an die Liste senden;<\/li>\n\n\n\n<li>vergessen Sie nicht, unten auf der Seite auf \u00abUpdate Group Profile\u00bb zu klicken, damit Ihre \u00c4nderungen gespeichert werden.<\/li>\n<\/ul>\n\n\n\n<p class=\"has-text-align-center\">Anschlie\u00dfend m\u00fcssen Sie Ihre Nachrichten nur noch an :<br>cent-cols@groups.io<\/p>\n<\/div>\n<\/div>\n\n\n\n<h3 class=\"wp-block-heading\"><strong>Praktische Aspekte<\/strong><\/h3>\n\n\n\n<p>Betreff der Nachricht: Achten Sie darauf, einen aussagekr\u00e4ftigen und kurzen Titel anzugeben. Denken Sie daran, die Betreffzeile zu \u00e4ndern, wenn unsere Antwort deutlich vom urspr\u00fcnglichen Thema abweicht.<\/p>\n\n\n\n<p>Vermeiden Sie das Stapeln von zitierten Nachrichten und behalten Sie nur die eine oder andere Nachricht, die f\u00fcr die Fortsetzung des Gespr\u00e4chs von beweiskr\u00e4ftigem Interesse ist.<\/p>\n\n\n\n<p>Fotos, Dokumente und Anh\u00e4nge, die direkt in einen Beitrag eingef\u00fcgt werden, sind nicht erlaubt. Ein Link zu einer Fotomontage, zu einer interessanten Seite, die sich direkt auf unsere T\u00e4tigkeit bezieht, ist hingegen erw\u00fcnscht.<\/p>\n\n\n\n<p>Anonymit\u00e4t wird nicht akzeptiert und im Falle eines Pseudonyms m\u00fcssen Name und Internetadresse in den Nachrichten erscheinen, die Sie an die Liste senden (siehe auch die Anmerkung zu diesem Artikel). Es wird empfohlen, keine pers\u00f6nlichen Nachrichten an die Liste zu senden. Wenn Sie nur einer bestimmten Person antworten wollen, achten Sie darauf, dass Sie die Adresse cent-cols@groups.io im Feld Empf\u00e4nger l\u00f6schen und nur die Adresse des betreffenden Empf\u00e4ngers angeben.<\/p>\n\n\n\n<h3 class=\"wp-block-heading\"><strong>Interesse am Thema&nbsp;<\/strong><\/h3>\n\n\n\n<p>Denken Sie daran, dass nicht alle Themen f\u00fcr alle Abonnenten von Interesse sind. Wenn E-Mails zu einem Thema Ihr Interesse nicht wecken, ist es weitaus besser, sie aus Ihrem Posteingang zu l\u00f6schen, als zu protestieren.<\/p>\n\n\n\n<p>Es ist jedoch auch wichtig, die Liste nicht durch zahlreiche, redundante E-Mails zu \u00fcberlasten, die keine neuen Erkenntnisse mehr bringen. Sie k\u00f6nnen Ihren Gespr\u00e4chspartnern auch vorschlagen, die laufende Diskussion in einer privaten Gruppe und unter am Thema interessierten Personen fortzusetzen, bevor Sie Ihre Ergebnisse auf der Liste mitteilen.<\/p>\n\n\n\n<h3 class=\"wp-block-heading\"><strong>Sprache<\/strong><\/h3>\n\n\n\n<p>Es steht jedem frei, die Sprache seiner Wahl zu verwenden, aber die Nachricht wird von der Mehrheit nicht gelesen, wenn sie nicht auch eine Version in Franz\u00f6sisch enth\u00e4lt, der von den Abonnenten am h\u00e4ufigsten verwendeten Sprache. Die \u00dcbersetzung einer interessanten E-Mail aus dem Franz\u00f6sischen in eine andere Sprache ist ein Beweis f\u00fcr das Interesse, das wir unseren nicht-franz\u00f6sischsprachigen Freunden entgegenbringen.<\/p>\n\n\n\n<h3 class=\"wp-block-heading\"><strong>Moderation<\/strong><\/h3>\n\n\n\n<p>Angesichts der begrenzten Themen, die angesprochen werden k\u00f6nnen, und des angemessenen Verhaltens, das man an den Tag legen sollte, ist eine vorgelagerte Moderation durch die Verwalter daher nicht vorgesehen. Eine Abweichung von dieser Richtlinie ist aus Versehen m\u00f6glich. Der Autor kann sich dann auf der Liste daf\u00fcr entschuldigen, sobald er es bemerkt. Wenn die Abweichung von einem Dritten bemerkt wird, wird diesem dringend geraten, den Autor h\u00f6flich um eine Erkl\u00e4rung zu bitten, da es sich um einen Irrtum handeln kann und nicht um eine wirkliche Absicht. W\u00e4hrend ein Fehler m\u00f6glich und entschuldbar ist, ist eine sch\u00e4dliche und absichtliche Handlung nicht entschuldbar.<\/p>\n\n\n\n<p>Manchmal werden die Verwalter w\u00e4hrend einer Diskussion eingreifen m\u00fcssen, um die Ruhe auf dieser Liste zu bewahren und so die Gefahr einer \u00ab\u00dcberhitzung\u00bb zu vermeiden. Die Lehren aus der Vergangenheit bereiten die Zukunft vor! Die n\u00e4chste Ma\u00dfnahme besteht darin, den fehlbaren Abonnenten \u00aben perso\u00bb zu kontaktieren, um ihn auf seine Abweichung hinzuweisen und ihn zu bitten, diese nicht zu wiederholen. Im Wiederholungsfall wird er eventuell f\u00fcr eine Dauer von der Liste ausgeschlossen, die je nach Schwere des Vergehens und nach Ermessen der Verwalter und des Verwaltungsrats des Club des Cent Cols festgelegt wird.<\/p>\n\n\n\n<p><strong>Die Mitglieder des Club des Cent Cols sind \u00fcber viele verschiedene Regionen oder L\u00e4nder verstreut, und die meisten kennen sich nicht. Diese Liste ist oft die einzige M\u00f6glichkeit, miteinander in Kontakt zu treten. Aus diesem Grund ist sie ein starkes Band, das uns miteinander verbindet. Es ist daher \u00e4u\u00dferst wichtig, diese Liste zu erhalten, da jede unserer E-Mails, je nach ihrem Inhalt, sie st\u00e4rken oder untergraben kann.<\/strong><\/p>","protected":false},"excerpt":{"rendered":"<p>La liste de discussion a essentiellement pour but de permettre la communication d\u2019informations entre ses inscrits, membres du Club des Cent Cols, sur des sujets li\u00e9s \u00e0 notre pratique du cyclotourisme. Inscription Vous \u00eates membres du Club des Cent Cols, vous pouvez rejoindre la liste de discussion en envoyant simplement un courriel vide. \u00e0 l&rsquo;adresse [&hellip;]<\/p>\n","protected":false},"author":2,"featured_media":0,"parent":0,"menu_order":0,"comment_status":"open","ping_status":"open","template":"","meta":{"_acf_changed":false,"footnotes":""},"class_list":["post-79345","page","type-page","status-publish","hentry"],"acf":[],"yoast_head":"<!-- This site is optimized with the Yoast SEO plugin v27.2 - https:\/\/yoast.com\/product\/yoast-seo-wordpress\/ -->\n<title>Liste de discussion - Club des Cent Cols<\/title>\n<meta name=\"robots\" content=\"index, follow, max-snippet:-1, max-image-preview:large, max-video-preview:-1\" \/>\n<link rel=\"canonical\" href=\"https:\/\/centcols.org\/de\/diskussionsliste\/\" \/>\n<meta property=\"og:locale\" content=\"de_DE\" \/>\n<meta property=\"og:type\" content=\"article\" \/>\n<meta property=\"og:title\" content=\"Liste de discussion - Club des Cent Cols\" \/>\n<meta property=\"og:description\" content=\"La liste de discussion a essentiellement pour but de permettre la communication d\u2019informations entre ses inscrits, membres du Club des Cent Cols, sur des sujets li\u00e9s \u00e0 notre pratique du cyclotourisme. Inscription Vous \u00eates membres du Club des Cent Cols, vous pouvez rejoindre la liste de discussion en envoyant simplement un courriel vide. \u00e0 l&rsquo;adresse [&hellip;]\" \/>\n<meta property=\"og:url\" content=\"https:\/\/centcols.org\/de\/diskussionsliste\/\" \/>\n<meta property=\"og:site_name\" content=\"Club des Cent Cols\" \/>\n<meta property=\"article:publisher\" content=\"https:\/\/www.facebook.com\/groups\/5261880558\/?locale=fr_FR\" \/>\n<meta property=\"article:modified_time\" content=\"2026-02-18T11:45:27+00:00\" \/>\n<meta property=\"og:image\" content=\"https:\/\/centcols.org\/wp-content\/uploads\/2025\/08\/icons8-note-100.png\" \/>\n\t<meta property=\"og:image:width\" content=\"100\" \/>\n\t<meta property=\"og:image:height\" content=\"100\" \/>\n\t<meta property=\"og:image:type\" content=\"image\/png\" \/>\n<meta name=\"twitter:card\" content=\"summary_large_image\" \/>\n<meta name=\"twitter:label1\" content=\"Gesch\u00e4tzte Lesezeit\" \/>\n\t<meta name=\"twitter:data1\" content=\"7\u00a0Minuten\" \/>\n<script type=\"application\/ld+json\" class=\"yoast-schema-graph\">{\"@context\":\"https:\/\/schema.org\",\"@graph\":[{\"@type\":\"WebPage\",\"@id\":\"https:\/\/centcols.org\/liste-de-discussion\/\",\"url\":\"https:\/\/centcols.org\/liste-de-discussion\/\",\"name\":\"Liste de discussion - Club des Cent Cols\",\"isPartOf\":{\"@id\":\"https:\/\/centcols.org\/#website\"},\"primaryImageOfPage\":{\"@id\":\"https:\/\/centcols.org\/liste-de-discussion\/#primaryimage\"},\"image\":{\"@id\":\"https:\/\/centcols.org\/liste-de-discussion\/#primaryimage\"},\"thumbnailUrl\":\"https:\/\/centcols.org\/wp-content\/uploads\/2025\/08\/icons8-note-100.png\",\"datePublished\":\"2025-02-05T08:00:16+00:00\",\"dateModified\":\"2026-02-18T11:45:27+00:00\",\"breadcrumb\":{\"@id\":\"https:\/\/centcols.org\/liste-de-discussion\/#breadcrumb\"},\"inLanguage\":\"de\",\"potentialAction\":[{\"@type\":\"ReadAction\",\"target\":[\"https:\/\/centcols.org\/liste-de-discussion\/\"]}]},{\"@type\":\"ImageObject\",\"inLanguage\":\"de\",\"@id\":\"https:\/\/centcols.org\/liste-de-discussion\/#primaryimage\",\"url\":\"https:\/\/centcols.org\/wp-content\/uploads\/2025\/08\/icons8-note-100.png\",\"contentUrl\":\"https:\/\/centcols.org\/wp-content\/uploads\/2025\/08\/icons8-note-100.png\"},{\"@type\":\"BreadcrumbList\",\"@id\":\"https:\/\/centcols.org\/liste-de-discussion\/#breadcrumb\",\"itemListElement\":[{\"@type\":\"ListItem\",\"position\":1,\"name\":\"Accueil\",\"item\":\"https:\/\/centcols.org\/\"},{\"@type\":\"ListItem\",\"position\":2,\"name\":\"Liste de discussion\"}]},{\"@type\":\"WebSite\",\"@id\":\"https:\/\/centcols.org\/#website\",\"url\":\"https:\/\/centcols.org\/\",\"name\":\"Club des Cent Cols\",\"description\":\"\",\"publisher\":{\"@id\":\"https:\/\/centcols.org\/#organization\"},\"potentialAction\":[{\"@type\":\"SearchAction\",\"target\":{\"@type\":\"EntryPoint\",\"urlTemplate\":\"https:\/\/centcols.org\/?s={search_term_string}\"},\"query-input\":{\"@type\":\"PropertyValueSpecification\",\"valueRequired\":true,\"valueName\":\"search_term_string\"}}],\"inLanguage\":\"de\"},{\"@type\":\"Organization\",\"@id\":\"https:\/\/centcols.org\/#organization\",\"name\":\"Club des Cent Cols\",\"url\":\"https:\/\/centcols.org\/\",\"logo\":{\"@type\":\"ImageObject\",\"inLanguage\":\"de\",\"@id\":\"https:\/\/centcols.org\/#\/schema\/logo\/image\/\",\"url\":\"https:\/\/centcols.org\/wp-content\/uploads\/2025\/01\/carte-icone.png\",\"contentUrl\":\"https:\/\/centcols.org\/wp-content\/uploads\/2025\/01\/carte-icone.png\",\"width\":250,\"height\":250,\"caption\":\"Club des Cent Cols\"},\"image\":{\"@id\":\"https:\/\/centcols.org\/#\/schema\/logo\/image\/\"},\"sameAs\":[\"https:\/\/www.facebook.com\/groups\/5261880558\/?locale=fr_FR\"]}]}<\/script>\n<!-- \/ Yoast SEO plugin. -->","yoast_head_json":{"title":"Diskussionsliste - Club des Cent Cols","robots":{"index":"index","follow":"follow","max-snippet":"max-snippet:-1","max-image-preview":"max-image-preview:large","max-video-preview":"max-video-preview:-1"},"canonical":"https:\/\/centcols.org\/de\/diskussionsliste\/","og_locale":"de_DE","og_type":"article","og_title":"Liste de discussion - Club des Cent Cols","og_description":"La liste de discussion a essentiellement pour but de permettre la communication d\u2019informations entre ses inscrits, membres du Club des Cent Cols, sur des sujets li\u00e9s \u00e0 notre pratique du cyclotourisme. Inscription Vous \u00eates membres du Club des Cent Cols, vous pouvez rejoindre la liste de discussion en envoyant simplement un courriel vide. \u00e0 l&rsquo;adresse [&hellip;]","og_url":"https:\/\/centcols.org\/de\/diskussionsliste\/","og_site_name":"Club des Cent Cols","article_publisher":"https:\/\/www.facebook.com\/groups\/5261880558\/?locale=fr_FR","article_modified_time":"2026-02-18T11:45:27+00:00","og_image":[{"width":100,"height":100,"url":"https:\/\/centcols.org\/wp-content\/uploads\/2025\/08\/icons8-note-100.png","type":"image\/png"}],"twitter_card":"summary_large_image","twitter_misc":{"Gesch\u00e4tzte Lesezeit":"7\u00a0Minuten"},"schema":{"@context":"https:\/\/schema.org","@graph":[{"@type":"WebPage","@id":"https:\/\/centcols.org\/liste-de-discussion\/","url":"https:\/\/centcols.org\/liste-de-discussion\/","name":"Diskussionsliste - Club des Cent Cols","isPartOf":{"@id":"https:\/\/centcols.org\/#website"},"primaryImageOfPage":{"@id":"https:\/\/centcols.org\/liste-de-discussion\/#primaryimage"},"image":{"@id":"https:\/\/centcols.org\/liste-de-discussion\/#primaryimage"},"thumbnailUrl":"https:\/\/centcols.org\/wp-content\/uploads\/2025\/08\/icons8-note-100.png","datePublished":"2025-02-05T08:00:16+00:00","dateModified":"2026-02-18T11:45:27+00:00","breadcrumb":{"@id":"https:\/\/centcols.org\/liste-de-discussion\/#breadcrumb"},"inLanguage":"de","potentialAction":[{"@type":"ReadAction","target":["https:\/\/centcols.org\/liste-de-discussion\/"]}]},{"@type":"ImageObject","inLanguage":"de","@id":"https:\/\/centcols.org\/liste-de-discussion\/#primaryimage","url":"https:\/\/centcols.org\/wp-content\/uploads\/2025\/08\/icons8-note-100.png","contentUrl":"https:\/\/centcols.org\/wp-content\/uploads\/2025\/08\/icons8-note-100.png"},{"@type":"BreadcrumbList","@id":"https:\/\/centcols.org\/liste-de-discussion\/#breadcrumb","itemListElement":[{"@type":"ListItem","position":1,"name":"Accueil","item":"https:\/\/centcols.org\/"},{"@type":"ListItem","position":2,"name":"Liste de discussion"}]},{"@type":"WebSite","@id":"https:\/\/centcols.org\/#website","url":"https:\/\/centcols.org\/","name":"Club des Cent Cols","description":"","publisher":{"@id":"https:\/\/centcols.org\/#organization"},"potentialAction":[{"@type":"SearchAction","target":{"@type":"EntryPoint","urlTemplate":"https:\/\/centcols.org\/?s={search_term_string}"},"query-input":{"@type":"PropertyValueSpecification","valueRequired":true,"valueName":"search_term_string"}}],"inLanguage":"de"},{"@type":"Organization","@id":"https:\/\/centcols.org\/#organization","name":"Club des Cent Cols","url":"https:\/\/centcols.org\/","logo":{"@type":"ImageObject","inLanguage":"de","@id":"https:\/\/centcols.org\/#\/schema\/logo\/image\/","url":"https:\/\/centcols.org\/wp-content\/uploads\/2025\/01\/carte-icone.png","contentUrl":"https:\/\/centcols.org\/wp-content\/uploads\/2025\/01\/carte-icone.png","width":250,"height":250,"caption":"Club des Cent Cols"},"image":{"@id":"https:\/\/centcols.org\/#\/schema\/logo\/image\/"},"sameAs":["https:\/\/www.facebook.com\/groups\/5261880558\/?locale=fr_FR"]}]}},"_links":{"self":[{"href":"https:\/\/centcols.org\/de\/wp-json\/wp\/v2\/pages\/79345","targetHints":{"allow":["GET"]}}],"collection":[{"href":"https:\/\/centcols.org\/de\/wp-json\/wp\/v2\/pages"}],"about":[{"href":"https:\/\/centcols.org\/de\/wp-json\/wp\/v2\/types\/page"}],"author":[{"embeddable":true,"href":"https:\/\/centcols.org\/de\/wp-json\/wp\/v2\/users\/2"}],"replies":[{"embeddable":true,"href":"https:\/\/centcols.org\/de\/wp-json\/wp\/v2\/comments?post=79345"}],"version-history":[{"count":0,"href":"https:\/\/centcols.org\/de\/wp-json\/wp\/v2\/pages\/79345\/revisions"}],"wp:attachment":[{"href":"https:\/\/centcols.org\/de\/wp-json\/wp\/v2\/media?parent=79345"}],"curies":[{"name":"wp","href":"https:\/\/api.w.org\/{rel}","templated":true}]}}