{"id":79371,"date":"2025-02-05T10:01:24","date_gmt":"2025-02-05T08:01:24","guid":{"rendered":"https:\/\/centcols.org\/randonner\/"},"modified":"2026-01-22T13:34:14","modified_gmt":"2026-01-22T11:34:14","slug":"wandern","status":"publish","type":"page","link":"https:\/\/centcols.org\/de\/randonner\/","title":{"rendered":"Wandern"},"content":{"rendered":"<h2 class=\"wp-block-heading\">Unsere Anreize zum Entdecken<\/h2>\n\n\n\n<h3 class=\"wp-block-heading\">Die st\u00e4ndigen Wanderungen<\/h3>\n\n\n\n<p>Bisher gibt es 24 davon und sie laden Sie ein, verschiedene Regionen in f\u00fcnf europ\u00e4ischen L\u00e4ndern zu besuchen.<br>Das gemeinsame Thema ist es, mindestens hundert P\u00e4sse zu erklimmen.<br>Offen f\u00fcr Mitglieder und Nichtmitglieder des \"Club des Cent Cols\".<br><a href=\"https:\/\/centcols.org\/de\/rubrik\/permanente-wanderungen\/\">Alle n\u00fctzlichen Informationen<\/a><\/p>\n\n\n\n<h3 class=\"wp-block-heading\">Patente<\/h3>\n\n\n\n<p>Alle Stra\u00dfenp\u00e4sse eines deutschen Bundeslandes, eines Schweizer Kantons, einer italienischen oder spanischen Provinz oder eines franz\u00f6sischen Departements zu befahren, ist z. B. die Herausforderung, die f\u00fcr den Erwerb dieser zahlreichen Patente vorgeschlagen wird.<br>Alle erfolgreichen lokalen Patente eines Landes erm\u00f6glichen den Erwerb eines Super <strong>Nationalpatent<\/strong>.<br>Die Brevets sind derzeit nur Mitgliedern vorbehalten, sollen aber in Zukunft auch f\u00fcr Nicht-Mitglieder ge\u00f6ffnet werden. Nichts hindert Sie als Nicht-Mitglied oder Anw\u00e4rter daran, anzufangen oder weiter zu gehen, um Stra\u00dfenp\u00e4sse zu besteigen, und sich sp\u00e4ter anzumelden.<br><a href=\"https:\/\/centcols.org\/de\/strasenpatente\/\">Alle n\u00fctzlichen Informationen<\/a><br><a href=\"https:\/\/centcols.org\/membres\/cols\/brevets.php\">Liste der Patente<\/a><\/p>\n\n\n\n<h3 class=\"wp-block-heading\">Die Herausforderungen<\/h3>\n\n\n\n<p>Zu einem bestimmten Thema, das von jedem Autor einer Challenge ausgew\u00e4hlt wird, nehmen sie Sie mit auf die Reise zu besonderen P\u00e4ssen.<br>Offen f\u00fcr Mitglieder und Nichtmitglieder des \"Club des Cent Cols\".<br><a href=\"https:\/\/centcols.org\/de\/categorie\/challenges\/\"><u>Alle n\u00fctzlichen Informationen<\/u><\/a><\/p>\n\n\n\n<h3 class=\"wp-block-heading\">Die Lebensl\u00e4ufe der Mitglieder<\/h3>\n\n\n\n<p>In dieser Rubrik finden Sie Strecken, die Mitglieder vorgeschlagen haben und die der Club f\u00fcr g\u00fcltig erkl\u00e4rt, um eine Sammlung zu erstellen, die sich im Aufbau befindet. Keine Region, kein Land wird aus Prinzip ausgeschlossen und es gibt bereits welche in Deutschland (Schwarzwald), Spanien (Katalonien, Andalusien) und Frankreich, insbesondere auf Korsika.<\/p>\n\n\n\n<p>Sie stammen aus Erfahrungen vor Ort, tragen eine touristische Beschreibung und technische Erkl\u00e4rungen zu den Stra\u00dfen, Wegen oder Pfaden. Sie werden in der Regel von der gro\u00dfen Mehrheit der Radfahrer oder Mountainbiker befahren.<\/p>\n\n\n\n<p>&nbsp;Die Lage der P\u00e4sse ist auf dem Kartenausschnitt und auf den zus\u00e4tzlichen Dokumenten, die Sie \u00fcber den Visgen-Link erhalten haben, ersichtlich.<\/p>\n\n\n\n<p>Einige Fotos von der umgebenden Landschaft und den P\u00e4ssen lockern die Beschreibung dieser Strecken auf<\/p>\n\n\n\n<p>&nbsp;<a href=\"https:\/\/centcols.org\/de\/rubrik\/mitgliederlaufbahn\/\">Alle n\u00fctzlichen Informationen<\/a><\/p>\n\n\n\n<h3 class=\"wp-block-heading\">Wandern mit unseren Partnern<\/h3>\n\n\n\n<p><a href=\"https:\/\/centcols.org\/de\/europaische-dunionszuge-totet\/\">Europ\u00e4ische Bindestriche<\/a> die von der European Cyclotourism Union (UECT) angeboten werden. Sie verbinden die europ\u00e4ischen Hauptst\u00e4dte miteinander.<\/p>\n\n\n\n<p><a href=\"https:\/\/centcols.org\/de\/die-iberischen-radialen-der-fect\/\">&nbsp;Die Radiales Ibericas,<\/a> sind permanente Wanderungen, die von der Spanischen Radwandervereinigung (FECT) angeboten werden. Sie werden sternf\u00f6rmig von Madrid aus in die Umgebung der Iberischen Halbinsel gef\u00fchrt.<\/p>","protected":false},"excerpt":{"rendered":"<p>Nos incitations \u00e0 la d\u00e9couverte Les randonn\u00e9es permanentes Elles sont 24 \u00e0 ce jour et elles vous invitent \u00e0 aller visiter des r\u00e9gions diff\u00e9rentes de cinq pays d\u2019Europe.Le th\u00e8me commun est de gravir au moins cent cols.Ouvertes aux membres et aux non-membres du Club des Cent Cols.Tous les renseignements utiles Les brevets Parcourir tous les [&hellip;]<\/p>\n","protected":false},"author":2,"featured_media":0,"parent":0,"menu_order":0,"comment_status":"open","ping_status":"open","template":"","meta":{"_acf_changed":false,"footnotes":""},"class_list":["post-79371","page","type-page","status-publish","hentry"],"acf":[],"yoast_head":"<!-- This site is optimized with the Yoast SEO plugin v27.2 - https:\/\/yoast.com\/product\/yoast-seo-wordpress\/ -->\n<title>Randonner - Club des Cent Cols<\/title>\n<meta name=\"robots\" content=\"index, follow, max-snippet:-1, max-image-preview:large, max-video-preview:-1\" \/>\n<link rel=\"canonical\" href=\"https:\/\/centcols.org\/de\/wandern\/\" \/>\n<meta property=\"og:locale\" content=\"de_DE\" \/>\n<meta property=\"og:type\" content=\"article\" \/>\n<meta property=\"og:title\" content=\"Randonner - Club des Cent Cols\" \/>\n<meta property=\"og:description\" content=\"Nos incitations \u00e0 la d\u00e9couverte Les randonn\u00e9es permanentes Elles sont 24 \u00e0 ce jour et elles vous invitent \u00e0 aller visiter des r\u00e9gions diff\u00e9rentes de cinq pays d\u2019Europe.Le th\u00e8me commun est de gravir au moins cent cols.Ouvertes aux membres et aux non-membres du Club des Cent Cols.Tous les renseignements utiles Les brevets Parcourir tous les [&hellip;]\" \/>\n<meta property=\"og:url\" content=\"https:\/\/centcols.org\/de\/wandern\/\" \/>\n<meta property=\"og:site_name\" content=\"Club des Cent Cols\" \/>\n<meta property=\"article:publisher\" content=\"https:\/\/www.facebook.com\/groups\/5261880558\/?locale=fr_FR\" \/>\n<meta property=\"article:modified_time\" content=\"2026-01-22T11:34:14+00:00\" \/>\n<meta name=\"twitter:card\" content=\"summary_large_image\" \/>\n<meta name=\"twitter:label1\" content=\"Gesch\u00e4tzte Lesezeit\" \/>\n\t<meta name=\"twitter:data1\" content=\"2\u00a0Minuten\" \/>\n<script type=\"application\/ld+json\" class=\"yoast-schema-graph\">{\"@context\":\"https:\/\/schema.org\",\"@graph\":[{\"@type\":\"WebPage\",\"@id\":\"https:\/\/centcols.org\/randonner\/\",\"url\":\"https:\/\/centcols.org\/randonner\/\",\"name\":\"Randonner - Club des Cent Cols\",\"isPartOf\":{\"@id\":\"https:\/\/centcols.org\/#website\"},\"datePublished\":\"2025-02-05T08:01:24+00:00\",\"dateModified\":\"2026-01-22T11:34:14+00:00\",\"breadcrumb\":{\"@id\":\"https:\/\/centcols.org\/randonner\/#breadcrumb\"},\"inLanguage\":\"de\",\"potentialAction\":[{\"@type\":\"ReadAction\",\"target\":[\"https:\/\/centcols.org\/randonner\/\"]}]},{\"@type\":\"BreadcrumbList\",\"@id\":\"https:\/\/centcols.org\/randonner\/#breadcrumb\",\"itemListElement\":[{\"@type\":\"ListItem\",\"position\":1,\"name\":\"Accueil\",\"item\":\"https:\/\/centcols.org\/\"},{\"@type\":\"ListItem\",\"position\":2,\"name\":\"Randonner\"}]},{\"@type\":\"WebSite\",\"@id\":\"https:\/\/centcols.org\/#website\",\"url\":\"https:\/\/centcols.org\/\",\"name\":\"Club des Cent Cols\",\"description\":\"\",\"publisher\":{\"@id\":\"https:\/\/centcols.org\/#organization\"},\"potentialAction\":[{\"@type\":\"SearchAction\",\"target\":{\"@type\":\"EntryPoint\",\"urlTemplate\":\"https:\/\/centcols.org\/?s={search_term_string}\"},\"query-input\":{\"@type\":\"PropertyValueSpecification\",\"valueRequired\":true,\"valueName\":\"search_term_string\"}}],\"inLanguage\":\"de\"},{\"@type\":\"Organization\",\"@id\":\"https:\/\/centcols.org\/#organization\",\"name\":\"Club des Cent Cols\",\"url\":\"https:\/\/centcols.org\/\",\"logo\":{\"@type\":\"ImageObject\",\"inLanguage\":\"de\",\"@id\":\"https:\/\/centcols.org\/#\/schema\/logo\/image\/\",\"url\":\"https:\/\/centcols.org\/wp-content\/uploads\/2025\/01\/carte-icone.png\",\"contentUrl\":\"https:\/\/centcols.org\/wp-content\/uploads\/2025\/01\/carte-icone.png\",\"width\":250,\"height\":250,\"caption\":\"Club des Cent Cols\"},\"image\":{\"@id\":\"https:\/\/centcols.org\/#\/schema\/logo\/image\/\"},\"sameAs\":[\"https:\/\/www.facebook.com\/groups\/5261880558\/?locale=fr_FR\"]}]}<\/script>\n<!-- \/ Yoast SEO plugin. -->","yoast_head_json":{"title":"Wandern - Club des Cent Cols","robots":{"index":"index","follow":"follow","max-snippet":"max-snippet:-1","max-image-preview":"max-image-preview:large","max-video-preview":"max-video-preview:-1"},"canonical":"https:\/\/centcols.org\/de\/wandern\/","og_locale":"de_DE","og_type":"article","og_title":"Randonner - Club des Cent Cols","og_description":"Nos incitations \u00e0 la d\u00e9couverte Les randonn\u00e9es permanentes Elles sont 24 \u00e0 ce jour et elles vous invitent \u00e0 aller visiter des r\u00e9gions diff\u00e9rentes de cinq pays d\u2019Europe.Le th\u00e8me commun est de gravir au moins cent cols.Ouvertes aux membres et aux non-membres du Club des Cent Cols.Tous les renseignements utiles Les brevets Parcourir tous les [&hellip;]","og_url":"https:\/\/centcols.org\/de\/wandern\/","og_site_name":"Club des Cent Cols","article_publisher":"https:\/\/www.facebook.com\/groups\/5261880558\/?locale=fr_FR","article_modified_time":"2026-01-22T11:34:14+00:00","twitter_card":"summary_large_image","twitter_misc":{"Gesch\u00e4tzte Lesezeit":"2\u00a0Minuten"},"schema":{"@context":"https:\/\/schema.org","@graph":[{"@type":"WebPage","@id":"https:\/\/centcols.org\/randonner\/","url":"https:\/\/centcols.org\/randonner\/","name":"Wandern - Club des Cent Cols","isPartOf":{"@id":"https:\/\/centcols.org\/#website"},"datePublished":"2025-02-05T08:01:24+00:00","dateModified":"2026-01-22T11:34:14+00:00","breadcrumb":{"@id":"https:\/\/centcols.org\/randonner\/#breadcrumb"},"inLanguage":"de","potentialAction":[{"@type":"ReadAction","target":["https:\/\/centcols.org\/randonner\/"]}]},{"@type":"BreadcrumbList","@id":"https:\/\/centcols.org\/randonner\/#breadcrumb","itemListElement":[{"@type":"ListItem","position":1,"name":"Accueil","item":"https:\/\/centcols.org\/"},{"@type":"ListItem","position":2,"name":"Randonner"}]},{"@type":"WebSite","@id":"https:\/\/centcols.org\/#website","url":"https:\/\/centcols.org\/","name":"Club des Cent Cols","description":"","publisher":{"@id":"https:\/\/centcols.org\/#organization"},"potentialAction":[{"@type":"SearchAction","target":{"@type":"EntryPoint","urlTemplate":"https:\/\/centcols.org\/?s={search_term_string}"},"query-input":{"@type":"PropertyValueSpecification","valueRequired":true,"valueName":"search_term_string"}}],"inLanguage":"de"},{"@type":"Organization","@id":"https:\/\/centcols.org\/#organization","name":"Club des Cent Cols","url":"https:\/\/centcols.org\/","logo":{"@type":"ImageObject","inLanguage":"de","@id":"https:\/\/centcols.org\/#\/schema\/logo\/image\/","url":"https:\/\/centcols.org\/wp-content\/uploads\/2025\/01\/carte-icone.png","contentUrl":"https:\/\/centcols.org\/wp-content\/uploads\/2025\/01\/carte-icone.png","width":250,"height":250,"caption":"Club des Cent Cols"},"image":{"@id":"https:\/\/centcols.org\/#\/schema\/logo\/image\/"},"sameAs":["https:\/\/www.facebook.com\/groups\/5261880558\/?locale=fr_FR"]}]}},"_links":{"self":[{"href":"https:\/\/centcols.org\/de\/wp-json\/wp\/v2\/pages\/79371","targetHints":{"allow":["GET"]}}],"collection":[{"href":"https:\/\/centcols.org\/de\/wp-json\/wp\/v2\/pages"}],"about":[{"href":"https:\/\/centcols.org\/de\/wp-json\/wp\/v2\/types\/page"}],"author":[{"embeddable":true,"href":"https:\/\/centcols.org\/de\/wp-json\/wp\/v2\/users\/2"}],"replies":[{"embeddable":true,"href":"https:\/\/centcols.org\/de\/wp-json\/wp\/v2\/comments?post=79371"}],"version-history":[{"count":0,"href":"https:\/\/centcols.org\/de\/wp-json\/wp\/v2\/pages\/79371\/revisions"}],"wp:attachment":[{"href":"https:\/\/centcols.org\/de\/wp-json\/wp\/v2\/media?parent=79371"}],"curies":[{"name":"wp","href":"https:\/\/api.w.org\/{rel}","templated":true}]}}