{"id":79514,"date":"2025-02-05T10:07:17","date_gmt":"2025-02-05T08:07:17","guid":{"rendered":"https:\/\/centcols.org\/comment-faire\/"},"modified":"2025-09-14T17:32:39","modified_gmt":"2025-09-14T15:32:39","slug":"wie-man-es-macht","status":"publish","type":"page","link":"https:\/\/centcols.org\/de\/comment-faire\/","title":{"rendered":"Wie l\u00e4uft das nun ?"},"content":{"rendered":"<h2 class=\"wp-block-heading\">Ihre Mitgliedschaft beantragen<\/h2>\n\n\n\n<p>Wir radeln mit Leidenschaft \u00fcber P\u00e4sse, Berge und durch T\u00e4ler und f\u00f6rdern alle damit zusammenh\u00e4ngenden Aktivit\u00e4ten. Sie teilen diese Leidenschaft ? Werden auch Sie Mitglied beim \"100 P\u00e4sse\"-Klub ! Neue Mitglieder jeden Alters, jeder Herkunft, jedes Niveaus und jeder Raddisziplin sind bei uns ganz herzlich willkommen.<\/p>\n\n\n\n<p>Wo stehen Sie derzeit ?<\/p>\n\n\n\n<p>1\u00b0) Sie haben bereits mindestens 100 verschiedene P\u00e4sse befahren, <strong>5<\/strong> davon auf mindestens 2000 Metern H\u00f6he. Herzlichen Gl\u00fcckwunsch ; Sie k\u00f6nnen sich bei uns als Mitglied einschreiben, nachdem Sie Ihr Beitrittsformular ausgef\u00fcllt und uns zugeschickt haben.<\/p>\n\n\n\n<p><em><strong>Aufgepasst, ein Pass kann \u00abnur einmal\u00bb angerechnet werden (siehe <a href=\"https:\/\/centcols.org\/de\/spielregel\/\" target=\"_blank\" rel=\"noreferrer noopener\">Spielregeln, Artikel 1<\/a>)<\/strong><\/em><\/p>\n\n\n\n<p>Erstellen Sie in einer Excel- oder LibreOffice Calc-Datei die Liste Ihrer gefahrenen P\u00e4sse, wenn m\u00f6glich mit H\u00f6henangaben und dem Verwaltungsgebiet in dem sie sich befinden - z.B. britische Grafschaft, Schweizer Kanton, franz\u00f6sisches Departement, italienische oder spanische Provinz. Bitte beachten Sie die L\u00f6sungsvorschl\u00e4ge dazu unter Ziffer 3\u00b0.<\/p>\n\n\n\n<p>Danach klicken Sie bitte auf den folgeden Link : <a href=\"https:\/\/centcols.org\/de\/anmeldeformular\/\"><strong><u>Beitrittsformular&nbsp;<\/u><\/strong><\/a><\/p>\n\n\n\n<p>2\u00b0) Sie haben die Mindestanzahl von 100 P\u00e4ssen noch nicht erreicht. Verzweifeln Sie nicht  ;-)  und bleiben Sie hartn\u00e4ckig ; wir helfen Ihnen dabei !<\/p>\n\n\n\n<ul class=\"wp-block-list\">\n<li>Sie k\u00f6nnen uns eine Vorab-Liste der P\u00e4sse schicken, die Sie befahren haben ; wir werden sie \u00fcberpr\u00fcfen.<\/li>\n\n\n\n<li>Sie k\u00f6nnen sich anmelden und an folgenden Events teilnehmen : regionale Treffen, <a href=\"https:\/\/centcols.org\/de\/rubrik\/permanente-wanderungen\/\" target=\"_blank\" rel=\"noreferrer noopener\">permanente Radwanderungen<\/a> . Der \"Club des Cent Cols\" bietet auch Nichtmitgliedern die M\u00f6glichkeit, an Klub-\"Brevets\" und -\"Challenges\" teilzunehmen. Allenfalls k\u00f6nnen Sie sich auch an den Delegierten Ihrer Region wenden <a href=\"https:\/\/centcols.org\/de\/delegierte-und-andere-freiwillige\/\">\u2192 <strong><u>Delegierte und andere Freiwillige<\/u><\/strong>&nbsp;<\/a>. Er wird Ihnen einen sogenannten \u00ab Paten \u00bb vorschlagen, ein Klubmitglied, das in Ihrer N\u00e4he wohnt oder arbeitet und Ihnen dabei hilft, P\u00e4sse zu finden und zu befahren, um so Ihre Liste zu vervollst\u00e4ndigen.<\/li>\n<\/ul>\n\n\n\n<p>3\u00b0) Sie fragen sich, ob all Ihre gefahrenen P\u00e4sse vom Klub angenommen w\u00fcrden ? Hier gibt es mehrere M\u00f6glichkeiten, Ihre Liste zu \u00fcberpr\u00fcfen und Ihre n\u00e4chsten Fahrten zu planen.<\/p>\n\n\n\n<h3 class=\"wp-block-heading\">Erstellen Sie Ihre Liste mit Hilfe unserer Pass-Kataloge<\/h3>\n\n\n\n<p>Nutzen Sie diese Pass-Kataloge ; sie sind auch f\u00fcr Nicht-Mitglieder* erh\u00e4ltlich \u2192 <strong><a href=\"https:\/\/centcols.org\/de\/boutique\/\">Shop<\/a><\/strong><\/p>\n\n\n\n<h3 class=\"wp-block-heading\">Erstellen Sie Ihre Liste mit OpenRunner<\/h3>\n\n\n\n<figure class=\"wp-block-image size-full\"><a href=\"https:\/\/www.openrunner.com\/\" target=\"_blank\" rel=\" noreferrer noopener\"><img loading=\"lazy\" decoding=\"async\" width=\"183\" height=\"44\" src=\"https:\/\/centcols.org\/wp-content\/uploads\/2025\/08\/logo-openrunner.png\" alt=\"\" class=\"wp-image-88503\"\/><\/a><\/figure>\n\n\n\n<p><strong>Anleitung zur Erstellung Ihrer ersten Passliste :<br><\/strong><br>Hier geht's zur Website :&nbsp;<a href=\"https:\/\/www.openrunner.com\/\" target=\"_blank\" rel=\"noreferrer noopener\">https:\/\/www.openrunner.com\/<\/a><br>Sollten Sie noch kein OpenRunner-Konto haben, w\u00e4hlen Sie \"Anmelden\" (oder *s'incrire*) in der rechten oberen Ecke :<\/p>\n\n\n\n<figure class=\"wp-block-image size-full\"><img loading=\"lazy\" decoding=\"async\" width=\"463\" height=\"62\" src=\"https:\/\/centcols.org\/wp-content\/uploads\/2025\/02\/OR15.jpg\" alt=\"\" class=\"wp-image-79529\"\/><\/figure>\n\n\n\n<p>Sobald Sie Ihr Konto eingerichtet haben, loggen Sie sich ein. Um auf der Karte Zugriff auf die Lage der P\u00e4sse zu erhalten, klicken Sie auf *Strecke erstellen* und danach auf *erstellen*. Weitere M\u00f6glichkeit : Sie importieren Sie eine gpx-Datei aus Ihrem gewohnten GPS-, Strava-, Garmin- oder \u00e4hnlichem Programm.<\/p>\n\n\n\n<figure class=\"wp-block-image size-full is-resized\"><img loading=\"lazy\" decoding=\"async\" width=\"852\" height=\"305\" src=\"https:\/\/centcols.org\/wp-content\/uploads\/2025\/02\/OR2.jpg\" alt=\"\" class=\"wp-image-79516\" style=\"width:600px\" srcset=\"https:\/\/centcols.org\/wp-content\/uploads\/2025\/02\/OR2.jpg 852w, https:\/\/centcols.org\/wp-content\/uploads\/2025\/02\/OR2-768x275.jpg 768w, https:\/\/centcols.org\/wp-content\/uploads\/2025\/02\/OR2-600x215.jpg 600w\" sizes=\"auto, (max-width: 852px) 100vw, 852px\" \/><\/figure>\n\n\n\n<p>Auf der oberen rechten Seite der Karte finden Sie ein \"Berg\"-Symbol. Wenn Sie mit der Maus dar\u00fcber fahren, erhalten Sie eine Benachrichtigung, dass das Symbol zur Anzeige von P\u00e4ssen dient.<\/p>\n\n\n\n<figure class=\"wp-block-image size-full\"><img loading=\"lazy\" decoding=\"async\" width=\"222\" height=\"151\" src=\"https:\/\/centcols.org\/wp-content\/uploads\/2025\/02\/OR4-1.jpg\" alt=\"\" class=\"wp-image-79518\"\/><\/figure>\n\n\n\n<p>Klicken Sie auf das Symbol und erhalten Sie auf Ihrem Bildschirm vier Auswahlm\u00f6glichkeiten.<\/p>\n\n\n\n<figure class=\"wp-block-image size-full\"><img loading=\"lazy\" decoding=\"async\" width=\"483\" height=\"371\" src=\"https:\/\/centcols.org\/wp-content\/uploads\/2025\/02\/OR5.jpg\" alt=\"\" class=\"wp-image-79519\"\/><\/figure>\n\n\n\n<p>Best\u00e4tigen Sie je nach Ihrer Wahl Strassenp\u00e4sse und \/ oder (nicht geteerte) Naturp\u00e4sse. Damit sehen Sie auf der Karte alle vom Klub anerkannten P\u00e4sse ; die Strassenp\u00e4sse mit einem schwarzen und die (nicht geteerten) Naturp\u00e4sse mit einem roten Symbol.<\/p>\n\n\n\n<figure class=\"wp-block-image size-full\"><img loading=\"lazy\" decoding=\"async\" width=\"280\" height=\"199\" src=\"https:\/\/centcols.org\/wp-content\/uploads\/2025\/02\/OR6.jpg\" alt=\"\" class=\"wp-image-79520\"\/><\/figure>\n\n\n\n<p>Wenn Sie auf eines der Pass-Symbole klicken, \u00f6ffnet sich ein Fenster mit Pass-Informationen. Was Sie hier zuerst interessiert, ist die Info \u00abnoch zu fahrender Pass\u00bb (Col \u00e0 faire).<\/p>\n\n\n\n<figure class=\"wp-block-image size-full\"><img loading=\"lazy\" decoding=\"async\" width=\"383\" height=\"294\" src=\"https:\/\/centcols.org\/wp-content\/uploads\/2025\/02\/OR7.jpg\" alt=\"\" class=\"wp-image-79521\"\/><\/figure>\n\n\n\n<p>Klicken Sie, einen um den anderen, auf alle P\u00e4sse, die Sie fahren wollen ; damit kann Ihre \"P\u00e4sse-Jagd\" beginnen !<\/p>\n\n\n\n<figure class=\"wp-block-image size-full\"><img loading=\"lazy\" decoding=\"async\" width=\"339\" height=\"281\" src=\"https:\/\/centcols.org\/wp-content\/uploads\/2025\/02\/OR8.jpg\" alt=\"\" class=\"wp-image-79522\"\/><\/figure>\n\n\n\n<p>Wenn Sie auf \u00abgefahrener Pass\u00bb klicken (Col gravi), wird der Pass gr\u00fcn umrandet oder blau, wenn Sie auf \u00abnoch zu fahrender Pass\u00bb klicken (Col \u00e0 faire).<\/p>\n\n\n\n<figure class=\"wp-block-gallery has-nested-images columns-default is-cropped wp-block-gallery-1 is-layout-flex wp-block-gallery-is-layout-flex\">\n<figure class=\"wp-block-image size-large\"><img loading=\"lazy\" decoding=\"async\" width=\"290\" height=\"185\" data-id=\"79523\" src=\"https:\/\/centcols.org\/wp-content\/uploads\/2025\/02\/OR9.jpg\" alt=\"\" class=\"wp-image-79523\"\/><\/figure>\n\n\n\n<figure class=\"wp-block-image size-large\"><img loading=\"lazy\" decoding=\"async\" width=\"249\" height=\"195\" data-id=\"79524\" src=\"https:\/\/centcols.org\/wp-content\/uploads\/2025\/02\/OR10.jpg\" alt=\"\" class=\"wp-image-79524\"\/><\/figure>\n<\/figure>\n\n\n\n<p>Nun haben Sie gelernt, wozu die beiden Wahlm\u00f6glichkeiten \u00abgefahrener Pass\u00bb (Col gravi) und \u00abnoch zu fahrender Pass\u00bb (Col \u00e0 faire) dienen.<\/p>\n\n\n\n<figure class=\"wp-block-image size-full\"><img loading=\"lazy\" decoding=\"async\" width=\"483\" height=\"371\" src=\"https:\/\/centcols.org\/wp-content\/uploads\/2025\/02\/OR5.jpg\" alt=\"\" class=\"wp-image-79519\"\/><\/figure>\n\n\n\n<p>Wenn Sie alle Ihre bereits gefahrenen P\u00e4sse abgehakt haben, klicken Sie auf \"Meinen Bereich\" (Mon Espace) via Ihr Konto, in der oberen rechten Ecke Ihres Bildschirms :&nbsp;<\/p>\n\n\n\n<figure class=\"wp-block-image size-full\"><img loading=\"lazy\" decoding=\"async\" width=\"543\" height=\"278\" src=\"https:\/\/centcols.org\/wp-content\/uploads\/2025\/02\/OR11.jpg\" alt=\"\" class=\"wp-image-79525\"\/><\/figure>\n\n\n\n<p>Danach w\u00e4hlen Sie auf der linken Seitenleiste \"Club des Cent Cols\".<\/p>\n\n\n\n<figure class=\"wp-block-image size-full\"><img loading=\"lazy\" decoding=\"async\" width=\"282\" height=\"468\" src=\"https:\/\/centcols.org\/wp-content\/uploads\/2025\/02\/OR12.jpg\" alt=\"\" class=\"wp-image-79526\"\/><\/figure>\n\n\n\n<p>Wenn Sie also das Ziel \"mindestens 100 P\u00e4sse, wovon 5 \u00fcber 2'000 Meter H\u00f6he liegen\" erreicht haben, brauchen Sie nur noch auf \"Best\u00e4tigung senden\" (Envoyer pour validation) klicken. Das war's dann schon !<\/p>\n\n\n\n<figure class=\"wp-block-image size-full\"><img loading=\"lazy\" decoding=\"async\" width=\"725\" height=\"227\" src=\"https:\/\/centcols.org\/wp-content\/uploads\/2025\/02\/OR13.jpg\" alt=\"\" class=\"wp-image-79527\" srcset=\"https:\/\/centcols.org\/wp-content\/uploads\/2025\/02\/OR13.jpg 725w, https:\/\/centcols.org\/wp-content\/uploads\/2025\/02\/OR13-600x188.jpg 600w\" sizes=\"auto, (max-width: 725px) 100vw, 725px\" \/><\/figure>\n\n\n\n<p>Damit wird automatisch eine \"csv\"-Datei erstellt, die mit Excel, Open Office oder Free Office kompatibel ist.<\/p>\n\n\n\n<figure class=\"wp-block-image size-full\"><img loading=\"lazy\" decoding=\"async\" width=\"457\" height=\"260\" src=\"https:\/\/centcols.org\/wp-content\/uploads\/2025\/02\/OR14.jpg\" alt=\"\" class=\"wp-image-79528\"\/><\/figure>\n\n\n\n<p>Speichern Sie diese Datei ; Sie m\u00fcssen sie Ihrer Anmeldung als Mitglied beilegen !<\/p>\n\n\n\n<h3 class=\"wp-block-heading\">Erstellen Sie Ihre Liste mit CC Way<\/h3>\n\n\n\n<p>Erfordert die Verwendung von Google Earth oder anderer Kartensoftware (basecamp, compegps, usw.)<\/p>\n\n\n\n<p>Kurzanleitung f\u00fcr die Anzeige in Google Earth: Auf der Website des Clubs klicken Nichtmitglieder auf \u00abP\u00e4sse\u00bb und dann auf \u00abCCway\u00bb. Klicken Sie auf der Kartenseite auf die Flagge des gew\u00fcnschten Landes und achten Sie darauf, dass Sie \u00abKartenauswahl\u00bb, den Beispiel-Pass-Typ \u00abStra\u00dfenpass\u00bb und \u00abKML\u00bb ausw\u00e4hlen. Klicken Sie, um auf der Karte ein Polygon um die gew\u00fcnschte Region zu ziehen. Klicken Sie dann auf die Schaltfl\u00e4che mit dem Pfeil nach unten, und die entsprechenden P\u00e4sse sollten in Google Earth erscheinen.<\/p>\n\n\n\n<p>Z\u00f6gern Sie nicht, unsere Sekret\u00e4rin f\u00fcr Mitgliedschaften zu kontaktieren, :&nbsp;<a href=\"\/de\/&\/#x6d;&#x61;&#x69;&#x6c;&#x74;&#x6f;&#x3a;&#x69;&#x6e;&#x73;&#x63;&#x72;&#x69;&#x70;&#x74;&#x69;&#x6f;&#x6e;&#x73;&#x40;&#x63;&#x65;&#110;&#116;&#99;&#111;&#108;&#115;&#46;&#111;&#114;&#103;\">inscriptions@centcols.org<\/a><\/p>","protected":false},"excerpt":{"rendered":"<p>Nous Rejoindre ! Vous partagez notre passion pour la montagne, vous aimez franchir des cols&nbsp;! &nbsp;C\u2019est la vocation de notre confr\u00e9rie&nbsp;!&nbsp; Nous accueillons chaleureusement les nouveaux membres, de tous \u00e2ges, de toutes nationalit\u00e9s, de tous niveaux et de toutes disciplines du cyclisme. Alors, venez nous rejoindre ! O\u00f9 en \u00eates-vous&nbsp;? 1\u00b0) Vous avez grimp\u00e9 un [&hellip;]<\/p>\n","protected":false},"author":2,"featured_media":623,"parent":0,"menu_order":0,"comment_status":"open","ping_status":"closed","template":"","meta":{"_acf_changed":false,"footnotes":""},"class_list":["post-79514","page","type-page","status-publish","has-post-thumbnail","hentry"],"acf":[],"yoast_head":"<!-- This site is optimized with the Yoast SEO plugin v27.2 - https:\/\/yoast.com\/product\/yoast-seo-wordpress\/ -->\n<title>Comment faire ? - Club des Cent Cols<\/title>\n<meta name=\"robots\" content=\"index, follow, max-snippet:-1, max-image-preview:large, max-video-preview:-1\" \/>\n<link rel=\"canonical\" href=\"https:\/\/centcols.org\/de\/wie-man-es-macht\/\" \/>\n<meta property=\"og:locale\" content=\"de_DE\" \/>\n<meta property=\"og:type\" content=\"article\" \/>\n<meta property=\"og:title\" content=\"Comment faire ? - Club des Cent Cols\" \/>\n<meta property=\"og:description\" content=\"Nous Rejoindre ! Vous partagez notre passion pour la montagne, vous aimez franchir des cols&nbsp;! &nbsp;C\u2019est la vocation de notre confr\u00e9rie&nbsp;!&nbsp; Nous accueillons chaleureusement les nouveaux membres, de tous \u00e2ges, de toutes nationalit\u00e9s, de tous niveaux et de toutes disciplines du cyclisme. Alors, venez nous rejoindre ! O\u00f9 en \u00eates-vous&nbsp;? 1\u00b0) Vous avez grimp\u00e9 un [&hellip;]\" \/>\n<meta property=\"og:url\" content=\"https:\/\/centcols.org\/de\/wie-man-es-macht\/\" \/>\n<meta property=\"og:site_name\" content=\"Club des Cent Cols\" \/>\n<meta property=\"article:publisher\" content=\"https:\/\/www.facebook.com\/groups\/5261880558\/?locale=fr_FR\" \/>\n<meta property=\"article:modified_time\" content=\"2025-09-14T15:32:39+00:00\" \/>\n<meta property=\"og:image\" content=\"https:\/\/centcols.org\/wp-content\/uploads\/2025\/01\/club-cent-cols-challenges-velo.jpg\" \/>\n\t<meta property=\"og:image:width\" content=\"1500\" \/>\n\t<meta property=\"og:image:height\" content=\"1000\" \/>\n\t<meta property=\"og:image:type\" content=\"image\/jpeg\" \/>\n<meta name=\"twitter:card\" content=\"summary_large_image\" \/>\n<meta name=\"twitter:label1\" content=\"Gesch\u00e4tzte Lesezeit\" \/>\n\t<meta name=\"twitter:data1\" content=\"8\u00a0Minuten\" \/>\n<script type=\"application\/ld+json\" class=\"yoast-schema-graph\">{\"@context\":\"https:\/\/schema.org\",\"@graph\":[{\"@type\":\"WebPage\",\"@id\":\"https:\/\/centcols.org\/comment-faire\/\",\"url\":\"https:\/\/centcols.org\/comment-faire\/\",\"name\":\"Comment faire ? - Club des Cent Cols\",\"isPartOf\":{\"@id\":\"https:\/\/centcols.org\/#website\"},\"primaryImageOfPage\":{\"@id\":\"https:\/\/centcols.org\/comment-faire\/#primaryimage\"},\"image\":{\"@id\":\"https:\/\/centcols.org\/comment-faire\/#primaryimage\"},\"thumbnailUrl\":\"https:\/\/centcols.org\/wp-content\/uploads\/2025\/01\/club-cent-cols-challenges-velo.jpg\",\"datePublished\":\"2025-02-05T08:07:17+00:00\",\"dateModified\":\"2025-09-14T15:32:39+00:00\",\"breadcrumb\":{\"@id\":\"https:\/\/centcols.org\/comment-faire\/#breadcrumb\"},\"inLanguage\":\"de\",\"potentialAction\":[{\"@type\":\"ReadAction\",\"target\":[\"https:\/\/centcols.org\/comment-faire\/\"]}]},{\"@type\":\"ImageObject\",\"inLanguage\":\"de\",\"@id\":\"https:\/\/centcols.org\/comment-faire\/#primaryimage\",\"url\":\"https:\/\/centcols.org\/wp-content\/uploads\/2025\/01\/club-cent-cols-challenges-velo.jpg\",\"contentUrl\":\"https:\/\/centcols.org\/wp-content\/uploads\/2025\/01\/club-cent-cols-challenges-velo.jpg\",\"width\":1500,\"height\":1000,\"caption\":\"col \u00e0 v\u00e9lo - cyclotourisme en montagne - v\u00e9lo en montagne\"},{\"@type\":\"BreadcrumbList\",\"@id\":\"https:\/\/centcols.org\/comment-faire\/#breadcrumb\",\"itemListElement\":[{\"@type\":\"ListItem\",\"position\":1,\"name\":\"Accueil\",\"item\":\"https:\/\/centcols.org\/\"},{\"@type\":\"ListItem\",\"position\":2,\"name\":\"Comment faire ?\"}]},{\"@type\":\"WebSite\",\"@id\":\"https:\/\/centcols.org\/#website\",\"url\":\"https:\/\/centcols.org\/\",\"name\":\"Club des Cent Cols\",\"description\":\"\",\"publisher\":{\"@id\":\"https:\/\/centcols.org\/#organization\"},\"potentialAction\":[{\"@type\":\"SearchAction\",\"target\":{\"@type\":\"EntryPoint\",\"urlTemplate\":\"https:\/\/centcols.org\/?s={search_term_string}\"},\"query-input\":{\"@type\":\"PropertyValueSpecification\",\"valueRequired\":true,\"valueName\":\"search_term_string\"}}],\"inLanguage\":\"de\"},{\"@type\":\"Organization\",\"@id\":\"https:\/\/centcols.org\/#organization\",\"name\":\"Club des Cent Cols\",\"url\":\"https:\/\/centcols.org\/\",\"logo\":{\"@type\":\"ImageObject\",\"inLanguage\":\"de\",\"@id\":\"https:\/\/centcols.org\/#\/schema\/logo\/image\/\",\"url\":\"https:\/\/centcols.org\/wp-content\/uploads\/2025\/01\/carte-icone.png\",\"contentUrl\":\"https:\/\/centcols.org\/wp-content\/uploads\/2025\/01\/carte-icone.png\",\"width\":250,\"height\":250,\"caption\":\"Club des Cent Cols\"},\"image\":{\"@id\":\"https:\/\/centcols.org\/#\/schema\/logo\/image\/\"},\"sameAs\":[\"https:\/\/www.facebook.com\/groups\/5261880558\/?locale=fr_FR\"]}]}<\/script>\n<!-- \/ Yoast SEO plugin. -->","yoast_head_json":{"title":"Wie kann ich das tun? - Club des Cent Cols","robots":{"index":"index","follow":"follow","max-snippet":"max-snippet:-1","max-image-preview":"max-image-preview:large","max-video-preview":"max-video-preview:-1"},"canonical":"https:\/\/centcols.org\/de\/wie-man-es-macht\/","og_locale":"de_DE","og_type":"article","og_title":"Comment faire ? - Club des Cent Cols","og_description":"Nous Rejoindre ! Vous partagez notre passion pour la montagne, vous aimez franchir des cols&nbsp;! &nbsp;C\u2019est la vocation de notre confr\u00e9rie&nbsp;!&nbsp; Nous accueillons chaleureusement les nouveaux membres, de tous \u00e2ges, de toutes nationalit\u00e9s, de tous niveaux et de toutes disciplines du cyclisme. Alors, venez nous rejoindre ! O\u00f9 en \u00eates-vous&nbsp;? 1\u00b0) Vous avez grimp\u00e9 un [&hellip;]","og_url":"https:\/\/centcols.org\/de\/wie-man-es-macht\/","og_site_name":"Club des Cent Cols","article_publisher":"https:\/\/www.facebook.com\/groups\/5261880558\/?locale=fr_FR","article_modified_time":"2025-09-14T15:32:39+00:00","og_image":[{"width":1500,"height":1000,"url":"https:\/\/centcols.org\/wp-content\/uploads\/2025\/01\/club-cent-cols-challenges-velo.jpg","type":"image\/jpeg"}],"twitter_card":"summary_large_image","twitter_misc":{"Gesch\u00e4tzte Lesezeit":"8\u00a0Minuten"},"schema":{"@context":"https:\/\/schema.org","@graph":[{"@type":"WebPage","@id":"https:\/\/centcols.org\/comment-faire\/","url":"https:\/\/centcols.org\/comment-faire\/","name":"Wie kann ich das tun? - Club des Cent Cols","isPartOf":{"@id":"https:\/\/centcols.org\/#website"},"primaryImageOfPage":{"@id":"https:\/\/centcols.org\/comment-faire\/#primaryimage"},"image":{"@id":"https:\/\/centcols.org\/comment-faire\/#primaryimage"},"thumbnailUrl":"https:\/\/centcols.org\/wp-content\/uploads\/2025\/01\/club-cent-cols-challenges-velo.jpg","datePublished":"2025-02-05T08:07:17+00:00","dateModified":"2025-09-14T15:32:39+00:00","breadcrumb":{"@id":"https:\/\/centcols.org\/comment-faire\/#breadcrumb"},"inLanguage":"de","potentialAction":[{"@type":"ReadAction","target":["https:\/\/centcols.org\/comment-faire\/"]}]},{"@type":"ImageObject","inLanguage":"de","@id":"https:\/\/centcols.org\/comment-faire\/#primaryimage","url":"https:\/\/centcols.org\/wp-content\/uploads\/2025\/01\/club-cent-cols-challenges-velo.jpg","contentUrl":"https:\/\/centcols.org\/wp-content\/uploads\/2025\/01\/club-cent-cols-challenges-velo.jpg","width":1500,"height":1000,"caption":"col \u00e0 v\u00e9lo - cyclotourisme en montagne - v\u00e9lo en montagne"},{"@type":"BreadcrumbList","@id":"https:\/\/centcols.org\/comment-faire\/#breadcrumb","itemListElement":[{"@type":"ListItem","position":1,"name":"Accueil","item":"https:\/\/centcols.org\/"},{"@type":"ListItem","position":2,"name":"Comment faire ?"}]},{"@type":"WebSite","@id":"https:\/\/centcols.org\/#website","url":"https:\/\/centcols.org\/","name":"Club des Cent Cols","description":"","publisher":{"@id":"https:\/\/centcols.org\/#organization"},"potentialAction":[{"@type":"SearchAction","target":{"@type":"EntryPoint","urlTemplate":"https:\/\/centcols.org\/?s={search_term_string}"},"query-input":{"@type":"PropertyValueSpecification","valueRequired":true,"valueName":"search_term_string"}}],"inLanguage":"de"},{"@type":"Organization","@id":"https:\/\/centcols.org\/#organization","name":"Club des Cent Cols","url":"https:\/\/centcols.org\/","logo":{"@type":"ImageObject","inLanguage":"de","@id":"https:\/\/centcols.org\/#\/schema\/logo\/image\/","url":"https:\/\/centcols.org\/wp-content\/uploads\/2025\/01\/carte-icone.png","contentUrl":"https:\/\/centcols.org\/wp-content\/uploads\/2025\/01\/carte-icone.png","width":250,"height":250,"caption":"Club des Cent Cols"},"image":{"@id":"https:\/\/centcols.org\/#\/schema\/logo\/image\/"},"sameAs":["https:\/\/www.facebook.com\/groups\/5261880558\/?locale=fr_FR"]}]}},"_links":{"self":[{"href":"https:\/\/centcols.org\/de\/wp-json\/wp\/v2\/pages\/79514","targetHints":{"allow":["GET"]}}],"collection":[{"href":"https:\/\/centcols.org\/de\/wp-json\/wp\/v2\/pages"}],"about":[{"href":"https:\/\/centcols.org\/de\/wp-json\/wp\/v2\/types\/page"}],"author":[{"embeddable":true,"href":"https:\/\/centcols.org\/de\/wp-json\/wp\/v2\/users\/2"}],"replies":[{"embeddable":true,"href":"https:\/\/centcols.org\/de\/wp-json\/wp\/v2\/comments?post=79514"}],"version-history":[{"count":0,"href":"https:\/\/centcols.org\/de\/wp-json\/wp\/v2\/pages\/79514\/revisions"}],"wp:featuredmedia":[{"embeddable":true,"href":"https:\/\/centcols.org\/de\/wp-json\/wp\/v2\/media\/623"}],"wp:attachment":[{"href":"https:\/\/centcols.org\/de\/wp-json\/wp\/v2\/media?parent=79514"}],"curies":[{"name":"wp","href":"https:\/\/api.w.org\/{rel}","templated":true}]}}