{"id":84208,"date":"2025-06-25T23:07:56","date_gmt":"2025-06-25T21:07:56","guid":{"rendered":"https:\/\/centcols.org\/?page_id=84208"},"modified":"2025-08-09T15:06:22","modified_gmt":"2025-08-09T13:06:22","slug":"ccway","status":"publish","type":"page","link":"https:\/\/centcols.org\/de\/ccway\/","title":{"rendered":"ccWay (Pass-Datenbank)"},"content":{"rendered":"<div class=\"wp-block-columns is-layout-flex wp-container-core-columns-is-layout-9d6595d7 wp-block-columns-is-layout-flex\">\n<div class=\"wp-block-column is-layout-flow wp-block-column-is-layout-flow\" style=\"flex-basis:66.66%\">        <div class=\"toggle-content-wrapper\">\n            <div class=\"visible-text\">\n                ccWay ist ein webbasiertes Dienstprogramm auf der Website des Club des Cent Cols, das eine Reihe von P\u00e4ssen anhand von Kriterien Ihrer Wahl extrahieren kann. Es kann als Ausgabe verschiedene Arten von g\u00e4ngigen Geolokalisierungsdateien nach Wahl des Benutzers erzeugen. Die unmittelbarste Verwendung ist die Ausgabe von gpx-Dateien f\u00fcr Ihr GPS, aber Sie k\u00f6nnen auch andere Formate f\u00fcr Ihre bevorzugte Geolokalisierungssoftware wie Google Earth, MapSource, Carto Exploreur und viele andere verwenden.            <\/div>\n            <div class=\"toggle-controls\">\n                <button class=\"toggle-btn read-more-btn\"\n                    data-show-text=\"Afficher moins\"\n                    data-hide-text=\"Lire la suite\">\n                    Lesen Sie mehr                <\/button>\n            <\/div>\n            <div class=\"hidden-text\" style=\"display: none;\">\n                ccWay ist nicht speziell f\u00fcr Benutzer von GPS-Ger\u00e4ten gedacht, auch wenn es der direkteste Verwendungszweck ist. Die Dateien aus ccWay eignen sich f\u00fcr die kartenbasierte Planung von Ausfl\u00fcgen und Reisen, f\u00fcr eine 3D-Ansicht einer Gruppe von P\u00e4ssen in Google Earth und f\u00fcr viele andere Zwecke, die nur durch Ihre Vorstellungskraft begrenzt sind.<br>Nachdem Sie ein Land ausgew\u00e4hlt haben, k\u00f6nnen Sie die P\u00e4sse nach Verwaltungsebene (Region, Departement, Provinz, Kanton, Bundesland, Staat...) oder nach Kartennummer ausw\u00e4hlen oder mit der Maus auf einer interaktiven Karte selektieren. Die so erhaltenen P\u00e4sse k\u00f6nnen auch gefiltert werden: P\u00e4sse &lt; 2000 m, P\u00e4sse \u2265 2000 m oder beide; ein oder mehrere Schwierigkeitsgrade; ccWay kann auch zwischen P\u00e4ssen unterscheiden, die Sie bereits bestiegen haben, und solchen, die Sie noch besteigen m\u00fcssen.<br>ccWay erm\u00f6glicht es Ihnen au\u00dferdem, P\u00e4sse nach dem Datum der Aufnahme oder \u00c4nderung in die Hundert-P\u00e4sse-Datenbank zu filtern, die Position eines bestimmten Passes anhand seines Namens oder Codes zu suchen, einen Track aus einer Datei auf Ihrem Computer oder aus einer Openrunner-Strecke auf der Karte anzuzeigen.<br>ccWay funktioniert vollst\u00e4ndig online, ohne dass eine Software auf Ihrem Computer installiert werden muss. Wenn Sie m\u00f6chten, m\u00fcssen Sie nat\u00fcrlich die Software(s) Ihrer Wahl installieren, die die von ccWay erzeugten Dateien verarbeiten.            <\/div>\n            <div class=\"toggle-controls-bottom\" style=\"display: none;\">\n                <button class=\"toggle-btn show-less-btn\"\n                    data-show-text=\"Afficher moins\"\n                    data-hide-text=\"Lire la suite\">\n                    Weniger anzeigen                <\/button>\n            <\/div>\n        <\/div>\n    <\/div>\n\n\n\n<div class=\"wp-block-column is-layout-flow wp-block-column-is-layout-flow\" style=\"flex-basis:33.33%\"><div class=\"wp-block-image is-style-default\">\n<figure class=\"aligncenter size-full is-resized\"><img loading=\"lazy\" decoding=\"async\" width=\"346\" height=\"228\" src=\"https:\/\/centcols.org\/wp-content\/uploads\/2025\/05\/exce.jpg\" alt=\"\" class=\"wp-image-81828\" style=\"aspect-ratio:1.7777777777777777;object-fit:cover;width:484px;height:auto\"\/><figcaption class=\"wp-element-caption\"><strong><a href=\"https:\/\/centcols.org\/de\/util\/geo\/ccway\/\" target=\"_blank\" rel=\"noreferrer noopener\"><\/a><a href=\"https:\/\/centcols.org\/de\/util\/geo\/ccway\/\" target=\"_blank\" rel=\"noreferrer noopener\">Zugriff auf das Dienstprogramm ccWay<\/a><\/strong><\/figcaption><\/figure>\n<\/div><\/div>\n<\/div>\n\n\n\n<h2 class=\"wp-block-heading\">Leitf\u00e4den<\/h2>\n\n\n\n<div class=\"wp-block-query grid-nous-rejoindre is-layout-constrained wp-block-query-is-layout-constrained\"><ul class=\"wp-block-post-template is-layout-grid wp-container-core-post-template-is-layout-424c85b4 wp-block-post-template-is-layout-grid\"><li class=\"wp-block-post post-81825 post type-post status-publish format-standard has-post-thumbnail hentry category-guide-ccway category-tutoriels\">\n\n<div class=\"wp-block-group carte-article\"><div class=\"wp-block-group__inner-container is-layout-constrained wp-block-group-is-layout-constrained\"><figure style=\"aspect-ratio:16\/9;width:100%;\" class=\"wp-block-post-featured-image\"><a href=\"https:\/\/centcols.org\/de\/guide-dutilisation-ccway\/\" target=\"_self\"  ><img loading=\"lazy\" decoding=\"async\" width=\"346\" height=\"218\" src=\"https:\/\/centcols.org\/wp-content\/uploads\/2025\/05\/exmapsource.jpg\" class=\"attachment-post-thumbnail size-post-thumbnail wp-post-image\" alt=\"ccWay-Benutzerhandbuch\" style=\"width:100%;height:100%;object-fit:cover;\" \/><\/a><\/figure>\n\n<h3 style=\"font-size:1.2rem;\" class=\"wp-block-post-title\"><a href=\"https:\/\/centcols.org\/de\/guide-dutilisation-ccway\/\" target=\"_self\" >ccWay-Benutzerhandbuch<\/a><\/h3>\n\n<div class=\"wp-block-post-excerpt\"><p class=\"wp-block-post-excerpt__excerpt\">Vorbemerkungen Die benutzerdefinierten Einstellungen von ccWay sind Gegenstand...<\/p><p class=\"wp-block-post-excerpt__more-text\"><a class=\"wp-block-post-excerpt__more-link\" href=\"https:\/\/centcols.org\/de\/guide-dutilisation-ccway\/\">Weiterlesen \u2192.<\/a><\/p><\/div><\/div><\/div>\n\n<\/li><li class=\"wp-block-post post-81842 post type-post status-publish format-standard has-post-thumbnail hentry category-guide-ccway category-tutoriels\">\n\n<div class=\"wp-block-group carte-article\"><div class=\"wp-block-group__inner-container is-layout-constrained wp-block-group-is-layout-constrained\"><figure style=\"aspect-ratio:16\/9;width:100%;\" class=\"wp-block-post-featured-image\"><a href=\"https:\/\/centcols.org\/de\/guide-ccway-selections-geographiques\/\" target=\"_self\"  ><img loading=\"lazy\" decoding=\"async\" width=\"720\" height=\"540\" src=\"https:\/\/centcols.org\/wp-content\/uploads\/2025\/07\/img-fr59.jpg\" class=\"attachment-post-thumbnail size-post-thumbnail wp-post-image\" alt=\"ccWay Guide: Geografische Auswahlen\" style=\"width:100%;height:100%;object-fit:cover;\" \/><\/a><\/figure>\n\n<h3 style=\"font-size:1.2rem;\" class=\"wp-block-post-title\"><a href=\"https:\/\/centcols.org\/de\/guide-ccway-selections-geographiques\/\" target=\"_self\" >ccWay Guide: Geografische Auswahlen<\/a><\/h3>\n\n<div class=\"wp-block-post-excerpt\"><p class=\"wp-block-post-excerpt__excerpt\">Mithilfe geografischer Auswahlen k\u00f6nnen Sie die geografische Reichweite von...<\/p><p class=\"wp-block-post-excerpt__more-text\"><a class=\"wp-block-post-excerpt__more-link\" href=\"https:\/\/centcols.org\/de\/guide-ccway-selections-geographiques\/\">Weiterlesen \u2192.<\/a><\/p><\/div><\/div><\/div>\n\n<\/li><li class=\"wp-block-post post-81846 post type-post status-publish format-standard has-post-thumbnail hentry category-guide-ccway category-tutoriels\">\n\n<div class=\"wp-block-group carte-article\"><div class=\"wp-block-group__inner-container is-layout-constrained wp-block-group-is-layout-constrained\"><figure style=\"aspect-ratio:16\/9;width:100%;\" class=\"wp-block-post-featured-image\"><a href=\"https:\/\/centcols.org\/de\/guide-ccway-selection-sur-carte\/\" target=\"_self\"  ><img loading=\"lazy\" decoding=\"async\" width=\"720\" height=\"540\" src=\"https:\/\/centcols.org\/wp-content\/uploads\/2025\/07\/img-fr60.jpg\" class=\"attachment-post-thumbnail size-post-thumbnail wp-post-image\" alt=\"ccWay Guide: Auswahl nach Karte\" style=\"width:100%;height:100%;object-fit:cover;\" \/><\/a><\/figure>\n\n<h3 style=\"font-size:1.2rem;\" class=\"wp-block-post-title\"><a href=\"https:\/\/centcols.org\/de\/guide-ccway-selection-sur-carte\/\" target=\"_self\" >ccWay Guide: Auswahl nach Karte<\/a><\/h3>\n\n<div class=\"wp-block-post-excerpt\"><p class=\"wp-block-post-excerpt__excerpt\">Kartenauswahl auf Google Maps Diese Art der geografischen Auswahl...<\/p><p class=\"wp-block-post-excerpt__more-text\"><a class=\"wp-block-post-excerpt__more-link\" href=\"https:\/\/centcols.org\/de\/guide-ccway-selection-sur-carte\/\">Weiterlesen \u2192.<\/a><\/p><\/div><\/div><\/div>\n\n<\/li><li class=\"wp-block-post post-81844 post type-post status-publish format-standard has-post-thumbnail hentry category-guide-ccway category-tutoriels\">\n\n<div class=\"wp-block-group carte-article\"><div class=\"wp-block-group__inner-container is-layout-constrained wp-block-group-is-layout-constrained\"><figure style=\"aspect-ratio:16\/9;width:100%;\" class=\"wp-block-post-featured-image\"><a href=\"https:\/\/centcols.org\/de\/guide-ccway-filtres\/\" target=\"_self\"  ><img loading=\"lazy\" decoding=\"async\" width=\"384\" height=\"209\" src=\"https:\/\/centcols.org\/wp-content\/uploads\/2016\/03\/filtres_cumul1.png\" class=\"attachment-post-thumbnail size-post-thumbnail wp-post-image\" alt=\"ccWay-Leitfaden: Schwierigkeitsfilter\" style=\"width:100%;height:100%;object-fit:cover;\" \/><\/a><\/figure>\n\n<h3 style=\"font-size:1.2rem;\" class=\"wp-block-post-title\"><a href=\"https:\/\/centcols.org\/de\/guide-ccway-filtres\/\" target=\"_self\" >ccWay-Leitfaden: Schwierigkeitsfilter<\/a><\/h3>\n\n<div class=\"wp-block-post-excerpt\"><p class=\"wp-block-post-excerpt__excerpt\">\u00a0Filter schr\u00e4nken P\u00e4sse ein, die aus geografischen Auswahlen extrahiert wurden....<\/p><p class=\"wp-block-post-excerpt__more-text\"><a class=\"wp-block-post-excerpt__more-link\" href=\"https:\/\/centcols.org\/de\/guide-ccway-filtres\/\">Weiterlesen \u2192.<\/a><\/p><\/div><\/div><\/div>\n\n<\/li><li class=\"wp-block-post post-81845 post type-post status-publish format-standard has-post-thumbnail hentry category-guide-ccway category-tutoriels\">\n\n<div class=\"wp-block-group carte-article\"><div class=\"wp-block-group__inner-container is-layout-constrained wp-block-group-is-layout-constrained\"><figure style=\"aspect-ratio:16\/9;width:100%;\" class=\"wp-block-post-featured-image\"><a href=\"https:\/\/centcols.org\/de\/guide-ccway-formats-de-sortie\/\" target=\"_self\"  ><img loading=\"lazy\" decoding=\"async\" width=\"800\" height=\"450\" src=\"https:\/\/centcols.org\/wp-content\/uploads\/2016\/03\/sortieccway5.jpg\" class=\"attachment-post-thumbnail size-post-thumbnail wp-post-image\" alt=\"ccWay-Leitfaden: Ausgabeformate\" style=\"width:100%;height:100%;object-fit:cover;\" srcset=\"https:\/\/centcols.org\/wp-content\/uploads\/2016\/03\/sortieccway5.jpg 800w, https:\/\/centcols.org\/wp-content\/uploads\/2016\/03\/sortieccway5-768x432.jpg 768w\" sizes=\"auto, (max-width: 800px) 100vw, 800px\" \/><\/a><\/figure>\n\n<h3 style=\"font-size:1.2rem;\" class=\"wp-block-post-title\"><a href=\"https:\/\/centcols.org\/de\/guide-ccway-formats-de-sortie\/\" target=\"_self\" >ccWay-Leitfaden: Ausgabeformate<\/a><\/h3>\n\n<div class=\"wp-block-post-excerpt\"><p class=\"wp-block-post-excerpt__excerpt\">Hier geben Sie den Typ der Geolokalisierungsdatei an, die...<\/p><p class=\"wp-block-post-excerpt__more-text\"><a class=\"wp-block-post-excerpt__more-link\" href=\"https:\/\/centcols.org\/de\/guide-ccway-formats-de-sortie\/\">Weiterlesen \u2192.<\/a><\/p><\/div><\/div><\/div>\n\n<\/li><li class=\"wp-block-post post-81830 post type-post status-publish format-standard has-post-thumbnail hentry category-guide-ccway category-tutoriels\">\n\n<div class=\"wp-block-group carte-article\"><div class=\"wp-block-group__inner-container is-layout-constrained wp-block-group-is-layout-constrained\"><figure style=\"aspect-ratio:16\/9;width:100%;\" class=\"wp-block-post-featured-image\"><a href=\"https:\/\/centcols.org\/de\/guide-des-reglages-personnalises-ccway\/\" target=\"_self\"  ><img loading=\"lazy\" decoding=\"async\" width=\"400\" height=\"397\" src=\"https:\/\/centcols.org\/wp-content\/uploads\/2016\/03\/ccWayParmsSections1.jpg\" class=\"attachment-post-thumbnail size-post-thumbnail wp-post-image\" alt=\"Leitfaden f\u00fcr benutzerdefinierte Einstellungen ccWay\" style=\"width:100%;height:100%;object-fit:cover;\" srcset=\"https:\/\/centcols.org\/wp-content\/uploads\/2016\/03\/ccWayParmsSections1.jpg 400w, https:\/\/centcols.org\/wp-content\/uploads\/2016\/03\/ccWayParmsSections1-150x150.jpg 150w\" sizes=\"auto, (max-width: 400px) 100vw, 400px\" \/><\/a><\/figure>\n\n<h3 style=\"font-size:1.2rem;\" class=\"wp-block-post-title\"><a href=\"https:\/\/centcols.org\/de\/guide-des-reglages-personnalises-ccway\/\" target=\"_self\" >Leitfaden f\u00fcr benutzerdefinierte Einstellungen ccWay<\/a><\/h3>\n\n<div class=\"wp-block-post-excerpt\"><p class=\"wp-block-post-excerpt__excerpt\">Auf der Seite mit den ccWay-Einstellungen k\u00f6nnen Sie Folgendes speichern<\/p><p class=\"wp-block-post-excerpt__more-text\"><a class=\"wp-block-post-excerpt__more-link\" href=\"https:\/\/centcols.org\/de\/guide-des-reglages-personnalises-ccway\/\">Weiterlesen \u2192.<\/a><\/p><\/div><\/div><\/div>\n\n<\/li><li class=\"wp-block-post post-81838 post type-post status-publish format-standard has-post-thumbnail hentry category-guide-ccway category-tutoriels\">\n\n<div class=\"wp-block-group carte-article\"><div class=\"wp-block-group__inner-container is-layout-constrained wp-block-group-is-layout-constrained\"><figure style=\"aspect-ratio:16\/9;width:100%;\" class=\"wp-block-post-featured-image\"><a href=\"https:\/\/centcols.org\/de\/guide-des-reglages-ccway-liste-des-cols\/\" target=\"_self\"  ><img loading=\"lazy\" decoding=\"async\" width=\"445\" height=\"335\" src=\"https:\/\/centcols.org\/wp-content\/uploads\/2016\/03\/cols1.png\" class=\"attachment-post-thumbnail size-post-thumbnail wp-post-image\" alt=\"ccWay-Einstellungsleitfaden: Liste der P\u00e4sse\" style=\"width:100%;height:100%;object-fit:cover;\" \/><\/a><\/figure>\n\n<h3 style=\"font-size:1.2rem;\" class=\"wp-block-post-title\"><a href=\"https:\/\/centcols.org\/de\/guide-des-reglages-ccway-liste-des-cols\/\" target=\"_self\" >ccWay-Einstellungsleitfaden: Liste der P\u00e4sse<\/a><\/h3>\n\n<div class=\"wp-block-post-excerpt\"><p class=\"wp-block-post-excerpt__excerpt\">Liste der bestiegenen P\u00e4sse Dieser Abschnitt der Seite der...<\/p><p class=\"wp-block-post-excerpt__more-text\"><a class=\"wp-block-post-excerpt__more-link\" href=\"https:\/\/centcols.org\/de\/guide-des-reglages-ccway-liste-des-cols\/\">Weiterlesen \u2192.<\/a><\/p><\/div><\/div><\/div>\n\n<\/li><li class=\"wp-block-post post-81839 post type-post status-publish format-standard has-post-thumbnail hentry category-guide-ccway category-tutoriels\">\n\n<div class=\"wp-block-group carte-article\"><div class=\"wp-block-group__inner-container is-layout-constrained wp-block-group-is-layout-constrained\"><figure style=\"aspect-ratio:16\/9;width:100%;\" class=\"wp-block-post-featured-image\"><a href=\"https:\/\/centcols.org\/de\/guide-des-reglages-ccway-gpx\/\" target=\"_self\"  ><img loading=\"lazy\" decoding=\"async\" width=\"447\" height=\"453\" src=\"https:\/\/centcols.org\/wp-content\/uploads\/2016\/03\/gpx1.png\" class=\"attachment-post-thumbnail size-post-thumbnail wp-post-image\" alt=\"Leitfaden f\u00fcr ccWay-Einstellungen: GPX\" style=\"width:100%;height:100%;object-fit:cover;\" \/><\/a><\/figure>\n\n<h3 style=\"font-size:1.2rem;\" class=\"wp-block-post-title\"><a href=\"https:\/\/centcols.org\/de\/guide-des-reglages-ccway-gpx\/\" target=\"_self\" >Leitfaden f\u00fcr ccWay-Einstellungen: GPX<\/a><\/h3>\n\n<div class=\"wp-block-post-excerpt\"><p class=\"wp-block-post-excerpt__excerpt\">GPX-Optionen In diesem Abschnitt der Einstellungsseite k\u00f6nnen Sie...<\/p><p class=\"wp-block-post-excerpt__more-text\"><a class=\"wp-block-post-excerpt__more-link\" href=\"https:\/\/centcols.org\/de\/guide-des-reglages-ccway-gpx\/\">Weiterlesen \u2192.<\/a><\/p><\/div><\/div><\/div>\n\n<\/li><li class=\"wp-block-post post-81840 post type-post status-publish format-standard has-post-thumbnail hentry category-guide-ccway category-tutoriels\">\n\n<div class=\"wp-block-group carte-article\"><div class=\"wp-block-group__inner-container is-layout-constrained wp-block-group-is-layout-constrained\"><figure style=\"aspect-ratio:16\/9;width:100%;\" class=\"wp-block-post-featured-image\"><a href=\"https:\/\/centcols.org\/de\/guide-des-reglages-ccway-kml\/\" target=\"_self\"  ><img loading=\"lazy\" decoding=\"async\" width=\"500\" height=\"130\" src=\"https:\/\/centcols.org\/wp-content\/uploads\/2016\/03\/sortie_kml_legende1.jpg\" class=\"attachment-post-thumbnail size-post-thumbnail wp-post-image\" alt=\"ccWay-Einstellungsleitfaden: KML\" style=\"width:100%;height:100%;object-fit:cover;\" \/><\/a><\/figure>\n\n<h3 style=\"font-size:1.2rem;\" class=\"wp-block-post-title\"><a href=\"https:\/\/centcols.org\/de\/guide-des-reglages-ccway-kml\/\" target=\"_self\" >ccWay-Einstellungsleitfaden: KML<\/a><\/h3>\n\n<div class=\"wp-block-post-excerpt\"><p class=\"wp-block-post-excerpt__excerpt\">KML-Optionen Dieser Abschnitt der Seite mit den Einstellungen...<\/p><p class=\"wp-block-post-excerpt__more-text\"><a class=\"wp-block-post-excerpt__more-link\" href=\"https:\/\/centcols.org\/de\/guide-des-reglages-ccway-kml\/\">Weiterlesen \u2192.<\/a><\/p><\/div><\/div><\/div>\n\n<\/li><li class=\"wp-block-post post-81841 post type-post status-publish format-standard has-post-thumbnail hentry category-guide-ccway category-tutoriels\">\n\n<div class=\"wp-block-group carte-article\"><div class=\"wp-block-group__inner-container is-layout-constrained wp-block-group-is-layout-constrained\"><figure style=\"aspect-ratio:16\/9;width:100%;\" class=\"wp-block-post-featured-image\"><a href=\"https:\/\/centcols.org\/de\/guide-des-reglages-ccway-ce3\/\" target=\"_self\"  ><img loading=\"lazy\" decoding=\"async\" width=\"447\" height=\"539\" src=\"https:\/\/centcols.org\/wp-content\/uploads\/2016\/03\/carto1.png\" class=\"attachment-post-thumbnail size-post-thumbnail wp-post-image\" alt=\"Leitfaden f\u00fcr ccWay-Einstellungen: CE3\" style=\"width:100%;height:100%;object-fit:cover;\" \/><\/a><\/figure>\n\n<h3 style=\"font-size:1.2rem;\" class=\"wp-block-post-title\"><a href=\"https:\/\/centcols.org\/de\/guide-des-reglages-ccway-ce3\/\" target=\"_self\" >Leitfaden f\u00fcr ccWay-Einstellungen: CE3<\/a><\/h3>\n\n<div class=\"wp-block-post-excerpt\"><p class=\"wp-block-post-excerpt__excerpt\">Optionen CartoExplorer Dieser Abschnitt der Einstellungsseite...<\/p><p class=\"wp-block-post-excerpt__more-text\"><a class=\"wp-block-post-excerpt__more-link\" href=\"https:\/\/centcols.org\/de\/guide-des-reglages-ccway-ce3\/\">Weiterlesen \u2192.<\/a><\/p><\/div><\/div><\/div>\n\n<\/li><\/ul><\/div>\n\n\n\n<p><\/p>","protected":false},"excerpt":{"rendered":"<p>Leitf\u00e4den<\/p>","protected":false},"author":3,"featured_media":83171,"parent":0,"menu_order":0,"comment_status":"closed","ping_status":"closed","template":"","meta":{"_acf_changed":false,"footnotes":""},"class_list":["post-84208","page","type-page","status-publish","has-post-thumbnail","hentry"],"acf":[],"yoast_head":"<!-- This site is optimized with the Yoast SEO plugin v27.2 - https:\/\/yoast.com\/product\/yoast-seo-wordpress\/ -->\n<title>ccWay - Club des Cent Cols<\/title>\n<meta name=\"robots\" content=\"index, follow, max-snippet:-1, max-image-preview:large, max-video-preview:-1\" \/>\n<link rel=\"canonical\" href=\"https:\/\/centcols.org\/de\/ccway\/\" \/>\n<meta property=\"og:locale\" content=\"de_DE\" \/>\n<meta property=\"og:type\" content=\"article\" \/>\n<meta property=\"og:title\" content=\"ccWay - Club des Cent Cols\" \/>\n<meta property=\"og:description\" content=\"Guides\" \/>\n<meta property=\"og:url\" content=\"https:\/\/centcols.org\/de\/ccway\/\" \/>\n<meta property=\"og:site_name\" content=\"Club des Cent Cols\" \/>\n<meta property=\"article:publisher\" content=\"https:\/\/www.facebook.com\/groups\/5261880558\/?locale=fr_FR\" \/>\n<meta property=\"article:modified_time\" content=\"2025-08-09T13:06:22+00:00\" \/>\n<meta property=\"og:image\" content=\"https:\/\/centcols.org\/wp-content\/uploads\/2025\/06\/regledujeu2.jpg\" \/>\n\t<meta property=\"og:image:width\" content=\"1033\" \/>\n\t<meta property=\"og:image:height\" content=\"581\" \/>\n\t<meta property=\"og:image:type\" content=\"image\/jpeg\" \/>\n<meta name=\"twitter:card\" content=\"summary_large_image\" \/>\n<meta name=\"twitter:label1\" content=\"Gesch\u00e4tzte Lesezeit\" \/>\n\t<meta name=\"twitter:data1\" content=\"1\u00a0Minute\" \/>\n<script type=\"application\/ld+json\" class=\"yoast-schema-graph\">{\"@context\":\"https:\/\/schema.org\",\"@graph\":[{\"@type\":\"WebPage\",\"@id\":\"https:\/\/centcols.org\/ccway\/\",\"url\":\"https:\/\/centcols.org\/ccway\/\",\"name\":\"ccWay - Club des Cent Cols\",\"isPartOf\":{\"@id\":\"https:\/\/centcols.org\/#website\"},\"primaryImageOfPage\":{\"@id\":\"https:\/\/centcols.org\/ccway\/#primaryimage\"},\"image\":{\"@id\":\"https:\/\/centcols.org\/ccway\/#primaryimage\"},\"thumbnailUrl\":\"https:\/\/centcols.org\/wp-content\/uploads\/2025\/06\/regledujeu2.jpg\",\"datePublished\":\"2025-06-25T21:07:56+00:00\",\"dateModified\":\"2025-08-09T13:06:22+00:00\",\"breadcrumb\":{\"@id\":\"https:\/\/centcols.org\/ccway\/#breadcrumb\"},\"inLanguage\":\"de\",\"potentialAction\":[{\"@type\":\"ReadAction\",\"target\":[\"https:\/\/centcols.org\/ccway\/\"]}]},{\"@type\":\"ImageObject\",\"inLanguage\":\"de\",\"@id\":\"https:\/\/centcols.org\/ccway\/#primaryimage\",\"url\":\"https:\/\/centcols.org\/wp-content\/uploads\/2025\/06\/regledujeu2.jpg\",\"contentUrl\":\"https:\/\/centcols.org\/wp-content\/uploads\/2025\/06\/regledujeu2.jpg\",\"width\":1033,\"height\":581},{\"@type\":\"BreadcrumbList\",\"@id\":\"https:\/\/centcols.org\/ccway\/#breadcrumb\",\"itemListElement\":[{\"@type\":\"ListItem\",\"position\":1,\"name\":\"Accueil\",\"item\":\"https:\/\/centcols.org\/\"},{\"@type\":\"ListItem\",\"position\":2,\"name\":\"ccWay\"}]},{\"@type\":\"WebSite\",\"@id\":\"https:\/\/centcols.org\/#website\",\"url\":\"https:\/\/centcols.org\/\",\"name\":\"Club des Cent Cols\",\"description\":\"\",\"publisher\":{\"@id\":\"https:\/\/centcols.org\/#organization\"},\"potentialAction\":[{\"@type\":\"SearchAction\",\"target\":{\"@type\":\"EntryPoint\",\"urlTemplate\":\"https:\/\/centcols.org\/?s={search_term_string}\"},\"query-input\":{\"@type\":\"PropertyValueSpecification\",\"valueRequired\":true,\"valueName\":\"search_term_string\"}}],\"inLanguage\":\"de\"},{\"@type\":\"Organization\",\"@id\":\"https:\/\/centcols.org\/#organization\",\"name\":\"Club des Cent Cols\",\"url\":\"https:\/\/centcols.org\/\",\"logo\":{\"@type\":\"ImageObject\",\"inLanguage\":\"de\",\"@id\":\"https:\/\/centcols.org\/#\/schema\/logo\/image\/\",\"url\":\"https:\/\/centcols.org\/wp-content\/uploads\/2025\/01\/carte-icone.png\",\"contentUrl\":\"https:\/\/centcols.org\/wp-content\/uploads\/2025\/01\/carte-icone.png\",\"width\":250,\"height\":250,\"caption\":\"Club des Cent Cols\"},\"image\":{\"@id\":\"https:\/\/centcols.org\/#\/schema\/logo\/image\/\"},\"sameAs\":[\"https:\/\/www.facebook.com\/groups\/5261880558\/?locale=fr_FR\"]}]}<\/script>\n<!-- \/ Yoast SEO plugin. -->","yoast_head_json":{"title":"ccWay - Club des Cent Cols","robots":{"index":"index","follow":"follow","max-snippet":"max-snippet:-1","max-image-preview":"max-image-preview:large","max-video-preview":"max-video-preview:-1"},"canonical":"https:\/\/centcols.org\/de\/ccway\/","og_locale":"de_DE","og_type":"article","og_title":"ccWay - Club des Cent Cols","og_description":"Guides","og_url":"https:\/\/centcols.org\/de\/ccway\/","og_site_name":"Club des Cent Cols","article_publisher":"https:\/\/www.facebook.com\/groups\/5261880558\/?locale=fr_FR","article_modified_time":"2025-08-09T13:06:22+00:00","og_image":[{"width":1033,"height":581,"url":"https:\/\/centcols.org\/wp-content\/uploads\/2025\/06\/regledujeu2.jpg","type":"image\/jpeg"}],"twitter_card":"summary_large_image","twitter_misc":{"Gesch\u00e4tzte Lesezeit":"1\u00a0Minute"},"schema":{"@context":"https:\/\/schema.org","@graph":[{"@type":"WebPage","@id":"https:\/\/centcols.org\/ccway\/","url":"https:\/\/centcols.org\/ccway\/","name":"ccWay - Club des Cent Cols","isPartOf":{"@id":"https:\/\/centcols.org\/#website"},"primaryImageOfPage":{"@id":"https:\/\/centcols.org\/ccway\/#primaryimage"},"image":{"@id":"https:\/\/centcols.org\/ccway\/#primaryimage"},"thumbnailUrl":"https:\/\/centcols.org\/wp-content\/uploads\/2025\/06\/regledujeu2.jpg","datePublished":"2025-06-25T21:07:56+00:00","dateModified":"2025-08-09T13:06:22+00:00","breadcrumb":{"@id":"https:\/\/centcols.org\/ccway\/#breadcrumb"},"inLanguage":"de","potentialAction":[{"@type":"ReadAction","target":["https:\/\/centcols.org\/ccway\/"]}]},{"@type":"ImageObject","inLanguage":"de","@id":"https:\/\/centcols.org\/ccway\/#primaryimage","url":"https:\/\/centcols.org\/wp-content\/uploads\/2025\/06\/regledujeu2.jpg","contentUrl":"https:\/\/centcols.org\/wp-content\/uploads\/2025\/06\/regledujeu2.jpg","width":1033,"height":581},{"@type":"BreadcrumbList","@id":"https:\/\/centcols.org\/ccway\/#breadcrumb","itemListElement":[{"@type":"ListItem","position":1,"name":"Accueil","item":"https:\/\/centcols.org\/"},{"@type":"ListItem","position":2,"name":"ccWay"}]},{"@type":"WebSite","@id":"https:\/\/centcols.org\/#website","url":"https:\/\/centcols.org\/","name":"Club des Cent Cols","description":"","publisher":{"@id":"https:\/\/centcols.org\/#organization"},"potentialAction":[{"@type":"SearchAction","target":{"@type":"EntryPoint","urlTemplate":"https:\/\/centcols.org\/?s={search_term_string}"},"query-input":{"@type":"PropertyValueSpecification","valueRequired":true,"valueName":"search_term_string"}}],"inLanguage":"de"},{"@type":"Organization","@id":"https:\/\/centcols.org\/#organization","name":"Club des Cent Cols","url":"https:\/\/centcols.org\/","logo":{"@type":"ImageObject","inLanguage":"de","@id":"https:\/\/centcols.org\/#\/schema\/logo\/image\/","url":"https:\/\/centcols.org\/wp-content\/uploads\/2025\/01\/carte-icone.png","contentUrl":"https:\/\/centcols.org\/wp-content\/uploads\/2025\/01\/carte-icone.png","width":250,"height":250,"caption":"Club des Cent Cols"},"image":{"@id":"https:\/\/centcols.org\/#\/schema\/logo\/image\/"},"sameAs":["https:\/\/www.facebook.com\/groups\/5261880558\/?locale=fr_FR"]}]}},"_links":{"self":[{"href":"https:\/\/centcols.org\/de\/wp-json\/wp\/v2\/pages\/84208","targetHints":{"allow":["GET"]}}],"collection":[{"href":"https:\/\/centcols.org\/de\/wp-json\/wp\/v2\/pages"}],"about":[{"href":"https:\/\/centcols.org\/de\/wp-json\/wp\/v2\/types\/page"}],"author":[{"embeddable":true,"href":"https:\/\/centcols.org\/de\/wp-json\/wp\/v2\/users\/3"}],"replies":[{"embeddable":true,"href":"https:\/\/centcols.org\/de\/wp-json\/wp\/v2\/comments?post=84208"}],"version-history":[{"count":0,"href":"https:\/\/centcols.org\/de\/wp-json\/wp\/v2\/pages\/84208\/revisions"}],"wp:featuredmedia":[{"embeddable":true,"href":"https:\/\/centcols.org\/de\/wp-json\/wp\/v2\/media\/83171"}],"wp:attachment":[{"href":"https:\/\/centcols.org\/de\/wp-json\/wp\/v2\/media?parent=84208"}],"curies":[{"name":"wp","href":"https:\/\/api.w.org\/{rel}","templated":true}]}}