{"id":91011,"date":"2025-12-15T20:09:00","date_gmt":"2025-12-15T18:09:00","guid":{"rendered":"https:\/\/centcols.org\/?p=91011"},"modified":"2026-03-19T19:43:14","modified_gmt":"2026-03-19T17:43:14","slug":"pflichtenheft-mitgliederparcours","status":"publish","type":"page","link":"https:\/\/centcols.org\/de\/cahier-des-charges-parcours-membres\/","title":{"rendered":"Vom Club mit einem G\u00fctesiegel versehene Golfpl\u00e4tze von Mitgliedern: die Spezifikation"},"content":{"rendered":"<p>Die mit dem G\u00fctesiegel des Club des Cent Cols ausgezeichneten Parcours unterliegen einem strengen Pflichtenheft, um eine koh\u00e4rente und repr\u00e4sentative Gesamtheit der Parcours der Clubmitglieder zu erhalten.<\/p>\n\n\n\n<p>Jede Strecke hat einen Titel, der sich aus :<\/p>\n\n\n\n<ul class=\"wp-block-list\">\n<li>Der nationale Code des Landes, in dem sich der Golfplatz befindet, in zwei Buchstaben<\/li>\n\n\n\n<li>Der Regional- \/ Departmentcode<\/li>\n\n\n\n<li>Der Name der Strecke, je nach Wahl des Autors<\/li>\n\n\n\n<li>Titelbeispiel: FR-74 Col de l'Iseran \/ DE-BW Oppennau \/ IT-CN Boucle des Intersile<\/li>\n<\/ul>\n\n\n\n<p>Die&nbsp;<strong><a href=\"https:\/\/centcols.org\/wp-content\/uploads\/2025\/11\/Fiche-pour-parcours-membre.odt\" target=\"_blank\" rel=\"noreferrer noopener\">Informationen<\/a><\/strong>&nbsp;die vom Autor der Bewerberstrecke verlangt werden, sind :<\/p>\n\n\n\n<ul class=\"wp-block-list\">\n<li>Die&nbsp;<strong>Vorname und Nachname<\/strong>&nbsp;des Autors der Strecke (Kein Pseudonym)<\/li>\n\n\n\n<li>Eine&nbsp;<strong>Kurzbeschreibung<\/strong>&nbsp;die dazu anregt, diesen Weg zu gehen: zwei oder drei S\u00e4tze \u00fcber das Interesse, das angetroffene Kulturerbe, die Sch\u00f6nheit des Ortes usw.<\/li>\n\n\n\n<li>Die&nbsp;<strong>Passliste<\/strong>&nbsp;auf der Spur mit Namen und Code der P\u00e4sse mit dem Visgen-Link<\/li>\n\n\n\n<li>Die&nbsp;<strong>Datum<\/strong>&nbsp;an dem die Strecke zur\u00fcckgelegt wurde. Der Zustand der Stra\u00dfen und die Liste der P\u00e4sse k\u00f6nnen sich im Laufe der Zeit \u00e4ndern. Alle Strecken m\u00fcssen erkundet worden sein.<\/li>\n\n\n\n<li>Die&nbsp;<strong>Abflugort<\/strong>&nbsp;mit einem Parkplatz f\u00fcr Fahrzeuge.&nbsp;<\/li>\n\n\n\n<li>Mehrere&nbsp;<strong>Stichw\u00f6rter<\/strong>&nbsp;(maximal 5), um die Suche nach der Strecke zu erleichtern: den Startort und z. B. den Namen des Hauptpasses, den Namen des Bergmassivs.<\/li>\n\n\n\n<li>N\u00fctzliche Informationen f\u00fcr diejenigen, die die Strecke verfolgen werden :<br>F\u00fcr Stra\u00dfenfahrten, strenge Prozents\u00e4tze, umgebenden Autoverkehr usw.<br>Bei Mountainbike-Routen: Schiebesektoren, ihre L\u00e4nge, wahrscheinliche Schwierigkeiten, m\u00f6gliche Gefahren, etc.<\/li>\n<\/ul>\n\n\n\n<p><a href=\"https:\/\/centcols.org\/wp-content\/uploads\/2025\/11\/Fiche-pour-parcours-membre.odt\">Hier k\u00f6nnen Sie eine Vorlage f\u00fcr ein bearbeitbares Arbeitsblatt herunterladen<\/a><\/p>\n\n\n\n<p>Alle mit dem Label club-des-cent-cols versehenen Routen werden nur zur Orientierung vorgeschlagen. Die Autoren und der Club des Cent Cols lehnen jede Haftung f\u00fcr Unw\u00e4gbarkeiten ab, die auf den Radfahrer selbst, das verwendete Material, das Wetter und alles, was die Stra\u00dfe, die Wege, ihre Umgebung und andere Benutzer betrifft, zur\u00fcckzuf\u00fchren sind.<\/p>\n\n\n\n<h2 class=\"wp-block-heading\">Anforderungen, die von den Parcours erf\u00fcllt werden m\u00fcssen<\/h2>\n\n\n\n<p>Die Strecken d\u00fcrfen nicht \u00fcber verbotene P\u00e4sse f\u00fchren, Privatbesitz durchqueren oder in Naturparks und generell nicht erlaubte Orte eindringen.<\/p>\n\n\n\n<h3 class=\"wp-block-heading\">Stra\u00dfenkurse m\u00fcssen<\/h3>\n\n\n\n<ul class=\"wp-block-list\">\n<li>Besteht aus mindestens 1 Hals<\/li>\n\n\n\n<li>Bleiben Sie in einem Rahmen von maximal 100 km und 2500 m D+ *<strong>&nbsp;<\/strong><\/li>\n<\/ul>\n\n\n\n<h3 class=\"wp-block-heading\">Maultierpfade m\u00fcssen<\/h3>\n\n\n\n<ul class=\"wp-block-list\">\n<li>Besteht aus mindestens 1 Hals&nbsp;<\/li>\n\n\n\n<li>Keine gef\u00e4hrlichen und\/oder akrobatischen Bereiche haben&nbsp;<\/li>\n\n\n\n<li>Markieren Sie Bereiche, die abschreckend wirken k\u00f6nnen (Leere, Br\u00fccke, Schwindel...).<\/li>\n\n\n\n<li>Tolerieren Sie kurze, einfache, dem Autor qualitativ bekannte Push-Sektoren<\/li>\n\n\n\n<li>Bleiben Sie in einem Rahmen von maximal 50 km und 1500 \/ 2000 m D+ *<\/li>\n<\/ul>\n\n\n\n<h3 class=\"wp-block-heading\">Gravel-Parcours m\u00fcssen<\/h3>\n\n\n\n<ul class=\"wp-block-list\">\n<li>Besteht aus mindestens 1 Hals&nbsp;<\/li>\n\n\n\n<li>Bleiben Sie in einem Rahmen von maximal 70\/80 km und 2000 m D+ *<\/li>\n\n\n\n<li>Nur Fahrradp\u00e4sse mit 100% auf Zugang R1 und S1 haben.<\/li>\n\n\n\n<li>Tolerieren Sie einige nicht-radfahrende, aber kurze Abschnitte (z. B. R2\/S2 in A\/R).<\/li>\n<\/ul>\n\n\n\n<p>* Eine (zu begr\u00fcndende) Ausnahme ist angesichts des Interesses an der Strecke immer denkbar.<\/p>\n\n\n\n<h2 class=\"wp-block-heading\">Organisation<\/h2>\n\n\n\n<p>Mitglieder m\u00fcssen ihre Laufbahnen unter folgender Adresse vorschlagen:<\/p>\n\n\n\n<p><a href=\"javascript:;\" target=\"_blank\" rel=\"noreferrer noopener\"><strong>parcours-or@centcols.org<\/strong><\/a><\/p>\n\n\n\n<p>Eine Gruppe von drei Personen wird damit beauftragt, die Zul\u00e4ssigkeit des vom Autor vorgeschlagenen Parcours anhand der genannten Kriterien zu pr\u00fcfen. Diese Gruppe ist daf\u00fcr verantwortlich, die Strecken auf der Club-Website zu pr\u00e4sentieren, sie im Openrunner-Konto des Clubs zu ver\u00f6ffentlichen und sie zu verwalten.<\/p>\n\n\n\n<p>So werden die Strecken auf der Website des Clubs unter dem Men\u00fcpunkt \u00abWandern \/ Mitgliedsstrecken \/ mit G\u00fctesiegel versehene Strecken\u00bb aufgelistet und jede Strecke kann \u00fcber einen direkten Link auf ihren Namen in OpenRunner ge\u00f6ffnet werden.<\/p>\n\n\n\n<h2 class=\"wp-block-heading\">Das Konto des Clubs auf Openrunner<\/h2>\n\n\n\n<p>Um die offizielle Zusammenstellung der Golfpl\u00e4tze des Clubs zu finden :&nbsp;<\/p>\n\n\n\n<ul class=\"wp-block-list\">\n<li>Zu Openrunner gehen =&gt;\u00a0<strong><a href=\"https:\/\/www.openrunner.com\/\" target=\"_blank\" rel=\"noreferrer noopener\">https:\/\/www.openrunner.com\/<\/a><\/strong><\/li>\n\n\n\n<li>Klicken Sie auf \u201cStrecke suchen\u201d.\u201d<\/li>\n\n\n\n<li>Geben Sie \u00abclub-des-cent-cols\u00bb in \u201cAutor\u201d an\u201d&nbsp;<\/li>\n\n\n\n<li>Das Hinzuf\u00fcgen von Schl\u00fcsselw\u00f6rtern Ihrer Wahl hilft Ihnen ebenfalls, Ihre Suche zu verfeinern.<\/li>\n\n\n\n<li>Jeder offizielle Golfplatz des Clubs ist durch das Clublogo leicht zu erkennen.<\/li>\n<\/ul>","protected":false},"excerpt":{"rendered":"<p>Les parcours labellis\u00e9s du Club des Cent Cols sont r\u00e9gis par un cahier des charges strict pour obtenir un ensemble coh\u00e9rent et repr\u00e9sentatif de parcours des membres du Club. Chaque parcours a un titre compos\u00e9 de&nbsp;: Les&nbsp;informations&nbsp;demand\u00e9es \u00e0 l\u2019auteur du parcours candidat sont&nbsp;: Vous pouvez t\u00e9l\u00e9charger ici un mod\u00e8le de fiche modifiable Tous les itin\u00e9raires [&hellip;]<\/p>\n","protected":false},"author":5112,"featured_media":91023,"parent":0,"menu_order":0,"comment_status":"closed","ping_status":"closed","template":"","meta":{"_acf_changed":false,"footnotes":""},"class_list":["post-91011","page","type-page","status-publish","has-post-thumbnail","hentry"],"acf":[],"yoast_head":"<!-- This site is optimized with the Yoast SEO plugin v27.2 - https:\/\/yoast.com\/product\/yoast-seo-wordpress\/ -->\n<title>Les parcours des membres labellis\u00e9s par le club : le cahier des charges - Club des Cent Cols<\/title>\n<meta name=\"robots\" content=\"index, follow, max-snippet:-1, max-image-preview:large, max-video-preview:-1\" \/>\n<link rel=\"canonical\" href=\"https:\/\/centcols.org\/de\/pflichtenheft-mitgliederparcours\/\" \/>\n<meta property=\"og:locale\" content=\"de_DE\" \/>\n<meta property=\"og:type\" content=\"article\" \/>\n<meta property=\"og:title\" content=\"Les parcours des membres labellis\u00e9s par le club : le cahier des charges - Club des Cent Cols\" \/>\n<meta property=\"og:description\" content=\"Les parcours labellis\u00e9s du Club des Cent Cols sont r\u00e9gis par un cahier des charges strict pour obtenir un ensemble coh\u00e9rent et repr\u00e9sentatif de parcours des membres du Club. Chaque parcours a un titre compos\u00e9 de&nbsp;: Les&nbsp;informations&nbsp;demand\u00e9es \u00e0 l\u2019auteur du parcours candidat sont&nbsp;: Vous pouvez t\u00e9l\u00e9charger ici un mod\u00e8le de fiche modifiable Tous les itin\u00e9raires [&hellip;]\" \/>\n<meta property=\"og:url\" content=\"https:\/\/centcols.org\/de\/pflichtenheft-mitgliederparcours\/\" \/>\n<meta property=\"og:site_name\" content=\"Club des Cent Cols\" \/>\n<meta property=\"article:publisher\" content=\"https:\/\/www.facebook.com\/groups\/5261880558\/?locale=fr_FR\" \/>\n<meta property=\"article:modified_time\" content=\"2026-03-19T17:43:14+00:00\" \/>\n<meta property=\"og:image\" content=\"https:\/\/centcols.org\/wp-content\/uploads\/2025\/10\/parcours-membres.jpg\" \/>\n\t<meta property=\"og:image:width\" content=\"1353\" \/>\n\t<meta property=\"og:image:height\" content=\"761\" \/>\n\t<meta property=\"og:image:type\" content=\"image\/jpeg\" \/>\n<meta name=\"twitter:card\" content=\"summary_large_image\" \/>\n<meta name=\"twitter:label1\" content=\"Gesch\u00e4tzte Lesezeit\" \/>\n\t<meta name=\"twitter:data1\" content=\"4\u00a0Minuten\" \/>\n<script type=\"application\/ld+json\" class=\"yoast-schema-graph\">{\"@context\":\"https:\/\/schema.org\",\"@graph\":[{\"@type\":\"WebPage\",\"@id\":\"https:\/\/centcols.org\/de\/pflichtenheft-mitgliederparcours\/\",\"url\":\"https:\/\/centcols.org\/de\/pflichtenheft-mitgliederparcours\/\",\"name\":\"Les parcours des membres labellis\u00e9s par le club : le cahier des charges - Club des Cent Cols\",\"isPartOf\":{\"@id\":\"https:\/\/centcols.org\/#website\"},\"primaryImageOfPage\":{\"@id\":\"https:\/\/centcols.org\/de\/pflichtenheft-mitgliederparcours\/#primaryimage\"},\"image\":{\"@id\":\"https:\/\/centcols.org\/de\/pflichtenheft-mitgliederparcours\/#primaryimage\"},\"thumbnailUrl\":\"https:\/\/centcols.org\/wp-content\/uploads\/2025\/10\/parcours-membres.jpg\",\"datePublished\":\"2025-12-15T18:09:00+00:00\",\"dateModified\":\"2026-03-19T17:43:14+00:00\",\"breadcrumb\":{\"@id\":\"https:\/\/centcols.org\/de\/pflichtenheft-mitgliederparcours\/#breadcrumb\"},\"inLanguage\":\"de\",\"potentialAction\":[{\"@type\":\"ReadAction\",\"target\":[\"https:\/\/centcols.org\/de\/pflichtenheft-mitgliederparcours\/\"]}]},{\"@type\":\"ImageObject\",\"inLanguage\":\"de\",\"@id\":\"https:\/\/centcols.org\/de\/pflichtenheft-mitgliederparcours\/#primaryimage\",\"url\":\"https:\/\/centcols.org\/wp-content\/uploads\/2025\/10\/parcours-membres.jpg\",\"contentUrl\":\"https:\/\/centcols.org\/wp-content\/uploads\/2025\/10\/parcours-membres.jpg\",\"width\":1353,\"height\":761},{\"@type\":\"BreadcrumbList\",\"@id\":\"https:\/\/centcols.org\/de\/pflichtenheft-mitgliederparcours\/#breadcrumb\",\"itemListElement\":[{\"@type\":\"ListItem\",\"position\":1,\"name\":\"Accueil\",\"item\":\"https:\/\/centcols.org\/\"},{\"@type\":\"ListItem\",\"position\":2,\"name\":\"Les parcours des membres labellis\u00e9s par le club : le cahier des charges\"}]},{\"@type\":\"WebSite\",\"@id\":\"https:\/\/centcols.org\/#website\",\"url\":\"https:\/\/centcols.org\/\",\"name\":\"Club des Cent Cols\",\"description\":\"\",\"publisher\":{\"@id\":\"https:\/\/centcols.org\/#organization\"},\"potentialAction\":[{\"@type\":\"SearchAction\",\"target\":{\"@type\":\"EntryPoint\",\"urlTemplate\":\"https:\/\/centcols.org\/?s={search_term_string}\"},\"query-input\":{\"@type\":\"PropertyValueSpecification\",\"valueRequired\":true,\"valueName\":\"search_term_string\"}}],\"inLanguage\":\"de\"},{\"@type\":\"Organization\",\"@id\":\"https:\/\/centcols.org\/#organization\",\"name\":\"Club des Cent Cols\",\"url\":\"https:\/\/centcols.org\/\",\"logo\":{\"@type\":\"ImageObject\",\"inLanguage\":\"de\",\"@id\":\"https:\/\/centcols.org\/#\/schema\/logo\/image\/\",\"url\":\"https:\/\/centcols.org\/wp-content\/uploads\/2025\/01\/carte-icone.png\",\"contentUrl\":\"https:\/\/centcols.org\/wp-content\/uploads\/2025\/01\/carte-icone.png\",\"width\":250,\"height\":250,\"caption\":\"Club des Cent Cols\"},\"image\":{\"@id\":\"https:\/\/centcols.org\/#\/schema\/logo\/image\/\"},\"sameAs\":[\"https:\/\/www.facebook.com\/groups\/5261880558\/?locale=fr_FR\"]}]}<\/script>\n<!-- \/ Yoast SEO plugin. -->","yoast_head_json":{"title":"Die vom Club ausgezeichneten Strecken der Mitglieder: das Pflichtenheft - Club des Cent Cols","robots":{"index":"index","follow":"follow","max-snippet":"max-snippet:-1","max-image-preview":"max-image-preview:large","max-video-preview":"max-video-preview:-1"},"canonical":"https:\/\/centcols.org\/de\/pflichtenheft-mitgliederparcours\/","og_locale":"de_DE","og_type":"article","og_title":"Les parcours des membres labellis\u00e9s par le club : le cahier des charges - Club des Cent Cols","og_description":"Les parcours labellis\u00e9s du Club des Cent Cols sont r\u00e9gis par un cahier des charges strict pour obtenir un ensemble coh\u00e9rent et repr\u00e9sentatif de parcours des membres du Club. Chaque parcours a un titre compos\u00e9 de&nbsp;: Les&nbsp;informations&nbsp;demand\u00e9es \u00e0 l\u2019auteur du parcours candidat sont&nbsp;: Vous pouvez t\u00e9l\u00e9charger ici un mod\u00e8le de fiche modifiable Tous les itin\u00e9raires [&hellip;]","og_url":"https:\/\/centcols.org\/de\/pflichtenheft-mitgliederparcours\/","og_site_name":"Club des Cent Cols","article_publisher":"https:\/\/www.facebook.com\/groups\/5261880558\/?locale=fr_FR","article_modified_time":"2026-03-19T17:43:14+00:00","og_image":[{"width":1353,"height":761,"url":"https:\/\/centcols.org\/wp-content\/uploads\/2025\/10\/parcours-membres.jpg","type":"image\/jpeg"}],"twitter_card":"summary_large_image","twitter_misc":{"Gesch\u00e4tzte Lesezeit":"4\u00a0Minuten"},"schema":{"@context":"https:\/\/schema.org","@graph":[{"@type":"WebPage","@id":"https:\/\/centcols.org\/de\/pflichtenheft-mitgliederparcours\/","url":"https:\/\/centcols.org\/de\/pflichtenheft-mitgliederparcours\/","name":"Die vom Club ausgezeichneten Strecken der Mitglieder: das Pflichtenheft - Club des Cent Cols","isPartOf":{"@id":"https:\/\/centcols.org\/#website"},"primaryImageOfPage":{"@id":"https:\/\/centcols.org\/de\/pflichtenheft-mitgliederparcours\/#primaryimage"},"image":{"@id":"https:\/\/centcols.org\/de\/pflichtenheft-mitgliederparcours\/#primaryimage"},"thumbnailUrl":"https:\/\/centcols.org\/wp-content\/uploads\/2025\/10\/parcours-membres.jpg","datePublished":"2025-12-15T18:09:00+00:00","dateModified":"2026-03-19T17:43:14+00:00","breadcrumb":{"@id":"https:\/\/centcols.org\/de\/pflichtenheft-mitgliederparcours\/#breadcrumb"},"inLanguage":"de","potentialAction":[{"@type":"ReadAction","target":["https:\/\/centcols.org\/de\/pflichtenheft-mitgliederparcours\/"]}]},{"@type":"ImageObject","inLanguage":"de","@id":"https:\/\/centcols.org\/de\/pflichtenheft-mitgliederparcours\/#primaryimage","url":"https:\/\/centcols.org\/wp-content\/uploads\/2025\/10\/parcours-membres.jpg","contentUrl":"https:\/\/centcols.org\/wp-content\/uploads\/2025\/10\/parcours-membres.jpg","width":1353,"height":761},{"@type":"BreadcrumbList","@id":"https:\/\/centcols.org\/de\/pflichtenheft-mitgliederparcours\/#breadcrumb","itemListElement":[{"@type":"ListItem","position":1,"name":"Accueil","item":"https:\/\/centcols.org\/"},{"@type":"ListItem","position":2,"name":"Les parcours des membres labellis\u00e9s par le club : le cahier des charges"}]},{"@type":"WebSite","@id":"https:\/\/centcols.org\/#website","url":"https:\/\/centcols.org\/","name":"Club des Cent Cols","description":"","publisher":{"@id":"https:\/\/centcols.org\/#organization"},"potentialAction":[{"@type":"SearchAction","target":{"@type":"EntryPoint","urlTemplate":"https:\/\/centcols.org\/?s={search_term_string}"},"query-input":{"@type":"PropertyValueSpecification","valueRequired":true,"valueName":"search_term_string"}}],"inLanguage":"de"},{"@type":"Organization","@id":"https:\/\/centcols.org\/#organization","name":"Club des Cent Cols","url":"https:\/\/centcols.org\/","logo":{"@type":"ImageObject","inLanguage":"de","@id":"https:\/\/centcols.org\/#\/schema\/logo\/image\/","url":"https:\/\/centcols.org\/wp-content\/uploads\/2025\/01\/carte-icone.png","contentUrl":"https:\/\/centcols.org\/wp-content\/uploads\/2025\/01\/carte-icone.png","width":250,"height":250,"caption":"Club des Cent Cols"},"image":{"@id":"https:\/\/centcols.org\/#\/schema\/logo\/image\/"},"sameAs":["https:\/\/www.facebook.com\/groups\/5261880558\/?locale=fr_FR"]}]}},"_links":{"self":[{"href":"https:\/\/centcols.org\/de\/wp-json\/wp\/v2\/pages\/91011","targetHints":{"allow":["GET"]}}],"collection":[{"href":"https:\/\/centcols.org\/de\/wp-json\/wp\/v2\/pages"}],"about":[{"href":"https:\/\/centcols.org\/de\/wp-json\/wp\/v2\/types\/page"}],"author":[{"embeddable":true,"href":"https:\/\/centcols.org\/de\/wp-json\/wp\/v2\/users\/5112"}],"replies":[{"embeddable":true,"href":"https:\/\/centcols.org\/de\/wp-json\/wp\/v2\/comments?post=91011"}],"version-history":[{"count":0,"href":"https:\/\/centcols.org\/de\/wp-json\/wp\/v2\/pages\/91011\/revisions"}],"wp:featuredmedia":[{"embeddable":true,"href":"https:\/\/centcols.org\/de\/wp-json\/wp\/v2\/media\/91023"}],"wp:attachment":[{"href":"https:\/\/centcols.org\/de\/wp-json\/wp\/v2\/media?parent=91011"}],"curies":[{"name":"wp","href":"https:\/\/api.w.org\/{rel}","templated":true}]}}