{"id":95479,"date":"2026-04-19T20:36:16","date_gmt":"2026-04-19T18:36:16","guid":{"rendered":"https:\/\/centcols.org\/?page_id=95479"},"modified":"2026-04-23T16:41:31","modified_gmt":"2026-04-23T14:41:31","slug":"info-hundertpasse","status":"publish","type":"page","link":"https:\/\/centcols.org\/de\/info-cent-cols\/","title":{"rendered":"Infos \"Cent Cols\""},"content":{"rendered":"<p>Die Info Cent Cols (ICC) Bulletins erscheinen mindestens einmal im Jahr. Sie sind hier abrufbar, beginnend mit dem aktuellsten. Die ICCs, die vor einer Generalversammlung (GV) des Clubs ver\u00f6ffentlicht werden, enthalten Informationen zu den Abstimmungsgegenst\u00e4nden der GV. Die <a href=\"\/de\/vote\/\">elektronische Abstimmung<\/a> ist in den Wochen vor dem GA m\u00f6glich.<\/p>\n\n\n<div class=\"liste-icc\"><h3>2026<\/h3><ul><li><a href=\"https:\/\/centcols.org\/de\/membres\/icc\/2026\/icc2026-03.pdf\" target=\"_blank\">Info Hundert P\u00e4sse - M\u00e4rz 2026<\/a><\/li><\/ul><h3>2025<\/h3><ul><li><a href=\"https:\/\/centcols.org\/de\/membres\/icc\/2025\/icc2025-11.pdf\" target=\"_blank\">Info Hundert P\u00e4sse - November 2025<\/a><\/li><li><a href=\"https:\/\/centcols.org\/de\/membres\/icc\/2025\/icc2025-08.pdf\" target=\"_blank\">Info Hundert P\u00e4sse - August 2025<\/a><\/li><li><a href=\"https:\/\/centcols.org\/de\/membres\/icc\/2025\/icc2025-03.pdf\" target=\"_blank\">Info Hundert P\u00e4sse - M\u00e4rz 2025<\/a><\/li><\/ul><h3>2024<\/h3><ul><li><a href=\"https:\/\/centcols.org\/de\/membres\/icc\/2024\/icc2024-10.pdf\" target=\"_blank\">Info Cent Cols - Oktober 2024<\/a><\/li><li><a href=\"https:\/\/centcols.org\/de\/membres\/icc\/2024\/icc2024-03.pdf\" target=\"_blank\">Info Cent Cols - M\u00e4rz 2024<\/a><\/li><\/ul><h3>2023<\/h3><ul><li><a href=\"https:\/\/centcols.org\/de\/membres\/icc\/2023\/icc2023-10.pdf\" target=\"_blank\">Info Hundert P\u00e4sse - Oktober 2023<\/a><\/li><li><a href=\"https:\/\/centcols.org\/de\/membres\/icc\/2023\/icc2023-02.pdf\" target=\"_blank\">Info Hundert P\u00e4sse - Februar 2023<\/a><\/li><\/ul><h3>2022<\/h3><ul><li><a href=\"https:\/\/centcols.org\/de\/membres\/icc\/2022\/icc2022-10.pdf\" target=\"_blank\">Info Hundert P\u00e4sse - Oktober 2022<\/a><\/li><li><a href=\"https:\/\/centcols.org\/de\/membres\/icc\/2022\/icc2022-03.pdf\" target=\"_blank\">Info Hundert P\u00e4sse - M\u00e4rz 2022<\/a><\/li><\/ul><h3>2021<\/h3><ul><li><a href=\"https:\/\/centcols.org\/de\/membres\/icc\/2021\/icc2021-10.pdf\" target=\"_blank\">Info Hundert P\u00e4sse - Oktober 2021<\/a><\/li><li><a href=\"https:\/\/centcols.org\/de\/membres\/icc\/2021\/icc2021-02.pdf\" target=\"_blank\">Info Hundert P\u00e4sse - Februar 2021<\/a><\/li><\/ul><h3>2020<\/h3><ul><li><a href=\"https:\/\/centcols.org\/de\/membres\/icc\/2020\/icc2020-10.pdf\" target=\"_blank\">Info Hundert P\u00e4sse - Oktober 2020<\/a><\/li><li><a href=\"https:\/\/centcols.org\/de\/membres\/icc\/2020\/icc2020-02.pdf\" target=\"_blank\">Info Hundert P\u00e4sse - Februar 2020<\/a><\/li><\/ul><h3>2019<\/h3><ul><li><a href=\"https:\/\/centcols.org\/de\/membres\/icc\/2019\/icc2019-10.pdf\" target=\"_blank\">Info Cent Cols - Oktober 2019<\/a><\/li><li><a href=\"https:\/\/centcols.org\/de\/membres\/icc\/2019\/icc2019-02.pdf\" target=\"_blank\">Info Hundert P\u00e4sse - Februar 2019<\/a><\/li><\/ul><h3>2018<\/h3><ul><li><a href=\"https:\/\/centcols.org\/de\/membres\/icc\/2018\/icc2018-10.pdf\" target=\"_blank\">Info Cent Cols - Oktober 2018<\/a><\/li><li><a href=\"https:\/\/centcols.org\/de\/membres\/icc\/2018\/icc2018-03.pdf\" target=\"_blank\">Info Cent Cols - M\u00e4rz 2018<\/a><\/li><\/ul><h3>2017<\/h3><ul><li><a href=\"https:\/\/centcols.org\/de\/membres\/icc\/2017\/icc2017-10.pdf\" target=\"_blank\">Info Cent Cols - Oktober 2017<\/a><\/li><\/ul><h3>2016<\/h3><ul><li><a href=\"https:\/\/centcols.org\/de\/membres\/icc\/2016\/icc2016-10.pdf\" target=\"_blank\">Info Cent Cols - Oktober 2016<\/a><\/li><\/ul><h3>2015<\/h3><ul><li><a href=\"https:\/\/centcols.org\/de\/membres\/icc\/2015\/icc2015-10.pdf\" target=\"_blank\">Info Cent Cols - Oktober 2015<\/a><\/li><\/ul><h3>2014<\/h3><ul><li><a href=\"https:\/\/centcols.org\/de\/membres\/icc\/2014\/icc2014-11.pdf\" target=\"_blank\">Info Hundert P\u00e4sse - November 2014<\/a><\/li><\/ul><h3>2013<\/h3><ul><li><a href=\"https:\/\/centcols.org\/de\/membres\/icc\/2013\/icc2013-10.pdf\" target=\"_blank\">Info Hundert P\u00e4sse - Oktober 2013<\/a><\/li><\/ul><h3>2012<\/h3><ul><li><a href=\"https:\/\/centcols.org\/de\/membres\/icc\/2012\/icc2012-11.pdf\" target=\"_blank\">Info Hundert P\u00e4sse - November 2012<\/a><\/li><\/ul><h3>2011<\/h3><ul><li><a href=\"https:\/\/centcols.org\/de\/membres\/icc\/2011\/icc2011-11.pdf\" target=\"_blank\">Info Hundert P\u00e4sse - November 2011<\/a><\/li><\/ul><h3>2010<\/h3><ul><li><a href=\"https:\/\/centcols.org\/de\/membres\/icc\/2010\/icc2010-11.pdf\" target=\"_blank\">Info Cent Cols - November 2010<\/a><\/li><\/ul><h3>2009<\/h3><ul><li><a href=\"https:\/\/centcols.org\/de\/membres\/icc\/2009\/icc2009-11.pdf\" target=\"_blank\">Info Hundert P\u00e4sse - November 2009<\/a><\/li><\/ul><h3>2008<\/h3><ul><li><a href=\"https:\/\/centcols.org\/de\/membres\/icc\/2008\/icc2008-11.pdf\" target=\"_blank\">Info Cent Cols - November 2008<\/a><\/li><\/ul><h3>2007<\/h3><ul><li><a href=\"https:\/\/centcols.org\/de\/membres\/icc\/2007\/icc2007-11.pdf\" target=\"_blank\">Info Hundert P\u00e4sse - November 2007<\/a><\/li><\/ul><h3>2006<\/h3><ul><li><a href=\"https:\/\/centcols.org\/de\/membres\/icc\/2006\/icc2006-11.pdf\" target=\"_blank\">Info Cent Cols - November 2006<\/a><\/li><\/ul><h3>2005<\/h3><ul><li><a href=\"https:\/\/centcols.org\/de\/membres\/icc\/2005\/icc2005-11.pdf\" target=\"_blank\">Info Hundert P\u00e4sse - November 2005<\/a><\/li><\/ul><h3>2004<\/h3><ul><li><a href=\"https:\/\/centcols.org\/de\/membres\/icc\/2004\/icc2004-11.pdf\" target=\"_blank\">Info Hundert P\u00e4sse - November 2004<\/a><\/li><\/ul><h3>2003<\/h3><ul><li><a href=\"https:\/\/centcols.org\/de\/membres\/icc\/2003\/icc2003-11.pdf\" target=\"_blank\">Info Hundert P\u00e4sse - November 2003<\/a><\/li><\/ul><h3>2002<\/h3><ul><li><a href=\"https:\/\/centcols.org\/de\/membres\/icc\/2002\/icc2002-11.pdf\" target=\"_blank\">Info Hundert P\u00e4sse - November 2002<\/a><\/li><li><a href=\"https:\/\/centcols.org\/de\/membres\/icc\/2002\/icc2002-02.pdf\" target=\"_blank\">Info Hundert P\u00e4sse - Februar 2002<\/a><\/li><\/ul><h3>2001<\/h3><ul><li><a href=\"https:\/\/centcols.org\/de\/membres\/icc\/2001\/icc2001-11.pdf\" target=\"_blank\">Info Hundert P\u00e4sse - November 2001<\/a><\/li><\/ul><h3>1999<\/h3><ul><li><a href=\"https:\/\/centcols.org\/de\/membres\/icc\/1999\/icc1999-10.pdf\" target=\"_blank\">Info Hundert P\u00e4sse - Oktober 1999<\/a><\/li><li><a href=\"https:\/\/centcols.org\/de\/membres\/icc\/1999\/icc1999-01.pdf\" target=\"_blank\">Info Hundert P\u00e4sse - Januar 1999<\/a><\/li><\/ul><h3>1998<\/h3><ul><li><a href=\"https:\/\/centcols.org\/de\/membres\/icc\/1998\/icc1998-02.pdf\" target=\"_blank\">Info Hundert P\u00e4sse - Februar 1998<\/a><\/li><\/ul><\/div>","protected":false},"excerpt":{"rendered":"<p>Les bulletins Info Cent Cols (ICC) paraissent au moins une fois chaque ann\u00e9e. Ils sont disponibles ici en commen\u00e7ant par le plus r\u00e9cent. Les ICC publi\u00e9s avant une Assembl\u00e9e G\u00e9n\u00e9rale (AG) du Club contiennent les informations concernant les objets du vote de cette AG. Le vote \u00e9lectronique est possible dans les semaines pr\u00e9c\u00e9dant l&rsquo;AG.<\/p>","protected":false},"author":5,"featured_media":0,"parent":0,"menu_order":0,"comment_status":"closed","ping_status":"closed","template":"","meta":{"_acf_changed":false,"footnotes":""},"class_list":["post-95479","page","type-page","status-publish","hentry"],"acf":[],"yoast_head":"<!-- This site is optimized with the Yoast SEO plugin v27.2 - https:\/\/yoast.com\/product\/yoast-seo-wordpress\/ -->\n<title>Info Cent Cols - Club des Cent Cols<\/title>\n<meta name=\"robots\" content=\"index, follow, max-snippet:-1, max-image-preview:large, max-video-preview:-1\" \/>\n<link rel=\"canonical\" href=\"https:\/\/centcols.org\/de\/info-hundertpasse\/\" \/>\n<meta property=\"og:locale\" content=\"de_DE\" \/>\n<meta property=\"og:type\" content=\"article\" \/>\n<meta property=\"og:title\" content=\"Info Cent Cols - Club des Cent Cols\" \/>\n<meta property=\"og:description\" content=\"Les bulletins Info Cent Cols (ICC) paraissent au moins une fois chaque ann\u00e9e. Ils sont disponibles ici en commen\u00e7ant par le plus r\u00e9cent. Les ICC publi\u00e9s avant une Assembl\u00e9e G\u00e9n\u00e9rale (AG) du Club contiennent les informations concernant les objets du vote de cette AG. Le vote \u00e9lectronique est possible dans les semaines pr\u00e9c\u00e9dant l&rsquo;AG.\" \/>\n<meta property=\"og:url\" content=\"https:\/\/centcols.org\/de\/info-hundertpasse\/\" \/>\n<meta property=\"og:site_name\" content=\"Club des Cent Cols\" \/>\n<meta property=\"article:publisher\" content=\"https:\/\/www.facebook.com\/groups\/5261880558\/?locale=fr_FR\" \/>\n<meta property=\"article:modified_time\" content=\"2026-04-23T14:41:31+00:00\" \/>\n<meta name=\"twitter:card\" content=\"summary_large_image\" \/>\n<meta name=\"twitter:label1\" content=\"Gesch\u00e4tzte Lesezeit\" \/>\n\t<meta name=\"twitter:data1\" content=\"1\u00a0Minute\" \/>\n<script type=\"application\/ld+json\" class=\"yoast-schema-graph\">{\"@context\":\"https:\/\/schema.org\",\"@graph\":[{\"@type\":\"WebPage\",\"@id\":\"https:\/\/centcols.org\/info-cent-cols\/\",\"url\":\"https:\/\/centcols.org\/info-cent-cols\/\",\"name\":\"Info Cent Cols - Club des Cent Cols\",\"isPartOf\":{\"@id\":\"https:\/\/centcols.org\/#website\"},\"datePublished\":\"2026-04-19T18:36:16+00:00\",\"dateModified\":\"2026-04-23T14:41:31+00:00\",\"breadcrumb\":{\"@id\":\"https:\/\/centcols.org\/info-cent-cols\/#breadcrumb\"},\"inLanguage\":\"de\",\"potentialAction\":[{\"@type\":\"ReadAction\",\"target\":[\"https:\/\/centcols.org\/info-cent-cols\/\"]}]},{\"@type\":\"BreadcrumbList\",\"@id\":\"https:\/\/centcols.org\/info-cent-cols\/#breadcrumb\",\"itemListElement\":[{\"@type\":\"ListItem\",\"position\":1,\"name\":\"Accueil\",\"item\":\"https:\/\/centcols.org\/\"},{\"@type\":\"ListItem\",\"position\":2,\"name\":\"Info Cent Cols\"}]},{\"@type\":\"WebSite\",\"@id\":\"https:\/\/centcols.org\/#website\",\"url\":\"https:\/\/centcols.org\/\",\"name\":\"Club des Cent Cols\",\"description\":\"\",\"publisher\":{\"@id\":\"https:\/\/centcols.org\/#organization\"},\"potentialAction\":[{\"@type\":\"SearchAction\",\"target\":{\"@type\":\"EntryPoint\",\"urlTemplate\":\"https:\/\/centcols.org\/?s={search_term_string}\"},\"query-input\":{\"@type\":\"PropertyValueSpecification\",\"valueRequired\":true,\"valueName\":\"search_term_string\"}}],\"inLanguage\":\"de\"},{\"@type\":\"Organization\",\"@id\":\"https:\/\/centcols.org\/#organization\",\"name\":\"Club des Cent Cols\",\"url\":\"https:\/\/centcols.org\/\",\"logo\":{\"@type\":\"ImageObject\",\"inLanguage\":\"de\",\"@id\":\"https:\/\/centcols.org\/#\/schema\/logo\/image\/\",\"url\":\"https:\/\/centcols.org\/wp-content\/uploads\/2025\/01\/carte-icone.png\",\"contentUrl\":\"https:\/\/centcols.org\/wp-content\/uploads\/2025\/01\/carte-icone.png\",\"width\":250,\"height\":250,\"caption\":\"Club des Cent Cols\"},\"image\":{\"@id\":\"https:\/\/centcols.org\/#\/schema\/logo\/image\/\"},\"sameAs\":[\"https:\/\/www.facebook.com\/groups\/5261880558\/?locale=fr_FR\"]}]}<\/script>\n<!-- \/ Yoast SEO plugin. -->","yoast_head_json":{"title":"Info Cent Cols - Club des Cent Cols","robots":{"index":"index","follow":"follow","max-snippet":"max-snippet:-1","max-image-preview":"max-image-preview:large","max-video-preview":"max-video-preview:-1"},"canonical":"https:\/\/centcols.org\/de\/info-hundertpasse\/","og_locale":"de_DE","og_type":"article","og_title":"Info Cent Cols - Club des Cent Cols","og_description":"Les bulletins Info Cent Cols (ICC) paraissent au moins une fois chaque ann\u00e9e. Ils sont disponibles ici en commen\u00e7ant par le plus r\u00e9cent. Les ICC publi\u00e9s avant une Assembl\u00e9e G\u00e9n\u00e9rale (AG) du Club contiennent les informations concernant les objets du vote de cette AG. Le vote \u00e9lectronique est possible dans les semaines pr\u00e9c\u00e9dant l&rsquo;AG.","og_url":"https:\/\/centcols.org\/de\/info-hundertpasse\/","og_site_name":"Club des Cent Cols","article_publisher":"https:\/\/www.facebook.com\/groups\/5261880558\/?locale=fr_FR","article_modified_time":"2026-04-23T14:41:31+00:00","twitter_card":"summary_large_image","twitter_misc":{"Gesch\u00e4tzte Lesezeit":"1\u00a0Minute"},"schema":{"@context":"https:\/\/schema.org","@graph":[{"@type":"WebPage","@id":"https:\/\/centcols.org\/info-cent-cols\/","url":"https:\/\/centcols.org\/info-cent-cols\/","name":"Info Cent Cols - Club des Cent Cols","isPartOf":{"@id":"https:\/\/centcols.org\/#website"},"datePublished":"2026-04-19T18:36:16+00:00","dateModified":"2026-04-23T14:41:31+00:00","breadcrumb":{"@id":"https:\/\/centcols.org\/info-cent-cols\/#breadcrumb"},"inLanguage":"de","potentialAction":[{"@type":"ReadAction","target":["https:\/\/centcols.org\/info-cent-cols\/"]}]},{"@type":"BreadcrumbList","@id":"https:\/\/centcols.org\/info-cent-cols\/#breadcrumb","itemListElement":[{"@type":"ListItem","position":1,"name":"Accueil","item":"https:\/\/centcols.org\/"},{"@type":"ListItem","position":2,"name":"Info Cent Cols"}]},{"@type":"WebSite","@id":"https:\/\/centcols.org\/#website","url":"https:\/\/centcols.org\/","name":"Club des Cent Cols","description":"","publisher":{"@id":"https:\/\/centcols.org\/#organization"},"potentialAction":[{"@type":"SearchAction","target":{"@type":"EntryPoint","urlTemplate":"https:\/\/centcols.org\/?s={search_term_string}"},"query-input":{"@type":"PropertyValueSpecification","valueRequired":true,"valueName":"search_term_string"}}],"inLanguage":"de"},{"@type":"Organization","@id":"https:\/\/centcols.org\/#organization","name":"Club des Cent Cols","url":"https:\/\/centcols.org\/","logo":{"@type":"ImageObject","inLanguage":"de","@id":"https:\/\/centcols.org\/#\/schema\/logo\/image\/","url":"https:\/\/centcols.org\/wp-content\/uploads\/2025\/01\/carte-icone.png","contentUrl":"https:\/\/centcols.org\/wp-content\/uploads\/2025\/01\/carte-icone.png","width":250,"height":250,"caption":"Club des Cent Cols"},"image":{"@id":"https:\/\/centcols.org\/#\/schema\/logo\/image\/"},"sameAs":["https:\/\/www.facebook.com\/groups\/5261880558\/?locale=fr_FR"]}]}},"_links":{"self":[{"href":"https:\/\/centcols.org\/de\/wp-json\/wp\/v2\/pages\/95479","targetHints":{"allow":["GET"]}}],"collection":[{"href":"https:\/\/centcols.org\/de\/wp-json\/wp\/v2\/pages"}],"about":[{"href":"https:\/\/centcols.org\/de\/wp-json\/wp\/v2\/types\/page"}],"author":[{"embeddable":true,"href":"https:\/\/centcols.org\/de\/wp-json\/wp\/v2\/users\/5"}],"replies":[{"embeddable":true,"href":"https:\/\/centcols.org\/de\/wp-json\/wp\/v2\/comments?post=95479"}],"version-history":[{"count":0,"href":"https:\/\/centcols.org\/de\/wp-json\/wp\/v2\/pages\/95479\/revisions"}],"wp:attachment":[{"href":"https:\/\/centcols.org\/de\/wp-json\/wp\/v2\/media?parent=95479"}],"curies":[{"name":"wp","href":"https:\/\/api.w.org\/{rel}","templated":true}]}}