{"id":29,"date":"2021-07-01T17:08:28","date_gmt":"2021-07-01T15:08:28","guid":{"rendered":"https:\/\/centcols.org\/?page_id=29"},"modified":"2024-07-08T08:39:44","modified_gmt":"2024-07-08T06:39:44","slug":"privacy-policy","status":"publish","type":"page","link":"https:\/\/centcols.org\/en\/politique-confidentialite\/","title":{"rendered":"Privacy policy"},"content":{"rendered":"<h2>Use of personal data collected<\/h2>\n<h3>Comments<\/h3>\n<p>When you leave a comment on our website, the data entered in the comment form, your IP address and your browser's user agent are collected to help us detect undesirable comments.<\/p>\n<p>An anonymised string created from your email address (also known as a hash) can be sent to the Gravatar service to check whether you are using it. The Gravatar service's confidentiality clauses are available here: https:\/\/automattic.com\/privacy\/. Once your comment has been validated, your profile photo will be publicly visible next to your comment.<\/p>\n<h3>Media<\/h3>\n<p>If you are a registered user and you upload images to the website, we advise you to avoid uploading images containing EXIF data of GPS coordinates. Visitors to your website can download and extract location data from these images.<\/p>\n<h3>Contact forms<\/h3>\n<h3>Cookies<\/h3>\n<p>If you leave a comment on our site, you will be asked to save your name, email address and website in cookies. This is purely for your convenience, so that you do not have to enter this information if you leave another comment at a later date. These cookies expire after one year.<\/p>\n<p>If you go to the login page, a temporary cookie will be created to determine whether your browser accepts cookies. It does not contain any personal data and will be deleted automatically when you close your browser.<br \/>\nWhen you log on, we will set a number of cookies to record your login information and screen preferences. The lifetime of a connection cookie is two days, that of a screen option cookie is one year. If you tick \"Remember me\", your connection cookie will be kept for a fortnight. If you log out of your account, the login cookie will be deleted.<\/p>\n<p>By modifying or publishing a publication, an additional cookie will be stored in your browser. This cookie does not contain any personal data. It simply indicates the ID of the publication you have just modified. It expires after one day.<\/p>\n<h3>Embedded content from other sites<\/h3>\n<p>Articles on this site may include embedded content (e.g. videos, images, articles, etc.). Embedded content from other sites behaves in the same way as if the visitor were visiting that other site.<br \/>\nThese websites may collect data about you, use cookies, embed third-party tracking tools and track your interactions with this embedded content if you have an account connected to their website.<\/p>\n<h3>Statistics and audience measurement<\/h3>\n<h2>Use and transmission of your personal data<\/h2>\n<h2>Storage periods for your data<\/h2>\n<p>If you leave a comment, the comment and its metadata are kept indefinitely. This allows subsequent comments to be automatically recognised and approved instead of being left in the moderation queue.<\/p>\n<p>For users who register on our site (where possible), we also store the personal data indicated in their profile. All users can view, modify or delete their personal information at any time (with the exception of their user name). Site managers can also view and modify this information.<\/p>\n<h2>The rights you have over your data<\/h2>\n<p>If you have an account or if you have left comments on the site, you may request to receive a file containing all the personal data we hold about you, including that which you have provided to us. You may also request the deletion of your personal data. This does not include data stored for administrative, legal or security purposes.<\/p>\n<h2>Transmission of your personal data<\/h2>\n<p>Visitor comments can be checked using an automated service to detect undesirable comments.<\/p>","protected":false},"excerpt":{"rendered":"<p>Utilisation des donn\u00e9es personnelles collect\u00e9es Commentaires Quand vous laissez un commentaire sur notre site web, les donn\u00e9es inscrites dans le formulaire de commentaire, mais aussi votre adresse IP et l\u2019agent utilisateur de votre navigateur sont collect\u00e9s pour nous aider \u00e0 la d\u00e9tection des commentaires ind\u00e9sirables. Une cha\u00eene anonymis\u00e9e cr\u00e9\u00e9e \u00e0 partir de votre adresse de [&hellip;]<\/p>\n","protected":false},"author":2,"featured_media":0,"parent":0,"menu_order":0,"comment_status":"closed","ping_status":"closed","template":"","meta":{"_acf_changed":false,"footnotes":""},"class_list":["post-29","page","type-page","status-publish","hentry"],"acf":[],"yoast_head":"<!-- This site is optimized with the Yoast SEO plugin v27.2 - https:\/\/yoast.com\/product\/yoast-seo-wordpress\/ -->\n<title>Politique de confidentialit\u00e9 - Club des Cent Cols<\/title>\n<meta name=\"robots\" content=\"index, follow, max-snippet:-1, max-image-preview:large, max-video-preview:-1\" \/>\n<link rel=\"canonical\" href=\"https:\/\/centcols.org\/en\/privacy-policy\/\" \/>\n<meta property=\"og:locale\" content=\"en_GB\" \/>\n<meta property=\"og:type\" content=\"article\" \/>\n<meta property=\"og:title\" content=\"Politique de confidentialit\u00e9 - Club des Cent Cols\" \/>\n<meta property=\"og:description\" content=\"Utilisation des donn\u00e9es personnelles collect\u00e9es Commentaires Quand vous laissez un commentaire sur notre site web, les donn\u00e9es inscrites dans le formulaire de commentaire, mais aussi votre adresse IP et l\u2019agent utilisateur de votre navigateur sont collect\u00e9s pour nous aider \u00e0 la d\u00e9tection des commentaires ind\u00e9sirables. Une cha\u00eene anonymis\u00e9e cr\u00e9\u00e9e \u00e0 partir de votre adresse de [&hellip;]\" \/>\n<meta property=\"og:url\" content=\"https:\/\/centcols.org\/en\/privacy-policy\/\" \/>\n<meta property=\"og:site_name\" content=\"Club des Cent Cols\" \/>\n<meta property=\"article:publisher\" content=\"https:\/\/www.facebook.com\/groups\/5261880558\/?locale=fr_FR\" \/>\n<meta property=\"article:modified_time\" content=\"2024-07-08T06:39:44+00:00\" \/>\n<meta name=\"twitter:card\" content=\"summary_large_image\" \/>\n<meta name=\"twitter:label1\" content=\"Estimated reading time\" \/>\n\t<meta name=\"twitter:data1\" content=\"4 minutes\" \/>\n<script type=\"application\/ld+json\" class=\"yoast-schema-graph\">{\"@context\":\"https:\/\/schema.org\",\"@graph\":[{\"@type\":\"WebPage\",\"@id\":\"https:\/\/centcols.org\/politique-confidentialite\/\",\"url\":\"https:\/\/centcols.org\/politique-confidentialite\/\",\"name\":\"Politique de confidentialit\u00e9 - Club des Cent Cols\",\"isPartOf\":{\"@id\":\"https:\/\/centcols.org\/#website\"},\"datePublished\":\"2021-07-01T15:08:28+00:00\",\"dateModified\":\"2024-07-08T06:39:44+00:00\",\"breadcrumb\":{\"@id\":\"https:\/\/centcols.org\/politique-confidentialite\/#breadcrumb\"},\"inLanguage\":\"en-GB\",\"potentialAction\":[{\"@type\":\"ReadAction\",\"target\":[\"https:\/\/centcols.org\/politique-confidentialite\/\"]}]},{\"@type\":\"BreadcrumbList\",\"@id\":\"https:\/\/centcols.org\/politique-confidentialite\/#breadcrumb\",\"itemListElement\":[{\"@type\":\"ListItem\",\"position\":1,\"name\":\"Accueil\",\"item\":\"https:\/\/centcols.org\/\"},{\"@type\":\"ListItem\",\"position\":2,\"name\":\"Politique de confidentialit\u00e9\"}]},{\"@type\":\"WebSite\",\"@id\":\"https:\/\/centcols.org\/#website\",\"url\":\"https:\/\/centcols.org\/\",\"name\":\"Club des Cent Cols\",\"description\":\"\",\"publisher\":{\"@id\":\"https:\/\/centcols.org\/#organization\"},\"potentialAction\":[{\"@type\":\"SearchAction\",\"target\":{\"@type\":\"EntryPoint\",\"urlTemplate\":\"https:\/\/centcols.org\/?s={search_term_string}\"},\"query-input\":{\"@type\":\"PropertyValueSpecification\",\"valueRequired\":true,\"valueName\":\"search_term_string\"}}],\"inLanguage\":\"en-GB\"},{\"@type\":\"Organization\",\"@id\":\"https:\/\/centcols.org\/#organization\",\"name\":\"Club des Cent Cols\",\"url\":\"https:\/\/centcols.org\/\",\"logo\":{\"@type\":\"ImageObject\",\"inLanguage\":\"en-GB\",\"@id\":\"https:\/\/centcols.org\/#\/schema\/logo\/image\/\",\"url\":\"https:\/\/centcols.org\/wp-content\/uploads\/2025\/01\/carte-icone.png\",\"contentUrl\":\"https:\/\/centcols.org\/wp-content\/uploads\/2025\/01\/carte-icone.png\",\"width\":250,\"height\":250,\"caption\":\"Club des Cent Cols\"},\"image\":{\"@id\":\"https:\/\/centcols.org\/#\/schema\/logo\/image\/\"},\"sameAs\":[\"https:\/\/www.facebook.com\/groups\/5261880558\/?locale=fr_FR\"]}]}<\/script>\n<!-- \/ Yoast SEO plugin. -->","yoast_head_json":{"title":"Privacy policy - Club des Cent Cols","robots":{"index":"index","follow":"follow","max-snippet":"max-snippet:-1","max-image-preview":"max-image-preview:large","max-video-preview":"max-video-preview:-1"},"canonical":"https:\/\/centcols.org\/en\/privacy-policy\/","og_locale":"en_GB","og_type":"article","og_title":"Politique de confidentialit\u00e9 - Club des Cent Cols","og_description":"Utilisation des donn\u00e9es personnelles collect\u00e9es Commentaires Quand vous laissez un commentaire sur notre site web, les donn\u00e9es inscrites dans le formulaire de commentaire, mais aussi votre adresse IP et l\u2019agent utilisateur de votre navigateur sont collect\u00e9s pour nous aider \u00e0 la d\u00e9tection des commentaires ind\u00e9sirables. Une cha\u00eene anonymis\u00e9e cr\u00e9\u00e9e \u00e0 partir de votre adresse de [&hellip;]","og_url":"https:\/\/centcols.org\/en\/privacy-policy\/","og_site_name":"Club des Cent Cols","article_publisher":"https:\/\/www.facebook.com\/groups\/5261880558\/?locale=fr_FR","article_modified_time":"2024-07-08T06:39:44+00:00","twitter_card":"summary_large_image","twitter_misc":{"Estimated reading time":"4 minutes"},"schema":{"@context":"https:\/\/schema.org","@graph":[{"@type":"WebPage","@id":"https:\/\/centcols.org\/politique-confidentialite\/","url":"https:\/\/centcols.org\/politique-confidentialite\/","name":"Privacy policy - Club des Cent Cols","isPartOf":{"@id":"https:\/\/centcols.org\/#website"},"datePublished":"2021-07-01T15:08:28+00:00","dateModified":"2024-07-08T06:39:44+00:00","breadcrumb":{"@id":"https:\/\/centcols.org\/politique-confidentialite\/#breadcrumb"},"inLanguage":"en-GB","potentialAction":[{"@type":"ReadAction","target":["https:\/\/centcols.org\/politique-confidentialite\/"]}]},{"@type":"BreadcrumbList","@id":"https:\/\/centcols.org\/politique-confidentialite\/#breadcrumb","itemListElement":[{"@type":"ListItem","position":1,"name":"Accueil","item":"https:\/\/centcols.org\/"},{"@type":"ListItem","position":2,"name":"Politique de confidentialit\u00e9"}]},{"@type":"WebSite","@id":"https:\/\/centcols.org\/#website","url":"https:\/\/centcols.org\/","name":"Club des Cent Cols","description":"","publisher":{"@id":"https:\/\/centcols.org\/#organization"},"potentialAction":[{"@type":"SearchAction","target":{"@type":"EntryPoint","urlTemplate":"https:\/\/centcols.org\/?s={search_term_string}"},"query-input":{"@type":"PropertyValueSpecification","valueRequired":true,"valueName":"search_term_string"}}],"inLanguage":"en-GB"},{"@type":"Organization","@id":"https:\/\/centcols.org\/#organization","name":"Club des Cent Cols","url":"https:\/\/centcols.org\/","logo":{"@type":"ImageObject","inLanguage":"en-GB","@id":"https:\/\/centcols.org\/#\/schema\/logo\/image\/","url":"https:\/\/centcols.org\/wp-content\/uploads\/2025\/01\/carte-icone.png","contentUrl":"https:\/\/centcols.org\/wp-content\/uploads\/2025\/01\/carte-icone.png","width":250,"height":250,"caption":"Club des Cent Cols"},"image":{"@id":"https:\/\/centcols.org\/#\/schema\/logo\/image\/"},"sameAs":["https:\/\/www.facebook.com\/groups\/5261880558\/?locale=fr_FR"]}]}},"_links":{"self":[{"href":"https:\/\/centcols.org\/en\/wp-json\/wp\/v2\/pages\/29","targetHints":{"allow":["GET"]}}],"collection":[{"href":"https:\/\/centcols.org\/en\/wp-json\/wp\/v2\/pages"}],"about":[{"href":"https:\/\/centcols.org\/en\/wp-json\/wp\/v2\/types\/page"}],"author":[{"embeddable":true,"href":"https:\/\/centcols.org\/en\/wp-json\/wp\/v2\/users\/2"}],"replies":[{"embeddable":true,"href":"https:\/\/centcols.org\/en\/wp-json\/wp\/v2\/comments?post=29"}],"version-history":[{"count":0,"href":"https:\/\/centcols.org\/en\/wp-json\/wp\/v2\/pages\/29\/revisions"}],"wp:attachment":[{"href":"https:\/\/centcols.org\/en\/wp-json\/wp\/v2\/media?parent=29"}],"curies":[{"name":"wp","href":"https:\/\/api.w.org\/{rel}","templated":true}]}}