{"id":79140,"date":"2025-02-05T09:58:17","date_gmt":"2025-02-05T07:58:17","guid":{"rendered":"https:\/\/centcols.org\/regle-du-jeu\/"},"modified":"2026-03-10T19:37:33","modified_gmt":"2026-03-10T17:37:33","slug":"rules","status":"publish","type":"page","link":"https:\/\/centcols.org\/en\/regle-du-jeu\/","title":{"rendered":"Rules of the Game"},"content":{"rendered":"<div class=\"trp-block-container\"><div class=\"trp-shortcode-switcher__wrapper\"\r\n     style=\"--bg:#ffffff;--bg-hover:#0000000d;--text:#143852;--text-hover:#1d2327;--border:1px solid #1438521a;--border-width:1px;--border-color:#1438521a;--border-radius:5px;--flag-radius:2px;--flag-size:18px;--aspect-ratio:4\/3;--font-size:14px;--transition-duration:0.2s\"\r\n     role=\"group\"\r\n     data-open-mode=\"hover\">\r\n\r\n    \r\n        <!-- ANCHOR (in-flow only; sizing\/borders; inert) -->\r\n        <div class=\"trp-language-switcher trp-ls-dropdown trp-shortcode-switcher trp-shortcode-anchor trp-open-on-hover\"\r\n             aria-hidden=\"true\"\r\n             inert\r\n data-no-translation>\r\n                <div class=\"trp-current-language-item__wrapper\">\r\n        <a class=\"trp-language-item trp-language-item__default trp-language-item__current\" data-no-translation href=\"https:\/\/centcols.org\/en\/wp-json\/wp\/v2\/pages\/79140\" title=\"\"><img decoding=\"async\" src=\"https:\/\/centcols.org\/wp-content\/plugins\/translatepress-multilingual\/assets\/flags\/4x3\/en_GB.svg\" class=\"trp-flag-image\" alt=\"\" role=\"presentation\" loading=\"lazy\" \/><\/a>                    <svg class=\"trp-shortcode-arrow\" width=\"20\" height=\"20\" viewbox=\"0 0 20 21\" fill=\"none\" aria-hidden=\"true\" focusable=\"false\" xmlns=\"http:\/\/www.w3.org\/2000\/svg\">\r\n                <path d=\"M5 8L10 13L15 8\" stroke=\"var(--text)\" stroke-width=\"2\" stroke-linecap=\"round\" stroke-linejoin=\"round\"\/>\r\n            <\/svg>\r\n            <\/div>\r\n            <\/div>\r\n\r\n        <!-- OVERLAY (positioned; interactive surface) -->\r\n        <div class=\"trp-language-switcher trp-ls-dropdown trp-shortcode-switcher trp-shortcode-overlay trp-open-on-hover\"\r\n             role=\"navigation\"\r\n             aria-label=\"Website language selector\"\r\n             data-no-translation\r\n>\r\n                <div class=\"trp-current-language-item__wrapper\">\r\n        <div class=\"trp-language-item trp-language-item__default trp-language-item__current\" data-no-translation role=\"button\" aria-expanded=\"false\" tabindex=\"0\" aria-label=\"Change language\" aria-controls=\"trp-shortcode-dropdown-69f1184958123\"><img decoding=\"async\" src=\"https:\/\/centcols.org\/wp-content\/plugins\/translatepress-multilingual\/assets\/flags\/4x3\/en_GB.svg\" class=\"trp-flag-image\" alt=\"\" role=\"presentation\" loading=\"lazy\" \/><\/div>                    <svg class=\"trp-shortcode-arrow\" width=\"20\" height=\"20\" viewbox=\"0 0 20 21\" fill=\"none\" aria-hidden=\"true\" focusable=\"false\" xmlns=\"http:\/\/www.w3.org\/2000\/svg\">\r\n                <path d=\"M5 8L10 13L15 8\" stroke=\"var(--text)\" stroke-width=\"2\" stroke-linecap=\"round\" stroke-linejoin=\"round\"\/>\r\n            <\/svg>\r\n            <\/div>\r\n    \r\n            <div class=\"trp-switcher-dropdown-list\"\r\n                 id=\"trp-shortcode-dropdown-69f1184958123\"\r\n                 role=\"group\"\r\n                 aria-label=\"Available languages\"\r\n                 hidden\r\n inert\r\n>\r\n                                                            <a class=\"trp-language-item\" href=\"https:\/\/centcols.org\/en\/wp-json\/wp\/v2\/pages\/79140\" title=\"\">\r\n                            <img decoding=\"async\" src=\"https:\/\/centcols.org\/wp-content\/plugins\/translatepress-multilingual\/assets\/flags\/4x3\/fr_FR.svg\" class=\"trp-flag-image\" alt=\"Change language to Fran\u00e7ais\" loading=\"lazy\" \/>                                                                                <\/a>\r\n                                            <a class=\"trp-language-item\" href=\"https:\/\/centcols.org\/en\/wp-json\/wp\/v2\/pages\/79140\" title=\"\">\r\n                            <img decoding=\"async\" src=\"https:\/\/centcols.org\/wp-content\/plugins\/translatepress-multilingual\/assets\/flags\/4x3\/it_IT.svg\" class=\"trp-flag-image\" alt=\"Change language to Italiano\" loading=\"lazy\" \/>                                                                                <\/a>\r\n                                            <a class=\"trp-language-item\" href=\"https:\/\/centcols.org\/en\/wp-json\/wp\/v2\/pages\/79140\" title=\"\">\r\n                            <img decoding=\"async\" src=\"https:\/\/centcols.org\/wp-content\/plugins\/translatepress-multilingual\/assets\/flags\/4x3\/de_DE.svg\" class=\"trp-flag-image\" alt=\"Change language to Deutsch\" loading=\"lazy\" \/>                                                                                <\/a>\r\n                                            <a class=\"trp-language-item\" href=\"https:\/\/centcols.org\/en\/wp-json\/wp\/v2\/pages\/79140\" title=\"\">\r\n                            <img decoding=\"async\" src=\"https:\/\/centcols.org\/wp-content\/plugins\/translatepress-multilingual\/assets\/flags\/4x3\/es_ES.svg\" class=\"trp-flag-image\" alt=\"Change language to Espa\u00f1ol\" loading=\"lazy\" \/>                                                                                <\/a>\r\n                                            <a class=\"trp-language-item\" href=\"https:\/\/centcols.org\/en\/wp-json\/wp\/v2\/pages\/79140\" title=\"\">\r\n                            <img decoding=\"async\" src=\"https:\/\/centcols.org\/wp-content\/plugins\/translatepress-multilingual\/assets\/flags\/4x3\/nl_BE.svg\" class=\"trp-flag-image\" alt=\"Change language to Nederlands (Belgi\u00eb)\" loading=\"lazy\" \/>                                                                                <\/a>\r\n                                                <\/div>\r\n        <\/div>\r\n\r\n    <\/div>\r\n<\/div>\n\n\n<blockquote class=\"wp-block-quote is-layout-flow wp-block-quote-is-layout-flow\">\n<p>Only the original French version of the game rules serves as a reference.<br>Translations into other languages are provided for information purposes only.<\/p>\n<\/blockquote>\n\n\n\n<h2 class=\"wp-block-heading\">Article 1<\/h2>\n\n\n\n<p>To join the Club des Cent Cols, you need to have cycled over at least one hundred different passes, including five passes over 2000m for every hundred on offer.<\/p>\n\n\n\n<h2 class=\"wp-block-heading\">Article 2<\/h2>\n\n\n\n<h3 class=\"wp-block-heading\">The following are taken into account:<\/h3>\n\n\n\n<ul class=\"wp-block-list\">\n<li>the passes listed in the Club des Cent Cols catalogues on the date of their last update.<\/li>\n<\/ul>\n\n\n\n<p>Mountains and peaks, gorges and valley bottoms are not counted.<\/p>\n\n\n\n<h2 class=\"wp-block-heading\">Article 3<\/h2>\n\n\n\n<p>Candidates and registered members of the Club des Cent Cols do not have to provide proof of having crossed the passes. The Club relies on the sincerity of declarations.<\/p>\n\n\n\n<h2 class=\"wp-block-heading\">Article 4<\/h2>\n\n\n\n<p>The Club reserves the right to reject a pass created (named) without historical authenticity with the aim of attracting cyclists, otherwise we could say that the \"Game\" would be distorted. On the other hand, research into the naming of passes in accordance with local custom and tradition, as evidenced by documents, is fully encouraged.<\/p>\n\n\n\n<h2 class=\"wp-block-heading\">Article 5<\/h2>\n\n\n\n<p>Each year, a summer gathering is organised at the summit of a pass that the Club wishes to highlight.<\/p>\n\n\n\n<h2 class=\"wp-block-heading\">Article 6<\/h2>\n\n\n\n<p>By sending in the first list, you agree to abide by these rules. The registration procedures are as follows:<\/p>\n\n\n\n<h3 class=\"wp-block-heading\">First registration<\/h3>\n\n\n\n<p>Candidates for membership of the Club des Cent Cols can, at any time, send a list of the different cols they have climbed in their cycling career. A registration fee of \u20ac20 (updatable) entitles new members to receive :<\/p>\n\n\n\n<ul class=\"wp-block-list\">\n<li>a numbered and personalised \"Cent Cols\" diploma<\/li>\n\n\n\n<li>the Club medal<\/li>\n\n\n\n<li>the  Club's review of the year<\/li>\n\n\n\n<li>the annual newsletter \"Infos Cent Cols<\/li>\n<\/ul>\n\n\n\n<p>Correspondence, pass lists and membership fees should be sent to the New Members Officer (<a href=\"\/en\/&\/#x6d;&#x61;&#x69;&#x6c;&#x74;&#x6f;&#x3a;&#x69;&#x6e;&#x73;&#x63;&#x72;&#x69;&#x70;&#x74;&#x69;&#x6f;&#x6e;&#x73;&#x40;&#x63;&#x65;&#110;&#116;&#99;&#111;&#108;&#115;&#46;&#110;&#101;&#116;\">inscriptions@centcols.net<\/a>).<\/p>\n\n\n\n<h3 class=\"wp-block-heading\">Membership renewal<\/h3>\n\n\n\n<p>Each year, between 1<sup>er<\/sup>&nbsp;October and 31 January, members send a list of the new passes they have climbed during the season to their&nbsp;<a href=\"https:\/\/centcols.org\/en\/backup\/contact\/\" target=\"_blank\" rel=\"noreferrer noopener\">national or territorial delegate&nbsp;<\/a>accompanied by their membership fee. The minimum membership fee of \u20ac15 (which can be updated) entitles members to be listed on the roll of honour in the annual magazine, to take part in the life of the Club and to download all the catalogues in Excel format free of charge.<\/p>\n\n\n\n<p>As an exception to the general rule, the ratio of 5 passes at +2000m per hundred is not applied to members aged 70 and over.<\/p>\n\n\n\n<p>These lists are checked by regional or national delegates to ensure that they comply with the rules of the game.<\/p>\n\n\n\n<p>The addresses of the New Members Officer and the national and regional delegates can be found in the pages of the annual magazine and on the club's website.<\/p>\n\n\n\n<h2 class=\"wp-block-heading\">Appendix to the game rules<\/h2>\n\n\n\n<h2 class=\"wp-block-heading\">Article 1<\/h2>\n\n\n\n<h3 class=\"wp-block-heading\">Comments :<\/h3>\n\n\n\n<p>A bicycle is any device powered solely by muscular power, usually a two-wheeler, although tricycles are also permitted.<br>The use of mechanical (re-)climbing equipment is excluded.<br>A downhill pass may be counted.<br>Off-road passes are admitted in the same way as road passes.<br>Passes that are difficult to approach can be partially negotiated on foot, with the bike being pushed (or even carried).<br>One hundred different passes: the same pass is only counted once, even if it has been crossed many times, and by different slopes.<br>There is no minimum altitude.<br>The passes can be crossed in any country in the world.<br>The table of honour in the annual review shows the total number of passes climbed by each member and the number of \"+ 2000 m\" passes.<br>Some passes can be crossed by two different routes, one being the geographical pass and the other being a tunnel. This is the same pass that can be crossed by two different crossings. Each pass has a unique code, but only one of the two should be declared, either the geographical pass or the tunnel, but not both.<\/p>\n\n\n\n<h2 class=\"wp-block-heading\">Article 2<\/h2>\n\n\n\n<h3 class=\"wp-block-heading\">Comments :<\/h3>\n\n\n\n<p>Anyone wishing to propose a change to a pass already in the catalogues or the insertion of a new pass should write to&nbsp;<a href=\"\/en\/&\/#x6d;&#97;i&#x6c;&#116;o&#x3a;&#99;o&#x6c;&#x73;&#64;&#x63;&#x65;&#110;t&#x63;&#111;l&#x73;&#46;o&#x72;&#x67;\">cols@centcols.org<\/a>, by attaching reliable reference sources as described above.<\/p>\n\n\n\n<p>In French, the term \"col\" implicitly contains a topographical character. Because of the multitude of terrain configurations encountered, the minimum definition of the topographical nature of a pass adopted by the Club is as follows: a privileged point of passage, imposed by the relief, located on a watershed, and other than a summit. In the vast majority of cases, a pass is located on a depression in a ridge and facilitates passage from one valley to another.<\/p>\n\n\n\n<p>Numerous titles are used instead of the word col: collet, pas, port, baisse, selle, br\u00e8che, hourquette, etc. The Cols de France catalogue lists all the names that can be used to designate a pass. Similarly, pass catalogues by country or region list the names used in local toponymy to designate a pass.<\/p>\n\n\n\n<p>A name does not always designate a pass: for example, a \"collet\" in France, a \"colle\" in Italy, an \"alto\" in Spain, a \"H\u00f6he\" in Germany\/Austria, an \"Egg\" or \"Eck(e)\" in Switzerland may designate a summit or ridge rather than a pass. Similarly, a Germanic or British \"pas\" or \"pass\" may refer to a gorge or a particular passage in a river. In such cases, they are not included in the catalogues because they are not topographical enough (see the well-known example of Pas de la Case on the Andorran border).<\/p>\n\n\n\n<p>\"Col portant ce nom\": a pass must be named on a reference source by a generic title as mentioned above, combined with a specific name. Example: Col du Tourmalet, Col de la Croix de Fer, Puerto de la Bonaigua, Passo dello Stelvio, Sustenpass, etc.<\/p>\n\n\n\n<p>Occasionally, a pass is named by its name alone. Example: Le Collet (FR-04-0738) or Le Col (FR-26-0410).<\/p>\n\n\n\n<p>On the other hand, a named place without a title evoking the notion of a mountain pass will not be considered, even if it corresponds to the topographical criterion. Example: \"La Baraque\" or \"La Chapelle\". Similarly, a topographical pass, indicated on a map by a symbol (e.g. &gt;.&lt;) but which does not have a generic name (title) and surname, will not be considered.<\/p>\n\n\n\n<p>A place named and designated on a reference map or on another document such as a land register with a title evoking a mountain pass, provided that it can be located with sufficient precision, complies with the RDJ while respecting the topographical requirements mentioned elsewhere in this appendix to Article 2.<\/p>\n\n\n\n<p>The appointment of a pass must be enshrined in usage and mentioned on reference sources deemed reliable by the Club. Reliable reference sources include :<\/p>\n\n\n\n<ul class=\"wp-block-list\">\n<li>road or topographical maps produced either by official bodies or by private publishers of recognised competence.<\/li>\n\n\n\n<li>toponymic databases associated with digital mapping from the same bodies mentioned above.<\/li>\n\n\n\n<li>cadastres and old maps, whose scale and graphics make it possible to locate passes unambiguously on the ground.<\/li>\n\n\n\n<li>Summit or directional signs.<\/li>\n\n\n\n<li>maps or information boards produced either by official bodies or by competent mountain clubs.<\/li>\n\n\n\n<li>guides published by mountain clubs renowned for their reliability and knowledge of the terrain: French and Italian alpine clubs, Club Vosgien, etc.<\/li>\n<\/ul>\n\n\n\n<p>The naming of the passes by oral tradition, or by mention in tourist guides, is considered to be an initial clue, which should prompt further research with a view to confirming this usage in one of the sources mentioned above.<\/p>\n\n\n\n<p>The routes and leaflets of cycling tours and\/or competitions are not recognised as a sufficient source of reference. The words \"Col du Mont Ventoux\" or \"Col de l'Alpe d'Huez\" appearing on such documents do not, however, make these summits or mountain resorts passes within the meaning of our Rules of the Game.<\/p>\n\n\n\n<p>Neither collaborative Internet platforms (Open StreetMap, Wikipedia etc....) nor information integrators motivated primarily by commercial interests rather than the provision of verifiable data (Google, Bing, ViaMichelin, Tom-Tom, Garmin etc. ...) are considered sufficient sources. These sources may also encourage you to do further research for more convincing sources.<\/p>\n\n\n\n<h2 class=\"wp-block-heading\">Article 3<\/h2>\n\n\n\n<h3 class=\"wp-block-heading\">Commentary:<\/h3>\n\n\n\n<p>In particular, no photos in front of the pass signs are required. Declarations of mountain passes crossed must be made on honour. Photos of passes and landscapes, accounts of mountain rides and meetings between cyclists are always appreciated for the annual magazine.<\/p>\n\n\n\n<h2 class=\"wp-block-heading\">Article 4<\/h2>\n\n\n\n<h3 class=\"wp-block-heading\">Commentary:<\/h3>\n\n\n\n<p>Deleted<\/p>\n\n\n\n<h2 class=\"wp-block-heading\">Article 5<\/h2>\n\n\n\n<h3 class=\"wp-block-heading\">Commentary:<\/h3>\n\n\n\n<p>This international summer gathering is organised by the Club, which offers its members the chance to get together and explore the passes in the area. Other regional meetings and gatherings are organised on the initiative of the regional organisers. Local events organised by Club members are also possible. The calendar, meeting places and brief programme of these gatherings are published in the annual magazine and on the Club's website.<\/p>\n\n\n\n<h2 class=\"wp-block-heading\">Article 6<\/h2>\n\n\n\n<h3 class=\"wp-block-heading\">Commentary:<\/h3>\n\n\n\n<p>In particular, this commitment implies submitting lists of passes that comply with the reference catalogues and the definition of passes recognised by the Club. Sending the lists is an ideal opportunity to pass on to the new members manager or delegates any pass discoveries that could be added to the catalogues.<\/p>\n\n\n\n<h2 class=\"wp-block-heading\">Article published in the 2016 magazine<\/h2>\n\n\n\n<p><a href=\"https:\/\/centcols.org\/wp-content\/uploads\/2025\/08\/Revue-2016-VAE.pdf\" target=\"_blank\" rel=\"noreferrer noopener\">Read the article<\/a><\/p>\n\n\n\n<h2 class=\"wp-block-heading\">Club des Cent Cols organisation chart<\/h2>\n\n\n\n<p>The Club des Cent Cols is an association under the law of 1901, managed by a Board of Directors with a minimum of 3 and a maximum of 11 members, elected for a period of 4 years by all paid-up members. The Club is affiliated to the FFCT under no. 6384, and as such can offer a federal licence with insurance to those of its members who request it.<\/p>\n\n\n\n<p>The Club relies on a network of Territorial Delegates and National Delegates to support the Secretariat in its task of receiving and validating the annual lists of passes climbed by members. In the annual review, the \"Tableau d'Honneur\" summarises for each member the amount of the membership fee paid, the total number of passes climbed and the number of passes over 2000m.<\/p>\n\n\n\n<p>Working Groups (WG), made up - in agreement with the Board - of volunteers with a good knowledge of languages and access to local cartography, draw up draft pass catalogues for each country, and update them periodically. Any publication of a catalogue or update renders previous publications null and void.<\/p>\n\n\n\n<p>Regional or national coordinators are responsible for organising regional meetings to bring members together and welcome new members.<\/p>\n\n\n\n<p>(<a href=\"https:\/\/centcols.org\/en\/backup\/contact\/\">See Contacts<\/a>)<\/p>","protected":false},"excerpt":{"rendered":"<p>Seule la version originale de la r\u00e8gle du jeu en fran\u00e7ais sert de r\u00e9f\u00e9rence.Les traductions dans d&rsquo;autres langues ne sont donn\u00e9es qu&rsquo;\u00e0 titre indicatif. Article 1 Pour entrer au Club des Cent Cols, il faut avoir franchi \u00e0 bicyclette au moins cent cols diff\u00e9rents, dont cinq cols \u00e0 plus de 2000 m pour chaque centaine [&hellip;]<\/p>\n","protected":false},"author":2,"featured_media":0,"parent":0,"menu_order":0,"comment_status":"open","ping_status":"open","template":"","meta":{"_acf_changed":false,"footnotes":""},"class_list":["post-79140","page","type-page","status-publish","hentry"],"acf":[],"yoast_head":"<!-- This site is optimized with the Yoast SEO plugin v27.2 - https:\/\/yoast.com\/product\/yoast-seo-wordpress\/ -->\n<title>R\u00e8gle du jeu \u2013 Comment int\u00e9grer le Club des Cent Cols ?<\/title>\n<meta name=\"description\" content=\"Pour rejoindre le Club des Cent Cols, franchissez 100 cols \u00e0 v\u00e9lo dont 5 \u00e0 plus de 2000 m. D\u00e9couvrez toutes les conditions d&#039;adh\u00e9sion.\" \/>\n<meta name=\"robots\" content=\"index, follow, max-snippet:-1, max-image-preview:large, max-video-preview:-1\" \/>\n<link rel=\"canonical\" href=\"https:\/\/centcols.org\/en\/rules\/\" \/>\n<meta property=\"og:locale\" content=\"en_GB\" \/>\n<meta property=\"og:type\" content=\"article\" \/>\n<meta property=\"og:title\" content=\"R\u00e8gle du jeu \u2013 Comment int\u00e9grer le Club des Cent Cols ?\" \/>\n<meta property=\"og:description\" content=\"Pour rejoindre le Club des Cent Cols, franchissez 100 cols \u00e0 v\u00e9lo dont 5 \u00e0 plus de 2000 m. D\u00e9couvrez toutes les conditions d&#039;adh\u00e9sion.\" \/>\n<meta property=\"og:url\" content=\"https:\/\/centcols.org\/en\/rules\/\" \/>\n<meta property=\"og:site_name\" content=\"Club des Cent Cols\" \/>\n<meta property=\"article:publisher\" content=\"https:\/\/www.facebook.com\/groups\/5261880558\/?locale=fr_FR\" \/>\n<meta property=\"article:modified_time\" content=\"2026-03-10T17:37:33+00:00\" \/>\n<meta name=\"twitter:card\" content=\"summary_large_image\" \/>\n<meta name=\"twitter:label1\" content=\"Estimated reading time\" \/>\n\t<meta name=\"twitter:data1\" content=\"10 minutes\" \/>\n<script type=\"application\/ld+json\" class=\"yoast-schema-graph\">{\"@context\":\"https:\/\/schema.org\",\"@graph\":[{\"@type\":\"WebPage\",\"@id\":\"https:\/\/centcols.org\/regle-du-jeu\/\",\"url\":\"https:\/\/centcols.org\/regle-du-jeu\/\",\"name\":\"R\u00e8gle du jeu \u2013 Comment int\u00e9grer le Club des Cent Cols ?\",\"isPartOf\":{\"@id\":\"https:\/\/centcols.org\/#website\"},\"datePublished\":\"2025-02-05T07:58:17+00:00\",\"dateModified\":\"2026-03-10T17:37:33+00:00\",\"description\":\"Pour rejoindre le Club des Cent Cols, franchissez 100 cols \u00e0 v\u00e9lo dont 5 \u00e0 plus de 2000 m. D\u00e9couvrez toutes les conditions d'adh\u00e9sion.\",\"breadcrumb\":{\"@id\":\"https:\/\/centcols.org\/regle-du-jeu\/#breadcrumb\"},\"inLanguage\":\"en-GB\",\"potentialAction\":[{\"@type\":\"ReadAction\",\"target\":[\"https:\/\/centcols.org\/regle-du-jeu\/\"]}]},{\"@type\":\"BreadcrumbList\",\"@id\":\"https:\/\/centcols.org\/regle-du-jeu\/#breadcrumb\",\"itemListElement\":[{\"@type\":\"ListItem\",\"position\":1,\"name\":\"Accueil\",\"item\":\"https:\/\/centcols.org\/\"},{\"@type\":\"ListItem\",\"position\":2,\"name\":\"R\u00e8gle du jeu\"}]},{\"@type\":\"WebSite\",\"@id\":\"https:\/\/centcols.org\/#website\",\"url\":\"https:\/\/centcols.org\/\",\"name\":\"Club des Cent Cols\",\"description\":\"\",\"publisher\":{\"@id\":\"https:\/\/centcols.org\/#organization\"},\"potentialAction\":[{\"@type\":\"SearchAction\",\"target\":{\"@type\":\"EntryPoint\",\"urlTemplate\":\"https:\/\/centcols.org\/?s={search_term_string}\"},\"query-input\":{\"@type\":\"PropertyValueSpecification\",\"valueRequired\":true,\"valueName\":\"search_term_string\"}}],\"inLanguage\":\"en-GB\"},{\"@type\":\"Organization\",\"@id\":\"https:\/\/centcols.org\/#organization\",\"name\":\"Club des Cent Cols\",\"url\":\"https:\/\/centcols.org\/\",\"logo\":{\"@type\":\"ImageObject\",\"inLanguage\":\"en-GB\",\"@id\":\"https:\/\/centcols.org\/#\/schema\/logo\/image\/\",\"url\":\"https:\/\/centcols.org\/wp-content\/uploads\/2025\/01\/carte-icone.png\",\"contentUrl\":\"https:\/\/centcols.org\/wp-content\/uploads\/2025\/01\/carte-icone.png\",\"width\":250,\"height\":250,\"caption\":\"Club des Cent Cols\"},\"image\":{\"@id\":\"https:\/\/centcols.org\/#\/schema\/logo\/image\/\"},\"sameAs\":[\"https:\/\/www.facebook.com\/groups\/5261880558\/?locale=fr_FR\"]}]}<\/script>\n<!-- \/ Yoast SEO plugin. -->","yoast_head_json":{"title":"Game rules - How do I join the Club des Cent Cols?","description":"To join the Club des Cent Cols, cycle over 100 passes, including 5 over 2000 m. Find out all the membership conditions.","robots":{"index":"index","follow":"follow","max-snippet":"max-snippet:-1","max-image-preview":"max-image-preview:large","max-video-preview":"max-video-preview:-1"},"canonical":"https:\/\/centcols.org\/en\/rules\/","og_locale":"en_GB","og_type":"article","og_title":"R\u00e8gle du jeu \u2013 Comment int\u00e9grer le Club des Cent Cols ?","og_description":"Pour rejoindre le Club des Cent Cols, franchissez 100 cols \u00e0 v\u00e9lo dont 5 \u00e0 plus de 2000 m. D\u00e9couvrez toutes les conditions d'adh\u00e9sion.","og_url":"https:\/\/centcols.org\/en\/rules\/","og_site_name":"Club des Cent Cols","article_publisher":"https:\/\/www.facebook.com\/groups\/5261880558\/?locale=fr_FR","article_modified_time":"2026-03-10T17:37:33+00:00","twitter_card":"summary_large_image","twitter_misc":{"Estimated reading time":"10 minutes"},"schema":{"@context":"https:\/\/schema.org","@graph":[{"@type":"WebPage","@id":"https:\/\/centcols.org\/regle-du-jeu\/","url":"https:\/\/centcols.org\/regle-du-jeu\/","name":"Game rules - How do I join the Club des Cent Cols?","isPartOf":{"@id":"https:\/\/centcols.org\/#website"},"datePublished":"2025-02-05T07:58:17+00:00","dateModified":"2026-03-10T17:37:33+00:00","description":"To join the Club des Cent Cols, cycle over 100 passes, including 5 over 2000 m. Find out all the membership conditions.","breadcrumb":{"@id":"https:\/\/centcols.org\/regle-du-jeu\/#breadcrumb"},"inLanguage":"en-GB","potentialAction":[{"@type":"ReadAction","target":["https:\/\/centcols.org\/regle-du-jeu\/"]}]},{"@type":"BreadcrumbList","@id":"https:\/\/centcols.org\/regle-du-jeu\/#breadcrumb","itemListElement":[{"@type":"ListItem","position":1,"name":"Accueil","item":"https:\/\/centcols.org\/"},{"@type":"ListItem","position":2,"name":"R\u00e8gle du jeu"}]},{"@type":"WebSite","@id":"https:\/\/centcols.org\/#website","url":"https:\/\/centcols.org\/","name":"Club des Cent Cols","description":"","publisher":{"@id":"https:\/\/centcols.org\/#organization"},"potentialAction":[{"@type":"SearchAction","target":{"@type":"EntryPoint","urlTemplate":"https:\/\/centcols.org\/?s={search_term_string}"},"query-input":{"@type":"PropertyValueSpecification","valueRequired":true,"valueName":"search_term_string"}}],"inLanguage":"en-GB"},{"@type":"Organization","@id":"https:\/\/centcols.org\/#organization","name":"Club des Cent Cols","url":"https:\/\/centcols.org\/","logo":{"@type":"ImageObject","inLanguage":"en-GB","@id":"https:\/\/centcols.org\/#\/schema\/logo\/image\/","url":"https:\/\/centcols.org\/wp-content\/uploads\/2025\/01\/carte-icone.png","contentUrl":"https:\/\/centcols.org\/wp-content\/uploads\/2025\/01\/carte-icone.png","width":250,"height":250,"caption":"Club des Cent Cols"},"image":{"@id":"https:\/\/centcols.org\/#\/schema\/logo\/image\/"},"sameAs":["https:\/\/www.facebook.com\/groups\/5261880558\/?locale=fr_FR"]}]}},"_links":{"self":[{"href":"https:\/\/centcols.org\/en\/wp-json\/wp\/v2\/pages\/79140","targetHints":{"allow":["GET"]}}],"collection":[{"href":"https:\/\/centcols.org\/en\/wp-json\/wp\/v2\/pages"}],"about":[{"href":"https:\/\/centcols.org\/en\/wp-json\/wp\/v2\/types\/page"}],"author":[{"embeddable":true,"href":"https:\/\/centcols.org\/en\/wp-json\/wp\/v2\/users\/2"}],"replies":[{"embeddable":true,"href":"https:\/\/centcols.org\/en\/wp-json\/wp\/v2\/comments?post=79140"}],"version-history":[{"count":0,"href":"https:\/\/centcols.org\/en\/wp-json\/wp\/v2\/pages\/79140\/revisions"}],"wp:attachment":[{"href":"https:\/\/centcols.org\/en\/wp-json\/wp\/v2\/media?parent=79140"}],"curies":[{"name":"wp","href":"https:\/\/api.w.org\/{rel}","templated":true}]}}