{"id":79319,"date":"2025-02-05T10:00:16","date_gmt":"2025-02-05T08:00:16","guid":{"rendered":"https:\/\/centcols.org\/liens-amis\/"},"modified":"2025-08-11T08:10:39","modified_gmt":"2025-08-11T06:10:39","slug":"friendly-links","status":"publish","type":"page","link":"https:\/\/centcols.org\/en\/liens-amis\/","title":{"rendered":"Friends links"},"content":{"rendered":"\n<h2 class=\"wp-block-heading\">Les sites de v\u00e9lo des membres du Club des Cent Cols<\/h2>\n\n\n\n<blockquote class=\"wp-block-quote is-layout-flow wp-block-quote-is-layout-flow\">\n<p>Ils maintiennent un site Internet, pour eux m\u00eame ou pour leur club&#8230; Une m\u00eame passion : le v\u00e9lo !<\/p>\n<\/blockquote>\n\n\n\n<p>Les listes de cols pr\u00e9sent\u00e9es sur ces sites n&rsquo;engagent que leurs auteurs.<br>Le Club des Cent Cols ne cautionne aucune d&rsquo;entre elles.<br>Le Club des Cent Cols publie ses propres listes de cols r\u00e9pondant \u00e0 sa r\u00e8gle du jeu.<\/p>\n\n\n\n<ul class=\"wp-block-list\">\n<li><strong>Ursula et Alain Besson (CC  7036 et CC 7037) :<\/strong> <a href=\"http:\/\/ursalain.blogspot.fr\/\" target=\"_blank\" rel=\"noopener noreferrer\">Voyages \u00e0 v\u00e9lo<\/a><\/li>\n\n\n\n<li><strong>Jean Pierre Canc\u00e9 (CC 4778) :<\/strong> <a href=\"http:\/\/lescheminsdemusarde.fr\/\" target=\"_blank\" rel=\"noopener noreferrer\">Les chem<\/a><a href=\"http:\/\/lescheminsdemusarde.fr\/\" target=\"_blank\" rel=\"noopener noreferrer\">ins de musarde<\/a><\/li>\n\n\n\n<li><strong>Vince Chittenden<\/strong> (<strong>CC 8110) <\/strong><a href=\"https:\/\/www.questel.co.uk\/\" target=\"_blank\" rel=\"noreferrer noopener\">Vince&rsquo;s Cycling Stuff<\/a> Adventures on my bike<\/li>\n\n\n\n<li><strong>Alain Darget (CC 1825) :<\/strong> <a href=\"http:\/\/moniqualain.over-blog.com\/\" target=\"_blank\" rel=\"noopener noreferrer\">http:\/\/moniqualain.blog.sfr.fr\/<\/a><\/li>\n\n\n\n<li><strong>Hubert Delesalle (CC 7152)<\/strong> : <a href=\"http:\/\/www.randonnee-cyclo.com\/\" target=\"_blank\" rel=\"noopener noreferrer\">http:\/\/www.randonnee-cyclo.com\/<\/a>&nbsp; .Plus de 1500 sorties,&nbsp;toutes r\u00e9pertori\u00e9s,&nbsp;d\u00e9crites et class\u00e9es par r\u00e9gions, par types et par ann\u00e9es. Et en compl\u00e9ment son blog : <a href=\"http:\/\/jerandonne.blogspot.fr\/\" target=\"_blank\" rel=\"noopener noreferrer\">http:\/\/jerandonne.blogspot.fr\/<\/a><\/li>\n\n\n\n<li><strong>Baptiste Fontaine (CC 6965) :<\/strong> <a href=\"http:\/\/cestdurlevelo.over-blog.com\/\" target=\"_blank\" rel=\"noopener noreferrer\">C&rsquo;est dur le v\u00e9lo<\/a><\/li>\n\n\n\n<li><strong>Guy Garcin (CC 2880) :<\/strong> <a href=\"http:\/\/love-velo.fr\/\" target=\"_blank\" rel=\"noopener noreferrer\">Love-velo<\/a><\/li>\n\n\n\n<li><strong>Alain Gillodes (CC 722) :<\/strong> <a href=\"http:\/\/www.alaingillodes.fr\/\" target=\"_blank\" rel=\"noopener noreferrer\">Le site d&rsquo;Alain Gillodes<\/a><\/li>\n\n\n\n<li><strong>Jacques Mancip (CC 4760) :<\/strong> <a href=\"http:\/\/passes-montagnes.fr\/\" target=\"_blank\" rel=\"noopener noreferrer\">Roses des Sables et 1000 Pertuis, cyclisme et cyclotourisme<\/a><\/li>\n\n\n\n<li><strong>Jean-Pierre Monzie (CC 6596) :<\/strong> <a href=\"http:\/\/jmlevelo.fr\/\" target=\"_blank\" rel=\"noreferrer noopener\">http:\/\/jmlevelo.fr\/<\/a> R\u00e9cits d&rsquo;aventures lors de la qu\u00eate de cols, BPF et diagonales<\/li>\n\n\n\n<li><strong>Jerry Nilson (CC 5627) :<\/strong> <a href=\"http:\/\/cycloclimbing.com\/\" target=\"_blank\" rel=\"noopener noreferrer\">Cycloclimbing<\/a> Une ressource int\u00e9ressante concernant les hauts cols des Alpes et d&rsquo;ailleurs.<\/li>\n\n\n\n<li><strong>R\u00e9gis Paraz (CC 3225)<\/strong> : <a href=\"http:\/\/www.modachulvelo.com\" target=\"_blank\" rel=\"noopener noreferrer\">modachulvelo<\/a> \u00ab\u00a0c&rsquo;est pas tout d&rsquo;y dire faut y faire\u00a0\u00bb. Site permettant de suivre les voyages itin\u00e9rants de R\u00e9gis Paraz<\/li>\n\n\n\n<li><strong>Bernard \u00ab\u00a0Biki\u00a0\u00bb Pommel (CC 3094) :<\/strong> <a href=\"http:\/\/bikithebiker.blogspot.fr\/\" target=\"_blank\" rel=\"noopener noreferrer\">le blog \u00e0 Biki<\/a><\/li>\n\n\n\n<li><strong>Andr\u00e9 Rudaz (CC 814) :<\/strong> <a href=\"http:\/\/rudaz.magix.net\/public\/index.htm\" target=\"_blank\" rel=\"noopener noreferrer\">Bienvenue sur le site d&rsquo;Andr\u00e9 Rudaz<\/a>.<\/li>\n\n\n\n<li><strong>Sascha Resch (CC  7702)<\/strong> : <a href=\"https:\/\/alpenvettern.de\/\" target=\"_blank\" rel=\"noopener noreferrer\">Alpenvettern<\/a><\/li>\n\n\n\n<li><strong>Patrick Schleppi (CC 5845)<\/strong> : <a href=\"http:\/\/www.schleppi.ch\/patrick\/cycle\" target=\"_blank\" rel=\"noopener noreferrer\"><span style=\"font-family: Arial;\">Les aventures \u00e0 v\u00e9lo de Patrick Schleppi : itin\u00e9raires dans les Alpes et le Jura<\/span><\/a><span style=\"font-family: Arial;\">&nbsp; (fran\u00e7ais-anglais-allemand)<\/span><\/li>\n\n\n\n<li><strong>Fabien Tiberghien (CC 6541) :<\/strong> <a href=\"http:\/\/decolsencols1.canalblog.com\/\" target=\"_blank\" rel=\"noopener noreferrer\">de cols en cols<\/a>. Fabien met \u00e0 disposition les descriptifs et les photos de ses parcours \u00e0 la conqu\u00eate des cols<\/li>\n\n\n\n<li><strong>Andr\u00e9 Tignon (CC 1583) :<\/strong> <a href=\"http:\/\/tignon.andre.free.fr\/\" target=\"_blank\" rel=\"noopener noreferrer\">Andr\u00e9 Tignon, Cent Cols 1583&nbsp;<\/a><br>Cyclo-reporter du Nord de France et de Belgique, invite \u00e0 visiter l&rsquo;univers de son cyclotourisme. Par des reportages pr\u00e9sent\u00e9s comme des \u00ab\u00a0romans-photos\u00a0\u00bb il illustre la vari\u00e9t\u00e9 des pratiques cyclotouristes<\/li>\n\n\n\n<li><strong>Max Tissot (CC 6785) :&nbsp;<\/strong><a href=\"http:\/\/velomaxou.com\/\" target=\"_blank\" rel=\"noopener noreferrer\">velomaxou<\/a>&nbsp; cyclo des rues, cyclo des champs, actualit\u00e9 cyclo<\/li>\n\n\n\n<li><strong>Patricia V\u00e9ron (CC 3777) :<\/strong> <a href=\"http:\/\/desroutesdesoie.homeip.net\/\" target=\"_blank\" rel=\"noopener noreferrer\">Des routes de soie<br><\/a>D\u00e9routez-vous pour suivre le voyage \u00e0 v\u00e9lo sur les routes de la soie de Patricia V\u00e9ron, Christian Serret et Pierre-Andr\u00e9 Sonzogno&#8230; Ce site \u00e0 l&rsquo;unique pr\u00e9tention de permettre de faire partager notre vagabondage sur une des nombreuses routes de la soie. Il vous permettra de suivre notre itin\u00e9raire, nos coups de coeur ou de g&#8230; Vous y d\u00e9couvrirez les participants, le mat\u00e9riel et d&rsquo;autres petites informations g\u00e9n\u00e9rales sur le voyage \u00e0 v\u00e9lo. A compter d&rsquo;Avril 2006, nous partons avec nos v\u00e9los de Valence, pour rejoindre Grenoble o\u00f9 nous habitons, avant de nous \u00e9loigner pendant un certain temps afin d&rsquo;aller cycler vers une des Routes de la Soie&#8230;<br>Fin Avril 2006, apr\u00e8s notre s\u00e9paration avec Pierre-Andr\u00e9 Sonzogno, nos itin\u00e9raires ont diverg\u00e9. Pour avoir de nos nouvelles, nous avons cr\u00e9\u00e9 un blog: <a href=\"http:\/\/bourlinguebike.over-blog.org\/\" target=\"_blank\" rel=\"noopener noreferrer\">http:\/\/bourlinguebike.over-blog.org<\/a>. Une newsletter et un petit album photo vous y attendent..<\/li>\n\n\n\n<li><strong>Patricia V\u00e9ron (CC 3777) : <\/strong><a href=\"http:\/\/avelotoutsimplement.blogspot.fr\/\" target=\"_blank\" rel=\"noopener noreferrer\">A v\u00e9lo tout simplement<\/a><strong>&nbsp;<\/strong> Apr\u00e8s les routes de la soie, d\u00e9couvrir le Cap Nord, puis traverser la Russie d&rsquo;Ouest en Est, avant de basculer aux USA pour traverser les Am\u00e9riques du nord au sud..<\/li>\n\n\n\n<li><strong>Annick (et Bruno) Versolatto (CC 5054) :<\/strong> <a href=\"http:\/\/www.roulmaloute.com\/\" target=\"_blank\" rel=\"noopener noreferrer\">Roul&rsquo; ma loute&#8230;<\/a><br>Des voyages \u00e0 v\u00e9lo sur tous les continents, ou presque.<br>Vous y trouverez entre autres l&rsquo;album photos de la concentration allemande 2005 \u00e0 Wolfach en For\u00eat Noire<\/li>\n\n\n\n<li><strong>Eric Zammit (CC 7165) :<\/strong> <a href=\"https:\/\/cyclocolsensolo.wordpress.com\/\" target=\"_blank\" rel=\"noopener noreferrer\">le blog d&rsquo;Eric Zammit<\/a><\/li>\n<\/ul>\n\n\n\n<hr class=\"wp-block-separator has-alpha-channel-opacity\"\/>\n\n\n\n<h2 class=\"wp-block-heading\">F\u00e9d\u00e9rations, Confr\u00e9ries et&nbsp; Amicales :<\/h2>\n\n\n\n<h3 class=\"wp-block-heading\">France<\/h3>\n\n\n\n<ul class=\"wp-block-list\">\n<li><a href=\"https:\/\/ffvelo.fr\/\" target=\"_blank\" rel=\"noreferrer noopener\">F\u00e9d\u00e9ration Fran\u00e7aise de Cyclotourisme<\/a><\/li>\n\n\n\n<li><a href=\"http:\/\/uect.org\/\" target=\"_blank\" rel=\"noopener noreferrer\">Union Europ\u00e9enne de Cyclotourisme<\/a><\/li>\n\n\n\n<li><a href=\"https:\/\/uctistes.wordpress.com\/ordre-des-cols-durs\/\" target=\"_blank\" rel=\"noopener noreferrer\">Ordre des Cols Durs<\/a><\/li>\n\n\n\n<li><a href=\"http:\/\/www.confreriedes650.org\/\" target=\"_blank\" rel=\"noopener noreferrer\">Confr\u00e9rie des 650<\/a><\/li>\n\n\n\n<li><a href=\"http:\/\/www.cci.asso.fr\/\" target=\"_blank\" rel=\"noopener noreferrer\">Cyclo-Camping International<\/a><\/li>\n\n\n\n<li><a href=\"http:\/\/diagonales.homelinux.net\/adf\/index.php\" target=\"_blank\" rel=\"noopener noreferrer\">Diagonales de France<\/a><\/li>\n\n\n\n<li><a href=\"http:\/\/www.audax-uaf.com\/\" target=\"_blank\" rel=\"noopener noreferrer\">Union des Audax Fran\u00e7ais<\/a><\/li>\n\n\n\n<li><a href=\"http:\/\/www.audax-club-parisien.com\/FR\/\" target=\"_blank\" rel=\"noopener noreferrer\">Audax Club Parisien<\/a><\/li>\n\n\n\n<li><a href=\"http:\/\/www.cyclocardiaques.org\/\" target=\"_blank\" rel=\"noopener noreferrer\">Amicale des Cyclos Cardiaques<\/a><\/li>\n\n\n\n<li><a href=\"http:\/\/www.clubcinglesventoux.org\/fr\/\" target=\"_blank\" rel=\"noopener noreferrer\">Les Cingl\u00e9s du Mont Ventoux<\/a><\/li>\n\n\n\n<li><a href=\"http:\/\/www.felesducolombier.fr\/\" target=\"_blank\" rel=\"noopener noreferrer\">Les F\u00eal\u00e9s du Grand Colombier<\/a><\/li>\n\n\n\n<li><a href=\"https:\/\/fr.warmshowers.org\/\" target=\"_blank\" rel=\"noopener noreferrer\">Warmshowers<\/a> : la communaut\u00e9 Warm Showers est un syst\u00e8me d&rsquo;\u00e9change gratuit d&rsquo;h\u00e9bergement entre cyclo-randonneurs \u00e0 travers le monde.<\/li>\n<\/ul>\n\n\n\n<h3 class=\"wp-block-heading\">Europe<\/h3>\n\n\n\n<ul class=\"wp-block-list\">\n<li><a href=\"http:\/\/www.ocd.org.uk\/\" target=\"_blank\" rel=\"noopener noreferrer\">OCD<\/a> : Ordre des Cols Durs in the UK&nbsp; (anglais)<\/li>\n\n\n\n<li><a href=\"http:\/\/www.challenge-big.eu\/\" target=\"_blank\" rel=\"noopener noreferrer\">BIG <\/a>: Site du challenge BIG<\/li>\n\n\n\n<li><a style=\"outline: 1px dotted; outline-offset: 0px;\" href=\"http:\/\/www.ccriviera.ch\/\" target=\"_blank\" rel=\"noopener noreferrer\">Le Club Cyclotouriste de la Riviera<\/a> de notre ami Pierre-Henri Mai<\/li>\n\n\n\n<li><a href=\"http:\/\/www.rsf.org.uk\/index.php?option=com_xmap&amp;view=html&amp;id=1&amp;Itemid=328\" target=\"_blank\" rel=\"noopener noreferrer\">The Rough Stuff Fellowship<\/a> : cr\u00e9\u00e9e en 1955 (\u00ab\u00a0long before anyone had ever heard of Marin County\u00a0\u00bb) cette amicale regroupe ceux qui sortent des sentiers battus, ou du moins des routes goudronn\u00e9es (anglais)<\/li>\n<\/ul>\n\n\n\n<h2 class=\"wp-block-heading\">Voyages<\/h2>\n\n\n\n<ul class=\"wp-block-list\">\n<li>&nbsp;<a href=\"http:\/\/www.trentobike.org\/byauthor\/CarstenGregersen.html\" target=\"_blank\" rel=\"noopener noreferrer\">Carsten&rsquo;s Cycling Web<\/a> : Carsten Gregersen grand voyageur \u00e0 v\u00e9lo nous propose un site d\u00e9di\u00e9 au v\u00e9lo en montagne, comportant entre autre les compte rendus de ses voyages (principalement dans les Alpes) (anglais, danois)<\/li>\n\n\n\n<li><a href=\"http:\/\/www.trentobike.org\/\" target=\"_blank\" rel=\"noopener noreferrer\">Trento Bike Pages<\/a> : des liens sur tous les pays d&rsquo;Europe, et quelques pays du Maghreb. Andreas Caranti maintient l&rsquo;un des meilleurs portails consacr\u00e9 au voyage \u00e0 v\u00e9lo (anglais)<\/li>\n\n\n\n<li><a href=\"http:\/\/www.masterlyinactivity.com\/\" target=\"_blank\" rel=\"noopener noreferrer\">Masterlyinactivity<\/a> propose des compte rendus de voyages cyclos au Mexique, Guatemala, P\u00e9rou&#8230; (anglais)<\/li>\n<\/ul>\n\n\n\n<h2 class=\"wp-block-heading\">&nbsp;Divers :<\/h2>\n\n\n\n<ul class=\"wp-block-list\">\n<li><a href=\"http:\/\/www.vtt.org\/\" target=\"_blank\" rel=\"noopener noreferrer\">VTTnet <\/a>: le grand site VTT de Roudou, Tom, et toute la bande<\/li>\n\n\n\n<li><a href=\"http:\/\/www.trentobike.org\/byauthor\/CarstenGregersen.html\" target=\"_blank\" rel=\"noopener noreferrer\">Virtual Alps<\/a> : les cols des Alpes fran\u00e7aises et \u00e9trang\u00e8res&nbsp; (anglais)<\/li>\n\n\n\n<li>Incontournable site d&rsquo;une personnalit\u00e9 du cyclisme : <a href=\"http:\/\/sheldonbrown.com\/home.html\" target=\"_blank\" rel=\"noopener noreferrer\">Sheldon Brown<\/a>. Ne manquez pas la <a href=\"http:\/\/sheldonbrown.com\/real-man.html\" target=\"_blank\" rel=\"noopener noreferrer\">selle pour les hommes, les vrais<\/a>&#8230;<\/li>\n\n\n\n<li>L\u2019<a href=\"http:\/\/lpe-asso.org\/notre-association\/\" target=\"_blank\" rel=\"noreferrer noopener\">association Ligne de Partage&nbsp;<\/a> a pour objet de d\u00e9velopper toutes activit\u00e9s en lien avec la ligne de partage des eaux entre l\u2019oc\u00e9an Atlantique et la mer M\u00e9diterran\u00e9e (dite \u00ab&nbsp;ligne A\/M&nbsp;\u00bb) qui traverse 9 pays,&nbsp;de la Tch\u00e9quie au Maroc.<br><a href=\"https:\/\/centcols.org\/association-ligne-de-partage-et-club-des-100-cols\/\" target=\"_blank\" rel=\"noopener noreferrer\">Voir aussi Association ligne de partage des eaux et Club des Cent Cols<\/a><\/li>\n<\/ul>\n\n\n\n<h3 class=\"wp-block-heading\">&nbsp;<\/h3>\n\n\n\n<hr class=\"wp-block-separator has-alpha-channel-opacity\"\/>\n\n\n\n<p>Un ajout, une modification ? Ecrivez aux Cent Cols : [email]i&#110;&#x66;&#x6f;&#64;&#99;&#101;&#x6e;&#x74;c&#111;&#x6c;&#x73;&#46;&#111;&#114;&#x67;[\/email]<\/p>\n","protected":false},"excerpt":{"rendered":"<p>Les sites de v\u00e9lo des membres du Club des Cent Cols Ils maintiennent un site Internet, pour eux m\u00eame ou pour leur club&#8230; Une m\u00eame passion : le v\u00e9lo ! Les listes de cols pr\u00e9sent\u00e9es sur ces sites n&rsquo;engagent que leurs auteurs.Le Club des Cent Cols ne cautionne aucune d&rsquo;entre elles.Le Club des Cent Cols [&hellip;]<\/p>\n","protected":false},"author":2,"featured_media":79320,"parent":0,"menu_order":0,"comment_status":"open","ping_status":"open","template":"","meta":{"_acf_changed":false,"footnotes":""},"class_list":["post-79319","page","type-page","status-publish","has-post-thumbnail","hentry"],"acf":[],"yoast_head":"<!-- This site is optimized with the Yoast SEO plugin v27.2 - https:\/\/yoast.com\/product\/yoast-seo-wordpress\/ -->\n<title>Liens amis - Club des Cent Cols<\/title>\n<meta name=\"robots\" content=\"index, follow, max-snippet:-1, max-image-preview:large, max-video-preview:-1\" \/>\n<link rel=\"canonical\" href=\"https:\/\/centcols.org\/en\/friendly-links\/\" \/>\n<meta property=\"og:locale\" content=\"en_GB\" \/>\n<meta property=\"og:type\" content=\"article\" \/>\n<meta property=\"og:title\" content=\"Liens amis - Club des Cent Cols\" \/>\n<meta property=\"og:description\" content=\"Les sites de v\u00e9lo des membres du Club des Cent Cols Ils maintiennent un site Internet, pour eux m\u00eame ou pour leur club&#8230; Une m\u00eame passion : le v\u00e9lo ! Les listes de cols pr\u00e9sent\u00e9es sur ces sites n&rsquo;engagent que leurs auteurs.Le Club des Cent Cols ne cautionne aucune d&rsquo;entre elles.Le Club des Cent Cols [&hellip;]\" \/>\n<meta property=\"og:url\" content=\"https:\/\/centcols.org\/en\/friendly-links\/\" \/>\n<meta property=\"og:site_name\" content=\"Club des Cent Cols\" \/>\n<meta property=\"article:publisher\" content=\"https:\/\/www.facebook.com\/groups\/5261880558\/?locale=fr_FR\" \/>\n<meta property=\"article:modified_time\" content=\"2025-08-11T06:10:39+00:00\" \/>\n<meta property=\"og:image\" content=\"https:\/\/centcols.org\/wp-content\/uploads\/2025\/02\/logoffv-1-e1591203012427-1.jpg\" \/>\n\t<meta property=\"og:image:width\" content=\"200\" \/>\n\t<meta property=\"og:image:height\" content=\"63\" \/>\n\t<meta property=\"og:image:type\" content=\"image\/jpeg\" \/>\n<meta name=\"twitter:card\" content=\"summary_large_image\" \/>\n<meta name=\"twitter:label1\" content=\"Estimated reading time\" \/>\n\t<meta name=\"twitter:data1\" content=\"5 minutes\" \/>\n<script type=\"application\/ld+json\" class=\"yoast-schema-graph\">{\"@context\":\"https:\/\/schema.org\",\"@graph\":[{\"@type\":\"WebPage\",\"@id\":\"https:\/\/centcols.org\/liens-amis\/\",\"url\":\"https:\/\/centcols.org\/liens-amis\/\",\"name\":\"Liens amis - Club des Cent Cols\",\"isPartOf\":{\"@id\":\"https:\/\/centcols.org\/#website\"},\"primaryImageOfPage\":{\"@id\":\"https:\/\/centcols.org\/liens-amis\/#primaryimage\"},\"image\":{\"@id\":\"https:\/\/centcols.org\/liens-amis\/#primaryimage\"},\"thumbnailUrl\":\"https:\/\/centcols.org\/wp-content\/uploads\/2025\/02\/logoffv-1-e1591203012427-1.jpg\",\"datePublished\":\"2025-02-05T08:00:16+00:00\",\"dateModified\":\"2025-08-11T06:10:39+00:00\",\"breadcrumb\":{\"@id\":\"https:\/\/centcols.org\/liens-amis\/#breadcrumb\"},\"inLanguage\":\"en-GB\",\"potentialAction\":[{\"@type\":\"ReadAction\",\"target\":[\"https:\/\/centcols.org\/liens-amis\/\"]}]},{\"@type\":\"ImageObject\",\"inLanguage\":\"en-GB\",\"@id\":\"https:\/\/centcols.org\/liens-amis\/#primaryimage\",\"url\":\"https:\/\/centcols.org\/wp-content\/uploads\/2025\/02\/logoffv-1-e1591203012427-1.jpg\",\"contentUrl\":\"https:\/\/centcols.org\/wp-content\/uploads\/2025\/02\/logoffv-1-e1591203012427-1.jpg\",\"width\":200,\"height\":63},{\"@type\":\"BreadcrumbList\",\"@id\":\"https:\/\/centcols.org\/liens-amis\/#breadcrumb\",\"itemListElement\":[{\"@type\":\"ListItem\",\"position\":1,\"name\":\"Accueil\",\"item\":\"https:\/\/centcols.org\/\"},{\"@type\":\"ListItem\",\"position\":2,\"name\":\"Liens amis\"}]},{\"@type\":\"WebSite\",\"@id\":\"https:\/\/centcols.org\/#website\",\"url\":\"https:\/\/centcols.org\/\",\"name\":\"Club des Cent Cols\",\"description\":\"\",\"publisher\":{\"@id\":\"https:\/\/centcols.org\/#organization\"},\"potentialAction\":[{\"@type\":\"SearchAction\",\"target\":{\"@type\":\"EntryPoint\",\"urlTemplate\":\"https:\/\/centcols.org\/?s={search_term_string}\"},\"query-input\":{\"@type\":\"PropertyValueSpecification\",\"valueRequired\":true,\"valueName\":\"search_term_string\"}}],\"inLanguage\":\"en-GB\"},{\"@type\":\"Organization\",\"@id\":\"https:\/\/centcols.org\/#organization\",\"name\":\"Club des Cent Cols\",\"url\":\"https:\/\/centcols.org\/\",\"logo\":{\"@type\":\"ImageObject\",\"inLanguage\":\"en-GB\",\"@id\":\"https:\/\/centcols.org\/#\/schema\/logo\/image\/\",\"url\":\"https:\/\/centcols.org\/wp-content\/uploads\/2025\/01\/carte-icone.png\",\"contentUrl\":\"https:\/\/centcols.org\/wp-content\/uploads\/2025\/01\/carte-icone.png\",\"width\":250,\"height\":250,\"caption\":\"Club des Cent Cols\"},\"image\":{\"@id\":\"https:\/\/centcols.org\/#\/schema\/logo\/image\/\"},\"sameAs\":[\"https:\/\/www.facebook.com\/groups\/5261880558\/?locale=fr_FR\"]}]}<\/script>\n<!-- \/ Yoast SEO plugin. -->","yoast_head_json":{"title":"Friends links - Club des Cent Cols","robots":{"index":"index","follow":"follow","max-snippet":"max-snippet:-1","max-image-preview":"max-image-preview:large","max-video-preview":"max-video-preview:-1"},"canonical":"https:\/\/centcols.org\/en\/friendly-links\/","og_locale":"en_GB","og_type":"article","og_title":"Liens amis - Club des Cent Cols","og_description":"Les sites de v\u00e9lo des membres du Club des Cent Cols Ils maintiennent un site Internet, pour eux m\u00eame ou pour leur club&#8230; Une m\u00eame passion : le v\u00e9lo ! Les listes de cols pr\u00e9sent\u00e9es sur ces sites n&rsquo;engagent que leurs auteurs.Le Club des Cent Cols ne cautionne aucune d&rsquo;entre elles.Le Club des Cent Cols [&hellip;]","og_url":"https:\/\/centcols.org\/en\/friendly-links\/","og_site_name":"Club des Cent Cols","article_publisher":"https:\/\/www.facebook.com\/groups\/5261880558\/?locale=fr_FR","article_modified_time":"2025-08-11T06:10:39+00:00","og_image":[{"width":200,"height":63,"url":"https:\/\/centcols.org\/wp-content\/uploads\/2025\/02\/logoffv-1-e1591203012427-1.jpg","type":"image\/jpeg"}],"twitter_card":"summary_large_image","twitter_misc":{"Estimated reading time":"5 minutes"},"schema":{"@context":"https:\/\/schema.org","@graph":[{"@type":"WebPage","@id":"https:\/\/centcols.org\/liens-amis\/","url":"https:\/\/centcols.org\/liens-amis\/","name":"Friends links - Club des Cent Cols","isPartOf":{"@id":"https:\/\/centcols.org\/#website"},"primaryImageOfPage":{"@id":"https:\/\/centcols.org\/liens-amis\/#primaryimage"},"image":{"@id":"https:\/\/centcols.org\/liens-amis\/#primaryimage"},"thumbnailUrl":"https:\/\/centcols.org\/wp-content\/uploads\/2025\/02\/logoffv-1-e1591203012427-1.jpg","datePublished":"2025-02-05T08:00:16+00:00","dateModified":"2025-08-11T06:10:39+00:00","breadcrumb":{"@id":"https:\/\/centcols.org\/liens-amis\/#breadcrumb"},"inLanguage":"en-GB","potentialAction":[{"@type":"ReadAction","target":["https:\/\/centcols.org\/liens-amis\/"]}]},{"@type":"ImageObject","inLanguage":"en-GB","@id":"https:\/\/centcols.org\/liens-amis\/#primaryimage","url":"https:\/\/centcols.org\/wp-content\/uploads\/2025\/02\/logoffv-1-e1591203012427-1.jpg","contentUrl":"https:\/\/centcols.org\/wp-content\/uploads\/2025\/02\/logoffv-1-e1591203012427-1.jpg","width":200,"height":63},{"@type":"BreadcrumbList","@id":"https:\/\/centcols.org\/liens-amis\/#breadcrumb","itemListElement":[{"@type":"ListItem","position":1,"name":"Accueil","item":"https:\/\/centcols.org\/"},{"@type":"ListItem","position":2,"name":"Liens amis"}]},{"@type":"WebSite","@id":"https:\/\/centcols.org\/#website","url":"https:\/\/centcols.org\/","name":"Club des Cent Cols","description":"","publisher":{"@id":"https:\/\/centcols.org\/#organization"},"potentialAction":[{"@type":"SearchAction","target":{"@type":"EntryPoint","urlTemplate":"https:\/\/centcols.org\/?s={search_term_string}"},"query-input":{"@type":"PropertyValueSpecification","valueRequired":true,"valueName":"search_term_string"}}],"inLanguage":"en-GB"},{"@type":"Organization","@id":"https:\/\/centcols.org\/#organization","name":"Club des Cent Cols","url":"https:\/\/centcols.org\/","logo":{"@type":"ImageObject","inLanguage":"en-GB","@id":"https:\/\/centcols.org\/#\/schema\/logo\/image\/","url":"https:\/\/centcols.org\/wp-content\/uploads\/2025\/01\/carte-icone.png","contentUrl":"https:\/\/centcols.org\/wp-content\/uploads\/2025\/01\/carte-icone.png","width":250,"height":250,"caption":"Club des Cent Cols"},"image":{"@id":"https:\/\/centcols.org\/#\/schema\/logo\/image\/"},"sameAs":["https:\/\/www.facebook.com\/groups\/5261880558\/?locale=fr_FR"]}]}},"_links":{"self":[{"href":"https:\/\/centcols.org\/en\/wp-json\/wp\/v2\/pages\/79319","targetHints":{"allow":["GET"]}}],"collection":[{"href":"https:\/\/centcols.org\/en\/wp-json\/wp\/v2\/pages"}],"about":[{"href":"https:\/\/centcols.org\/en\/wp-json\/wp\/v2\/types\/page"}],"author":[{"embeddable":true,"href":"https:\/\/centcols.org\/en\/wp-json\/wp\/v2\/users\/2"}],"replies":[{"embeddable":true,"href":"https:\/\/centcols.org\/en\/wp-json\/wp\/v2\/comments?post=79319"}],"version-history":[{"count":0,"href":"https:\/\/centcols.org\/en\/wp-json\/wp\/v2\/pages\/79319\/revisions"}],"wp:featuredmedia":[{"embeddable":true,"href":"https:\/\/centcols.org\/en\/wp-json\/wp\/v2\/media\/79320"}],"wp:attachment":[{"href":"https:\/\/centcols.org\/en\/wp-json\/wp\/v2\/media?parent=79319"}],"curies":[{"name":"wp","href":"https:\/\/api.w.org\/{rel}","templated":true}]}}