{"id":79323,"date":"2025-02-05T10:00:16","date_gmt":"2025-02-05T08:00:16","guid":{"rendered":"https:\/\/centcols.org\/boite-a-outils\/"},"modified":"2025-09-12T06:44:07","modified_gmt":"2025-09-12T04:44:07","slug":"barter-tips","status":"publish","type":"page","link":"https:\/\/centcols.org\/en\/trucs-trocs\/","title":{"rendered":"Trade &amp; Barter"},"content":{"rendered":"<div style=\"height:69px\" aria-hidden=\"true\" class=\"wp-block-spacer\"><\/div>\n\n\n\n<div class=\"wp-block-columns is-layout-flex wp-container-core-columns-is-layout-9d6595d7 wp-block-columns-is-layout-flex\">\n<div class=\"wp-block-column is-layout-flow wp-block-column-is-layout-flow\">\n<h2 class=\"wp-block-heading has-x-large-font-size\">Toolboxes<\/h2>\n\n\n\n<h3 class=\"wp-block-heading\">Photos<\/h3>\n\n\n\n<ul class=\"wp-block-list\">\n<li><a href=\"\/en\/photos-de-membres\/\">Instructions for sending members' photos<\/a><\/li>\n\n\n\n<li><a href=\"https:\/\/centcols.org\/en\/pass-photos\/\" rel=\"noopener\">Instructions for sending photos of collars<\/a><\/li>\n<\/ul>\n\n\n\n<h3 class=\"wp-block-heading\">Instructions for use<\/h3>\n\n\n\n<ul class=\"wp-block-list\">\n<li><a href=\"\/en\/password-members-section\/\">Obtain a password to access the members section<\/a><\/li>\n\n\n\n<li><a href=\"\/en\/ccway-user-guide\/\">ccWay user guide<\/a><\/li>\n\n\n\n<li><a href=\"\/Videos\/ballens2021.mp4\">Pass database, online declaration and patents (video)<\/a><\/li>\n\n\n\n<li>For online pass declarations: a <a href=\"\/en\/collar-declaration-tutorial\/\">short tutorial<\/a> and <a href=\"\/en\/declaration-en-ligne\/\">detailed instructions<\/a><\/li>\n\n\n\n<li>And also: <a href=\"\/en\/the-double-declaration-of-collars\/\">how to avoid or correct \"double declaration\" of collars<\/a><\/li>\n\n\n\n<li>File user guides <a href=\"\/en\/guide-to-using-gpx-files\/\">GPX<\/a>, <a href=\"\/en\/guide-to-using-kml-and-kmz-files\/\">KMZ<\/a> and <a href=\"\/en\/carto-exploreur-file-user-guide\/\">Carto Exploreur<\/a><\/li>\n\n\n\n<li><a href=\"\/en\/exporting-climbed-passes-to-an-openrunner-account\/\">Exporting climbed passes to an OpenRunner account<\/a><\/li>\n\n\n\n<li><a href=\"\/en\/orange-mailboxes-prevent-hundred-collar-messages-from-going-astray\/\">Orange messaging: prevent Cent Cols messages from going to junk mail<\/a><\/li>\n<\/ul>\n\n\n\n<h3 class=\"wp-block-heading\">Collar catalogues and updates<\/h3>\n\n\n\n<ul class=\"wp-block-list\">\n<li><a href=\"\/en\/collar-catalogue-filtering-options\/\">Passes catalogue filtering options<\/a><\/li>\n\n\n\n<li><a href=\"\/en\/catalogue-update-tool\/\">Custom catalogue update tool<\/a> (Christophe Aug\u00e9)<\/li>\n\n\n\n<li><a href=\"\/en\/resolving-link-problems-in-office\/\">Solving link problems in Office<\/a><\/li>\n<\/ul>\n\n\n\n<h3 class=\"wp-block-heading\">Maps and GPS<\/h3>\n\n\n\n<ul class=\"wp-block-list\">\n<li><a href=\"https:\/\/centcols.org\/en\/layers-for-your-gps-marcel-goll\/\">Layers for your GPS<\/a> (Marcell Goll)<\/li>\n\n\n\n<li><a href=\"https:\/\/centcols.org\/en\/gestion-des-points-dinteret\/\">Managing personalised points of interest (POIs) on Garmin GPS devices<\/a> (Bernard Lepin and Marcel Goll)<\/li>\n\n\n\n<li><a href=\"\/en\/creating-a-route-with-garmin-connect-software\/\">Creating a route with Garmin Connect software<\/a> (Olivier Letoublon)<\/li>\n\n\n\n<li><a href=\"\/en\/utm-coordinates\/\">UTM coordinates guide<\/a> (Patrick Schleppi)<\/li>\n<\/ul>\n\n\n\n<h3 class=\"wp-block-heading\">Lexicons<\/h3>\n\n\n\n<ul class=\"wp-block-list\">\n<li><a href=\"https:\/\/centcols.org\/libre_service\/dialecte_alsacien.htm\">Alsatian dialect<\/a> (Michel De Br\u00e9bisson)<\/li>\n\n\n\n<li><a href=\"http:\/\/www.sheldonbrown.com\/fren-eng.html\">The French\/English dictionary of cycling terms<\/a> (english)<\/li>\n<\/ul>\n\n\n\n<h3 class=\"wp-block-heading\">Various<\/h3>\n\n\n\n<ul class=\"wp-block-list\">\n<li><a href=\"https:\/\/centcols.org\/wp-content\/uploads\/2025\/02\/dossier-grimpees-france-1.pdf\" target=\"_blank\" rel=\"noreferrer noopener\">Climbing file - France<\/a> (PDF 2.5 MB) (Guy Bodoin)<\/li>\n<\/ul>\n<\/div>\n\n\n\n<div class=\"wp-block-column is-layout-flow wp-block-column-is-layout-flow\">\n<h2 class=\"wp-block-heading has-x-large-font-size\">Useful links<\/h2>\n\n\n\n<h3 class=\"wp-block-heading\">Regulations :<\/h3>\n\n\n\n<ul class=\"wp-block-list\">\n<li><a href=\"https:\/\/www.mercantour-parcnational.fr\/fr\/raa\/2020-05-pratique-du-velo-tout-terrain-dans-le-coeur-du-parc-national\" target=\"_blank\" rel=\"noreferrer noopener\">Mountain bike regulations in the Mercantour Park<\/a><\/li>\n\n\n\n<li><a href=\"https:\/\/www.vanoise-parcnational.fr\/sites\/vanoise-parcnational.fr\/files\/available_docs\/reglementation_cycles_en_coeur_-_2022.pdf\" target=\"_blank\" rel=\"noreferrer noopener\">Cycle traffic regulations in the Vanoise National Park<\/a><\/li>\n\n\n\n<li><a href=\"https:\/\/cevennes-parcnational.fr\/sites\/cevennes-parcnational.fr\/files\/2023-08\/2023-06-30_DEL-20230099_Reglementation-portions-interdites-d%C3%A9conseill%C3%A9es-VTT-VAE.pdf\" target=\"_blank\" rel=\"noreferrer noopener\">Mountain biking regulations in the C\u00e9vennes National Park<\/a><\/li>\n<\/ul>\n\n\n\n<h3 class=\"wp-block-heading\">Tracing circuits for gps :<\/h3>\n\n\n\n<ul class=\"wp-block-list\">\n<li><a href=\"https:\/\/www.openrunner.com\" target=\"_blank\" rel=\"noreferrer noopener\">Openrunner<\/a> The Club des Cent Cols has entered into a partnership. When you plot your routes, you can display the passes on the map and soon you'll be able to tick off the passes you've climbed. A Cent Cols space will allow you to upload or download \"electronic topos\" stamped \"Cent Cols\".<\/li>\n<\/ul>\n\n\n\n<h3 class=\"wp-block-heading\">&nbsp;View maps online<\/h3>\n\n\n\n<ul class=\"wp-block-list\">\n<li><a href=\"http:\/\/www.geoportail.gouv.fr\/accueil\" target=\"_blank\" rel=\"noreferrer noopener\">Geoportail<\/a> IGN website. View maps at different scales, cadastral maps, aerial views, etc.<\/li>\n\n\n\n<li><a href=\"http:\/\/map.geo.admin.ch\/?\" target=\"_blank\" rel=\"noreferrer noopener\">SWISSGEO<\/a> Swiss maps at different scales (French, German, Italian, English)<\/li>\n\n\n\n<li><a href=\"http:\/\/www.austrianmap.at\/amap\/index.php?SKN=1&amp;XPX=637&amp;YPX=492\" target=\"_blank\" rel=\"noreferrer noopener\">Viewing maps <\/a><a href=\"https:\/\/maps.bev.gv.at\" target=\"_blank\" rel=\"noreferrer noopener\">Austrian <\/a><a href=\"http:\/\/www.austrianmap.at\/amap\/index.php?SKN=1&amp;XPX=637&amp;YPX=492\" target=\"_blank\" rel=\"noreferrer noopener\">online<\/a> (German)<\/li>\n\n\n\n<li><a href=\"http:\/\/geoportal.bayern.de\/bayernatlas\/?X=5421649.25&amp;Y=4459462.00&amp;zoom=5&amp;lang=de&amp;topic=ba&amp;bgLayer=atkis&amp;catalogNodes=122\" target=\"_blank\" rel=\"noreferrer noopener\">View maps of Bavaria online<\/a> (German)<\/li>\n\n\n\n<li><a href=\"http:\/\/www.bing.com\/maps\/?FORM=MMREDR\" target=\"_blank\" rel=\"noreferrer noopener\">View English maps online<\/a> (1:25,000 scale<sup>e<\/sup> proposes Ordnance Survey Landranger)<\/li>\n\n\n\n<li><a href=\"http:\/\/srv.icgc.cat\/vissir3\/\" target=\"_blank\" rel=\"noreferrer noopener\">View maps of Catalonia online<\/a><\/li>\n\n\n\n<li><a href=\"http:\/\/www.topozone.com\/\" target=\"_blank\" rel=\"noreferrer noopener\">Topozone<\/a> allows you to view USGS topographic maps at different scales; several search criteria can be used (in this example the Lewis &amp; Clark Pass is displayed)<\/li>\n<\/ul>\n\n\n\n<h3 class=\"wp-block-heading\">Journeys<\/h3>\n\n\n\n<ul class=\"wp-block-list\">\n<li><a href=\"https:\/\/fr.warmshowers.org\/\" target=\"_blank\" rel=\"noreferrer noopener\">Warmshowers<\/a> : the community <strong>Warm Showers<\/strong> is a free accommodation exchange system for touring cyclists around the world.<\/li>\n<\/ul>\n\n\n\n<h4 class=\"wp-block-heading\">Spain<\/h4>\n\n\n\n<ul class=\"wp-block-list\">\n<li><a href=\"http:\/\/www.nevasport.com\/sierranevada\/bici\/\" target=\"_blank\" rel=\"noreferrer noopener\">The Sierra Nevada<\/a> Mountain bike routes, mountain huts... (Spanish)<\/li>\n\n\n\n<li><a href=\"https:\/\/centcols.org\/libre_service\/divers\/TENERIFE.HTM\" target=\"_blank\" rel=\"noreferrer noopener\">Tenerife<\/a> (Christian Febvay)<\/li>\n<\/ul>\n\n\n\n<h4 class=\"wp-block-heading\">Italy<\/h4>\n\n\n\n<ul class=\"wp-block-list\">\n<li><a href=\"http:\/\/peverada.it\/mtb\/percorsi\/index.html\" target=\"_blank\" rel=\"noreferrer noopener\">Mountain Bike in Piemonte<\/a> very well done, contains lots of routes with descriptions, profiles and photos (Italian)<\/li>\n<\/ul>\n\n\n\n<h4 class=\"wp-block-heading\">Switzerland<\/h4>\n\n\n\n<ul class=\"wp-block-list\">\n<li><a href=\"http:\/\/www.myswitzerland.com\/fr-fr\/accueil.html\" target=\"_blank\" rel=\"noreferrer noopener\">MySwitzerland.com<\/a>the generalist site, offers many interesting routes with itineraries, gradients and difficulties, and even \"waypoints\".<\/li>\n<\/ul>\n\n\n\n<h4 class=\"wp-block-heading\">&nbsp;United States<\/h4>\n\n\n\n<ul class=\"wp-block-list\">\n<li><a href=\"https:\/\/centcols.org\/libre_service\/divers\/montee_des_usa.htm\" target=\"_blank\" rel=\"noreferrer noopener\">List of the most beautiful climbs in the USA<\/a> (Francis Cooke)<\/li>\n<\/ul>\n\n\n\n<h3 class=\"wp-block-heading\">Bookshop<\/h3>\n\n\n\n<ul class=\"wp-block-list\">\n<li><a href=\"https:\/\/centcols.org\/libre_service\/divers\/ou_acheter_cartes_internet.htm\">Where to buy cards online<\/a> (Bernard Pommel)<\/li>\n\n\n\n<li><a href=\"https:\/\/centcols.org\/libre_service\/divers\/librairies_specialisees.htm\">Specialist bookshops<\/a> (Bernard Pommel)<\/li>\n\n\n\n<li><a href=\"http:\/\/www.prames.com\/homepage.asp\" target=\"_blank\" rel=\"noreferrer noopener\">Aragon : PRAMES<\/a> (Proyectos y Realizaciones Aragonesas de Montana, Escalada y Senderismo), an offshoot of the Aragonese Mountain Federation, publishes hiking maps, mainly for the mountainous areas of Aragon (Spanish).<\/li>\n<\/ul>\n<\/div>\n<\/div>","protected":false},"excerpt":{"rendered":"<p>Toolboxes Photos Computer manuals Pass catalogues and updates Maps and GPS Lexicon Miscellaneous Useful links Regulations: Tracing routes for GPS: Viewing maps online Routes, trips Spain Italy Switzerland United States Bookshop<\/p>","protected":false},"author":2,"featured_media":0,"parent":0,"menu_order":0,"comment_status":"open","ping_status":"closed","template":"","meta":{"_acf_changed":false,"footnotes":""},"class_list":["post-79323","page","type-page","status-publish","hentry"],"acf":[],"yoast_head":"<!-- This site is optimized with the Yoast SEO plugin v27.2 - https:\/\/yoast.com\/product\/yoast-seo-wordpress\/ -->\n<title>Trucs &amp; Trocs - Club des Cent Cols<\/title>\n<meta name=\"robots\" content=\"index, follow, max-snippet:-1, max-image-preview:large, max-video-preview:-1\" \/>\n<link rel=\"canonical\" href=\"https:\/\/centcols.org\/en\/barter-tips\/\" \/>\n<meta property=\"og:locale\" content=\"en_GB\" \/>\n<meta property=\"og:type\" content=\"article\" \/>\n<meta property=\"og:title\" content=\"Trucs &amp; Trocs - Club des Cent Cols\" \/>\n<meta property=\"og:description\" content=\"Bo\u00eetes \u00e0 outils Photos Modes d&#8217;emploi informatiques Catalogues de cols et mises \u00e0 jour Cartes et GPS Lexiques Divers Liens utiles R\u00e8glementation : Tra\u00e7age de circuits pour gps : &nbsp;Visualisation de cartes en ligne Parcours, voyages Espagne Italie Suisse &nbsp;Etats-Unis Librairie\" \/>\n<meta property=\"og:url\" content=\"https:\/\/centcols.org\/en\/barter-tips\/\" \/>\n<meta property=\"og:site_name\" content=\"Club des Cent Cols\" \/>\n<meta property=\"article:publisher\" content=\"https:\/\/www.facebook.com\/groups\/5261880558\/?locale=fr_FR\" \/>\n<meta property=\"article:modified_time\" content=\"2025-09-12T04:44:07+00:00\" \/>\n<meta name=\"twitter:card\" content=\"summary_large_image\" \/>\n<meta name=\"twitter:label1\" content=\"Estimated reading time\" \/>\n\t<meta name=\"twitter:data1\" content=\"3 minutes\" \/>\n<script type=\"application\/ld+json\" class=\"yoast-schema-graph\">{\"@context\":\"https:\/\/schema.org\",\"@graph\":[{\"@type\":\"WebPage\",\"@id\":\"https:\/\/centcols.org\/trucs-trocs\/\",\"url\":\"https:\/\/centcols.org\/trucs-trocs\/\",\"name\":\"Trucs &amp; Trocs - Club des Cent Cols\",\"isPartOf\":{\"@id\":\"https:\/\/centcols.org\/#website\"},\"datePublished\":\"2025-02-05T08:00:16+00:00\",\"dateModified\":\"2025-09-12T04:44:07+00:00\",\"breadcrumb\":{\"@id\":\"https:\/\/centcols.org\/trucs-trocs\/#breadcrumb\"},\"inLanguage\":\"en-GB\",\"potentialAction\":[{\"@type\":\"ReadAction\",\"target\":[\"https:\/\/centcols.org\/trucs-trocs\/\"]}]},{\"@type\":\"BreadcrumbList\",\"@id\":\"https:\/\/centcols.org\/trucs-trocs\/#breadcrumb\",\"itemListElement\":[{\"@type\":\"ListItem\",\"position\":1,\"name\":\"Accueil\",\"item\":\"https:\/\/centcols.org\/\"},{\"@type\":\"ListItem\",\"position\":2,\"name\":\"Trucs &amp; Trocs\"}]},{\"@type\":\"WebSite\",\"@id\":\"https:\/\/centcols.org\/#website\",\"url\":\"https:\/\/centcols.org\/\",\"name\":\"Club des Cent Cols\",\"description\":\"\",\"publisher\":{\"@id\":\"https:\/\/centcols.org\/#organization\"},\"potentialAction\":[{\"@type\":\"SearchAction\",\"target\":{\"@type\":\"EntryPoint\",\"urlTemplate\":\"https:\/\/centcols.org\/?s={search_term_string}\"},\"query-input\":{\"@type\":\"PropertyValueSpecification\",\"valueRequired\":true,\"valueName\":\"search_term_string\"}}],\"inLanguage\":\"en-GB\"},{\"@type\":\"Organization\",\"@id\":\"https:\/\/centcols.org\/#organization\",\"name\":\"Club des Cent Cols\",\"url\":\"https:\/\/centcols.org\/\",\"logo\":{\"@type\":\"ImageObject\",\"inLanguage\":\"en-GB\",\"@id\":\"https:\/\/centcols.org\/#\/schema\/logo\/image\/\",\"url\":\"https:\/\/centcols.org\/wp-content\/uploads\/2025\/01\/carte-icone.png\",\"contentUrl\":\"https:\/\/centcols.org\/wp-content\/uploads\/2025\/01\/carte-icone.png\",\"width\":250,\"height\":250,\"caption\":\"Club des Cent Cols\"},\"image\":{\"@id\":\"https:\/\/centcols.org\/#\/schema\/logo\/image\/\"},\"sameAs\":[\"https:\/\/www.facebook.com\/groups\/5261880558\/?locale=fr_FR\"]}]}<\/script>\n<!-- \/ Yoast SEO plugin. -->","yoast_head_json":{"title":"Trucs &amp; Trocs - Club des Cent Cols","robots":{"index":"index","follow":"follow","max-snippet":"max-snippet:-1","max-image-preview":"max-image-preview:large","max-video-preview":"max-video-preview:-1"},"canonical":"https:\/\/centcols.org\/en\/barter-tips\/","og_locale":"en_GB","og_type":"article","og_title":"Trucs &amp; Trocs - Club des Cent Cols","og_description":"Bo\u00eetes \u00e0 outils Photos Modes d&#8217;emploi informatiques Catalogues de cols et mises \u00e0 jour Cartes et GPS Lexiques Divers Liens utiles R\u00e8glementation : Tra\u00e7age de circuits pour gps : &nbsp;Visualisation de cartes en ligne Parcours, voyages Espagne Italie Suisse &nbsp;Etats-Unis Librairie","og_url":"https:\/\/centcols.org\/en\/barter-tips\/","og_site_name":"Club des Cent Cols","article_publisher":"https:\/\/www.facebook.com\/groups\/5261880558\/?locale=fr_FR","article_modified_time":"2025-09-12T04:44:07+00:00","twitter_card":"summary_large_image","twitter_misc":{"Estimated reading time":"3 minutes"},"schema":{"@context":"https:\/\/schema.org","@graph":[{"@type":"WebPage","@id":"https:\/\/centcols.org\/trucs-trocs\/","url":"https:\/\/centcols.org\/trucs-trocs\/","name":"Trucs &amp; Trocs - Club des Cent Cols","isPartOf":{"@id":"https:\/\/centcols.org\/#website"},"datePublished":"2025-02-05T08:00:16+00:00","dateModified":"2025-09-12T04:44:07+00:00","breadcrumb":{"@id":"https:\/\/centcols.org\/trucs-trocs\/#breadcrumb"},"inLanguage":"en-GB","potentialAction":[{"@type":"ReadAction","target":["https:\/\/centcols.org\/trucs-trocs\/"]}]},{"@type":"BreadcrumbList","@id":"https:\/\/centcols.org\/trucs-trocs\/#breadcrumb","itemListElement":[{"@type":"ListItem","position":1,"name":"Accueil","item":"https:\/\/centcols.org\/"},{"@type":"ListItem","position":2,"name":"Trucs &amp; Trocs"}]},{"@type":"WebSite","@id":"https:\/\/centcols.org\/#website","url":"https:\/\/centcols.org\/","name":"Club des Cent Cols","description":"","publisher":{"@id":"https:\/\/centcols.org\/#organization"},"potentialAction":[{"@type":"SearchAction","target":{"@type":"EntryPoint","urlTemplate":"https:\/\/centcols.org\/?s={search_term_string}"},"query-input":{"@type":"PropertyValueSpecification","valueRequired":true,"valueName":"search_term_string"}}],"inLanguage":"en-GB"},{"@type":"Organization","@id":"https:\/\/centcols.org\/#organization","name":"Club des Cent Cols","url":"https:\/\/centcols.org\/","logo":{"@type":"ImageObject","inLanguage":"en-GB","@id":"https:\/\/centcols.org\/#\/schema\/logo\/image\/","url":"https:\/\/centcols.org\/wp-content\/uploads\/2025\/01\/carte-icone.png","contentUrl":"https:\/\/centcols.org\/wp-content\/uploads\/2025\/01\/carte-icone.png","width":250,"height":250,"caption":"Club des Cent Cols"},"image":{"@id":"https:\/\/centcols.org\/#\/schema\/logo\/image\/"},"sameAs":["https:\/\/www.facebook.com\/groups\/5261880558\/?locale=fr_FR"]}]}},"_links":{"self":[{"href":"https:\/\/centcols.org\/en\/wp-json\/wp\/v2\/pages\/79323","targetHints":{"allow":["GET"]}}],"collection":[{"href":"https:\/\/centcols.org\/en\/wp-json\/wp\/v2\/pages"}],"about":[{"href":"https:\/\/centcols.org\/en\/wp-json\/wp\/v2\/types\/page"}],"author":[{"embeddable":true,"href":"https:\/\/centcols.org\/en\/wp-json\/wp\/v2\/users\/2"}],"replies":[{"embeddable":true,"href":"https:\/\/centcols.org\/en\/wp-json\/wp\/v2\/comments?post=79323"}],"version-history":[{"count":0,"href":"https:\/\/centcols.org\/en\/wp-json\/wp\/v2\/pages\/79323\/revisions"}],"wp:attachment":[{"href":"https:\/\/centcols.org\/en\/wp-json\/wp\/v2\/media?parent=79323"}],"curies":[{"name":"wp","href":"https:\/\/api.w.org\/{rel}","templated":true}]}}