{"id":79344,"date":"2025-02-05T10:00:16","date_gmt":"2025-02-05T08:00:16","guid":{"rendered":"https:\/\/centcols.org\/flux-rss\/"},"modified":"2025-02-05T10:00:16","modified_gmt":"2025-02-05T08:00:16","slug":"rss-feed","status":"publish","type":"page","link":"https:\/\/centcols.org\/en\/flux-rss\/","title":{"rendered":"RSS feed"},"content":{"rendered":"<p>A <em>RSS feed<\/em> (RSS stands for Really Simple Syndication) is a feed that allows subscribers to automatically retrieve part (title or extract) or all of a newly created article. The <em>RSS feed <\/em>allow you to keep up to date with a site without having to visit it. RSS files can be read by most recent web browsers, by specialised web applications or even by email software installed on your computer.<\/p>\n<p>RSS feeds can also be used to create automatic links between sites.<\/p>\n<p><strong>By subscribing, you will be informed automatically and in real time of the latest updates to the site.<\/strong><\/p>\n<h2>Subscribing in email software<\/h2>\n<p>Copy the url below to subscribe to the RSS feed in your email software:<\/p>\n<p>https:\/\/centcols.org\/feed\/<\/p>\n<p><a href=\"https:\/\/centcols.org\/en\/configurer-messagerie-pour-flux-rss\/\" target=\"_blank\" rel=\"noopener noreferrer\">click here to see the detailed documentation<\/a><\/p>\n<h2>Subscribe in a browser<\/h2>\n<p>Most browsers no longer offer the RSS function by default. So you need to start by installing an extension. Open \"extensions\" or \"add-ons\" or something similar in your browser menu and look for \"rss\". Which extensions exist depends on the browser (Firefox, Chrome, Edge, Safari, Opera, etc.) and changes over time. That's why we can't give you more specific advice here. So do your own research into the current extensions for your favourite browser. After installation, click on the link below to subscribe:<\/p>\n<p><a href=\"https:\/\/centcols.org\/en\/feed\/\" target=\"_blank\" rel=\"noopener noreferrer\">https:\/\/centcols.org\/feed\/<\/a><\/p>\n<h2>Subscribing with specific software<\/h2>\n<p>If your e-mail program does not offer the option of subscribing to an RSS feed, try a program specifically designed for this function. We recommend doing an internet search for \"rss reader for ...\", replacing the ellipsis with your operating system (\"linux\", \"windows\", \"mac os\", \"android\"...).<\/p>\n<p>&nbsp;<\/p>","protected":false},"excerpt":{"rendered":"<p>Un flux RSS (RSS est le sigle pour Really Simple Syndication) est un flux\u00a0 permettant \u00e0 ses abonn\u00e9s de r\u00e9cup\u00e9rer automatiquement une partie (titre ou extrait) ou la totalit\u00e9 d\u2019un article nouvellement cr\u00e9\u00e9. Les flux RSS permettent de suivre l&rsquo;actualit\u00e9 d&rsquo;un site sans \u00eatre oblig\u00e9 de le visiter. Le fichier RSS a la possibilit\u00e9 d&rsquo;\u00eatre [&hellip;]<\/p>\n","protected":false},"author":2,"featured_media":0,"parent":0,"menu_order":0,"comment_status":"open","ping_status":"open","template":"","meta":{"_acf_changed":false,"footnotes":""},"class_list":["post-79344","page","type-page","status-publish","hentry"],"acf":[],"yoast_head":"<!-- This site is optimized with the Yoast SEO plugin v27.2 - https:\/\/yoast.com\/product\/yoast-seo-wordpress\/ -->\n<title>Flux RSS - Club des Cent Cols<\/title>\n<meta name=\"robots\" content=\"index, follow, max-snippet:-1, max-image-preview:large, max-video-preview:-1\" \/>\n<link rel=\"canonical\" href=\"https:\/\/centcols.org\/en\/rss-feed\/\" \/>\n<meta property=\"og:locale\" content=\"en_GB\" \/>\n<meta property=\"og:type\" content=\"article\" \/>\n<meta property=\"og:title\" content=\"Flux RSS - Club des Cent Cols\" \/>\n<meta property=\"og:description\" content=\"Un flux RSS (RSS est le sigle pour Really Simple Syndication) est un flux\u00a0 permettant \u00e0 ses abonn\u00e9s de r\u00e9cup\u00e9rer automatiquement une partie (titre ou extrait) ou la totalit\u00e9 d\u2019un article nouvellement cr\u00e9\u00e9. Les flux RSS permettent de suivre l&rsquo;actualit\u00e9 d&rsquo;un site sans \u00eatre oblig\u00e9 de le visiter. Le fichier RSS a la possibilit\u00e9 d&rsquo;\u00eatre [&hellip;]\" \/>\n<meta property=\"og:url\" content=\"https:\/\/centcols.org\/en\/rss-feed\/\" \/>\n<meta property=\"og:site_name\" content=\"Club des Cent Cols\" \/>\n<meta property=\"article:publisher\" content=\"https:\/\/www.facebook.com\/groups\/5261880558\/?locale=fr_FR\" \/>\n<meta name=\"twitter:card\" content=\"summary_large_image\" \/>\n<meta name=\"twitter:label1\" content=\"Estimated reading time\" \/>\n\t<meta name=\"twitter:data1\" content=\"2 minutes\" \/>\n<script type=\"application\/ld+json\" class=\"yoast-schema-graph\">{\"@context\":\"https:\/\/schema.org\",\"@graph\":[{\"@type\":\"WebPage\",\"@id\":\"https:\/\/centcols.org\/flux-rss\/\",\"url\":\"https:\/\/centcols.org\/flux-rss\/\",\"name\":\"Flux RSS - Club des Cent Cols\",\"isPartOf\":{\"@id\":\"https:\/\/centcols.org\/#website\"},\"datePublished\":\"2025-02-05T08:00:16+00:00\",\"breadcrumb\":{\"@id\":\"https:\/\/centcols.org\/flux-rss\/#breadcrumb\"},\"inLanguage\":\"en-GB\",\"potentialAction\":[{\"@type\":\"ReadAction\",\"target\":[\"https:\/\/centcols.org\/flux-rss\/\"]}]},{\"@type\":\"BreadcrumbList\",\"@id\":\"https:\/\/centcols.org\/flux-rss\/#breadcrumb\",\"itemListElement\":[{\"@type\":\"ListItem\",\"position\":1,\"name\":\"Accueil\",\"item\":\"https:\/\/centcols.org\/\"},{\"@type\":\"ListItem\",\"position\":2,\"name\":\"Flux RSS\"}]},{\"@type\":\"WebSite\",\"@id\":\"https:\/\/centcols.org\/#website\",\"url\":\"https:\/\/centcols.org\/\",\"name\":\"Club des Cent Cols\",\"description\":\"\",\"publisher\":{\"@id\":\"https:\/\/centcols.org\/#organization\"},\"potentialAction\":[{\"@type\":\"SearchAction\",\"target\":{\"@type\":\"EntryPoint\",\"urlTemplate\":\"https:\/\/centcols.org\/?s={search_term_string}\"},\"query-input\":{\"@type\":\"PropertyValueSpecification\",\"valueRequired\":true,\"valueName\":\"search_term_string\"}}],\"inLanguage\":\"en-GB\"},{\"@type\":\"Organization\",\"@id\":\"https:\/\/centcols.org\/#organization\",\"name\":\"Club des Cent Cols\",\"url\":\"https:\/\/centcols.org\/\",\"logo\":{\"@type\":\"ImageObject\",\"inLanguage\":\"en-GB\",\"@id\":\"https:\/\/centcols.org\/#\/schema\/logo\/image\/\",\"url\":\"https:\/\/centcols.org\/wp-content\/uploads\/2025\/01\/carte-icone.png\",\"contentUrl\":\"https:\/\/centcols.org\/wp-content\/uploads\/2025\/01\/carte-icone.png\",\"width\":250,\"height\":250,\"caption\":\"Club des Cent Cols\"},\"image\":{\"@id\":\"https:\/\/centcols.org\/#\/schema\/logo\/image\/\"},\"sameAs\":[\"https:\/\/www.facebook.com\/groups\/5261880558\/?locale=fr_FR\"]}]}<\/script>\n<!-- \/ Yoast SEO plugin. -->","yoast_head_json":{"title":"RSS Feed - Club des Cent Cols","robots":{"index":"index","follow":"follow","max-snippet":"max-snippet:-1","max-image-preview":"max-image-preview:large","max-video-preview":"max-video-preview:-1"},"canonical":"https:\/\/centcols.org\/en\/rss-feed\/","og_locale":"en_GB","og_type":"article","og_title":"Flux RSS - Club des Cent Cols","og_description":"Un flux RSS (RSS est le sigle pour Really Simple Syndication) est un flux\u00a0 permettant \u00e0 ses abonn\u00e9s de r\u00e9cup\u00e9rer automatiquement une partie (titre ou extrait) ou la totalit\u00e9 d\u2019un article nouvellement cr\u00e9\u00e9. Les flux RSS permettent de suivre l&rsquo;actualit\u00e9 d&rsquo;un site sans \u00eatre oblig\u00e9 de le visiter. Le fichier RSS a la possibilit\u00e9 d&rsquo;\u00eatre [&hellip;]","og_url":"https:\/\/centcols.org\/en\/rss-feed\/","og_site_name":"Club des Cent Cols","article_publisher":"https:\/\/www.facebook.com\/groups\/5261880558\/?locale=fr_FR","twitter_card":"summary_large_image","twitter_misc":{"Estimated reading time":"2 minutes"},"schema":{"@context":"https:\/\/schema.org","@graph":[{"@type":"WebPage","@id":"https:\/\/centcols.org\/flux-rss\/","url":"https:\/\/centcols.org\/flux-rss\/","name":"RSS Feed - Club des Cent Cols","isPartOf":{"@id":"https:\/\/centcols.org\/#website"},"datePublished":"2025-02-05T08:00:16+00:00","breadcrumb":{"@id":"https:\/\/centcols.org\/flux-rss\/#breadcrumb"},"inLanguage":"en-GB","potentialAction":[{"@type":"ReadAction","target":["https:\/\/centcols.org\/flux-rss\/"]}]},{"@type":"BreadcrumbList","@id":"https:\/\/centcols.org\/flux-rss\/#breadcrumb","itemListElement":[{"@type":"ListItem","position":1,"name":"Accueil","item":"https:\/\/centcols.org\/"},{"@type":"ListItem","position":2,"name":"Flux RSS"}]},{"@type":"WebSite","@id":"https:\/\/centcols.org\/#website","url":"https:\/\/centcols.org\/","name":"Club des Cent Cols","description":"","publisher":{"@id":"https:\/\/centcols.org\/#organization"},"potentialAction":[{"@type":"SearchAction","target":{"@type":"EntryPoint","urlTemplate":"https:\/\/centcols.org\/?s={search_term_string}"},"query-input":{"@type":"PropertyValueSpecification","valueRequired":true,"valueName":"search_term_string"}}],"inLanguage":"en-GB"},{"@type":"Organization","@id":"https:\/\/centcols.org\/#organization","name":"Club des Cent Cols","url":"https:\/\/centcols.org\/","logo":{"@type":"ImageObject","inLanguage":"en-GB","@id":"https:\/\/centcols.org\/#\/schema\/logo\/image\/","url":"https:\/\/centcols.org\/wp-content\/uploads\/2025\/01\/carte-icone.png","contentUrl":"https:\/\/centcols.org\/wp-content\/uploads\/2025\/01\/carte-icone.png","width":250,"height":250,"caption":"Club des Cent Cols"},"image":{"@id":"https:\/\/centcols.org\/#\/schema\/logo\/image\/"},"sameAs":["https:\/\/www.facebook.com\/groups\/5261880558\/?locale=fr_FR"]}]}},"_links":{"self":[{"href":"https:\/\/centcols.org\/en\/wp-json\/wp\/v2\/pages\/79344","targetHints":{"allow":["GET"]}}],"collection":[{"href":"https:\/\/centcols.org\/en\/wp-json\/wp\/v2\/pages"}],"about":[{"href":"https:\/\/centcols.org\/en\/wp-json\/wp\/v2\/types\/page"}],"author":[{"embeddable":true,"href":"https:\/\/centcols.org\/en\/wp-json\/wp\/v2\/users\/2"}],"replies":[{"embeddable":true,"href":"https:\/\/centcols.org\/en\/wp-json\/wp\/v2\/comments?post=79344"}],"version-history":[{"count":0,"href":"https:\/\/centcols.org\/en\/wp-json\/wp\/v2\/pages\/79344\/revisions"}],"wp:attachment":[{"href":"https:\/\/centcols.org\/en\/wp-json\/wp\/v2\/media?parent=79344"}],"curies":[{"name":"wp","href":"https:\/\/api.w.org\/{rel}","templated":true}]}}