{"id":79371,"date":"2025-02-05T10:01:24","date_gmt":"2025-02-05T08:01:24","guid":{"rendered":"https:\/\/centcols.org\/randonner\/"},"modified":"2026-01-22T13:34:14","modified_gmt":"2026-01-22T11:34:14","slug":"hiking","status":"publish","type":"page","link":"https:\/\/centcols.org\/en\/randonner\/","title":{"rendered":"Hiking"},"content":{"rendered":"<h2 class=\"wp-block-heading\">Our discovery incentives<\/h2>\n\n\n\n<h3 class=\"wp-block-heading\">Permanent tours<\/h3>\n\n\n\n<p>There are 24 of them to date, and they invite you to visit different regions in five European countries.<br>The common theme is to climb at least a hundred mountain passes.<br>Open to members and non-members of the Club des Cent Cols.<br><a href=\"https:\/\/centcols.org\/en\/go-to\/permanent-walks\/\">All the information you need<\/a><\/p>\n\n\n\n<h3 class=\"wp-block-heading\">Awards<\/h3>\n\n\n\n<p>Covering all the road passes of a German Land, a Swiss canton, an Italian or Spanish province, or a French department, for example, is the challenge offered to obtain these numerous awards.<br>All successful local patents in a country are eligible for a super <strong>national patent<\/strong>.<br>The awards are currently reserved for members, but there are plans to open them up to non-members in the future. There's nothing to stop you, as a non-member or aspirant, from starting or continuing to climb the road passes and signing up later.<br><a href=\"https:\/\/centcols.org\/en\/road-patents\/\">All the information you need<\/a><br><a href=\"\/en\/List of awards\/\">List of awards<\/a><\/p>\n\n\n\n<h3 class=\"wp-block-heading\">Challenges<\/h3>\n\n\n\n<p>Based on a specific theme chosen by each challenge author, they take you on a tour of some very special mountain passes.<br>Open to members and non-members of the Club des Cent Cols.<br><a href=\"https:\/\/centcols.org\/en\/categorie\/challenges\/\"><u>All the information you need<\/u><\/a><\/p>\n\n\n\n<h3 class=\"wp-block-heading\">Members' routes<\/h3>\n\n\n\n<p>In this section, you will find routes that members have suggested and that the club has validated in order to create a collection that is currently being built up. No region or country is excluded on principle, and there are already some in Germany (Black Forest), Spain (Catalonia, Andalusia) and France, particularly in Corsica.<\/p>\n\n\n\n<p>They are based on experience in the field, and include a tourist description and technical explanations of the roads, tracks or paths. They are generally suitable for cycling by the vast majority of cyclists and mountain bikers.<\/p>\n\n\n\n<p>&nbsp;The location of the passes can be seen on the map extract and on the additional documents obtained via the visugen link.<\/p>\n\n\n\n<p>A few photos of the surrounding countryside and the mountain passes enhance the description of these routes.<\/p>\n\n\n\n<p>&nbsp;<a href=\"https:\/\/centcols.org\/en\/go-to\/member-path\/\">All the information you need<\/a><\/p>\n\n\n\n<h3 class=\"wp-block-heading\">Cycle-touring with our partners<\/h3>\n\n\n\n<p><a href=\"https:\/\/centcols.org\/en\/european-dunions-kill\/\">Long-distance link routes<\/a> proposed by the European Cycling Union (UECT). They link European capitals.<\/p>\n\n\n\n<p><a href=\"https:\/\/centcols.org\/en\/the-fects-ibericas-radials\/\">&nbsp;The Radiales Ibericas,<\/a> are permanent tours offered by the Spanish Cycling Federation (FECT). They follow a star-shaped route from Madrid to the Iberian Peninsula.<\/p>","protected":false},"excerpt":{"rendered":"<p>Nos incitations \u00e0 la d\u00e9couverte Les randonn\u00e9es permanentes Elles sont 24 \u00e0 ce jour et elles vous invitent \u00e0 aller visiter des r\u00e9gions diff\u00e9rentes de cinq pays d\u2019Europe.Le th\u00e8me commun est de gravir au moins cent cols.Ouvertes aux membres et aux non-membres du Club des Cent Cols.Tous les renseignements utiles Les brevets Parcourir tous les [&hellip;]<\/p>\n","protected":false},"author":2,"featured_media":0,"parent":0,"menu_order":0,"comment_status":"open","ping_status":"open","template":"","meta":{"_acf_changed":false,"footnotes":""},"class_list":["post-79371","page","type-page","status-publish","hentry"],"acf":[],"yoast_head":"<!-- This site is optimized with the Yoast SEO plugin v27.2 - https:\/\/yoast.com\/product\/yoast-seo-wordpress\/ -->\n<title>Randonner - Club des Cent Cols<\/title>\n<meta name=\"robots\" content=\"index, follow, max-snippet:-1, max-image-preview:large, max-video-preview:-1\" \/>\n<link rel=\"canonical\" href=\"https:\/\/centcols.org\/en\/hiking\/\" \/>\n<meta property=\"og:locale\" content=\"en_GB\" \/>\n<meta property=\"og:type\" content=\"article\" \/>\n<meta property=\"og:title\" content=\"Randonner - Club des Cent Cols\" \/>\n<meta property=\"og:description\" content=\"Nos incitations \u00e0 la d\u00e9couverte Les randonn\u00e9es permanentes Elles sont 24 \u00e0 ce jour et elles vous invitent \u00e0 aller visiter des r\u00e9gions diff\u00e9rentes de cinq pays d\u2019Europe.Le th\u00e8me commun est de gravir au moins cent cols.Ouvertes aux membres et aux non-membres du Club des Cent Cols.Tous les renseignements utiles Les brevets Parcourir tous les [&hellip;]\" \/>\n<meta property=\"og:url\" content=\"https:\/\/centcols.org\/en\/hiking\/\" \/>\n<meta property=\"og:site_name\" content=\"Club des Cent Cols\" \/>\n<meta property=\"article:publisher\" content=\"https:\/\/www.facebook.com\/groups\/5261880558\/?locale=fr_FR\" \/>\n<meta property=\"article:modified_time\" content=\"2026-01-22T11:34:14+00:00\" \/>\n<meta name=\"twitter:card\" content=\"summary_large_image\" \/>\n<meta name=\"twitter:label1\" content=\"Estimated reading time\" \/>\n\t<meta name=\"twitter:data1\" content=\"2 minutes\" \/>\n<script type=\"application\/ld+json\" class=\"yoast-schema-graph\">{\"@context\":\"https:\/\/schema.org\",\"@graph\":[{\"@type\":\"WebPage\",\"@id\":\"https:\/\/centcols.org\/randonner\/\",\"url\":\"https:\/\/centcols.org\/randonner\/\",\"name\":\"Randonner - Club des Cent Cols\",\"isPartOf\":{\"@id\":\"https:\/\/centcols.org\/#website\"},\"datePublished\":\"2025-02-05T08:01:24+00:00\",\"dateModified\":\"2026-01-22T11:34:14+00:00\",\"breadcrumb\":{\"@id\":\"https:\/\/centcols.org\/randonner\/#breadcrumb\"},\"inLanguage\":\"en-GB\",\"potentialAction\":[{\"@type\":\"ReadAction\",\"target\":[\"https:\/\/centcols.org\/randonner\/\"]}]},{\"@type\":\"BreadcrumbList\",\"@id\":\"https:\/\/centcols.org\/randonner\/#breadcrumb\",\"itemListElement\":[{\"@type\":\"ListItem\",\"position\":1,\"name\":\"Accueil\",\"item\":\"https:\/\/centcols.org\/\"},{\"@type\":\"ListItem\",\"position\":2,\"name\":\"Randonner\"}]},{\"@type\":\"WebSite\",\"@id\":\"https:\/\/centcols.org\/#website\",\"url\":\"https:\/\/centcols.org\/\",\"name\":\"Club des Cent Cols\",\"description\":\"\",\"publisher\":{\"@id\":\"https:\/\/centcols.org\/#organization\"},\"potentialAction\":[{\"@type\":\"SearchAction\",\"target\":{\"@type\":\"EntryPoint\",\"urlTemplate\":\"https:\/\/centcols.org\/?s={search_term_string}\"},\"query-input\":{\"@type\":\"PropertyValueSpecification\",\"valueRequired\":true,\"valueName\":\"search_term_string\"}}],\"inLanguage\":\"en-GB\"},{\"@type\":\"Organization\",\"@id\":\"https:\/\/centcols.org\/#organization\",\"name\":\"Club des Cent Cols\",\"url\":\"https:\/\/centcols.org\/\",\"logo\":{\"@type\":\"ImageObject\",\"inLanguage\":\"en-GB\",\"@id\":\"https:\/\/centcols.org\/#\/schema\/logo\/image\/\",\"url\":\"https:\/\/centcols.org\/wp-content\/uploads\/2025\/01\/carte-icone.png\",\"contentUrl\":\"https:\/\/centcols.org\/wp-content\/uploads\/2025\/01\/carte-icone.png\",\"width\":250,\"height\":250,\"caption\":\"Club des Cent Cols\"},\"image\":{\"@id\":\"https:\/\/centcols.org\/#\/schema\/logo\/image\/\"},\"sameAs\":[\"https:\/\/www.facebook.com\/groups\/5261880558\/?locale=fr_FR\"]}]}<\/script>\n<!-- \/ Yoast SEO plugin. -->","yoast_head_json":{"title":"Hiking - Club des Cent Cols","robots":{"index":"index","follow":"follow","max-snippet":"max-snippet:-1","max-image-preview":"max-image-preview:large","max-video-preview":"max-video-preview:-1"},"canonical":"https:\/\/centcols.org\/en\/hiking\/","og_locale":"en_GB","og_type":"article","og_title":"Randonner - Club des Cent Cols","og_description":"Nos incitations \u00e0 la d\u00e9couverte Les randonn\u00e9es permanentes Elles sont 24 \u00e0 ce jour et elles vous invitent \u00e0 aller visiter des r\u00e9gions diff\u00e9rentes de cinq pays d\u2019Europe.Le th\u00e8me commun est de gravir au moins cent cols.Ouvertes aux membres et aux non-membres du Club des Cent Cols.Tous les renseignements utiles Les brevets Parcourir tous les [&hellip;]","og_url":"https:\/\/centcols.org\/en\/hiking\/","og_site_name":"Club des Cent Cols","article_publisher":"https:\/\/www.facebook.com\/groups\/5261880558\/?locale=fr_FR","article_modified_time":"2026-01-22T11:34:14+00:00","twitter_card":"summary_large_image","twitter_misc":{"Estimated reading time":"2 minutes"},"schema":{"@context":"https:\/\/schema.org","@graph":[{"@type":"WebPage","@id":"https:\/\/centcols.org\/randonner\/","url":"https:\/\/centcols.org\/randonner\/","name":"Hiking - Club des Cent Cols","isPartOf":{"@id":"https:\/\/centcols.org\/#website"},"datePublished":"2025-02-05T08:01:24+00:00","dateModified":"2026-01-22T11:34:14+00:00","breadcrumb":{"@id":"https:\/\/centcols.org\/randonner\/#breadcrumb"},"inLanguage":"en-GB","potentialAction":[{"@type":"ReadAction","target":["https:\/\/centcols.org\/randonner\/"]}]},{"@type":"BreadcrumbList","@id":"https:\/\/centcols.org\/randonner\/#breadcrumb","itemListElement":[{"@type":"ListItem","position":1,"name":"Accueil","item":"https:\/\/centcols.org\/"},{"@type":"ListItem","position":2,"name":"Randonner"}]},{"@type":"WebSite","@id":"https:\/\/centcols.org\/#website","url":"https:\/\/centcols.org\/","name":"Club des Cent Cols","description":"","publisher":{"@id":"https:\/\/centcols.org\/#organization"},"potentialAction":[{"@type":"SearchAction","target":{"@type":"EntryPoint","urlTemplate":"https:\/\/centcols.org\/?s={search_term_string}"},"query-input":{"@type":"PropertyValueSpecification","valueRequired":true,"valueName":"search_term_string"}}],"inLanguage":"en-GB"},{"@type":"Organization","@id":"https:\/\/centcols.org\/#organization","name":"Club des Cent Cols","url":"https:\/\/centcols.org\/","logo":{"@type":"ImageObject","inLanguage":"en-GB","@id":"https:\/\/centcols.org\/#\/schema\/logo\/image\/","url":"https:\/\/centcols.org\/wp-content\/uploads\/2025\/01\/carte-icone.png","contentUrl":"https:\/\/centcols.org\/wp-content\/uploads\/2025\/01\/carte-icone.png","width":250,"height":250,"caption":"Club des Cent Cols"},"image":{"@id":"https:\/\/centcols.org\/#\/schema\/logo\/image\/"},"sameAs":["https:\/\/www.facebook.com\/groups\/5261880558\/?locale=fr_FR"]}]}},"_links":{"self":[{"href":"https:\/\/centcols.org\/en\/wp-json\/wp\/v2\/pages\/79371","targetHints":{"allow":["GET"]}}],"collection":[{"href":"https:\/\/centcols.org\/en\/wp-json\/wp\/v2\/pages"}],"about":[{"href":"https:\/\/centcols.org\/en\/wp-json\/wp\/v2\/types\/page"}],"author":[{"embeddable":true,"href":"https:\/\/centcols.org\/en\/wp-json\/wp\/v2\/users\/2"}],"replies":[{"embeddable":true,"href":"https:\/\/centcols.org\/en\/wp-json\/wp\/v2\/comments?post=79371"}],"version-history":[{"count":0,"href":"https:\/\/centcols.org\/en\/wp-json\/wp\/v2\/pages\/79371\/revisions"}],"wp:attachment":[{"href":"https:\/\/centcols.org\/en\/wp-json\/wp\/v2\/media?parent=79371"}],"curies":[{"name":"wp","href":"https:\/\/api.w.org\/{rel}","templated":true}]}}