{"id":79514,"date":"2025-02-05T10:07:17","date_gmt":"2025-02-05T08:07:17","guid":{"rendered":"https:\/\/centcols.org\/comment-faire\/"},"modified":"2025-09-14T17:32:39","modified_gmt":"2025-09-14T15:32:39","slug":"what-to-do","status":"publish","type":"page","link":"https:\/\/centcols.org\/en\/comment-faire\/","title":{"rendered":"How do you go about it?"},"content":{"rendered":"<h2 class=\"wp-block-heading\">Join us!<\/h2>\n\n\n\n<p>Do you share our passion for the mountains? Do you enjoy climbing mountain passes?  That's what our brotherhood is all about!  We warmly welcome new members of all ages, nationalities, abilities and cycling disciplines. So come and join us!<\/p>\n\n\n\n<p>How far have you got?<\/p>\n\n\n\n<p>1\u00b0) You have climbed a minimum of 100 mountain passes <strong>various<\/strong> including at least 5 above 2000 m, congratulations! If you're ready to join us, just fill in your membership form.<\/p>\n\n\n\n<p><em><strong>Please note: A pass can only be counted \"once\" (see <a href=\"https:\/\/centcols.org\/en\/rules\/\" target=\"_blank\" rel=\"noreferrer noopener\">game rules, article 1<\/a>)<\/strong><\/em><\/p>\n\n\n\n<p>In an Excel or Calc file, draw up your list of passes, if possible with their altitudes, and the administrative area (e.g. British county, Swiss canton, French department, Italian or Spanish province) where they are located. For ease of use, you can refer to the solutions suggested in \u00a73.<\/p>\n\n\n\n<p>Then follow this link : <a href=\"https:\/\/centcols.org\/en\/registration-form\/\"><strong><u>membership form&nbsp;<\/u><\/strong><\/a><\/p>\n\n\n\n<p>2\u00b0) If you haven't reached 100 passes yet, don't despair! Just keep going! We're here to help you!<\/p>\n\n\n\n<ul class=\"wp-block-list\">\n<li>You can send us a pre-list of the passes you've climbed, and we'll check it.<\/li>\n\n\n\n<li>You can take part in and register for: Regional meetings, <a href=\"https:\/\/centcols.org\/en\/go-to\/permanent-walks\/\" target=\"_blank\" rel=\"noreferrer noopener\">permanent walks<\/a> The Club des Cent Cols offers a wide range of activities, including brevets and challenges, which are open to non-members. You can also contact the Territorial Delegate for your region: <a href=\"https:\/\/centcols.org\/en\/delegates-and-other-volunteers\/\">page <strong><u>delegates and other volunteers<\/u><\/strong>&nbsp;<\/a>of the site. It will suggest a \"Sponsor\", close to you and a member of the CCC, who will help you find and climb passes to complete your list.<\/li>\n<\/ul>\n\n\n\n<p>3\u00b0) If you're not sure whether all your passes are authorised by the Club, there are several ways to check your list and plan your next routes.<\/p>\n\n\n\n<h3 class=\"wp-block-heading\">Draw up your list from our catalogues<\/h3>\n\n\n\n<p>Use our catalogues. They are available to non-members*, in our <strong><a href=\"https:\/\/centcols.org\/en\/boutique\/\">shop<\/a><\/strong><\/p>\n\n\n\n<h3 class=\"wp-block-heading\">Build your list with Openrunner<\/h3>\n\n\n\n<figure class=\"wp-block-image size-full\"><a href=\"https:\/\/www.openrunner.com\/\" target=\"_blank\" rel=\" noreferrer noopener\"><img loading=\"lazy\" decoding=\"async\" width=\"183\" height=\"44\" src=\"https:\/\/centcols.org\/wp-content\/uploads\/2025\/08\/logo-openrunner.png\" alt=\"\" class=\"wp-image-88503\"\/><\/a><\/figure>\n\n\n\n<p><strong>Tutorial for drawing up the first list of collars :<br><\/strong><br>Go to the website :&nbsp;<a href=\"https:\/\/www.openrunner.com\/\" target=\"_blank\" rel=\"noreferrer noopener\">https:\/\/www.openrunner.com\/<\/a><br>If you don't have an account, select \"Register\" (top right-hand corner):<\/p>\n\n\n\n<figure class=\"wp-block-image size-full\"><img loading=\"lazy\" decoding=\"async\" width=\"463\" height=\"62\" src=\"https:\/\/centcols.org\/wp-content\/uploads\/2025\/02\/OR15.jpg\" alt=\"\" class=\"wp-image-79529\"\/><\/figure>\n\n\n\n<p>Once you've created an account, log in and to see the location of the passes on the map, click on create a route then create (or import) a gpx file if you've saved a route on your GPS.<\/p>\n\n\n\n<figure class=\"wp-block-image size-full is-resized\"><img loading=\"lazy\" decoding=\"async\" width=\"852\" height=\"305\" src=\"https:\/\/centcols.org\/wp-content\/uploads\/2025\/02\/OR2.jpg\" alt=\"\" class=\"wp-image-79516\" style=\"width:600px\" srcset=\"https:\/\/centcols.org\/wp-content\/uploads\/2025\/02\/OR2.jpg 852w, https:\/\/centcols.org\/wp-content\/uploads\/2025\/02\/OR2-768x275.jpg 768w, https:\/\/centcols.org\/wp-content\/uploads\/2025\/02\/OR2-600x215.jpg 600w\" sizes=\"auto, (max-width: 852px) 100vw, 852px\" \/><\/figure>\n\n\n\n<p>On the right-hand side of the map, at the top, there is an icon representing a mountain. When you move your mouse over it, a notification appears telling you that the icon is used to display mountain passes.<\/p>\n\n\n\n<figure class=\"wp-block-image size-full\"><img loading=\"lazy\" decoding=\"async\" width=\"222\" height=\"151\" src=\"https:\/\/centcols.org\/wp-content\/uploads\/2025\/02\/OR4-1.jpg\" alt=\"\" class=\"wp-image-79518\"\/><\/figure>\n\n\n\n<p>Clicking on the icon brings up a 4-choice screen.<\/p>\n\n\n\n<figure class=\"wp-block-image size-full\"><img loading=\"lazy\" decoding=\"async\" width=\"483\" height=\"371\" src=\"https:\/\/centcols.org\/wp-content\/uploads\/2025\/02\/OR5.jpg\" alt=\"\" class=\"wp-image-79519\"\/><\/figure>\n\n\n\n<p>If you select \"Road passes\" and \"Mule passes\", the map will show all the passes recognised by the Club des Cent Cols, the road passes with a black icon and the mule passes with a red icon.<\/p>\n\n\n\n<figure class=\"wp-block-image size-full\"><img loading=\"lazy\" decoding=\"async\" width=\"280\" height=\"199\" src=\"https:\/\/centcols.org\/wp-content\/uploads\/2025\/02\/OR6.jpg\" alt=\"\" class=\"wp-image-79520\"\/><\/figure>\n\n\n\n<p>Clicking on a collar opens a window giving information about the collar. We're interested in the \"Collect collars\" section.<\/p>\n\n\n\n<figure class=\"wp-block-image size-full\"><img loading=\"lazy\" decoding=\"async\" width=\"383\" height=\"294\" src=\"https:\/\/centcols.org\/wp-content\/uploads\/2025\/02\/OR7.jpg\" alt=\"\" class=\"wp-image-79521\"\/><\/figure>\n\n\n\n<p>Click to collect collars, and your collar collection can begin!<\/p>\n\n\n\n<figure class=\"wp-block-image size-full\"><img loading=\"lazy\" decoding=\"async\" width=\"339\" height=\"281\" src=\"https:\/\/centcols.org\/wp-content\/uploads\/2025\/02\/OR8.jpg\" alt=\"\" class=\"wp-image-79522\"\/><\/figure>\n\n\n\n<p>If you click on \"Col gravi\", the pass will be circled in green, or in blue if you click on \"Col \u00e0 faire\".<\/p>\n\n\n\n<figure class=\"wp-block-gallery has-nested-images columns-default is-cropped wp-block-gallery-1 is-layout-flex wp-block-gallery-is-layout-flex\">\n<figure class=\"wp-block-image size-large\"><img loading=\"lazy\" decoding=\"async\" width=\"290\" height=\"185\" data-id=\"79523\" src=\"https:\/\/centcols.org\/wp-content\/uploads\/2025\/02\/OR9.jpg\" alt=\"\" class=\"wp-image-79523\"\/><\/figure>\n\n\n\n<figure class=\"wp-block-image size-large\"><img loading=\"lazy\" decoding=\"async\" width=\"249\" height=\"195\" data-id=\"79524\" src=\"https:\/\/centcols.org\/wp-content\/uploads\/2025\/02\/OR10.jpg\" alt=\"\" class=\"wp-image-79524\"\/><\/figure>\n<\/figure>\n\n\n\n<p>You now understand the purpose of the 2 ticks \"show only my climbed passes\" or \"show only my planned passes\" that you encountered when you opened the pass display:<\/p>\n\n\n\n<figure class=\"wp-block-image size-full\"><img loading=\"lazy\" decoding=\"async\" width=\"483\" height=\"371\" src=\"https:\/\/centcols.org\/wp-content\/uploads\/2025\/02\/OR5.jpg\" alt=\"\" class=\"wp-image-79519\"\/><\/figure>\n\n\n\n<p>Once you have ticked off all the passes you have climbed, go to your space (accessible via your account name in the top right-hand corner of your screen):&nbsp;<\/p>\n\n\n\n<figure class=\"wp-block-image size-full\"><img loading=\"lazy\" decoding=\"async\" width=\"543\" height=\"278\" src=\"https:\/\/centcols.org\/wp-content\/uploads\/2025\/02\/OR11.jpg\" alt=\"\" class=\"wp-image-79525\"\/><\/figure>\n\n\n\n<p>in the left-hand sidebar, choose Club des Cent Cols.<\/p>\n\n\n\n<figure class=\"wp-block-image size-full\"><img loading=\"lazy\" decoding=\"async\" width=\"282\" height=\"468\" src=\"https:\/\/centcols.org\/wp-content\/uploads\/2025\/02\/OR12.jpg\" alt=\"\" class=\"wp-image-79526\"\/><\/figure>\n\n\n\n<p>If you have reached the target of 100 passes, including 5 above (or equal to) 2000 m, all you have to do is click on \"send for validation\".<\/p>\n\n\n\n<figure class=\"wp-block-image size-full\"><img loading=\"lazy\" decoding=\"async\" width=\"725\" height=\"227\" src=\"https:\/\/centcols.org\/wp-content\/uploads\/2025\/02\/OR13.jpg\" alt=\"\" class=\"wp-image-79527\" srcset=\"https:\/\/centcols.org\/wp-content\/uploads\/2025\/02\/OR13.jpg 725w, https:\/\/centcols.org\/wp-content\/uploads\/2025\/02\/OR13-600x188.jpg 600w\" sizes=\"auto, (max-width: 725px) 100vw, 725px\" \/><\/figure>\n\n\n\n<p>A file in csv format, compatible with excel, open office or libre office, is then automatically created.<\/p>\n\n\n\n<figure class=\"wp-block-image size-full\"><img loading=\"lazy\" decoding=\"async\" width=\"457\" height=\"260\" src=\"https:\/\/centcols.org\/wp-content\/uploads\/2025\/02\/OR14.jpg\" alt=\"\" class=\"wp-image-79528\"\/><\/figure>\n\n\n\n<p>Save it: This is the file you will need to send with your registration request.<\/p>\n\n\n\n<h3 class=\"wp-block-heading\">Build your list with Ccway<\/h3>\n\n\n\n<p>Requires the use of Google Earth or other mapping software (basecamp, compegps, others...)<\/p>\n\n\n\n<p>Quick guide for display on Google Earth: on the Club's website, non-members click on \"Passes\", then on \"CCway\". On the map page, click on the flag of the country you want, then make sure you choose \"map selection\", the pass type example \"road pass\", and \"KML\". Click to make a polygon on the map around the region you want. Then click on the button with the down arrow, and the corresponding passes should appear on Google Earth.<\/p>\n\n\n\n<p>Please do not hesitate to contact our Membership Secretary, :&nbsp;<a href=\"\/en\/mail&\/#116;&#111;&#58;&#105;&#110;&#115;&#99;&#x72;&#x69;&#x70;&#x74;&#x69;&#x6f;&#x6e;&#x73;&#x40;cent&#99;&#111;&#108;&#115;&#46;&#111;&#114;&#x67;\">inscriptions@centcols.org<\/a><\/p>","protected":false},"excerpt":{"rendered":"<p>Nous Rejoindre ! Vous partagez notre passion pour la montagne, vous aimez franchir des cols&nbsp;! &nbsp;C\u2019est la vocation de notre confr\u00e9rie&nbsp;!&nbsp; Nous accueillons chaleureusement les nouveaux membres, de tous \u00e2ges, de toutes nationalit\u00e9s, de tous niveaux et de toutes disciplines du cyclisme. Alors, venez nous rejoindre ! O\u00f9 en \u00eates-vous&nbsp;? 1\u00b0) Vous avez grimp\u00e9 un [&hellip;]<\/p>\n","protected":false},"author":2,"featured_media":623,"parent":0,"menu_order":0,"comment_status":"open","ping_status":"closed","template":"","meta":{"_acf_changed":false,"footnotes":""},"class_list":["post-79514","page","type-page","status-publish","has-post-thumbnail","hentry"],"acf":[],"yoast_head":"<!-- This site is optimized with the Yoast SEO plugin v27.2 - https:\/\/yoast.com\/product\/yoast-seo-wordpress\/ -->\n<title>Comment faire ? - Club des Cent Cols<\/title>\n<meta name=\"robots\" content=\"index, follow, max-snippet:-1, max-image-preview:large, max-video-preview:-1\" \/>\n<link rel=\"canonical\" href=\"https:\/\/centcols.org\/en\/what-to-do\/\" \/>\n<meta property=\"og:locale\" content=\"en_GB\" \/>\n<meta property=\"og:type\" content=\"article\" \/>\n<meta property=\"og:title\" content=\"Comment faire ? - Club des Cent Cols\" \/>\n<meta property=\"og:description\" content=\"Nous Rejoindre ! Vous partagez notre passion pour la montagne, vous aimez franchir des cols&nbsp;! &nbsp;C\u2019est la vocation de notre confr\u00e9rie&nbsp;!&nbsp; Nous accueillons chaleureusement les nouveaux membres, de tous \u00e2ges, de toutes nationalit\u00e9s, de tous niveaux et de toutes disciplines du cyclisme. Alors, venez nous rejoindre ! O\u00f9 en \u00eates-vous&nbsp;? 1\u00b0) Vous avez grimp\u00e9 un [&hellip;]\" \/>\n<meta property=\"og:url\" content=\"https:\/\/centcols.org\/en\/what-to-do\/\" \/>\n<meta property=\"og:site_name\" content=\"Club des Cent Cols\" \/>\n<meta property=\"article:publisher\" content=\"https:\/\/www.facebook.com\/groups\/5261880558\/?locale=fr_FR\" \/>\n<meta property=\"article:modified_time\" content=\"2025-09-14T15:32:39+00:00\" \/>\n<meta property=\"og:image\" content=\"https:\/\/centcols.org\/wp-content\/uploads\/2025\/01\/club-cent-cols-challenges-velo.jpg\" \/>\n\t<meta property=\"og:image:width\" content=\"1500\" \/>\n\t<meta property=\"og:image:height\" content=\"1000\" \/>\n\t<meta property=\"og:image:type\" content=\"image\/jpeg\" \/>\n<meta name=\"twitter:card\" content=\"summary_large_image\" \/>\n<meta name=\"twitter:label1\" content=\"Estimated reading time\" \/>\n\t<meta name=\"twitter:data1\" content=\"8 minutes\" \/>\n<script type=\"application\/ld+json\" class=\"yoast-schema-graph\">{\"@context\":\"https:\/\/schema.org\",\"@graph\":[{\"@type\":\"WebPage\",\"@id\":\"https:\/\/centcols.org\/comment-faire\/\",\"url\":\"https:\/\/centcols.org\/comment-faire\/\",\"name\":\"Comment faire ? - Club des Cent Cols\",\"isPartOf\":{\"@id\":\"https:\/\/centcols.org\/#website\"},\"primaryImageOfPage\":{\"@id\":\"https:\/\/centcols.org\/comment-faire\/#primaryimage\"},\"image\":{\"@id\":\"https:\/\/centcols.org\/comment-faire\/#primaryimage\"},\"thumbnailUrl\":\"https:\/\/centcols.org\/wp-content\/uploads\/2025\/01\/club-cent-cols-challenges-velo.jpg\",\"datePublished\":\"2025-02-05T08:07:17+00:00\",\"dateModified\":\"2025-09-14T15:32:39+00:00\",\"breadcrumb\":{\"@id\":\"https:\/\/centcols.org\/comment-faire\/#breadcrumb\"},\"inLanguage\":\"en-GB\",\"potentialAction\":[{\"@type\":\"ReadAction\",\"target\":[\"https:\/\/centcols.org\/comment-faire\/\"]}]},{\"@type\":\"ImageObject\",\"inLanguage\":\"en-GB\",\"@id\":\"https:\/\/centcols.org\/comment-faire\/#primaryimage\",\"url\":\"https:\/\/centcols.org\/wp-content\/uploads\/2025\/01\/club-cent-cols-challenges-velo.jpg\",\"contentUrl\":\"https:\/\/centcols.org\/wp-content\/uploads\/2025\/01\/club-cent-cols-challenges-velo.jpg\",\"width\":1500,\"height\":1000,\"caption\":\"col \u00e0 v\u00e9lo - cyclotourisme en montagne - v\u00e9lo en montagne\"},{\"@type\":\"BreadcrumbList\",\"@id\":\"https:\/\/centcols.org\/comment-faire\/#breadcrumb\",\"itemListElement\":[{\"@type\":\"ListItem\",\"position\":1,\"name\":\"Accueil\",\"item\":\"https:\/\/centcols.org\/\"},{\"@type\":\"ListItem\",\"position\":2,\"name\":\"Comment faire ?\"}]},{\"@type\":\"WebSite\",\"@id\":\"https:\/\/centcols.org\/#website\",\"url\":\"https:\/\/centcols.org\/\",\"name\":\"Club des Cent Cols\",\"description\":\"\",\"publisher\":{\"@id\":\"https:\/\/centcols.org\/#organization\"},\"potentialAction\":[{\"@type\":\"SearchAction\",\"target\":{\"@type\":\"EntryPoint\",\"urlTemplate\":\"https:\/\/centcols.org\/?s={search_term_string}\"},\"query-input\":{\"@type\":\"PropertyValueSpecification\",\"valueRequired\":true,\"valueName\":\"search_term_string\"}}],\"inLanguage\":\"en-GB\"},{\"@type\":\"Organization\",\"@id\":\"https:\/\/centcols.org\/#organization\",\"name\":\"Club des Cent Cols\",\"url\":\"https:\/\/centcols.org\/\",\"logo\":{\"@type\":\"ImageObject\",\"inLanguage\":\"en-GB\",\"@id\":\"https:\/\/centcols.org\/#\/schema\/logo\/image\/\",\"url\":\"https:\/\/centcols.org\/wp-content\/uploads\/2025\/01\/carte-icone.png\",\"contentUrl\":\"https:\/\/centcols.org\/wp-content\/uploads\/2025\/01\/carte-icone.png\",\"width\":250,\"height\":250,\"caption\":\"Club des Cent Cols\"},\"image\":{\"@id\":\"https:\/\/centcols.org\/#\/schema\/logo\/image\/\"},\"sameAs\":[\"https:\/\/www.facebook.com\/groups\/5261880558\/?locale=fr_FR\"]}]}<\/script>\n<!-- \/ Yoast SEO plugin. -->","yoast_head_json":{"title":"How to get there - Club des Cent Cols","robots":{"index":"index","follow":"follow","max-snippet":"max-snippet:-1","max-image-preview":"max-image-preview:large","max-video-preview":"max-video-preview:-1"},"canonical":"https:\/\/centcols.org\/en\/what-to-do\/","og_locale":"en_GB","og_type":"article","og_title":"Comment faire ? - Club des Cent Cols","og_description":"Nous Rejoindre ! Vous partagez notre passion pour la montagne, vous aimez franchir des cols&nbsp;! &nbsp;C\u2019est la vocation de notre confr\u00e9rie&nbsp;!&nbsp; Nous accueillons chaleureusement les nouveaux membres, de tous \u00e2ges, de toutes nationalit\u00e9s, de tous niveaux et de toutes disciplines du cyclisme. Alors, venez nous rejoindre ! O\u00f9 en \u00eates-vous&nbsp;? 1\u00b0) Vous avez grimp\u00e9 un [&hellip;]","og_url":"https:\/\/centcols.org\/en\/what-to-do\/","og_site_name":"Club des Cent Cols","article_publisher":"https:\/\/www.facebook.com\/groups\/5261880558\/?locale=fr_FR","article_modified_time":"2025-09-14T15:32:39+00:00","og_image":[{"width":1500,"height":1000,"url":"https:\/\/centcols.org\/wp-content\/uploads\/2025\/01\/club-cent-cols-challenges-velo.jpg","type":"image\/jpeg"}],"twitter_card":"summary_large_image","twitter_misc":{"Estimated reading time":"8 minutes"},"schema":{"@context":"https:\/\/schema.org","@graph":[{"@type":"WebPage","@id":"https:\/\/centcols.org\/comment-faire\/","url":"https:\/\/centcols.org\/comment-faire\/","name":"How to get there - Club des Cent Cols","isPartOf":{"@id":"https:\/\/centcols.org\/#website"},"primaryImageOfPage":{"@id":"https:\/\/centcols.org\/comment-faire\/#primaryimage"},"image":{"@id":"https:\/\/centcols.org\/comment-faire\/#primaryimage"},"thumbnailUrl":"https:\/\/centcols.org\/wp-content\/uploads\/2025\/01\/club-cent-cols-challenges-velo.jpg","datePublished":"2025-02-05T08:07:17+00:00","dateModified":"2025-09-14T15:32:39+00:00","breadcrumb":{"@id":"https:\/\/centcols.org\/comment-faire\/#breadcrumb"},"inLanguage":"en-GB","potentialAction":[{"@type":"ReadAction","target":["https:\/\/centcols.org\/comment-faire\/"]}]},{"@type":"ImageObject","inLanguage":"en-GB","@id":"https:\/\/centcols.org\/comment-faire\/#primaryimage","url":"https:\/\/centcols.org\/wp-content\/uploads\/2025\/01\/club-cent-cols-challenges-velo.jpg","contentUrl":"https:\/\/centcols.org\/wp-content\/uploads\/2025\/01\/club-cent-cols-challenges-velo.jpg","width":1500,"height":1000,"caption":"col \u00e0 v\u00e9lo - cyclotourisme en montagne - v\u00e9lo en montagne"},{"@type":"BreadcrumbList","@id":"https:\/\/centcols.org\/comment-faire\/#breadcrumb","itemListElement":[{"@type":"ListItem","position":1,"name":"Accueil","item":"https:\/\/centcols.org\/"},{"@type":"ListItem","position":2,"name":"Comment faire ?"}]},{"@type":"WebSite","@id":"https:\/\/centcols.org\/#website","url":"https:\/\/centcols.org\/","name":"Club des Cent Cols","description":"","publisher":{"@id":"https:\/\/centcols.org\/#organization"},"potentialAction":[{"@type":"SearchAction","target":{"@type":"EntryPoint","urlTemplate":"https:\/\/centcols.org\/?s={search_term_string}"},"query-input":{"@type":"PropertyValueSpecification","valueRequired":true,"valueName":"search_term_string"}}],"inLanguage":"en-GB"},{"@type":"Organization","@id":"https:\/\/centcols.org\/#organization","name":"Club des Cent Cols","url":"https:\/\/centcols.org\/","logo":{"@type":"ImageObject","inLanguage":"en-GB","@id":"https:\/\/centcols.org\/#\/schema\/logo\/image\/","url":"https:\/\/centcols.org\/wp-content\/uploads\/2025\/01\/carte-icone.png","contentUrl":"https:\/\/centcols.org\/wp-content\/uploads\/2025\/01\/carte-icone.png","width":250,"height":250,"caption":"Club des Cent Cols"},"image":{"@id":"https:\/\/centcols.org\/#\/schema\/logo\/image\/"},"sameAs":["https:\/\/www.facebook.com\/groups\/5261880558\/?locale=fr_FR"]}]}},"_links":{"self":[{"href":"https:\/\/centcols.org\/en\/wp-json\/wp\/v2\/pages\/79514","targetHints":{"allow":["GET"]}}],"collection":[{"href":"https:\/\/centcols.org\/en\/wp-json\/wp\/v2\/pages"}],"about":[{"href":"https:\/\/centcols.org\/en\/wp-json\/wp\/v2\/types\/page"}],"author":[{"embeddable":true,"href":"https:\/\/centcols.org\/en\/wp-json\/wp\/v2\/users\/2"}],"replies":[{"embeddable":true,"href":"https:\/\/centcols.org\/en\/wp-json\/wp\/v2\/comments?post=79514"}],"version-history":[{"count":0,"href":"https:\/\/centcols.org\/en\/wp-json\/wp\/v2\/pages\/79514\/revisions"}],"wp:featuredmedia":[{"embeddable":true,"href":"https:\/\/centcols.org\/en\/wp-json\/wp\/v2\/media\/623"}],"wp:attachment":[{"href":"https:\/\/centcols.org\/en\/wp-json\/wp\/v2\/media?parent=79514"}],"curies":[{"name":"wp","href":"https:\/\/api.w.org\/{rel}","templated":true}]}}