{"id":83767,"date":"2025-06-05T09:07:31","date_gmt":"2025-06-05T07:07:31","guid":{"rendered":"https:\/\/centcols.org\/?page_id=83767"},"modified":"2026-02-17T00:20:43","modified_gmt":"2026-02-16T22:20:43","slug":"membership-renewal","status":"publish","type":"page","link":"https:\/\/centcols.org\/en\/renouvellement-adhesion\/","title":{"rendered":"Membership renewal"},"content":{"rendered":"\n<p>Vous \u00eates d\u00e9j\u00e0 membre du Club des Cent Cols et souhaitez poursuivre l\u2019aventure ? Votre passion ne s\u2019arr\u00eate pas l\u00e0 : r\u00e9adh\u00e9rez, mettez \u00e0 jour votre licence et continuez \u00e0 vivre pleinement l\u2019esprit Cent Cols.<\/p>\n\n\n\n<div class=\"wp-block-cover alignfull\" style=\"min-height:250px;aspect-ratio:unset;\"><img loading=\"lazy\" decoding=\"async\" width=\"800\" height=\"334\" class=\"wp-block-cover__image-background wp-image-83770 size-full\" alt=\"\" src=\"https:\/\/centcols.org\/wp-content\/uploads\/2025\/06\/23555942811_fd981ae24b_o.jpg\" style=\"object-position:29% 37%\" data-object-fit=\"cover\" data-object-position=\"29% 37%\" srcset=\"https:\/\/centcols.org\/wp-content\/uploads\/2025\/06\/23555942811_fd981ae24b_o.jpg 800w, https:\/\/centcols.org\/wp-content\/uploads\/2025\/06\/23555942811_fd981ae24b_o-768x321.jpg 768w\" sizes=\"auto, (max-width: 800px) 100vw, 800px\" \/><span aria-hidden=\"true\" class=\"wp-block-cover__background has-black-background-color has-background-dim-30 has-background-dim\"><\/span><div class=\"wp-block-cover__inner-container is-layout-flow wp-block-cover-is-layout-flow\">\n<h1 class=\"wp-block-heading has-text-align-center\" style=\"font-size:2.5rem\"><strong>En route pour une nouvelle saison !<\/strong><\/h1>\n<\/div><\/div>\n\n\n        <div class=\"toc-wrapper\" data-columns=\"1\"\n            data-headings=\"[{&quot;level&quot;:2,&quot;text&quot;:&quot;Quand renouveler ?&quot;,&quot;id&quot;:&quot;toc-quand-renouveler&quot;,&quot;page&quot;:1,&quot;existing_id&quot;:false},{&quot;level&quot;:2,&quot;text&quot;:&quot;Cotisation annuelle&quot;,&quot;id&quot;:&quot;toc-cotisation-annuelle&quot;,&quot;page&quot;:1,&quot;existing_id&quot;:false},{&quot;level&quot;:2,&quot;text&quot;:&quot;D\\u00e9claration des nouveaux cols franchis dans l&#039;ann\\u00e9e&quot;,&quot;id&quot;:&quot;toc-declaration-des-nouveaux-cols-franchis-dans-lannee&quot;,&quot;page&quot;:1,&quot;existing_id&quot;:false},{&quot;level&quot;:2,&quot;text&quot;:&quot;Nouveaux membres&quot;,&quot;id&quot;:&quot;toc-nouveaux-membres&quot;,&quot;page&quot;:1,&quot;existing_id&quot;:false},{&quot;level&quot;:2,&quot;text&quot;:&quot;Documents utiles&quot;,&quot;id&quot;:&quot;toc-documents-utiles&quot;,&quot;page&quot;:1,&quot;existing_id&quot;:false}]\"\n            data-current-page=\"1\"\n            data-base-url=\"https:\/\/centcols.org\/en\/renouvellement-adhesion\/\">\n            <div class=\"toc-title\">\n                Sommaire            <\/div>\n            <div class=\"toc-content\" style=\"column-count: 1;\">\n                <ul class=\"toc-list\"><li class=\"toc-item toc-level-2\"><a href=\"#toc-quand-renouveler\" class=\"toc-link\" data-same-page=\"true\">Quand renouveler ?<\/a><\/li><li class=\"toc-item toc-level-2\"><a href=\"#toc-cotisation-annuelle\" class=\"toc-link\" data-same-page=\"true\">Cotisation annuelle<\/a><\/li><li class=\"toc-item toc-level-2\"><a href=\"#toc-declaration-des-nouveaux-cols-franchis-dans-lannee\" class=\"toc-link\" data-same-page=\"true\">D\u00e9claration des nouveaux cols franchis dans l&#039;ann\u00e9e<\/a><\/li><li class=\"toc-item toc-level-2\"><a href=\"#toc-nouveaux-membres\" class=\"toc-link\" data-same-page=\"true\">Nouveaux membres<\/a><\/li><li class=\"toc-item toc-level-2\"><a href=\"#toc-documents-utiles\" class=\"toc-link\" data-same-page=\"true\">Documents utiles<\/a><\/li><\/ul>            <\/div>\n        <\/div>\n    \n\n\n<div style=\"height:32px\" aria-hidden=\"true\" class=\"wp-block-spacer\"><\/div>\n\n\n\n<h2 class=\"wp-block-heading\">Quand renouveler ?<\/h2>\n\n\n\n<p>Entre le 1<sup>er<\/sup> octobre et le 31 janvier, outre le paiement de votre cotisation \u00e0 votre d\u00e9l\u00e9gu\u00e9 territorial (DT), <a href=\"https:\/\/centcols.org\/les-delegues-et-autres-benevoles\/\" target=\"_blank\" rel=\"noreferrer noopener\">voir d\u00e9l\u00e9gu\u00e9s et autres b\u00e9n\u00e9voles en menu contacts<\/a>, vous devez adresser votre liste de cols franchis ou utiliser la d\u00e9claration en ligne.<\/p>\n\n\n\n<h2 class=\"wp-block-heading\">Cotisation annuelle<\/h2>\n\n\n\n<p>La cotisation annuelle s\u2019applique \u00e0 l\u2019ann\u00e9e civile, du 1er janvier au 31 d\u00e9cembre. S<strong>on montant annuel,<\/strong> inchang\u00e9 depuis 2019, est fix\u00e9 \u00e0 un <strong>minimum de 15 \u20ac<\/strong> (7,50 \u20ac pour les membres associ\u00e9s)<\/p>\n\n\n\n<div class=\"wp-block-columns is-layout-flex wp-container-core-columns-is-layout-9d6595d7 wp-block-columns-is-layout-flex\">\n<div class=\"wp-block-column is-layout-flow wp-block-column-is-layout-flow\">\n<p>Il y a plusieurs possibilit\u00e9s pour payer vos cotisations. Pour plus de d\u00e9tails, voir la page concernant les <a href=\"\/moyens-paiement\/\">moyens de paiement<\/a>.<br>Nous vous invitons \u00e0 plut\u00f4t privil\u00e9gier les moyens de paiements classiques list\u00e9s dans la page moyens de paiements mais n\u00e9anmoins si vous d\u00e9sirez payer par PayPal, utilisez le bouton ci-dessous. Il est aussi possible de payer par ce moyen sans avoir de compte PayPal mais en utilisant une carte de cr\u00e9dit. Ce mode de paiement engendre des frais et une majoration de 1 \u20ac est demand\u00e9e (donc minimum 16 \u20ac pour une cotisation annuelle, 8,50 \u20ac pour les membres associ\u00e9s). Veuillez bien indiquer aussi votre num\u00e9ro de membre lors du paiement.<\/p>\n\n\n\n<p>Paiement par PayPal :<\/p>\r\n<form action=\"https:\/\/www.paypal.com\/cgi-bin\/webscr\" method=\"post\" target=\"paypal\"><input name=\"cmd\" type=\"hidden\" value=\"_s-xclick\" \/> <input name=\"hosted_button_id\" type=\"hidden\" value=\"PG4YEL2ZV4XWW\" \/> <input name=\"lc\" type=\"hidden\" value=\"FR\" \/> <input name=\"item_name\" type=\"hidden\" value=\"Cotisation annuelle (minimum 16 EUR frais compris)\" \/> <input name=\"currency_code\" type=\"hidden\" value=\"EUR\" \/> <input name=\"button_subtype\" type=\"hidden\" value=\"services\" \/> <input name=\"bn\" type=\"hidden\" value=\"PP-BuyNowBF:btn_buynowCC_LG.gif:NonHosted\" \/> <input alt=\"PayPal\" name=\"submit\" src=\"https:\/\/www.paypalobjects.com\/fr_FR\/FR\/i\/btn\/btn_paynowCC_LG.gif\" type=\"image\" \/> <img loading=\"lazy\" decoding=\"async\" src=\"https:\/\/www.paypalobjects.com\/fr_FR\/i\/scr\/pixel.gif\" alt=\"\" width=\"1\" height=\"1\" border=\"0\" \/><\/form>\n<\/div>\n\n\n\n<div class=\"wp-block-column is-vertically-aligned-center is-layout-flow wp-block-column-is-layout-flow\"><div class=\"wp-block-image is-style-default\">\n<figure class=\"aligncenter size-full is-resized\"><img loading=\"lazy\" decoding=\"async\" width=\"900\" height=\"491\" src=\"https:\/\/centcols.org\/wp-content\/uploads\/2025\/06\/cotisation-annuelle.jpg\" alt=\"\" class=\"wp-image-84361\" style=\"aspect-ratio:16\/9;object-fit:contain;width:800px\" srcset=\"https:\/\/centcols.org\/wp-content\/uploads\/2025\/06\/cotisation-annuelle.jpg 900w, https:\/\/centcols.org\/wp-content\/uploads\/2025\/06\/cotisation-annuelle-768x419.jpg 768w\" sizes=\"auto, (max-width: 900px) 100vw, 900px\" \/><\/figure>\n<\/div><\/div>\n<\/div>\n\n\n\n<h2 class=\"wp-block-heading\">D\u00e9claration des nouveaux cols franchis dans l&rsquo;ann\u00e9e<\/h2>\n\n\n\n<p>Vous avez la possibilit\u00e9 de d\u00e9clarer les cols franchis durant la saison directement sur ce site <a href=\"\/membres\/cols\/declcols.php\">\u00e0 partir de votre espace personnel<\/a>. Toutefois, il reste possible d&rsquo;envoyer cette mise \u00e0 jour \u00e0 votre d\u00e9l\u00e9gu\u00e9 territorial soit sous forme de fichier informatique ou \u00e0 d\u00e9faut sous forme de liste sur papier si vous ne ma\u00eetrisez aucun outil informatique.<br><br>T\u00e9l\u00e9charger \/ imprimer la fiche de mise \u00e0 jour des cols franchis pendant l&rsquo;ann\u00e9e :<\/p>\n\n\n\n<ul class=\"wp-block-list\">\n<li><a href=\"https:\/\/centcols.org\/wp-content\/uploads\/2026\/01\/Fiche-MAJ-Cols-FR.xlsx\">format Excel<\/a> (MS Office)<\/li>\n\n\n\n<li><a href=\"https:\/\/centcols.org\/wp-content\/uploads\/2026\/01\/Fiche-MAJ-Cols-FR.ods\">format Calc<\/a>&nbsp;(LibreOffice)<\/li>\n\n\n\n<li><a href=\"https:\/\/centcols.org\/wp-content\/uploads\/2026\/01\/Fiche-MAJ-Cols-FR.pdf\">format PDF<\/a><\/li>\n<\/ul>\n\n\n\n<p>Les formats Excel et Calc sont ceux pr\u00e9f\u00e9r\u00e9s par vos DT par rapport au format PDF. Facilitez leur travail en les utilisant !<\/p>\n\n\n\n<p>Patrick Schleppi a pr\u00e9par\u00e9 un tutoriel vid\u00e9o pour vous aider \u00e0 comprendre le fonctionnement de la d\u00e9claration en ligne : voir <a href=\"\/Videos\/ballens2021.mp4\">Base de donn\u00e9es des cols, d\u00e9claration en ligne et brevets routiers<\/a>.<\/p>\n\n\n\n<h2 class=\"wp-block-heading\">Nouveaux membres<\/h2>\n\n\n\n<p>Voyez le <a href=\"\/formulaire-inscription\/\">formulaire d&rsquo;inscription<\/a>.<\/p>\n\n\n\n<h2 class=\"wp-block-heading\">Documents utiles<\/h2>\n\n\n\n<div class=\"wp-block-query grid-nous-rejoindre is-layout-constrained wp-block-query-is-layout-constrained\"><ul class=\"columns-4 wp-block-post-template is-layout-grid wp-container-core-post-template-is-layout-acd39556 wp-block-post-template-is-layout-grid\"><li class=\"wp-block-post post-93067 post type-post status-publish format-standard has-post-thumbnail hentry category-adhesion\">\n\n<div class=\"wp-block-group carte-article\"><div class=\"wp-block-group__inner-container is-layout-constrained wp-block-group-is-layout-constrained\"><figure style=\"aspect-ratio:16\/9;width:100%;\" class=\"wp-block-post-featured-image\"><a href=\"https:\/\/centcols.org\/en\/licences-ffct-2026\/\" target=\"_self\"  ><img loading=\"lazy\" decoding=\"async\" width=\"278\" height=\"181\" src=\"https:\/\/centcols.org\/wp-content\/uploads\/2025\/02\/images.jpeg\" class=\"attachment-post-thumbnail size-post-thumbnail wp-post-image\" alt=\"Licences FFCT 2026\" style=\"width:100%;height:100%;object-fit:cover;\" \/><\/a><\/figure>\n\n<h3 style=\"font-size:1.2rem;\" class=\"wp-block-post-title\"><a href=\"https:\/\/centcols.org\/en\/licences-ffct-2026\/\" target=\"_self\" >Licences FFCT 2026<\/a><\/h3>\n\n<div class=\"wp-block-post-excerpt\"><p class=\"wp-block-post-excerpt__excerpt\">Prendre une licence FFCT &#8211; Comment faire ? Vous appartenez toutes et&hellip;<\/p><p class=\"wp-block-post-excerpt__more-text\"><a class=\"wp-block-post-excerpt__more-link\" href=\"https:\/\/centcols.org\/en\/licences-ffct-2026\/\">Lire la suite \u2192<\/a><\/p><\/div><\/div><\/div>\n\n<\/li><li class=\"wp-block-post post-82256 post type-post status-publish format-standard has-post-thumbnail hentry category-tutos-pour-cols category-adhesion category-tutoriels\">\n\n<div class=\"wp-block-group carte-article\"><div class=\"wp-block-group__inner-container is-layout-constrained wp-block-group-is-layout-constrained\"><figure style=\"aspect-ratio:16\/9;width:100%;\" class=\"wp-block-post-featured-image\"><a href=\"https:\/\/centcols.org\/en\/declaration-en-ligne-des-cols\/\" target=\"_self\"  ><img loading=\"lazy\" decoding=\"async\" width=\"1745\" height=\"982\" src=\"https:\/\/centcols.org\/wp-content\/uploads\/2021\/02\/col.jpg\" class=\"attachment-post-thumbnail size-post-thumbnail wp-post-image\" alt=\"D\u00e9claration en ligne des cols\" style=\"width:100%;height:100%;object-fit:cover;\" srcset=\"https:\/\/centcols.org\/wp-content\/uploads\/2021\/02\/col.jpg 1745w, https:\/\/centcols.org\/wp-content\/uploads\/2021\/02\/col-1200x675.jpg 1200w, https:\/\/centcols.org\/wp-content\/uploads\/2021\/02\/col-768x432.jpg 768w, https:\/\/centcols.org\/wp-content\/uploads\/2021\/02\/col-1536x864.jpg 1536w\" sizes=\"auto, (max-width: 1745px) 100vw, 1745px\" \/><\/a><\/figure>\n\n<h3 style=\"font-size:1.2rem;\" class=\"wp-block-post-title\"><a href=\"https:\/\/centcols.org\/en\/declaration-en-ligne-des-cols\/\" target=\"_self\" >D\u00e9claration en ligne des cols<\/a><\/h3>\n\n<div class=\"wp-block-post-excerpt\"><p class=\"wp-block-post-excerpt__excerpt\">Aper\u00e7u Les membres du Club des Cent Cols d\u00e9clarent annuellement les cols&hellip;<\/p><p class=\"wp-block-post-excerpt__more-text\"><a class=\"wp-block-post-excerpt__more-link\" href=\"https:\/\/centcols.org\/en\/declaration-en-ligne-des-cols\/\">Lire la suite \u2192<\/a><\/p><\/div><\/div><\/div>\n\n<\/li><li class=\"wp-block-post post-83198 post type-post status-publish format-standard has-post-thumbnail hentry category-a-savoir-rejoindre category-adhesion\">\n\n<div class=\"wp-block-group carte-article\"><div class=\"wp-block-group__inner-container is-layout-constrained wp-block-group-is-layout-constrained\"><figure style=\"aspect-ratio:16\/9;width:100%;\" class=\"wp-block-post-featured-image\"><a href=\"https:\/\/centcols.org\/en\/moyens-paiement\/\" target=\"_self\"  ><img loading=\"lazy\" decoding=\"async\" width=\"900\" height=\"491\" src=\"https:\/\/centcols.org\/wp-content\/uploads\/2025\/06\/moyenspaiements.jpg\" class=\"attachment-post-thumbnail size-post-thumbnail wp-post-image\" alt=\"Comment effectuer son r\u00e8glement au Club des Cent Cols ?\" style=\"width:100%;height:100%;object-fit:cover;\" srcset=\"https:\/\/centcols.org\/wp-content\/uploads\/2025\/06\/moyenspaiements.jpg 900w, https:\/\/centcols.org\/wp-content\/uploads\/2025\/06\/moyenspaiements-768x419.jpg 768w\" sizes=\"auto, (max-width: 900px) 100vw, 900px\" \/><\/a><\/figure>\n\n<h3 style=\"font-size:1.2rem;\" class=\"wp-block-post-title\"><a href=\"https:\/\/centcols.org\/en\/moyens-paiement\/\" target=\"_self\" >Comment effectuer son r\u00e8glement au Club des Cent Cols ?<\/a><\/h3>\n\n<div class=\"wp-block-post-excerpt\"><p class=\"wp-block-post-excerpt__excerpt\">Moyens de r\u00e8glement libell\u00e9s en euros \u00e0 l\u2019ordre du Club des Cent&hellip;<\/p><p class=\"wp-block-post-excerpt__more-text\"><a class=\"wp-block-post-excerpt__more-link\" href=\"https:\/\/centcols.org\/en\/moyens-paiement\/\">Lire la suite \u2192<\/a><\/p><\/div><\/div><\/div>\n\n<\/li><li class=\"wp-block-post post-79389 post type-post status-publish format-standard has-post-thumbnail hentry category-adhesion category-nous-rejoindre\">\n\n<div class=\"wp-block-group carte-article\"><div class=\"wp-block-group__inner-container is-layout-constrained wp-block-group-is-layout-constrained\"><figure style=\"aspect-ratio:16\/9;width:100%;\" class=\"wp-block-post-featured-image\"><a href=\"https:\/\/centcols.org\/en\/declaration-annuelle-des-cols\/\" target=\"_self\"  ><img loading=\"lazy\" decoding=\"async\" width=\"1200\" height=\"675\" src=\"https:\/\/centcols.org\/wp-content\/uploads\/2025\/02\/declarationannuelle.jpg\" class=\"attachment-post-thumbnail size-post-thumbnail wp-post-image\" alt=\"D\u00e9claration annuelle des cols\" style=\"width:100%;height:100%;object-fit:cover;\" srcset=\"https:\/\/centcols.org\/wp-content\/uploads\/2025\/02\/declarationannuelle.jpg 1200w, https:\/\/centcols.org\/wp-content\/uploads\/2025\/02\/declarationannuelle-768x432.jpg 768w\" sizes=\"auto, (max-width: 1200px) 100vw, 1200px\" \/><\/a><\/figure>\n\n<h3 style=\"font-size:1.2rem;\" class=\"wp-block-post-title\"><a href=\"https:\/\/centcols.org\/en\/declaration-annuelle-des-cols\/\" target=\"_self\" >D\u00e9claration annuelle des cols<\/a><\/h3>\n\n<div class=\"wp-block-post-excerpt\"><p class=\"wp-block-post-excerpt__excerpt\">Entre le 1er octobre et le 31 janvier, outre le paiement de&hellip;<\/p><p class=\"wp-block-post-excerpt__more-text\"><a class=\"wp-block-post-excerpt__more-link\" href=\"https:\/\/centcols.org\/en\/declaration-annuelle-des-cols\/\">Lire la suite \u2192<\/a><\/p><\/div><\/div><\/div>\n\n<\/li><\/ul><\/div>\n","protected":false},"excerpt":{"rendered":"<p>Vous \u00eates d\u00e9j\u00e0 membre du Club des Cent Cols et souhaitez poursuivre l\u2019aventure ? Votre passion ne s\u2019arr\u00eate pas l\u00e0 : r\u00e9adh\u00e9rez, mettez \u00e0 jour votre licence et continuez \u00e0 vivre pleinement l\u2019esprit Cent Cols. Quand renouveler ? Entre le 1er octobre et le 31 janvier, outre le paiement de votre cotisation \u00e0 votre d\u00e9l\u00e9gu\u00e9 [&hellip;]<\/p>\n","protected":false},"author":2,"featured_media":84361,"parent":0,"menu_order":0,"comment_status":"closed","ping_status":"closed","template":"","meta":{"_acf_changed":false,"footnotes":""},"class_list":["post-83767","page","type-page","status-publish","has-post-thumbnail","hentry"],"acf":[],"yoast_head":"<!-- This site is optimized with the Yoast SEO plugin v27.2 - https:\/\/yoast.com\/product\/yoast-seo-wordpress\/ -->\n<title>Renouvellement adh\u00e9sion - Club des Cent Cols<\/title>\n<meta name=\"description\" content=\"r\u00e9adh\u00e9sion, licence, cotisation\" \/>\n<meta name=\"robots\" content=\"index, follow, max-snippet:-1, max-image-preview:large, max-video-preview:-1\" \/>\n<link rel=\"canonical\" href=\"https:\/\/centcols.org\/en\/membership-renewal\/\" \/>\n<meta property=\"og:locale\" content=\"en_GB\" \/>\n<meta property=\"og:type\" content=\"article\" \/>\n<meta property=\"og:title\" content=\"Renouvellement adh\u00e9sion - Club des Cent Cols\" \/>\n<meta property=\"og:description\" content=\"r\u00e9adh\u00e9sion, licence, cotisation\" \/>\n<meta property=\"og:url\" content=\"https:\/\/centcols.org\/en\/membership-renewal\/\" \/>\n<meta property=\"og:site_name\" content=\"Club des Cent Cols\" \/>\n<meta property=\"article:publisher\" content=\"https:\/\/www.facebook.com\/groups\/5261880558\/?locale=fr_FR\" \/>\n<meta property=\"article:modified_time\" content=\"2026-02-16T22:20:43+00:00\" \/>\n<meta property=\"og:image\" content=\"https:\/\/centcols.org\/wp-content\/uploads\/2025\/06\/cotisation-annuelle.jpg\" \/>\n\t<meta property=\"og:image:width\" content=\"900\" \/>\n\t<meta property=\"og:image:height\" content=\"491\" \/>\n\t<meta property=\"og:image:type\" content=\"image\/jpeg\" \/>\n<meta name=\"twitter:card\" content=\"summary_large_image\" \/>\n<meta name=\"twitter:label1\" content=\"Estimated reading time\" \/>\n\t<meta name=\"twitter:data1\" content=\"3 minutes\" \/>\n<script type=\"application\/ld+json\" class=\"yoast-schema-graph\">{\"@context\":\"https:\/\/schema.org\",\"@graph\":[{\"@type\":\"WebPage\",\"@id\":\"https:\/\/centcols.org\/renouvellement-adhesion\/\",\"url\":\"https:\/\/centcols.org\/renouvellement-adhesion\/\",\"name\":\"Renouvellement adh\u00e9sion - Club des Cent Cols\",\"isPartOf\":{\"@id\":\"https:\/\/centcols.org\/#website\"},\"primaryImageOfPage\":{\"@id\":\"https:\/\/centcols.org\/renouvellement-adhesion\/#primaryimage\"},\"image\":{\"@id\":\"https:\/\/centcols.org\/renouvellement-adhesion\/#primaryimage\"},\"thumbnailUrl\":\"https:\/\/centcols.org\/wp-content\/uploads\/2025\/06\/cotisation-annuelle.jpg\",\"datePublished\":\"2025-06-05T07:07:31+00:00\",\"dateModified\":\"2026-02-16T22:20:43+00:00\",\"description\":\"r\u00e9adh\u00e9sion, licence, cotisation\",\"breadcrumb\":{\"@id\":\"https:\/\/centcols.org\/renouvellement-adhesion\/#breadcrumb\"},\"inLanguage\":\"en-GB\",\"potentialAction\":[{\"@type\":\"ReadAction\",\"target\":[\"https:\/\/centcols.org\/renouvellement-adhesion\/\"]}]},{\"@type\":\"ImageObject\",\"inLanguage\":\"en-GB\",\"@id\":\"https:\/\/centcols.org\/renouvellement-adhesion\/#primaryimage\",\"url\":\"https:\/\/centcols.org\/wp-content\/uploads\/2025\/06\/cotisation-annuelle.jpg\",\"contentUrl\":\"https:\/\/centcols.org\/wp-content\/uploads\/2025\/06\/cotisation-annuelle.jpg\",\"width\":900,\"height\":491},{\"@type\":\"BreadcrumbList\",\"@id\":\"https:\/\/centcols.org\/renouvellement-adhesion\/#breadcrumb\",\"itemListElement\":[{\"@type\":\"ListItem\",\"position\":1,\"name\":\"Accueil\",\"item\":\"https:\/\/centcols.org\/\"},{\"@type\":\"ListItem\",\"position\":2,\"name\":\"Renouvellement adh\u00e9sion\"}]},{\"@type\":\"WebSite\",\"@id\":\"https:\/\/centcols.org\/#website\",\"url\":\"https:\/\/centcols.org\/\",\"name\":\"Club des Cent Cols\",\"description\":\"\",\"publisher\":{\"@id\":\"https:\/\/centcols.org\/#organization\"},\"potentialAction\":[{\"@type\":\"SearchAction\",\"target\":{\"@type\":\"EntryPoint\",\"urlTemplate\":\"https:\/\/centcols.org\/?s={search_term_string}\"},\"query-input\":{\"@type\":\"PropertyValueSpecification\",\"valueRequired\":true,\"valueName\":\"search_term_string\"}}],\"inLanguage\":\"en-GB\"},{\"@type\":\"Organization\",\"@id\":\"https:\/\/centcols.org\/#organization\",\"name\":\"Club des Cent Cols\",\"url\":\"https:\/\/centcols.org\/\",\"logo\":{\"@type\":\"ImageObject\",\"inLanguage\":\"en-GB\",\"@id\":\"https:\/\/centcols.org\/#\/schema\/logo\/image\/\",\"url\":\"https:\/\/centcols.org\/wp-content\/uploads\/2025\/01\/carte-icone.png\",\"contentUrl\":\"https:\/\/centcols.org\/wp-content\/uploads\/2025\/01\/carte-icone.png\",\"width\":250,\"height\":250,\"caption\":\"Club des Cent Cols\"},\"image\":{\"@id\":\"https:\/\/centcols.org\/#\/schema\/logo\/image\/\"},\"sameAs\":[\"https:\/\/www.facebook.com\/groups\/5261880558\/?locale=fr_FR\"]}]}<\/script>\n<!-- \/ Yoast SEO plugin. -->","yoast_head_json":{"title":"Membership renewal - Club des Cent Cols","description":"re-enrolment, licence, subscription","robots":{"index":"index","follow":"follow","max-snippet":"max-snippet:-1","max-image-preview":"max-image-preview:large","max-video-preview":"max-video-preview:-1"},"canonical":"https:\/\/centcols.org\/en\/membership-renewal\/","og_locale":"en_GB","og_type":"article","og_title":"Renouvellement adh\u00e9sion - Club des Cent Cols","og_description":"r\u00e9adh\u00e9sion, licence, cotisation","og_url":"https:\/\/centcols.org\/en\/membership-renewal\/","og_site_name":"Club des Cent Cols","article_publisher":"https:\/\/www.facebook.com\/groups\/5261880558\/?locale=fr_FR","article_modified_time":"2026-02-16T22:20:43+00:00","og_image":[{"width":900,"height":491,"url":"https:\/\/centcols.org\/wp-content\/uploads\/2025\/06\/cotisation-annuelle.jpg","type":"image\/jpeg"}],"twitter_card":"summary_large_image","twitter_misc":{"Estimated reading time":"3 minutes"},"schema":{"@context":"https:\/\/schema.org","@graph":[{"@type":"WebPage","@id":"https:\/\/centcols.org\/renouvellement-adhesion\/","url":"https:\/\/centcols.org\/renouvellement-adhesion\/","name":"Membership renewal - Club des Cent Cols","isPartOf":{"@id":"https:\/\/centcols.org\/#website"},"primaryImageOfPage":{"@id":"https:\/\/centcols.org\/renouvellement-adhesion\/#primaryimage"},"image":{"@id":"https:\/\/centcols.org\/renouvellement-adhesion\/#primaryimage"},"thumbnailUrl":"https:\/\/centcols.org\/wp-content\/uploads\/2025\/06\/cotisation-annuelle.jpg","datePublished":"2025-06-05T07:07:31+00:00","dateModified":"2026-02-16T22:20:43+00:00","description":"re-enrolment, licence, subscription","breadcrumb":{"@id":"https:\/\/centcols.org\/renouvellement-adhesion\/#breadcrumb"},"inLanguage":"en-GB","potentialAction":[{"@type":"ReadAction","target":["https:\/\/centcols.org\/renouvellement-adhesion\/"]}]},{"@type":"ImageObject","inLanguage":"en-GB","@id":"https:\/\/centcols.org\/renouvellement-adhesion\/#primaryimage","url":"https:\/\/centcols.org\/wp-content\/uploads\/2025\/06\/cotisation-annuelle.jpg","contentUrl":"https:\/\/centcols.org\/wp-content\/uploads\/2025\/06\/cotisation-annuelle.jpg","width":900,"height":491},{"@type":"BreadcrumbList","@id":"https:\/\/centcols.org\/renouvellement-adhesion\/#breadcrumb","itemListElement":[{"@type":"ListItem","position":1,"name":"Accueil","item":"https:\/\/centcols.org\/"},{"@type":"ListItem","position":2,"name":"Renouvellement adh\u00e9sion"}]},{"@type":"WebSite","@id":"https:\/\/centcols.org\/#website","url":"https:\/\/centcols.org\/","name":"Club des Cent Cols","description":"","publisher":{"@id":"https:\/\/centcols.org\/#organization"},"potentialAction":[{"@type":"SearchAction","target":{"@type":"EntryPoint","urlTemplate":"https:\/\/centcols.org\/?s={search_term_string}"},"query-input":{"@type":"PropertyValueSpecification","valueRequired":true,"valueName":"search_term_string"}}],"inLanguage":"en-GB"},{"@type":"Organization","@id":"https:\/\/centcols.org\/#organization","name":"Club des Cent Cols","url":"https:\/\/centcols.org\/","logo":{"@type":"ImageObject","inLanguage":"en-GB","@id":"https:\/\/centcols.org\/#\/schema\/logo\/image\/","url":"https:\/\/centcols.org\/wp-content\/uploads\/2025\/01\/carte-icone.png","contentUrl":"https:\/\/centcols.org\/wp-content\/uploads\/2025\/01\/carte-icone.png","width":250,"height":250,"caption":"Club des Cent Cols"},"image":{"@id":"https:\/\/centcols.org\/#\/schema\/logo\/image\/"},"sameAs":["https:\/\/www.facebook.com\/groups\/5261880558\/?locale=fr_FR"]}]}},"_links":{"self":[{"href":"https:\/\/centcols.org\/en\/wp-json\/wp\/v2\/pages\/83767","targetHints":{"allow":["GET"]}}],"collection":[{"href":"https:\/\/centcols.org\/en\/wp-json\/wp\/v2\/pages"}],"about":[{"href":"https:\/\/centcols.org\/en\/wp-json\/wp\/v2\/types\/page"}],"author":[{"embeddable":true,"href":"https:\/\/centcols.org\/en\/wp-json\/wp\/v2\/users\/2"}],"replies":[{"embeddable":true,"href":"https:\/\/centcols.org\/en\/wp-json\/wp\/v2\/comments?post=83767"}],"version-history":[{"count":0,"href":"https:\/\/centcols.org\/en\/wp-json\/wp\/v2\/pages\/83767\/revisions"}],"wp:featuredmedia":[{"embeddable":true,"href":"https:\/\/centcols.org\/en\/wp-json\/wp\/v2\/media\/84361"}],"wp:attachment":[{"href":"https:\/\/centcols.org\/en\/wp-json\/wp\/v2\/media?parent=83767"}],"curies":[{"name":"wp","href":"https:\/\/api.w.org\/{rel}","templated":true}]}}