{"id":79135,"date":"2025-02-05T09:58:17","date_gmt":"2025-02-05T07:58:17","guid":{"rendered":"https:\/\/centcols.org\/statuts\/"},"modified":"2025-05-05T15:54:07","modified_gmt":"2025-05-05T13:54:07","slug":"estatutos","status":"publish","type":"page","link":"https:\/\/centcols.org\/es\/statuts\/","title":{"rendered":"Reglamento"},"content":{"rendered":"<h2 class=\"wp-block-heading\">Estatutos del Club des Cent Cols - 10 de noviembre de 2018<\/h2>\n\n\n\n<h3 class=\"wp-block-heading\">Art\u00edculo 1: Denominaci\u00f3n<\/h3>\n\n\n\n<p>Se ha creado una asociaci\u00f3n denominada \u00abClub des Cent Cols\u00bb.\u00bb<\/p>\n\n\n\n<h3 class=\"wp-block-heading\">Art\u00edculo 2: Objetivo<\/h3>\n\n\n\n<p>Reunir a todos los aficionados a la bicicleta de monta\u00f1a. Promover la bicicleta de monta\u00f1a organiz\u00e1ndola y apoy\u00e1ndola. De manera m\u00e1s general, llevar a cabo todas las operaciones relacionadas directa o indirectamente con la denominaci\u00f3n y susceptibles de facilitar su extensi\u00f3n o desarrollo.<\/p>\n\n\n\n<h3 class=\"wp-block-heading\">Art\u00edculo 3: Domicilio social<\/h3>\n\n\n\n<p>CDOS (Comit\u00e9 Ol\u00edmpico y Deportivo Departamental)<br>97A avenue de Gen\u00e8ve,<br>74000 ANNECY<\/p>\n\n\n\n<h3 class=\"wp-block-heading\">Art\u00edculo 4: Duraci\u00f3n<\/h3>\n\n\n\n<p>Sin l\u00edmites<\/p>\n\n\n\n<h3 class=\"wp-block-heading\">Art\u00edculo 5: Admisi\u00f3n<\/h3>\n\n\n\n<p>Para formar parte de la asociaci\u00f3n \u00abClub des Cent Cols\u00bb, hay que haber superado en bicicleta al menos 100 puertos diferentes, 5 de ellos a m\u00e1s de 2000 metros de altitud, y pagar una cuota de inscripci\u00f3n.<br><strong>Se aceptan cuatro categor\u00edas de afiliados:<\/strong><\/p>\n\n\n\n<ol class=\"wp-block-list\">\n<li>Miembros activos que no son miembros de la FFCT a trav\u00e9s del Club des Cent Cols y que han pagado su cuota anual.<\/li>\n\n\n\n<li>Miembros activos que son miembros de la FFCT a trav\u00e9s del Club des Cent Cols y han pagado su cuota anual.<\/li>\n\n\n\n<li>Miembros honorarios, exentos de la regla de los 100 pases, 5 de los cuales deben ser de m\u00e1s de 2000 metros (por decisi\u00f3n del Consejo de Administraci\u00f3n).<\/li>\n\n\n\n<li>Miembros asociados. Los miembros asociados deben estar apadrinados por un miembro activo con el que tengan una relaci\u00f3n familiar (c\u00f3nyuge, hijo). No est\u00e1n sujetos a la regla de los 100 pasos, 5 de los cuales deben ser de m\u00e1s de 2000 metros. Los miembros asociados tienen derecho a participar en los eventos colectivos de la Asociaci\u00f3n. Los miembros asociados pagan una cuota anual igual a la mitad de la cuota m\u00ednima de un miembro activo. Al no ser miembros activos, no tienen derecho a voto en las Asambleas Generales y no pueden ser elegidos directivos.<\/li>\n<\/ol>\n\n\n\n<h3 class=\"wp-block-heading\">Art\u00edculo 6: Baja en el registro<\/h3>\n\n\n\n<p>Puedes dejar la asociaci\u00f3n enviando una carta de dimisi\u00f3n.<br>La baja en la asociaci\u00f3n es autom\u00e1tica en caso de fallecimiento.<br>Los miembros pueden ser expulsados de la asociaci\u00f3n en caso de hacer trampas o no respetar el esp\u00edritu de la asociaci\u00f3n. La expulsi\u00f3n se decide por unanimidad de los miembros del bur\u00f3.<\/p>\n\n\n\n<h3 class=\"wp-block-heading\">Art\u00edculo 7: Recursos de la Asociaci\u00f3n<\/h3>\n\n\n\n<p>Los recursos incluyen :<\/p>\n\n\n\n<ul class=\"wp-block-list\">\n<li>El importe de la cuota de afiliaci\u00f3n y la suscripci\u00f3n anual.<\/li>\n\n\n\n<li>Los beneficios procedentes de la venta de productos o servicios, reservados a los miembros de la asociaci\u00f3n.<\/li>\n\n\n\n<li>Subvenciones o donaciones.<\/li>\n\n\n\n<li>Derechos de autor de los libros publicados en nombre de la asociaci\u00f3n.<\/li>\n<\/ul>\n\n\n\n<h3 class=\"wp-block-heading\">Art\u00edculo 8: El Consejo de Administraci\u00f3n<\/h3>\n\n\n\n<p>La asociaci\u00f3n est\u00e1 gestionada por un Consejo de Administraci\u00f3n compuesto por&nbsp;<em>3 miembros como m\u00ednimo y 11 como m\u00e1ximo,&nbsp;<\/em>elegidos por 4 a\u00f1os por la Junta General.&nbsp;<em>Se acepta el voto por correo y el voto electr\u00f3nico.<\/em>&nbsp;Los miembros pueden ser reelegidos.<br>El Consejo de Administraci\u00f3n elige entre sus miembros, por votaci\u00f3n secreta, un Comit\u00e9 Ejecutivo compuesto por un Presidente, un Secretario y un Tesorero. Estos 3 miembros deben ser miembros de la FFCT. Tambi\u00e9n pueden elegirse un Vicepresidente, un Secretario Adjunto y un Tesorero Adjunto.<br>En caso de vacante, el Consejo sustituye temporalmente a sus miembros por cooptaci\u00f3n. Son sustituidos definitivamente en la siguiente Junta General.<\/p>\n\n\n\n<h3 class=\"wp-block-heading\">Art\u00edculo 8 bis: Reuniones del Consejo<\/h3>\n\n\n\n<p>El Consejo se re\u00fane al menos una vez cada 6 meses, por invitaci\u00f3n del Presidente o a petici\u00f3n de una cuarta parte de sus miembros.<br>Las decisiones se toman por mayor\u00eda.<br>Todo miembro del Consejo que no asista a tres reuniones consecutivas sin excusarse podr\u00e1 ser considerado dimisionario.<\/p>\n\n\n\n<h3 class=\"wp-block-heading\">Art\u00edculo 9: Junta General Ordinaria<\/h3>\n\n\n\n<p>La Asamblea General Ordinaria est\u00e1 compuesta por todos los miembros cotizantes. Se re\u00fane una vez al a\u00f1o, a ser posible en el \u00faltimo trimestre del a\u00f1o natural.<br>Quince d\u00edas antes de la fecha fijada, los miembros de la Asociaci\u00f3n son convocados por el Secretario. En la invitaci\u00f3n se indica el orden del d\u00eda y se incluye un formulario de voto por correo.<br>El Presidente, asistido por los miembros del Consejo, preside la reuni\u00f3n e informa sobre la situaci\u00f3n moral de la Asociaci\u00f3n.<br>El Tesorero informa sobre la gesti\u00f3n y somete el balance a la aprobaci\u00f3n de la asamblea.<br>El Secretario General presenta el informe anual.<br>Los miembros del Consejo se sustituyen cada 4 a\u00f1os mediante votaci\u00f3n secreta.<br>S\u00f3lo se responder\u00e1 en la reuni\u00f3n a las preguntas escritas recibidas una semana antes de la fecha de la Junta General de Accionistas.<\/p>\n\n\n\n<h3 class=\"wp-block-heading\">Art\u00edculo 10: Junta General Extraordinaria<\/h3>\n\n\n\n<p>En caso de necesidad, o a petici\u00f3n de la mitad m\u00e1s uno de los miembros desembolsados, el Presidente podr\u00e1 convocar una Junta General Extraordinaria de conformidad con las formalidades previstas en el art\u00edculo 9.<\/p>\n\n\n\n<h3 class=\"wp-block-heading\">Art\u00edculo 11: Reglamento interno<\/h3>\n\n\n\n<p>El Consejo de Administraci\u00f3n podr\u00e1 elaborar un reglamento interno que se someter\u00e1 a la aprobaci\u00f3n de la Junta General.<\/p>\n\n\n\n<h3 class=\"wp-block-heading\">Art\u00edculo 12 y \u00faltimo: Disoluci\u00f3n<\/h3>\n\n\n\n<p>En caso de que se prevea la disoluci\u00f3n, el Consejo de Administraci\u00f3n la someter\u00e1 a la aprobaci\u00f3n de la F\u00e9d\u00e9ration Fran\u00e7aise de Cyclotourisme. Si \u00e9sta se niega, la Federaci\u00f3n asumir\u00e1 la gesti\u00f3n de la asociaci\u00f3n \u00abClub des Cent Cols\u00bb.<\/p>\n\n\n\n<hr class=\"wp-block-separator has-alpha-channel-opacity\"\/>\n\n\n\n<p>Hecho en N\u00e2ves Parmelan el 15 de noviembre de 2018, tras las modificaciones votadas en la Junta General Extraordinaria del 10 de noviembre de 2018.<\/p>\n\n\n\n<p><strong>Guy Harle<\/strong><br><em>Secretario General<\/em><\/p>\n\n\n\n<p>Remitido a la Prefectura de Alta Saboya.<\/p>","protected":false},"excerpt":{"rendered":"<p>Statuts du Club des Cent Cols &#8211; 10 novembre 2018 Article 1 : appellation Il est cr\u00e9\u00e9 une association appel\u00e9e \u00ab Club des Cent Cols \u00bb Article 2 : objet Regrouper toutes les personnes aimant la pratique du v\u00e9lo en montagne. Valoriser cette pratique en l\u2019organisant et en la soutenant. Plus g\u00e9n\u00e9ralement, conduire toutes op\u00e9rations [&hellip;]<\/p>\n","protected":false},"author":2,"featured_media":0,"parent":0,"menu_order":0,"comment_status":"open","ping_status":"open","template":"","meta":{"_acf_changed":false,"footnotes":""},"class_list":["post-79135","page","type-page","status-publish","hentry"],"acf":[],"yoast_head":"<!-- This site is optimized with the Yoast SEO plugin v27.2 - https:\/\/yoast.com\/product\/yoast-seo-wordpress\/ -->\n<title>Statuts - Club des Cent Cols<\/title>\n<meta name=\"robots\" content=\"index, follow, max-snippet:-1, max-image-preview:large, max-video-preview:-1\" \/>\n<link rel=\"canonical\" href=\"https:\/\/centcols.org\/es\/estatutos\/\" \/>\n<meta property=\"og:locale\" content=\"es_ES\" \/>\n<meta property=\"og:type\" content=\"article\" \/>\n<meta property=\"og:title\" content=\"Statuts - Club des Cent Cols\" \/>\n<meta property=\"og:description\" content=\"Statuts du Club des Cent Cols &#8211; 10 novembre 2018 Article 1 : appellation Il est cr\u00e9\u00e9 une association appel\u00e9e \u00ab Club des Cent Cols \u00bb Article 2 : objet Regrouper toutes les personnes aimant la pratique du v\u00e9lo en montagne. Valoriser cette pratique en l\u2019organisant et en la soutenant. Plus g\u00e9n\u00e9ralement, conduire toutes op\u00e9rations [&hellip;]\" \/>\n<meta property=\"og:url\" content=\"https:\/\/centcols.org\/es\/estatutos\/\" \/>\n<meta property=\"og:site_name\" content=\"Club des Cent Cols\" \/>\n<meta property=\"article:publisher\" content=\"https:\/\/www.facebook.com\/groups\/5261880558\/?locale=fr_FR\" \/>\n<meta property=\"article:modified_time\" content=\"2025-05-05T13:54:07+00:00\" \/>\n<meta name=\"twitter:card\" content=\"summary_large_image\" \/>\n<meta name=\"twitter:label1\" content=\"Tiempo de lectura\" \/>\n\t<meta name=\"twitter:data1\" content=\"5 minutos\" \/>\n<script type=\"application\/ld+json\" class=\"yoast-schema-graph\">{\"@context\":\"https:\/\/schema.org\",\"@graph\":[{\"@type\":\"WebPage\",\"@id\":\"https:\/\/centcols.org\/statuts\/\",\"url\":\"https:\/\/centcols.org\/statuts\/\",\"name\":\"Statuts - Club des Cent Cols\",\"isPartOf\":{\"@id\":\"https:\/\/centcols.org\/#website\"},\"datePublished\":\"2025-02-05T07:58:17+00:00\",\"dateModified\":\"2025-05-05T13:54:07+00:00\",\"breadcrumb\":{\"@id\":\"https:\/\/centcols.org\/statuts\/#breadcrumb\"},\"inLanguage\":\"es\",\"potentialAction\":[{\"@type\":\"ReadAction\",\"target\":[\"https:\/\/centcols.org\/statuts\/\"]}]},{\"@type\":\"BreadcrumbList\",\"@id\":\"https:\/\/centcols.org\/statuts\/#breadcrumb\",\"itemListElement\":[{\"@type\":\"ListItem\",\"position\":1,\"name\":\"Accueil\",\"item\":\"https:\/\/centcols.org\/\"},{\"@type\":\"ListItem\",\"position\":2,\"name\":\"Statuts\"}]},{\"@type\":\"WebSite\",\"@id\":\"https:\/\/centcols.org\/#website\",\"url\":\"https:\/\/centcols.org\/\",\"name\":\"Club des Cent Cols\",\"description\":\"\",\"publisher\":{\"@id\":\"https:\/\/centcols.org\/#organization\"},\"potentialAction\":[{\"@type\":\"SearchAction\",\"target\":{\"@type\":\"EntryPoint\",\"urlTemplate\":\"https:\/\/centcols.org\/?s={search_term_string}\"},\"query-input\":{\"@type\":\"PropertyValueSpecification\",\"valueRequired\":true,\"valueName\":\"search_term_string\"}}],\"inLanguage\":\"es\"},{\"@type\":\"Organization\",\"@id\":\"https:\/\/centcols.org\/#organization\",\"name\":\"Club des Cent Cols\",\"url\":\"https:\/\/centcols.org\/\",\"logo\":{\"@type\":\"ImageObject\",\"inLanguage\":\"es\",\"@id\":\"https:\/\/centcols.org\/#\/schema\/logo\/image\/\",\"url\":\"https:\/\/centcols.org\/wp-content\/uploads\/2025\/01\/carte-icone.png\",\"contentUrl\":\"https:\/\/centcols.org\/wp-content\/uploads\/2025\/01\/carte-icone.png\",\"width\":250,\"height\":250,\"caption\":\"Club des Cent Cols\"},\"image\":{\"@id\":\"https:\/\/centcols.org\/#\/schema\/logo\/image\/\"},\"sameAs\":[\"https:\/\/www.facebook.com\/groups\/5261880558\/?locale=fr_FR\"]}]}<\/script>\n<!-- \/ Yoast SEO plugin. -->","yoast_head_json":{"title":"Estatutos - Club des Cent Cols","robots":{"index":"index","follow":"follow","max-snippet":"max-snippet:-1","max-image-preview":"max-image-preview:large","max-video-preview":"max-video-preview:-1"},"canonical":"https:\/\/centcols.org\/es\/estatutos\/","og_locale":"es_ES","og_type":"article","og_title":"Statuts - Club des Cent Cols","og_description":"Statuts du Club des Cent Cols &#8211; 10 novembre 2018 Article 1 : appellation Il est cr\u00e9\u00e9 une association appel\u00e9e \u00ab Club des Cent Cols \u00bb Article 2 : objet Regrouper toutes les personnes aimant la pratique du v\u00e9lo en montagne. Valoriser cette pratique en l\u2019organisant et en la soutenant. Plus g\u00e9n\u00e9ralement, conduire toutes op\u00e9rations [&hellip;]","og_url":"https:\/\/centcols.org\/es\/estatutos\/","og_site_name":"Club des Cent Cols","article_publisher":"https:\/\/www.facebook.com\/groups\/5261880558\/?locale=fr_FR","article_modified_time":"2025-05-05T13:54:07+00:00","twitter_card":"summary_large_image","twitter_misc":{"Tiempo de lectura":"5 minutos"},"schema":{"@context":"https:\/\/schema.org","@graph":[{"@type":"WebPage","@id":"https:\/\/centcols.org\/statuts\/","url":"https:\/\/centcols.org\/statuts\/","name":"Estatutos - Club des Cent Cols","isPartOf":{"@id":"https:\/\/centcols.org\/#website"},"datePublished":"2025-02-05T07:58:17+00:00","dateModified":"2025-05-05T13:54:07+00:00","breadcrumb":{"@id":"https:\/\/centcols.org\/statuts\/#breadcrumb"},"inLanguage":"es","potentialAction":[{"@type":"ReadAction","target":["https:\/\/centcols.org\/statuts\/"]}]},{"@type":"BreadcrumbList","@id":"https:\/\/centcols.org\/statuts\/#breadcrumb","itemListElement":[{"@type":"ListItem","position":1,"name":"Accueil","item":"https:\/\/centcols.org\/"},{"@type":"ListItem","position":2,"name":"Statuts"}]},{"@type":"WebSite","@id":"https:\/\/centcols.org\/#website","url":"https:\/\/centcols.org\/","name":"Club des Cent Cols","description":"","publisher":{"@id":"https:\/\/centcols.org\/#organization"},"potentialAction":[{"@type":"SearchAction","target":{"@type":"EntryPoint","urlTemplate":"https:\/\/centcols.org\/?s={search_term_string}"},"query-input":{"@type":"PropertyValueSpecification","valueRequired":true,"valueName":"search_term_string"}}],"inLanguage":"es"},{"@type":"Organization","@id":"https:\/\/centcols.org\/#organization","name":"Club des Cent Cols","url":"https:\/\/centcols.org\/","logo":{"@type":"ImageObject","inLanguage":"es","@id":"https:\/\/centcols.org\/#\/schema\/logo\/image\/","url":"https:\/\/centcols.org\/wp-content\/uploads\/2025\/01\/carte-icone.png","contentUrl":"https:\/\/centcols.org\/wp-content\/uploads\/2025\/01\/carte-icone.png","width":250,"height":250,"caption":"Club des Cent Cols"},"image":{"@id":"https:\/\/centcols.org\/#\/schema\/logo\/image\/"},"sameAs":["https:\/\/www.facebook.com\/groups\/5261880558\/?locale=fr_FR"]}]}},"_links":{"self":[{"href":"https:\/\/centcols.org\/es\/wp-json\/wp\/v2\/pages\/79135","targetHints":{"allow":["GET"]}}],"collection":[{"href":"https:\/\/centcols.org\/es\/wp-json\/wp\/v2\/pages"}],"about":[{"href":"https:\/\/centcols.org\/es\/wp-json\/wp\/v2\/types\/page"}],"author":[{"embeddable":true,"href":"https:\/\/centcols.org\/es\/wp-json\/wp\/v2\/users\/2"}],"replies":[{"embeddable":true,"href":"https:\/\/centcols.org\/es\/wp-json\/wp\/v2\/comments?post=79135"}],"version-history":[{"count":0,"href":"https:\/\/centcols.org\/es\/wp-json\/wp\/v2\/pages\/79135\/revisions"}],"wp:attachment":[{"href":"https:\/\/centcols.org\/es\/wp-json\/wp\/v2\/media?parent=79135"}],"curies":[{"name":"wp","href":"https:\/\/api.w.org\/{rel}","templated":true}]}}