{"id":79147,"date":"2025-02-05T09:58:17","date_gmt":"2025-02-05T07:58:17","guid":{"rendered":"https:\/\/centcols.org\/formulaire-dinscription\/"},"modified":"2025-10-25T10:30:06","modified_gmt":"2025-10-25T08:30:06","slug":"formulario-de-inscripcion","status":"publish","type":"page","link":"https:\/\/centcols.org\/es\/formulaire-inscription\/","title":{"rendered":"Formulario de inscripci\u00f3n"},"content":{"rendered":"<h2 class=\"wp-block-heading\">Nuevos miembros<\/h2>\n\n\n\n<h3 class=\"wp-block-heading\">Formularios de inscripci\u00f3n<\/h3>\n\n\n\n<p>Preferiblemente, env\u00ede su solicitud como archivo inform\u00e1tico:\u00a0<br>- LibreOffice :\u00a0 <strong><a href=\"\/wp-content\/uploads\/2025\/10\/fi.ods\" target=\"_blank\" rel=\"noreferrer noopener\">formulario de inscripci\u00f3n en formato Calc<\/a>\u00a0<\/strong><br>- MS Office :\u00a0 <a href=\"\/wp-content\/uploads\/2025\/10\/fi.xlsx\" target=\"_blank\" rel=\"noreferrer noopener\"><strong>formulario de inscripci\u00f3n en formato Excel<\/strong><\/a><strong><br><\/strong>- PDF : <strong><a href=\"\/wp-content\/uploads\/2025\/10\/fi.pdf\" target=\"_blank\" rel=\"noreferrer noopener\">formulario de inscripci\u00f3n en formato PDF<\/a><\/strong><\/p>\n\n\n\n<p>Para las entradas manuscritas, tambi\u00e9n puedes utilizar el documento : <strong><a href=\"\/wp-content\/uploads\/2025\/10\/fi.pdf\" target=\"_blank\" rel=\"noreferrer noopener\">archivo en formato PDF<\/a><\/strong><br>Para una lista manuscrita, utilice este documento: <strong><a href=\"https:\/\/centcols.org\/wp-content\/uploads\/2025\/08\/Liste-cols.pdf\" target=\"_blank\" rel=\"noreferrer noopener\">lista manuscrita de collares<\/a><\/strong><\/p>\n\n\n\n<h3 class=\"wp-block-heading\">Cuota de inscripci\u00f3n<\/h3>\n\n\n\n<p>La cuota de inscripci\u00f3n para el Club es de <strong>20 \u20ac<\/strong>. Hay varias formas de pagar sus cotizaciones. Para m\u00e1s informaci\u00f3n, consulte la p\u00e1gina <a href=\"https:\/\/centcols.org\/es\/comment-effectuer-son-reglement-au-club-des-cent-cols\/\" target=\"_blank\" rel=\"noreferrer noopener\">medios de pago<\/a>.<br>Si desea pagar con PayPal, utilice el bot\u00f3n de abajo. Tambi\u00e9n es posible pagar con tarjeta de cr\u00e9dito sin cuenta PayPal. Este m\u00e9todo de pago conlleva gastos para el club, por lo que se aplicar\u00e1 un recargo de 1 euro (m\u00ednimo 21 euros). Por favor, indique su nombre al pagar.<\/p>\n\n\n\n<p>Pago por PayPal :<\/p>\n<form action=\"https:\/\/www.paypal.com\/cgi-bin\/webscr\" method=\"post\" target=\"paypal\"><input name=\"cmd\" type=\"hidden\" value=\"_s-xclick\" \/> <input name=\"hosted_button_id\" type=\"hidden\" value=\"PG4YEL2ZV4XWW\" \/> <input name=\"item_name\" type=\"hidden\" value=\"Cotisation initiale (minimum 21 EUR frais compris)\" \/> <input name=\"currency_code\" type=\"hidden\" value=\"EUR\" \/> <input name=\"button_subtype\" type=\"hidden\" value=\"services\" \/> <input name=\"bn\" type=\"hidden\" value=\"PP-BuyNowBF:btn_buynowCC_LG.gif:NonHosted\" \/><input alt=\"PayPal\" name=\"submit\" src=\"https:\/\/www.paypalobjects.com\/fr_FR\/FR\/i\/btn\/btn_paynowCC_LG.gif\" type=\"image\" \/> <img loading=\"lazy\" decoding=\"async\" src=\"https:\/\/www.paypalobjects.com\/fr_FR\/i\/scr\/pixel.gif\" alt=\"\" width=\"1\" height=\"1\" border=\"0\" \/><\/form>","protected":false},"excerpt":{"rendered":"<p>Nouveaux membres Formulaires d&rsquo;inscription De pr\u00e9f\u00e9rence, envoyez votre dossier sous forme de fichier informatique :\u00a0&#8211; LibreOffice :\u00a0 dossier d&rsquo;inscription au format Calc\u00a0&#8211; MS Office :\u00a0 dossier d&rsquo;inscription au format Excel&#8211; PDF : dossier d&rsquo;inscription au format PDF Pour une inscription \u00e0 pr\u00e9senter de fa\u00e7on manuscrite, utilisez aussi le document : dossier au format PDFPour une [&hellip;]<\/p>\n","protected":false},"author":2,"featured_media":83221,"parent":0,"menu_order":0,"comment_status":"open","ping_status":"closed","template":"","meta":{"_acf_changed":false,"footnotes":""},"class_list":["post-79147","page","type-page","status-publish","has-post-thumbnail","hentry"],"acf":[],"yoast_head":"<!-- This site is optimized with the Yoast SEO plugin v27.2 - https:\/\/yoast.com\/product\/yoast-seo-wordpress\/ -->\n<title>Formulaire d&#039;inscription - Club des Cent Cols<\/title>\n<meta name=\"robots\" content=\"index, follow, max-snippet:-1, max-image-preview:large, max-video-preview:-1\" \/>\n<link rel=\"canonical\" href=\"https:\/\/centcols.org\/es\/formulario-de-inscripcion\/\" \/>\n<meta property=\"og:locale\" content=\"es_ES\" \/>\n<meta property=\"og:type\" content=\"article\" \/>\n<meta property=\"og:title\" content=\"Formulaire d&#039;inscription - Club des Cent Cols\" \/>\n<meta property=\"og:description\" content=\"Nouveaux membres Formulaires d&rsquo;inscription De pr\u00e9f\u00e9rence, envoyez votre dossier sous forme de fichier informatique :\u00a0&#8211; LibreOffice :\u00a0 dossier d&rsquo;inscription au format Calc\u00a0&#8211; MS Office :\u00a0 dossier d&rsquo;inscription au format Excel&#8211; PDF : dossier d&rsquo;inscription au format PDF Pour une inscription \u00e0 pr\u00e9senter de fa\u00e7on manuscrite, utilisez aussi le document : dossier au format PDFPour une [&hellip;]\" \/>\n<meta property=\"og:url\" content=\"https:\/\/centcols.org\/es\/formulario-de-inscripcion\/\" \/>\n<meta property=\"og:site_name\" content=\"Club des Cent Cols\" \/>\n<meta property=\"article:publisher\" content=\"https:\/\/www.facebook.com\/groups\/5261880558\/?locale=fr_FR\" \/>\n<meta property=\"article:modified_time\" content=\"2025-10-25T08:30:06+00:00\" \/>\n<meta property=\"og:image\" content=\"https:\/\/centcols.org\/wp-content\/uploads\/2025\/06\/formulaire2.jpg\" \/>\n\t<meta property=\"og:image:width\" content=\"1200\" \/>\n\t<meta property=\"og:image:height\" content=\"675\" \/>\n\t<meta property=\"og:image:type\" content=\"image\/jpeg\" \/>\n<meta name=\"twitter:card\" content=\"summary_large_image\" \/>\n<meta name=\"twitter:label1\" content=\"Tiempo de lectura\" \/>\n\t<meta name=\"twitter:data1\" content=\"2 minutos\" \/>\n<script type=\"application\/ld+json\" class=\"yoast-schema-graph\">{\"@context\":\"https:\/\/schema.org\",\"@graph\":[{\"@type\":\"WebPage\",\"@id\":\"https:\/\/centcols.org\/formulaire-inscription\/\",\"url\":\"https:\/\/centcols.org\/formulaire-inscription\/\",\"name\":\"Formulaire d'inscription - Club des Cent Cols\",\"isPartOf\":{\"@id\":\"https:\/\/centcols.org\/#website\"},\"primaryImageOfPage\":{\"@id\":\"https:\/\/centcols.org\/formulaire-inscription\/#primaryimage\"},\"image\":{\"@id\":\"https:\/\/centcols.org\/formulaire-inscription\/#primaryimage\"},\"thumbnailUrl\":\"https:\/\/centcols.org\/wp-content\/uploads\/2025\/06\/formulaire2.jpg\",\"datePublished\":\"2025-02-05T07:58:17+00:00\",\"dateModified\":\"2025-10-25T08:30:06+00:00\",\"breadcrumb\":{\"@id\":\"https:\/\/centcols.org\/formulaire-inscription\/#breadcrumb\"},\"inLanguage\":\"es\",\"potentialAction\":[{\"@type\":\"ReadAction\",\"target\":[\"https:\/\/centcols.org\/formulaire-inscription\/\"]}]},{\"@type\":\"ImageObject\",\"inLanguage\":\"es\",\"@id\":\"https:\/\/centcols.org\/formulaire-inscription\/#primaryimage\",\"url\":\"https:\/\/centcols.org\/wp-content\/uploads\/2025\/06\/formulaire2.jpg\",\"contentUrl\":\"https:\/\/centcols.org\/wp-content\/uploads\/2025\/06\/formulaire2.jpg\",\"width\":1200,\"height\":675},{\"@type\":\"BreadcrumbList\",\"@id\":\"https:\/\/centcols.org\/formulaire-inscription\/#breadcrumb\",\"itemListElement\":[{\"@type\":\"ListItem\",\"position\":1,\"name\":\"Accueil\",\"item\":\"https:\/\/centcols.org\/\"},{\"@type\":\"ListItem\",\"position\":2,\"name\":\"Formulaire d&rsquo;inscription\"}]},{\"@type\":\"WebSite\",\"@id\":\"https:\/\/centcols.org\/#website\",\"url\":\"https:\/\/centcols.org\/\",\"name\":\"Club des Cent Cols\",\"description\":\"\",\"publisher\":{\"@id\":\"https:\/\/centcols.org\/#organization\"},\"potentialAction\":[{\"@type\":\"SearchAction\",\"target\":{\"@type\":\"EntryPoint\",\"urlTemplate\":\"https:\/\/centcols.org\/?s={search_term_string}\"},\"query-input\":{\"@type\":\"PropertyValueSpecification\",\"valueRequired\":true,\"valueName\":\"search_term_string\"}}],\"inLanguage\":\"es\"},{\"@type\":\"Organization\",\"@id\":\"https:\/\/centcols.org\/#organization\",\"name\":\"Club des Cent Cols\",\"url\":\"https:\/\/centcols.org\/\",\"logo\":{\"@type\":\"ImageObject\",\"inLanguage\":\"es\",\"@id\":\"https:\/\/centcols.org\/#\/schema\/logo\/image\/\",\"url\":\"https:\/\/centcols.org\/wp-content\/uploads\/2025\/01\/carte-icone.png\",\"contentUrl\":\"https:\/\/centcols.org\/wp-content\/uploads\/2025\/01\/carte-icone.png\",\"width\":250,\"height\":250,\"caption\":\"Club des Cent Cols\"},\"image\":{\"@id\":\"https:\/\/centcols.org\/#\/schema\/logo\/image\/\"},\"sameAs\":[\"https:\/\/www.facebook.com\/groups\/5261880558\/?locale=fr_FR\"]}]}<\/script>\n<!-- \/ Yoast SEO plugin. -->","yoast_head_json":{"title":"Formulario de inscripci\u00f3n - Club des Cent Cols","robots":{"index":"index","follow":"follow","max-snippet":"max-snippet:-1","max-image-preview":"max-image-preview:large","max-video-preview":"max-video-preview:-1"},"canonical":"https:\/\/centcols.org\/es\/formulario-de-inscripcion\/","og_locale":"es_ES","og_type":"article","og_title":"Formulaire d'inscription - Club des Cent Cols","og_description":"Nouveaux membres Formulaires d&rsquo;inscription De pr\u00e9f\u00e9rence, envoyez votre dossier sous forme de fichier informatique :\u00a0&#8211; LibreOffice :\u00a0 dossier d&rsquo;inscription au format Calc\u00a0&#8211; MS Office :\u00a0 dossier d&rsquo;inscription au format Excel&#8211; PDF : dossier d&rsquo;inscription au format PDF Pour une inscription \u00e0 pr\u00e9senter de fa\u00e7on manuscrite, utilisez aussi le document : dossier au format PDFPour une [&hellip;]","og_url":"https:\/\/centcols.org\/es\/formulario-de-inscripcion\/","og_site_name":"Club des Cent Cols","article_publisher":"https:\/\/www.facebook.com\/groups\/5261880558\/?locale=fr_FR","article_modified_time":"2025-10-25T08:30:06+00:00","og_image":[{"width":1200,"height":675,"url":"https:\/\/centcols.org\/wp-content\/uploads\/2025\/06\/formulaire2.jpg","type":"image\/jpeg"}],"twitter_card":"summary_large_image","twitter_misc":{"Tiempo de lectura":"2 minutos"},"schema":{"@context":"https:\/\/schema.org","@graph":[{"@type":"WebPage","@id":"https:\/\/centcols.org\/formulaire-inscription\/","url":"https:\/\/centcols.org\/formulaire-inscription\/","name":"Formulario de inscripci\u00f3n - Club des Cent Cols","isPartOf":{"@id":"https:\/\/centcols.org\/#website"},"primaryImageOfPage":{"@id":"https:\/\/centcols.org\/formulaire-inscription\/#primaryimage"},"image":{"@id":"https:\/\/centcols.org\/formulaire-inscription\/#primaryimage"},"thumbnailUrl":"https:\/\/centcols.org\/wp-content\/uploads\/2025\/06\/formulaire2.jpg","datePublished":"2025-02-05T07:58:17+00:00","dateModified":"2025-10-25T08:30:06+00:00","breadcrumb":{"@id":"https:\/\/centcols.org\/formulaire-inscription\/#breadcrumb"},"inLanguage":"es","potentialAction":[{"@type":"ReadAction","target":["https:\/\/centcols.org\/formulaire-inscription\/"]}]},{"@type":"ImageObject","inLanguage":"es","@id":"https:\/\/centcols.org\/formulaire-inscription\/#primaryimage","url":"https:\/\/centcols.org\/wp-content\/uploads\/2025\/06\/formulaire2.jpg","contentUrl":"https:\/\/centcols.org\/wp-content\/uploads\/2025\/06\/formulaire2.jpg","width":1200,"height":675},{"@type":"BreadcrumbList","@id":"https:\/\/centcols.org\/formulaire-inscription\/#breadcrumb","itemListElement":[{"@type":"ListItem","position":1,"name":"Accueil","item":"https:\/\/centcols.org\/"},{"@type":"ListItem","position":2,"name":"Formulaire d&rsquo;inscription"}]},{"@type":"WebSite","@id":"https:\/\/centcols.org\/#website","url":"https:\/\/centcols.org\/","name":"Club des Cent Cols","description":"","publisher":{"@id":"https:\/\/centcols.org\/#organization"},"potentialAction":[{"@type":"SearchAction","target":{"@type":"EntryPoint","urlTemplate":"https:\/\/centcols.org\/?s={search_term_string}"},"query-input":{"@type":"PropertyValueSpecification","valueRequired":true,"valueName":"search_term_string"}}],"inLanguage":"es"},{"@type":"Organization","@id":"https:\/\/centcols.org\/#organization","name":"Club des Cent Cols","url":"https:\/\/centcols.org\/","logo":{"@type":"ImageObject","inLanguage":"es","@id":"https:\/\/centcols.org\/#\/schema\/logo\/image\/","url":"https:\/\/centcols.org\/wp-content\/uploads\/2025\/01\/carte-icone.png","contentUrl":"https:\/\/centcols.org\/wp-content\/uploads\/2025\/01\/carte-icone.png","width":250,"height":250,"caption":"Club des Cent Cols"},"image":{"@id":"https:\/\/centcols.org\/#\/schema\/logo\/image\/"},"sameAs":["https:\/\/www.facebook.com\/groups\/5261880558\/?locale=fr_FR"]}]}},"_links":{"self":[{"href":"https:\/\/centcols.org\/es\/wp-json\/wp\/v2\/pages\/79147","targetHints":{"allow":["GET"]}}],"collection":[{"href":"https:\/\/centcols.org\/es\/wp-json\/wp\/v2\/pages"}],"about":[{"href":"https:\/\/centcols.org\/es\/wp-json\/wp\/v2\/types\/page"}],"author":[{"embeddable":true,"href":"https:\/\/centcols.org\/es\/wp-json\/wp\/v2\/users\/2"}],"replies":[{"embeddable":true,"href":"https:\/\/centcols.org\/es\/wp-json\/wp\/v2\/comments?post=79147"}],"version-history":[{"count":0,"href":"https:\/\/centcols.org\/es\/wp-json\/wp\/v2\/pages\/79147\/revisions"}],"wp:featuredmedia":[{"embeddable":true,"href":"https:\/\/centcols.org\/es\/wp-json\/wp\/v2\/media\/83221"}],"wp:attachment":[{"href":"https:\/\/centcols.org\/es\/wp-json\/wp\/v2\/media?parent=79147"}],"curies":[{"name":"wp","href":"https:\/\/api.w.org\/{rel}","templated":true}]}}