{"id":79323,"date":"2025-02-05T10:00:16","date_gmt":"2025-02-05T08:00:16","guid":{"rendered":"https:\/\/centcols.org\/boite-a-outils\/"},"modified":"2025-09-12T06:44:07","modified_gmt":"2025-09-12T04:44:07","slug":"consejos-de-trueque","status":"publish","type":"page","link":"https:\/\/centcols.org\/es\/trucs-trocs\/","title":{"rendered":"Comercio y trueque"},"content":{"rendered":"<div style=\"height:69px\" aria-hidden=\"true\" class=\"wp-block-spacer\"><\/div>\n\n\n\n<div class=\"wp-block-columns is-layout-flex wp-container-core-columns-is-layout-9d6595d7 wp-block-columns-is-layout-flex\">\n<div class=\"wp-block-column is-layout-flow wp-block-column-is-layout-flow\">\n<h2 class=\"wp-block-heading has-x-large-font-size\">Cajas de herramientas<\/h2>\n\n\n\n<h3 class=\"wp-block-heading\">Fotos<\/h3>\n\n\n\n<ul class=\"wp-block-list\">\n<li><a href=\"\/es\/photos-de-membres\/\">Instrucciones para enviar las fotos de los miembros<\/a><\/li>\n\n\n\n<li><a href=\"https:\/\/centcols.org\/es\/fotos-del-pase\/\" rel=\"noopener\">Instrucciones para enviar fotos de los collares<\/a><\/li>\n<\/ul>\n\n\n\n<h3 class=\"wp-block-heading\">Instrucciones de uso del ordenador<\/h3>\n\n\n\n<ul class=\"wp-block-list\">\n<li><a href=\"\/es\/contrasena-seccion-miembros\/\">Obtener una contrase\u00f1a para acceder a la secci\u00f3n de miembros<\/a><\/li>\n\n\n\n<li><a href=\"\/es\/ccway-guia-del-usuario\/\">Gu\u00eda del usuario de ccWay<\/a><\/li>\n\n\n\n<li><a href=\"\/Videos\/ballens2021.mp4\">Base de datos de pases, declaraci\u00f3n en l\u00ednea y patentes (v\u00eddeo)<\/a><\/li>\n\n\n\n<li>Para las declaraciones de pase en l\u00ednea: a <a href=\"\/es\/tutorial-de-declaracion-de-cuello\/\">breve tutorial<\/a> y <a href=\"\/es\/declaration-en-ligne\/\">instrucciones detalladas<\/a><\/li>\n\n\n\n<li>Y tambi\u00e9n: <a href=\"\/es\/la-doble-declaracion-de-los-collares\/\">c\u00f3mo evitar o corregir la \u00abdoble declaraci\u00f3n\u00bb de los collarines<\/a><\/li>\n\n\n\n<li>Archivo de gu\u00edas de usuario <a href=\"\/es\/guide-dutilisation-des-fichiers-gpx\/\">GPX<\/a>, <a href=\"\/es\/guide-dutilisation-des-fichiers-kml-et-kmz\/\">KMZ<\/a> y <a href=\"\/es\/guide-dutilisation-des-fichiers-carto-exploreur\/\">Carto Exploreur<\/a><\/li>\n\n\n\n<li><a href=\"\/es\/exportacion-de-pases-escalados-a-una-cuenta-openrunner\/\">Exportaci\u00f3n de pases escalados a una cuenta OpenRunner<\/a><\/li>\n\n\n\n<li><a href=\"\/es\/los-buzones-naranjas-evitan-que-los-mensajes-de-cien-dolares-se-pierdan\/\">Mensajer\u00eda naranja: evita que los mensajes de Cent Cols vayan al correo no deseado<\/a><\/li>\n<\/ul>\n\n\n\n<h3 class=\"wp-block-heading\">Cat\u00e1logos de collares y actualizaciones<\/h3>\n\n\n\n<ul class=\"wp-block-list\">\n<li><a href=\"\/es\/opciones-de-filtrado-del-catalogo-de-collares\/\">Opciones de filtrado del cat\u00e1logo de collares<\/a><\/li>\n\n\n\n<li><a href=\"\/es\/herramienta-de-actualizacion-de-catalogos\/\">Herramienta personalizada de actualizaci\u00f3n de cat\u00e1logos<\/a> (Christophe Aug\u00e9)<\/li>\n\n\n\n<li><a href=\"\/es\/resolver-problemas-de-enlaces-en-la-oficina\/\">Resolver problemas de enlaces en Office<\/a><\/li>\n<\/ul>\n\n\n\n<h3 class=\"wp-block-heading\">Mapas y GPS<\/h3>\n\n\n\n<ul class=\"wp-block-list\">\n<li><a href=\"https:\/\/centcols.org\/es\/capas-para-su-gps-marcel-goll\/\">Capas para tu GPS<\/a> (Marcell Goll)<\/li>\n\n\n\n<li><a href=\"https:\/\/centcols.org\/es\/gestion-des-points-dinteret\/\">Gesti\u00f3n de puntos de inter\u00e9s (POI) personalizados en dispositivos GPS Garmin<\/a> (Bernard Lepin y Marcel Goll)<\/li>\n\n\n\n<li><a href=\"\/es\/crear-una-ruta-con-el-software-garmin-connect\/\">Crear una ruta con el software Garmin Connect<\/a> (Olivier Letoublon)<\/li>\n\n\n\n<li><a href=\"\/es\/coordenadas-utm\/\">Gu\u00eda de coordenadas UTM<\/a> (Patrick Schleppi)<\/li>\n<\/ul>\n\n\n\n<h3 class=\"wp-block-heading\">L\u00e9xicos<\/h3>\n\n\n\n<ul class=\"wp-block-list\">\n<li><a href=\"https:\/\/centcols.org\/libre_service\/dialecte_alsacien.htm\">Dialecto alsaciano<\/a> (Michel De Br\u00e9bisson)<\/li>\n\n\n\n<li><a href=\"http:\/\/www.sheldonbrown.com\/fren-eng.html\">Diccionario franc\u00e9s\/ingl\u00e9s de t\u00e9rminos ciclistas<\/a> (ingl\u00e9s)<\/li>\n<\/ul>\n\n\n\n<h3 class=\"wp-block-heading\">Varios<\/h3>\n\n\n\n<ul class=\"wp-block-list\">\n<li><a href=\"https:\/\/centcols.org\/wp-content\/uploads\/2025\/02\/dossier-grimpees-france-1.pdf\" target=\"_blank\" rel=\"noreferrer noopener\">Fichero de escaladores - Francia<\/a> (PDF 2,5 MB) (Guy Bodoin)<\/li>\n<\/ul>\n<\/div>\n\n\n\n<div class=\"wp-block-column is-layout-flow wp-block-column-is-layout-flow\">\n<h2 class=\"wp-block-heading has-x-large-font-size\">Enlaces \u00fatiles<\/h2>\n\n\n\n<h3 class=\"wp-block-heading\">Normativa :<\/h3>\n\n\n\n<ul class=\"wp-block-list\">\n<li><a href=\"https:\/\/www.mercantour-parcnational.fr\/fr\/raa\/2020-05-pratique-du-velo-tout-terrain-dans-le-coeur-du-parc-national\" target=\"_blank\" rel=\"noreferrer noopener\">Normativa sobre bicicletas de monta\u00f1a en el Parque del Mercantour<\/a><\/li>\n\n\n\n<li><a href=\"https:\/\/www.vanoise-parcnational.fr\/sites\/vanoise-parcnational.fr\/files\/available_docs\/reglementation_cycles_en_coeur_-_2022.pdf\" target=\"_blank\" rel=\"noreferrer noopener\">Normas de circulaci\u00f3n ciclista en el Parque Nacional de la Vanoise<\/a><\/li>\n\n\n\n<li><a href=\"https:\/\/cevennes-parcnational.fr\/sites\/cevennes-parcnational.fr\/files\/2023-08\/2023-06-30_DEL-20230099_Reglementation-portions-interdites-d%C3%A9conseill%C3%A9es-VTT-VAE.pdf\" target=\"_blank\" rel=\"noreferrer noopener\">Reglamentaci\u00f3n de la bicicleta de monta\u00f1a en el Parque Nacional de las Cevenas<\/a><\/li>\n<\/ul>\n\n\n\n<h3 class=\"wp-block-heading\">Trazado de circuitos para gps :<\/h3>\n\n\n\n<ul class=\"wp-block-list\">\n<li><a href=\"https:\/\/www.openrunner.com\" target=\"_blank\" rel=\"noreferrer noopener\">Openrunner<\/a> El Club des Cent Cols se ha asociado. Cuando traces tus rutas, podr\u00e1s visualizar los puertos en el mapa y pronto podr\u00e1s marcar los puertos que hayas escalado. Un espacio Cent Cols te permitir\u00e1 cargar o descargar \u00abtopos electr\u00f3nicos\u00bb con el sello \u00abCent Cols\u00bb.\u00bb<\/li>\n<\/ul>\n\n\n\n<h3 class=\"wp-block-heading\">&nbsp;Ver mapas en l\u00ednea<\/h3>\n\n\n\n<ul class=\"wp-block-list\">\n<li><a href=\"http:\/\/www.geoportail.gouv.fr\/accueil\" target=\"_blank\" rel=\"noreferrer noopener\">Geoportal<\/a> P\u00e1gina web del IGN. Visualiza mapas a diferentes escalas, mapas catastrales, vistas a\u00e9reas, etc.<\/li>\n\n\n\n<li><a href=\"http:\/\/map.geo.admin.ch\/?\" target=\"_blank\" rel=\"noreferrer noopener\">SUIZA<\/a> Mapas suizos a diferentes escalas (franc\u00e9s, alem\u00e1n, italiano, ingl\u00e9s)<\/li>\n\n\n\n<li><a href=\"http:\/\/www.austrianmap.at\/amap\/index.php?SKN=1&amp;XPX=637&amp;YPX=492\" target=\"_blank\" rel=\"noreferrer noopener\">Ver mapas <\/a><a href=\"https:\/\/maps.bev.gv.at\" target=\"_blank\" rel=\"noreferrer noopener\">Austria <\/a><a href=\"http:\/\/www.austrianmap.at\/amap\/index.php?SKN=1&amp;XPX=637&amp;YPX=492\" target=\"_blank\" rel=\"noreferrer noopener\">en l\u00ednea<\/a> (alem\u00e1n)<\/li>\n\n\n\n<li><a href=\"http:\/\/geoportal.bayern.de\/bayernatlas\/?X=5421649.25&amp;Y=4459462.00&amp;zoom=5&amp;lang=de&amp;topic=ba&amp;bgLayer=atkis&amp;catalogNodes=122\" target=\"_blank\" rel=\"noreferrer noopener\">Ver mapas de Baviera en l\u00ednea<\/a> (alem\u00e1n)<\/li>\n\n\n\n<li><a href=\"http:\/\/www.bing.com\/maps\/?FORM=MMREDR\" target=\"_blank\" rel=\"noreferrer noopener\">Ver mapas ingleses en l\u00ednea<\/a> (escala 1:25.000)<sup>e<\/sup> propone Ordnance Survey Landranger)<\/li>\n\n\n\n<li><a href=\"http:\/\/srv.icgc.cat\/vissir3\/\" target=\"_blank\" rel=\"noreferrer noopener\">Ver mapas de Catalu\u00f1a en l\u00ednea<\/a><\/li>\n\n\n\n<li><a href=\"http:\/\/www.topozone.com\/\" target=\"_blank\" rel=\"noreferrer noopener\">Topozone<\/a> permite ver mapas topogr\u00e1ficos del USGS a diferentes escalas; se pueden utilizar varios criterios de b\u00fasqueda (en este ejemplo se muestra el Lewis &amp; Clark Pass)<\/li>\n<\/ul>\n\n\n\n<h3 class=\"wp-block-heading\">Viajes<\/h3>\n\n\n\n<ul class=\"wp-block-list\">\n<li><a href=\"https:\/\/fr.warmshowers.org\/\" target=\"_blank\" rel=\"noreferrer noopener\">Warmshowers<\/a> la comunidad <strong>Duchas templadas<\/strong> es un sistema gratuito de intercambio de alojamientos para cicloturistas de todo el mundo.<\/li>\n<\/ul>\n\n\n\n<h4 class=\"wp-block-heading\">Espa\u00f1a<\/h4>\n\n\n\n<ul class=\"wp-block-list\">\n<li><a href=\"http:\/\/www.nevasport.com\/sierranevada\/bici\/\" target=\"_blank\" rel=\"noreferrer noopener\">Sierra Nevada<\/a> Rutas en bicicleta de monta\u00f1a, refugios... (espa\u00f1ol)<\/li>\n\n\n\n<li><a href=\"https:\/\/centcols.org\/libre_service\/divers\/TENERIFE.HTM\" target=\"_blank\" rel=\"noreferrer noopener\">Tenerife<\/a> (Christian Febvay)<\/li>\n<\/ul>\n\n\n\n<h4 class=\"wp-block-heading\">Italia<\/h4>\n\n\n\n<ul class=\"wp-block-list\">\n<li><a href=\"http:\/\/peverada.it\/mtb\/percorsi\/index.html\" target=\"_blank\" rel=\"noreferrer noopener\">Bicicleta de monta\u00f1a en Piamonte<\/a> muy bien hecho, contiene muchas rutas con descripciones, perfiles y fotos (italiano)<\/li>\n<\/ul>\n\n\n\n<h4 class=\"wp-block-heading\">Suiza<\/h4>\n\n\n\n<ul class=\"wp-block-list\">\n<li><a href=\"http:\/\/www.myswitzerland.com\/fr-fr\/accueil.html\" target=\"_blank\" rel=\"noreferrer noopener\">MySwitzerland.com<\/a>, el sitio generalista, ofrece muchas rutas interesantes con itinerarios, desniveles y dificultades, e incluso \u00abwaypoints\u00bb.\u00bb<\/li>\n<\/ul>\n\n\n\n<h4 class=\"wp-block-heading\">&nbsp;Estados Unidos<\/h4>\n\n\n\n<ul class=\"wp-block-list\">\n<li><a href=\"https:\/\/centcols.org\/libre_service\/divers\/montee_des_usa.htm\" target=\"_blank\" rel=\"noreferrer noopener\">Lista de las ascensiones m\u00e1s bellas de EE.UU.<\/a> (Francis Cooke)<\/li>\n<\/ul>\n\n\n\n<h3 class=\"wp-block-heading\">Librer\u00eda<\/h3>\n\n\n\n<ul class=\"wp-block-list\">\n<li><a href=\"https:\/\/centcols.org\/libre_service\/divers\/ou_acheter_cartes_internet.htm\">D\u00f3nde comprar tarjetas en l\u00ednea<\/a> (Bernard Pommel)<\/li>\n\n\n\n<li><a href=\"https:\/\/centcols.org\/libre_service\/divers\/librairies_specialisees.htm\">Librer\u00edas especializadas<\/a> (Bernard Pommel)<\/li>\n\n\n\n<li><a href=\"http:\/\/www.prames.com\/homepage.asp\" target=\"_blank\" rel=\"noreferrer noopener\">Arag\u00f3n : PRAMES<\/a> (Proyectos y Realizaciones Aragonesas de Monta\u00f1a, Escalada y Senderismo), una rama de la Federaci\u00f3n Aragonesa de Monta\u00f1a, publica mapas de senderismo, principalmente para las zonas monta\u00f1osas de Arag\u00f3n (espa\u00f1ol).<\/li>\n<\/ul>\n<\/div>\n<\/div>","protected":false},"excerpt":{"rendered":"<p>Cajas de herramientas Fotos Manuales inform\u00e1ticos Cat\u00e1logos de pases y actualizaciones Mapas y GPS L\u00e9xico Varios Enlaces \u00fatiles Normativa: Trazado de rutas para GPS: Visualizaci\u00f3n de mapas en l\u00ednea Rutas, viajes Espa\u00f1a Italia Suiza Estados Unidos Librer\u00eda<\/p>","protected":false},"author":2,"featured_media":0,"parent":0,"menu_order":0,"comment_status":"open","ping_status":"closed","template":"","meta":{"_acf_changed":false,"footnotes":""},"class_list":["post-79323","page","type-page","status-publish","hentry"],"acf":[],"yoast_head":"<!-- This site is optimized with the Yoast SEO plugin v27.2 - https:\/\/yoast.com\/product\/yoast-seo-wordpress\/ -->\n<title>Trucs &amp; Trocs - Club des Cent Cols<\/title>\n<meta name=\"robots\" content=\"index, follow, max-snippet:-1, max-image-preview:large, max-video-preview:-1\" \/>\n<link rel=\"canonical\" href=\"https:\/\/centcols.org\/es\/consejos-de-trueque\/\" \/>\n<meta property=\"og:locale\" content=\"es_ES\" \/>\n<meta property=\"og:type\" content=\"article\" \/>\n<meta property=\"og:title\" content=\"Trucs &amp; Trocs - Club des Cent Cols\" \/>\n<meta property=\"og:description\" content=\"Bo\u00eetes \u00e0 outils Photos Modes d&#8217;emploi informatiques Catalogues de cols et mises \u00e0 jour Cartes et GPS Lexiques Divers Liens utiles R\u00e8glementation : Tra\u00e7age de circuits pour gps : &nbsp;Visualisation de cartes en ligne Parcours, voyages Espagne Italie Suisse &nbsp;Etats-Unis Librairie\" \/>\n<meta property=\"og:url\" content=\"https:\/\/centcols.org\/es\/consejos-de-trueque\/\" \/>\n<meta property=\"og:site_name\" content=\"Club des Cent Cols\" \/>\n<meta property=\"article:publisher\" content=\"https:\/\/www.facebook.com\/groups\/5261880558\/?locale=fr_FR\" \/>\n<meta property=\"article:modified_time\" content=\"2025-09-12T04:44:07+00:00\" \/>\n<meta name=\"twitter:card\" content=\"summary_large_image\" \/>\n<meta name=\"twitter:label1\" content=\"Tiempo de lectura\" \/>\n\t<meta name=\"twitter:data1\" content=\"3 minutos\" \/>\n<script type=\"application\/ld+json\" class=\"yoast-schema-graph\">{\"@context\":\"https:\/\/schema.org\",\"@graph\":[{\"@type\":\"WebPage\",\"@id\":\"https:\/\/centcols.org\/trucs-trocs\/\",\"url\":\"https:\/\/centcols.org\/trucs-trocs\/\",\"name\":\"Trucs &amp; Trocs - Club des Cent Cols\",\"isPartOf\":{\"@id\":\"https:\/\/centcols.org\/#website\"},\"datePublished\":\"2025-02-05T08:00:16+00:00\",\"dateModified\":\"2025-09-12T04:44:07+00:00\",\"breadcrumb\":{\"@id\":\"https:\/\/centcols.org\/trucs-trocs\/#breadcrumb\"},\"inLanguage\":\"es\",\"potentialAction\":[{\"@type\":\"ReadAction\",\"target\":[\"https:\/\/centcols.org\/trucs-trocs\/\"]}]},{\"@type\":\"BreadcrumbList\",\"@id\":\"https:\/\/centcols.org\/trucs-trocs\/#breadcrumb\",\"itemListElement\":[{\"@type\":\"ListItem\",\"position\":1,\"name\":\"Accueil\",\"item\":\"https:\/\/centcols.org\/\"},{\"@type\":\"ListItem\",\"position\":2,\"name\":\"Trucs &amp; Trocs\"}]},{\"@type\":\"WebSite\",\"@id\":\"https:\/\/centcols.org\/#website\",\"url\":\"https:\/\/centcols.org\/\",\"name\":\"Club des Cent Cols\",\"description\":\"\",\"publisher\":{\"@id\":\"https:\/\/centcols.org\/#organization\"},\"potentialAction\":[{\"@type\":\"SearchAction\",\"target\":{\"@type\":\"EntryPoint\",\"urlTemplate\":\"https:\/\/centcols.org\/?s={search_term_string}\"},\"query-input\":{\"@type\":\"PropertyValueSpecification\",\"valueRequired\":true,\"valueName\":\"search_term_string\"}}],\"inLanguage\":\"es\"},{\"@type\":\"Organization\",\"@id\":\"https:\/\/centcols.org\/#organization\",\"name\":\"Club des Cent Cols\",\"url\":\"https:\/\/centcols.org\/\",\"logo\":{\"@type\":\"ImageObject\",\"inLanguage\":\"es\",\"@id\":\"https:\/\/centcols.org\/#\/schema\/logo\/image\/\",\"url\":\"https:\/\/centcols.org\/wp-content\/uploads\/2025\/01\/carte-icone.png\",\"contentUrl\":\"https:\/\/centcols.org\/wp-content\/uploads\/2025\/01\/carte-icone.png\",\"width\":250,\"height\":250,\"caption\":\"Club des Cent Cols\"},\"image\":{\"@id\":\"https:\/\/centcols.org\/#\/schema\/logo\/image\/\"},\"sameAs\":[\"https:\/\/www.facebook.com\/groups\/5261880558\/?locale=fr_FR\"]}]}<\/script>\n<!-- \/ Yoast SEO plugin. -->","yoast_head_json":{"title":"Trucs &amp; Trocs - Club des Cent Cols","robots":{"index":"index","follow":"follow","max-snippet":"max-snippet:-1","max-image-preview":"max-image-preview:large","max-video-preview":"max-video-preview:-1"},"canonical":"https:\/\/centcols.org\/es\/consejos-de-trueque\/","og_locale":"es_ES","og_type":"article","og_title":"Trucs &amp; Trocs - Club des Cent Cols","og_description":"Bo\u00eetes \u00e0 outils Photos Modes d&#8217;emploi informatiques Catalogues de cols et mises \u00e0 jour Cartes et GPS Lexiques Divers Liens utiles R\u00e8glementation : Tra\u00e7age de circuits pour gps : &nbsp;Visualisation de cartes en ligne Parcours, voyages Espagne Italie Suisse &nbsp;Etats-Unis Librairie","og_url":"https:\/\/centcols.org\/es\/consejos-de-trueque\/","og_site_name":"Club des Cent Cols","article_publisher":"https:\/\/www.facebook.com\/groups\/5261880558\/?locale=fr_FR","article_modified_time":"2025-09-12T04:44:07+00:00","twitter_card":"summary_large_image","twitter_misc":{"Tiempo de lectura":"3 minutos"},"schema":{"@context":"https:\/\/schema.org","@graph":[{"@type":"WebPage","@id":"https:\/\/centcols.org\/trucs-trocs\/","url":"https:\/\/centcols.org\/trucs-trocs\/","name":"Trucs &amp; Trocs - Club des Cent Cols","isPartOf":{"@id":"https:\/\/centcols.org\/#website"},"datePublished":"2025-02-05T08:00:16+00:00","dateModified":"2025-09-12T04:44:07+00:00","breadcrumb":{"@id":"https:\/\/centcols.org\/trucs-trocs\/#breadcrumb"},"inLanguage":"es","potentialAction":[{"@type":"ReadAction","target":["https:\/\/centcols.org\/trucs-trocs\/"]}]},{"@type":"BreadcrumbList","@id":"https:\/\/centcols.org\/trucs-trocs\/#breadcrumb","itemListElement":[{"@type":"ListItem","position":1,"name":"Accueil","item":"https:\/\/centcols.org\/"},{"@type":"ListItem","position":2,"name":"Trucs &amp; Trocs"}]},{"@type":"WebSite","@id":"https:\/\/centcols.org\/#website","url":"https:\/\/centcols.org\/","name":"Club des Cent Cols","description":"","publisher":{"@id":"https:\/\/centcols.org\/#organization"},"potentialAction":[{"@type":"SearchAction","target":{"@type":"EntryPoint","urlTemplate":"https:\/\/centcols.org\/?s={search_term_string}"},"query-input":{"@type":"PropertyValueSpecification","valueRequired":true,"valueName":"search_term_string"}}],"inLanguage":"es"},{"@type":"Organization","@id":"https:\/\/centcols.org\/#organization","name":"Club des Cent Cols","url":"https:\/\/centcols.org\/","logo":{"@type":"ImageObject","inLanguage":"es","@id":"https:\/\/centcols.org\/#\/schema\/logo\/image\/","url":"https:\/\/centcols.org\/wp-content\/uploads\/2025\/01\/carte-icone.png","contentUrl":"https:\/\/centcols.org\/wp-content\/uploads\/2025\/01\/carte-icone.png","width":250,"height":250,"caption":"Club des Cent Cols"},"image":{"@id":"https:\/\/centcols.org\/#\/schema\/logo\/image\/"},"sameAs":["https:\/\/www.facebook.com\/groups\/5261880558\/?locale=fr_FR"]}]}},"_links":{"self":[{"href":"https:\/\/centcols.org\/es\/wp-json\/wp\/v2\/pages\/79323","targetHints":{"allow":["GET"]}}],"collection":[{"href":"https:\/\/centcols.org\/es\/wp-json\/wp\/v2\/pages"}],"about":[{"href":"https:\/\/centcols.org\/es\/wp-json\/wp\/v2\/types\/page"}],"author":[{"embeddable":true,"href":"https:\/\/centcols.org\/es\/wp-json\/wp\/v2\/users\/2"}],"replies":[{"embeddable":true,"href":"https:\/\/centcols.org\/es\/wp-json\/wp\/v2\/comments?post=79323"}],"version-history":[{"count":0,"href":"https:\/\/centcols.org\/es\/wp-json\/wp\/v2\/pages\/79323\/revisions"}],"wp:attachment":[{"href":"https:\/\/centcols.org\/es\/wp-json\/wp\/v2\/media?parent=79323"}],"curies":[{"name":"wp","href":"https:\/\/api.w.org\/{rel}","templated":true}]}}