{"id":79344,"date":"2025-02-05T10:00:16","date_gmt":"2025-02-05T08:00:16","guid":{"rendered":"https:\/\/centcols.org\/flux-rss\/"},"modified":"2025-02-05T10:00:16","modified_gmt":"2025-02-05T08:00:16","slug":"feed-rss","status":"publish","type":"page","link":"https:\/\/centcols.org\/es\/flux-rss\/","title":{"rendered":"Canal RSS"},"content":{"rendered":"<p>A <em>Canal RSS<\/em> (RSS significa Really Simple Syndication) es un feed que permite a los suscriptores recuperar autom\u00e1ticamente parte (t\u00edtulo o extracto) o la totalidad de un art\u00edculo reci\u00e9n creado. El sitio <em>Canal RSS <\/em>le permiten mantenerse al d\u00eda de un sitio sin tener que visitarlo. Los archivos RSS pueden ser le\u00eddos por los navegadores m\u00e1s recientes, por aplicaciones web especializadas o incluso por programas de correo electr\u00f3nico instalados en su ordenador.<\/p>\n<p>Los canales RSS tambi\u00e9n pueden utilizarse para crear enlaces autom\u00e1ticos entre sitios.<\/p>\n<p><strong>Al suscribirse, se le informar\u00e1 autom\u00e1ticamente y en tiempo real de las \u00faltimas actualizaciones del sitio.<\/strong><\/p>\n<h2>Suscripci\u00f3n en programas de correo electr\u00f3nico<\/h2>\n<p>Copie la siguiente URL para suscribirse al canal RSS en su programa de correo electr\u00f3nico:<\/p>\n<p>https:\/\/centcols.org\/feed\/<\/p>\n<p><a href=\"https:\/\/centcols.org\/es\/configurer-messagerie-pour-flux-rss\/\" target=\"_blank\" rel=\"noopener noreferrer\">haga clic aqu\u00ed para ver la documentaci\u00f3n detallada<\/a><\/p>\n<h2>Suscribirse en un navegador<\/h2>\n<p>La mayor\u00eda de los navegadores ya no ofrecen la funci\u00f3n RSS por defecto. As\u00ed que tienes que empezar por instalar una extensi\u00f3n. Abra \u00abextensiones\u00bb o \u00abcomplementos\u00bb o algo similar en el men\u00fa de su navegador y busque \u00abrss\u00bb. Las extensiones que existen dependen del navegador (Firefox, Chrome, Edge, Safari, Opera, etc.) y cambian con el tiempo. Por eso aqu\u00ed no podemos darte consejos m\u00e1s espec\u00edficos. As\u00ed que investiga por tu cuenta las extensiones actuales para tu navegador favorito. Despu\u00e9s de la instalaci\u00f3n, haz clic en el siguiente enlace para suscribirte:<\/p>\n<p><a href=\"https:\/\/centcols.org\/es\/feed\/\" target=\"_blank\" rel=\"noopener noreferrer\">https:\/\/centcols.org\/feed\/<\/a><\/p>\n<h2>Suscripci\u00f3n con software espec\u00edfico<\/h2>\n<p>Si su programa de correo electr\u00f3nico no ofrece la posibilidad de suscribirse a un flujo RSS, pruebe con un programa espec\u00edficamente dise\u00f1ado para esta funci\u00f3n. Te recomendamos que hagas una b\u00fasqueda en internet de \u00ablector rss para...\u00ab, sustituyendo la elipsis por tu sistema operativo (\u00bblinux\u00ab, \u00bbwindows\u00ab, \u00bbmac os\u00ab, \u00bbandroid\u00ab...).<\/p>\n<p>&nbsp;<\/p>","protected":false},"excerpt":{"rendered":"<p>Un flux RSS (RSS est le sigle pour Really Simple Syndication) est un flux\u00a0 permettant \u00e0 ses abonn\u00e9s de r\u00e9cup\u00e9rer automatiquement une partie (titre ou extrait) ou la totalit\u00e9 d\u2019un article nouvellement cr\u00e9\u00e9. Les flux RSS permettent de suivre l&rsquo;actualit\u00e9 d&rsquo;un site sans \u00eatre oblig\u00e9 de le visiter. Le fichier RSS a la possibilit\u00e9 d&rsquo;\u00eatre [&hellip;]<\/p>\n","protected":false},"author":2,"featured_media":0,"parent":0,"menu_order":0,"comment_status":"open","ping_status":"open","template":"","meta":{"_acf_changed":false,"footnotes":""},"class_list":["post-79344","page","type-page","status-publish","hentry"],"acf":[],"yoast_head":"<!-- This site is optimized with the Yoast SEO plugin v27.2 - https:\/\/yoast.com\/product\/yoast-seo-wordpress\/ -->\n<title>Flux RSS - Club des Cent Cols<\/title>\n<meta name=\"robots\" content=\"index, follow, max-snippet:-1, max-image-preview:large, max-video-preview:-1\" \/>\n<link rel=\"canonical\" href=\"https:\/\/centcols.org\/es\/feed-rss\/\" \/>\n<meta property=\"og:locale\" content=\"es_ES\" \/>\n<meta property=\"og:type\" content=\"article\" \/>\n<meta property=\"og:title\" content=\"Flux RSS - Club des Cent Cols\" \/>\n<meta property=\"og:description\" content=\"Un flux RSS (RSS est le sigle pour Really Simple Syndication) est un flux\u00a0 permettant \u00e0 ses abonn\u00e9s de r\u00e9cup\u00e9rer automatiquement une partie (titre ou extrait) ou la totalit\u00e9 d\u2019un article nouvellement cr\u00e9\u00e9. Les flux RSS permettent de suivre l&rsquo;actualit\u00e9 d&rsquo;un site sans \u00eatre oblig\u00e9 de le visiter. Le fichier RSS a la possibilit\u00e9 d&rsquo;\u00eatre [&hellip;]\" \/>\n<meta property=\"og:url\" content=\"https:\/\/centcols.org\/es\/feed-rss\/\" \/>\n<meta property=\"og:site_name\" content=\"Club des Cent Cols\" \/>\n<meta property=\"article:publisher\" content=\"https:\/\/www.facebook.com\/groups\/5261880558\/?locale=fr_FR\" \/>\n<meta name=\"twitter:card\" content=\"summary_large_image\" \/>\n<meta name=\"twitter:label1\" content=\"Tiempo de lectura\" \/>\n\t<meta name=\"twitter:data1\" content=\"2 minutos\" \/>\n<script type=\"application\/ld+json\" class=\"yoast-schema-graph\">{\"@context\":\"https:\/\/schema.org\",\"@graph\":[{\"@type\":\"WebPage\",\"@id\":\"https:\/\/centcols.org\/flux-rss\/\",\"url\":\"https:\/\/centcols.org\/flux-rss\/\",\"name\":\"Flux RSS - Club des Cent Cols\",\"isPartOf\":{\"@id\":\"https:\/\/centcols.org\/#website\"},\"datePublished\":\"2025-02-05T08:00:16+00:00\",\"breadcrumb\":{\"@id\":\"https:\/\/centcols.org\/flux-rss\/#breadcrumb\"},\"inLanguage\":\"es\",\"potentialAction\":[{\"@type\":\"ReadAction\",\"target\":[\"https:\/\/centcols.org\/flux-rss\/\"]}]},{\"@type\":\"BreadcrumbList\",\"@id\":\"https:\/\/centcols.org\/flux-rss\/#breadcrumb\",\"itemListElement\":[{\"@type\":\"ListItem\",\"position\":1,\"name\":\"Accueil\",\"item\":\"https:\/\/centcols.org\/\"},{\"@type\":\"ListItem\",\"position\":2,\"name\":\"Flux RSS\"}]},{\"@type\":\"WebSite\",\"@id\":\"https:\/\/centcols.org\/#website\",\"url\":\"https:\/\/centcols.org\/\",\"name\":\"Club des Cent Cols\",\"description\":\"\",\"publisher\":{\"@id\":\"https:\/\/centcols.org\/#organization\"},\"potentialAction\":[{\"@type\":\"SearchAction\",\"target\":{\"@type\":\"EntryPoint\",\"urlTemplate\":\"https:\/\/centcols.org\/?s={search_term_string}\"},\"query-input\":{\"@type\":\"PropertyValueSpecification\",\"valueRequired\":true,\"valueName\":\"search_term_string\"}}],\"inLanguage\":\"es\"},{\"@type\":\"Organization\",\"@id\":\"https:\/\/centcols.org\/#organization\",\"name\":\"Club des Cent Cols\",\"url\":\"https:\/\/centcols.org\/\",\"logo\":{\"@type\":\"ImageObject\",\"inLanguage\":\"es\",\"@id\":\"https:\/\/centcols.org\/#\/schema\/logo\/image\/\",\"url\":\"https:\/\/centcols.org\/wp-content\/uploads\/2025\/01\/carte-icone.png\",\"contentUrl\":\"https:\/\/centcols.org\/wp-content\/uploads\/2025\/01\/carte-icone.png\",\"width\":250,\"height\":250,\"caption\":\"Club des Cent Cols\"},\"image\":{\"@id\":\"https:\/\/centcols.org\/#\/schema\/logo\/image\/\"},\"sameAs\":[\"https:\/\/www.facebook.com\/groups\/5261880558\/?locale=fr_FR\"]}]}<\/script>\n<!-- \/ Yoast SEO plugin. -->","yoast_head_json":{"title":"RSS Feed - Club des Cent Cols","robots":{"index":"index","follow":"follow","max-snippet":"max-snippet:-1","max-image-preview":"max-image-preview:large","max-video-preview":"max-video-preview:-1"},"canonical":"https:\/\/centcols.org\/es\/feed-rss\/","og_locale":"es_ES","og_type":"article","og_title":"Flux RSS - Club des Cent Cols","og_description":"Un flux RSS (RSS est le sigle pour Really Simple Syndication) est un flux\u00a0 permettant \u00e0 ses abonn\u00e9s de r\u00e9cup\u00e9rer automatiquement une partie (titre ou extrait) ou la totalit\u00e9 d\u2019un article nouvellement cr\u00e9\u00e9. Les flux RSS permettent de suivre l&rsquo;actualit\u00e9 d&rsquo;un site sans \u00eatre oblig\u00e9 de le visiter. Le fichier RSS a la possibilit\u00e9 d&rsquo;\u00eatre [&hellip;]","og_url":"https:\/\/centcols.org\/es\/feed-rss\/","og_site_name":"Club des Cent Cols","article_publisher":"https:\/\/www.facebook.com\/groups\/5261880558\/?locale=fr_FR","twitter_card":"summary_large_image","twitter_misc":{"Tiempo de lectura":"2 minutos"},"schema":{"@context":"https:\/\/schema.org","@graph":[{"@type":"WebPage","@id":"https:\/\/centcols.org\/flux-rss\/","url":"https:\/\/centcols.org\/flux-rss\/","name":"RSS Feed - Club des Cent Cols","isPartOf":{"@id":"https:\/\/centcols.org\/#website"},"datePublished":"2025-02-05T08:00:16+00:00","breadcrumb":{"@id":"https:\/\/centcols.org\/flux-rss\/#breadcrumb"},"inLanguage":"es","potentialAction":[{"@type":"ReadAction","target":["https:\/\/centcols.org\/flux-rss\/"]}]},{"@type":"BreadcrumbList","@id":"https:\/\/centcols.org\/flux-rss\/#breadcrumb","itemListElement":[{"@type":"ListItem","position":1,"name":"Accueil","item":"https:\/\/centcols.org\/"},{"@type":"ListItem","position":2,"name":"Flux RSS"}]},{"@type":"WebSite","@id":"https:\/\/centcols.org\/#website","url":"https:\/\/centcols.org\/","name":"Club des Cent Cols","description":"","publisher":{"@id":"https:\/\/centcols.org\/#organization"},"potentialAction":[{"@type":"SearchAction","target":{"@type":"EntryPoint","urlTemplate":"https:\/\/centcols.org\/?s={search_term_string}"},"query-input":{"@type":"PropertyValueSpecification","valueRequired":true,"valueName":"search_term_string"}}],"inLanguage":"es"},{"@type":"Organization","@id":"https:\/\/centcols.org\/#organization","name":"Club des Cent Cols","url":"https:\/\/centcols.org\/","logo":{"@type":"ImageObject","inLanguage":"es","@id":"https:\/\/centcols.org\/#\/schema\/logo\/image\/","url":"https:\/\/centcols.org\/wp-content\/uploads\/2025\/01\/carte-icone.png","contentUrl":"https:\/\/centcols.org\/wp-content\/uploads\/2025\/01\/carte-icone.png","width":250,"height":250,"caption":"Club des Cent Cols"},"image":{"@id":"https:\/\/centcols.org\/#\/schema\/logo\/image\/"},"sameAs":["https:\/\/www.facebook.com\/groups\/5261880558\/?locale=fr_FR"]}]}},"_links":{"self":[{"href":"https:\/\/centcols.org\/es\/wp-json\/wp\/v2\/pages\/79344","targetHints":{"allow":["GET"]}}],"collection":[{"href":"https:\/\/centcols.org\/es\/wp-json\/wp\/v2\/pages"}],"about":[{"href":"https:\/\/centcols.org\/es\/wp-json\/wp\/v2\/types\/page"}],"author":[{"embeddable":true,"href":"https:\/\/centcols.org\/es\/wp-json\/wp\/v2\/users\/2"}],"replies":[{"embeddable":true,"href":"https:\/\/centcols.org\/es\/wp-json\/wp\/v2\/comments?post=79344"}],"version-history":[{"count":0,"href":"https:\/\/centcols.org\/es\/wp-json\/wp\/v2\/pages\/79344\/revisions"}],"wp:attachment":[{"href":"https:\/\/centcols.org\/es\/wp-json\/wp\/v2\/media?parent=79344"}],"curies":[{"name":"wp","href":"https:\/\/api.w.org\/{rel}","templated":true}]}}