{"id":79345,"date":"2025-02-05T10:00:16","date_gmt":"2025-02-05T08:00:16","guid":{"rendered":"https:\/\/centcols.org\/liste-de-discussion\/"},"modified":"2026-02-18T13:45:27","modified_gmt":"2026-02-18T11:45:27","slug":"lista-de-discusion","status":"publish","type":"page","link":"https:\/\/centcols.org\/es\/liste-de-discussion\/","title":{"rendered":"Lista de debate"},"content":{"rendered":"<p>El objetivo principal de la lista de discusi\u00f3n es permitir a los miembros del Club des Cent Cols intercambiar informaci\u00f3n sobre temas relacionados con nuestro cicloturismo.<\/p>\n\n\n\n<h2 class=\"wp-block-heading\">Inscripci\u00f3n<\/h2>\n\n\n\n<p>Si es usted miembro del Club des Cent Cols, puede unirse a la lista de debate simplemente enviando un correo electr\u00f3nico en blanco.<\/p>\n\n\n\n<p>a la siguiente direcci\u00f3n <a class=\"moz-txt-link-abbreviated mailto-link\" href=\"\/es\/&\/#x6d;&#x61;&#x69;&#x6c;&#x74;&#x6f;&#x3a;&#x63;&#x65;&#x6e;&#x74;&#45;&#99;&#111;&#108;&#115;&#43;&#115;ubscri&#x62;&#x65;&#x40;&#x67;&#x72;&#x6f;&#x75;&#x70;&#x73;&#x2e;&#x69;&#x6f;\" target=\"_blank\" rel=\"noopener\">cent-cols+subscribe@groups.io<\/a><\/p>\n\n\n\n<p>Tu primer mensaje puede ser una oportunidad para presentarte brevemente (apellidos, nombre, regi\u00f3n de residencia, aficiones ciclistas, otros intereses, sitio web personal, cualquier cosa que nos ayude a conocerte mejor).<\/p>\n\n\n\n<p>Los gestores de listas son actualmente :<br>Philippe Carrez (antiguo miembro del Consejo de Administraci\u00f3n del club, <a href=\"\/es\/mail&\/#116;&#111;&#58;&#99;&#97;&#x72;&#x72;&#x65;&#x7a;&#x2e;&#x70;&#x68;ilip&#112;&#101;&#64;&#102;&#114;&#x65;&#x65;&#x2e;&#x66;&#x72;\">carrez.philippe@free.fr<\/a>)<br>Enrico Alberini (ex presidente del club, <a href=\"\/es\/m&\/#97;&#105;&#x6c;&#x74;&#x6f;&#x3a;a&#108;&#98;&#101;&#x72;&#x69;&#x6e;i&#46;&#101;&#110;&#x72;&#x69;&#x63;o&#64;&#118;&#105;&#x72;&#x67;&#x69;li&#111;&#46;&#x69;&#x74;\">alberini.enrico@virgilio.it<\/a>)<\/p>\n\n\n\n<p>Para darse de baja, <a href=\"\/es\/&\/#x6d;&#97;i&#x6c;&#116;o&#x3a;&#99;e&#x6e;&#x74;&#45;&#x63;&#x6f;&#108;s&#x2b;&#117;n&#x73;&#117;b&#x73;&#x63;&#114;&#x69;&#x62;&#101;&#64;&#x67;&#114;o&#x75;&#112;s&#x2e;&#105;o\" target=\"_blank\" rel=\"noopener\">pulse aqu\u00ed<\/a><\/p>\n\n\n\n<p>Si cambia de direcci\u00f3n, anule la antigua y vuelva a solicitar la nueva. La direcci\u00f3n registrada en el formulario de afiliaci\u00f3n es independiente de la direcci\u00f3n utilizada para esta lista. Por tanto, en caso de cambio, no es necesario modificar ninguna de las dos.<\/p>\n\n\n\n<p>Ver formulario de adhesi\u00f3n : <a href=\"https:\/\/centcols.org\/membres\/th\/profilM.php\">https:\/\/centcols.org\/membres\/th\/profilM.php<\/a><\/p>\n\n\n\n<div class=\"wp-block-columns is-layout-flex wp-container-core-columns-is-layout-9d6595d7 wp-block-columns-is-layout-flex\">\n<div class=\"wp-block-column is-layout-flow wp-block-column-is-layout-flow\" style=\"flex-basis:66.66%\">\n<h2 class=\"wp-block-heading\">Carta de la lista de debate del Cent Cols Club<\/h2>\n\n\n\n<p>Esta carta describe las condiciones de uso de la lista de discusi\u00f3n del Club des Cent Cols.<\/p>\n\n\n\n<h3 class=\"wp-block-heading\"><strong>Temas<\/strong><\/h3>\n\n\n\n<p>En esta lista de debate puede tratarse cualquier tema relacionado con las actividades de nuestro club o con el cicloturismo en general y el cicloturismo de monta\u00f1a en particular. No obstante, queda terminantemente prohibido cualquier tema de car\u00e1cter pol\u00edtico o religioso en particular, o que pueda dar lugar a pol\u00e9micas en general.<\/p>\n\n\n\n<p>Es perfectamente posible apartarse de esta tem\u00e1tica deportiva, ocasionalmente y con moderaci\u00f3n, proponiendo temas relacionados con la cultura general, por ejemplo. El buen humor y el sentido del humor no s\u00f3lo est\u00e1n permitidos, sino que se fomentan, respetando una \u00e9tica basada en el buen gusto generalmente aceptado.<\/p>\n\n\n\n<h3 class=\"wp-block-heading\"><strong>Comportamiento social<\/strong><\/h3>\n\n\n\n<p>Para que esta lista siga siendo atractiva, f\u00e1cil de usar e interesante para todos sus suscriptores, es importante respetar una serie de normas elementales y obvias. Sea cort\u00e9s en todas las circunstancias (por ejemplo, escriba \u00abhola\u00bb al principio de un correo electr\u00f3nico). Utilizar un tono cort\u00e9s es agradable y, por tanto, aconsejable. En cambio, hay que evitar una actitud desagradable, agresiva o insultante.<\/p>\n\n\n\n<p>No tema plantear cualquier tema de su elecci\u00f3n dentro del marco autorizado, aunque probablemente ya se haya tratado. La respuesta ser\u00e1 siempre paciente y amistosa. La tolerancia en todos los aspectos es muy deseable.<\/p>\n<\/div>\n\n\n\n<div class=\"wp-block-column has-background is-layout-flow wp-block-column-is-layout-flow\" style=\"background-color:#ececec;flex-basis:33.33%\">\n<h3 class=\"wp-block-heading has-text-align-center\">Nota<\/h3>\n\n\n<div class=\"wp-block-image\">\n<figure class=\"aligncenter size-full\"><img loading=\"lazy\" decoding=\"async\" width=\"100\" height=\"100\" src=\"https:\/\/centcols.org\/wp-content\/uploads\/2025\/08\/icons8-note-100.png\" alt=\"\" class=\"wp-image-88085\" srcset=\"https:\/\/centcols.org\/wp-content\/uploads\/2025\/08\/icons8-note-100.png 100w, https:\/\/centcols.org\/wp-content\/uploads\/2025\/08\/icons8-note-100-12x12.png 12w\" sizes=\"auto, (max-width: 100px) 100vw, 100px\" \/><\/figure>\n<\/div>\n\n\n<p class=\"has-text-align-center\">Para no ver los mensajes enviados por \u00abNombre Apellido\u00bb, tienes que editar tu perfil:<\/p>\n\n\n\n<ul class=\"wp-block-list\">\n<li>vaya a https:\/\/groups.io;<\/li>\n\n\n\n<li>haga clic en \u00abIniciar sesi\u00f3n\u00bb en la esquina superior derecha;<\/li>\n\n\n\n<li>introduzca su direcci\u00f3n de correo electr\u00f3nico en Direcci\u00f3n de correo electr\u00f3nico y haga clic en \u00ab\u00bfHa olvidado su contrase\u00f1a o a\u00fan no la tiene?;<\/li>\n\n\n\n<li>se le enviar\u00e1 un enlace a su buz\u00f3n de correo electr\u00f3nico. Haga clic en este enlace y acceder\u00e1 a la p\u00e1gina de inicio de su perfil;<\/li>\n\n\n\n<li>haga clic en \u00abIdentidad\u00bb a la izquierda;<\/li>\n\n\n\n<li>puede editar su perfil general (cuadro superior) y su perfil de Cien Pases pulsando el bot\u00f3n \u00abEditar\u00bb correspondiente;<\/li>\n\n\n\n<li>Lo que nos interesa es el perfil de Cent Cols: aqu\u00ed puede cambiar su Nombre para mostrar. Este es el nombre que aparecer\u00e1 como remitente cuando env\u00edes un mensaje a la lista;<\/li>\n\n\n\n<li>No olvide hacer clic en \u00abActualizar perfil de grupo\u00bb al final de la p\u00e1gina para guardar los cambios.<\/li>\n<\/ul>\n\n\n\n<p class=\"has-text-align-center\">A continuaci\u00f3n, s\u00f3lo tiene que enviar sus mensajes a :<br>cent-cols@groups.io<\/p>\n<\/div>\n<\/div>\n\n\n\n<h3 class=\"wp-block-heading\"><strong>Aspectos pr\u00e1cticos<\/strong><\/h3>\n\n\n\n<p>Asunto del mensaje: aseg\u00farate de que el t\u00edtulo es expl\u00edcito y breve. Recuerda cambiar el asunto del mensaje si nuestra respuesta difiere significativamente del asunto original.<\/p>\n\n\n\n<p>Evitemos amontonar los mensajes citados y qued\u00e9monos s\u00f3lo con el o los que tengan un inter\u00e9s convincente para la continuaci\u00f3n de la conversaci\u00f3n.<\/p>\n\n\n\n<p>No se permiten fotos, documentos ni archivos adjuntos colocados directamente en un mensaje. Sin embargo, un enlace a un montaje de fotos o a un sitio web interesante directamente relacionado con nuestro negocio es bienvenido.<\/p>\n\n\n\n<p>No se acepta el anonimato y, si utiliza un seud\u00f3nimo, su nombre y direcci\u00f3n de internet deben aparecer en los mensajes que env\u00ede a la lista (v\u00e9ase tambi\u00e9n la nota sobre este art\u00edculo). Le recomendamos que no env\u00ede mensajes personales a la lista. Si desea responder a una sola persona, aseg\u00farese de suprimir la direcci\u00f3n cent-cols@groups.io en el campo destinatario, y de introducir \u00fanicamente la del destinatario en cuesti\u00f3n.<\/p>\n\n\n\n<h3 class=\"wp-block-heading\"><strong>Inter\u00e9s por el tema&nbsp;<\/strong><\/h3>\n\n\n\n<p>Tenga en cuenta que no todos los temas ser\u00e1n de inter\u00e9s para todos los abonados. Si no le interesa un tema concreto, es mucho mejor borrarlo de su bandeja de entrada que protestar.<\/p>\n\n\n\n<p>Por otro lado, tambi\u00e9n es importante no sobrecargar la lista con numerosos correos redundantes que ya no aportan ninguna informaci\u00f3n nueva. Tambi\u00e9n puedes sugerir a tus contactos que contin\u00faen el debate en curso en un grupo privado de personas interesadas en el tema, antes de compartir tus conclusiones en la lista.<\/p>\n\n\n\n<h3 class=\"wp-block-heading\"><strong>Idioma<\/strong><\/h3>\n\n\n\n<p>Cada cual es libre de utilizar la lengua de su elecci\u00f3n, pero el mensaje no ser\u00e1 legible por la mayor\u00eda si no incluye tambi\u00e9n una versi\u00f3n en franc\u00e9s, la lengua m\u00e1s utilizada por los abonados. Traducir un correo interesante del franc\u00e9s a otro idioma demostrar\u00e1 nuestro inter\u00e9s por nuestros amigos no franc\u00f3fonos.<\/p>\n\n\n\n<h3 class=\"wp-block-heading\"><strong>Moderaci\u00f3n<\/strong><\/h3>\n\n\n\n<p>Dado el n\u00famero limitado de temas que pueden debatirse y el comportamiento adecuado que debe adoptarse, no est\u00e1 previsto que los administradores moderen el sitio de antemano. Es posible que se produzcan desviaciones de esta carta por error. El autor puede disculparse en la lista en cuanto se d\u00e9 cuenta. Si la desviaci\u00f3n es advertida por un tercero, se recomienda encarecidamente a \u00e9ste que pida educadamente explicaciones al autor, ya que puede tratarse de un error y no de una intenci\u00f3n genuina. Aunque el error es posible y excusable, una acci\u00f3n deliberadamente perjudicial no lo es.<\/p>\n\n\n\n<p>A veces, los directivos tendr\u00e1n que intervenir durante una discusi\u00f3n para mantener la calma en esta lista y evitar el riesgo de \u00absobrecalentamiento\u00bb. \u00a1Las lecciones del pasado nos preparan para el futuro! El siguiente paso ser\u00e1 ponerse en contacto \u00abpersonalmente\u00bb con el abonado infractor, inform\u00e1ndole de la discrepancia y pidi\u00e9ndole que no vuelva a repetirla. En caso de reincidencia, el abonado podr\u00e1 ser excluido de la lista durante un periodo que se determinar\u00e1 en funci\u00f3n de la gravedad de la infracci\u00f3n y a juicio de los responsables y del Consejo de Administraci\u00f3n del Club des Cent Cols.<\/p>\n\n\n\n<p><strong>Los miembros del Club des Cent Cols est\u00e1n repartidos por muchas regiones y pa\u00edses diferentes, y la mayor\u00eda de ellos no se conocen entre s\u00ed. Esta lista es a menudo el \u00fanico medio de contacto entre nosotros. Es, por tanto, un poderoso v\u00ednculo que nos une. Por eso es sumamente importante conservarla, teniendo en cuenta que cada uno de nuestros correos electr\u00f3nicos, seg\u00fan su contenido, la reforzar\u00e1 o la corroer\u00e1.<\/strong><\/p>","protected":false},"excerpt":{"rendered":"<p>La liste de discussion a essentiellement pour but de permettre la communication d\u2019informations entre ses inscrits, membres du Club des Cent Cols, sur des sujets li\u00e9s \u00e0 notre pratique du cyclotourisme. Inscription Vous \u00eates membres du Club des Cent Cols, vous pouvez rejoindre la liste de discussion en envoyant simplement un courriel vide. \u00e0 l&rsquo;adresse [&hellip;]<\/p>\n","protected":false},"author":2,"featured_media":0,"parent":0,"menu_order":0,"comment_status":"open","ping_status":"open","template":"","meta":{"_acf_changed":false,"footnotes":""},"class_list":["post-79345","page","type-page","status-publish","hentry"],"acf":[],"yoast_head":"<!-- This site is optimized with the Yoast SEO plugin v27.2 - https:\/\/yoast.com\/product\/yoast-seo-wordpress\/ -->\n<title>Liste de discussion - Club des Cent Cols<\/title>\n<meta name=\"robots\" content=\"index, follow, max-snippet:-1, max-image-preview:large, max-video-preview:-1\" \/>\n<link rel=\"canonical\" href=\"https:\/\/centcols.org\/es\/lista-de-discusion\/\" \/>\n<meta property=\"og:locale\" content=\"es_ES\" \/>\n<meta property=\"og:type\" content=\"article\" \/>\n<meta property=\"og:title\" content=\"Liste de discussion - Club des Cent Cols\" \/>\n<meta property=\"og:description\" content=\"La liste de discussion a essentiellement pour but de permettre la communication d\u2019informations entre ses inscrits, membres du Club des Cent Cols, sur des sujets li\u00e9s \u00e0 notre pratique du cyclotourisme. Inscription Vous \u00eates membres du Club des Cent Cols, vous pouvez rejoindre la liste de discussion en envoyant simplement un courriel vide. \u00e0 l&rsquo;adresse [&hellip;]\" \/>\n<meta property=\"og:url\" content=\"https:\/\/centcols.org\/es\/lista-de-discusion\/\" \/>\n<meta property=\"og:site_name\" content=\"Club des Cent Cols\" \/>\n<meta property=\"article:publisher\" content=\"https:\/\/www.facebook.com\/groups\/5261880558\/?locale=fr_FR\" \/>\n<meta property=\"article:modified_time\" content=\"2026-02-18T11:45:27+00:00\" \/>\n<meta property=\"og:image\" content=\"https:\/\/centcols.org\/wp-content\/uploads\/2025\/08\/icons8-note-100.png\" \/>\n\t<meta property=\"og:image:width\" content=\"100\" \/>\n\t<meta property=\"og:image:height\" content=\"100\" \/>\n\t<meta property=\"og:image:type\" content=\"image\/png\" \/>\n<meta name=\"twitter:card\" content=\"summary_large_image\" \/>\n<meta name=\"twitter:label1\" content=\"Tiempo de lectura\" \/>\n\t<meta name=\"twitter:data1\" content=\"7 minutos\" \/>\n<script type=\"application\/ld+json\" class=\"yoast-schema-graph\">{\"@context\":\"https:\/\/schema.org\",\"@graph\":[{\"@type\":\"WebPage\",\"@id\":\"https:\/\/centcols.org\/liste-de-discussion\/\",\"url\":\"https:\/\/centcols.org\/liste-de-discussion\/\",\"name\":\"Liste de discussion - Club des Cent Cols\",\"isPartOf\":{\"@id\":\"https:\/\/centcols.org\/#website\"},\"primaryImageOfPage\":{\"@id\":\"https:\/\/centcols.org\/liste-de-discussion\/#primaryimage\"},\"image\":{\"@id\":\"https:\/\/centcols.org\/liste-de-discussion\/#primaryimage\"},\"thumbnailUrl\":\"https:\/\/centcols.org\/wp-content\/uploads\/2025\/08\/icons8-note-100.png\",\"datePublished\":\"2025-02-05T08:00:16+00:00\",\"dateModified\":\"2026-02-18T11:45:27+00:00\",\"breadcrumb\":{\"@id\":\"https:\/\/centcols.org\/liste-de-discussion\/#breadcrumb\"},\"inLanguage\":\"es\",\"potentialAction\":[{\"@type\":\"ReadAction\",\"target\":[\"https:\/\/centcols.org\/liste-de-discussion\/\"]}]},{\"@type\":\"ImageObject\",\"inLanguage\":\"es\",\"@id\":\"https:\/\/centcols.org\/liste-de-discussion\/#primaryimage\",\"url\":\"https:\/\/centcols.org\/wp-content\/uploads\/2025\/08\/icons8-note-100.png\",\"contentUrl\":\"https:\/\/centcols.org\/wp-content\/uploads\/2025\/08\/icons8-note-100.png\"},{\"@type\":\"BreadcrumbList\",\"@id\":\"https:\/\/centcols.org\/liste-de-discussion\/#breadcrumb\",\"itemListElement\":[{\"@type\":\"ListItem\",\"position\":1,\"name\":\"Accueil\",\"item\":\"https:\/\/centcols.org\/\"},{\"@type\":\"ListItem\",\"position\":2,\"name\":\"Liste de discussion\"}]},{\"@type\":\"WebSite\",\"@id\":\"https:\/\/centcols.org\/#website\",\"url\":\"https:\/\/centcols.org\/\",\"name\":\"Club des Cent Cols\",\"description\":\"\",\"publisher\":{\"@id\":\"https:\/\/centcols.org\/#organization\"},\"potentialAction\":[{\"@type\":\"SearchAction\",\"target\":{\"@type\":\"EntryPoint\",\"urlTemplate\":\"https:\/\/centcols.org\/?s={search_term_string}\"},\"query-input\":{\"@type\":\"PropertyValueSpecification\",\"valueRequired\":true,\"valueName\":\"search_term_string\"}}],\"inLanguage\":\"es\"},{\"@type\":\"Organization\",\"@id\":\"https:\/\/centcols.org\/#organization\",\"name\":\"Club des Cent Cols\",\"url\":\"https:\/\/centcols.org\/\",\"logo\":{\"@type\":\"ImageObject\",\"inLanguage\":\"es\",\"@id\":\"https:\/\/centcols.org\/#\/schema\/logo\/image\/\",\"url\":\"https:\/\/centcols.org\/wp-content\/uploads\/2025\/01\/carte-icone.png\",\"contentUrl\":\"https:\/\/centcols.org\/wp-content\/uploads\/2025\/01\/carte-icone.png\",\"width\":250,\"height\":250,\"caption\":\"Club des Cent Cols\"},\"image\":{\"@id\":\"https:\/\/centcols.org\/#\/schema\/logo\/image\/\"},\"sameAs\":[\"https:\/\/www.facebook.com\/groups\/5261880558\/?locale=fr_FR\"]}]}<\/script>\n<!-- \/ Yoast SEO plugin. -->","yoast_head_json":{"title":"Lista de discusi\u00f3n - Club des Cent Cols","robots":{"index":"index","follow":"follow","max-snippet":"max-snippet:-1","max-image-preview":"max-image-preview:large","max-video-preview":"max-video-preview:-1"},"canonical":"https:\/\/centcols.org\/es\/lista-de-discusion\/","og_locale":"es_ES","og_type":"article","og_title":"Liste de discussion - Club des Cent Cols","og_description":"La liste de discussion a essentiellement pour but de permettre la communication d\u2019informations entre ses inscrits, membres du Club des Cent Cols, sur des sujets li\u00e9s \u00e0 notre pratique du cyclotourisme. Inscription Vous \u00eates membres du Club des Cent Cols, vous pouvez rejoindre la liste de discussion en envoyant simplement un courriel vide. \u00e0 l&rsquo;adresse [&hellip;]","og_url":"https:\/\/centcols.org\/es\/lista-de-discusion\/","og_site_name":"Club des Cent Cols","article_publisher":"https:\/\/www.facebook.com\/groups\/5261880558\/?locale=fr_FR","article_modified_time":"2026-02-18T11:45:27+00:00","og_image":[{"width":100,"height":100,"url":"https:\/\/centcols.org\/wp-content\/uploads\/2025\/08\/icons8-note-100.png","type":"image\/png"}],"twitter_card":"summary_large_image","twitter_misc":{"Tiempo de lectura":"7 minutos"},"schema":{"@context":"https:\/\/schema.org","@graph":[{"@type":"WebPage","@id":"https:\/\/centcols.org\/liste-de-discussion\/","url":"https:\/\/centcols.org\/liste-de-discussion\/","name":"Lista de discusi\u00f3n - Club des Cent Cols","isPartOf":{"@id":"https:\/\/centcols.org\/#website"},"primaryImageOfPage":{"@id":"https:\/\/centcols.org\/liste-de-discussion\/#primaryimage"},"image":{"@id":"https:\/\/centcols.org\/liste-de-discussion\/#primaryimage"},"thumbnailUrl":"https:\/\/centcols.org\/wp-content\/uploads\/2025\/08\/icons8-note-100.png","datePublished":"2025-02-05T08:00:16+00:00","dateModified":"2026-02-18T11:45:27+00:00","breadcrumb":{"@id":"https:\/\/centcols.org\/liste-de-discussion\/#breadcrumb"},"inLanguage":"es","potentialAction":[{"@type":"ReadAction","target":["https:\/\/centcols.org\/liste-de-discussion\/"]}]},{"@type":"ImageObject","inLanguage":"es","@id":"https:\/\/centcols.org\/liste-de-discussion\/#primaryimage","url":"https:\/\/centcols.org\/wp-content\/uploads\/2025\/08\/icons8-note-100.png","contentUrl":"https:\/\/centcols.org\/wp-content\/uploads\/2025\/08\/icons8-note-100.png"},{"@type":"BreadcrumbList","@id":"https:\/\/centcols.org\/liste-de-discussion\/#breadcrumb","itemListElement":[{"@type":"ListItem","position":1,"name":"Accueil","item":"https:\/\/centcols.org\/"},{"@type":"ListItem","position":2,"name":"Liste de discussion"}]},{"@type":"WebSite","@id":"https:\/\/centcols.org\/#website","url":"https:\/\/centcols.org\/","name":"Club des Cent Cols","description":"","publisher":{"@id":"https:\/\/centcols.org\/#organization"},"potentialAction":[{"@type":"SearchAction","target":{"@type":"EntryPoint","urlTemplate":"https:\/\/centcols.org\/?s={search_term_string}"},"query-input":{"@type":"PropertyValueSpecification","valueRequired":true,"valueName":"search_term_string"}}],"inLanguage":"es"},{"@type":"Organization","@id":"https:\/\/centcols.org\/#organization","name":"Club des Cent Cols","url":"https:\/\/centcols.org\/","logo":{"@type":"ImageObject","inLanguage":"es","@id":"https:\/\/centcols.org\/#\/schema\/logo\/image\/","url":"https:\/\/centcols.org\/wp-content\/uploads\/2025\/01\/carte-icone.png","contentUrl":"https:\/\/centcols.org\/wp-content\/uploads\/2025\/01\/carte-icone.png","width":250,"height":250,"caption":"Club des Cent Cols"},"image":{"@id":"https:\/\/centcols.org\/#\/schema\/logo\/image\/"},"sameAs":["https:\/\/www.facebook.com\/groups\/5261880558\/?locale=fr_FR"]}]}},"_links":{"self":[{"href":"https:\/\/centcols.org\/es\/wp-json\/wp\/v2\/pages\/79345","targetHints":{"allow":["GET"]}}],"collection":[{"href":"https:\/\/centcols.org\/es\/wp-json\/wp\/v2\/pages"}],"about":[{"href":"https:\/\/centcols.org\/es\/wp-json\/wp\/v2\/types\/page"}],"author":[{"embeddable":true,"href":"https:\/\/centcols.org\/es\/wp-json\/wp\/v2\/users\/2"}],"replies":[{"embeddable":true,"href":"https:\/\/centcols.org\/es\/wp-json\/wp\/v2\/comments?post=79345"}],"version-history":[{"count":0,"href":"https:\/\/centcols.org\/es\/wp-json\/wp\/v2\/pages\/79345\/revisions"}],"wp:attachment":[{"href":"https:\/\/centcols.org\/es\/wp-json\/wp\/v2\/media?parent=79345"}],"curies":[{"name":"wp","href":"https:\/\/api.w.org\/{rel}","templated":true}]}}