{"id":79514,"date":"2025-02-05T10:07:17","date_gmt":"2025-02-05T08:07:17","guid":{"rendered":"https:\/\/centcols.org\/comment-faire\/"},"modified":"2025-09-14T17:32:39","modified_gmt":"2025-09-14T15:32:39","slug":"que-hacer","status":"publish","type":"page","link":"https:\/\/centcols.org\/es\/comment-faire\/","title":{"rendered":"\u00bfC\u00f3mo se hace?"},"content":{"rendered":"<h2 class=\"wp-block-heading\">\u00danete a nosotros.<\/h2>\n\n\n\n<p>\u00bfComparte nuestra pasi\u00f3n por la monta\u00f1a? \u00bfLe gusta escalar puertos de monta\u00f1a?  En eso consiste nuestra hermandad.  Damos una calurosa bienvenida a nuevos miembros de todas las edades, nacionalidades, capacidades y disciplinas ciclistas. Ven y \u00fanete a nosotros.<\/p>\n\n\n\n<p>\u00bfHasta d\u00f3nde has llegado?<\/p>\n\n\n\n<p>1\u00b0) Haber escalado un m\u00ednimo de 100 puertos de monta\u00f1a <strong>varios<\/strong> incluyendo al menos 5 por encima de los 2000 m, \u00a1enhorabuena! Si est\u00e1s listo para unirte a nosotros, s\u00f3lo tienes que rellenar el formulario de afiliaci\u00f3n.<\/p>\n\n\n\n<p><em><strong>Nota: Un pase s\u00f3lo puede contabilizarse \u00abuna vez\u00bb (v\u00e9ase <a href=\"https:\/\/centcols.org\/es\/reglas\/\" target=\"_blank\" rel=\"noreferrer noopener\">reglas del juego, art\u00edculo 1<\/a>)<\/strong><\/em><\/p>\n\n\n\n<p>En un fichero Excel o Calc, elabore su lista de puertos, a ser posible con sus altitudes, y la zona administrativa (por ejemplo, condado brit\u00e1nico, cant\u00f3n suizo, departamento franc\u00e9s, provincia italiana o espa\u00f1ola) donde se encuentran. Para mayor facilidad, puede remitirse a las soluciones propuestas en \u00a73.<\/p>\n\n\n\n<p>A continuaci\u00f3n, siga este enlace : <a href=\"https:\/\/centcols.org\/es\/formulario-de-inscripcion\/\"><strong><u>formulario de adhesi\u00f3n&nbsp;<\/u><\/strong><\/a><\/p>\n\n\n\n<p>2\u00b0) Si a\u00fan no has alcanzado los 100 aprobados, \u00a1no desesperes! \u00a1Sigue adelante! \u00a1Estamos aqu\u00ed para ayudarte!<\/p>\n\n\n\n<ul class=\"wp-block-list\">\n<li>Puede enviarnos una lista previa de los puertos que ha escalado y la comprobaremos.<\/li>\n\n\n\n<li>Puede participar e inscribirse en: Reuniones regionales, <a href=\"https:\/\/centcols.org\/es\/ir-a\/paseos-permanentes\/\" target=\"_blank\" rel=\"noreferrer noopener\">paseos permanentes<\/a> , El Club des Cent Cols ofrece una amplia gama de actividades, incluidas brevets y desaf\u00edos, que est\u00e1n abiertas a los no socios. Tambi\u00e9n puede ponerse en contacto con el Delegado Territorial de su regi\u00f3n: <a href=\"https:\/\/centcols.org\/es\/delegados-y-otros-voluntarios\/\">p\u00e1gina <strong><u>delegados y otros voluntarios<\/u><\/strong>&nbsp;<\/a>del sitio. Te sugerir\u00e1 un \u00abPatrocinador\u00bb, cercano a ti y miembro de la CRL, que te ayudar\u00e1 a encontrar y subir pases para completar tu lista.<\/li>\n<\/ul>\n\n\n\n<p>3\u00b0) Si no est\u00e1s seguro de si todos tus pases est\u00e1n autorizados por el Club, existen varias formas de comprobar tu lista y planificar tus pr\u00f3ximas rutas.<\/p>\n\n\n\n<h3 class=\"wp-block-heading\">Elabore su lista a partir de nuestros cat\u00e1logos<\/h3>\n\n\n\n<p>Utilice nuestros cat\u00e1logos. Est\u00e1n a disposici\u00f3n de los no socios*, en nuestro <strong><a href=\"https:\/\/centcols.org\/es\/boutique\/\">tienda<\/a><\/strong><\/p>\n\n\n\n<h3 class=\"wp-block-heading\">Elabora tu lista con Openrunner<\/h3>\n\n\n\n<figure class=\"wp-block-image size-full\"><a href=\"https:\/\/www.openrunner.com\/\" target=\"_blank\" rel=\" noreferrer noopener\"><img loading=\"lazy\" decoding=\"async\" width=\"183\" height=\"44\" src=\"https:\/\/centcols.org\/wp-content\/uploads\/2025\/08\/logo-openrunner.png\" alt=\"\" class=\"wp-image-88503\"\/><\/a><\/figure>\n\n\n\n<p><strong>Tutorial para elaborar la primera lista de collares :<br><\/strong><br>Visite el sitio web :&nbsp;<a href=\"https:\/\/www.openrunner.com\/\" target=\"_blank\" rel=\"noreferrer noopener\">https:\/\/www.openrunner.com\/<\/a><br>Si no tiene una cuenta, seleccione \u00bbRegistrarse\u00bb (esquina superior derecha):<\/p>\n\n\n\n<figure class=\"wp-block-image size-full\"><img loading=\"lazy\" decoding=\"async\" width=\"463\" height=\"62\" src=\"https:\/\/centcols.org\/wp-content\/uploads\/2025\/02\/OR15.jpg\" alt=\"\" class=\"wp-image-79529\"\/><\/figure>\n\n\n\n<p>Una vez que haya creado una cuenta, inicie sesi\u00f3n y, para ver la ubicaci\u00f3n de los pasos en el mapa, haga clic en crear una ruta y, a continuaci\u00f3n, cree (o importe) un archivo gpx si ha guardado una ruta en su GPS.<\/p>\n\n\n\n<figure class=\"wp-block-image size-full is-resized\"><img loading=\"lazy\" decoding=\"async\" width=\"852\" height=\"305\" src=\"https:\/\/centcols.org\/wp-content\/uploads\/2025\/02\/OR2.jpg\" alt=\"\" class=\"wp-image-79516\" style=\"width:600px\" srcset=\"https:\/\/centcols.org\/wp-content\/uploads\/2025\/02\/OR2.jpg 852w, https:\/\/centcols.org\/wp-content\/uploads\/2025\/02\/OR2-768x275.jpg 768w, https:\/\/centcols.org\/wp-content\/uploads\/2025\/02\/OR2-600x215.jpg 600w\" sizes=\"auto, (max-width: 852px) 100vw, 852px\" \/><\/figure>\n\n\n\n<p>En la parte derecha del mapa, en la parte superior, hay un icono que representa una monta\u00f1a. Al pasar el rat\u00f3n por encima, aparece una notificaci\u00f3n que le informa de que el icono se utiliza para mostrar puertos de monta\u00f1a.<\/p>\n\n\n\n<figure class=\"wp-block-image size-full\"><img loading=\"lazy\" decoding=\"async\" width=\"222\" height=\"151\" src=\"https:\/\/centcols.org\/wp-content\/uploads\/2025\/02\/OR4-1.jpg\" alt=\"\" class=\"wp-image-79518\"\/><\/figure>\n\n\n\n<p>Al hacer clic en el icono, aparece una pantalla con 4 opciones.<\/p>\n\n\n\n<figure class=\"wp-block-image size-full\"><img loading=\"lazy\" decoding=\"async\" width=\"483\" height=\"371\" src=\"https:\/\/centcols.org\/wp-content\/uploads\/2025\/02\/OR5.jpg\" alt=\"\" class=\"wp-image-79519\"\/><\/figure>\n\n\n\n<p>Si selecciona \"Pasos de carretera\" y \"Pasos de mula\", aparecer\u00e1n en el mapa todos los pasos reconocidos por el Club des Cent Cols: los pasos de carretera con un icono negro y los pasos de mula con un icono rojo.<\/p>\n\n\n\n<figure class=\"wp-block-image size-full\"><img loading=\"lazy\" decoding=\"async\" width=\"280\" height=\"199\" src=\"https:\/\/centcols.org\/wp-content\/uploads\/2025\/02\/OR6.jpg\" alt=\"\" class=\"wp-image-79520\"\/><\/figure>\n\n\n\n<p>Al hacer clic en un collar, se abre una ventana con informaci\u00f3n sobre el collar. Nos interesa la secci\u00f3n \u00abRecoger collares\u00bb.<\/p>\n\n\n\n<figure class=\"wp-block-image size-full\"><img loading=\"lazy\" decoding=\"async\" width=\"383\" height=\"294\" src=\"https:\/\/centcols.org\/wp-content\/uploads\/2025\/02\/OR7.jpg\" alt=\"\" class=\"wp-image-79521\"\/><\/figure>\n\n\n\n<p>Haga clic para coleccionar collares, \u00a1y ya puede empezar su colecci\u00f3n de collares!<\/p>\n\n\n\n<figure class=\"wp-block-image size-full\"><img loading=\"lazy\" decoding=\"async\" width=\"339\" height=\"281\" src=\"https:\/\/centcols.org\/wp-content\/uploads\/2025\/02\/OR8.jpg\" alt=\"\" class=\"wp-image-79522\"\/><\/figure>\n\n\n\n<p>Si hace clic en \u00abCol gravi\u00bb, el pase aparecer\u00e1 rodeado de un c\u00edrculo verde, o de un c\u00edrculo azul si hace clic en \u00abCol \u00e0 faire\u00bb.\u00bb<\/p>\n\n\n\n<figure class=\"wp-block-gallery has-nested-images columns-default is-cropped wp-block-gallery-1 is-layout-flex wp-block-gallery-is-layout-flex\">\n<figure class=\"wp-block-image size-large\"><img loading=\"lazy\" decoding=\"async\" width=\"290\" height=\"185\" data-id=\"79523\" src=\"https:\/\/centcols.org\/wp-content\/uploads\/2025\/02\/OR9.jpg\" alt=\"\" class=\"wp-image-79523\"\/><\/figure>\n\n\n\n<figure class=\"wp-block-image size-large\"><img loading=\"lazy\" decoding=\"async\" width=\"249\" height=\"195\" data-id=\"79524\" src=\"https:\/\/centcols.org\/wp-content\/uploads\/2025\/02\/OR10.jpg\" alt=\"\" class=\"wp-image-79524\"\/><\/figure>\n<\/figure>\n\n\n\n<p>Ahora entiendes el prop\u00f3sito de los 2 ticks \u00abmostrar s\u00f3lo mis pases subidos\u00bb o \u00abmostrar s\u00f3lo mis pases planificados\u00bb que encontraste cuando abriste la pantalla de pases:<\/p>\n\n\n\n<figure class=\"wp-block-image size-full\"><img loading=\"lazy\" decoding=\"async\" width=\"483\" height=\"371\" src=\"https:\/\/centcols.org\/wp-content\/uploads\/2025\/02\/OR5.jpg\" alt=\"\" class=\"wp-image-79519\"\/><\/figure>\n\n\n\n<p>Una vez que haya marcado todos los pasos que ha subido, vaya a su espacio (accesible a trav\u00e9s del nombre de su cuenta en la esquina superior derecha de su pantalla):&nbsp;<\/p>\n\n\n\n<figure class=\"wp-block-image size-full\"><img loading=\"lazy\" decoding=\"async\" width=\"543\" height=\"278\" src=\"https:\/\/centcols.org\/wp-content\/uploads\/2025\/02\/OR11.jpg\" alt=\"\" class=\"wp-image-79525\"\/><\/figure>\n\n\n\n<p>en la barra lateral izquierda, seleccione Club des Cent Cols.<\/p>\n\n\n\n<figure class=\"wp-block-image size-full\"><img loading=\"lazy\" decoding=\"async\" width=\"282\" height=\"468\" src=\"https:\/\/centcols.org\/wp-content\/uploads\/2025\/02\/OR12.jpg\" alt=\"\" class=\"wp-image-79526\"\/><\/figure>\n\n\n\n<p>Si ha alcanzado su objetivo de 100 pases, incluidos 5 por encima (o igual) de 2000 m, s\u00f3lo tiene que hacer clic en \u00abenviar para validaci\u00f3n\u00bb.<\/p>\n\n\n\n<figure class=\"wp-block-image size-full\"><img loading=\"lazy\" decoding=\"async\" width=\"725\" height=\"227\" src=\"https:\/\/centcols.org\/wp-content\/uploads\/2025\/02\/OR13.jpg\" alt=\"\" class=\"wp-image-79527\" srcset=\"https:\/\/centcols.org\/wp-content\/uploads\/2025\/02\/OR13.jpg 725w, https:\/\/centcols.org\/wp-content\/uploads\/2025\/02\/OR13-600x188.jpg 600w\" sizes=\"auto, (max-width: 725px) 100vw, 725px\" \/><\/figure>\n\n\n\n<p>A continuaci\u00f3n, se crea autom\u00e1ticamente un archivo en formato csv, compatible con excel, open office o libre office.<\/p>\n\n\n\n<figure class=\"wp-block-image size-full\"><img loading=\"lazy\" decoding=\"async\" width=\"457\" height=\"260\" src=\"https:\/\/centcols.org\/wp-content\/uploads\/2025\/02\/OR14.jpg\" alt=\"\" class=\"wp-image-79528\"\/><\/figure>\n\n\n\n<p>Gu\u00e1rdelo: Este es el archivo que deber\u00e1 enviar con su solicitud de inscripci\u00f3n.<\/p>\n\n\n\n<h3 class=\"wp-block-heading\">Construye tu lista con Ccway<\/h3>\n\n\n\n<p>Requiere el uso de Google Earth u otro software de cartograf\u00eda (basecamp, compegps, otros...)<\/p>\n\n\n\n<p>Gu\u00eda r\u00e1pida para la visualizaci\u00f3n en Google Earth: en el sitio web del Club, los no socios deben hacer clic en \u00abPasses\u00bb, luego en \u00abCCway\u00bb. En la p\u00e1gina del mapa, haz clic en la bandera del pa\u00eds que quieras, luego aseg\u00farate de elegir \u00abselecci\u00f3n de mapa\u00bb, el tipo de pase ejemplo \u00abpase de carretera\u00bb, y \u00abKML\u00bb. Haga clic para crear un pol\u00edgono en el mapa alrededor de la regi\u00f3n que desee. A continuaci\u00f3n, haz clic en el bot\u00f3n con la flecha hacia abajo, y los pasos correspondientes deber\u00edan aparecer en Google Earth.<\/p>\n\n\n\n<p>No dude en ponerse en contacto con nuestro Secretario de Afiliaci\u00f3n, :&nbsp;<a href=\"mailto:inscr&#105;&#112;&#116;&#105;&#111;&#110;&#115;&#64;&#99;&#101;&#110;&#116;&#99;&#111;&#108;&#x73;&#x2e;&#x6f;&#x72;&#x67;\">inscriptions@centcols.org<\/a><\/p>","protected":false},"excerpt":{"rendered":"<p>Nous Rejoindre ! Vous partagez notre passion pour la montagne, vous aimez franchir des cols&nbsp;! &nbsp;C\u2019est la vocation de notre confr\u00e9rie&nbsp;!&nbsp; Nous accueillons chaleureusement les nouveaux membres, de tous \u00e2ges, de toutes nationalit\u00e9s, de tous niveaux et de toutes disciplines du cyclisme. Alors, venez nous rejoindre ! O\u00f9 en \u00eates-vous&nbsp;? 1\u00b0) Vous avez grimp\u00e9 un [&hellip;]<\/p>\n","protected":false},"author":2,"featured_media":623,"parent":0,"menu_order":0,"comment_status":"open","ping_status":"closed","template":"","meta":{"_acf_changed":false,"footnotes":""},"class_list":["post-79514","page","type-page","status-publish","has-post-thumbnail","hentry"],"acf":[],"yoast_head":"<!-- This site is optimized with the Yoast SEO plugin v27.2 - https:\/\/yoast.com\/product\/yoast-seo-wordpress\/ -->\n<title>Comment faire ? - Club des Cent Cols<\/title>\n<meta name=\"robots\" content=\"index, follow, max-snippet:-1, max-image-preview:large, max-video-preview:-1\" \/>\n<link rel=\"canonical\" href=\"https:\/\/centcols.org\/es\/que-hacer\/\" \/>\n<meta property=\"og:locale\" content=\"es_ES\" \/>\n<meta property=\"og:type\" content=\"article\" \/>\n<meta property=\"og:title\" content=\"Comment faire ? - Club des Cent Cols\" \/>\n<meta property=\"og:description\" content=\"Nous Rejoindre ! Vous partagez notre passion pour la montagne, vous aimez franchir des cols&nbsp;! &nbsp;C\u2019est la vocation de notre confr\u00e9rie&nbsp;!&nbsp; Nous accueillons chaleureusement les nouveaux membres, de tous \u00e2ges, de toutes nationalit\u00e9s, de tous niveaux et de toutes disciplines du cyclisme. Alors, venez nous rejoindre ! O\u00f9 en \u00eates-vous&nbsp;? 1\u00b0) Vous avez grimp\u00e9 un [&hellip;]\" \/>\n<meta property=\"og:url\" content=\"https:\/\/centcols.org\/es\/que-hacer\/\" \/>\n<meta property=\"og:site_name\" content=\"Club des Cent Cols\" \/>\n<meta property=\"article:publisher\" content=\"https:\/\/www.facebook.com\/groups\/5261880558\/?locale=fr_FR\" \/>\n<meta property=\"article:modified_time\" content=\"2025-09-14T15:32:39+00:00\" \/>\n<meta property=\"og:image\" content=\"https:\/\/centcols.org\/wp-content\/uploads\/2025\/01\/club-cent-cols-challenges-velo.jpg\" \/>\n\t<meta property=\"og:image:width\" content=\"1500\" \/>\n\t<meta property=\"og:image:height\" content=\"1000\" \/>\n\t<meta property=\"og:image:type\" content=\"image\/jpeg\" \/>\n<meta name=\"twitter:card\" content=\"summary_large_image\" \/>\n<meta name=\"twitter:label1\" content=\"Tiempo de lectura\" \/>\n\t<meta name=\"twitter:data1\" content=\"8 minutos\" \/>\n<script type=\"application\/ld+json\" class=\"yoast-schema-graph\">{\"@context\":\"https:\/\/schema.org\",\"@graph\":[{\"@type\":\"WebPage\",\"@id\":\"https:\/\/centcols.org\/comment-faire\/\",\"url\":\"https:\/\/centcols.org\/comment-faire\/\",\"name\":\"Comment faire ? - Club des Cent Cols\",\"isPartOf\":{\"@id\":\"https:\/\/centcols.org\/#website\"},\"primaryImageOfPage\":{\"@id\":\"https:\/\/centcols.org\/comment-faire\/#primaryimage\"},\"image\":{\"@id\":\"https:\/\/centcols.org\/comment-faire\/#primaryimage\"},\"thumbnailUrl\":\"https:\/\/centcols.org\/wp-content\/uploads\/2025\/01\/club-cent-cols-challenges-velo.jpg\",\"datePublished\":\"2025-02-05T08:07:17+00:00\",\"dateModified\":\"2025-09-14T15:32:39+00:00\",\"breadcrumb\":{\"@id\":\"https:\/\/centcols.org\/comment-faire\/#breadcrumb\"},\"inLanguage\":\"es\",\"potentialAction\":[{\"@type\":\"ReadAction\",\"target\":[\"https:\/\/centcols.org\/comment-faire\/\"]}]},{\"@type\":\"ImageObject\",\"inLanguage\":\"es\",\"@id\":\"https:\/\/centcols.org\/comment-faire\/#primaryimage\",\"url\":\"https:\/\/centcols.org\/wp-content\/uploads\/2025\/01\/club-cent-cols-challenges-velo.jpg\",\"contentUrl\":\"https:\/\/centcols.org\/wp-content\/uploads\/2025\/01\/club-cent-cols-challenges-velo.jpg\",\"width\":1500,\"height\":1000,\"caption\":\"col \u00e0 v\u00e9lo - cyclotourisme en montagne - v\u00e9lo en montagne\"},{\"@type\":\"BreadcrumbList\",\"@id\":\"https:\/\/centcols.org\/comment-faire\/#breadcrumb\",\"itemListElement\":[{\"@type\":\"ListItem\",\"position\":1,\"name\":\"Accueil\",\"item\":\"https:\/\/centcols.org\/\"},{\"@type\":\"ListItem\",\"position\":2,\"name\":\"Comment faire ?\"}]},{\"@type\":\"WebSite\",\"@id\":\"https:\/\/centcols.org\/#website\",\"url\":\"https:\/\/centcols.org\/\",\"name\":\"Club des Cent Cols\",\"description\":\"\",\"publisher\":{\"@id\":\"https:\/\/centcols.org\/#organization\"},\"potentialAction\":[{\"@type\":\"SearchAction\",\"target\":{\"@type\":\"EntryPoint\",\"urlTemplate\":\"https:\/\/centcols.org\/?s={search_term_string}\"},\"query-input\":{\"@type\":\"PropertyValueSpecification\",\"valueRequired\":true,\"valueName\":\"search_term_string\"}}],\"inLanguage\":\"es\"},{\"@type\":\"Organization\",\"@id\":\"https:\/\/centcols.org\/#organization\",\"name\":\"Club des Cent Cols\",\"url\":\"https:\/\/centcols.org\/\",\"logo\":{\"@type\":\"ImageObject\",\"inLanguage\":\"es\",\"@id\":\"https:\/\/centcols.org\/#\/schema\/logo\/image\/\",\"url\":\"https:\/\/centcols.org\/wp-content\/uploads\/2025\/01\/carte-icone.png\",\"contentUrl\":\"https:\/\/centcols.org\/wp-content\/uploads\/2025\/01\/carte-icone.png\",\"width\":250,\"height\":250,\"caption\":\"Club des Cent Cols\"},\"image\":{\"@id\":\"https:\/\/centcols.org\/#\/schema\/logo\/image\/\"},\"sameAs\":[\"https:\/\/www.facebook.com\/groups\/5261880558\/?locale=fr_FR\"]}]}<\/script>\n<!-- \/ Yoast SEO plugin. -->","yoast_head_json":{"title":"C\u00f3mo llegar - Club des Cent Cols","robots":{"index":"index","follow":"follow","max-snippet":"max-snippet:-1","max-image-preview":"max-image-preview:large","max-video-preview":"max-video-preview:-1"},"canonical":"https:\/\/centcols.org\/es\/que-hacer\/","og_locale":"es_ES","og_type":"article","og_title":"Comment faire ? - Club des Cent Cols","og_description":"Nous Rejoindre ! Vous partagez notre passion pour la montagne, vous aimez franchir des cols&nbsp;! &nbsp;C\u2019est la vocation de notre confr\u00e9rie&nbsp;!&nbsp; Nous accueillons chaleureusement les nouveaux membres, de tous \u00e2ges, de toutes nationalit\u00e9s, de tous niveaux et de toutes disciplines du cyclisme. Alors, venez nous rejoindre ! O\u00f9 en \u00eates-vous&nbsp;? 1\u00b0) Vous avez grimp\u00e9 un [&hellip;]","og_url":"https:\/\/centcols.org\/es\/que-hacer\/","og_site_name":"Club des Cent Cols","article_publisher":"https:\/\/www.facebook.com\/groups\/5261880558\/?locale=fr_FR","article_modified_time":"2025-09-14T15:32:39+00:00","og_image":[{"width":1500,"height":1000,"url":"https:\/\/centcols.org\/wp-content\/uploads\/2025\/01\/club-cent-cols-challenges-velo.jpg","type":"image\/jpeg"}],"twitter_card":"summary_large_image","twitter_misc":{"Tiempo de lectura":"8 minutos"},"schema":{"@context":"https:\/\/schema.org","@graph":[{"@type":"WebPage","@id":"https:\/\/centcols.org\/comment-faire\/","url":"https:\/\/centcols.org\/comment-faire\/","name":"C\u00f3mo llegar - Club des Cent Cols","isPartOf":{"@id":"https:\/\/centcols.org\/#website"},"primaryImageOfPage":{"@id":"https:\/\/centcols.org\/comment-faire\/#primaryimage"},"image":{"@id":"https:\/\/centcols.org\/comment-faire\/#primaryimage"},"thumbnailUrl":"https:\/\/centcols.org\/wp-content\/uploads\/2025\/01\/club-cent-cols-challenges-velo.jpg","datePublished":"2025-02-05T08:07:17+00:00","dateModified":"2025-09-14T15:32:39+00:00","breadcrumb":{"@id":"https:\/\/centcols.org\/comment-faire\/#breadcrumb"},"inLanguage":"es","potentialAction":[{"@type":"ReadAction","target":["https:\/\/centcols.org\/comment-faire\/"]}]},{"@type":"ImageObject","inLanguage":"es","@id":"https:\/\/centcols.org\/comment-faire\/#primaryimage","url":"https:\/\/centcols.org\/wp-content\/uploads\/2025\/01\/club-cent-cols-challenges-velo.jpg","contentUrl":"https:\/\/centcols.org\/wp-content\/uploads\/2025\/01\/club-cent-cols-challenges-velo.jpg","width":1500,"height":1000,"caption":"col \u00e0 v\u00e9lo - cyclotourisme en montagne - v\u00e9lo en montagne"},{"@type":"BreadcrumbList","@id":"https:\/\/centcols.org\/comment-faire\/#breadcrumb","itemListElement":[{"@type":"ListItem","position":1,"name":"Accueil","item":"https:\/\/centcols.org\/"},{"@type":"ListItem","position":2,"name":"Comment faire ?"}]},{"@type":"WebSite","@id":"https:\/\/centcols.org\/#website","url":"https:\/\/centcols.org\/","name":"Club des Cent Cols","description":"","publisher":{"@id":"https:\/\/centcols.org\/#organization"},"potentialAction":[{"@type":"SearchAction","target":{"@type":"EntryPoint","urlTemplate":"https:\/\/centcols.org\/?s={search_term_string}"},"query-input":{"@type":"PropertyValueSpecification","valueRequired":true,"valueName":"search_term_string"}}],"inLanguage":"es"},{"@type":"Organization","@id":"https:\/\/centcols.org\/#organization","name":"Club des Cent Cols","url":"https:\/\/centcols.org\/","logo":{"@type":"ImageObject","inLanguage":"es","@id":"https:\/\/centcols.org\/#\/schema\/logo\/image\/","url":"https:\/\/centcols.org\/wp-content\/uploads\/2025\/01\/carte-icone.png","contentUrl":"https:\/\/centcols.org\/wp-content\/uploads\/2025\/01\/carte-icone.png","width":250,"height":250,"caption":"Club des Cent Cols"},"image":{"@id":"https:\/\/centcols.org\/#\/schema\/logo\/image\/"},"sameAs":["https:\/\/www.facebook.com\/groups\/5261880558\/?locale=fr_FR"]}]}},"_links":{"self":[{"href":"https:\/\/centcols.org\/es\/wp-json\/wp\/v2\/pages\/79514","targetHints":{"allow":["GET"]}}],"collection":[{"href":"https:\/\/centcols.org\/es\/wp-json\/wp\/v2\/pages"}],"about":[{"href":"https:\/\/centcols.org\/es\/wp-json\/wp\/v2\/types\/page"}],"author":[{"embeddable":true,"href":"https:\/\/centcols.org\/es\/wp-json\/wp\/v2\/users\/2"}],"replies":[{"embeddable":true,"href":"https:\/\/centcols.org\/es\/wp-json\/wp\/v2\/comments?post=79514"}],"version-history":[{"count":0,"href":"https:\/\/centcols.org\/es\/wp-json\/wp\/v2\/pages\/79514\/revisions"}],"wp:featuredmedia":[{"embeddable":true,"href":"https:\/\/centcols.org\/es\/wp-json\/wp\/v2\/media\/623"}],"wp:attachment":[{"href":"https:\/\/centcols.org\/es\/wp-json\/wp\/v2\/media?parent=79514"}],"curies":[{"name":"wp","href":"https:\/\/api.w.org\/{rel}","templated":true}]}}