{"id":84208,"date":"2025-06-25T23:07:56","date_gmt":"2025-06-25T21:07:56","guid":{"rendered":"https:\/\/centcols.org\/?page_id=84208"},"modified":"2025-08-09T15:06:22","modified_gmt":"2025-08-09T13:06:22","slug":"ccway","status":"publish","type":"page","link":"https:\/\/centcols.org\/es\/ccway\/","title":{"rendered":"ccWay"},"content":{"rendered":"<div class=\"wp-block-columns is-layout-flex wp-container-core-columns-is-layout-9d6595d7 wp-block-columns-is-layout-flex\">\n<div class=\"wp-block-column is-layout-flow wp-block-column-is-layout-flow\" style=\"flex-basis:66.66%\">        <div class=\"toggle-content-wrapper\">\n            <div class=\"visible-text\">\n                ccWay es una utilidad basada en la web del Club des Cent Cols capaz de extraer un conjunto de pases utilizando los criterios de su elecci\u00f3n. Puede producir varios tipos habituales de archivos de geolocalizaci\u00f3n, a elecci\u00f3n del usuario. El uso m\u00e1s inmediato es producir archivos gpx para su GPS, pero puede utilizar otros formatos para su software de geolocalizaci\u00f3n favorito, como Google Earth, MapSource, Carto Exploreur y muchos otros.            <\/div>\n            <div class=\"toggle-controls\">\n                <button class=\"toggle-btn read-more-btn\"\n                    data-show-text=\"Afficher moins\"\n                    data-hide-text=\"Lire la suite\">\n                    Seguir leyendo                <\/button>\n            <\/div>\n            <div class=\"hidden-text\" style=\"display: none;\">\n                Aunque \u00e9ste es su uso m\u00e1s directo, ccWay no est\u00e1 pensado espec\u00edficamente para usuarios de dispositivos GPS. Los archivos producidos por ccWay pueden utilizarse para planificar tus salidas y viajes en mapas, para obtener una vista en 3D de un grupo de pasos en Google Earth, y para muchos otros usos limitados s\u00f3lo por tu imaginaci\u00f3n.<br>Una vez elegido un pa\u00eds, puedes seleccionar los puertos por nivel administrativo (Regi\u00f3n, Departamento, Provincia, Cant\u00f3n, Land, Estado, etc.), por n\u00famero de mapa o hacer una selecci\u00f3n con el rat\u00f3n en un mapa interactivo. Los puertos as\u00ed obtenidos tambi\u00e9n pueden someterse a filtros: puertos &lt; 2000 m, puertos \u2265 2000 m o ambos; uno o varios niveles de dificultad; ccWay tambi\u00e9n puede diferenciar entre los puertos que ya has subido y los que te quedan por subir.<br>ccWay tambi\u00e9n le permite filtrar los pasos por la fecha en que se incluyeron o modificaron en la base de datos Cent Cols, buscar la posici\u00f3n de un paso espec\u00edfico por su nombre o c\u00f3digo, ver un track en el mapa desde un archivo de su ordenador o desde una ruta Openrunner.<br>ccWay funciona completamente en l\u00ednea, sin necesidad de instalar ning\u00fan software en su ordenador. Por supuesto, si lo desea, puede instalar el software de su elecci\u00f3n para procesar los archivos producidos por ccWay.            <\/div>\n            <div class=\"toggle-controls-bottom\" style=\"display: none;\">\n                <button class=\"toggle-btn show-less-btn\"\n                    data-show-text=\"Afficher moins\"\n                    data-hide-text=\"Lire la suite\">\n                    Mostrar menos                <\/button>\n            <\/div>\n        <\/div>\n    <\/div>\n\n\n\n<div class=\"wp-block-column is-layout-flow wp-block-column-is-layout-flow\" style=\"flex-basis:33.33%\"><div class=\"wp-block-image is-style-default\">\n<figure class=\"aligncenter size-full is-resized\"><img loading=\"lazy\" decoding=\"async\" width=\"346\" height=\"228\" src=\"https:\/\/centcols.org\/wp-content\/uploads\/2025\/05\/exce.jpg\" alt=\"\" class=\"wp-image-81828\" style=\"aspect-ratio:1.7777777777777777;object-fit:cover;width:484px;height:auto\"\/><figcaption class=\"wp-element-caption\"><strong><a href=\"https:\/\/centcols.org\/es\/util\/geo\/ccway\/\" target=\"_blank\" rel=\"noreferrer noopener\"><\/a><a href=\"https:\/\/centcols.org\/es\/util\/geo\/ccway\/\" target=\"_blank\" rel=\"noreferrer noopener\">Acceder a la utilidad ccWay<\/a><\/strong><\/figcaption><\/figure>\n<\/div><\/div>\n<\/div>\n\n\n\n<h2 class=\"wp-block-heading\">Gu\u00edas<\/h2>\n\n\n\n<div class=\"wp-block-query grid-nous-rejoindre is-layout-constrained wp-block-query-is-layout-constrained\"><ul class=\"wp-block-post-template is-layout-grid wp-container-core-post-template-is-layout-424c85b4 wp-block-post-template-is-layout-grid\"><li class=\"wp-block-post post-81825 post type-post status-publish format-standard has-post-thumbnail hentry category-guide-ccway category-tutoriels\">\n\n<div class=\"wp-block-group carte-article\"><div class=\"wp-block-group__inner-container is-layout-constrained wp-block-group-is-layout-constrained\"><figure style=\"aspect-ratio:16\/9;width:100%;\" class=\"wp-block-post-featured-image\"><a href=\"https:\/\/centcols.org\/es\/guide-dutilisation-ccway\/\" target=\"_self\"  ><img loading=\"lazy\" decoding=\"async\" width=\"346\" height=\"218\" src=\"https:\/\/centcols.org\/wp-content\/uploads\/2025\/05\/exmapsource.jpg\" class=\"attachment-post-thumbnail size-post-thumbnail wp-post-image\" alt=\"Gu\u00eda del usuario de ccWay\" style=\"width:100%;height:100%;object-fit:cover;\" \/><\/a><\/figure>\n\n<h3 style=\"font-size:1.2rem;\" class=\"wp-block-post-title\"><a href=\"https:\/\/centcols.org\/es\/guide-dutilisation-ccway\/\" target=\"_self\" >Gu\u00eda del usuario de ccWay<\/a><\/h3>\n\n<div class=\"wp-block-post-excerpt\"><p class=\"wp-block-post-excerpt__excerpt\">Notas preliminares Las configuraciones personalizadas de ccWay...<\/p><p class=\"wp-block-post-excerpt__more-text\"><a class=\"wp-block-post-excerpt__more-link\" href=\"https:\/\/centcols.org\/es\/guide-dutilisation-ccway\/\">Leer m\u00e1s \u2192<\/a><\/p><\/div><\/div><\/div>\n\n<\/li><li class=\"wp-block-post post-81842 post type-post status-publish format-standard has-post-thumbnail hentry category-guide-ccway category-tutoriels\">\n\n<div class=\"wp-block-group carte-article\"><div class=\"wp-block-group__inner-container is-layout-constrained wp-block-group-is-layout-constrained\"><figure style=\"aspect-ratio:16\/9;width:100%;\" class=\"wp-block-post-featured-image\"><a href=\"https:\/\/centcols.org\/es\/guide-ccway-selections-geographiques\/\" target=\"_self\"  ><img loading=\"lazy\" decoding=\"async\" width=\"720\" height=\"540\" src=\"https:\/\/centcols.org\/wp-content\/uploads\/2025\/07\/img-fr59.jpg\" class=\"attachment-post-thumbnail size-post-thumbnail wp-post-image\" alt=\"Gu\u00eda ccWay: selecciones geogr\u00e1ficas\" style=\"width:100%;height:100%;object-fit:cover;\" \/><\/a><\/figure>\n\n<h3 style=\"font-size:1.2rem;\" class=\"wp-block-post-title\"><a href=\"https:\/\/centcols.org\/es\/guide-ccway-selections-geographiques\/\" target=\"_self\" >Gu\u00eda ccWay: selecciones geogr\u00e1ficas<\/a><\/h3>\n\n<div class=\"wp-block-post-excerpt\"><p class=\"wp-block-post-excerpt__excerpt\">Las selecciones geogr\u00e1ficas le permiten limitar el \u00e1mbito geogr\u00e1fico de...<\/p><p class=\"wp-block-post-excerpt__more-text\"><a class=\"wp-block-post-excerpt__more-link\" href=\"https:\/\/centcols.org\/es\/guide-ccway-selections-geographiques\/\">Leer m\u00e1s \u2192<\/a><\/p><\/div><\/div><\/div>\n\n<\/li><li class=\"wp-block-post post-81846 post type-post status-publish format-standard has-post-thumbnail hentry category-guide-ccway category-tutoriels\">\n\n<div class=\"wp-block-group carte-article\"><div class=\"wp-block-group__inner-container is-layout-constrained wp-block-group-is-layout-constrained\"><figure style=\"aspect-ratio:16\/9;width:100%;\" class=\"wp-block-post-featured-image\"><a href=\"https:\/\/centcols.org\/es\/guide-ccway-selection-sur-carte\/\" target=\"_self\"  ><img loading=\"lazy\" decoding=\"async\" width=\"720\" height=\"540\" src=\"https:\/\/centcols.org\/wp-content\/uploads\/2025\/07\/img-fr60.jpg\" class=\"attachment-post-thumbnail size-post-thumbnail wp-post-image\" alt=\"Gu\u00eda ccWay: selecci\u00f3n de mapas\" style=\"width:100%;height:100%;object-fit:cover;\" \/><\/a><\/figure>\n\n<h3 style=\"font-size:1.2rem;\" class=\"wp-block-post-title\"><a href=\"https:\/\/centcols.org\/es\/guide-ccway-selection-sur-carte\/\" target=\"_self\" >Gu\u00eda ccWay: selecci\u00f3n de mapas<\/a><\/h3>\n\n<div class=\"wp-block-post-excerpt\"><p class=\"wp-block-post-excerpt__excerpt\">Selecci\u00f3n de mapa en Google Maps Este modo de selecci\u00f3n geogr\u00e1fica...<\/p><p class=\"wp-block-post-excerpt__more-text\"><a class=\"wp-block-post-excerpt__more-link\" href=\"https:\/\/centcols.org\/es\/guide-ccway-selection-sur-carte\/\">Leer m\u00e1s \u2192<\/a><\/p><\/div><\/div><\/div>\n\n<\/li><li class=\"wp-block-post post-81844 post type-post status-publish format-standard has-post-thumbnail hentry category-guide-ccway category-tutoriels\">\n\n<div class=\"wp-block-group carte-article\"><div class=\"wp-block-group__inner-container is-layout-constrained wp-block-group-is-layout-constrained\"><figure style=\"aspect-ratio:16\/9;width:100%;\" class=\"wp-block-post-featured-image\"><a href=\"https:\/\/centcols.org\/es\/guide-ccway-filtres\/\" target=\"_self\"  ><img loading=\"lazy\" decoding=\"async\" width=\"384\" height=\"209\" src=\"https:\/\/centcols.org\/wp-content\/uploads\/2016\/03\/filtres_cumul1.png\" class=\"attachment-post-thumbnail size-post-thumbnail wp-post-image\" alt=\"Gu\u00eda ccWay: filtros de dificultad\" style=\"width:100%;height:100%;object-fit:cover;\" \/><\/a><\/figure>\n\n<h3 style=\"font-size:1.2rem;\" class=\"wp-block-post-title\"><a href=\"https:\/\/centcols.org\/es\/guide-ccway-filtres\/\" target=\"_self\" >Gu\u00eda ccWay: filtros de dificultad<\/a><\/h3>\n\n<div class=\"wp-block-post-excerpt\"><p class=\"wp-block-post-excerpt__excerpt\">\u00a0Los filtros restringen los collares extra\u00eddos de las selecciones geogr\u00e1ficas....<\/p><p class=\"wp-block-post-excerpt__more-text\"><a class=\"wp-block-post-excerpt__more-link\" href=\"https:\/\/centcols.org\/es\/guide-ccway-filtres\/\">Leer m\u00e1s \u2192<\/a><\/p><\/div><\/div><\/div>\n\n<\/li><li class=\"wp-block-post post-81845 post type-post status-publish format-standard has-post-thumbnail hentry category-guide-ccway category-tutoriels\">\n\n<div class=\"wp-block-group carte-article\"><div class=\"wp-block-group__inner-container is-layout-constrained wp-block-group-is-layout-constrained\"><figure style=\"aspect-ratio:16\/9;width:100%;\" class=\"wp-block-post-featured-image\"><a href=\"https:\/\/centcols.org\/es\/guide-ccway-formats-de-sortie\/\" target=\"_self\"  ><img loading=\"lazy\" decoding=\"async\" width=\"800\" height=\"450\" src=\"https:\/\/centcols.org\/wp-content\/uploads\/2016\/03\/sortieccway5.jpg\" class=\"attachment-post-thumbnail size-post-thumbnail wp-post-image\" alt=\"Gu\u00eda ccWay: formatos de salida\" style=\"width:100%;height:100%;object-fit:cover;\" srcset=\"https:\/\/centcols.org\/wp-content\/uploads\/2016\/03\/sortieccway5.jpg 800w, https:\/\/centcols.org\/wp-content\/uploads\/2016\/03\/sortieccway5-768x432.jpg 768w\" sizes=\"auto, (max-width: 800px) 100vw, 800px\" \/><\/a><\/figure>\n\n<h3 style=\"font-size:1.2rem;\" class=\"wp-block-post-title\"><a href=\"https:\/\/centcols.org\/es\/guide-ccway-formats-de-sortie\/\" target=\"_self\" >Gu\u00eda ccWay: formatos de salida<\/a><\/h3>\n\n<div class=\"wp-block-post-excerpt\"><p class=\"wp-block-post-excerpt__excerpt\">Aqu\u00ed se especifica el tipo de archivo de geolocalizaci\u00f3n...<\/p><p class=\"wp-block-post-excerpt__more-text\"><a class=\"wp-block-post-excerpt__more-link\" href=\"https:\/\/centcols.org\/es\/guide-ccway-formats-de-sortie\/\">Leer m\u00e1s \u2192<\/a><\/p><\/div><\/div><\/div>\n\n<\/li><li class=\"wp-block-post post-81830 post type-post status-publish format-standard has-post-thumbnail hentry category-guide-ccway category-tutoriels\">\n\n<div class=\"wp-block-group carte-article\"><div class=\"wp-block-group__inner-container is-layout-constrained wp-block-group-is-layout-constrained\"><figure style=\"aspect-ratio:16\/9;width:100%;\" class=\"wp-block-post-featured-image\"><a href=\"https:\/\/centcols.org\/es\/guide-des-reglages-personnalises-ccway\/\" target=\"_self\"  ><img loading=\"lazy\" decoding=\"async\" width=\"400\" height=\"397\" src=\"https:\/\/centcols.org\/wp-content\/uploads\/2016\/03\/ccWayParmsSections1.jpg\" class=\"attachment-post-thumbnail size-post-thumbnail wp-post-image\" alt=\"Gu\u00eda de configuraci\u00f3n personalizada de ccWay\" style=\"width:100%;height:100%;object-fit:cover;\" srcset=\"https:\/\/centcols.org\/wp-content\/uploads\/2016\/03\/ccWayParmsSections1.jpg 400w, https:\/\/centcols.org\/wp-content\/uploads\/2016\/03\/ccWayParmsSections1-150x150.jpg 150w\" sizes=\"auto, (max-width: 400px) 100vw, 400px\" \/><\/a><\/figure>\n\n<h3 style=\"font-size:1.2rem;\" class=\"wp-block-post-title\"><a href=\"https:\/\/centcols.org\/es\/guide-des-reglages-personnalises-ccway\/\" target=\"_self\" >Gu\u00eda de configuraci\u00f3n personalizada de ccWay<\/a><\/h3>\n\n<div class=\"wp-block-post-excerpt\"><p class=\"wp-block-post-excerpt__excerpt\">La p\u00e1gina de configuraci\u00f3n de ccWay le permite guardar<\/p><p class=\"wp-block-post-excerpt__more-text\"><a class=\"wp-block-post-excerpt__more-link\" href=\"https:\/\/centcols.org\/es\/guide-des-reglages-personnalises-ccway\/\">Leer m\u00e1s \u2192<\/a><\/p><\/div><\/div><\/div>\n\n<\/li><li class=\"wp-block-post post-81838 post type-post status-publish format-standard has-post-thumbnail hentry category-guide-ccway category-tutoriels\">\n\n<div class=\"wp-block-group carte-article\"><div class=\"wp-block-group__inner-container is-layout-constrained wp-block-group-is-layout-constrained\"><figure style=\"aspect-ratio:16\/9;width:100%;\" class=\"wp-block-post-featured-image\"><a href=\"https:\/\/centcols.org\/es\/guide-des-reglages-ccway-liste-des-cols\/\" target=\"_self\"  ><img loading=\"lazy\" decoding=\"async\" width=\"445\" height=\"335\" src=\"https:\/\/centcols.org\/wp-content\/uploads\/2016\/03\/cols1.png\" class=\"attachment-post-thumbnail size-post-thumbnail wp-post-image\" alt=\"Gu\u00eda de configuraci\u00f3n de ccWay: lista de collares\" style=\"width:100%;height:100%;object-fit:cover;\" \/><\/a><\/figure>\n\n<h3 style=\"font-size:1.2rem;\" class=\"wp-block-post-title\"><a href=\"https:\/\/centcols.org\/es\/guide-des-reglages-ccway-liste-des-cols\/\" target=\"_self\" >Gu\u00eda de configuraci\u00f3n de ccWay: lista de collares<\/a><\/h3>\n\n<div class=\"wp-block-post-excerpt\"><p class=\"wp-block-post-excerpt__excerpt\">Lista de puertos ascendidos Esta secci\u00f3n de la p\u00e1gina de ascensiones...<\/p><p class=\"wp-block-post-excerpt__more-text\"><a class=\"wp-block-post-excerpt__more-link\" href=\"https:\/\/centcols.org\/es\/guide-des-reglages-ccway-liste-des-cols\/\">Leer m\u00e1s \u2192<\/a><\/p><\/div><\/div><\/div>\n\n<\/li><li class=\"wp-block-post post-81839 post type-post status-publish format-standard has-post-thumbnail hentry category-guide-ccway category-tutoriels\">\n\n<div class=\"wp-block-group carte-article\"><div class=\"wp-block-group__inner-container is-layout-constrained wp-block-group-is-layout-constrained\"><figure style=\"aspect-ratio:16\/9;width:100%;\" class=\"wp-block-post-featured-image\"><a href=\"https:\/\/centcols.org\/es\/guide-des-reglages-ccway-gpx\/\" target=\"_self\"  ><img loading=\"lazy\" decoding=\"async\" width=\"447\" height=\"453\" src=\"https:\/\/centcols.org\/wp-content\/uploads\/2016\/03\/gpx1.png\" class=\"attachment-post-thumbnail size-post-thumbnail wp-post-image\" alt=\"Gu\u00eda de configuraci\u00f3n de ccWay : GPX\" style=\"width:100%;height:100%;object-fit:cover;\" \/><\/a><\/figure>\n\n<h3 style=\"font-size:1.2rem;\" class=\"wp-block-post-title\"><a href=\"https:\/\/centcols.org\/es\/guide-des-reglages-ccway-gpx\/\" target=\"_self\" >Gu\u00eda de configuraci\u00f3n de ccWay : GPX<\/a><\/h3>\n\n<div class=\"wp-block-post-excerpt\"><p class=\"wp-block-post-excerpt__excerpt\">Opciones GPX Esta secci\u00f3n de la p\u00e1gina de configuraci\u00f3n le permite...<\/p><p class=\"wp-block-post-excerpt__more-text\"><a class=\"wp-block-post-excerpt__more-link\" href=\"https:\/\/centcols.org\/es\/guide-des-reglages-ccway-gpx\/\">Leer m\u00e1s \u2192<\/a><\/p><\/div><\/div><\/div>\n\n<\/li><li class=\"wp-block-post post-81840 post type-post status-publish format-standard has-post-thumbnail hentry category-guide-ccway category-tutoriels\">\n\n<div class=\"wp-block-group carte-article\"><div class=\"wp-block-group__inner-container is-layout-constrained wp-block-group-is-layout-constrained\"><figure style=\"aspect-ratio:16\/9;width:100%;\" class=\"wp-block-post-featured-image\"><a href=\"https:\/\/centcols.org\/es\/guide-des-reglages-ccway-kml\/\" target=\"_self\"  ><img loading=\"lazy\" decoding=\"async\" width=\"500\" height=\"130\" src=\"https:\/\/centcols.org\/wp-content\/uploads\/2016\/03\/sortie_kml_legende1.jpg\" class=\"attachment-post-thumbnail size-post-thumbnail wp-post-image\" alt=\"Gu\u00eda de configuraci\u00f3n de ccWay : KML\" style=\"width:100%;height:100%;object-fit:cover;\" \/><\/a><\/figure>\n\n<h3 style=\"font-size:1.2rem;\" class=\"wp-block-post-title\"><a href=\"https:\/\/centcols.org\/es\/guide-des-reglages-ccway-kml\/\" target=\"_self\" >Gu\u00eda de configuraci\u00f3n de ccWay : KML<\/a><\/h3>\n\n<div class=\"wp-block-post-excerpt\"><p class=\"wp-block-post-excerpt__excerpt\">Opciones del ML Esta secci\u00f3n de la p\u00e1gina de configuraci\u00f3n...<\/p><p class=\"wp-block-post-excerpt__more-text\"><a class=\"wp-block-post-excerpt__more-link\" href=\"https:\/\/centcols.org\/es\/guide-des-reglages-ccway-kml\/\">Leer m\u00e1s \u2192<\/a><\/p><\/div><\/div><\/div>\n\n<\/li><li class=\"wp-block-post post-81841 post type-post status-publish format-standard has-post-thumbnail hentry category-guide-ccway category-tutoriels\">\n\n<div class=\"wp-block-group carte-article\"><div class=\"wp-block-group__inner-container is-layout-constrained wp-block-group-is-layout-constrained\"><figure style=\"aspect-ratio:16\/9;width:100%;\" class=\"wp-block-post-featured-image\"><a href=\"https:\/\/centcols.org\/es\/guide-des-reglages-ccway-ce3\/\" target=\"_self\"  ><img loading=\"lazy\" decoding=\"async\" width=\"447\" height=\"539\" src=\"https:\/\/centcols.org\/wp-content\/uploads\/2016\/03\/carto1.png\" class=\"attachment-post-thumbnail size-post-thumbnail wp-post-image\" alt=\"Gu\u00eda de configuraci\u00f3n de ccWay: CE3\" style=\"width:100%;height:100%;object-fit:cover;\" \/><\/a><\/figure>\n\n<h3 style=\"font-size:1.2rem;\" class=\"wp-block-post-title\"><a href=\"https:\/\/centcols.org\/es\/guide-des-reglages-ccway-ce3\/\" target=\"_self\" >Gu\u00eda de configuraci\u00f3n de ccWay: CE3<\/a><\/h3>\n\n<div class=\"wp-block-post-excerpt\"><p class=\"wp-block-post-excerpt__excerpt\">Opciones de CartoExplorer Esta secci\u00f3n de la p\u00e1gina de configuraci\u00f3n...<\/p><p class=\"wp-block-post-excerpt__more-text\"><a class=\"wp-block-post-excerpt__more-link\" href=\"https:\/\/centcols.org\/es\/guide-des-reglages-ccway-ce3\/\">Leer m\u00e1s \u2192<\/a><\/p><\/div><\/div><\/div>\n\n<\/li><\/ul><\/div>\n\n\n\n<p><\/p>","protected":false},"excerpt":{"rendered":"<p>Gu\u00edas<\/p>","protected":false},"author":3,"featured_media":83171,"parent":0,"menu_order":0,"comment_status":"closed","ping_status":"closed","template":"","meta":{"_acf_changed":false,"footnotes":""},"class_list":["post-84208","page","type-page","status-publish","has-post-thumbnail","hentry"],"acf":[],"yoast_head":"<!-- This site is optimized with the Yoast SEO plugin v27.2 - https:\/\/yoast.com\/product\/yoast-seo-wordpress\/ -->\n<title>ccWay - Club des Cent Cols<\/title>\n<meta name=\"robots\" content=\"index, follow, max-snippet:-1, max-image-preview:large, max-video-preview:-1\" \/>\n<link rel=\"canonical\" href=\"https:\/\/centcols.org\/es\/ccway\/\" \/>\n<meta property=\"og:locale\" content=\"es_ES\" \/>\n<meta property=\"og:type\" content=\"article\" \/>\n<meta property=\"og:title\" content=\"ccWay - Club des Cent Cols\" \/>\n<meta property=\"og:description\" content=\"Guides\" \/>\n<meta property=\"og:url\" content=\"https:\/\/centcols.org\/es\/ccway\/\" \/>\n<meta property=\"og:site_name\" content=\"Club des Cent Cols\" \/>\n<meta property=\"article:publisher\" content=\"https:\/\/www.facebook.com\/groups\/5261880558\/?locale=fr_FR\" \/>\n<meta property=\"article:modified_time\" content=\"2025-08-09T13:06:22+00:00\" \/>\n<meta property=\"og:image\" content=\"https:\/\/centcols.org\/wp-content\/uploads\/2025\/06\/regledujeu2.jpg\" \/>\n\t<meta property=\"og:image:width\" content=\"1033\" \/>\n\t<meta property=\"og:image:height\" content=\"581\" \/>\n\t<meta property=\"og:image:type\" content=\"image\/jpeg\" \/>\n<meta name=\"twitter:card\" content=\"summary_large_image\" \/>\n<meta name=\"twitter:label1\" content=\"Tiempo de lectura\" \/>\n\t<meta name=\"twitter:data1\" content=\"1 minuto\" \/>\n<script type=\"application\/ld+json\" class=\"yoast-schema-graph\">{\"@context\":\"https:\/\/schema.org\",\"@graph\":[{\"@type\":\"WebPage\",\"@id\":\"https:\/\/centcols.org\/ccway\/\",\"url\":\"https:\/\/centcols.org\/ccway\/\",\"name\":\"ccWay - Club des Cent Cols\",\"isPartOf\":{\"@id\":\"https:\/\/centcols.org\/#website\"},\"primaryImageOfPage\":{\"@id\":\"https:\/\/centcols.org\/ccway\/#primaryimage\"},\"image\":{\"@id\":\"https:\/\/centcols.org\/ccway\/#primaryimage\"},\"thumbnailUrl\":\"https:\/\/centcols.org\/wp-content\/uploads\/2025\/06\/regledujeu2.jpg\",\"datePublished\":\"2025-06-25T21:07:56+00:00\",\"dateModified\":\"2025-08-09T13:06:22+00:00\",\"breadcrumb\":{\"@id\":\"https:\/\/centcols.org\/ccway\/#breadcrumb\"},\"inLanguage\":\"es\",\"potentialAction\":[{\"@type\":\"ReadAction\",\"target\":[\"https:\/\/centcols.org\/ccway\/\"]}]},{\"@type\":\"ImageObject\",\"inLanguage\":\"es\",\"@id\":\"https:\/\/centcols.org\/ccway\/#primaryimage\",\"url\":\"https:\/\/centcols.org\/wp-content\/uploads\/2025\/06\/regledujeu2.jpg\",\"contentUrl\":\"https:\/\/centcols.org\/wp-content\/uploads\/2025\/06\/regledujeu2.jpg\",\"width\":1033,\"height\":581},{\"@type\":\"BreadcrumbList\",\"@id\":\"https:\/\/centcols.org\/ccway\/#breadcrumb\",\"itemListElement\":[{\"@type\":\"ListItem\",\"position\":1,\"name\":\"Accueil\",\"item\":\"https:\/\/centcols.org\/\"},{\"@type\":\"ListItem\",\"position\":2,\"name\":\"ccWay\"}]},{\"@type\":\"WebSite\",\"@id\":\"https:\/\/centcols.org\/#website\",\"url\":\"https:\/\/centcols.org\/\",\"name\":\"Club des Cent Cols\",\"description\":\"\",\"publisher\":{\"@id\":\"https:\/\/centcols.org\/#organization\"},\"potentialAction\":[{\"@type\":\"SearchAction\",\"target\":{\"@type\":\"EntryPoint\",\"urlTemplate\":\"https:\/\/centcols.org\/?s={search_term_string}\"},\"query-input\":{\"@type\":\"PropertyValueSpecification\",\"valueRequired\":true,\"valueName\":\"search_term_string\"}}],\"inLanguage\":\"es\"},{\"@type\":\"Organization\",\"@id\":\"https:\/\/centcols.org\/#organization\",\"name\":\"Club des Cent Cols\",\"url\":\"https:\/\/centcols.org\/\",\"logo\":{\"@type\":\"ImageObject\",\"inLanguage\":\"es\",\"@id\":\"https:\/\/centcols.org\/#\/schema\/logo\/image\/\",\"url\":\"https:\/\/centcols.org\/wp-content\/uploads\/2025\/01\/carte-icone.png\",\"contentUrl\":\"https:\/\/centcols.org\/wp-content\/uploads\/2025\/01\/carte-icone.png\",\"width\":250,\"height\":250,\"caption\":\"Club des Cent Cols\"},\"image\":{\"@id\":\"https:\/\/centcols.org\/#\/schema\/logo\/image\/\"},\"sameAs\":[\"https:\/\/www.facebook.com\/groups\/5261880558\/?locale=fr_FR\"]}]}<\/script>\n<!-- \/ Yoast SEO plugin. -->","yoast_head_json":{"title":"ccWay - Club des Cent Cols","robots":{"index":"index","follow":"follow","max-snippet":"max-snippet:-1","max-image-preview":"max-image-preview:large","max-video-preview":"max-video-preview:-1"},"canonical":"https:\/\/centcols.org\/es\/ccway\/","og_locale":"es_ES","og_type":"article","og_title":"ccWay - Club des Cent Cols","og_description":"Guides","og_url":"https:\/\/centcols.org\/es\/ccway\/","og_site_name":"Club des Cent Cols","article_publisher":"https:\/\/www.facebook.com\/groups\/5261880558\/?locale=fr_FR","article_modified_time":"2025-08-09T13:06:22+00:00","og_image":[{"width":1033,"height":581,"url":"https:\/\/centcols.org\/wp-content\/uploads\/2025\/06\/regledujeu2.jpg","type":"image\/jpeg"}],"twitter_card":"summary_large_image","twitter_misc":{"Tiempo de lectura":"1 minuto"},"schema":{"@context":"https:\/\/schema.org","@graph":[{"@type":"WebPage","@id":"https:\/\/centcols.org\/ccway\/","url":"https:\/\/centcols.org\/ccway\/","name":"ccWay - Club des Cent Cols","isPartOf":{"@id":"https:\/\/centcols.org\/#website"},"primaryImageOfPage":{"@id":"https:\/\/centcols.org\/ccway\/#primaryimage"},"image":{"@id":"https:\/\/centcols.org\/ccway\/#primaryimage"},"thumbnailUrl":"https:\/\/centcols.org\/wp-content\/uploads\/2025\/06\/regledujeu2.jpg","datePublished":"2025-06-25T21:07:56+00:00","dateModified":"2025-08-09T13:06:22+00:00","breadcrumb":{"@id":"https:\/\/centcols.org\/ccway\/#breadcrumb"},"inLanguage":"es","potentialAction":[{"@type":"ReadAction","target":["https:\/\/centcols.org\/ccway\/"]}]},{"@type":"ImageObject","inLanguage":"es","@id":"https:\/\/centcols.org\/ccway\/#primaryimage","url":"https:\/\/centcols.org\/wp-content\/uploads\/2025\/06\/regledujeu2.jpg","contentUrl":"https:\/\/centcols.org\/wp-content\/uploads\/2025\/06\/regledujeu2.jpg","width":1033,"height":581},{"@type":"BreadcrumbList","@id":"https:\/\/centcols.org\/ccway\/#breadcrumb","itemListElement":[{"@type":"ListItem","position":1,"name":"Accueil","item":"https:\/\/centcols.org\/"},{"@type":"ListItem","position":2,"name":"ccWay"}]},{"@type":"WebSite","@id":"https:\/\/centcols.org\/#website","url":"https:\/\/centcols.org\/","name":"Club des Cent Cols","description":"","publisher":{"@id":"https:\/\/centcols.org\/#organization"},"potentialAction":[{"@type":"SearchAction","target":{"@type":"EntryPoint","urlTemplate":"https:\/\/centcols.org\/?s={search_term_string}"},"query-input":{"@type":"PropertyValueSpecification","valueRequired":true,"valueName":"search_term_string"}}],"inLanguage":"es"},{"@type":"Organization","@id":"https:\/\/centcols.org\/#organization","name":"Club des Cent Cols","url":"https:\/\/centcols.org\/","logo":{"@type":"ImageObject","inLanguage":"es","@id":"https:\/\/centcols.org\/#\/schema\/logo\/image\/","url":"https:\/\/centcols.org\/wp-content\/uploads\/2025\/01\/carte-icone.png","contentUrl":"https:\/\/centcols.org\/wp-content\/uploads\/2025\/01\/carte-icone.png","width":250,"height":250,"caption":"Club des Cent Cols"},"image":{"@id":"https:\/\/centcols.org\/#\/schema\/logo\/image\/"},"sameAs":["https:\/\/www.facebook.com\/groups\/5261880558\/?locale=fr_FR"]}]}},"_links":{"self":[{"href":"https:\/\/centcols.org\/es\/wp-json\/wp\/v2\/pages\/84208","targetHints":{"allow":["GET"]}}],"collection":[{"href":"https:\/\/centcols.org\/es\/wp-json\/wp\/v2\/pages"}],"about":[{"href":"https:\/\/centcols.org\/es\/wp-json\/wp\/v2\/types\/page"}],"author":[{"embeddable":true,"href":"https:\/\/centcols.org\/es\/wp-json\/wp\/v2\/users\/3"}],"replies":[{"embeddable":true,"href":"https:\/\/centcols.org\/es\/wp-json\/wp\/v2\/comments?post=84208"}],"version-history":[{"count":0,"href":"https:\/\/centcols.org\/es\/wp-json\/wp\/v2\/pages\/84208\/revisions"}],"wp:featuredmedia":[{"embeddable":true,"href":"https:\/\/centcols.org\/es\/wp-json\/wp\/v2\/media\/83171"}],"wp:attachment":[{"href":"https:\/\/centcols.org\/es\/wp-json\/wp\/v2\/media?parent=84208"}],"curies":[{"name":"wp","href":"https:\/\/api.w.org\/{rel}","templated":true}]}}