{"id":91011,"date":"2025-12-15T20:09:00","date_gmt":"2025-12-15T18:09:00","guid":{"rendered":"https:\/\/centcols.org\/?p=91011"},"modified":"2026-03-19T19:43:14","modified_gmt":"2026-03-19T17:43:14","slug":"especificaciones-de-ruta-de-los-miembros","status":"publish","type":"page","link":"https:\/\/centcols.org\/es\/cahier-des-charges-parcours-membres\/","title":{"rendered":"Cursos para socios aprobados por el club: especificaciones"},"content":{"rendered":"<p>Los cursos homologados del Club des Cent Cols se rigen por un estricto pliego de condiciones destinado a ofrecer una oferta coherente y representativa de los cursos impartidos por los miembros del Club.<\/p>\n\n\n\n<p>Cada ruta tiene un t\u00edtulo compuesto por :<\/p>\n\n\n\n<ul class=\"wp-block-list\">\n<li>El c\u00f3digo nacional de dos letras del pa\u00eds en el que est\u00e1 situado el curso<\/li>\n\n\n\n<li>El c\u00f3digo regional \/ departamental<\/li>\n\n\n\n<li>El nombre de la ruta, elegido por el autor<\/li>\n\n\n\n<li>Ejemplo de t\u00edtulo : FR-74 Col de l'Iseran \/ DE-BW Oppennau \/ IT-CN Boucle des Intersile<\/li>\n<\/ul>\n\n\n\n<p>En&nbsp;<strong><a href=\"https:\/\/centcols.org\/wp-content\/uploads\/2025\/11\/Fiche-pour-parcours-membre.odt\" target=\"_blank\" rel=\"noreferrer noopener\">informaci\u00f3n<\/a><\/strong>&nbsp;exigidos al autor del curso de candidato son :<\/p>\n\n\n\n<ul class=\"wp-block-list\">\n<li>Le&nbsp;<strong>nombre y apellidos<\/strong>&nbsp;el autor de la ruta (Sin seud\u00f3nimos)<\/li>\n\n\n\n<li>A&nbsp;<strong>descripci\u00f3n resumida<\/strong>&nbsp;que le anime a tomar este camino: dos o tres frases sobre el inter\u00e9s, el patrimonio encontrado, la belleza del lugar, etc.<\/li>\n\n\n\n<li>La&nbsp;<strong>lista de pases<\/strong>&nbsp;en la pista con el nombre y el c\u00f3digo de los pases con el enlace visugen<\/li>\n\n\n\n<li>La&nbsp;<strong>fecha<\/strong>&nbsp;en que se complet\u00f3 la ruta. Las condiciones de las carreteras y la lista de puertos pueden cambiar con el tiempo. Todas las rutas deben haber sido reconocidas.<\/li>\n\n\n\n<li>Le&nbsp;<strong>lugar de salida<\/strong>&nbsp;con una zona de aparcamiento de veh\u00edculos.&nbsp;<\/li>\n\n\n\n<li>Varios&nbsp;<strong>palabras clave<\/strong>&nbsp;(5 como m\u00e1ximo) para facilitar la localizaci\u00f3n del itinerario: el punto de partida y, por ejemplo, el nombre del puerto principal, el nombre de la cadena monta\u00f1osa.<\/li>\n\n\n\n<li>Informaci\u00f3n \u00fatil para quienes sigan la ruta:<br>Para circuitos de carretera, pendientes pronunciadas, tr\u00e1fico ambiental, etc.<br>Para las rutas en bicicleta de monta\u00f1a: sectores de empuje, longitud, dificultades probables, posibles peligros, etc.<\/li>\n<\/ul>\n\n\n\n<p><a href=\"https:\/\/centcols.org\/wp-content\/uploads\/2025\/11\/Fiche-pour-parcours-membre.odt\">Puede descargar una plantilla editable aqu\u00ed<\/a><\/p>\n\n\n\n<p>Todos los itinerarios etiquetados club-des-cent-cols se proponen a t\u00edtulo indicativo. Los autores y el Club des Cent Cols no asumen ninguna responsabilidad por los imponderables causados por el propio ciclista, el material utilizado, la meteorolog\u00eda o cualquier otra cosa relacionada con la carretera, los caminos, su entorno u otros usuarios.<\/p>\n\n\n\n<h2 class=\"wp-block-heading\">Los requisitos que deben cumplir las rutas<\/h2>\n\n\n\n<p>Los itinerarios no deben incluir el acceso a pasos prohibidos, atravesar propiedades privadas ni entrar en Parques Naturales o zonas no autorizadas en general.<\/p>\n\n\n\n<h3 class=\"wp-block-heading\">Las rutas por carretera deben<\/h3>\n\n\n\n<ul class=\"wp-block-list\">\n<li>Al menos 1 collar<\/li>\n\n\n\n<li>Permanezca en un radio de 100 km y a un m\u00e1ximo de 2500 m de D+ *.<strong>&nbsp;<\/strong><\/li>\n<\/ul>\n\n\n\n<h3 class=\"wp-block-heading\">Las huellas de mula deben<\/h3>\n\n\n\n<ul class=\"wp-block-list\">\n<li>Al menos 1 collar&nbsp;<\/li>\n\n\n\n<li>No hay sectores peligrosos o acrob\u00e1ticos&nbsp;<\/li>\n\n\n\n<li>Se\u00f1ale las zonas que pueden actuar como elemento disuasorio (huecos, puentes, v\u00e9rtigo...)<\/li>\n\n\n\n<li>Tolera sectores cortos, de f\u00e1cil empuje, conocidos cualitativamente por el autor<\/li>\n\n\n\n<li>Permanezca en un radio de 50 km y a un m\u00e1ximo de 1500 \/ 2000 m de D+ *.<\/li>\n<\/ul>\n\n\n\n<h3 class=\"wp-block-heading\">Las rutas de grava deben<\/h3>\n\n\n\n<ul class=\"wp-block-list\">\n<li>Al menos 1 collar&nbsp;<\/li>\n\n\n\n<li>Permanezca en un radio de 70\/80 km y a un m\u00e1ximo de 2000 m de D+ *.<\/li>\n\n\n\n<li>S\u00f3lo pasa un ciclo a 100% en los accesos R1 y S1.<\/li>\n\n\n\n<li>Tolerar algunos sectores cortos no ciclistas (R2\/S2 en el trayecto de vuelta, por ejemplo).<\/li>\n<\/ul>\n\n\n\n<p>* Una derogaci\u00f3n (a justificar) siempre es posible dado el inter\u00e9s del curso.<\/p>\n\n\n\n<h2 class=\"wp-block-heading\">Organizaci\u00f3n<\/h2>\n\n\n\n<p>Los miembros deben enviar sus itinerarios a la siguiente direcci\u00f3n:<\/p>\n\n\n\n<p><a href=\"javascript:;\" target=\"_blank\" rel=\"noreferrer noopener\"><strong>parcours-or@centcols.org<\/strong><\/a><\/p>\n\n\n\n<p>Un grupo de tres personas se encargar\u00e1 de examinar la admisibilidad de la ruta propuesta por el autor seg\u00fan los criterios establecidos. Se encargar\u00e1n de presentar las rutas en el sitio web del club, publicarlas en la cuenta del club en Openrunner y gestionarlas.<\/p>\n\n\n\n<p>Las rutas aparecer\u00e1n en el sitio web del club, en el men\u00fa \u00abSenderismo \/ Rutas para socios \/ Rutas aprobadas\u00bb, y cada ruta podr\u00e1 abrirse en OpenRunner haciendo clic directamente en su nombre.<\/p>\n\n\n\n<h2 class=\"wp-block-heading\">La cuenta del club en Openrunner<\/h2>\n\n\n\n<p>Para encontrar la recopilaci\u00f3n oficial de los cursos del club :&nbsp;<\/p>\n\n\n\n<ul class=\"wp-block-list\">\n<li>Ir a Openrunner =&gt;\u00a0<strong><a href=\"https:\/\/www.openrunner.com\/\" target=\"_blank\" rel=\"noreferrer noopener\">https:\/\/www.openrunner.com\/<\/a><\/strong><\/li>\n\n\n\n<li>Haga clic en \u201cbuscar una ruta\u201d<\/li>\n\n\n\n<li>Introduzca \u00abclub-des-cent-cols\u00bb en \u201cAutor\u201d.\u201d&nbsp;<\/li>\n\n\n\n<li>Tambi\u00e9n puede afinar su b\u00fasqueda a\u00f1adiendo las palabras clave que desee.<\/li>\n\n\n\n<li>Cada campo oficial del club es f\u00e1cilmente identificable por la presencia del logotipo del club.<\/li>\n<\/ul>","protected":false},"excerpt":{"rendered":"<p>Les parcours labellis\u00e9s du Club des Cent Cols sont r\u00e9gis par un cahier des charges strict pour obtenir un ensemble coh\u00e9rent et repr\u00e9sentatif de parcours des membres du Club. Chaque parcours a un titre compos\u00e9 de&nbsp;: Les&nbsp;informations&nbsp;demand\u00e9es \u00e0 l\u2019auteur du parcours candidat sont&nbsp;: Vous pouvez t\u00e9l\u00e9charger ici un mod\u00e8le de fiche modifiable Tous les itin\u00e9raires [&hellip;]<\/p>\n","protected":false},"author":5112,"featured_media":91023,"parent":0,"menu_order":0,"comment_status":"closed","ping_status":"closed","template":"","meta":{"_acf_changed":false,"footnotes":""},"class_list":["post-91011","page","type-page","status-publish","has-post-thumbnail","hentry"],"acf":[],"yoast_head":"<!-- This site is optimized with the Yoast SEO plugin v27.2 - https:\/\/yoast.com\/product\/yoast-seo-wordpress\/ -->\n<title>Les parcours des membres labellis\u00e9s par le club : le cahier des charges - Club des Cent Cols<\/title>\n<meta name=\"robots\" content=\"index, follow, max-snippet:-1, max-image-preview:large, max-video-preview:-1\" \/>\n<link rel=\"canonical\" href=\"https:\/\/centcols.org\/es\/especificaciones-de-ruta-de-los-miembros\/\" \/>\n<meta property=\"og:locale\" content=\"es_ES\" \/>\n<meta property=\"og:type\" content=\"article\" \/>\n<meta property=\"og:title\" content=\"Les parcours des membres labellis\u00e9s par le club : le cahier des charges - Club des Cent Cols\" \/>\n<meta property=\"og:description\" content=\"Les parcours labellis\u00e9s du Club des Cent Cols sont r\u00e9gis par un cahier des charges strict pour obtenir un ensemble coh\u00e9rent et repr\u00e9sentatif de parcours des membres du Club. Chaque parcours a un titre compos\u00e9 de&nbsp;: Les&nbsp;informations&nbsp;demand\u00e9es \u00e0 l\u2019auteur du parcours candidat sont&nbsp;: Vous pouvez t\u00e9l\u00e9charger ici un mod\u00e8le de fiche modifiable Tous les itin\u00e9raires [&hellip;]\" \/>\n<meta property=\"og:url\" content=\"https:\/\/centcols.org\/es\/especificaciones-de-ruta-de-los-miembros\/\" \/>\n<meta property=\"og:site_name\" content=\"Club des Cent Cols\" \/>\n<meta property=\"article:publisher\" content=\"https:\/\/www.facebook.com\/groups\/5261880558\/?locale=fr_FR\" \/>\n<meta property=\"article:modified_time\" content=\"2026-03-19T17:43:14+00:00\" \/>\n<meta property=\"og:image\" content=\"https:\/\/centcols.org\/wp-content\/uploads\/2025\/10\/parcours-membres.jpg\" \/>\n\t<meta property=\"og:image:width\" content=\"1353\" \/>\n\t<meta property=\"og:image:height\" content=\"761\" \/>\n\t<meta property=\"og:image:type\" content=\"image\/jpeg\" \/>\n<meta name=\"twitter:card\" content=\"summary_large_image\" \/>\n<meta name=\"twitter:label1\" content=\"Tiempo de lectura\" \/>\n\t<meta name=\"twitter:data1\" content=\"4 minutos\" \/>\n<script type=\"application\/ld+json\" class=\"yoast-schema-graph\">{\"@context\":\"https:\/\/schema.org\",\"@graph\":[{\"@type\":\"WebPage\",\"@id\":\"https:\/\/centcols.org\/de\/pflichtenheft-mitgliederparcours\/\",\"url\":\"https:\/\/centcols.org\/de\/pflichtenheft-mitgliederparcours\/\",\"name\":\"Les parcours des membres labellis\u00e9s par le club : le cahier des charges - Club des Cent Cols\",\"isPartOf\":{\"@id\":\"https:\/\/centcols.org\/#website\"},\"primaryImageOfPage\":{\"@id\":\"https:\/\/centcols.org\/de\/pflichtenheft-mitgliederparcours\/#primaryimage\"},\"image\":{\"@id\":\"https:\/\/centcols.org\/de\/pflichtenheft-mitgliederparcours\/#primaryimage\"},\"thumbnailUrl\":\"https:\/\/centcols.org\/wp-content\/uploads\/2025\/10\/parcours-membres.jpg\",\"datePublished\":\"2025-12-15T18:09:00+00:00\",\"dateModified\":\"2026-03-19T17:43:14+00:00\",\"breadcrumb\":{\"@id\":\"https:\/\/centcols.org\/de\/pflichtenheft-mitgliederparcours\/#breadcrumb\"},\"inLanguage\":\"es\",\"potentialAction\":[{\"@type\":\"ReadAction\",\"target\":[\"https:\/\/centcols.org\/de\/pflichtenheft-mitgliederparcours\/\"]}]},{\"@type\":\"ImageObject\",\"inLanguage\":\"es\",\"@id\":\"https:\/\/centcols.org\/de\/pflichtenheft-mitgliederparcours\/#primaryimage\",\"url\":\"https:\/\/centcols.org\/wp-content\/uploads\/2025\/10\/parcours-membres.jpg\",\"contentUrl\":\"https:\/\/centcols.org\/wp-content\/uploads\/2025\/10\/parcours-membres.jpg\",\"width\":1353,\"height\":761},{\"@type\":\"BreadcrumbList\",\"@id\":\"https:\/\/centcols.org\/de\/pflichtenheft-mitgliederparcours\/#breadcrumb\",\"itemListElement\":[{\"@type\":\"ListItem\",\"position\":1,\"name\":\"Accueil\",\"item\":\"https:\/\/centcols.org\/\"},{\"@type\":\"ListItem\",\"position\":2,\"name\":\"Les parcours des membres labellis\u00e9s par le club : le cahier des charges\"}]},{\"@type\":\"WebSite\",\"@id\":\"https:\/\/centcols.org\/#website\",\"url\":\"https:\/\/centcols.org\/\",\"name\":\"Club des Cent Cols\",\"description\":\"\",\"publisher\":{\"@id\":\"https:\/\/centcols.org\/#organization\"},\"potentialAction\":[{\"@type\":\"SearchAction\",\"target\":{\"@type\":\"EntryPoint\",\"urlTemplate\":\"https:\/\/centcols.org\/?s={search_term_string}\"},\"query-input\":{\"@type\":\"PropertyValueSpecification\",\"valueRequired\":true,\"valueName\":\"search_term_string\"}}],\"inLanguage\":\"es\"},{\"@type\":\"Organization\",\"@id\":\"https:\/\/centcols.org\/#organization\",\"name\":\"Club des Cent Cols\",\"url\":\"https:\/\/centcols.org\/\",\"logo\":{\"@type\":\"ImageObject\",\"inLanguage\":\"es\",\"@id\":\"https:\/\/centcols.org\/#\/schema\/logo\/image\/\",\"url\":\"https:\/\/centcols.org\/wp-content\/uploads\/2025\/01\/carte-icone.png\",\"contentUrl\":\"https:\/\/centcols.org\/wp-content\/uploads\/2025\/01\/carte-icone.png\",\"width\":250,\"height\":250,\"caption\":\"Club des Cent Cols\"},\"image\":{\"@id\":\"https:\/\/centcols.org\/#\/schema\/logo\/image\/\"},\"sameAs\":[\"https:\/\/www.facebook.com\/groups\/5261880558\/?locale=fr_FR\"]}]}<\/script>\n<!-- \/ Yoast SEO plugin. -->","yoast_head_json":{"title":"Rutas aprobadas por los miembros del Club: especificaciones - Club des Cent Cols","robots":{"index":"index","follow":"follow","max-snippet":"max-snippet:-1","max-image-preview":"max-image-preview:large","max-video-preview":"max-video-preview:-1"},"canonical":"https:\/\/centcols.org\/es\/especificaciones-de-ruta-de-los-miembros\/","og_locale":"es_ES","og_type":"article","og_title":"Les parcours des membres labellis\u00e9s par le club : le cahier des charges - Club des Cent Cols","og_description":"Les parcours labellis\u00e9s du Club des Cent Cols sont r\u00e9gis par un cahier des charges strict pour obtenir un ensemble coh\u00e9rent et repr\u00e9sentatif de parcours des membres du Club. Chaque parcours a un titre compos\u00e9 de&nbsp;: Les&nbsp;informations&nbsp;demand\u00e9es \u00e0 l\u2019auteur du parcours candidat sont&nbsp;: Vous pouvez t\u00e9l\u00e9charger ici un mod\u00e8le de fiche modifiable Tous les itin\u00e9raires [&hellip;]","og_url":"https:\/\/centcols.org\/es\/especificaciones-de-ruta-de-los-miembros\/","og_site_name":"Club des Cent Cols","article_publisher":"https:\/\/www.facebook.com\/groups\/5261880558\/?locale=fr_FR","article_modified_time":"2026-03-19T17:43:14+00:00","og_image":[{"width":1353,"height":761,"url":"https:\/\/centcols.org\/wp-content\/uploads\/2025\/10\/parcours-membres.jpg","type":"image\/jpeg"}],"twitter_card":"summary_large_image","twitter_misc":{"Tiempo de lectura":"4 minutos"},"schema":{"@context":"https:\/\/schema.org","@graph":[{"@type":"WebPage","@id":"https:\/\/centcols.org\/de\/pflichtenheft-mitgliederparcours\/","url":"https:\/\/centcols.org\/de\/pflichtenheft-mitgliederparcours\/","name":"Rutas aprobadas por los miembros del Club: especificaciones - Club des Cent Cols","isPartOf":{"@id":"https:\/\/centcols.org\/#website"},"primaryImageOfPage":{"@id":"https:\/\/centcols.org\/de\/pflichtenheft-mitgliederparcours\/#primaryimage"},"image":{"@id":"https:\/\/centcols.org\/de\/pflichtenheft-mitgliederparcours\/#primaryimage"},"thumbnailUrl":"https:\/\/centcols.org\/wp-content\/uploads\/2025\/10\/parcours-membres.jpg","datePublished":"2025-12-15T18:09:00+00:00","dateModified":"2026-03-19T17:43:14+00:00","breadcrumb":{"@id":"https:\/\/centcols.org\/de\/pflichtenheft-mitgliederparcours\/#breadcrumb"},"inLanguage":"es","potentialAction":[{"@type":"ReadAction","target":["https:\/\/centcols.org\/de\/pflichtenheft-mitgliederparcours\/"]}]},{"@type":"ImageObject","inLanguage":"es","@id":"https:\/\/centcols.org\/de\/pflichtenheft-mitgliederparcours\/#primaryimage","url":"https:\/\/centcols.org\/wp-content\/uploads\/2025\/10\/parcours-membres.jpg","contentUrl":"https:\/\/centcols.org\/wp-content\/uploads\/2025\/10\/parcours-membres.jpg","width":1353,"height":761},{"@type":"BreadcrumbList","@id":"https:\/\/centcols.org\/de\/pflichtenheft-mitgliederparcours\/#breadcrumb","itemListElement":[{"@type":"ListItem","position":1,"name":"Accueil","item":"https:\/\/centcols.org\/"},{"@type":"ListItem","position":2,"name":"Les parcours des membres labellis\u00e9s par le club : le cahier des charges"}]},{"@type":"WebSite","@id":"https:\/\/centcols.org\/#website","url":"https:\/\/centcols.org\/","name":"Club des Cent Cols","description":"","publisher":{"@id":"https:\/\/centcols.org\/#organization"},"potentialAction":[{"@type":"SearchAction","target":{"@type":"EntryPoint","urlTemplate":"https:\/\/centcols.org\/?s={search_term_string}"},"query-input":{"@type":"PropertyValueSpecification","valueRequired":true,"valueName":"search_term_string"}}],"inLanguage":"es"},{"@type":"Organization","@id":"https:\/\/centcols.org\/#organization","name":"Club des Cent Cols","url":"https:\/\/centcols.org\/","logo":{"@type":"ImageObject","inLanguage":"es","@id":"https:\/\/centcols.org\/#\/schema\/logo\/image\/","url":"https:\/\/centcols.org\/wp-content\/uploads\/2025\/01\/carte-icone.png","contentUrl":"https:\/\/centcols.org\/wp-content\/uploads\/2025\/01\/carte-icone.png","width":250,"height":250,"caption":"Club des Cent Cols"},"image":{"@id":"https:\/\/centcols.org\/#\/schema\/logo\/image\/"},"sameAs":["https:\/\/www.facebook.com\/groups\/5261880558\/?locale=fr_FR"]}]}},"_links":{"self":[{"href":"https:\/\/centcols.org\/es\/wp-json\/wp\/v2\/pages\/91011","targetHints":{"allow":["GET"]}}],"collection":[{"href":"https:\/\/centcols.org\/es\/wp-json\/wp\/v2\/pages"}],"about":[{"href":"https:\/\/centcols.org\/es\/wp-json\/wp\/v2\/types\/page"}],"author":[{"embeddable":true,"href":"https:\/\/centcols.org\/es\/wp-json\/wp\/v2\/users\/5112"}],"replies":[{"embeddable":true,"href":"https:\/\/centcols.org\/es\/wp-json\/wp\/v2\/comments?post=91011"}],"version-history":[{"count":0,"href":"https:\/\/centcols.org\/es\/wp-json\/wp\/v2\/pages\/91011\/revisions"}],"wp:featuredmedia":[{"embeddable":true,"href":"https:\/\/centcols.org\/es\/wp-json\/wp\/v2\/media\/91023"}],"wp:attachment":[{"href":"https:\/\/centcols.org\/es\/wp-json\/wp\/v2\/media?parent=91011"}],"curies":[{"name":"wp","href":"https:\/\/api.w.org\/{rel}","templated":true}]}}