{"id":24,"date":"2021-07-01T17:07:44","date_gmt":"2021-07-01T15:07:44","guid":{"rendered":"https:\/\/centcols.org\/?page_id=24"},"modified":"2022-02-10T17:26:18","modified_gmt":"2022-02-10T15:26:18","slug":"informazioni-legali","status":"publish","type":"page","link":"https:\/\/centcols.org\/it\/mentions-legales\/","title":{"rendered":"Informazioni legali"},"content":{"rendered":"<p>Si prega di leggere attentamente le presenti condizioni d'uso prima di utilizzare questo sito. Collegandovi a questo sito, accettate senza riserve questi termini e condizioni.<\/p>\n<h2>Creatore ed editore di siti web<\/h2>\n<p>Progettazione di siti web a Chamb\u00e9ry da parte dell'agenzia di comunicazione Nouvel Oeil<br \/>\n1, rue Claude Martin - 73000 Chamb\u00e9ry<br \/>\nTel: 04 79 68 94 48 - www.nouvel-oeil.com<\/p>\n<h2>Termini e condizioni d'uso<\/h2>\n<p>Il sito \u00e8 gestito in conformit\u00e0 alla legge francese. L'uso di questo sito \u00e8 regolato dai presenti termini e condizioni. Utilizzando il sito, l'utente dichiara di aver letto e accettato le presenti condizioni. Esse possono essere modificate in qualsiasi momento e senza preavviso dall'editore del sito.<br \/>\nIl proprietario del sito non pu\u00f2 essere ritenuto responsabile in alcun modo per l'uso improprio del servizio.<\/p>\n<h2>Limitazione di responsabilit\u00e0<\/h2>\n<p>Le informazioni contenute in questo sito sono il pi\u00f9 possibile accurate e il sito viene aggiornato periodicamente, ma possono contenere imprecisioni, omissioni o lacune. Se notate una lacuna, un errore o quello che sembra essere un malfunzionamento, vi preghiamo di segnalarlo via e-mail, descrivendo il problema nel modo pi\u00f9 preciso possibile (pagina che causa il problema, azione scatenante, tipo di computer e di browser utilizzato, ecc.)<\/p>\n<p>Qualsiasi contenuto scaricato \u00e8 fatto a rischio e pericolo dell'utente e sotto la sua esclusiva responsabilit\u00e0. Di conseguenza, il proprietario del sito non pu\u00f2 essere ritenuto responsabile di eventuali danni al computer dell'utente o di eventuali perdite di dati derivanti dal download.<\/p>\n<p>Le foto non sono contrattuali.<\/p>\n<p>I collegamenti ipertestuali creati nell'ambito di questo sito web che conducono ad altre risorse della rete Internet non comportano la responsabilit\u00e0 del proprietario del sito web.<\/p>\n<h2>Contenzioso<\/h2>\n<p>I presenti termini e condizioni sono disciplinati dalla legge francese e qualsiasi controversia o contenzioso derivante dall'interpretazione o dall'esecuzione dei presenti termini e condizioni sar\u00e0 soggetto alla giurisdizione esclusiva dei tribunali competenti per la sede legale del proprietario del sito web. La lingua di riferimento per la risoluzione di eventuali controversie sar\u00e0 il francese.<\/p>\n<h2>Diritto di accesso<\/h2>\n<p>In applicazione di questa legge, gli utenti di Internet hanno il diritto di accedere, rettificare, modificare e cancellare i dati che li riguardano personalmente. Questo diritto pu\u00f2 essere esercitato contattando l'amministratore del sito web: Contattare l'amministratore.<br \/>\nIn nessun caso i dati personali raccolti saranno trasmessi a terzi, se non per l'esecuzione del servizio ordinato dall'utente di Internet.<\/p>\n<h2>Riservatezza<\/h2>\n<p>I vostri dati personali sono riservati e non saranno in nessun caso trasmessi a terzi, se non per la fornitura del servizio.<\/p>\n<h2>Propriet\u00e0 intellettuale<\/h2>\n<p>Per tutte le richieste di autorizzazione o di informazioni, vi preghiamo di contattarci: contatti. Alla stampa si applicano condizioni specifiche.<\/p>\n<p>Alcune delle illustrazioni sono state acquisite su <a href=\"http:\/\/www.unsplash.fr\/\" target=\"_blank\" rel=\"noopener\">www.unsplash.fr<\/a> e\/o <a href=\"http:\/\/www.freepik.fr\/\" target=\"_blank\" rel=\"noopener\">www.freepik.fr<\/a><\/p>\n<h2>Collegamenti ipertestuali<\/h2>\n<p>Il sito web pu\u00f2 fornire collegamenti ad altri siti web o ad altre risorse disponibili su Internet.<\/p>\n<p>Il proprietario del sito web non ha la possibilit\u00e0 di controllare i siti collegati ai suoi siti web. Il proprietario del sito non \u00e8 responsabile della disponibilit\u00e0 di tali siti e fonti esterne, n\u00e9 li garantisce. Non pu\u00f2 essere ritenuto responsabile di eventuali danni di qualsiasi natura derivanti dal contenuto di tali siti o fonti esterne, in particolare dalle informazioni, dai prodotti o dai servizi che essi offrono, o dall'uso che pu\u00f2 essere fatto di tali elementi. I rischi legati a tale utilizzo sono totalmente a carico dell'utente di Internet, che deve rispettare le condizioni di utilizzo.<\/p>\n<h2>Biscotti<\/h2>\n<p>Questo sito utilizza i cookie, piccoli file di testo che vengono depositati sul vostro computer per aiutare il sito a fornire una migliore esperienza all'utente. In generale, i cookie vengono utilizzati per tenere traccia delle preferenze dell'utente, per memorizzare le informazioni relative ad esempio ai carrelli della spesa e per fornire dati di tracciamento anonimizzati ad applicazioni di terze parti come Google Analytics. In generale, i cookie migliorano l'esperienza di navigazione dell'utente. Tuttavia, \u00e8 possibile che l'utente preferisca disabilitare i cookie su questo e altri siti. Il modo pi\u00f9 efficace \u00e8 quello di disabilitare i cookie nel browser. Vi consigliamo di consultare la sezione Aiuto del vostro browser o di visitare il sito web About Cookies, che offre consigli per tutti i browser moderni.<\/p>","protected":false},"excerpt":{"rendered":"<p>Merci de lire attentivement les pr\u00e9sentes modalit\u00e9s d\u2019utilisation du pr\u00e9sent site avant de le parcourir. En vous connectant sur ce site, vous acceptez sans r\u00e9serve les pr\u00e9sentes modalit\u00e9s. Cr\u00e9ateur et \u00e9diteur du site internet Cr\u00e9ation du site internet \u00e0 Chamb\u00e9ry par l\u2019Agence de communication Nouvel Oeil 1, rue Claude Martin \u2013 73000 Chamb\u00e9ry T\u00e9l : [&hellip;]<\/p>\n","protected":false},"author":2,"featured_media":0,"parent":0,"menu_order":0,"comment_status":"closed","ping_status":"closed","template":"","meta":{"_acf_changed":false,"footnotes":""},"class_list":["post-24","page","type-page","status-publish","hentry"],"acf":[],"yoast_head":"<!-- This site is optimized with the Yoast SEO plugin v27.2 - https:\/\/yoast.com\/product\/yoast-seo-wordpress\/ -->\n<title>Mentions l\u00e9gales - Club des Cent Cols<\/title>\n<meta name=\"robots\" content=\"index, follow, max-snippet:-1, max-image-preview:large, max-video-preview:-1\" \/>\n<link rel=\"canonical\" href=\"https:\/\/centcols.org\/it\/informazioni-legali\/\" \/>\n<meta property=\"og:locale\" content=\"it_IT\" \/>\n<meta property=\"og:type\" content=\"article\" \/>\n<meta property=\"og:title\" content=\"Mentions l\u00e9gales - Club des Cent Cols\" \/>\n<meta property=\"og:description\" content=\"Merci de lire attentivement les pr\u00e9sentes modalit\u00e9s d\u2019utilisation du pr\u00e9sent site avant de le parcourir. En vous connectant sur ce site, vous acceptez sans r\u00e9serve les pr\u00e9sentes modalit\u00e9s. Cr\u00e9ateur et \u00e9diteur du site internet Cr\u00e9ation du site internet \u00e0 Chamb\u00e9ry par l\u2019Agence de communication Nouvel Oeil 1, rue Claude Martin \u2013 73000 Chamb\u00e9ry T\u00e9l : [&hellip;]\" \/>\n<meta property=\"og:url\" content=\"https:\/\/centcols.org\/it\/informazioni-legali\/\" \/>\n<meta property=\"og:site_name\" content=\"Club des Cent Cols\" \/>\n<meta property=\"article:publisher\" content=\"https:\/\/www.facebook.com\/groups\/5261880558\/?locale=fr_FR\" \/>\n<meta property=\"article:modified_time\" content=\"2022-02-10T15:26:18+00:00\" \/>\n<meta name=\"twitter:card\" content=\"summary_large_image\" \/>\n<meta name=\"twitter:label1\" content=\"Tempo di lettura stimato\" \/>\n\t<meta name=\"twitter:data1\" content=\"4 minuti\" \/>\n<script type=\"application\/ld+json\" class=\"yoast-schema-graph\">{\"@context\":\"https:\/\/schema.org\",\"@graph\":[{\"@type\":\"WebPage\",\"@id\":\"https:\/\/centcols.org\/mentions-legales\/\",\"url\":\"https:\/\/centcols.org\/mentions-legales\/\",\"name\":\"Mentions l\u00e9gales - Club des Cent Cols\",\"isPartOf\":{\"@id\":\"https:\/\/centcols.org\/#website\"},\"datePublished\":\"2021-07-01T15:07:44+00:00\",\"dateModified\":\"2022-02-10T15:26:18+00:00\",\"breadcrumb\":{\"@id\":\"https:\/\/centcols.org\/mentions-legales\/#breadcrumb\"},\"inLanguage\":\"it-IT\",\"potentialAction\":[{\"@type\":\"ReadAction\",\"target\":[\"https:\/\/centcols.org\/mentions-legales\/\"]}]},{\"@type\":\"BreadcrumbList\",\"@id\":\"https:\/\/centcols.org\/mentions-legales\/#breadcrumb\",\"itemListElement\":[{\"@type\":\"ListItem\",\"position\":1,\"name\":\"Accueil\",\"item\":\"https:\/\/centcols.org\/\"},{\"@type\":\"ListItem\",\"position\":2,\"name\":\"Mentions l\u00e9gales\"}]},{\"@type\":\"WebSite\",\"@id\":\"https:\/\/centcols.org\/#website\",\"url\":\"https:\/\/centcols.org\/\",\"name\":\"Club des Cent Cols\",\"description\":\"\",\"publisher\":{\"@id\":\"https:\/\/centcols.org\/#organization\"},\"potentialAction\":[{\"@type\":\"SearchAction\",\"target\":{\"@type\":\"EntryPoint\",\"urlTemplate\":\"https:\/\/centcols.org\/?s={search_term_string}\"},\"query-input\":{\"@type\":\"PropertyValueSpecification\",\"valueRequired\":true,\"valueName\":\"search_term_string\"}}],\"inLanguage\":\"it-IT\"},{\"@type\":\"Organization\",\"@id\":\"https:\/\/centcols.org\/#organization\",\"name\":\"Club des Cent Cols\",\"url\":\"https:\/\/centcols.org\/\",\"logo\":{\"@type\":\"ImageObject\",\"inLanguage\":\"it-IT\",\"@id\":\"https:\/\/centcols.org\/#\/schema\/logo\/image\/\",\"url\":\"https:\/\/centcols.org\/wp-content\/uploads\/2025\/01\/carte-icone.png\",\"contentUrl\":\"https:\/\/centcols.org\/wp-content\/uploads\/2025\/01\/carte-icone.png\",\"width\":250,\"height\":250,\"caption\":\"Club des Cent Cols\"},\"image\":{\"@id\":\"https:\/\/centcols.org\/#\/schema\/logo\/image\/\"},\"sameAs\":[\"https:\/\/www.facebook.com\/groups\/5261880558\/?locale=fr_FR\"]}]}<\/script>\n<!-- \/ Yoast SEO plugin. -->","yoast_head_json":{"title":"Informazioni legali - Club des Cent Cols","robots":{"index":"index","follow":"follow","max-snippet":"max-snippet:-1","max-image-preview":"max-image-preview:large","max-video-preview":"max-video-preview:-1"},"canonical":"https:\/\/centcols.org\/it\/informazioni-legali\/","og_locale":"it_IT","og_type":"article","og_title":"Mentions l\u00e9gales - Club des Cent Cols","og_description":"Merci de lire attentivement les pr\u00e9sentes modalit\u00e9s d\u2019utilisation du pr\u00e9sent site avant de le parcourir. En vous connectant sur ce site, vous acceptez sans r\u00e9serve les pr\u00e9sentes modalit\u00e9s. Cr\u00e9ateur et \u00e9diteur du site internet Cr\u00e9ation du site internet \u00e0 Chamb\u00e9ry par l\u2019Agence de communication Nouvel Oeil 1, rue Claude Martin \u2013 73000 Chamb\u00e9ry T\u00e9l : [&hellip;]","og_url":"https:\/\/centcols.org\/it\/informazioni-legali\/","og_site_name":"Club des Cent Cols","article_publisher":"https:\/\/www.facebook.com\/groups\/5261880558\/?locale=fr_FR","article_modified_time":"2022-02-10T15:26:18+00:00","twitter_card":"summary_large_image","twitter_misc":{"Tempo di lettura stimato":"4 minuti"},"schema":{"@context":"https:\/\/schema.org","@graph":[{"@type":"WebPage","@id":"https:\/\/centcols.org\/mentions-legales\/","url":"https:\/\/centcols.org\/mentions-legales\/","name":"Informazioni legali - Club des Cent Cols","isPartOf":{"@id":"https:\/\/centcols.org\/#website"},"datePublished":"2021-07-01T15:07:44+00:00","dateModified":"2022-02-10T15:26:18+00:00","breadcrumb":{"@id":"https:\/\/centcols.org\/mentions-legales\/#breadcrumb"},"inLanguage":"it-IT","potentialAction":[{"@type":"ReadAction","target":["https:\/\/centcols.org\/mentions-legales\/"]}]},{"@type":"BreadcrumbList","@id":"https:\/\/centcols.org\/mentions-legales\/#breadcrumb","itemListElement":[{"@type":"ListItem","position":1,"name":"Accueil","item":"https:\/\/centcols.org\/"},{"@type":"ListItem","position":2,"name":"Mentions l\u00e9gales"}]},{"@type":"WebSite","@id":"https:\/\/centcols.org\/#website","url":"https:\/\/centcols.org\/","name":"Club des Cent Cols","description":"","publisher":{"@id":"https:\/\/centcols.org\/#organization"},"potentialAction":[{"@type":"SearchAction","target":{"@type":"EntryPoint","urlTemplate":"https:\/\/centcols.org\/?s={search_term_string}"},"query-input":{"@type":"PropertyValueSpecification","valueRequired":true,"valueName":"search_term_string"}}],"inLanguage":"it-IT"},{"@type":"Organization","@id":"https:\/\/centcols.org\/#organization","name":"Club des Cent Cols","url":"https:\/\/centcols.org\/","logo":{"@type":"ImageObject","inLanguage":"it-IT","@id":"https:\/\/centcols.org\/#\/schema\/logo\/image\/","url":"https:\/\/centcols.org\/wp-content\/uploads\/2025\/01\/carte-icone.png","contentUrl":"https:\/\/centcols.org\/wp-content\/uploads\/2025\/01\/carte-icone.png","width":250,"height":250,"caption":"Club des Cent Cols"},"image":{"@id":"https:\/\/centcols.org\/#\/schema\/logo\/image\/"},"sameAs":["https:\/\/www.facebook.com\/groups\/5261880558\/?locale=fr_FR"]}]}},"_links":{"self":[{"href":"https:\/\/centcols.org\/it\/wp-json\/wp\/v2\/pages\/24","targetHints":{"allow":["GET"]}}],"collection":[{"href":"https:\/\/centcols.org\/it\/wp-json\/wp\/v2\/pages"}],"about":[{"href":"https:\/\/centcols.org\/it\/wp-json\/wp\/v2\/types\/page"}],"author":[{"embeddable":true,"href":"https:\/\/centcols.org\/it\/wp-json\/wp\/v2\/users\/2"}],"replies":[{"embeddable":true,"href":"https:\/\/centcols.org\/it\/wp-json\/wp\/v2\/comments?post=24"}],"version-history":[{"count":0,"href":"https:\/\/centcols.org\/it\/wp-json\/wp\/v2\/pages\/24\/revisions"}],"wp:attachment":[{"href":"https:\/\/centcols.org\/it\/wp-json\/wp\/v2\/media?parent=24"}],"curies":[{"name":"wp","href":"https:\/\/api.w.org\/{rel}","templated":true}]}}