{"id":26,"date":"2021-07-01T17:07:59","date_gmt":"2021-07-01T15:07:59","guid":{"rendered":"https:\/\/centcols.org\/?page_id=26"},"modified":"2023-07-03T16:25:09","modified_gmt":"2023-07-03T14:25:09","slug":"condizioni-generali-di-utilizzo","status":"publish","type":"page","link":"https:\/\/centcols.org\/it\/conditions-generales-utilisations\/","title":{"rendered":"Termini e condizioni d'uso"},"content":{"rendered":"<p>Lo scopo delle presenti \"condizioni generali di utilizzo\" \u00e8 quello di fornire un quadro giuridico per i termini e le condizioni in base ai quali i servizi del sito web sono resi disponibili e utilizzati dall'\"Utente\". Le condizioni generali di utilizzo devono essere accettate da qualsiasi Utente che desideri accedere al sito. Esse costituiscono il contratto tra il sito e l'Utente. L'accesso al sito da parte dell'Utente implica l'accettazione delle presenti condizioni generali di utilizzo. Ci riserviamo il diritto di modificare unilateralmente il contenuto delle presenti CGU in qualsiasi momento.<\/p>\n<h2>Definizioni<\/h2>\n<p>Lo scopo di questa clausola \u00e8 quello di definire i vari termini essenziali del contratto:<\/p>\n<ul>\n<li>Utente: questo termine si riferisce a qualsiasi persona che utilizza il sito o uno dei servizi offerti dal sito.<\/li>\n<li>Contenuto dell'utente: si tratta dei dati trasmessi dall'utente sul sito.<\/li>\n<li>Membro: gli utenti diventano membri quando vengono identificati sul sito.<\/li>\n<li>Email e password: sono tutte le informazioni necessarie per identificare un Utente sul sito. L'indirizzo e-mail e la password consentono all'Utente di accedere ai servizi riservati ai membri del sito. La password \u00e8 riservata.<\/li>\n<\/ul>\n<h2>Accesso ai servizi<\/h2>\n<p>Il sito \u00e8 accessibile gratuitamente da qualsiasi luogo a qualsiasi Utente con accesso a Internet. Tutti i costi sostenuti dall'Utente per accedere al servizio (hardware, software, connessione a Internet, ecc.) sono a carico dell'Utente. A seconda dei casi : Gli Utenti non soci non hanno accesso ai servizi riservati ai soci. A tal fine, devono identificarsi utilizzando il proprio indirizzo e-mail e la propria password. Il sito si adopera per garantire un accesso di qualit\u00e0 ai suoi servizi. Trattandosi di un obbligo di mezzi, il sito non si impegna a raggiungere questo risultato. Il proprietario del sito non potr\u00e0 essere ritenuto responsabile per eventi di forza maggiore che comportino un malfunzionamento della rete o del server. L'accesso ai servizi del sito pu\u00f2 essere interrotto, sospeso o modificato in qualsiasi momento e senza preavviso per manutenzione o per qualsiasi altro motivo. L'Utente si impegna a non richiedere alcun risarcimento a seguito dell'interruzione, sospensione o modifica del presente contratto. L'Utente pu\u00f2 contattare il gestore del sito qui: Contatto<\/p>\n<h2>Propriet\u00e0 intellettuale<\/h2>\n<p>I marchi, i loghi, i segni distintivi e qualsiasi altro contenuto del sito sono protetti dal Codice della Propriet\u00e0 Intellettuale francese e in particolare dal diritto d'autore. L'Utente richiede l'autorizzazione preventiva del sito per qualsiasi riproduzione, pubblicazione o copia dei vari contenuti. L'Utente si impegna a utilizzare i contenuti del sito in un contesto strettamente privato. L'uso dei contenuti a fini commerciali \u00e8 severamente vietato. Qualsiasi contenuto messo online dall'Utente \u00e8 di sua esclusiva responsabilit\u00e0. L'Utente si impegna a non mettere in rete contenuti che possano ledere gli interessi di terzi. Qualsiasi azione legale intrapresa da terzi contro il sito sar\u00e0 a carico dell'Utente. I contenuti dell'Utente possono essere cancellati o modificati dal sito in qualsiasi momento e per qualsiasi motivo. L'Utente non riceve alcuna giustificazione o notifica prima della cancellazione o della modifica dei contenuti dell'Utente.<\/p>\n<h2>Responsabilit\u00e0 e forza maggiore<\/h2>\n<p>Le fonti delle informazioni pubblicate sul sito sono ritenute affidabili. Tuttavia, il sito si riserva il diritto di non garantire l'affidabilit\u00e0 delle fonti. Le informazioni fornite sul sito hanno uno scopo puramente informativo. L'Utente si assume pertanto la responsabilit\u00e0 esclusiva dell'utilizzo delle informazioni e dei contenuti del sito. Gli utenti sono tenuti a mantenere segreta la propria password. Qualsiasi divulgazione della password, in qualsiasi forma, \u00e8 vietata. L'Utente si assume tutti i rischi associati all'uso del proprio indirizzo e-mail e della propria password. Il sito declina ogni responsabilit\u00e0. Qualsiasi utilizzo del servizio da parte dell'Utente che comporti direttamente o indirettamente un danno dovr\u00e0 essere risarcito dal sito. Il sito non pu\u00f2 garantire la sicurezza e la riservatezza dei dati trasmessi. Tuttavia, il sito si impegna a utilizzare tutti i mezzi necessari per garantire la sicurezza e la riservatezza dei dati al meglio delle sue possibilit\u00e0. Il sito non pu\u00f2 essere ritenuto responsabile in caso di forza maggiore o di atto imprevedibile e insormontabile di terzi.<\/p>\n<h2>Collegamenti ipertestuali<\/h2>\n<p>Sul sito sono presenti numerosi collegamenti ipertestuali in uscita, tuttavia le pagine web a cui tali collegamenti conducono non impegnano in alcun modo la responsabilit\u00e0 del proprietario del sito che non ha alcun controllo su tali collegamenti. L'Utente si astiene pertanto dal ritenere il sito responsabile del contenuto e delle risorse relative a questi collegamenti ipertestuali in uscita.<\/p>\n<h2>Evoluzione del contratto<\/h2>\n<p>Ci riserviamo il diritto di modificare in qualsiasi momento le clausole stipulate nel presente contratto. La durata del presente contratto \u00e8 indefinita. Il contratto entra in vigore nei confronti dell'Utente dal momento dell'utilizzo del servizio.<\/p>\n<h2>Legge applicabile e giurisdizione<\/h2>\n<p>Al presente contratto si applica il diritto francese. Nel caso in cui una controversia tra le parti non possa essere risolta in via amichevole, i tribunali avranno la competenza esclusiva.<\/p>","protected":false},"excerpt":{"rendered":"<p>Les pr\u00e9sentes \u00ab conditions g\u00e9n\u00e9rales d\u2019utilisation \u00bb ont pour objet l\u2019encadrement juridique des modalit\u00e9s de mise \u00e0 disposition des services du site internet et leur utilisation par \u00ab l\u2019Utilisateur \u00bb. Les conditions g\u00e9n\u00e9rales d\u2019utilisation doivent \u00eatre accept\u00e9es par tout Utilisateur souhaitant acc\u00e9der au site. Elles constituent le contrat entre le site et l\u2019Utilisateur. L\u2019acc\u00e8s au [&hellip;]<\/p>\n","protected":false},"author":2,"featured_media":0,"parent":0,"menu_order":0,"comment_status":"closed","ping_status":"closed","template":"","meta":{"_acf_changed":false,"footnotes":""},"class_list":["post-26","page","type-page","status-publish","hentry"],"acf":[],"yoast_head":"<!-- This site is optimized with the Yoast SEO plugin v27.2 - https:\/\/yoast.com\/product\/yoast-seo-wordpress\/ -->\n<title>Conditions g\u00e9n\u00e9rales d&#039;utilisation - Club des Cent Cols<\/title>\n<meta name=\"robots\" content=\"index, follow, max-snippet:-1, max-image-preview:large, max-video-preview:-1\" \/>\n<link rel=\"canonical\" href=\"https:\/\/centcols.org\/it\/condizioni-generali-di-utilizzo\/\" \/>\n<meta property=\"og:locale\" content=\"it_IT\" \/>\n<meta property=\"og:type\" content=\"article\" \/>\n<meta property=\"og:title\" content=\"Conditions g\u00e9n\u00e9rales d&#039;utilisation - Club des Cent Cols\" \/>\n<meta property=\"og:description\" content=\"Les pr\u00e9sentes \u00ab conditions g\u00e9n\u00e9rales d\u2019utilisation \u00bb ont pour objet l\u2019encadrement juridique des modalit\u00e9s de mise \u00e0 disposition des services du site internet et leur utilisation par \u00ab l\u2019Utilisateur \u00bb. Les conditions g\u00e9n\u00e9rales d\u2019utilisation doivent \u00eatre accept\u00e9es par tout Utilisateur souhaitant acc\u00e9der au site. Elles constituent le contrat entre le site et l\u2019Utilisateur. L\u2019acc\u00e8s au [&hellip;]\" \/>\n<meta property=\"og:url\" content=\"https:\/\/centcols.org\/it\/condizioni-generali-di-utilizzo\/\" \/>\n<meta property=\"og:site_name\" content=\"Club des Cent Cols\" \/>\n<meta property=\"article:publisher\" content=\"https:\/\/www.facebook.com\/groups\/5261880558\/?locale=fr_FR\" \/>\n<meta property=\"article:modified_time\" content=\"2023-07-03T14:25:09+00:00\" \/>\n<meta name=\"twitter:card\" content=\"summary_large_image\" \/>\n<meta name=\"twitter:label1\" content=\"Tempo di lettura stimato\" \/>\n\t<meta name=\"twitter:data1\" content=\"4 minuti\" \/>\n<script type=\"application\/ld+json\" class=\"yoast-schema-graph\">{\"@context\":\"https:\/\/schema.org\",\"@graph\":[{\"@type\":\"WebPage\",\"@id\":\"https:\/\/centcols.org\/conditions-generales-utilisations\/\",\"url\":\"https:\/\/centcols.org\/conditions-generales-utilisations\/\",\"name\":\"Conditions g\u00e9n\u00e9rales d'utilisation - Club des Cent Cols\",\"isPartOf\":{\"@id\":\"https:\/\/centcols.org\/#website\"},\"datePublished\":\"2021-07-01T15:07:59+00:00\",\"dateModified\":\"2023-07-03T14:25:09+00:00\",\"breadcrumb\":{\"@id\":\"https:\/\/centcols.org\/conditions-generales-utilisations\/#breadcrumb\"},\"inLanguage\":\"it-IT\",\"potentialAction\":[{\"@type\":\"ReadAction\",\"target\":[\"https:\/\/centcols.org\/conditions-generales-utilisations\/\"]}]},{\"@type\":\"BreadcrumbList\",\"@id\":\"https:\/\/centcols.org\/conditions-generales-utilisations\/#breadcrumb\",\"itemListElement\":[{\"@type\":\"ListItem\",\"position\":1,\"name\":\"Accueil\",\"item\":\"https:\/\/centcols.org\/\"},{\"@type\":\"ListItem\",\"position\":2,\"name\":\"Conditions g\u00e9n\u00e9rales d&rsquo;utilisation\"}]},{\"@type\":\"WebSite\",\"@id\":\"https:\/\/centcols.org\/#website\",\"url\":\"https:\/\/centcols.org\/\",\"name\":\"Club des Cent Cols\",\"description\":\"\",\"publisher\":{\"@id\":\"https:\/\/centcols.org\/#organization\"},\"potentialAction\":[{\"@type\":\"SearchAction\",\"target\":{\"@type\":\"EntryPoint\",\"urlTemplate\":\"https:\/\/centcols.org\/?s={search_term_string}\"},\"query-input\":{\"@type\":\"PropertyValueSpecification\",\"valueRequired\":true,\"valueName\":\"search_term_string\"}}],\"inLanguage\":\"it-IT\"},{\"@type\":\"Organization\",\"@id\":\"https:\/\/centcols.org\/#organization\",\"name\":\"Club des Cent Cols\",\"url\":\"https:\/\/centcols.org\/\",\"logo\":{\"@type\":\"ImageObject\",\"inLanguage\":\"it-IT\",\"@id\":\"https:\/\/centcols.org\/#\/schema\/logo\/image\/\",\"url\":\"https:\/\/centcols.org\/wp-content\/uploads\/2025\/01\/carte-icone.png\",\"contentUrl\":\"https:\/\/centcols.org\/wp-content\/uploads\/2025\/01\/carte-icone.png\",\"width\":250,\"height\":250,\"caption\":\"Club des Cent Cols\"},\"image\":{\"@id\":\"https:\/\/centcols.org\/#\/schema\/logo\/image\/\"},\"sameAs\":[\"https:\/\/www.facebook.com\/groups\/5261880558\/?locale=fr_FR\"]}]}<\/script>\n<!-- \/ Yoast SEO plugin. -->","yoast_head_json":{"title":"Termini e condizioni d'uso - Club des Cent Cols","robots":{"index":"index","follow":"follow","max-snippet":"max-snippet:-1","max-image-preview":"max-image-preview:large","max-video-preview":"max-video-preview:-1"},"canonical":"https:\/\/centcols.org\/it\/condizioni-generali-di-utilizzo\/","og_locale":"it_IT","og_type":"article","og_title":"Conditions g\u00e9n\u00e9rales d'utilisation - Club des Cent Cols","og_description":"Les pr\u00e9sentes \u00ab conditions g\u00e9n\u00e9rales d\u2019utilisation \u00bb ont pour objet l\u2019encadrement juridique des modalit\u00e9s de mise \u00e0 disposition des services du site internet et leur utilisation par \u00ab l\u2019Utilisateur \u00bb. Les conditions g\u00e9n\u00e9rales d\u2019utilisation doivent \u00eatre accept\u00e9es par tout Utilisateur souhaitant acc\u00e9der au site. Elles constituent le contrat entre le site et l\u2019Utilisateur. L\u2019acc\u00e8s au [&hellip;]","og_url":"https:\/\/centcols.org\/it\/condizioni-generali-di-utilizzo\/","og_site_name":"Club des Cent Cols","article_publisher":"https:\/\/www.facebook.com\/groups\/5261880558\/?locale=fr_FR","article_modified_time":"2023-07-03T14:25:09+00:00","twitter_card":"summary_large_image","twitter_misc":{"Tempo di lettura stimato":"4 minuti"},"schema":{"@context":"https:\/\/schema.org","@graph":[{"@type":"WebPage","@id":"https:\/\/centcols.org\/conditions-generales-utilisations\/","url":"https:\/\/centcols.org\/conditions-generales-utilisations\/","name":"Termini e condizioni d'uso - Club des Cent Cols","isPartOf":{"@id":"https:\/\/centcols.org\/#website"},"datePublished":"2021-07-01T15:07:59+00:00","dateModified":"2023-07-03T14:25:09+00:00","breadcrumb":{"@id":"https:\/\/centcols.org\/conditions-generales-utilisations\/#breadcrumb"},"inLanguage":"it-IT","potentialAction":[{"@type":"ReadAction","target":["https:\/\/centcols.org\/conditions-generales-utilisations\/"]}]},{"@type":"BreadcrumbList","@id":"https:\/\/centcols.org\/conditions-generales-utilisations\/#breadcrumb","itemListElement":[{"@type":"ListItem","position":1,"name":"Accueil","item":"https:\/\/centcols.org\/"},{"@type":"ListItem","position":2,"name":"Conditions g\u00e9n\u00e9rales d&rsquo;utilisation"}]},{"@type":"WebSite","@id":"https:\/\/centcols.org\/#website","url":"https:\/\/centcols.org\/","name":"Club des Cent Cols","description":"","publisher":{"@id":"https:\/\/centcols.org\/#organization"},"potentialAction":[{"@type":"SearchAction","target":{"@type":"EntryPoint","urlTemplate":"https:\/\/centcols.org\/?s={search_term_string}"},"query-input":{"@type":"PropertyValueSpecification","valueRequired":true,"valueName":"search_term_string"}}],"inLanguage":"it-IT"},{"@type":"Organization","@id":"https:\/\/centcols.org\/#organization","name":"Club des Cent Cols","url":"https:\/\/centcols.org\/","logo":{"@type":"ImageObject","inLanguage":"it-IT","@id":"https:\/\/centcols.org\/#\/schema\/logo\/image\/","url":"https:\/\/centcols.org\/wp-content\/uploads\/2025\/01\/carte-icone.png","contentUrl":"https:\/\/centcols.org\/wp-content\/uploads\/2025\/01\/carte-icone.png","width":250,"height":250,"caption":"Club des Cent Cols"},"image":{"@id":"https:\/\/centcols.org\/#\/schema\/logo\/image\/"},"sameAs":["https:\/\/www.facebook.com\/groups\/5261880558\/?locale=fr_FR"]}]}},"_links":{"self":[{"href":"https:\/\/centcols.org\/it\/wp-json\/wp\/v2\/pages\/26","targetHints":{"allow":["GET"]}}],"collection":[{"href":"https:\/\/centcols.org\/it\/wp-json\/wp\/v2\/pages"}],"about":[{"href":"https:\/\/centcols.org\/it\/wp-json\/wp\/v2\/types\/page"}],"author":[{"embeddable":true,"href":"https:\/\/centcols.org\/it\/wp-json\/wp\/v2\/users\/2"}],"replies":[{"embeddable":true,"href":"https:\/\/centcols.org\/it\/wp-json\/wp\/v2\/comments?post=26"}],"version-history":[{"count":0,"href":"https:\/\/centcols.org\/it\/wp-json\/wp\/v2\/pages\/26\/revisions"}],"wp:attachment":[{"href":"https:\/\/centcols.org\/it\/wp-json\/wp\/v2\/media?parent=26"}],"curies":[{"name":"wp","href":"https:\/\/api.w.org\/{rel}","templated":true}]}}