{"id":29,"date":"2021-07-01T17:08:28","date_gmt":"2021-07-01T15:08:28","guid":{"rendered":"https:\/\/centcols.org\/?page_id=29"},"modified":"2024-07-08T08:39:44","modified_gmt":"2024-07-08T06:39:44","slug":"informativa-sulla-privacy","status":"publish","type":"page","link":"https:\/\/centcols.org\/it\/politique-confidentialite\/","title":{"rendered":"Informativa sulla privacy"},"content":{"rendered":"<h2>Utilizzo dei dati personali raccolti<\/h2>\n<h3>Commenti<\/h3>\n<p>Quando lasciate un commento sul nostro sito web, i dati inseriti nel modulo di commento, il vostro indirizzo IP e l'user agent del vostro browser vengono raccolti per aiutarci a individuare i commenti indesiderati.<\/p>\n<p>Una stringa anonima creata a partire dal vostro indirizzo e-mail (nota anche come hash) pu\u00f2 essere inviata al servizio Gravatar per verificare se lo state utilizzando. Le clausole di riservatezza del servizio Gravatar sono disponibili qui: https:\/\/automattic.com\/privacy\/. Una volta che il commento \u00e8 stato convalidato, la foto del profilo sar\u00e0 visibile pubblicamente accanto al commento.<\/p>\n<h3>Media<\/h3>\n<p>Se siete un utente registrato e caricate immagini sul sito web, vi consigliamo di evitare di caricare immagini contenenti dati EXIF di coordinate GPS. I visitatori del vostro sito web possono scaricare ed estrarre i dati di localizzazione da queste immagini.<\/p>\n<h3>Moduli di contatto<\/h3>\n<h3>Biscotti<\/h3>\n<p>Se lasciate un commento sul nostro sito, vi verr\u00e0 chiesto di salvare il vostro nome, indirizzo e-mail e sito web nei cookie. Questo per pura comodit\u00e0 dell'utente, in modo che non debba inserire queste informazioni se lascia un altro commento in un secondo momento. Questi cookie scadono dopo un anno.<\/p>\n<p>Se si accede alla pagina di login, viene creato un cookie temporaneo per determinare se il browser accetta i cookie. Non contiene dati personali e verr\u00e0 cancellato automaticamente alla chiusura del browser.<br \/>\nQuando si accede, vengono impostati alcuni cookie per registrare le informazioni di accesso e le preferenze dello schermo. La durata di un cookie di connessione \u00e8 di due giorni, quella di un cookie di opzione dello schermo \u00e8 di un anno. Se si seleziona \"Ricordami\", il cookie di connessione viene conservato per due settimane. Se si esce dal proprio account, il cookie di accesso viene cancellato.<\/p>\n<p>Modificando o pubblicando una pubblicazione, un ulteriore cookie verr\u00e0 memorizzato nel vostro browser. Questo cookie non contiene dati personali. Indica semplicemente l'ID della pubblicazione appena modificata. Scade dopo un giorno.<\/p>\n<h3>Contenuti incorporati da altri siti<\/h3>\n<p>Gli articoli di questo sito possono includere contenuti incorporati (ad esempio video, immagini, articoli, ecc.). I contenuti incorporati provenienti da altri siti si comportano come se il visitatore stesse visitando l'altro sito.<br \/>\nQuesti siti web possono raccogliere dati sull'utente, utilizzare cookie, incorporare strumenti di tracciamento di terze parti e tracciare le interazioni dell'utente con questi contenuti incorporati se l'utente ha un account collegato al loro sito web.<\/p>\n<h3>Statistiche e misurazione dell'audience<\/h3>\n<h2>Utilizzo e trasmissione dei dati personali<\/h2>\n<h2>Periodi di conservazione dei dati<\/h2>\n<p>Se si lascia un commento, il commento e i suoi metadati vengono conservati a tempo indeterminato. Ci\u00f2 consente di riconoscere e approvare automaticamente i commenti successivi, invece di lasciarli nella coda di moderazione.<\/p>\n<p>Per gli utenti che si registrano sul nostro sito (ove possibile), memorizziamo anche i dati personali indicati nel loro profilo. Tutti gli utenti possono visualizzare, modificare o cancellare i propri dati personali in qualsiasi momento (ad eccezione del nome utente). Anche i gestori del sito possono visualizzare e modificare tali informazioni.<\/p>\n<h2>I diritti che avete sui vostri dati<\/h2>\n<p>Se avete un account o se avete lasciato commenti sul sito, potete richiedere di ricevere un file contenente tutti i dati personali in nostro possesso, compresi quelli che ci avete fornito. Potete anche richiedere la cancellazione dei vostri dati personali. Sono esclusi i dati memorizzati per scopi amministrativi, legali o di sicurezza.<\/p>\n<h2>Trasmissione dei dati personali<\/h2>\n<p>I commenti dei visitatori possono essere controllati con un servizio automatico per individuare i commenti indesiderati.<\/p>","protected":false},"excerpt":{"rendered":"<p>Utilisation des donn\u00e9es personnelles collect\u00e9es Commentaires Quand vous laissez un commentaire sur notre site web, les donn\u00e9es inscrites dans le formulaire de commentaire, mais aussi votre adresse IP et l\u2019agent utilisateur de votre navigateur sont collect\u00e9s pour nous aider \u00e0 la d\u00e9tection des commentaires ind\u00e9sirables. Une cha\u00eene anonymis\u00e9e cr\u00e9\u00e9e \u00e0 partir de votre adresse de [&hellip;]<\/p>\n","protected":false},"author":2,"featured_media":0,"parent":0,"menu_order":0,"comment_status":"closed","ping_status":"closed","template":"","meta":{"_acf_changed":false,"footnotes":""},"class_list":["post-29","page","type-page","status-publish","hentry"],"acf":[],"yoast_head":"<!-- This site is optimized with the Yoast SEO plugin v27.2 - https:\/\/yoast.com\/product\/yoast-seo-wordpress\/ -->\n<title>Politique de confidentialit\u00e9 - Club des Cent Cols<\/title>\n<meta name=\"robots\" content=\"index, follow, max-snippet:-1, max-image-preview:large, max-video-preview:-1\" \/>\n<link rel=\"canonical\" href=\"https:\/\/centcols.org\/it\/informativa-sulla-privacy\/\" \/>\n<meta property=\"og:locale\" content=\"it_IT\" \/>\n<meta property=\"og:type\" content=\"article\" \/>\n<meta property=\"og:title\" content=\"Politique de confidentialit\u00e9 - Club des Cent Cols\" \/>\n<meta property=\"og:description\" content=\"Utilisation des donn\u00e9es personnelles collect\u00e9es Commentaires Quand vous laissez un commentaire sur notre site web, les donn\u00e9es inscrites dans le formulaire de commentaire, mais aussi votre adresse IP et l\u2019agent utilisateur de votre navigateur sont collect\u00e9s pour nous aider \u00e0 la d\u00e9tection des commentaires ind\u00e9sirables. Une cha\u00eene anonymis\u00e9e cr\u00e9\u00e9e \u00e0 partir de votre adresse de [&hellip;]\" \/>\n<meta property=\"og:url\" content=\"https:\/\/centcols.org\/it\/informativa-sulla-privacy\/\" \/>\n<meta property=\"og:site_name\" content=\"Club des Cent Cols\" \/>\n<meta property=\"article:publisher\" content=\"https:\/\/www.facebook.com\/groups\/5261880558\/?locale=fr_FR\" \/>\n<meta property=\"article:modified_time\" content=\"2024-07-08T06:39:44+00:00\" \/>\n<meta name=\"twitter:card\" content=\"summary_large_image\" \/>\n<meta name=\"twitter:label1\" content=\"Tempo di lettura stimato\" \/>\n\t<meta name=\"twitter:data1\" content=\"4 minuti\" \/>\n<script type=\"application\/ld+json\" class=\"yoast-schema-graph\">{\"@context\":\"https:\/\/schema.org\",\"@graph\":[{\"@type\":\"WebPage\",\"@id\":\"https:\/\/centcols.org\/politique-confidentialite\/\",\"url\":\"https:\/\/centcols.org\/politique-confidentialite\/\",\"name\":\"Politique de confidentialit\u00e9 - Club des Cent Cols\",\"isPartOf\":{\"@id\":\"https:\/\/centcols.org\/#website\"},\"datePublished\":\"2021-07-01T15:08:28+00:00\",\"dateModified\":\"2024-07-08T06:39:44+00:00\",\"breadcrumb\":{\"@id\":\"https:\/\/centcols.org\/politique-confidentialite\/#breadcrumb\"},\"inLanguage\":\"it-IT\",\"potentialAction\":[{\"@type\":\"ReadAction\",\"target\":[\"https:\/\/centcols.org\/politique-confidentialite\/\"]}]},{\"@type\":\"BreadcrumbList\",\"@id\":\"https:\/\/centcols.org\/politique-confidentialite\/#breadcrumb\",\"itemListElement\":[{\"@type\":\"ListItem\",\"position\":1,\"name\":\"Accueil\",\"item\":\"https:\/\/centcols.org\/\"},{\"@type\":\"ListItem\",\"position\":2,\"name\":\"Politique de confidentialit\u00e9\"}]},{\"@type\":\"WebSite\",\"@id\":\"https:\/\/centcols.org\/#website\",\"url\":\"https:\/\/centcols.org\/\",\"name\":\"Club des Cent Cols\",\"description\":\"\",\"publisher\":{\"@id\":\"https:\/\/centcols.org\/#organization\"},\"potentialAction\":[{\"@type\":\"SearchAction\",\"target\":{\"@type\":\"EntryPoint\",\"urlTemplate\":\"https:\/\/centcols.org\/?s={search_term_string}\"},\"query-input\":{\"@type\":\"PropertyValueSpecification\",\"valueRequired\":true,\"valueName\":\"search_term_string\"}}],\"inLanguage\":\"it-IT\"},{\"@type\":\"Organization\",\"@id\":\"https:\/\/centcols.org\/#organization\",\"name\":\"Club des Cent Cols\",\"url\":\"https:\/\/centcols.org\/\",\"logo\":{\"@type\":\"ImageObject\",\"inLanguage\":\"it-IT\",\"@id\":\"https:\/\/centcols.org\/#\/schema\/logo\/image\/\",\"url\":\"https:\/\/centcols.org\/wp-content\/uploads\/2025\/01\/carte-icone.png\",\"contentUrl\":\"https:\/\/centcols.org\/wp-content\/uploads\/2025\/01\/carte-icone.png\",\"width\":250,\"height\":250,\"caption\":\"Club des Cent Cols\"},\"image\":{\"@id\":\"https:\/\/centcols.org\/#\/schema\/logo\/image\/\"},\"sameAs\":[\"https:\/\/www.facebook.com\/groups\/5261880558\/?locale=fr_FR\"]}]}<\/script>\n<!-- \/ Yoast SEO plugin. -->","yoast_head_json":{"title":"Informativa sulla privacy - Club des Cent Cols","robots":{"index":"index","follow":"follow","max-snippet":"max-snippet:-1","max-image-preview":"max-image-preview:large","max-video-preview":"max-video-preview:-1"},"canonical":"https:\/\/centcols.org\/it\/informativa-sulla-privacy\/","og_locale":"it_IT","og_type":"article","og_title":"Politique de confidentialit\u00e9 - Club des Cent Cols","og_description":"Utilisation des donn\u00e9es personnelles collect\u00e9es Commentaires Quand vous laissez un commentaire sur notre site web, les donn\u00e9es inscrites dans le formulaire de commentaire, mais aussi votre adresse IP et l\u2019agent utilisateur de votre navigateur sont collect\u00e9s pour nous aider \u00e0 la d\u00e9tection des commentaires ind\u00e9sirables. Une cha\u00eene anonymis\u00e9e cr\u00e9\u00e9e \u00e0 partir de votre adresse de [&hellip;]","og_url":"https:\/\/centcols.org\/it\/informativa-sulla-privacy\/","og_site_name":"Club des Cent Cols","article_publisher":"https:\/\/www.facebook.com\/groups\/5261880558\/?locale=fr_FR","article_modified_time":"2024-07-08T06:39:44+00:00","twitter_card":"summary_large_image","twitter_misc":{"Tempo di lettura stimato":"4 minuti"},"schema":{"@context":"https:\/\/schema.org","@graph":[{"@type":"WebPage","@id":"https:\/\/centcols.org\/politique-confidentialite\/","url":"https:\/\/centcols.org\/politique-confidentialite\/","name":"Informativa sulla privacy - Club des Cent Cols","isPartOf":{"@id":"https:\/\/centcols.org\/#website"},"datePublished":"2021-07-01T15:08:28+00:00","dateModified":"2024-07-08T06:39:44+00:00","breadcrumb":{"@id":"https:\/\/centcols.org\/politique-confidentialite\/#breadcrumb"},"inLanguage":"it-IT","potentialAction":[{"@type":"ReadAction","target":["https:\/\/centcols.org\/politique-confidentialite\/"]}]},{"@type":"BreadcrumbList","@id":"https:\/\/centcols.org\/politique-confidentialite\/#breadcrumb","itemListElement":[{"@type":"ListItem","position":1,"name":"Accueil","item":"https:\/\/centcols.org\/"},{"@type":"ListItem","position":2,"name":"Politique de confidentialit\u00e9"}]},{"@type":"WebSite","@id":"https:\/\/centcols.org\/#website","url":"https:\/\/centcols.org\/","name":"Club des Cent Cols","description":"","publisher":{"@id":"https:\/\/centcols.org\/#organization"},"potentialAction":[{"@type":"SearchAction","target":{"@type":"EntryPoint","urlTemplate":"https:\/\/centcols.org\/?s={search_term_string}"},"query-input":{"@type":"PropertyValueSpecification","valueRequired":true,"valueName":"search_term_string"}}],"inLanguage":"it-IT"},{"@type":"Organization","@id":"https:\/\/centcols.org\/#organization","name":"Club des Cent Cols","url":"https:\/\/centcols.org\/","logo":{"@type":"ImageObject","inLanguage":"it-IT","@id":"https:\/\/centcols.org\/#\/schema\/logo\/image\/","url":"https:\/\/centcols.org\/wp-content\/uploads\/2025\/01\/carte-icone.png","contentUrl":"https:\/\/centcols.org\/wp-content\/uploads\/2025\/01\/carte-icone.png","width":250,"height":250,"caption":"Club des Cent Cols"},"image":{"@id":"https:\/\/centcols.org\/#\/schema\/logo\/image\/"},"sameAs":["https:\/\/www.facebook.com\/groups\/5261880558\/?locale=fr_FR"]}]}},"_links":{"self":[{"href":"https:\/\/centcols.org\/it\/wp-json\/wp\/v2\/pages\/29","targetHints":{"allow":["GET"]}}],"collection":[{"href":"https:\/\/centcols.org\/it\/wp-json\/wp\/v2\/pages"}],"about":[{"href":"https:\/\/centcols.org\/it\/wp-json\/wp\/v2\/types\/page"}],"author":[{"embeddable":true,"href":"https:\/\/centcols.org\/it\/wp-json\/wp\/v2\/users\/2"}],"replies":[{"embeddable":true,"href":"https:\/\/centcols.org\/it\/wp-json\/wp\/v2\/comments?post=29"}],"version-history":[{"count":0,"href":"https:\/\/centcols.org\/it\/wp-json\/wp\/v2\/pages\/29\/revisions"}],"wp:attachment":[{"href":"https:\/\/centcols.org\/it\/wp-json\/wp\/v2\/media?parent=29"}],"curies":[{"name":"wp","href":"https:\/\/api.w.org\/{rel}","templated":true}]}}